{"id":115,"date":"2019-05-02T14:59:06","date_gmt":"2019-05-02T14:59:06","guid":{"rendered":"http:\/\/wordpress.ft.unicamp.br\/10anos\/?page_id=115"},"modified":"2020-04-07T16:05:29","modified_gmt":"2020-04-07T16:05:29","slug":"palestrantes","status":"publish","type":"page","link":"https:\/\/wordpress.ft.unicamp.br\/10anos\/palestrantes\/","title":{"rendered":"Palestrantes"},"content":{"rendered":"\n<p><\/p>\n\n\n\n<figure class=\"wp-block-image is-resized\"><img decoding=\"async\" src=\"https:\/\/wordpress.ft.unicamp.br\/10anos\/wp-content\/uploads\/sites\/54\/2019\/05\/Paulo.jpg\" alt=\"\" class=\"wp-image-150\" width=\"142\" height=\"174\"\/><figcaption>Paulo Ghiraldelli J\u00fanior<br><\/figcaption><\/figure>\n\n\n\n<p>T\u00edtulo: <strong>A forma\u00e7\u00e3o do aluno e o mercado de trabalho no contexto atual<\/strong><\/p>\n\n\n\n<p><strong>S\u00famula: <\/strong>Possui gradua\u00e7\u00e3o em Filosofia pela Universidade Presbiteriana Mackenzie (2009), gradua\u00e7\u00e3o em Educa\u00e7\u00e3o F\u00edsica pela Escola Superior de Educa\u00e7\u00e3o F\u00edsica de S\u00e3o Carlos (1978), mestrado em Filosofia pela Universidade de S\u00e3o Paulo (1995), mestrado em Educa\u00e7\u00e3o: Hist\u00f3ria, Pol\u00edtica, Sociedade pela Pontif\u00edcia Universidade Cat\u00f3lica de S\u00e3o Paulo (1987), doutorado em Filosofia pela Universidade de S\u00e3o Paulo (2001) e doutorado em Educa\u00e7\u00e3o: Hist\u00f3ria, Pol\u00edtica, Sociedade pela Pontif\u00edcia Universidade Cat\u00f3lica de S\u00e3o Paulo (1989). Conseguiu seu p\u00f3s-doutorado em Medicina Social (Estudos em Subjetividade), com estudos em subjetividade, na Universidade do Estado do Rio de Janeiro (UERJ). Aposentou-se pela Universidade Federal Rural do Rio de Janeiro (UFRRJ) e atualmente \u00e9 pesquisador do Centro de Estudos em Filosofia Americana (CEFA). Tem experi\u00eancia na \u00e1rea de Filosofia, atuando principalmente nos seguintes temas: hist\u00f3ria da filosofia, filosofia antiga, moderna e contempor\u00e2nea, filosofia e hist\u00f3ria da educa\u00e7\u00e3o, filosofia americana e pragmatismo, e em especial com autores como Plat\u00e3o, S\u00f3crates, Marx, Escola de Frankfurt, Nietzsche, Richard Rorty, Donald Davidson, Foucault, Peter Sloterdijk e Giorgio Agamben.<\/p>\n\n\n\n<hr class=\"wp-block-separator\"\/>\n\n\n\n<figure class=\"wp-block-image is-resized\"><img decoding=\"async\" src=\"https:\/\/wordpress.ft.unicamp.br\/10anos\/wp-content\/uploads\/sites\/54\/2019\/05\/eltiza.png\" alt=\"\" class=\"wp-image-116\" width=\"143\" height=\"158\" srcset=\"https:\/\/wordpress.ft.unicamp.br\/10anos\/wp-content\/uploads\/sites\/54\/2019\/05\/eltiza.png 410w, https:\/\/wordpress.ft.unicamp.br\/10anos\/wp-content\/uploads\/sites\/54\/2019\/05\/eltiza-272x300.png 272w\" sizes=\"(max-width: 143px) 100vw, 143px\" \/><figcaption>Eltiza Rondino Vasques<\/figcaption><\/figure>\n\n\n\n<p>T\u00edtulo: <strong>Panorama do Licenciamento ambiental e perspectivas futuras<\/strong><\/p>\n\n\n\n<p><strong>S\u00famula:<\/strong>  Doutora e Mestre na \u00e1rea ambiental, pela Universidade de S\u00e3o Paulo, p\u00f3s Graduada em Economia e Meio Ambiente pela UFPR (2015) e em Gest\u00e3o Ambiental pela FGV (2010). Possui gradua\u00e7\u00e3o em Engenharia Agron\u00f4mica (1995) e em Geografia (2000) pela USP. Tem 20 anos de experi\u00eancia na \u00e1rea ambiental, especialmente em estudos de impactos ambientais, projetos de recupera\u00e7\u00e3o ambiental e Planos de Recupera\u00e7\u00e3o de \u00c1reas Degradadas, com passagem por empresas de consultoria, \u00f3rg\u00e3os ambientais e empreendedora do setor el\u00e9trico. Atua, no momento, como s\u00f3cia diretora e consultora ambiental pela ER AMBIENTAL, auxilia na elabora\u00e7\u00e3o de quest\u00f5es de concursos e de obras did\u00e1ticas na \u00e1rea ambiental e na avalia\u00e7\u00e3o de peri\u00f3dicos submetidos \u00e0 publica\u00e7\u00e3o das Revistas Quaestio Iuris e Direito da Cidade e \u00e9 docente em cursos t\u00e9cnicos, de gradua\u00e7\u00e3o e p\u00f3s-gradua\u00e7\u00e3o.&nbsp; <\/p>\n\n\n\n<p><strong>Resumo Palestra:<\/strong> A palestra apresentar\u00e1 os instrumentos legais inerentes ao licenciamento ambiental, nas tr\u00eas esferas do governo, como devem ser aplicados e quais as mudan\u00e7as previstas para ocorrerem ainda este ano, em \u00e2mbito federal.<\/p>\n\n\n\n<hr class=\"wp-block-separator\"\/>\n\n\n\n<figure class=\"wp-block-image is-resized\"><img decoding=\"async\" src=\"https:\/\/wordpress.ft.unicamp.br\/10anos\/wp-content\/uploads\/sites\/54\/2019\/05\/edvaldo-1-908x1024.png\" alt=\"\" class=\"wp-image-128\" width=\"148\" height=\"167\" srcset=\"https:\/\/wordpress.ft.unicamp.br\/10anos\/wp-content\/uploads\/sites\/54\/2019\/05\/edvaldo-1-908x1024.png 908w, https:\/\/wordpress.ft.unicamp.br\/10anos\/wp-content\/uploads\/sites\/54\/2019\/05\/edvaldo-1-266x300.png 266w, https:\/\/wordpress.ft.unicamp.br\/10anos\/wp-content\/uploads\/sites\/54\/2019\/05\/edvaldo-1-768x867.png 768w, https:\/\/wordpress.ft.unicamp.br\/10anos\/wp-content\/uploads\/sites\/54\/2019\/05\/edvaldo-1.png 1185w\" sizes=\"(max-width: 148px) 100vw, 148px\" \/><figcaption>Edvaldo Jo\u00e3o dos Santos<\/figcaption><\/figure>\n\n\n\n<p>T\u00edtulo: <strong>As Redes 5G e as profundas transforma\u00e7\u00f5es digitais proporcionadas por elas<\/strong><\/p>\n\n\n\n<p><strong>S\u00famula:<\/strong> Diretor de\nPesquisa, Desenvolvimento e Inova\u00e7\u00e3o da Ericsson e, como tal, lidera atividades\nvoltadas \u00e0s redes 5G, rob\u00f3tica em nuvem para manufatura avan\u00e7ada, Ve\u00edculos\naut\u00f4nomos, Redes program\u00e1veis e sistemas voltados \u00e1 digitaliza\u00e7\u00e3o dos neg\u00f3cios\ndos operadores de Telecomunica\u00e7\u00f5es. Curs Mestrado Cient\u00edfico em Ci\u00eancias da\nComputa\u00e7\u00e3o pela Universidade Federal de S\u00e3o Carlos, tem mestrado Cient\u00edfico em\nAdministra\u00e7\u00e3o Estrat\u00e9gica, um MBA em Administra\u00e7\u00e3o de Empresas e \u00e9 formado em\nEngenharia El\u00e9trica pela Escola de Engenharia de Lins.<\/p>\n\n\n\n<p><strong>Resumo Palestra: <\/strong>Palestra sobre a evolu\u00e7\u00e3o da Telecom, com foco nas vindouras redes 5G e nas transforma\u00e7\u00f5es tecnol\u00f3gicas por elas induzidas.<\/p>\n\n\n\n<hr class=\"wp-block-separator\"\/>\n\n\n\n<p><\/p>\n\n\n\n<figure class=\"wp-block-image is-resized\"><img loading=\"lazy\" decoding=\"async\" src=\"https:\/\/wordpress.ft.unicamp.br\/10anos\/wp-content\/uploads\/sites\/54\/2019\/05\/daniele.png\" alt=\"\" class=\"wp-image-118\" width=\"143\" height=\"144\" srcset=\"https:\/\/wordpress.ft.unicamp.br\/10anos\/wp-content\/uploads\/sites\/54\/2019\/05\/daniele.png 96w, https:\/\/wordpress.ft.unicamp.br\/10anos\/wp-content\/uploads\/sites\/54\/2019\/05\/daniele-73x73.png 73w\" sizes=\"(max-width: 143px) 100vw, 143px\" \/><figcaption>Daniele Cristina Uchoa Maia Rodrigues<\/figcaption><\/figure>\n\n\n\n<p>T\u00edtulo:\n<strong>Minera\u00e7\u00e3o de dados em redes complexas<\/strong><\/p>\n\n\n\n<p><strong>S\u00famula:<\/strong> Possui doutorado em Ci\u00eancia da Computa\u00e7\u00e3o pela UNICAMP (2017), mestrado em Engenharia de Software pela UNICAMP (2004) e gradua\u00e7\u00e3o em Engenharia de Computa\u00e7\u00e3o pela PUC-Campinas (2001). Atualmente \u00e9 diretora e docente da Faculdade de Engenharia de Computa\u00e7\u00e3o da Pontif\u00edcia Universidade Cat\u00f3lica de Campinas (PUC-Campinas), tendo trabalhado durante 10 anos com desenvolvimento de Software para telecomunica\u00e7\u00f5es no CPqD.<\/p>\n\n\n\n<hr class=\"wp-block-separator\"\/>\n\n\n\n<figure class=\"wp-block-image is-resized\"><img loading=\"lazy\" decoding=\"async\" src=\"https:\/\/wordpress.ft.unicamp.br\/10anos\/wp-content\/uploads\/sites\/54\/2019\/05\/jamil-882x1024.png\" alt=\"\" class=\"wp-image-131\" width=\"149\" height=\"173\" srcset=\"https:\/\/wordpress.ft.unicamp.br\/10anos\/wp-content\/uploads\/sites\/54\/2019\/05\/jamil-882x1024.png 882w, https:\/\/wordpress.ft.unicamp.br\/10anos\/wp-content\/uploads\/sites\/54\/2019\/05\/jamil-259x300.png 259w, https:\/\/wordpress.ft.unicamp.br\/10anos\/wp-content\/uploads\/sites\/54\/2019\/05\/jamil-768x891.png 768w, https:\/\/wordpress.ft.unicamp.br\/10anos\/wp-content\/uploads\/sites\/54\/2019\/05\/jamil.png 1103w\" sizes=\"(max-width: 149px) 100vw, 149px\" \/><figcaption> Jamil Megid Junior <\/figcaption><\/figure>\n\n\n\n<p>T\u00edtulo: <strong>Infraestrutura de transportes no Brasil<\/strong><\/p>\n\n\n\n<p> <strong>S\u00famula:<\/strong>  Secret\u00e1rio Nacional de Transportes Terrestres do Minist\u00e9rio da Infraestrutura.  Oficial-General de Divis\u00e3o da Reserva do Ex\u00e9rcito Brasileiro, natural de  Botucatu\/SP, graduado pelo curso de Engenharia da Academia Militar das Agulhas Negras, realizou o curso de Pol\u00edtica, Estrat\u00e9gia e Alta Administra\u00e7\u00e3o no United States Army War College (Carlisle-PA\/USA) e possui o doutorado em Ci\u00eancias Militares da Escola de Comando e Estado-Maior do Ex\u00e9rcito.<br> Exerceu as fun\u00e7\u00f5es de Vice-Chefe do Departamento de Engenharia e Constru\u00e7\u00e3o do EB (Bras\u00edlia\/DF), comandou o 2o Grupamento de Engenharia (Manuas\/AM) e o 2o Batalh\u00e3o Ferrovi\u00e1rio (Araguari\/MG) e foi Coordenador para Seguran\u00e7a dos Grandes Eventos de 2011 a 2015, no Minist\u00e9rio da Defesa. Integrou a Miss\u00e3o de Paz da ONU em Angola (Unavem II) e foi Adjunto do Adido do Ex\u00e9rcito em Washington\/USA. Nos 44 anos de servi\u00e7os prestados, realizou planejamento, coordena\u00e7\u00e3o, gest\u00e3o e controle e execu\u00e7\u00e3o de atividades nas \u00e1reas de engenharia de infraestrutura e meio ambiente, planejamento estrat\u00e9gico e gest\u00e3o de projetos, seguran\u00e7a e defesa, opera\u00e7\u00f5es militares, log\u00edstica, administra\u00e7\u00e3o p\u00fablica e patrim\u00f4nio e gerenciamento de riscos.Atualmente Secret\u00e1rio do Minist\u00e9rio de Infraestrutura Federal \u2013 Secretaria Nacional de Transporte Terrestre \u2013 SNTT.<\/p>\n\n\n\n<hr class=\"wp-block-separator\"\/>\n\n\n\n<figure class=\"wp-block-image is-resized\"><img loading=\"lazy\" decoding=\"async\" src=\"https:\/\/wordpress.ft.unicamp.br\/10anos\/wp-content\/uploads\/sites\/54\/2019\/05\/marcelo.jpg\" alt=\"\" class=\"wp-image-134\" width=\"151\" height=\"151\" srcset=\"https:\/\/wordpress.ft.unicamp.br\/10anos\/wp-content\/uploads\/sites\/54\/2019\/05\/marcelo.jpg 200w, https:\/\/wordpress.ft.unicamp.br\/10anos\/wp-content\/uploads\/sites\/54\/2019\/05\/marcelo-150x150.jpg 150w, https:\/\/wordpress.ft.unicamp.br\/10anos\/wp-content\/uploads\/sites\/54\/2019\/05\/marcelo-73x73.jpg 73w, https:\/\/wordpress.ft.unicamp.br\/10anos\/wp-content\/uploads\/sites\/54\/2019\/05\/marcelo-174x174.jpg 174w\" sizes=\"(max-width: 151px) 100vw, 151px\" \/><figcaption>Marcelo Petrelli <\/figcaption><\/figure>\n\n\n\n<p>T\u00edtulo: <strong>Ind\u00fastria 4.0 \u2013 Desafios e oportunidades.<\/strong><\/p>\n\n\n\n<p> <strong>S\u00famula:<\/strong>  Gestor de projetos na ADM desde 2000, empresa focada em profissionalizar a gest\u00e3o e gerar lucro com sustentabilidade. Gradua\u00e7\u00e3o em Administra\u00e7\u00e3o de Empresas, com MBA e Mestrado em Engenharia de Produ\u00e7\u00e3o e de Manufatura pela FCA-UNICAMP.<br>Coordenador Adjunto do Grupo de Jovens Empreendedores do CIESP Limeira. Membro do Comit\u00ea Gestor de Patrim\u00f4nio da ALICC e membro do Conselho Consultivo SESI\/SENAI de Limeira.<\/p>\n\n\n\n<hr class=\"wp-block-separator\"\/>\n\n\n\n<figure class=\"wp-block-image is-resized\"><img loading=\"lazy\" decoding=\"async\" src=\"https:\/\/wordpress.ft.unicamp.br\/10anos\/wp-content\/uploads\/sites\/54\/2019\/05\/david-1.png\" alt=\"\" class=\"wp-image-137\" width=\"163\" height=\"163\" srcset=\"https:\/\/wordpress.ft.unicamp.br\/10anos\/wp-content\/uploads\/sites\/54\/2019\/05\/david-1.png 100w, https:\/\/wordpress.ft.unicamp.br\/10anos\/wp-content\/uploads\/sites\/54\/2019\/05\/david-1-73x73.png 73w\" sizes=\"(max-width: 163px) 100vw, 163px\" \/><figcaption>David de Carvalho<\/figcaption><\/figure>\n\n\n\n<p>T\u00edtulo: <strong>Barragens de terra: projeto, constru\u00e7\u00e3o e controle.<\/strong><\/p>\n\n\n\n<p> <strong>S\u00famula:<\/strong>  Professor Livre Docente da UNICAMP e Pesquisador na \u00e1rea de Geotecnia das Faculdades de Engenharia Agr\u00edcola, Engenharia Civil e Arquitetura e Urbanismo e Geoci\u00eancias. Doutorado na Escola de Engenharia de S\u00e3o Carlos, USP. P\u00f3s-doutorado na Universidade de Laval, Quebec, Canad\u00e1. Autor de v\u00e1rios artigos publicados em peri\u00f3dicos nacionais e internacionais e eventos t\u00e9cnico-cient\u00edficos.<\/p>\n","protected":false},"excerpt":{"rendered":"<p>T\u00edtulo: A forma\u00e7\u00e3o do aluno e o mercado de trabalho no contexto atual S\u00famula: Possui gradua\u00e7\u00e3o em Filosofia pela Universidade Presbiteriana Mackenzie (2009), gradua\u00e7\u00e3o em Educa\u00e7\u00e3o F\u00edsica pela Escola Superior de Educa\u00e7\u00e3o F\u00edsica de S\u00e3o Carlos (1978), mestrado em Filosofia pela Universidade de S\u00e3o Paulo (1995), mestrado em Educa\u00e7\u00e3o: Hist\u00f3ria, Pol\u00edtica, Sociedade pela Pontif\u00edcia Universidade<a href=\"https:\/\/wordpress.ft.unicamp.br\/10anos\/palestrantes\/\">[&#8230;]<\/a><\/p>\n","protected":false},"author":1,"featured_media":0,"parent":0,"menu_order":0,"comment_status":"closed","ping_status":"closed","template":"","meta":{"footnotes":""},"class_list":["post-115","page","type-page","status-publish","hentry"],"yoast_head":"<!-- This site is optimized with the Yoast SEO plugin v27.5 - https:\/\/yoast.com\/product\/yoast-seo-wordpress\/ -->\n<title>Palestrantes - FT 10 anos<\/title>\n<meta name=\"robots\" content=\"index, follow, max-snippet:-1, max-image-preview:large, max-video-preview:-1\" \/>\n<link rel=\"canonical\" href=\"https:\/\/wordpress.ft.unicamp.br\/10anos\/palestrantes\/\" \/>\n<meta property=\"og:locale\" content=\"pt_BR\" \/>\n<meta property=\"og:type\" content=\"article\" \/>\n<meta property=\"og:title\" content=\"Palestrantes - FT 10 anos\" \/>\n<meta property=\"og:description\" content=\"T\u00edtulo: A forma\u00e7\u00e3o do aluno e o mercado de trabalho no contexto atual S\u00famula: Possui gradua\u00e7\u00e3o em Filosofia pela Universidade Presbiteriana Mackenzie (2009), gradua\u00e7\u00e3o em Educa\u00e7\u00e3o F\u00edsica pela Escola Superior de Educa\u00e7\u00e3o F\u00edsica de S\u00e3o Carlos (1978), mestrado em Filosofia pela Universidade de S\u00e3o Paulo (1995), mestrado em Educa\u00e7\u00e3o: Hist\u00f3ria, Pol\u00edtica, Sociedade pela Pontif\u00edcia Universidade[...]\" \/>\n<meta property=\"og:url\" content=\"https:\/\/wordpress.ft.unicamp.br\/10anos\/palestrantes\/\" \/>\n<meta property=\"og:site_name\" content=\"FT 10 anos\" \/>\n<meta property=\"article:modified_time\" content=\"2020-04-07T16:05:29+00:00\" \/>\n<meta property=\"og:image\" content=\"https:\/\/wordpress.ft.unicamp.br\/10anos\/wp-content\/uploads\/sites\/54\/2019\/05\/Paulo.jpg\" \/>\n<meta name=\"twitter:card\" content=\"summary_large_image\" \/>\n<meta name=\"twitter:label1\" content=\"Est. tempo de leitura\" \/>\n\t<meta name=\"twitter:data1\" content=\"5 minutos\" \/>\n<script type=\"application\/ld+json\" class=\"yoast-schema-graph\">{\"@context\":\"https:\\\/\\\/schema.org\",\"@graph\":[{\"@type\":\"WebPage\",\"@id\":\"https:\\\/\\\/wordpress.ft.unicamp.br\\\/10anos\\\/palestrantes\\\/\",\"url\":\"https:\\\/\\\/wordpress.ft.unicamp.br\\\/10anos\\\/palestrantes\\\/\",\"name\":\"Palestrantes - FT 10 anos\",\"isPartOf\":{\"@id\":\"https:\\\/\\\/wordpress.ft.unicamp.br\\\/10anos\\\/#website\"},\"primaryImageOfPage\":{\"@id\":\"https:\\\/\\\/wordpress.ft.unicamp.br\\\/10anos\\\/palestrantes\\\/#primaryimage\"},\"image\":{\"@id\":\"https:\\\/\\\/wordpress.ft.unicamp.br\\\/10anos\\\/palestrantes\\\/#primaryimage\"},\"thumbnailUrl\":\"https:\\\/\\\/wordpress.ft.unicamp.br\\\/10anos\\\/wp-content\\\/uploads\\\/sites\\\/54\\\/2019\\\/05\\\/Paulo.jpg\",\"datePublished\":\"2019-05-02T14:59:06+00:00\",\"dateModified\":\"2020-04-07T16:05:29+00:00\",\"breadcrumb\":{\"@id\":\"https:\\\/\\\/wordpress.ft.unicamp.br\\\/10anos\\\/palestrantes\\\/#breadcrumb\"},\"inLanguage\":\"pt-BR\",\"potentialAction\":[{\"@type\":\"ReadAction\",\"target\":[\"https:\\\/\\\/wordpress.ft.unicamp.br\\\/10anos\\\/palestrantes\\\/\"]}]},{\"@type\":\"ImageObject\",\"inLanguage\":\"pt-BR\",\"@id\":\"https:\\\/\\\/wordpress.ft.unicamp.br\\\/10anos\\\/palestrantes\\\/#primaryimage\",\"url\":\"https:\\\/\\\/wordpress.ft.unicamp.br\\\/10anos\\\/wp-content\\\/uploads\\\/sites\\\/54\\\/2019\\\/05\\\/Paulo.jpg\",\"contentUrl\":\"https:\\\/\\\/wordpress.ft.unicamp.br\\\/10anos\\\/wp-content\\\/uploads\\\/sites\\\/54\\\/2019\\\/05\\\/Paulo.jpg\"},{\"@type\":\"BreadcrumbList\",\"@id\":\"https:\\\/\\\/wordpress.ft.unicamp.br\\\/10anos\\\/palestrantes\\\/#breadcrumb\",\"itemListElement\":[{\"@type\":\"ListItem\",\"position\":1,\"name\":\"Home\",\"item\":\"https:\\\/\\\/wordpress.ft.unicamp.br\\\/10anos\\\/\"},{\"@type\":\"ListItem\",\"position\":2,\"name\":\"Palestrantes\"}]},{\"@type\":\"WebSite\",\"@id\":\"https:\\\/\\\/wordpress.ft.unicamp.br\\\/10anos\\\/#website\",\"url\":\"https:\\\/\\\/wordpress.ft.unicamp.br\\\/10anos\\\/\",\"name\":\"FT 10 anos\",\"description\":\"\",\"potentialAction\":[{\"@type\":\"SearchAction\",\"target\":{\"@type\":\"EntryPoint\",\"urlTemplate\":\"https:\\\/\\\/wordpress.ft.unicamp.br\\\/10anos\\\/?s={search_term_string}\"},\"query-input\":{\"@type\":\"PropertyValueSpecification\",\"valueRequired\":true,\"valueName\":\"search_term_string\"}}],\"inLanguage\":\"pt-BR\"}]}<\/script>\n<!-- \/ Yoast SEO plugin. -->","yoast_head_json":{"title":"Palestrantes - FT 10 anos","robots":{"index":"index","follow":"follow","max-snippet":"max-snippet:-1","max-image-preview":"max-image-preview:large","max-video-preview":"max-video-preview:-1"},"canonical":"https:\/\/wordpress.ft.unicamp.br\/10anos\/palestrantes\/","og_locale":"pt_BR","og_type":"article","og_title":"Palestrantes - FT 10 anos","og_description":"T\u00edtulo: A forma\u00e7\u00e3o do aluno e o mercado de trabalho no contexto atual S\u00famula: Possui gradua\u00e7\u00e3o em Filosofia pela Universidade Presbiteriana Mackenzie (2009), gradua\u00e7\u00e3o em Educa\u00e7\u00e3o F\u00edsica pela Escola Superior de Educa\u00e7\u00e3o F\u00edsica de S\u00e3o Carlos (1978), mestrado em Filosofia pela Universidade de S\u00e3o Paulo (1995), mestrado em Educa\u00e7\u00e3o: Hist\u00f3ria, Pol\u00edtica, Sociedade pela Pontif\u00edcia Universidade[...]","og_url":"https:\/\/wordpress.ft.unicamp.br\/10anos\/palestrantes\/","og_site_name":"FT 10 anos","article_modified_time":"2020-04-07T16:05:29+00:00","og_image":[{"url":"https:\/\/wordpress.ft.unicamp.br\/10anos\/wp-content\/uploads\/sites\/54\/2019\/05\/Paulo.jpg","type":"","width":"","height":""}],"twitter_card":"summary_large_image","twitter_misc":{"Est. tempo de leitura":"5 minutos"},"schema":{"@context":"https:\/\/schema.org","@graph":[{"@type":"WebPage","@id":"https:\/\/wordpress.ft.unicamp.br\/10anos\/palestrantes\/","url":"https:\/\/wordpress.ft.unicamp.br\/10anos\/palestrantes\/","name":"Palestrantes - FT 10 anos","isPartOf":{"@id":"https:\/\/wordpress.ft.unicamp.br\/10anos\/#website"},"primaryImageOfPage":{"@id":"https:\/\/wordpress.ft.unicamp.br\/10anos\/palestrantes\/#primaryimage"},"image":{"@id":"https:\/\/wordpress.ft.unicamp.br\/10anos\/palestrantes\/#primaryimage"},"thumbnailUrl":"https:\/\/wordpress.ft.unicamp.br\/10anos\/wp-content\/uploads\/sites\/54\/2019\/05\/Paulo.jpg","datePublished":"2019-05-02T14:59:06+00:00","dateModified":"2020-04-07T16:05:29+00:00","breadcrumb":{"@id":"https:\/\/wordpress.ft.unicamp.br\/10anos\/palestrantes\/#breadcrumb"},"inLanguage":"pt-BR","potentialAction":[{"@type":"ReadAction","target":["https:\/\/wordpress.ft.unicamp.br\/10anos\/palestrantes\/"]}]},{"@type":"ImageObject","inLanguage":"pt-BR","@id":"https:\/\/wordpress.ft.unicamp.br\/10anos\/palestrantes\/#primaryimage","url":"https:\/\/wordpress.ft.unicamp.br\/10anos\/wp-content\/uploads\/sites\/54\/2019\/05\/Paulo.jpg","contentUrl":"https:\/\/wordpress.ft.unicamp.br\/10anos\/wp-content\/uploads\/sites\/54\/2019\/05\/Paulo.jpg"},{"@type":"BreadcrumbList","@id":"https:\/\/wordpress.ft.unicamp.br\/10anos\/palestrantes\/#breadcrumb","itemListElement":[{"@type":"ListItem","position":1,"name":"Home","item":"https:\/\/wordpress.ft.unicamp.br\/10anos\/"},{"@type":"ListItem","position":2,"name":"Palestrantes"}]},{"@type":"WebSite","@id":"https:\/\/wordpress.ft.unicamp.br\/10anos\/#website","url":"https:\/\/wordpress.ft.unicamp.br\/10anos\/","name":"FT 10 anos","description":"","potentialAction":[{"@type":"SearchAction","target":{"@type":"EntryPoint","urlTemplate":"https:\/\/wordpress.ft.unicamp.br\/10anos\/?s={search_term_string}"},"query-input":{"@type":"PropertyValueSpecification","valueRequired":true,"valueName":"search_term_string"}}],"inLanguage":"pt-BR"}]}},"_links":{"self":[{"href":"https:\/\/wordpress.ft.unicamp.br\/10anos\/wp-json\/wp\/v2\/pages\/115","targetHints":{"allow":["GET"]}}],"collection":[{"href":"https:\/\/wordpress.ft.unicamp.br\/10anos\/wp-json\/wp\/v2\/pages"}],"about":[{"href":"https:\/\/wordpress.ft.unicamp.br\/10anos\/wp-json\/wp\/v2\/types\/page"}],"author":[{"embeddable":true,"href":"https:\/\/wordpress.ft.unicamp.br\/10anos\/wp-json\/wp\/v2\/users\/1"}],"replies":[{"embeddable":true,"href":"https:\/\/wordpress.ft.unicamp.br\/10anos\/wp-json\/wp\/v2\/comments?post=115"}],"version-history":[{"count":18,"href":"https:\/\/wordpress.ft.unicamp.br\/10anos\/wp-json\/wp\/v2\/pages\/115\/revisions"}],"predecessor-version":[{"id":151,"href":"https:\/\/wordpress.ft.unicamp.br\/10anos\/wp-json\/wp\/v2\/pages\/115\/revisions\/151"}],"wp:attachment":[{"href":"https:\/\/wordpress.ft.unicamp.br\/10anos\/wp-json\/wp\/v2\/media?parent=115"}],"curies":[{"name":"wp","href":"https:\/\/api.w.org\/{rel}","templated":true}]}}