{"id":2,"date":"2019-03-13T18:45:27","date_gmt":"2019-03-13T18:45:27","guid":{"rendered":"http:\/\/wordpress.ft.unicamp.br\/10anos\/?page_id=2"},"modified":"2019-05-22T22:01:54","modified_gmt":"2019-05-22T22:01:54","slug":"programacao","status":"publish","type":"page","link":"https:\/\/wordpress.ft.unicamp.br\/10anos\/programacao\/","title":{"rendered":"Programa\u00e7\u00e3o"},"content":{"rendered":"\n<p>Programa\u00e7\u00e3o de comemora\u00e7\u00e3o dos 10 anos da FT:<\/p>\n\n\n\n<p> <br><strong>07\/05 &#8211; Abertura:<\/strong><br><\/p>\n\n\n\n<p>19:00 &#8211; Composi\u00e7\u00e3o da mesa<\/p>\n\n\n\n<p>19:30 &#8211; Palestra de abertura \u201cA forma\u00e7\u00e3o do aluno e o mercado de trabalho no contexto atual\u201d &#8211; Prof. Dr. Paulo Ghiraldelli (PA07)<\/p>\n\n\n\n<p>20:30 &#8211; Apresenta\u00e7\u00e3o musical da banda \u201cOs nota 10 afinados &#8211; Samba\/MPB\u201d<\/p>\n\n\n\n<p>21:15 &#8211; Coffee break<\/p>\n\n\n\n<p><\/p>\n\n\n\n<p><br><strong>09\/05 &#8211; <\/strong> <strong>2\u00ba dia de atividades:<\/strong> <br><\/p>\n\n\n\n<p> 16 \u00e0s 22:00 &#8211; Food Truck no campus (hamb\u00farguer, churros, pastel, espetinho e doces)<\/p>\n\n\n\n<p>19:15 &#8211; Divulga\u00e7\u00e3o do vencedor do concurso do novo logotipo da FT (PA07)<\/p>\n\n\n\n<p>19:30 &#8211; Palestra \u201cInd\u00fastria 4.0\u201d &#8211; MSc. Marcelo Petrelli (PA07)<\/p>\n\n\n\n<p> <br><strong>22\/05 &#8211; 3\u00ba dia de atividades:<\/strong><br><\/p>\n\n\n\n<p>14:00 &#8211; Evolu\u00e7\u00e3o hist\u00f3rica dos 10 anos da FT (PA07)<\/p>\n\n\n\n<p>15:30 &#8211; Cerim\u00f4nia de enterramento da c\u00e1psula do tempo (na entrada do Pr\u00e9dio da Administra\u00e7\u00e3o)<\/p>\n\n\n\n<p> <br><strong>23\/05 &#8211; 4\u00ba dia de atividades:<\/strong><br><\/p>\n\n\n\n<p>17:00 &#8211; Palestra \u201cMinera\u00e7\u00e3o de dados em redes complexas\u201d &#8211; Prof\u00aa. Dr\u00aa. Daniele Cristina Uchoa Maia Rodrigues (PA02)<\/p>\n\n\n\n<p>17:00 &#8211; Palestra \u201cAs Redes 5G e as profundas transforma\u00e7\u00f5es digitais proporcionadas por elas\u201d &#8211; Eng. MSc.  Edvaldo Jo\u00e3o dos Santos (PA04)<\/p>\n\n\n\n<p>19:00 &#8211; Palestra \u201cPanorama do Licenciamento ambiental e perspectivas futuras\u201d &#8211; Prof\u00aa. Dr\u00aa. Eltiza Rondino Vasques (PA02) <\/p>\n\n\n\n<p>19:30 &#8211; Palestra \u201cBarragens de terra: projeto, constru\u00e7\u00e3o e controle\u201d &#8211; Prof. Dr. David de Carvalho (PA05)<\/p>\n\n\n\n<p>20:00 &#8211; Apresenta\u00e7\u00e3o musical da banda \u201cOs nota 10 afinados &#8211; Samba\/MPB\u201d<\/p>\n\n\n\n<p>20:45 &#8211; Apresenta\u00e7\u00e3o musical da banda \u201cSkulltech &#8211; Pop\/rock\u201d<\/p>\n\n\n\n<p><\/p>\n\n\n\n<p><\/p>\n\n\n\n<p> <br><strong> 24\/05 &#8211; 5\u00ba dias de atividades:<\/strong><\/p>\n\n\n\n<p>19:30 &#8211; Palestra \u201cInfraestrutura de Transportes no Brasil\u201d &#8211; Eng. Jamil Megid (PA07) <br><\/p>\n\n\n\n<p> <br><\/p>\n\n\n\n<p> <br><br><\/p>\n\n\n\n<p>** Esta programa\u00e7\u00e3o est\u00e1 sujeita a altera\u00e7\u00f5es.<\/p>\n","protected":false},"excerpt":{"rendered":"<p>Programa\u00e7\u00e3o de comemora\u00e7\u00e3o dos 10 anos da FT: 07\/05 &#8211; Abertura: 19:00 &#8211; Composi\u00e7\u00e3o da mesa 19:30 &#8211; Palestra de abertura \u201cA forma\u00e7\u00e3o do aluno e o mercado de trabalho no contexto atual\u201d &#8211; Prof. Dr. Paulo Ghiraldelli (PA07) 20:30 &#8211; Apresenta\u00e7\u00e3o musical da banda \u201cOs nota 10 afinados &#8211; Samba\/MPB\u201d 21:15 &#8211; Coffee break<a href=\"https:\/\/wordpress.ft.unicamp.br\/10anos\/programacao\/\">[&#8230;]<\/a><\/p>\n","protected":false},"author":1,"featured_media":0,"parent":0,"menu_order":0,"comment_status":"closed","ping_status":"open","template":"","meta":{"footnotes":""},"class_list":["post-2","page","type-page","status-publish","hentry"],"yoast_head":"<!-- This site is optimized with the Yoast SEO plugin v27.5 - https:\/\/yoast.com\/product\/yoast-seo-wordpress\/ -->\n<title>Programa\u00e7\u00e3o - FT 10 anos<\/title>\n<meta name=\"robots\" content=\"index, follow, max-snippet:-1, max-image-preview:large, max-video-preview:-1\" \/>\n<link rel=\"canonical\" href=\"https:\/\/wordpress.ft.unicamp.br\/10anos\/programacao\/\" \/>\n<meta property=\"og:locale\" content=\"pt_BR\" \/>\n<meta property=\"og:type\" content=\"article\" \/>\n<meta property=\"og:title\" content=\"Programa\u00e7\u00e3o - FT 10 anos\" \/>\n<meta property=\"og:description\" content=\"Programa\u00e7\u00e3o de comemora\u00e7\u00e3o dos 10 anos da FT: 07\/05 &#8211; Abertura: 19:00 &#8211; Composi\u00e7\u00e3o da mesa 19:30 &#8211; Palestra de abertura \u201cA forma\u00e7\u00e3o do aluno e o mercado de trabalho no contexto atual\u201d &#8211; Prof. Dr. Paulo Ghiraldelli (PA07) 20:30 &#8211; Apresenta\u00e7\u00e3o musical da banda \u201cOs nota 10 afinados &#8211; Samba\/MPB\u201d 21:15 &#8211; Coffee break[...]\" \/>\n<meta property=\"og:url\" content=\"https:\/\/wordpress.ft.unicamp.br\/10anos\/programacao\/\" \/>\n<meta property=\"og:site_name\" content=\"FT 10 anos\" \/>\n<meta property=\"article:modified_time\" content=\"2019-05-22T22:01:54+00:00\" \/>\n<meta name=\"twitter:card\" content=\"summary_large_image\" \/>\n<meta name=\"twitter:label1\" content=\"Est. tempo de leitura\" \/>\n\t<meta name=\"twitter:data1\" content=\"1 minuto\" \/>\n<script type=\"application\/ld+json\" class=\"yoast-schema-graph\">{\"@context\":\"https:\\\/\\\/schema.org\",\"@graph\":[{\"@type\":\"WebPage\",\"@id\":\"https:\\\/\\\/wordpress.ft.unicamp.br\\\/10anos\\\/programacao\\\/\",\"url\":\"https:\\\/\\\/wordpress.ft.unicamp.br\\\/10anos\\\/programacao\\\/\",\"name\":\"Programa\u00e7\u00e3o - FT 10 anos\",\"isPartOf\":{\"@id\":\"https:\\\/\\\/wordpress.ft.unicamp.br\\\/10anos\\\/#website\"},\"datePublished\":\"2019-03-13T18:45:27+00:00\",\"dateModified\":\"2019-05-22T22:01:54+00:00\",\"breadcrumb\":{\"@id\":\"https:\\\/\\\/wordpress.ft.unicamp.br\\\/10anos\\\/programacao\\\/#breadcrumb\"},\"inLanguage\":\"pt-BR\",\"potentialAction\":[{\"@type\":\"ReadAction\",\"target\":[\"https:\\\/\\\/wordpress.ft.unicamp.br\\\/10anos\\\/programacao\\\/\"]}]},{\"@type\":\"BreadcrumbList\",\"@id\":\"https:\\\/\\\/wordpress.ft.unicamp.br\\\/10anos\\\/programacao\\\/#breadcrumb\",\"itemListElement\":[{\"@type\":\"ListItem\",\"position\":1,\"name\":\"Home\",\"item\":\"https:\\\/\\\/wordpress.ft.unicamp.br\\\/10anos\\\/\"},{\"@type\":\"ListItem\",\"position\":2,\"name\":\"Programa\u00e7\u00e3o\"}]},{\"@type\":\"WebSite\",\"@id\":\"https:\\\/\\\/wordpress.ft.unicamp.br\\\/10anos\\\/#website\",\"url\":\"https:\\\/\\\/wordpress.ft.unicamp.br\\\/10anos\\\/\",\"name\":\"FT 10 anos\",\"description\":\"\",\"potentialAction\":[{\"@type\":\"SearchAction\",\"target\":{\"@type\":\"EntryPoint\",\"urlTemplate\":\"https:\\\/\\\/wordpress.ft.unicamp.br\\\/10anos\\\/?s={search_term_string}\"},\"query-input\":{\"@type\":\"PropertyValueSpecification\",\"valueRequired\":true,\"valueName\":\"search_term_string\"}}],\"inLanguage\":\"pt-BR\"}]}<\/script>\n<!-- \/ Yoast SEO plugin. -->","yoast_head_json":{"title":"Programa\u00e7\u00e3o - FT 10 anos","robots":{"index":"index","follow":"follow","max-snippet":"max-snippet:-1","max-image-preview":"max-image-preview:large","max-video-preview":"max-video-preview:-1"},"canonical":"https:\/\/wordpress.ft.unicamp.br\/10anos\/programacao\/","og_locale":"pt_BR","og_type":"article","og_title":"Programa\u00e7\u00e3o - FT 10 anos","og_description":"Programa\u00e7\u00e3o de comemora\u00e7\u00e3o dos 10 anos da FT: 07\/05 &#8211; Abertura: 19:00 &#8211; Composi\u00e7\u00e3o da mesa 19:30 &#8211; Palestra de abertura \u201cA forma\u00e7\u00e3o do aluno e o mercado de trabalho no contexto atual\u201d &#8211; Prof. Dr. Paulo Ghiraldelli (PA07) 20:30 &#8211; Apresenta\u00e7\u00e3o musical da banda \u201cOs nota 10 afinados &#8211; Samba\/MPB\u201d 21:15 &#8211; Coffee break[...]","og_url":"https:\/\/wordpress.ft.unicamp.br\/10anos\/programacao\/","og_site_name":"FT 10 anos","article_modified_time":"2019-05-22T22:01:54+00:00","twitter_card":"summary_large_image","twitter_misc":{"Est. tempo de leitura":"1 minuto"},"schema":{"@context":"https:\/\/schema.org","@graph":[{"@type":"WebPage","@id":"https:\/\/wordpress.ft.unicamp.br\/10anos\/programacao\/","url":"https:\/\/wordpress.ft.unicamp.br\/10anos\/programacao\/","name":"Programa\u00e7\u00e3o - FT 10 anos","isPartOf":{"@id":"https:\/\/wordpress.ft.unicamp.br\/10anos\/#website"},"datePublished":"2019-03-13T18:45:27+00:00","dateModified":"2019-05-22T22:01:54+00:00","breadcrumb":{"@id":"https:\/\/wordpress.ft.unicamp.br\/10anos\/programacao\/#breadcrumb"},"inLanguage":"pt-BR","potentialAction":[{"@type":"ReadAction","target":["https:\/\/wordpress.ft.unicamp.br\/10anos\/programacao\/"]}]},{"@type":"BreadcrumbList","@id":"https:\/\/wordpress.ft.unicamp.br\/10anos\/programacao\/#breadcrumb","itemListElement":[{"@type":"ListItem","position":1,"name":"Home","item":"https:\/\/wordpress.ft.unicamp.br\/10anos\/"},{"@type":"ListItem","position":2,"name":"Programa\u00e7\u00e3o"}]},{"@type":"WebSite","@id":"https:\/\/wordpress.ft.unicamp.br\/10anos\/#website","url":"https:\/\/wordpress.ft.unicamp.br\/10anos\/","name":"FT 10 anos","description":"","potentialAction":[{"@type":"SearchAction","target":{"@type":"EntryPoint","urlTemplate":"https:\/\/wordpress.ft.unicamp.br\/10anos\/?s={search_term_string}"},"query-input":{"@type":"PropertyValueSpecification","valueRequired":true,"valueName":"search_term_string"}}],"inLanguage":"pt-BR"}]}},"_links":{"self":[{"href":"https:\/\/wordpress.ft.unicamp.br\/10anos\/wp-json\/wp\/v2\/pages\/2","targetHints":{"allow":["GET"]}}],"collection":[{"href":"https:\/\/wordpress.ft.unicamp.br\/10anos\/wp-json\/wp\/v2\/pages"}],"about":[{"href":"https:\/\/wordpress.ft.unicamp.br\/10anos\/wp-json\/wp\/v2\/types\/page"}],"author":[{"embeddable":true,"href":"https:\/\/wordpress.ft.unicamp.br\/10anos\/wp-json\/wp\/v2\/users\/1"}],"replies":[{"embeddable":true,"href":"https:\/\/wordpress.ft.unicamp.br\/10anos\/wp-json\/wp\/v2\/comments?post=2"}],"version-history":[{"count":31,"href":"https:\/\/wordpress.ft.unicamp.br\/10anos\/wp-json\/wp\/v2\/pages\/2\/revisions"}],"predecessor-version":[{"id":161,"href":"https:\/\/wordpress.ft.unicamp.br\/10anos\/wp-json\/wp\/v2\/pages\/2\/revisions\/161"}],"wp:attachment":[{"href":"https:\/\/wordpress.ft.unicamp.br\/10anos\/wp-json\/wp\/v2\/media?parent=2"}],"curies":[{"name":"wp","href":"https:\/\/api.w.org\/{rel}","templated":true}]}}