{"id":10,"date":"2014-04-01T17:06:55","date_gmt":"2014-04-01T17:06:55","guid":{"rendered":"http:\/\/www.ft.unicamp.br\/administrativo\/?page_id=10"},"modified":"2014-04-01T17:06:55","modified_gmt":"2014-04-01T17:06:55","slug":"academico","status":"publish","type":"page","link":"https:\/\/wordpress.ft.unicamp.br\/administrativo\/academico\/","title":{"rendered":"Se\u00e7\u00e3o Acad\u00eamica"},"content":{"rendered":"<h3>Se\u00e7\u00e3o Acad\u00eamica &#8211; FT<\/h3>\n<p><a title=\"Servi\u00e7os Prestados\" href=\"http:\/\/www.ft.unicamp.br\/administrativo\/servicos-prestados\/\">Servi\u00e7os Prestados<\/a><\/p>\n<p>&nbsp;<\/p>\n<h3>Servi\u00e7os dispon\u00edveis on-line:<\/h3>\n<p><a href=\"http:\/\/www.dac.unicamp.br\/portal\" target=\"_blank\">http:\/\/www.dac.unicamp.br\/portal<\/a><\/p>\n<p>&nbsp;<\/p>\n<h3>Formul\u00e1rios:<\/h3>\n<p><a href=\"http:\/\/sistemas.ft.unicamp.br\/decfreq\/\" target=\"_blank\">Declara\u00e7\u00e3o de Frequ\u00eancia<\/a><\/p>\n<p>&nbsp;<\/p>\n<h3>Equipe:<\/h3>\n<p><a href=\"mailto:%20alair@ft.unicamp.br\">Jos\u00e9 Alair Amadio<\/a> &#8211; (19) 2113-3350<br \/>\n<a href=\"mailto:%20marcia@ft.unicamp.br\">Cl\u00e9sia M\u00e1rcia Lizardo<\/a> &#8211; (19) 2113-3350<\/p>\n","protected":false},"excerpt":{"rendered":"<p>Se\u00e7\u00e3o Acad\u00eamica &#8211; FT Servi\u00e7os Prestados &nbsp; Servi\u00e7os dispon\u00edveis on-line: http:\/\/www.dac.unicamp.br\/portal &nbsp; Formul\u00e1rios: Declara\u00e7\u00e3o de Frequ\u00eancia &nbsp; Equipe: Jos\u00e9 Alair Amadio &#8211; (19) 2113-3350 Cl\u00e9sia M\u00e1rcia Lizardo &#8211; (19)..<\/p>\n<div class=\"clear-fix\"><\/div>\n<p><a href=\"https:\/\/wordpress.ft.unicamp.br\/administrativo\/academico\/\" title=\"read more...\">Read more<\/a><\/p>\n","protected":false},"author":5,"featured_media":0,"parent":0,"menu_order":0,"comment_status":"closed","ping_status":"closed","template":"","meta":{"footnotes":""},"class_list":["post-10","page","type-page","status-publish","hentry"],"yoast_head":"<!-- This site is optimized with the Yoast SEO plugin v27.3 - https:\/\/yoast.com\/product\/yoast-seo-wordpress\/ -->\n<title>Se\u00e7\u00e3o Acad\u00eamica - Administrativo<\/title>\n<meta name=\"robots\" content=\"index, follow, max-snippet:-1, max-image-preview:large, max-video-preview:-1\" \/>\n<link rel=\"canonical\" href=\"https:\/\/wordpress.ft.unicamp.br\/administrativo\/academico\/\" \/>\n<meta property=\"og:locale\" content=\"pt_BR\" \/>\n<meta property=\"og:type\" content=\"article\" \/>\n<meta property=\"og:title\" content=\"Se\u00e7\u00e3o Acad\u00eamica - Administrativo\" \/>\n<meta property=\"og:description\" content=\"Se\u00e7\u00e3o Acad\u00eamica &#8211; FT Servi\u00e7os Prestados &nbsp; Servi\u00e7os dispon\u00edveis on-line: http:\/\/www.dac.unicamp.br\/portal &nbsp; Formul\u00e1rios: Declara\u00e7\u00e3o de Frequ\u00eancia &nbsp; Equipe: Jos\u00e9 Alair Amadio &#8211; (19) 2113-3350 Cl\u00e9sia M\u00e1rcia Lizardo &#8211; (19)..Read more\" \/>\n<meta property=\"og:url\" content=\"https:\/\/wordpress.ft.unicamp.br\/administrativo\/academico\/\" \/>\n<meta property=\"og:site_name\" content=\"Administrativo\" \/>\n<meta name=\"twitter:card\" content=\"summary_large_image\" \/>\n<script type=\"application\/ld+json\" class=\"yoast-schema-graph\">{\"@context\":\"https:\\\/\\\/schema.org\",\"@graph\":[{\"@type\":\"WebPage\",\"@id\":\"https:\\\/\\\/wordpress.ft.unicamp.br\\\/administrativo\\\/academico\\\/\",\"url\":\"https:\\\/\\\/wordpress.ft.unicamp.br\\\/administrativo\\\/academico\\\/\",\"name\":\"Se\u00e7\u00e3o Acad\u00eamica - Administrativo\",\"isPartOf\":{\"@id\":\"https:\\\/\\\/wordpress.ft.unicamp.br\\\/administrativo\\\/#website\"},\"datePublished\":\"2014-04-01T17:06:55+00:00\",\"breadcrumb\":{\"@id\":\"https:\\\/\\\/wordpress.ft.unicamp.br\\\/administrativo\\\/academico\\\/#breadcrumb\"},\"inLanguage\":\"pt-BR\",\"potentialAction\":[{\"@type\":\"ReadAction\",\"target\":[\"https:\\\/\\\/wordpress.ft.unicamp.br\\\/administrativo\\\/academico\\\/\"]}]},{\"@type\":\"BreadcrumbList\",\"@id\":\"https:\\\/\\\/wordpress.ft.unicamp.br\\\/administrativo\\\/academico\\\/#breadcrumb\",\"itemListElement\":[{\"@type\":\"ListItem\",\"position\":1,\"name\":\"Home\",\"item\":\"https:\\\/\\\/wordpress.ft.unicamp.br\\\/administrativo\\\/\"},{\"@type\":\"ListItem\",\"position\":2,\"name\":\"Se\u00e7\u00e3o Acad\u00eamica\"}]},{\"@type\":\"WebSite\",\"@id\":\"https:\\\/\\\/wordpress.ft.unicamp.br\\\/administrativo\\\/#website\",\"url\":\"https:\\\/\\\/wordpress.ft.unicamp.br\\\/administrativo\\\/\",\"name\":\"Administrativo\",\"description\":\"\",\"publisher\":{\"@id\":\"https:\\\/\\\/wordpress.ft.unicamp.br\\\/administrativo\\\/#organization\"},\"potentialAction\":[{\"@type\":\"SearchAction\",\"target\":{\"@type\":\"EntryPoint\",\"urlTemplate\":\"https:\\\/\\\/wordpress.ft.unicamp.br\\\/administrativo\\\/?s={search_term_string}\"},\"query-input\":{\"@type\":\"PropertyValueSpecification\",\"valueRequired\":true,\"valueName\":\"search_term_string\"}}],\"inLanguage\":\"pt-BR\"},{\"@type\":\"Organization\",\"@id\":\"https:\\\/\\\/wordpress.ft.unicamp.br\\\/administrativo\\\/#organization\",\"name\":\"Administrativo\",\"url\":\"https:\\\/\\\/wordpress.ft.unicamp.br\\\/administrativo\\\/\",\"logo\":{\"@type\":\"ImageObject\",\"inLanguage\":\"pt-BR\",\"@id\":\"https:\\\/\\\/wordpress.ft.unicamp.br\\\/administrativo\\\/#\\\/schema\\\/logo\\\/image\\\/\",\"url\":\"https:\\\/\\\/wordpress.ft.unicamp.br\\\/administrativo\\\/wp-content\\\/uploads\\\/sites\\\/3\\\/2014\\\/04\\\/administrativo2.png\",\"contentUrl\":\"https:\\\/\\\/wordpress.ft.unicamp.br\\\/administrativo\\\/wp-content\\\/uploads\\\/sites\\\/3\\\/2014\\\/04\\\/administrativo2.png\",\"width\":360,\"height\":125,\"caption\":\"Administrativo\"},\"image\":{\"@id\":\"https:\\\/\\\/wordpress.ft.unicamp.br\\\/administrativo\\\/#\\\/schema\\\/logo\\\/image\\\/\"}}]}<\/script>\n<!-- \/ Yoast SEO plugin. -->","yoast_head_json":{"title":"Se\u00e7\u00e3o Acad\u00eamica - Administrativo","robots":{"index":"index","follow":"follow","max-snippet":"max-snippet:-1","max-image-preview":"max-image-preview:large","max-video-preview":"max-video-preview:-1"},"canonical":"https:\/\/wordpress.ft.unicamp.br\/administrativo\/academico\/","og_locale":"pt_BR","og_type":"article","og_title":"Se\u00e7\u00e3o Acad\u00eamica - Administrativo","og_description":"Se\u00e7\u00e3o Acad\u00eamica &#8211; FT Servi\u00e7os Prestados &nbsp; Servi\u00e7os dispon\u00edveis on-line: http:\/\/www.dac.unicamp.br\/portal &nbsp; Formul\u00e1rios: Declara\u00e7\u00e3o de Frequ\u00eancia &nbsp; Equipe: Jos\u00e9 Alair Amadio &#8211; (19) 2113-3350 Cl\u00e9sia M\u00e1rcia Lizardo &#8211; (19)..Read more","og_url":"https:\/\/wordpress.ft.unicamp.br\/administrativo\/academico\/","og_site_name":"Administrativo","twitter_card":"summary_large_image","schema":{"@context":"https:\/\/schema.org","@graph":[{"@type":"WebPage","@id":"https:\/\/wordpress.ft.unicamp.br\/administrativo\/academico\/","url":"https:\/\/wordpress.ft.unicamp.br\/administrativo\/academico\/","name":"Se\u00e7\u00e3o Acad\u00eamica - Administrativo","isPartOf":{"@id":"https:\/\/wordpress.ft.unicamp.br\/administrativo\/#website"},"datePublished":"2014-04-01T17:06:55+00:00","breadcrumb":{"@id":"https:\/\/wordpress.ft.unicamp.br\/administrativo\/academico\/#breadcrumb"},"inLanguage":"pt-BR","potentialAction":[{"@type":"ReadAction","target":["https:\/\/wordpress.ft.unicamp.br\/administrativo\/academico\/"]}]},{"@type":"BreadcrumbList","@id":"https:\/\/wordpress.ft.unicamp.br\/administrativo\/academico\/#breadcrumb","itemListElement":[{"@type":"ListItem","position":1,"name":"Home","item":"https:\/\/wordpress.ft.unicamp.br\/administrativo\/"},{"@type":"ListItem","position":2,"name":"Se\u00e7\u00e3o Acad\u00eamica"}]},{"@type":"WebSite","@id":"https:\/\/wordpress.ft.unicamp.br\/administrativo\/#website","url":"https:\/\/wordpress.ft.unicamp.br\/administrativo\/","name":"Administrativo","description":"","publisher":{"@id":"https:\/\/wordpress.ft.unicamp.br\/administrativo\/#organization"},"potentialAction":[{"@type":"SearchAction","target":{"@type":"EntryPoint","urlTemplate":"https:\/\/wordpress.ft.unicamp.br\/administrativo\/?s={search_term_string}"},"query-input":{"@type":"PropertyValueSpecification","valueRequired":true,"valueName":"search_term_string"}}],"inLanguage":"pt-BR"},{"@type":"Organization","@id":"https:\/\/wordpress.ft.unicamp.br\/administrativo\/#organization","name":"Administrativo","url":"https:\/\/wordpress.ft.unicamp.br\/administrativo\/","logo":{"@type":"ImageObject","inLanguage":"pt-BR","@id":"https:\/\/wordpress.ft.unicamp.br\/administrativo\/#\/schema\/logo\/image\/","url":"https:\/\/wordpress.ft.unicamp.br\/administrativo\/wp-content\/uploads\/sites\/3\/2014\/04\/administrativo2.png","contentUrl":"https:\/\/wordpress.ft.unicamp.br\/administrativo\/wp-content\/uploads\/sites\/3\/2014\/04\/administrativo2.png","width":360,"height":125,"caption":"Administrativo"},"image":{"@id":"https:\/\/wordpress.ft.unicamp.br\/administrativo\/#\/schema\/logo\/image\/"}}]}},"_links":{"self":[{"href":"https:\/\/wordpress.ft.unicamp.br\/administrativo\/wp-json\/wp\/v2\/pages\/10","targetHints":{"allow":["GET"]}}],"collection":[{"href":"https:\/\/wordpress.ft.unicamp.br\/administrativo\/wp-json\/wp\/v2\/pages"}],"about":[{"href":"https:\/\/wordpress.ft.unicamp.br\/administrativo\/wp-json\/wp\/v2\/types\/page"}],"author":[{"embeddable":true,"href":"https:\/\/wordpress.ft.unicamp.br\/administrativo\/wp-json\/wp\/v2\/users\/5"}],"replies":[{"embeddable":true,"href":"https:\/\/wordpress.ft.unicamp.br\/administrativo\/wp-json\/wp\/v2\/comments?post=10"}],"version-history":[{"count":0,"href":"https:\/\/wordpress.ft.unicamp.br\/administrativo\/wp-json\/wp\/v2\/pages\/10\/revisions"}],"wp:attachment":[{"href":"https:\/\/wordpress.ft.unicamp.br\/administrativo\/wp-json\/wp\/v2\/media?parent=10"}],"curies":[{"name":"wp","href":"https:\/\/api.w.org\/{rel}","templated":true}]}}