{"id":122,"date":"2017-03-31T11:35:22","date_gmt":"2017-03-31T11:35:22","guid":{"rendered":"http:\/\/wordpress.ft.unicamp.br\/aeasilva\/?page_id=122"},"modified":"2017-11-28T13:55:20","modified_gmt":"2017-11-28T13:55:20","slug":"projetos-de-clima-espacial","status":"publish","type":"page","link":"https:\/\/wordpress.ft.unicamp.br\/aeasilva\/projetos\/informacoes-sobre-clima-espacial\/projetos-de-clima-espacial\/","title":{"rendered":"Projetos de Clima Espacial"},"content":{"rendered":"<ul>\n<li><strong>T\u00edtulo<\/strong>: <a href=\"http:\/\/www.bv.fapesp.br\/pt\/bolsas\/170883\/exploracao-de-regras-de-associacao-para-atributos-de-explosoes-solares-via-agrupamento-hierarquico-a\/\">Explora\u00e7\u00e3o de regras de associa\u00e7\u00e3o para atributos de explos\u00f5es solares via agrupamento hier\u00e1rquico aglomerativo<\/a>.\n<ul>\n<li><strong>Apoio<\/strong>: Funda\u00e7\u00e3o de Amparo \u00e0 Pesquisa do Estado de S\u00e3o Paulo<\/li>\n<li><strong>Envolvidos<\/strong>: J\u00e9ssica Pereira &#8211; aluna IC. Ana Estela Antunes da Silva: coordenadora. Guilherme Palermo Coelho: coorientador.<\/li>\n<\/ul>\n<\/li>\n<li><strong>T\u00edtulo<\/strong>: <a href=\"http:\/\/www.bv.fapesp.br\/pt\/bolsas\/163154\/predicao-de-explosoes-solares-por-meio-de-series-temporais-de-fluxo-de-raio-x-via-redes-neurais-mlp\/\">Predi\u00e7\u00e3o de Explos\u00f5es Solares por meio de S\u00e9ries Temporais de Fluxo de Raios-X via Redes Neurais MLP. Finalizado em 2017<\/a>.\n<ul>\n<li><strong>Apoio<\/strong>: Funda\u00e7\u00e3o de Amparo \u00e0 Pesquisa do Estado de S\u00e3o Paulo<\/li>\n<li><strong>Envolvidos<\/strong>: Ismael Caldana &#8211; aluno IC. Ana Estela Antunes da Silva: coordenadora. Guilherme Palermo Coelho: coorientador.<\/li>\n<\/ul>\n<\/li>\n<li><strong>T\u00edtulo<\/strong>:\u00a0Utiliza\u00e7\u00e3o de Ensembles de Redes Neurais MLP para Previs\u00e3o de<br \/>\nExplos\u00f5es Solares. Finalizado em 2016.<\/p>\n<ul>\n<li><strong>Envolvidos<\/strong>: Rene Argento &#8211; aluno Mestrado. Ana Estela Antunes da Silva: coordenadora. Guilherme Palermo Coelho: coorientador.<\/li>\n<\/ul>\n<\/li>\n<\/ul>\n<p>&nbsp;<\/p>\n","protected":false},"excerpt":{"rendered":"<p>T\u00edtulo: Explora\u00e7\u00e3o de regras de associa\u00e7\u00e3o para atributos de explos\u00f5es solares via agrupamento hier\u00e1rquico aglomerativo. Apoio: Funda\u00e7\u00e3o de Amparo \u00e0 Pesquisa do Estado de S\u00e3o Paulo Envolvidos: J\u00e9ssica Pereira &#8211; aluna IC. Ana Estela Antunes da Silva: coordenadora. Guilherme Palermo &hellip; <a href=\"https:\/\/wordpress.ft.unicamp.br\/aeasilva\/projetos\/informacoes-sobre-clima-espacial\/projetos-de-clima-espacial\/\">Continue lendo <span class=\"meta-nav\">&rarr;<\/span><\/a><\/p>\n","protected":false},"author":14,"featured_media":0,"parent":117,"menu_order":0,"comment_status":"closed","ping_status":"closed","template":"","meta":{"footnotes":""},"class_list":["post-122","page","type-page","status-publish","hentry"],"yoast_head":"<!-- This site is optimized with the Yoast SEO plugin v27.3 - https:\/\/yoast.com\/product\/yoast-seo-wordpress\/ -->\n<title>Projetos de Clima Espacial - Profa. Dra. Ana Estela Antunes da Silva<\/title>\n<meta name=\"robots\" content=\"index, follow, max-snippet:-1, max-image-preview:large, max-video-preview:-1\" \/>\n<link rel=\"canonical\" href=\"https:\/\/wordpress.ft.unicamp.br\/aeasilva\/projetos\/informacoes-sobre-clima-espacial\/projetos-de-clima-espacial\/\" \/>\n<meta property=\"og:locale\" content=\"pt_BR\" \/>\n<meta property=\"og:type\" content=\"article\" \/>\n<meta property=\"og:title\" content=\"Projetos de Clima Espacial - Profa. Dra. Ana Estela Antunes da Silva\" \/>\n<meta property=\"og:description\" content=\"T\u00edtulo: Explora\u00e7\u00e3o de regras de associa\u00e7\u00e3o para atributos de explos\u00f5es solares via agrupamento hier\u00e1rquico aglomerativo. Apoio: Funda\u00e7\u00e3o de Amparo \u00e0 Pesquisa do Estado de S\u00e3o Paulo Envolvidos: J\u00e9ssica Pereira &#8211; aluna IC. Ana Estela Antunes da Silva: coordenadora. Guilherme Palermo &hellip; Continue lendo &rarr;\" \/>\n<meta property=\"og:url\" content=\"https:\/\/wordpress.ft.unicamp.br\/aeasilva\/projetos\/informacoes-sobre-clima-espacial\/projetos-de-clima-espacial\/\" \/>\n<meta property=\"og:site_name\" content=\"Profa. Dra. Ana Estela Antunes da Silva\" \/>\n<meta property=\"article:modified_time\" content=\"2017-11-28T13:55:20+00:00\" \/>\n<meta name=\"twitter:card\" content=\"summary_large_image\" \/>\n<meta name=\"twitter:label1\" content=\"Est. tempo de leitura\" \/>\n\t<meta name=\"twitter:data1\" content=\"1 minuto\" \/>\n<script type=\"application\/ld+json\" class=\"yoast-schema-graph\">{\"@context\":\"https:\\\/\\\/schema.org\",\"@graph\":[{\"@type\":\"WebPage\",\"@id\":\"https:\\\/\\\/wordpress.ft.unicamp.br\\\/aeasilva\\\/projetos\\\/informacoes-sobre-clima-espacial\\\/projetos-de-clima-espacial\\\/\",\"url\":\"https:\\\/\\\/wordpress.ft.unicamp.br\\\/aeasilva\\\/projetos\\\/informacoes-sobre-clima-espacial\\\/projetos-de-clima-espacial\\\/\",\"name\":\"Projetos de Clima Espacial - Profa. Dra. Ana Estela Antunes da Silva\",\"isPartOf\":{\"@id\":\"https:\\\/\\\/wordpress.ft.unicamp.br\\\/aeasilva\\\/#website\"},\"datePublished\":\"2017-03-31T11:35:22+00:00\",\"dateModified\":\"2017-11-28T13:55:20+00:00\",\"breadcrumb\":{\"@id\":\"https:\\\/\\\/wordpress.ft.unicamp.br\\\/aeasilva\\\/projetos\\\/informacoes-sobre-clima-espacial\\\/projetos-de-clima-espacial\\\/#breadcrumb\"},\"inLanguage\":\"pt-BR\",\"potentialAction\":[{\"@type\":\"ReadAction\",\"target\":[\"https:\\\/\\\/wordpress.ft.unicamp.br\\\/aeasilva\\\/projetos\\\/informacoes-sobre-clima-espacial\\\/projetos-de-clima-espacial\\\/\"]}]},{\"@type\":\"BreadcrumbList\",\"@id\":\"https:\\\/\\\/wordpress.ft.unicamp.br\\\/aeasilva\\\/projetos\\\/informacoes-sobre-clima-espacial\\\/projetos-de-clima-espacial\\\/#breadcrumb\",\"itemListElement\":[{\"@type\":\"ListItem\",\"position\":1,\"name\":\"Home\",\"item\":\"https:\\\/\\\/wordpress.ft.unicamp.br\\\/aeasilva\\\/\"},{\"@type\":\"ListItem\",\"position\":2,\"name\":\"Pesquisa\",\"item\":\"https:\\\/\\\/wordpress.ft.unicamp.br\\\/aeasilva\\\/projetos\\\/\"},{\"@type\":\"ListItem\",\"position\":3,\"name\":\"Minera\u00e7\u00e3o de dados em clima espacial\",\"item\":\"https:\\\/\\\/wordpress.ft.unicamp.br\\\/aeasilva\\\/projetos\\\/informacoes-sobre-clima-espacial\\\/\"},{\"@type\":\"ListItem\",\"position\":4,\"name\":\"Projetos de Clima Espacial\"}]},{\"@type\":\"WebSite\",\"@id\":\"https:\\\/\\\/wordpress.ft.unicamp.br\\\/aeasilva\\\/#website\",\"url\":\"https:\\\/\\\/wordpress.ft.unicamp.br\\\/aeasilva\\\/\",\"name\":\"Profa. Dra. Ana Estela Antunes da Silva\",\"description\":\"\",\"potentialAction\":[{\"@type\":\"SearchAction\",\"target\":{\"@type\":\"EntryPoint\",\"urlTemplate\":\"https:\\\/\\\/wordpress.ft.unicamp.br\\\/aeasilva\\\/?s={search_term_string}\"},\"query-input\":{\"@type\":\"PropertyValueSpecification\",\"valueRequired\":true,\"valueName\":\"search_term_string\"}}],\"inLanguage\":\"pt-BR\"}]}<\/script>\n<!-- \/ Yoast SEO plugin. -->","yoast_head_json":{"title":"Projetos de Clima Espacial - Profa. Dra. Ana Estela Antunes da Silva","robots":{"index":"index","follow":"follow","max-snippet":"max-snippet:-1","max-image-preview":"max-image-preview:large","max-video-preview":"max-video-preview:-1"},"canonical":"https:\/\/wordpress.ft.unicamp.br\/aeasilva\/projetos\/informacoes-sobre-clima-espacial\/projetos-de-clima-espacial\/","og_locale":"pt_BR","og_type":"article","og_title":"Projetos de Clima Espacial - Profa. Dra. Ana Estela Antunes da Silva","og_description":"T\u00edtulo: Explora\u00e7\u00e3o de regras de associa\u00e7\u00e3o para atributos de explos\u00f5es solares via agrupamento hier\u00e1rquico aglomerativo. Apoio: Funda\u00e7\u00e3o de Amparo \u00e0 Pesquisa do Estado de S\u00e3o Paulo Envolvidos: J\u00e9ssica Pereira &#8211; aluna IC. Ana Estela Antunes da Silva: coordenadora. Guilherme Palermo &hellip; Continue lendo &rarr;","og_url":"https:\/\/wordpress.ft.unicamp.br\/aeasilva\/projetos\/informacoes-sobre-clima-espacial\/projetos-de-clima-espacial\/","og_site_name":"Profa. Dra. Ana Estela Antunes da Silva","article_modified_time":"2017-11-28T13:55:20+00:00","twitter_card":"summary_large_image","twitter_misc":{"Est. tempo de leitura":"1 minuto"},"schema":{"@context":"https:\/\/schema.org","@graph":[{"@type":"WebPage","@id":"https:\/\/wordpress.ft.unicamp.br\/aeasilva\/projetos\/informacoes-sobre-clima-espacial\/projetos-de-clima-espacial\/","url":"https:\/\/wordpress.ft.unicamp.br\/aeasilva\/projetos\/informacoes-sobre-clima-espacial\/projetos-de-clima-espacial\/","name":"Projetos de Clima Espacial - Profa. Dra. Ana Estela Antunes da Silva","isPartOf":{"@id":"https:\/\/wordpress.ft.unicamp.br\/aeasilva\/#website"},"datePublished":"2017-03-31T11:35:22+00:00","dateModified":"2017-11-28T13:55:20+00:00","breadcrumb":{"@id":"https:\/\/wordpress.ft.unicamp.br\/aeasilva\/projetos\/informacoes-sobre-clima-espacial\/projetos-de-clima-espacial\/#breadcrumb"},"inLanguage":"pt-BR","potentialAction":[{"@type":"ReadAction","target":["https:\/\/wordpress.ft.unicamp.br\/aeasilva\/projetos\/informacoes-sobre-clima-espacial\/projetos-de-clima-espacial\/"]}]},{"@type":"BreadcrumbList","@id":"https:\/\/wordpress.ft.unicamp.br\/aeasilva\/projetos\/informacoes-sobre-clima-espacial\/projetos-de-clima-espacial\/#breadcrumb","itemListElement":[{"@type":"ListItem","position":1,"name":"Home","item":"https:\/\/wordpress.ft.unicamp.br\/aeasilva\/"},{"@type":"ListItem","position":2,"name":"Pesquisa","item":"https:\/\/wordpress.ft.unicamp.br\/aeasilva\/projetos\/"},{"@type":"ListItem","position":3,"name":"Minera\u00e7\u00e3o de dados em clima espacial","item":"https:\/\/wordpress.ft.unicamp.br\/aeasilva\/projetos\/informacoes-sobre-clima-espacial\/"},{"@type":"ListItem","position":4,"name":"Projetos de Clima Espacial"}]},{"@type":"WebSite","@id":"https:\/\/wordpress.ft.unicamp.br\/aeasilva\/#website","url":"https:\/\/wordpress.ft.unicamp.br\/aeasilva\/","name":"Profa. Dra. Ana Estela Antunes da Silva","description":"","potentialAction":[{"@type":"SearchAction","target":{"@type":"EntryPoint","urlTemplate":"https:\/\/wordpress.ft.unicamp.br\/aeasilva\/?s={search_term_string}"},"query-input":{"@type":"PropertyValueSpecification","valueRequired":true,"valueName":"search_term_string"}}],"inLanguage":"pt-BR"}]}},"_links":{"self":[{"href":"https:\/\/wordpress.ft.unicamp.br\/aeasilva\/wp-json\/wp\/v2\/pages\/122","targetHints":{"allow":["GET"]}}],"collection":[{"href":"https:\/\/wordpress.ft.unicamp.br\/aeasilva\/wp-json\/wp\/v2\/pages"}],"about":[{"href":"https:\/\/wordpress.ft.unicamp.br\/aeasilva\/wp-json\/wp\/v2\/types\/page"}],"author":[{"embeddable":true,"href":"https:\/\/wordpress.ft.unicamp.br\/aeasilva\/wp-json\/wp\/v2\/users\/14"}],"replies":[{"embeddable":true,"href":"https:\/\/wordpress.ft.unicamp.br\/aeasilva\/wp-json\/wp\/v2\/comments?post=122"}],"version-history":[{"count":9,"href":"https:\/\/wordpress.ft.unicamp.br\/aeasilva\/wp-json\/wp\/v2\/pages\/122\/revisions"}],"predecessor-version":[{"id":240,"href":"https:\/\/wordpress.ft.unicamp.br\/aeasilva\/wp-json\/wp\/v2\/pages\/122\/revisions\/240"}],"up":[{"embeddable":true,"href":"https:\/\/wordpress.ft.unicamp.br\/aeasilva\/wp-json\/wp\/v2\/pages\/117"}],"wp:attachment":[{"href":"https:\/\/wordpress.ft.unicamp.br\/aeasilva\/wp-json\/wp\/v2\/media?parent=122"}],"curies":[{"name":"wp","href":"https:\/\/api.w.org\/{rel}","templated":true}]}}