{"id":208,"date":"2017-11-27T14:45:43","date_gmt":"2017-11-27T14:45:43","guid":{"rendered":"http:\/\/wordpress.ft.unicamp.br\/aeasilva\/?page_id=208"},"modified":"2017-11-30T13:31:13","modified_gmt":"2017-11-30T13:31:13","slug":"outros-assuntos","status":"publish","type":"page","link":"https:\/\/wordpress.ft.unicamp.br\/aeasilva\/outros-assuntos\/","title":{"rendered":"Outros Assuntos"},"content":{"rendered":"<ul>\n<li>Para refletir\n<ul>\n<li><a href=\"http:\/\/w2.vatican.va\/content\/francesco\/pt\/cotidie.index.html#cotidie\">Papa Francisco\u00a0&#8211; Medita\u00e7\u00f5es Matutinas<\/a><\/li>\n<li><a href=\"https:\/\/www.pensador.com\/frase\/MjgzMzAx\/\">Desiderata<\/a><\/li>\n<\/ul>\n<\/li>\n<li>Para se motivar\n<ul>\n<li><a href=\"https:\/\/www.youtube.com\/watch?v=MnJsTpNNVvU\">Cl\u00f3vis de Barros Filho e o trecho da palestra de Kant sobre &#8220;Ter brio&#8221;<\/a><\/li>\n<\/ul>\n<\/li>\n<li>Para refletir, motivar-se, apreciar&#8230;&#8230;\n<ul>\n<li><a href=\"https:\/\/www.youtube.com\/watch?v=3j8mr-gcgoI\">Pink Floyd\u00a0\u00a0\u00a0\u00a0<\/a><\/li>\n<li><a href=\"https:\/\/www.youtube.com\/watch?v=Hk1BQva1Tak\">U2<\/a><\/li>\n<li><a href=\"https:\/\/www.youtube.com\/watch?v=sJifw6Kej2s\">Beatles por George Michael<\/a><\/li>\n<li><a href=\"https:\/\/www.youtube.com\/watch?v=MF0CvHGVsjk\">Elton John<\/a><\/li>\n<li><a href=\"https:\/\/www.youtube.com\/watch?v=1w7OgIMMRc4\">Guns<\/a><\/li>\n<li><a href=\"https:\/\/www.youtube.com\/watch?v=BT59rohv6jw\">Eagles<\/a><\/li>\n<\/ul>\n<\/li>\n<\/ul>\n<p>&nbsp;<\/p>\n","protected":false},"excerpt":{"rendered":"<p>Para refletir Papa Francisco\u00a0&#8211; Medita\u00e7\u00f5es Matutinas Desiderata Para se motivar Cl\u00f3vis de Barros Filho e o trecho da palestra de Kant sobre &#8220;Ter brio&#8221; Para refletir, motivar-se, apreciar&#8230;&#8230; Pink Floyd\u00a0\u00a0\u00a0\u00a0 U2 Beatles por George Michael Elton John Guns Eagles &nbsp;<\/p>\n","protected":false},"author":14,"featured_media":0,"parent":0,"menu_order":0,"comment_status":"closed","ping_status":"closed","template":"","meta":{"footnotes":""},"class_list":["post-208","page","type-page","status-publish","hentry"],"yoast_head":"<!-- This site is optimized with the Yoast SEO plugin v27.3 - https:\/\/yoast.com\/product\/yoast-seo-wordpress\/ -->\n<title>Outros Assuntos - Profa. Dra. Ana Estela Antunes da Silva<\/title>\n<meta name=\"robots\" content=\"index, follow, max-snippet:-1, max-image-preview:large, max-video-preview:-1\" \/>\n<link rel=\"canonical\" href=\"https:\/\/wordpress.ft.unicamp.br\/aeasilva\/outros-assuntos\/\" \/>\n<meta property=\"og:locale\" content=\"pt_BR\" \/>\n<meta property=\"og:type\" content=\"article\" \/>\n<meta property=\"og:title\" content=\"Outros Assuntos - Profa. Dra. Ana Estela Antunes da Silva\" \/>\n<meta property=\"og:description\" content=\"Para refletir Papa Francisco\u00a0&#8211; Medita\u00e7\u00f5es Matutinas Desiderata Para se motivar Cl\u00f3vis de Barros Filho e o trecho da palestra de Kant sobre &#8220;Ter brio&#8221; Para refletir, motivar-se, apreciar&#8230;&#8230; Pink Floyd\u00a0\u00a0\u00a0\u00a0 U2 Beatles por George Michael Elton John Guns Eagles &nbsp;\" \/>\n<meta property=\"og:url\" content=\"https:\/\/wordpress.ft.unicamp.br\/aeasilva\/outros-assuntos\/\" \/>\n<meta property=\"og:site_name\" content=\"Profa. Dra. Ana Estela Antunes da Silva\" \/>\n<meta property=\"article:modified_time\" content=\"2017-11-30T13:31:13+00:00\" \/>\n<meta name=\"twitter:card\" content=\"summary_large_image\" \/>\n<script type=\"application\/ld+json\" class=\"yoast-schema-graph\">{\"@context\":\"https:\\\/\\\/schema.org\",\"@graph\":[{\"@type\":\"WebPage\",\"@id\":\"https:\\\/\\\/wordpress.ft.unicamp.br\\\/aeasilva\\\/outros-assuntos\\\/\",\"url\":\"https:\\\/\\\/wordpress.ft.unicamp.br\\\/aeasilva\\\/outros-assuntos\\\/\",\"name\":\"Outros Assuntos - Profa. Dra. Ana Estela Antunes da Silva\",\"isPartOf\":{\"@id\":\"https:\\\/\\\/wordpress.ft.unicamp.br\\\/aeasilva\\\/#website\"},\"datePublished\":\"2017-11-27T14:45:43+00:00\",\"dateModified\":\"2017-11-30T13:31:13+00:00\",\"breadcrumb\":{\"@id\":\"https:\\\/\\\/wordpress.ft.unicamp.br\\\/aeasilva\\\/outros-assuntos\\\/#breadcrumb\"},\"inLanguage\":\"pt-BR\",\"potentialAction\":[{\"@type\":\"ReadAction\",\"target\":[\"https:\\\/\\\/wordpress.ft.unicamp.br\\\/aeasilva\\\/outros-assuntos\\\/\"]}]},{\"@type\":\"BreadcrumbList\",\"@id\":\"https:\\\/\\\/wordpress.ft.unicamp.br\\\/aeasilva\\\/outros-assuntos\\\/#breadcrumb\",\"itemListElement\":[{\"@type\":\"ListItem\",\"position\":1,\"name\":\"Home\",\"item\":\"https:\\\/\\\/wordpress.ft.unicamp.br\\\/aeasilva\\\/\"},{\"@type\":\"ListItem\",\"position\":2,\"name\":\"Outros Assuntos\"}]},{\"@type\":\"WebSite\",\"@id\":\"https:\\\/\\\/wordpress.ft.unicamp.br\\\/aeasilva\\\/#website\",\"url\":\"https:\\\/\\\/wordpress.ft.unicamp.br\\\/aeasilva\\\/\",\"name\":\"Profa. Dra. Ana Estela Antunes da Silva\",\"description\":\"\",\"potentialAction\":[{\"@type\":\"SearchAction\",\"target\":{\"@type\":\"EntryPoint\",\"urlTemplate\":\"https:\\\/\\\/wordpress.ft.unicamp.br\\\/aeasilva\\\/?s={search_term_string}\"},\"query-input\":{\"@type\":\"PropertyValueSpecification\",\"valueRequired\":true,\"valueName\":\"search_term_string\"}}],\"inLanguage\":\"pt-BR\"}]}<\/script>\n<!-- \/ Yoast SEO plugin. -->","yoast_head_json":{"title":"Outros Assuntos - Profa. Dra. Ana Estela Antunes da Silva","robots":{"index":"index","follow":"follow","max-snippet":"max-snippet:-1","max-image-preview":"max-image-preview:large","max-video-preview":"max-video-preview:-1"},"canonical":"https:\/\/wordpress.ft.unicamp.br\/aeasilva\/outros-assuntos\/","og_locale":"pt_BR","og_type":"article","og_title":"Outros Assuntos - Profa. Dra. Ana Estela Antunes da Silva","og_description":"Para refletir Papa Francisco\u00a0&#8211; Medita\u00e7\u00f5es Matutinas Desiderata Para se motivar Cl\u00f3vis de Barros Filho e o trecho da palestra de Kant sobre &#8220;Ter brio&#8221; Para refletir, motivar-se, apreciar&#8230;&#8230; Pink Floyd\u00a0\u00a0\u00a0\u00a0 U2 Beatles por George Michael Elton John Guns Eagles &nbsp;","og_url":"https:\/\/wordpress.ft.unicamp.br\/aeasilva\/outros-assuntos\/","og_site_name":"Profa. Dra. Ana Estela Antunes da Silva","article_modified_time":"2017-11-30T13:31:13+00:00","twitter_card":"summary_large_image","schema":{"@context":"https:\/\/schema.org","@graph":[{"@type":"WebPage","@id":"https:\/\/wordpress.ft.unicamp.br\/aeasilva\/outros-assuntos\/","url":"https:\/\/wordpress.ft.unicamp.br\/aeasilva\/outros-assuntos\/","name":"Outros Assuntos - Profa. Dra. Ana Estela Antunes da Silva","isPartOf":{"@id":"https:\/\/wordpress.ft.unicamp.br\/aeasilva\/#website"},"datePublished":"2017-11-27T14:45:43+00:00","dateModified":"2017-11-30T13:31:13+00:00","breadcrumb":{"@id":"https:\/\/wordpress.ft.unicamp.br\/aeasilva\/outros-assuntos\/#breadcrumb"},"inLanguage":"pt-BR","potentialAction":[{"@type":"ReadAction","target":["https:\/\/wordpress.ft.unicamp.br\/aeasilva\/outros-assuntos\/"]}]},{"@type":"BreadcrumbList","@id":"https:\/\/wordpress.ft.unicamp.br\/aeasilva\/outros-assuntos\/#breadcrumb","itemListElement":[{"@type":"ListItem","position":1,"name":"Home","item":"https:\/\/wordpress.ft.unicamp.br\/aeasilva\/"},{"@type":"ListItem","position":2,"name":"Outros Assuntos"}]},{"@type":"WebSite","@id":"https:\/\/wordpress.ft.unicamp.br\/aeasilva\/#website","url":"https:\/\/wordpress.ft.unicamp.br\/aeasilva\/","name":"Profa. Dra. Ana Estela Antunes da Silva","description":"","potentialAction":[{"@type":"SearchAction","target":{"@type":"EntryPoint","urlTemplate":"https:\/\/wordpress.ft.unicamp.br\/aeasilva\/?s={search_term_string}"},"query-input":{"@type":"PropertyValueSpecification","valueRequired":true,"valueName":"search_term_string"}}],"inLanguage":"pt-BR"}]}},"_links":{"self":[{"href":"https:\/\/wordpress.ft.unicamp.br\/aeasilva\/wp-json\/wp\/v2\/pages\/208","targetHints":{"allow":["GET"]}}],"collection":[{"href":"https:\/\/wordpress.ft.unicamp.br\/aeasilva\/wp-json\/wp\/v2\/pages"}],"about":[{"href":"https:\/\/wordpress.ft.unicamp.br\/aeasilva\/wp-json\/wp\/v2\/types\/page"}],"author":[{"embeddable":true,"href":"https:\/\/wordpress.ft.unicamp.br\/aeasilva\/wp-json\/wp\/v2\/users\/14"}],"replies":[{"embeddable":true,"href":"https:\/\/wordpress.ft.unicamp.br\/aeasilva\/wp-json\/wp\/v2\/comments?post=208"}],"version-history":[{"count":13,"href":"https:\/\/wordpress.ft.unicamp.br\/aeasilva\/wp-json\/wp\/v2\/pages\/208\/revisions"}],"predecessor-version":[{"id":266,"href":"https:\/\/wordpress.ft.unicamp.br\/aeasilva\/wp-json\/wp\/v2\/pages\/208\/revisions\/266"}],"wp:attachment":[{"href":"https:\/\/wordpress.ft.unicamp.br\/aeasilva\/wp-json\/wp\/v2\/media?parent=208"}],"curies":[{"name":"wp","href":"https:\/\/api.w.org\/{rel}","templated":true}]}}