{"id":23,"date":"2017-03-29T16:38:20","date_gmt":"2017-03-29T16:38:20","guid":{"rendered":"http:\/\/wordpress.ft.unicamp.br\/aeasilva\/?page_id=23"},"modified":"2018-02-16T18:42:14","modified_gmt":"2018-02-16T18:42:14","slug":"home","status":"publish","type":"page","link":"https:\/\/wordpress.ft.unicamp.br\/aeasilva\/","title":{"rendered":"Apresenta\u00e7\u00e3o"},"content":{"rendered":"<p><img decoding=\"async\" class=\"wp-image-294  alignright\" src=\"http:\/\/wordpress.ft.unicamp.br\/aeasilva\/wp-content\/uploads\/sites\/18\/2018\/02\/foto-s\u00e3o-pedro-2-297x300.jpg\" alt=\"\" width=\"187\" height=\"189\" srcset=\"https:\/\/wordpress.ft.unicamp.br\/aeasilva\/wp-content\/uploads\/sites\/18\/2018\/02\/foto-s\u00e3o-pedro-2-297x300.jpg 297w, https:\/\/wordpress.ft.unicamp.br\/aeasilva\/wp-content\/uploads\/sites\/18\/2018\/02\/foto-s\u00e3o-pedro-2.jpg 529w\" sizes=\"(max-width: 187px) 100vw, 187px\" \/><strong>Gradua\u00e7\u00e3o:<\/strong> Ci\u00eancia da Computa\u00e7\u00e3o pelo Instituto de Computa\u00e7\u00e3o da Universidade Estadual de Campinas. &lt;<a href=\"http:\/\/www.ic.unicamp.br\">http:\/\/www.ic.unicamp.br<\/a>&gt;<\/p>\n<p><strong>Mestrado:<\/strong> Ci\u00eancia da Computa\u00e7\u00e3o pela Massey University &lt;<a href=\"http:\/\/www.massey.ac.nz\/massey\/home.cfm\">http:\/\/www.massey.ac.nz\/massey\/home.cfm<\/a>&gt;<\/p>\n<p><strong>Doutorado:<\/strong>\u00a0Engenharia El\u00e9trica com \u00eanfase em Engenharia da Computa\u00e7\u00e3o pela Faculdade de Engenharia El\u00e9trica e de Computa\u00e7\u00e3o da Universidade Estadual de Campinas. &lt;<a href=\"http:\/\/www.fee.unicamp.br\/\">http:\/\/www.fee.unicamp.br\/<\/a>&gt;<\/p>\n<p style=\"text-align: left\">Lattes:&lt;<a href=\"http:\/\/buscatextual.cnpq.br\/buscatextual\/visualizacv.do?id=K4770976H6\">http:\/\/buscatextual.cnpq.br\/buscatextual\/visualizacv.do?id=K4770976H6<\/a>&gt;<\/p>\n<p>Atualmente \u00e9 professora em RDIDP da Faculdade de Tecnologia da Unicamp. &lt;<a href=\"http:\/\/www.ft.unicamp.br\">http:\/\/www.ft.unicamp.br<\/a>&gt;<\/p>\n<p>&nbsp;<\/p>\n","protected":false},"excerpt":{"rendered":"<p>Gradua\u00e7\u00e3o: Ci\u00eancia da Computa\u00e7\u00e3o pelo Instituto de Computa\u00e7\u00e3o da Universidade Estadual de Campinas. &lt;http:\/\/www.ic.unicamp.br&gt; Mestrado: Ci\u00eancia da Computa\u00e7\u00e3o pela Massey University &lt;http:\/\/www.massey.ac.nz\/massey\/home.cfm&gt; Doutorado:\u00a0Engenharia El\u00e9trica com \u00eanfase em Engenharia da Computa\u00e7\u00e3o pela Faculdade de Engenharia El\u00e9trica e de Computa\u00e7\u00e3o da Universidade &hellip; <a href=\"https:\/\/wordpress.ft.unicamp.br\/aeasilva\/\">Continue lendo <span class=\"meta-nav\">&rarr;<\/span><\/a><\/p>\n","protected":false},"author":1,"featured_media":0,"parent":0,"menu_order":0,"comment_status":"closed","ping_status":"closed","template":"","meta":{"footnotes":""},"class_list":["post-23","page","type-page","status-publish","hentry"],"yoast_head":"<!-- This site is optimized with the Yoast SEO plugin v27.3 - https:\/\/yoast.com\/product\/yoast-seo-wordpress\/ -->\n<title>Apresenta\u00e7\u00e3o - Profa. Dra. Ana Estela Antunes da Silva<\/title>\n<meta name=\"robots\" content=\"index, follow, max-snippet:-1, max-image-preview:large, max-video-preview:-1\" \/>\n<link rel=\"canonical\" href=\"https:\/\/wordpress.ft.unicamp.br\/aeasilva\/\" \/>\n<meta property=\"og:locale\" content=\"pt_BR\" \/>\n<meta property=\"og:type\" content=\"article\" \/>\n<meta property=\"og:title\" content=\"Apresenta\u00e7\u00e3o - Profa. Dra. Ana Estela Antunes da Silva\" \/>\n<meta property=\"og:description\" content=\"Gradua\u00e7\u00e3o: Ci\u00eancia da Computa\u00e7\u00e3o pelo Instituto de Computa\u00e7\u00e3o da Universidade Estadual de Campinas. &lt;http:\/\/www.ic.unicamp.br&gt; Mestrado: Ci\u00eancia da Computa\u00e7\u00e3o pela Massey University &lt;http:\/\/www.massey.ac.nz\/massey\/home.cfm&gt; Doutorado:\u00a0Engenharia El\u00e9trica com \u00eanfase em Engenharia da Computa\u00e7\u00e3o pela Faculdade de Engenharia El\u00e9trica e de Computa\u00e7\u00e3o da Universidade &hellip; Continue lendo &rarr;\" \/>\n<meta property=\"og:url\" content=\"https:\/\/wordpress.ft.unicamp.br\/aeasilva\/\" \/>\n<meta property=\"og:site_name\" content=\"Profa. Dra. Ana Estela Antunes da Silva\" \/>\n<meta property=\"article:modified_time\" content=\"2018-02-16T18:42:14+00:00\" \/>\n<meta property=\"og:image\" content=\"http:\/\/wordpress.ft.unicamp.br\/aeasilva\/wp-content\/uploads\/sites\/18\/2018\/02\/foto-s\u00e3o-pedro-2-297x300.jpg\" \/>\n<meta name=\"twitter:card\" content=\"summary_large_image\" \/>\n<meta name=\"twitter:label1\" content=\"Est. tempo de leitura\" \/>\n\t<meta name=\"twitter:data1\" content=\"1 minuto\" \/>\n<script type=\"application\/ld+json\" class=\"yoast-schema-graph\">{\"@context\":\"https:\\\/\\\/schema.org\",\"@graph\":[{\"@type\":\"WebPage\",\"@id\":\"https:\\\/\\\/wordpress.ft.unicamp.br\\\/aeasilva\\\/\",\"url\":\"https:\\\/\\\/wordpress.ft.unicamp.br\\\/aeasilva\\\/\",\"name\":\"Apresenta\u00e7\u00e3o - Profa. Dra. Ana Estela Antunes da Silva\",\"isPartOf\":{\"@id\":\"https:\\\/\\\/wordpress.ft.unicamp.br\\\/aeasilva\\\/#website\"},\"datePublished\":\"2017-03-29T16:38:20+00:00\",\"dateModified\":\"2018-02-16T18:42:14+00:00\",\"breadcrumb\":{\"@id\":\"https:\\\/\\\/wordpress.ft.unicamp.br\\\/aeasilva\\\/#breadcrumb\"},\"inLanguage\":\"pt-BR\",\"potentialAction\":[{\"@type\":\"ReadAction\",\"target\":[\"https:\\\/\\\/wordpress.ft.unicamp.br\\\/aeasilva\\\/\"]}]},{\"@type\":\"BreadcrumbList\",\"@id\":\"https:\\\/\\\/wordpress.ft.unicamp.br\\\/aeasilva\\\/#breadcrumb\",\"itemListElement\":[{\"@type\":\"ListItem\",\"position\":1,\"name\":\"Home\",\"item\":\"https:\\\/\\\/wordpress.ft.unicamp.br\\\/aeasilva\\\/\"},{\"@type\":\"ListItem\",\"position\":2,\"name\":\"Apresenta\u00e7\u00e3o\"}]},{\"@type\":\"WebSite\",\"@id\":\"https:\\\/\\\/wordpress.ft.unicamp.br\\\/aeasilva\\\/#website\",\"url\":\"https:\\\/\\\/wordpress.ft.unicamp.br\\\/aeasilva\\\/\",\"name\":\"Profa. Dra. Ana Estela Antunes da Silva\",\"description\":\"\",\"potentialAction\":[{\"@type\":\"SearchAction\",\"target\":{\"@type\":\"EntryPoint\",\"urlTemplate\":\"https:\\\/\\\/wordpress.ft.unicamp.br\\\/aeasilva\\\/?s={search_term_string}\"},\"query-input\":{\"@type\":\"PropertyValueSpecification\",\"valueRequired\":true,\"valueName\":\"search_term_string\"}}],\"inLanguage\":\"pt-BR\"}]}<\/script>\n<!-- \/ Yoast SEO plugin. -->","yoast_head_json":{"title":"Apresenta\u00e7\u00e3o - Profa. Dra. Ana Estela Antunes da Silva","robots":{"index":"index","follow":"follow","max-snippet":"max-snippet:-1","max-image-preview":"max-image-preview:large","max-video-preview":"max-video-preview:-1"},"canonical":"https:\/\/wordpress.ft.unicamp.br\/aeasilva\/","og_locale":"pt_BR","og_type":"article","og_title":"Apresenta\u00e7\u00e3o - Profa. Dra. Ana Estela Antunes da Silva","og_description":"Gradua\u00e7\u00e3o: Ci\u00eancia da Computa\u00e7\u00e3o pelo Instituto de Computa\u00e7\u00e3o da Universidade Estadual de Campinas. &lt;http:\/\/www.ic.unicamp.br&gt; Mestrado: Ci\u00eancia da Computa\u00e7\u00e3o pela Massey University &lt;http:\/\/www.massey.ac.nz\/massey\/home.cfm&gt; Doutorado:\u00a0Engenharia El\u00e9trica com \u00eanfase em Engenharia da Computa\u00e7\u00e3o pela Faculdade de Engenharia El\u00e9trica e de Computa\u00e7\u00e3o da Universidade &hellip; Continue lendo &rarr;","og_url":"https:\/\/wordpress.ft.unicamp.br\/aeasilva\/","og_site_name":"Profa. Dra. Ana Estela Antunes da Silva","article_modified_time":"2018-02-16T18:42:14+00:00","og_image":[{"url":"http:\/\/wordpress.ft.unicamp.br\/aeasilva\/wp-content\/uploads\/sites\/18\/2018\/02\/foto-s\u00e3o-pedro-2-297x300.jpg","type":"","width":"","height":""}],"twitter_card":"summary_large_image","twitter_misc":{"Est. tempo de leitura":"1 minuto"},"schema":{"@context":"https:\/\/schema.org","@graph":[{"@type":"WebPage","@id":"https:\/\/wordpress.ft.unicamp.br\/aeasilva\/","url":"https:\/\/wordpress.ft.unicamp.br\/aeasilva\/","name":"Apresenta\u00e7\u00e3o - Profa. Dra. Ana Estela Antunes da Silva","isPartOf":{"@id":"https:\/\/wordpress.ft.unicamp.br\/aeasilva\/#website"},"datePublished":"2017-03-29T16:38:20+00:00","dateModified":"2018-02-16T18:42:14+00:00","breadcrumb":{"@id":"https:\/\/wordpress.ft.unicamp.br\/aeasilva\/#breadcrumb"},"inLanguage":"pt-BR","potentialAction":[{"@type":"ReadAction","target":["https:\/\/wordpress.ft.unicamp.br\/aeasilva\/"]}]},{"@type":"BreadcrumbList","@id":"https:\/\/wordpress.ft.unicamp.br\/aeasilva\/#breadcrumb","itemListElement":[{"@type":"ListItem","position":1,"name":"Home","item":"https:\/\/wordpress.ft.unicamp.br\/aeasilva\/"},{"@type":"ListItem","position":2,"name":"Apresenta\u00e7\u00e3o"}]},{"@type":"WebSite","@id":"https:\/\/wordpress.ft.unicamp.br\/aeasilva\/#website","url":"https:\/\/wordpress.ft.unicamp.br\/aeasilva\/","name":"Profa. Dra. Ana Estela Antunes da Silva","description":"","potentialAction":[{"@type":"SearchAction","target":{"@type":"EntryPoint","urlTemplate":"https:\/\/wordpress.ft.unicamp.br\/aeasilva\/?s={search_term_string}"},"query-input":{"@type":"PropertyValueSpecification","valueRequired":true,"valueName":"search_term_string"}}],"inLanguage":"pt-BR"}]}},"_links":{"self":[{"href":"https:\/\/wordpress.ft.unicamp.br\/aeasilva\/wp-json\/wp\/v2\/pages\/23","targetHints":{"allow":["GET"]}}],"collection":[{"href":"https:\/\/wordpress.ft.unicamp.br\/aeasilva\/wp-json\/wp\/v2\/pages"}],"about":[{"href":"https:\/\/wordpress.ft.unicamp.br\/aeasilva\/wp-json\/wp\/v2\/types\/page"}],"author":[{"embeddable":true,"href":"https:\/\/wordpress.ft.unicamp.br\/aeasilva\/wp-json\/wp\/v2\/users\/1"}],"replies":[{"embeddable":true,"href":"https:\/\/wordpress.ft.unicamp.br\/aeasilva\/wp-json\/wp\/v2\/comments?post=23"}],"version-history":[{"count":10,"href":"https:\/\/wordpress.ft.unicamp.br\/aeasilva\/wp-json\/wp\/v2\/pages\/23\/revisions"}],"predecessor-version":[{"id":296,"href":"https:\/\/wordpress.ft.unicamp.br\/aeasilva\/wp-json\/wp\/v2\/pages\/23\/revisions\/296"}],"wp:attachment":[{"href":"https:\/\/wordpress.ft.unicamp.br\/aeasilva\/wp-json\/wp\/v2\/media?parent=23"}],"curies":[{"name":"wp","href":"https:\/\/api.w.org\/{rel}","templated":true}]}}