{"id":6,"date":"2017-03-29T16:16:10","date_gmt":"2017-03-29T16:16:10","guid":{"rendered":"http:\/\/wordpress.ft.unicamp.br\/aeasilva\/?page_id=6"},"modified":"2017-11-30T12:59:08","modified_gmt":"2017-11-30T12:59:08","slug":"publicacoes","status":"publish","type":"page","link":"https:\/\/wordpress.ft.unicamp.br\/aeasilva\/publicacoes\/","title":{"rendered":"Publica\u00e7\u00f5es"},"content":{"rendered":"<p>&nbsp;<\/p>\n<p>Artigos em Peri\u00f3dicos<\/p>\n<p>1. NUNES, P. I. G. ; SOUZA, R. M. S. ; SILVA, ANA ESTELA ANTUNES DA . Mental Models Analysis and Comparison Based on Fuzzy Rules: A Case Study of the Protests of June and July 2013 in Brazil. IEEE T SYST MAN CY-S, v. PP, p. 1-13, 2016. &lt;\u00a0<a href=\"http:\/\/ieeexplore.ieee.org\/document\/7549075\/\">http:\/\/ieeexplore.ieee.org\/document\/7549075\/<\/a>&gt;<\/p>\n<p>2. MOREIRA, A. L. M. ; HAYASHI, T. W. N. ; COELHO, G. P. ; SILVA, A. E. A. . A Clustering Method for Weak Signals to Support Anticipative Intelligence. International Journal of Artificial Intelligence and Expert Systems, v. 6, p. 1-14, 2015. &lt;<a href=\"http:\/\/www.cscjournals.org\/library\/manuscriptinfo.php?mc=IJAE-165\">http:\/\/www.cscjournals.org\/library\/manuscriptinfo.php?mc=IJAE-165<\/a>&gt;<\/p>\n<p>3. SOUZA, R. M. S. ; COELHO, G. P. ; Silva, Ana Estela A. ; POZZA, S. A. . Using ensembles of artificial neural networks to improve PM10 forecasts. Chemical Engineering Transactions, v. 43, p. 2161-2166, 2015. \u00a0&lt;<a href=\"http:\/\/www.aidic.it\/cet\/15\/43\/361.pdf\">http:\/\/www.aidic.it\/cet\/15\/43\/361.pdf<\/a>&gt;<\/p>\n<p>4. ZAMBON, ANTONIO CARLOS ; SILVA, ANA ESTELA ANTUNES DA ; BAIOCO, GISELE BUSICHIA ; GRADVOHL, ANDR\u00c9 LEON SAMPAIO ; NUNES, PEDRO IVO GARCIA . OBSOLESC\u00caNCIA ACELERADA DE PRODUTOS TECNOL\u00d3GICOS E OS IMPACTOS NA SUSTENTABILIDADE DA PRODU\u00c7\u00c3O. RAM. Revista de Administra\u00e7\u00e3o Mackenzie (Online), v. 16, p. 231-258, 2015. &lt;<a href=\"http:\/\/editorarevistas.mackenzie.br\/index.php\/RAM\/article\/view\/5808\">http:\/\/editorarevistas.mackenzie.br\/index.php\/RAM\/article\/view\/5808<\/a>&gt;<\/p>\n<p>5. Bindilatti, A. A. ; SILVA, A. E. A. . Verification and validation of knowledge bases using test cases generated by restriction rules. International Journal of Artificial Intelligence and Expert Systems, v. 3, p. 117-125, 2012. &lt;<a href=\"http:\/\/www.cscjournals.org\/library\/manuscriptinfo.php?mc=IJAE-125\">http:\/\/www.cscjournals.org\/library\/manuscriptinfo.php?mc=IJAE-125<\/a>&gt;<\/p>\n<p>6. Coelho, Guilherme P. ; SILVA, A. E. A. ; Zuben, Fernando J. An immune-inspired multi-objective approach to the reconstruction of phylogenetic trees. Neural Computing &amp; Applications, p. 1433-3058, 2010. &lt;<a href=\"https:\/\/link.springer.com\/article\/10.1007\/s00521-010-0389-1\">https:\/\/link.springer.com\/article\/10.1007\/s00521-010-0389-1<\/a>&gt;<\/p>\n<p>7. SILVA, A. E. A.; VILLANUEVA, W J P ; KNIDEL, H ; BONATO, V ; REIS, S F dos ; VONZUBEN, Fernando Jos\u00e9 . A multi-neighbor-joining approach for phylogenetic tree reconstruction and visualization. Genetics and Molecular Research, Ribeir\u00e3o Preto, v. 4, n.3, p. 525-534, 2005. &lt;<a href=\"https:\/\/www.ncbi.nlm.nih.gov\/pubmed\/16342037\">https:\/\/www.ncbi.nlm.nih.gov\/pubmed\/16342037<\/a>&gt;<\/p>\n<p><strong>Artigos em Congressos<\/strong><\/p>\n<p>1.BARBOSA, R. ; SILVA, ANA ESTELA ANTUNES DA ; MORAES, R. L. O. Use of similarity measure to suggest the existence of duplicate user stories in the Scrum process. In: RADIANCE, 2016, Toulose. Proceedings of the 46th Annual IEEE\/IFIP International Conference on Dependable Systems and Networks (DSN), 2016., 2016. &lt;<a href=\"http:\/\/Use of similarity measure to suggest the existence of duplicate user stories in the Scrum process\">http:\/\/Use of similarity measure to suggest the existence of duplicate user stories in the Scrum process<\/a>&gt;<\/p>\n<p>2.BARBOSA, R. ; JANUARIO, D. ; Silva, Ana Estela A. ; MORAES, R. L. O. ; PEDRO, P. S. M. . An Approach to Clustering and Sequencing of Textual Requirements. In: RADIANCE, 2015, Rio de Janeiro. Proceedings of the 45th Annual IEEE\/IFIP International Conference on Dependable Systems and Networks (DSN), 2015., 2015. &lt;<a href=\"http:\/\/ieeexplore.ieee.org\/document\/7272550\/\">http:\/\/ieeexplore.ieee.org\/document\/7272550\/<\/a>&gt;<\/p>\n<p>3.NUNES, P. I. G. ; SILVA, A. E. A. ; BAIOCO, G. B. ; ZAMBON, A. C. . Mental models analysis based on fuzzy rules for collaborative decision-making. In: The 26th International Conference on Software Engineering and Knowledge Engineering, 2014, Vancouver. Proceedings of the The 26th International Conference on Software Engineering and Knowledge Engineering, 2014.&lt;<a href=\"http:\/\/Mental models analysis based on fuzzy rules for collaborative decision-making\">http:\/\/Mental models analysis based on fuzzy rules for collaborative decision-making<\/a>&gt;<\/p>\n<p>4.ZAMBON, A. C. ; SILVA, A. E. A. ; CHISTE,C. . Apoio \u00e0 decis\u00e3o na produ\u00e7\u00e3o agr\u00edcola: an\u00e1lise de cen\u00e1rios por meio do MORPH e simula\u00e7\u00e3o. In: XXXI Congreso Internacional de Costos, 2011, Punta del Este. Anais do XXXI Congreso Internacional de Costos, 2011. &lt;<a href=\"http:\/\/Apoio \u00e0 decis\u00e3o na produ\u00e7\u00e3o agr\u00edcola: an\u00e1lise de cen\u00e1rios por meio do MORPH e simula\u00e7\u00e3o\">http:\/\/Apoio \u00e0 decis\u00e3o na produ\u00e7\u00e3o agr\u00edcola: an\u00e1lise de cen\u00e1rios por meio do MORPH e simula\u00e7\u00e3o<\/a>&gt;<\/p>\n<p>5.Bindilatti, A. A. ; BELGAMO, A. ; SILVA, A. E. A. . APLICA\u00c7\u00c3O DA L\u00d3GICA NEBULOSA A MODELO DE CONHECIMENTO DO PROCESSO DE. In: 9a. Mostra Acad\u00eamica Unimep, 2011, Piracicaba. Anais da 9a. Mostra Acad\u00eamica Unimep. Piracicaba: Editora Unimep, 2011. &lt;<a href=\"http:\/\/www.unimep.br\/phpg\/mostraacademica\/anais\/9mostra\/1\/261.pdf\">http:\/\/www.unimep.br\/phpg\/mostraacademica\/anais\/9mostra\/1\/261.pdf<\/a>&gt;<\/p>\n<p>6.Borba, C.F. ; SILVA, A. E. A. . Knowledge-Based System for the Maintenance Registration and Consistency among UML Diagrams. In: Brazilian Symposium on Artificial Intelligence &#8211; SBIA -, 2010, S\u00e3o Bernardo do Campo. Lecture Notes On Artificial Inteligence. Berlim: Springer, 2010. p. 51-10. &lt;<a href=\"https:\/\/link.springer.com\/chapter\/10.1007\/978-3-642-16138-4_6\">https:\/\/link.springer.com\/chapter\/10.1007\/978-3-642-16138-4_6<\/a>&gt;<\/p>\n<p>7.Andrade, K ; SILVA, A. E. A. ; Crocomo, M . Um Algoritmo Evolutivo para a Adapta\u00e7\u00e3o de NPCs em um Jogo de A\u00e7\u00e3o. In: SC Games, 2009, Florian\u00f3polis. Anais do SC Games 2009, 2009. p. 1-10. &lt;<a href=\"https:\/\/www.semanticscholar.org\/paper\/Um-Algoritmo-Evolutivo-para-a-adaptac-a-o-de-NPCs-Andrade-Silva\/88224e54e5fd074593657cc6a9f397ee28472c0e\">https:\/\/www.semanticscholar.org\/paper\/Um-Algoritmo-Evolutivo-para-a-adaptac-a-o-de-NPCs-Andrade-Silva\/88224e54e5fd074593657cc6a9f397ee28472c0e<\/a>&gt;<\/p>\n<p>8.SILVEIRA, D. E. ; SILVA, A. E. A. . Um Sistema para Autoria de Regras de Intera\u00e7\u00e3o Baseadas no Modelo M-Forum. In: S\u00e9tima Mostra Acad\u00eamica Unimep, 2009, Piracicaba. Anais da s\u00e9tima Mostra Acad\u00eamica Unimep. Piracicaba: Editora Unimep, 2009. p. 1-5. &lt;<a href=\"http:\/\/www.unimep.br\/phpg\/mostraacademica\/anais\/7mostra\/1\/119.pdf\">http:\/\/www.unimep.br\/phpg\/mostraacademica\/anais\/7mostra\/1\/119.pdf<\/a>&gt;<\/p>\n<p>9.Borba, C.F. ; SILVA, A. E. A. . Representa\u00e7\u00e3o do Conhecimento para Manuten\u00e7\u00e3o de Diagramas UML. In: S\u00e9tima Mostra Acad\u00eamica da Unimep, 2009, Piracicaba. Anais da S\u00e9tima Mostra Acad\u00eamica da Unimep. Piracicaba: Edotira Unimep, 2009. p. 1-6. &lt;<a href=\"http:\/\/www.unimep.br\/phpg\/mostraacademica\/anais\/7mostra\/5\/398.pdf\">http:\/\/www.unimep.br\/phpg\/mostraacademica\/anais\/7mostra\/5\/398.pdf<\/a>&gt;<\/p>\n<p>10.SILVA, L. M. ; SILVA, A. E. A. . Modelagem para Base de Conhecimento para Tarefa de Classifica\u00e7\u00e3o em Minera\u00e7\u00e3o de Dados. In: S\u00e9tima Mostra Acad\u00eamica da Unimep, 2009, Piracicaba. Anais da S\u00e9tima Mostra Acad\u00eamica da Unimep. Piracicaba: Editora da Unimep, 2009. p. 1-5. &lt;<a href=\"http:\/\/www.unimep.br\/phpg\/mostraacademica\/anais\/7mostra\/5\/294.pdf\">http:\/\/www.unimep.br\/phpg\/mostraacademica\/anais\/7mostra\/5\/294.pdf<\/a>&gt;<\/p>\n<p>11.PEIXOTO, C. S. A. ; SILVA, A. E. A. . A conceptual Knowledge Base Representation for Agile Design of Human-Computer Interaction. In: Third International Symposium on Intelligent Information Technology Application, 2009. IITA 2009., 2009, Nanchang. Proceedings of the Third International Symposium on Intelligent Information Technology Application, 2009. IITA 2009., 2009. p. 156-160. &lt;<a href=\"http:\/\/ieeexplore.ieee.org\/document\/5368525\/\">http:\/\/ieeexplore.ieee.org\/document\/5368525\/<\/a>&gt;<\/p>\n<p>12. COELHO, G. P. ; SILVA, A. E. A. ; VONZUBEN, F J . Evolving Phylogenetic Trees: A Multiobjective Approach. In: BSB 2007, 2007, Angra dos Reis. Lecture Notes on Bioinformatics, 2007. p. 113-125. &lt;<a href=\"https:\/\/link.springer.com\/chapter\/10.1007\/978-3-540-73731-5_11\">https:\/\/link.springer.com\/chapter\/10.1007\/978-3-540-73731-5_11<\/a>&gt;<\/p>\n<p>13. COELHO, G. P. ; SILVA, A. E.A. ; VONZUBEN, F J . A Multiobjective Approach to Phylogenetic Trees: Selecting the Most Promising Solutions from the Pareto Front. In: International Systems Design and Applications &#8211; ISDA 2007, 2007, Santos. Seventh International Conference on Intelligent Systems Design and Applications, 2007. p. 837-842. &lt;<a href=\"http:\/\/ieeexplore.ieee.org\/document\/4389712\/\">http:\/\/ieeexplore.ieee.org\/document\/4389712\/<\/a>&gt;<\/p>\n<p>14.VOLPE, Fabio Curtis ; SILVA, A. E. A. . SIENA &#8211; SISTEMA DE INFORMA\u00c7\u00c3O PARA AN\u00c1LISE DOS INDICADORES DE ESTADO NUTRICIONAL E ALIMENTAR. In: V Mostra Acad\u00eamica, 2007, Piracicaba. Anais da V Mostra Acad\u00eamica, 2007. p. 1-4. &lt;<a href=\"http:\/\/www.unimep.br\/phpg\/mostraacademica\/anais\/5mostra\/2\/317.pdf\">http:\/\/www.unimep.br\/phpg\/mostraacademica\/anais\/5mostra\/2\/317.pdf<\/a>&gt;<\/p>\n<p>15.CRUZ, Odair Lima da ; SILVA, A. E. A. . Classifica\u00e7\u00e3o de Min\u00facias de impress\u00f5es digitais utilizando uma rede neural artificial MLP. In: 5\u00ba Congresso Nacional de Inicia\u00e7\u00e3o Cient\u00edfica, 2005, Santos. Anais do 5\u00ba Congresso Nacional de Inicia\u00e7\u00e3o Cient\u00edfica. Santos: UNIMONTE, 2005.<\/p>\n<p>16. SILVA, A. E. A.; VILLANUEVA, W J P ; KNIDEL, H ; BONATO, V ; REIS, S F dos ; VONZUBEN, F J . A Multi-Neighbor-Joining approach for phylogenetic reconstruction and visualization. In: Workshop Brasileiro de bioinform\u00e1tica, 2004, Bras\u00edlia. Anais do Terceiro Workshop Brasileiro de bioinform\u00e1tica, 2004. p. 73-80. &lt;<a href=\"http:\/\/www.funpecrp.com.br\/gmr\/year2005\/vol3-4\/wob03_full_text.htm\">http:\/\/www.funpecrp.com.br\/gmr\/year2005\/vol3-4\/wob03_full_text.htm<\/a>&gt;<\/p>\n<p>17.MARTINS, Luiz Eduardo Galv\u00e3o ; SILVA, A. E. A. . Um Modelo de Avalia\u00e7\u00e3o de Especifica\u00e7\u00f5es Semi-Formais de requisitos de Software Baseado na Teoria dos Conjuntos Nebulosos.. In: IV Workshop En Requerimientos Wer 2001, 2001, Buenos Aires. Proceedings of the Workshop on Rqieurements Engineering, 2001. p. 154-165. &lt;<a href=\"https:\/\/www.semanticscholar.org\/paper\/Um-Modelo-de-Avalia-o-de-Especifica-es-Semi-Martins-Silva\/d233db393b57dcfb80abc4d25d8ac6d6bcd72245\">https:\/\/www.semanticscholar.org\/paper\/Um-Modelo-de-Avalia-o-de-Especifica-es-Semi-Martins-Silva\/d233db393b57dcfb80abc4d25d8ac6d6bcd72245<\/a>&gt;<\/p>\n<p>18.SILVA, A. E. A.; CUNHA, K. E. B. K. ; VONZUBEN, Fernando Jos\u00e9 ; MARTINS, L. E. G. . Uma An\u00e1lise da Representatividade da Matriz_U para o Mapa Auto-Organiz\u00e1vel de Kohonen.. In: Encontro Nacional de Intelig\u00eancia Artificial, 2001, Fortaleza. Anais do XXI Congresso da Sociedade Brasileira de Computa\u00e7\u00e3o, 2001. p. 1-10. &lt;<a href=\"http:\/\/docplayer.com.br\/2291335-Encontro-nacional-de-inteligencia-artificial.html\">http:\/\/docplayer.com.br\/2291335-Encontro-nacional-de-inteligencia-artificial.html<\/a>&gt;<\/p>\n<p>19.MARTINS, L. E. G. ; SILVA, A. E. A. . Using Fuzzy Set Theory for Evaluating Software Requirements Specification. In: International Conference Software Engineering and Applications &#8211; IASTED, 2000, Las Vegas. Proceedings of the IASTED &#8211; International Conference Software Engineering and Applications, 2000. p. 67-72.<\/p>\n<p>21.PINTO, P. K. L. ; SILVA, A. E. A. . Estudo deT\u00e9cnicas e Algoritmos de Data Mining. In: 8\u00ba Congresso de Inicia\u00e7\u00e3o Cient\u00edfica da Unimep\/CNPq, 2000, Piracicaba. Anais do 8\u00ba Congresso de Inicia\u00e7\u00e3o Cient\u00edfica. Piracicaba: Editora Unimep, 2000. p. 187-188. &lt;<a href=\"http:\/\/www.unimep.br\/viceacad\/assessorias\/pesquisa\/8thCongr\/anais\/exatas09.htm\">http:\/\/www.unimep.br\/viceacad\/assessorias\/pesquisa\/8thCongr\/anais\/exatas09.htm<\/a>&gt;<\/p>\n<p>22.Kemp, E. ; Todd, E. ; SILVA, A. E. A. ; Gray,D. . Knowledge Acquisition applied to farmer decision making. In: Second Singapure International Conference on Intelligent Systems, 1994. Conference Proceedings of the SPICIS 94, 1994. p. 1-6 .<\/p>\n","protected":false},"excerpt":{"rendered":"<p>&nbsp; Artigos em Peri\u00f3dicos 1. NUNES, P. I. G. ; SOUZA, R. M. S. ; SILVA, ANA ESTELA ANTUNES DA . Mental Models Analysis and Comparison Based on Fuzzy Rules: A Case Study of the Protests of June and July &hellip; <a href=\"https:\/\/wordpress.ft.unicamp.br\/aeasilva\/publicacoes\/\">Continue lendo <span class=\"meta-nav\">&rarr;<\/span><\/a><\/p>\n","protected":false},"author":1,"featured_media":0,"parent":0,"menu_order":0,"comment_status":"closed","ping_status":"closed","template":"","meta":{"footnotes":""},"class_list":["post-6","page","type-page","status-publish","hentry"],"yoast_head":"<!-- This site is optimized with the Yoast SEO plugin v27.3 - https:\/\/yoast.com\/product\/yoast-seo-wordpress\/ -->\n<title>Publica\u00e7\u00f5es - Profa. Dra. Ana Estela Antunes da Silva<\/title>\n<meta name=\"robots\" content=\"index, follow, max-snippet:-1, max-image-preview:large, max-video-preview:-1\" \/>\n<link rel=\"canonical\" href=\"https:\/\/wordpress.ft.unicamp.br\/aeasilva\/publicacoes\/\" \/>\n<meta property=\"og:locale\" content=\"pt_BR\" \/>\n<meta property=\"og:type\" content=\"article\" \/>\n<meta property=\"og:title\" content=\"Publica\u00e7\u00f5es - Profa. Dra. Ana Estela Antunes da Silva\" \/>\n<meta property=\"og:description\" content=\"&nbsp; Artigos em Peri\u00f3dicos 1. NUNES, P. I. G. ; SOUZA, R. M. S. ; SILVA, ANA ESTELA ANTUNES DA . Mental Models Analysis and Comparison Based on Fuzzy Rules: A Case Study of the Protests of June and July &hellip; Continue lendo &rarr;\" \/>\n<meta property=\"og:url\" content=\"https:\/\/wordpress.ft.unicamp.br\/aeasilva\/publicacoes\/\" \/>\n<meta property=\"og:site_name\" content=\"Profa. Dra. Ana Estela Antunes da Silva\" \/>\n<meta property=\"article:modified_time\" content=\"2017-11-30T12:59:08+00:00\" \/>\n<meta name=\"twitter:card\" content=\"summary_large_image\" \/>\n<meta name=\"twitter:label1\" content=\"Est. tempo de leitura\" \/>\n\t<meta name=\"twitter:data1\" content=\"7 minutos\" \/>\n<script type=\"application\/ld+json\" class=\"yoast-schema-graph\">{\"@context\":\"https:\\\/\\\/schema.org\",\"@graph\":[{\"@type\":\"WebPage\",\"@id\":\"https:\\\/\\\/wordpress.ft.unicamp.br\\\/aeasilva\\\/publicacoes\\\/\",\"url\":\"https:\\\/\\\/wordpress.ft.unicamp.br\\\/aeasilva\\\/publicacoes\\\/\",\"name\":\"Publica\u00e7\u00f5es - Profa. Dra. Ana Estela Antunes da Silva\",\"isPartOf\":{\"@id\":\"https:\\\/\\\/wordpress.ft.unicamp.br\\\/aeasilva\\\/#website\"},\"datePublished\":\"2017-03-29T16:16:10+00:00\",\"dateModified\":\"2017-11-30T12:59:08+00:00\",\"breadcrumb\":{\"@id\":\"https:\\\/\\\/wordpress.ft.unicamp.br\\\/aeasilva\\\/publicacoes\\\/#breadcrumb\"},\"inLanguage\":\"pt-BR\",\"potentialAction\":[{\"@type\":\"ReadAction\",\"target\":[\"https:\\\/\\\/wordpress.ft.unicamp.br\\\/aeasilva\\\/publicacoes\\\/\"]}]},{\"@type\":\"BreadcrumbList\",\"@id\":\"https:\\\/\\\/wordpress.ft.unicamp.br\\\/aeasilva\\\/publicacoes\\\/#breadcrumb\",\"itemListElement\":[{\"@type\":\"ListItem\",\"position\":1,\"name\":\"Home\",\"item\":\"https:\\\/\\\/wordpress.ft.unicamp.br\\\/aeasilva\\\/\"},{\"@type\":\"ListItem\",\"position\":2,\"name\":\"Publica\u00e7\u00f5es\"}]},{\"@type\":\"WebSite\",\"@id\":\"https:\\\/\\\/wordpress.ft.unicamp.br\\\/aeasilva\\\/#website\",\"url\":\"https:\\\/\\\/wordpress.ft.unicamp.br\\\/aeasilva\\\/\",\"name\":\"Profa. Dra. Ana Estela Antunes da Silva\",\"description\":\"\",\"potentialAction\":[{\"@type\":\"SearchAction\",\"target\":{\"@type\":\"EntryPoint\",\"urlTemplate\":\"https:\\\/\\\/wordpress.ft.unicamp.br\\\/aeasilva\\\/?s={search_term_string}\"},\"query-input\":{\"@type\":\"PropertyValueSpecification\",\"valueRequired\":true,\"valueName\":\"search_term_string\"}}],\"inLanguage\":\"pt-BR\"}]}<\/script>\n<!-- \/ Yoast SEO plugin. -->","yoast_head_json":{"title":"Publica\u00e7\u00f5es - Profa. Dra. Ana Estela Antunes da Silva","robots":{"index":"index","follow":"follow","max-snippet":"max-snippet:-1","max-image-preview":"max-image-preview:large","max-video-preview":"max-video-preview:-1"},"canonical":"https:\/\/wordpress.ft.unicamp.br\/aeasilva\/publicacoes\/","og_locale":"pt_BR","og_type":"article","og_title":"Publica\u00e7\u00f5es - Profa. Dra. Ana Estela Antunes da Silva","og_description":"&nbsp; Artigos em Peri\u00f3dicos 1. NUNES, P. I. G. ; SOUZA, R. M. S. ; SILVA, ANA ESTELA ANTUNES DA . Mental Models Analysis and Comparison Based on Fuzzy Rules: A Case Study of the Protests of June and July &hellip; Continue lendo &rarr;","og_url":"https:\/\/wordpress.ft.unicamp.br\/aeasilva\/publicacoes\/","og_site_name":"Profa. Dra. Ana Estela Antunes da Silva","article_modified_time":"2017-11-30T12:59:08+00:00","twitter_card":"summary_large_image","twitter_misc":{"Est. tempo de leitura":"7 minutos"},"schema":{"@context":"https:\/\/schema.org","@graph":[{"@type":"WebPage","@id":"https:\/\/wordpress.ft.unicamp.br\/aeasilva\/publicacoes\/","url":"https:\/\/wordpress.ft.unicamp.br\/aeasilva\/publicacoes\/","name":"Publica\u00e7\u00f5es - Profa. Dra. Ana Estela Antunes da Silva","isPartOf":{"@id":"https:\/\/wordpress.ft.unicamp.br\/aeasilva\/#website"},"datePublished":"2017-03-29T16:16:10+00:00","dateModified":"2017-11-30T12:59:08+00:00","breadcrumb":{"@id":"https:\/\/wordpress.ft.unicamp.br\/aeasilva\/publicacoes\/#breadcrumb"},"inLanguage":"pt-BR","potentialAction":[{"@type":"ReadAction","target":["https:\/\/wordpress.ft.unicamp.br\/aeasilva\/publicacoes\/"]}]},{"@type":"BreadcrumbList","@id":"https:\/\/wordpress.ft.unicamp.br\/aeasilva\/publicacoes\/#breadcrumb","itemListElement":[{"@type":"ListItem","position":1,"name":"Home","item":"https:\/\/wordpress.ft.unicamp.br\/aeasilva\/"},{"@type":"ListItem","position":2,"name":"Publica\u00e7\u00f5es"}]},{"@type":"WebSite","@id":"https:\/\/wordpress.ft.unicamp.br\/aeasilva\/#website","url":"https:\/\/wordpress.ft.unicamp.br\/aeasilva\/","name":"Profa. Dra. Ana Estela Antunes da Silva","description":"","potentialAction":[{"@type":"SearchAction","target":{"@type":"EntryPoint","urlTemplate":"https:\/\/wordpress.ft.unicamp.br\/aeasilva\/?s={search_term_string}"},"query-input":{"@type":"PropertyValueSpecification","valueRequired":true,"valueName":"search_term_string"}}],"inLanguage":"pt-BR"}]}},"_links":{"self":[{"href":"https:\/\/wordpress.ft.unicamp.br\/aeasilva\/wp-json\/wp\/v2\/pages\/6","targetHints":{"allow":["GET"]}}],"collection":[{"href":"https:\/\/wordpress.ft.unicamp.br\/aeasilva\/wp-json\/wp\/v2\/pages"}],"about":[{"href":"https:\/\/wordpress.ft.unicamp.br\/aeasilva\/wp-json\/wp\/v2\/types\/page"}],"author":[{"embeddable":true,"href":"https:\/\/wordpress.ft.unicamp.br\/aeasilva\/wp-json\/wp\/v2\/users\/1"}],"replies":[{"embeddable":true,"href":"https:\/\/wordpress.ft.unicamp.br\/aeasilva\/wp-json\/wp\/v2\/comments?post=6"}],"version-history":[{"count":27,"href":"https:\/\/wordpress.ft.unicamp.br\/aeasilva\/wp-json\/wp\/v2\/pages\/6\/revisions"}],"predecessor-version":[{"id":261,"href":"https:\/\/wordpress.ft.unicamp.br\/aeasilva\/wp-json\/wp\/v2\/pages\/6\/revisions\/261"}],"wp:attachment":[{"href":"https:\/\/wordpress.ft.unicamp.br\/aeasilva\/wp-json\/wp\/v2\/media?parent=6"}],"curies":[{"name":"wp","href":"https:\/\/api.w.org\/{rel}","templated":true}]}}