{"id":81,"date":"2017-03-31T10:12:36","date_gmt":"2017-03-31T10:12:36","guid":{"rendered":"http:\/\/wordpress.ft.unicamp.br\/aeasilva\/?page_id=81"},"modified":"2018-02-16T19:24:46","modified_gmt":"2018-02-16T19:24:46","slug":"projetos","status":"publish","type":"page","link":"https:\/\/wordpress.ft.unicamp.br\/aeasilva\/projetos\/","title":{"rendered":"Pesquisa"},"content":{"rendered":"<p><strong>Grupo de Pesquisa<\/strong><\/p>\n<ul>\n<li><strong><a href=\"http:\/\/highpids.ft.unicamp.br\/\">Sistemas Inteligentes de Apoio \u00e0 Decis\u00e3o de Alto Desempenho &#8211; HighPIDS<\/a><\/strong><\/li>\n<li><strong><a href=\"https:\/\/zenodo.org\/communities\/highpids?page=1&amp;size=20\">Publica\u00e7\u00f5es do HighPIDS no Zenodo<\/a><\/strong><\/li>\n<\/ul>\n<p><strong>\u00c1reas de Pesquisa<\/strong><\/p>\n<ul>\n<li><a href=\"http:\/\/wordpress.ft.unicamp.br\/aeasilva\/projetos\/informacoes-sobre-clima-espacial\/\"><strong>Minera\u00e7\u00e3o de dados em\u00a0Clima Espacial<\/strong><\/a><\/li>\n<li><a href=\"http:\/\/wordpress.ft.unicamp.br\/aeasilva\/projetos\/informacoes-sobre-mineracao-de-texto\/\"><strong>Minera\u00e7\u00e3o de Texto<\/strong><\/a><\/li>\n<li><a href=\"http:\/\/wordpress.ft.unicamp.br\/aeasilva\/projetos\/pesquisa-na-area-inteligencia-antecipativa\/\"><b>Intelig\u00eancia Antecipativa<\/b><\/a><\/li>\n<\/ul>\n<p><strong>Disciplina ministrada na p\u00f3s-gradua\u00e7\u00e3o<\/strong><\/p>\n<ul>\n<li>Minera\u00e7\u00e3o de Dados<\/li>\n<\/ul>\n<p><strong>Dicas para escrita de trabalhos<\/strong><\/p>\n<ul>\n<li><strong><a href=\"https:\/\/www.overleaf.com\/latex\/templates\/template-para-teses-e-dissertacoes-na-ft-slash-unicamp\/rwmpsjnbtdzf#.WocZfdRzKUk\">Template para teses e disserta\u00e7\u00f5es na FT\/UNICAMP\u2019 for addition to the Overleaf Gallery<\/a><\/strong><\/li>\n<li><a href=\"http:\/\/wordpress.ft.unicamp.br\/aeasilva\/wp-content\/uploads\/sites\/18\/2018\/02\/ELEMENTOS-TEXTUAIS-DE-TCCs-DISSERTA\u00c7\u00d5ES.pdf\"><strong>Elementos textuais de trabalhos acad\u00eamicos<\/strong><\/a><\/li>\n<\/ul>\n<p><strong>Software para Minera\u00e7\u00e3o de Dados<\/strong><\/p>\n<ul>\n<li><strong><a href=\"http:\/\/fmeireles.com\/teaching\/r_um_guia_pratico.html\">Tutorial do software R<\/a><\/strong><\/li>\n<\/ul>\n<p><strong>Livros sobre Minera\u00e7\u00e3o de Dados<\/strong><\/p>\n<ul>\n<li><a href=\"http:\/\/www.kdnuggets.com\/2017\/04\/10-free-must-read-books-machine-learning-data-science.html\"><strong>Livros gratuitos sobre machine learning e data science<\/strong><\/a><\/li>\n<li><strong><a href=\"https:\/\/www.saraiva.com.br\/introducao-a-mineracao-de-dados-9319913.html?pac_id=123134&amp;gclid=EAIaIQobChMI_vvNjoer2QIVjIiRCh2n4A1-EAQYAyABEgLdePD_BwE\">Introdu\u00e7\u00e3o \u00e0 Minera\u00e7\u00e3o de Dados<\/a><\/strong><\/li>\n<li><strong><a href=\"https:\/\/www.elsevier.com\/books\/data-mining-concepts-and-techniques\/han\/978-0-12-381479-1\">Data Mining : Concepts and Techniques<\/a><\/strong><\/li>\n<\/ul>\n<p><strong>Parcerias<\/strong><\/p>\n<ul>\n<li>INPE &#8211; Instituto Nacional de Pesquisas Espaciais<\/li>\n<li>UFSCar &#8211; Universidade Federal de S\u00e3o Carlos<\/li>\n<\/ul>\n","protected":false},"excerpt":{"rendered":"<p>Grupo de Pesquisa Sistemas Inteligentes de Apoio \u00e0 Decis\u00e3o de Alto Desempenho &#8211; HighPIDS Publica\u00e7\u00f5es do HighPIDS no Zenodo \u00c1reas de Pesquisa Minera\u00e7\u00e3o de dados em\u00a0Clima Espacial Minera\u00e7\u00e3o de Texto Intelig\u00eancia Antecipativa Disciplina ministrada na p\u00f3s-gradua\u00e7\u00e3o Minera\u00e7\u00e3o de Dados Dicas &hellip; <a href=\"https:\/\/wordpress.ft.unicamp.br\/aeasilva\/projetos\/\">Continue lendo <span class=\"meta-nav\">&rarr;<\/span><\/a><\/p>\n","protected":false},"author":14,"featured_media":0,"parent":0,"menu_order":0,"comment_status":"closed","ping_status":"closed","template":"","meta":{"footnotes":""},"class_list":["post-81","page","type-page","status-publish","hentry"],"yoast_head":"<!-- This site is optimized with the Yoast SEO plugin v27.3 - https:\/\/yoast.com\/product\/yoast-seo-wordpress\/ -->\n<title>Pesquisa - Profa. Dra. Ana Estela Antunes da Silva<\/title>\n<meta name=\"robots\" content=\"index, follow, max-snippet:-1, max-image-preview:large, max-video-preview:-1\" \/>\n<link rel=\"canonical\" href=\"https:\/\/wordpress.ft.unicamp.br\/aeasilva\/projetos\/\" \/>\n<meta property=\"og:locale\" content=\"pt_BR\" \/>\n<meta property=\"og:type\" content=\"article\" \/>\n<meta property=\"og:title\" content=\"Pesquisa - Profa. Dra. Ana Estela Antunes da Silva\" \/>\n<meta property=\"og:description\" content=\"Grupo de Pesquisa Sistemas Inteligentes de Apoio \u00e0 Decis\u00e3o de Alto Desempenho &#8211; HighPIDS Publica\u00e7\u00f5es do HighPIDS no Zenodo \u00c1reas de Pesquisa Minera\u00e7\u00e3o de dados em\u00a0Clima Espacial Minera\u00e7\u00e3o de Texto Intelig\u00eancia Antecipativa Disciplina ministrada na p\u00f3s-gradua\u00e7\u00e3o Minera\u00e7\u00e3o de Dados Dicas &hellip; Continue lendo &rarr;\" \/>\n<meta property=\"og:url\" content=\"https:\/\/wordpress.ft.unicamp.br\/aeasilva\/projetos\/\" \/>\n<meta property=\"og:site_name\" content=\"Profa. Dra. Ana Estela Antunes da Silva\" \/>\n<meta property=\"article:modified_time\" content=\"2018-02-16T19:24:46+00:00\" \/>\n<meta name=\"twitter:card\" content=\"summary_large_image\" \/>\n<meta name=\"twitter:label1\" content=\"Est. tempo de leitura\" \/>\n\t<meta name=\"twitter:data1\" content=\"1 minuto\" \/>\n<script type=\"application\/ld+json\" class=\"yoast-schema-graph\">{\"@context\":\"https:\\\/\\\/schema.org\",\"@graph\":[{\"@type\":\"WebPage\",\"@id\":\"https:\\\/\\\/wordpress.ft.unicamp.br\\\/aeasilva\\\/projetos\\\/\",\"url\":\"https:\\\/\\\/wordpress.ft.unicamp.br\\\/aeasilva\\\/projetos\\\/\",\"name\":\"Pesquisa - Profa. Dra. Ana Estela Antunes da Silva\",\"isPartOf\":{\"@id\":\"https:\\\/\\\/wordpress.ft.unicamp.br\\\/aeasilva\\\/#website\"},\"datePublished\":\"2017-03-31T10:12:36+00:00\",\"dateModified\":\"2018-02-16T19:24:46+00:00\",\"breadcrumb\":{\"@id\":\"https:\\\/\\\/wordpress.ft.unicamp.br\\\/aeasilva\\\/projetos\\\/#breadcrumb\"},\"inLanguage\":\"pt-BR\",\"potentialAction\":[{\"@type\":\"ReadAction\",\"target\":[\"https:\\\/\\\/wordpress.ft.unicamp.br\\\/aeasilva\\\/projetos\\\/\"]}]},{\"@type\":\"BreadcrumbList\",\"@id\":\"https:\\\/\\\/wordpress.ft.unicamp.br\\\/aeasilva\\\/projetos\\\/#breadcrumb\",\"itemListElement\":[{\"@type\":\"ListItem\",\"position\":1,\"name\":\"Home\",\"item\":\"https:\\\/\\\/wordpress.ft.unicamp.br\\\/aeasilva\\\/\"},{\"@type\":\"ListItem\",\"position\":2,\"name\":\"Pesquisa\"}]},{\"@type\":\"WebSite\",\"@id\":\"https:\\\/\\\/wordpress.ft.unicamp.br\\\/aeasilva\\\/#website\",\"url\":\"https:\\\/\\\/wordpress.ft.unicamp.br\\\/aeasilva\\\/\",\"name\":\"Profa. Dra. Ana Estela Antunes da Silva\",\"description\":\"\",\"potentialAction\":[{\"@type\":\"SearchAction\",\"target\":{\"@type\":\"EntryPoint\",\"urlTemplate\":\"https:\\\/\\\/wordpress.ft.unicamp.br\\\/aeasilva\\\/?s={search_term_string}\"},\"query-input\":{\"@type\":\"PropertyValueSpecification\",\"valueRequired\":true,\"valueName\":\"search_term_string\"}}],\"inLanguage\":\"pt-BR\"}]}<\/script>\n<!-- \/ Yoast SEO plugin. -->","yoast_head_json":{"title":"Pesquisa - Profa. Dra. Ana Estela Antunes da Silva","robots":{"index":"index","follow":"follow","max-snippet":"max-snippet:-1","max-image-preview":"max-image-preview:large","max-video-preview":"max-video-preview:-1"},"canonical":"https:\/\/wordpress.ft.unicamp.br\/aeasilva\/projetos\/","og_locale":"pt_BR","og_type":"article","og_title":"Pesquisa - Profa. Dra. Ana Estela Antunes da Silva","og_description":"Grupo de Pesquisa Sistemas Inteligentes de Apoio \u00e0 Decis\u00e3o de Alto Desempenho &#8211; HighPIDS Publica\u00e7\u00f5es do HighPIDS no Zenodo \u00c1reas de Pesquisa Minera\u00e7\u00e3o de dados em\u00a0Clima Espacial Minera\u00e7\u00e3o de Texto Intelig\u00eancia Antecipativa Disciplina ministrada na p\u00f3s-gradua\u00e7\u00e3o Minera\u00e7\u00e3o de Dados Dicas &hellip; Continue lendo &rarr;","og_url":"https:\/\/wordpress.ft.unicamp.br\/aeasilva\/projetos\/","og_site_name":"Profa. Dra. Ana Estela Antunes da Silva","article_modified_time":"2018-02-16T19:24:46+00:00","twitter_card":"summary_large_image","twitter_misc":{"Est. tempo de leitura":"1 minuto"},"schema":{"@context":"https:\/\/schema.org","@graph":[{"@type":"WebPage","@id":"https:\/\/wordpress.ft.unicamp.br\/aeasilva\/projetos\/","url":"https:\/\/wordpress.ft.unicamp.br\/aeasilva\/projetos\/","name":"Pesquisa - Profa. Dra. Ana Estela Antunes da Silva","isPartOf":{"@id":"https:\/\/wordpress.ft.unicamp.br\/aeasilva\/#website"},"datePublished":"2017-03-31T10:12:36+00:00","dateModified":"2018-02-16T19:24:46+00:00","breadcrumb":{"@id":"https:\/\/wordpress.ft.unicamp.br\/aeasilva\/projetos\/#breadcrumb"},"inLanguage":"pt-BR","potentialAction":[{"@type":"ReadAction","target":["https:\/\/wordpress.ft.unicamp.br\/aeasilva\/projetos\/"]}]},{"@type":"BreadcrumbList","@id":"https:\/\/wordpress.ft.unicamp.br\/aeasilva\/projetos\/#breadcrumb","itemListElement":[{"@type":"ListItem","position":1,"name":"Home","item":"https:\/\/wordpress.ft.unicamp.br\/aeasilva\/"},{"@type":"ListItem","position":2,"name":"Pesquisa"}]},{"@type":"WebSite","@id":"https:\/\/wordpress.ft.unicamp.br\/aeasilva\/#website","url":"https:\/\/wordpress.ft.unicamp.br\/aeasilva\/","name":"Profa. Dra. Ana Estela Antunes da Silva","description":"","potentialAction":[{"@type":"SearchAction","target":{"@type":"EntryPoint","urlTemplate":"https:\/\/wordpress.ft.unicamp.br\/aeasilva\/?s={search_term_string}"},"query-input":{"@type":"PropertyValueSpecification","valueRequired":true,"valueName":"search_term_string"}}],"inLanguage":"pt-BR"}]}},"_links":{"self":[{"href":"https:\/\/wordpress.ft.unicamp.br\/aeasilva\/wp-json\/wp\/v2\/pages\/81","targetHints":{"allow":["GET"]}}],"collection":[{"href":"https:\/\/wordpress.ft.unicamp.br\/aeasilva\/wp-json\/wp\/v2\/pages"}],"about":[{"href":"https:\/\/wordpress.ft.unicamp.br\/aeasilva\/wp-json\/wp\/v2\/types\/page"}],"author":[{"embeddable":true,"href":"https:\/\/wordpress.ft.unicamp.br\/aeasilva\/wp-json\/wp\/v2\/users\/14"}],"replies":[{"embeddable":true,"href":"https:\/\/wordpress.ft.unicamp.br\/aeasilva\/wp-json\/wp\/v2\/comments?post=81"}],"version-history":[{"count":31,"href":"https:\/\/wordpress.ft.unicamp.br\/aeasilva\/wp-json\/wp\/v2\/pages\/81\/revisions"}],"predecessor-version":[{"id":297,"href":"https:\/\/wordpress.ft.unicamp.br\/aeasilva\/wp-json\/wp\/v2\/pages\/81\/revisions\/297"}],"wp:attachment":[{"href":"https:\/\/wordpress.ft.unicamp.br\/aeasilva\/wp-json\/wp\/v2\/media?parent=81"}],"curies":[{"name":"wp","href":"https:\/\/api.w.org\/{rel}","templated":true}]}}