{"id":12,"date":"2018-03-21T12:32:42","date_gmt":"2018-03-21T12:32:42","guid":{"rendered":"http:\/\/wordpress.ft.unicamp.br\/aopworkshop\/?page_id=12"},"modified":"2018-06-29T16:45:46","modified_gmt":"2018-06-29T16:45:46","slug":"organizing-committee","status":"publish","type":"page","link":"https:\/\/wordpress.ft.unicamp.br\/aopworkshop\/organizing-committee\/","title":{"rendered":"Organizing Committee"},"content":{"rendered":"<p>Chairman: <a href=\"http:\/\/buscatextual.cnpq.br\/buscatextual\/visualizacv.do?id=K4702078Y6\">Prof. Dr Renato Falc\u00e3o Dantas<\/a><\/p>\n<p>Vice Chairman <a href=\"http:\/\/buscatextual.cnpq.br\/buscatextual\/visualizacv.do?id=K4766949T6\">Prof. Dr Enelton Fagnani<\/a><\/p>\n<p>Scientific director: <a href=\"http:\/\/buscatextual.cnpq.br\/buscatextual\/visualizacv.do?id=K4751117E8\">Dr Joyce Cristale<\/a><\/p>\n<p><a href=\"http:\/\/buscatextual.cnpq.br\/buscatextual\/visualizacv.do?id=K4305410Z4\">Ra\u00edssa Ol\u00edvia Barbacena<\/a><\/p>\n<p><a href=\"http:\/\/buscatextual.cnpq.br\/buscatextual\/visualizacv.do?id=K4470830U8\">Jos\u00e9 Paulo Diogo Junior<\/a><\/p>\n<p><a href=\"http:\/\/buscatextual.cnpq.br\/buscatextual\/visualizacv.do?id=K4760529D7\">Paulo Eduardo dos Santos Soldera<\/a><\/p>\n<p>&nbsp;<\/p>\n<p>&nbsp;<\/p>\n<p>________________________________<\/p>\n<p>SPONSORS:<\/p>\n<p><a href=\"http:\/\/wordpress.ft.unicamp.br\/aopworkshop\/home\/ueccor2\/\" rel=\"attachment wp-att-77\"><img decoding=\"async\" class=\"alignnone wp-image-77\" src=\"http:\/\/wordpress.ft.unicamp.br\/aopworkshop\/wp-content\/uploads\/sites\/43\/2018\/04\/UECCOR2.jpg\" alt=\"\" width=\"90\" height=\"101\" \/><\/a> <a href=\"http:\/\/wordpress.ft.unicamp.br\/aopworkshop\/home\/logoft\/\" rel=\"attachment wp-att-76\"><img decoding=\"async\" class=\"alignnone size-full wp-image-76\" src=\"http:\/\/wordpress.ft.unicamp.br\/aopworkshop\/wp-content\/uploads\/sites\/43\/2018\/04\/logoFT.png\" alt=\"\" width=\"97\" height=\"88\" \/><\/a> <a href=\"http:\/\/wordpress.ft.unicamp.br\/aopworkshop\/home\/logo_fapesp\/\" rel=\"attachment wp-att-75\"><img decoding=\"async\" class=\"alignnone size-medium wp-image-75\" src=\"http:\/\/wordpress.ft.unicamp.br\/aopworkshop\/wp-content\/uploads\/sites\/43\/2018\/04\/logo_fapesp-300x89.gif\" alt=\"\" width=\"300\" height=\"89\" \/><\/a><\/p>\n<p><a href=\"http:\/\/cial-paulinia.com.br\/\" rel=\"attachment wp-att-112\"><img loading=\"lazy\" decoding=\"async\" class=\"alignnone size-full wp-image-112\" src=\"http:\/\/wordpress.ft.unicamp.br\/aopworkshop\/wp-content\/uploads\/sites\/43\/2018\/06\/Logotipo-CIAL.png\" alt=\"\" width=\"247\" height=\"93\" \/><\/a><\/p>\n","protected":false},"excerpt":{"rendered":"<p>Chairman: Prof. Dr Renato Falc\u00e3o Dantas Vice Chairman Prof. Dr Enelton Fagnani Scientific director: Dr Joyce Cristale Ra\u00edssa Ol\u00edvia Barbacena Jos\u00e9 Paulo Diogo Junior Paulo Eduardo dos Santos Soldera &nbsp; &nbsp; ________________________________ SPONSORS:<\/p>\n","protected":false},"author":1,"featured_media":0,"parent":0,"menu_order":0,"comment_status":"closed","ping_status":"closed","template":"","meta":{"footnotes":""},"class_list":["post-12","page","type-page","status-publish","hentry"],"yoast_head":"<!-- This site is optimized with the Yoast SEO plugin v27.5 - https:\/\/yoast.com\/product\/yoast-seo-wordpress\/ -->\n<title>Organizing Committee - 1st Workshop S\u00e3o Paulo-Germany of advanced oxidation processes<\/title>\n<meta name=\"robots\" content=\"index, follow, max-snippet:-1, max-image-preview:large, max-video-preview:-1\" \/>\n<link rel=\"canonical\" href=\"https:\/\/wordpress.ft.unicamp.br\/aopworkshop\/organizing-committee\/\" \/>\n<meta property=\"og:locale\" content=\"en_US\" \/>\n<meta property=\"og:type\" content=\"article\" \/>\n<meta property=\"og:title\" content=\"Organizing Committee - 1st Workshop S\u00e3o Paulo-Germany of advanced oxidation processes\" \/>\n<meta property=\"og:description\" content=\"Chairman: Prof. Dr Renato Falc\u00e3o Dantas Vice Chairman Prof. Dr Enelton Fagnani Scientific director: Dr Joyce Cristale Ra\u00edssa Ol\u00edvia Barbacena Jos\u00e9 Paulo Diogo Junior Paulo Eduardo dos Santos Soldera &nbsp; &nbsp; ________________________________ SPONSORS:\" \/>\n<meta property=\"og:url\" content=\"https:\/\/wordpress.ft.unicamp.br\/aopworkshop\/organizing-committee\/\" \/>\n<meta property=\"og:site_name\" content=\"1st Workshop S\u00e3o Paulo-Germany of advanced oxidation processes\" \/>\n<meta property=\"article:modified_time\" content=\"2018-06-29T16:45:46+00:00\" \/>\n<meta property=\"og:image\" content=\"http:\/\/wordpress.ft.unicamp.br\/aopworkshop\/wp-content\/uploads\/sites\/43\/2018\/04\/UECCOR2.jpg\" \/>\n<meta name=\"twitter:card\" content=\"summary_large_image\" \/>\n<script type=\"application\/ld+json\" class=\"yoast-schema-graph\">{\"@context\":\"https:\\\/\\\/schema.org\",\"@graph\":[{\"@type\":\"WebPage\",\"@id\":\"https:\\\/\\\/wordpress.ft.unicamp.br\\\/aopworkshop\\\/organizing-committee\\\/\",\"url\":\"https:\\\/\\\/wordpress.ft.unicamp.br\\\/aopworkshop\\\/organizing-committee\\\/\",\"name\":\"Organizing Committee - 1st Workshop S\u00e3o Paulo-Germany of advanced oxidation processes\",\"isPartOf\":{\"@id\":\"https:\\\/\\\/wordpress.ft.unicamp.br\\\/aopworkshop\\\/#website\"},\"primaryImageOfPage\":{\"@id\":\"https:\\\/\\\/wordpress.ft.unicamp.br\\\/aopworkshop\\\/organizing-committee\\\/#primaryimage\"},\"image\":{\"@id\":\"https:\\\/\\\/wordpress.ft.unicamp.br\\\/aopworkshop\\\/organizing-committee\\\/#primaryimage\"},\"thumbnailUrl\":\"http:\\\/\\\/wordpress.ft.unicamp.br\\\/aopworkshop\\\/wp-content\\\/uploads\\\/sites\\\/43\\\/2018\\\/04\\\/UECCOR2.jpg\",\"datePublished\":\"2018-03-21T12:32:42+00:00\",\"dateModified\":\"2018-06-29T16:45:46+00:00\",\"breadcrumb\":{\"@id\":\"https:\\\/\\\/wordpress.ft.unicamp.br\\\/aopworkshop\\\/organizing-committee\\\/#breadcrumb\"},\"inLanguage\":\"en-US\",\"potentialAction\":[{\"@type\":\"ReadAction\",\"target\":[\"https:\\\/\\\/wordpress.ft.unicamp.br\\\/aopworkshop\\\/organizing-committee\\\/\"]}]},{\"@type\":\"ImageObject\",\"inLanguage\":\"en-US\",\"@id\":\"https:\\\/\\\/wordpress.ft.unicamp.br\\\/aopworkshop\\\/organizing-committee\\\/#primaryimage\",\"url\":\"https:\\\/\\\/wordpress.ft.unicamp.br\\\/aopworkshop\\\/wp-content\\\/uploads\\\/sites\\\/43\\\/2018\\\/04\\\/UECCOR2.jpg\",\"contentUrl\":\"https:\\\/\\\/wordpress.ft.unicamp.br\\\/aopworkshop\\\/wp-content\\\/uploads\\\/sites\\\/43\\\/2018\\\/04\\\/UECCOR2.jpg\",\"width\":230,\"height\":258},{\"@type\":\"BreadcrumbList\",\"@id\":\"https:\\\/\\\/wordpress.ft.unicamp.br\\\/aopworkshop\\\/organizing-committee\\\/#breadcrumb\",\"itemListElement\":[{\"@type\":\"ListItem\",\"position\":1,\"name\":\"Home\",\"item\":\"https:\\\/\\\/wordpress.ft.unicamp.br\\\/aopworkshop\\\/\"},{\"@type\":\"ListItem\",\"position\":2,\"name\":\"Organizing Committee\"}]},{\"@type\":\"WebSite\",\"@id\":\"https:\\\/\\\/wordpress.ft.unicamp.br\\\/aopworkshop\\\/#website\",\"url\":\"https:\\\/\\\/wordpress.ft.unicamp.br\\\/aopworkshop\\\/\",\"name\":\"1st Workshop S\u00e3o Paulo-Germany of advanced oxidation processes\",\"description\":\"Interferences, toxicity assessment and byproducts identification\",\"potentialAction\":[{\"@type\":\"SearchAction\",\"target\":{\"@type\":\"EntryPoint\",\"urlTemplate\":\"https:\\\/\\\/wordpress.ft.unicamp.br\\\/aopworkshop\\\/?s={search_term_string}\"},\"query-input\":{\"@type\":\"PropertyValueSpecification\",\"valueRequired\":true,\"valueName\":\"search_term_string\"}}],\"inLanguage\":\"en-US\"}]}<\/script>\n<!-- \/ Yoast SEO plugin. -->","yoast_head_json":{"title":"Organizing Committee - 1st Workshop S\u00e3o Paulo-Germany of advanced oxidation processes","robots":{"index":"index","follow":"follow","max-snippet":"max-snippet:-1","max-image-preview":"max-image-preview:large","max-video-preview":"max-video-preview:-1"},"canonical":"https:\/\/wordpress.ft.unicamp.br\/aopworkshop\/organizing-committee\/","og_locale":"en_US","og_type":"article","og_title":"Organizing Committee - 1st Workshop S\u00e3o Paulo-Germany of advanced oxidation processes","og_description":"Chairman: Prof. Dr Renato Falc\u00e3o Dantas Vice Chairman Prof. Dr Enelton Fagnani Scientific director: Dr Joyce Cristale Ra\u00edssa Ol\u00edvia Barbacena Jos\u00e9 Paulo Diogo Junior Paulo Eduardo dos Santos Soldera &nbsp; &nbsp; ________________________________ SPONSORS:","og_url":"https:\/\/wordpress.ft.unicamp.br\/aopworkshop\/organizing-committee\/","og_site_name":"1st Workshop S\u00e3o Paulo-Germany of advanced oxidation processes","article_modified_time":"2018-06-29T16:45:46+00:00","og_image":[{"url":"http:\/\/wordpress.ft.unicamp.br\/aopworkshop\/wp-content\/uploads\/sites\/43\/2018\/04\/UECCOR2.jpg","type":"","width":"","height":""}],"twitter_card":"summary_large_image","schema":{"@context":"https:\/\/schema.org","@graph":[{"@type":"WebPage","@id":"https:\/\/wordpress.ft.unicamp.br\/aopworkshop\/organizing-committee\/","url":"https:\/\/wordpress.ft.unicamp.br\/aopworkshop\/organizing-committee\/","name":"Organizing Committee - 1st Workshop S\u00e3o Paulo-Germany of advanced oxidation processes","isPartOf":{"@id":"https:\/\/wordpress.ft.unicamp.br\/aopworkshop\/#website"},"primaryImageOfPage":{"@id":"https:\/\/wordpress.ft.unicamp.br\/aopworkshop\/organizing-committee\/#primaryimage"},"image":{"@id":"https:\/\/wordpress.ft.unicamp.br\/aopworkshop\/organizing-committee\/#primaryimage"},"thumbnailUrl":"http:\/\/wordpress.ft.unicamp.br\/aopworkshop\/wp-content\/uploads\/sites\/43\/2018\/04\/UECCOR2.jpg","datePublished":"2018-03-21T12:32:42+00:00","dateModified":"2018-06-29T16:45:46+00:00","breadcrumb":{"@id":"https:\/\/wordpress.ft.unicamp.br\/aopworkshop\/organizing-committee\/#breadcrumb"},"inLanguage":"en-US","potentialAction":[{"@type":"ReadAction","target":["https:\/\/wordpress.ft.unicamp.br\/aopworkshop\/organizing-committee\/"]}]},{"@type":"ImageObject","inLanguage":"en-US","@id":"https:\/\/wordpress.ft.unicamp.br\/aopworkshop\/organizing-committee\/#primaryimage","url":"https:\/\/wordpress.ft.unicamp.br\/aopworkshop\/wp-content\/uploads\/sites\/43\/2018\/04\/UECCOR2.jpg","contentUrl":"https:\/\/wordpress.ft.unicamp.br\/aopworkshop\/wp-content\/uploads\/sites\/43\/2018\/04\/UECCOR2.jpg","width":230,"height":258},{"@type":"BreadcrumbList","@id":"https:\/\/wordpress.ft.unicamp.br\/aopworkshop\/organizing-committee\/#breadcrumb","itemListElement":[{"@type":"ListItem","position":1,"name":"Home","item":"https:\/\/wordpress.ft.unicamp.br\/aopworkshop\/"},{"@type":"ListItem","position":2,"name":"Organizing Committee"}]},{"@type":"WebSite","@id":"https:\/\/wordpress.ft.unicamp.br\/aopworkshop\/#website","url":"https:\/\/wordpress.ft.unicamp.br\/aopworkshop\/","name":"1st Workshop S\u00e3o Paulo-Germany of advanced oxidation processes","description":"Interferences, toxicity assessment and byproducts identification","potentialAction":[{"@type":"SearchAction","target":{"@type":"EntryPoint","urlTemplate":"https:\/\/wordpress.ft.unicamp.br\/aopworkshop\/?s={search_term_string}"},"query-input":{"@type":"PropertyValueSpecification","valueRequired":true,"valueName":"search_term_string"}}],"inLanguage":"en-US"}]}},"_links":{"self":[{"href":"https:\/\/wordpress.ft.unicamp.br\/aopworkshop\/wp-json\/wp\/v2\/pages\/12","targetHints":{"allow":["GET"]}}],"collection":[{"href":"https:\/\/wordpress.ft.unicamp.br\/aopworkshop\/wp-json\/wp\/v2\/pages"}],"about":[{"href":"https:\/\/wordpress.ft.unicamp.br\/aopworkshop\/wp-json\/wp\/v2\/types\/page"}],"author":[{"embeddable":true,"href":"https:\/\/wordpress.ft.unicamp.br\/aopworkshop\/wp-json\/wp\/v2\/users\/1"}],"replies":[{"embeddable":true,"href":"https:\/\/wordpress.ft.unicamp.br\/aopworkshop\/wp-json\/wp\/v2\/comments?post=12"}],"version-history":[{"count":5,"href":"https:\/\/wordpress.ft.unicamp.br\/aopworkshop\/wp-json\/wp\/v2\/pages\/12\/revisions"}],"predecessor-version":[{"id":120,"href":"https:\/\/wordpress.ft.unicamp.br\/aopworkshop\/wp-json\/wp\/v2\/pages\/12\/revisions\/120"}],"wp:attachment":[{"href":"https:\/\/wordpress.ft.unicamp.br\/aopworkshop\/wp-json\/wp\/v2\/media?parent=12"}],"curies":[{"name":"wp","href":"https:\/\/api.w.org\/{rel}","templated":true}]}}