{"id":112,"date":"2017-08-16T22:50:04","date_gmt":"2017-08-16T22:50:04","guid":{"rendered":"http:\/\/wordpress.ft.unicamp.br\/bernardotf\/?page_id=112"},"modified":"2018-08-10T23:21:54","modified_gmt":"2018-08-10T23:21:54","slug":"vants-fotogrametria","status":"publish","type":"page","link":"https:\/\/wordpress.ft.unicamp.br\/bernardotf\/pt\/l-geo-2\/vants-fotogrametria\/","title":{"rendered":"VANT&#8217;s &amp; Fotogrametria"},"content":{"rendered":"<p><a href=\"http:\/\/www.photogrammetry.com\/index.htm\" target=\"_blank\" rel=\"noopener\">fotogrametria<\/a><\/p>\n<p>software<\/p>\n<p><a href=\"http:\/\/ardupilot.org\/\" target=\"_blank\" rel=\"noopener\">mission planner<\/a><\/p>\n<p><a href=\"http:\/\/www.agisoft.com\/\" target=\"_blank\" rel=\"noopener\">photoscan<\/a><\/p>\n<p>hardware<\/p>\n<p><a href=\"https:\/\/www.pugetsystems.com\/recommended\/Recommended-Systems-for-Agisoft-PhotoScan-145\/Hardware-Recommendations\" target=\"_blank\" rel=\"noopener\">esta\u00e7\u00e3o de processamento<\/a><\/p>\n<p><a href=\"http:\/\/geopad.ucr.edu\/\" target=\"_blank\" rel=\"noopener\">sistema de mapeamento (geol\u00f3gico) digital<\/a><\/p>\n<p>planejamento de v\u00f4os x condi\u00e7\u00f5es meteorol\u00f3gicas<\/p>\n<p><a href=\"http:\/\/www.cptec.inpe.br\/\" target=\"_blank\" rel=\"noopener\">cptec\/inpe<\/a><\/p>\n<p><a href=\"https:\/\/www.windy.com\/\" target=\"_blank\" rel=\"noopener\">windy.com<\/a><\/p>\n<p>refer\u00eancias<\/p>\n<p><a href=\"https:\/\/www.journals.elsevier.com\/isprs-journal-of-photogrammetry-and-remote-sensing\" target=\"_blank\" rel=\"noopener\">journal of photogrammetry and remote sensing<\/a><\/p>\n<p><a href=\"http:\/\/www.springer.com\/earth+sciences+and+geography\/geography\/journal\/41064\" target=\"_blank\" rel=\"noopener\">journal of photogrammetry, remote sensing and geoinformation science<\/a><\/p>\n<p><a href=\"https:\/\/www.journals.elsevier.com\/computers-and-geosciences\" target=\"_blank\" rel=\"noopener\">computer &amp; geosciences<\/a><\/p>\n","protected":false},"excerpt":{"rendered":"<p>fotogrametria software mission planner photoscan hardware esta\u00e7\u00e3o de processamento sistema de mapeamento (geol\u00f3gico) digital planejamento de v\u00f4os x condi\u00e7\u00f5es meteorol\u00f3gicas cptec\/inpe windy.com refer\u00eancias journal of photogrammetry and remote sensing journal of photogrammetry, remote sensing and geoinformation science computer &amp; geosciences<\/p>\n","protected":false},"author":22,"featured_media":0,"parent":24,"menu_order":0,"comment_status":"closed","ping_status":"closed","template":"","meta":{"footnotes":""},"class_list":["post-112","page","type-page","status-publish","hentry"],"yoast_head":"<!-- This site is optimized with the Yoast SEO plugin v27.5 - https:\/\/yoast.com\/product\/yoast-seo-wordpress\/ -->\n<title>VANT&#039;s &amp; Fotogrametria - Prof. Bernardo T. Freitas<\/title>\n<meta name=\"robots\" content=\"index, follow, max-snippet:-1, max-image-preview:large, max-video-preview:-1\" \/>\n<link rel=\"canonical\" href=\"https:\/\/wordpress.ft.unicamp.br\/bernardotf\/pt\/l-geo-2\/vants-fotogrametria\/\" \/>\n<meta property=\"og:locale\" content=\"en_US\" \/>\n<meta property=\"og:type\" content=\"article\" \/>\n<meta property=\"og:title\" content=\"VANT&#039;s &amp; Fotogrametria - Prof. Bernardo T. Freitas\" \/>\n<meta property=\"og:description\" content=\"fotogrametria software mission planner photoscan hardware esta\u00e7\u00e3o de processamento sistema de mapeamento (geol\u00f3gico) digital planejamento de v\u00f4os x condi\u00e7\u00f5es meteorol\u00f3gicas cptec\/inpe windy.com refer\u00eancias journal of photogrammetry and remote sensing journal of photogrammetry, remote sensing and geoinformation science computer &amp; geosciences\" \/>\n<meta property=\"og:url\" content=\"https:\/\/wordpress.ft.unicamp.br\/bernardotf\/pt\/l-geo-2\/vants-fotogrametria\/\" \/>\n<meta property=\"og:site_name\" content=\"Prof. Bernardo T. Freitas\" \/>\n<meta property=\"article:modified_time\" content=\"2018-08-10T23:21:54+00:00\" \/>\n<meta name=\"twitter:card\" content=\"summary_large_image\" \/>\n<script type=\"application\/ld+json\" class=\"yoast-schema-graph\">{\"@context\":\"https:\\\/\\\/schema.org\",\"@graph\":[{\"@type\":\"WebPage\",\"@id\":\"https:\\\/\\\/wordpress.ft.unicamp.br\\\/bernardotf\\\/pt\\\/l-geo-2\\\/vants-fotogrametria\\\/\",\"url\":\"https:\\\/\\\/wordpress.ft.unicamp.br\\\/bernardotf\\\/pt\\\/l-geo-2\\\/vants-fotogrametria\\\/\",\"name\":\"VANT's &amp; Fotogrametria - Prof. Bernardo T. Freitas\",\"isPartOf\":{\"@id\":\"https:\\\/\\\/wordpress.ft.unicamp.br\\\/bernardotf\\\/#website\"},\"datePublished\":\"2017-08-16T22:50:04+00:00\",\"dateModified\":\"2018-08-10T23:21:54+00:00\",\"breadcrumb\":{\"@id\":\"https:\\\/\\\/wordpress.ft.unicamp.br\\\/bernardotf\\\/pt\\\/l-geo-2\\\/vants-fotogrametria\\\/#breadcrumb\"},\"inLanguage\":\"en-US\",\"potentialAction\":[{\"@type\":\"ReadAction\",\"target\":[\"https:\\\/\\\/wordpress.ft.unicamp.br\\\/bernardotf\\\/pt\\\/l-geo-2\\\/vants-fotogrametria\\\/\"]}]},{\"@type\":\"BreadcrumbList\",\"@id\":\"https:\\\/\\\/wordpress.ft.unicamp.br\\\/bernardotf\\\/pt\\\/l-geo-2\\\/vants-fotogrametria\\\/#breadcrumb\",\"itemListElement\":[{\"@type\":\"ListItem\",\"position\":1,\"name\":\"Home\",\"item\":\"https:\\\/\\\/wordpress.ft.unicamp.br\\\/bernardotf\\\/pt\\\/home-2\\\/\"},{\"@type\":\"ListItem\",\"position\":2,\"name\":\"L-GEO\",\"item\":\"https:\\\/\\\/wordpress.ft.unicamp.br\\\/bernardotf\\\/pt\\\/l-geo-2\\\/\"},{\"@type\":\"ListItem\",\"position\":3,\"name\":\"VANT&#8217;s &amp; Fotogrametria\"}]},{\"@type\":\"WebSite\",\"@id\":\"https:\\\/\\\/wordpress.ft.unicamp.br\\\/bernardotf\\\/#website\",\"url\":\"https:\\\/\\\/wordpress.ft.unicamp.br\\\/bernardotf\\\/\",\"name\":\"Prof. Bernardo T. Freitas\",\"description\":\"\",\"potentialAction\":[{\"@type\":\"SearchAction\",\"target\":{\"@type\":\"EntryPoint\",\"urlTemplate\":\"https:\\\/\\\/wordpress.ft.unicamp.br\\\/bernardotf\\\/?s={search_term_string}\"},\"query-input\":{\"@type\":\"PropertyValueSpecification\",\"valueRequired\":true,\"valueName\":\"search_term_string\"}}],\"inLanguage\":\"en-US\"}]}<\/script>\n<!-- \/ Yoast SEO plugin. -->","yoast_head_json":{"title":"VANT's &amp; Fotogrametria - Prof. Bernardo T. Freitas","robots":{"index":"index","follow":"follow","max-snippet":"max-snippet:-1","max-image-preview":"max-image-preview:large","max-video-preview":"max-video-preview:-1"},"canonical":"https:\/\/wordpress.ft.unicamp.br\/bernardotf\/pt\/l-geo-2\/vants-fotogrametria\/","og_locale":"en_US","og_type":"article","og_title":"VANT's &amp; Fotogrametria - Prof. Bernardo T. Freitas","og_description":"fotogrametria software mission planner photoscan hardware esta\u00e7\u00e3o de processamento sistema de mapeamento (geol\u00f3gico) digital planejamento de v\u00f4os x condi\u00e7\u00f5es meteorol\u00f3gicas cptec\/inpe windy.com refer\u00eancias journal of photogrammetry and remote sensing journal of photogrammetry, remote sensing and geoinformation science computer &amp; geosciences","og_url":"https:\/\/wordpress.ft.unicamp.br\/bernardotf\/pt\/l-geo-2\/vants-fotogrametria\/","og_site_name":"Prof. Bernardo T. Freitas","article_modified_time":"2018-08-10T23:21:54+00:00","twitter_card":"summary_large_image","schema":{"@context":"https:\/\/schema.org","@graph":[{"@type":"WebPage","@id":"https:\/\/wordpress.ft.unicamp.br\/bernardotf\/pt\/l-geo-2\/vants-fotogrametria\/","url":"https:\/\/wordpress.ft.unicamp.br\/bernardotf\/pt\/l-geo-2\/vants-fotogrametria\/","name":"VANT's &amp; Fotogrametria - Prof. Bernardo T. Freitas","isPartOf":{"@id":"https:\/\/wordpress.ft.unicamp.br\/bernardotf\/#website"},"datePublished":"2017-08-16T22:50:04+00:00","dateModified":"2018-08-10T23:21:54+00:00","breadcrumb":{"@id":"https:\/\/wordpress.ft.unicamp.br\/bernardotf\/pt\/l-geo-2\/vants-fotogrametria\/#breadcrumb"},"inLanguage":"en-US","potentialAction":[{"@type":"ReadAction","target":["https:\/\/wordpress.ft.unicamp.br\/bernardotf\/pt\/l-geo-2\/vants-fotogrametria\/"]}]},{"@type":"BreadcrumbList","@id":"https:\/\/wordpress.ft.unicamp.br\/bernardotf\/pt\/l-geo-2\/vants-fotogrametria\/#breadcrumb","itemListElement":[{"@type":"ListItem","position":1,"name":"Home","item":"https:\/\/wordpress.ft.unicamp.br\/bernardotf\/pt\/home-2\/"},{"@type":"ListItem","position":2,"name":"L-GEO","item":"https:\/\/wordpress.ft.unicamp.br\/bernardotf\/pt\/l-geo-2\/"},{"@type":"ListItem","position":3,"name":"VANT&#8217;s &amp; Fotogrametria"}]},{"@type":"WebSite","@id":"https:\/\/wordpress.ft.unicamp.br\/bernardotf\/#website","url":"https:\/\/wordpress.ft.unicamp.br\/bernardotf\/","name":"Prof. Bernardo T. Freitas","description":"","potentialAction":[{"@type":"SearchAction","target":{"@type":"EntryPoint","urlTemplate":"https:\/\/wordpress.ft.unicamp.br\/bernardotf\/?s={search_term_string}"},"query-input":{"@type":"PropertyValueSpecification","valueRequired":true,"valueName":"search_term_string"}}],"inLanguage":"en-US"}]}},"_links":{"self":[{"href":"https:\/\/wordpress.ft.unicamp.br\/bernardotf\/wp-json\/wp\/v2\/pages\/112","targetHints":{"allow":["GET"]}}],"collection":[{"href":"https:\/\/wordpress.ft.unicamp.br\/bernardotf\/wp-json\/wp\/v2\/pages"}],"about":[{"href":"https:\/\/wordpress.ft.unicamp.br\/bernardotf\/wp-json\/wp\/v2\/types\/page"}],"author":[{"embeddable":true,"href":"https:\/\/wordpress.ft.unicamp.br\/bernardotf\/wp-json\/wp\/v2\/users\/22"}],"replies":[{"embeddable":true,"href":"https:\/\/wordpress.ft.unicamp.br\/bernardotf\/wp-json\/wp\/v2\/comments?post=112"}],"version-history":[{"count":3,"href":"https:\/\/wordpress.ft.unicamp.br\/bernardotf\/wp-json\/wp\/v2\/pages\/112\/revisions"}],"predecessor-version":[{"id":137,"href":"https:\/\/wordpress.ft.unicamp.br\/bernardotf\/wp-json\/wp\/v2\/pages\/112\/revisions\/137"}],"up":[{"embeddable":true,"href":"https:\/\/wordpress.ft.unicamp.br\/bernardotf\/wp-json\/wp\/v2\/pages\/24"}],"wp:attachment":[{"href":"https:\/\/wordpress.ft.unicamp.br\/bernardotf\/wp-json\/wp\/v2\/media?parent=112"}],"curies":[{"name":"wp","href":"https:\/\/api.w.org\/{rel}","templated":true}]}}