{"id":218,"date":"2017-08-29T12:01:02","date_gmt":"2017-08-29T12:01:02","guid":{"rendered":"http:\/\/wordpress.ft.unicamp.br\/bernardotf\/?page_id=218"},"modified":"2017-08-29T12:02:59","modified_gmt":"2017-08-29T12:02:59","slug":"interesses","status":"publish","type":"page","link":"https:\/\/wordpress.ft.unicamp.br\/bernardotf\/pt\/projetos-de-pesquisa\/interesses\/","title":{"rendered":"Interesses"},"content":{"rendered":"<ul class=\"texto\">\n<li class=\"texto\">Tect\u00f4nica e sedimenta\u00e7\u00e3o<\/li>\n<li>Dep\u00f3sitos fluviais<\/li>\n<li>An\u00e1lise de bacias sedimentares<\/li>\n<li>An\u00e1logos de reservat\u00f3rios<\/li>\n<li>Neoproterozoico<\/li>\n<li>Cret\u00e1ceo<\/li>\n<li>Ne\u00f3geno<\/li>\n<li>Amaz\u00f4nia<\/li>\n<\/ul>\n","protected":false},"excerpt":{"rendered":"<p>Tect\u00f4nica e sedimenta\u00e7\u00e3o Dep\u00f3sitos fluviais An\u00e1lise de bacias sedimentares An\u00e1logos de reservat\u00f3rios Neoproterozoico Cret\u00e1ceo Ne\u00f3geno Amaz\u00f4nia<\/p>\n","protected":false},"author":22,"featured_media":0,"parent":104,"menu_order":0,"comment_status":"closed","ping_status":"closed","template":"","meta":{"footnotes":""},"class_list":["post-218","page","type-page","status-publish","hentry"],"yoast_head":"<!-- This site is optimized with the Yoast SEO plugin v27.3 - https:\/\/yoast.com\/product\/yoast-seo-wordpress\/ -->\n<title>Interesses - Prof. Bernardo T. Freitas<\/title>\n<meta name=\"robots\" content=\"index, follow, max-snippet:-1, max-image-preview:large, max-video-preview:-1\" \/>\n<link rel=\"canonical\" href=\"https:\/\/wordpress.ft.unicamp.br\/bernardotf\/pt\/projetos-de-pesquisa\/interesses\/\" \/>\n<meta property=\"og:locale\" content=\"en_US\" \/>\n<meta property=\"og:type\" content=\"article\" \/>\n<meta property=\"og:title\" content=\"Interesses - Prof. Bernardo T. Freitas\" \/>\n<meta property=\"og:description\" content=\"Tect\u00f4nica e sedimenta\u00e7\u00e3o Dep\u00f3sitos fluviais An\u00e1lise de bacias sedimentares An\u00e1logos de reservat\u00f3rios Neoproterozoico Cret\u00e1ceo Ne\u00f3geno Amaz\u00f4nia\" \/>\n<meta property=\"og:url\" content=\"https:\/\/wordpress.ft.unicamp.br\/bernardotf\/pt\/projetos-de-pesquisa\/interesses\/\" \/>\n<meta property=\"og:site_name\" content=\"Prof. Bernardo T. Freitas\" \/>\n<meta property=\"article:modified_time\" content=\"2017-08-29T12:02:59+00:00\" \/>\n<meta name=\"twitter:card\" content=\"summary_large_image\" \/>\n<script type=\"application\/ld+json\" class=\"yoast-schema-graph\">{\"@context\":\"https:\\\/\\\/schema.org\",\"@graph\":[{\"@type\":\"WebPage\",\"@id\":\"https:\\\/\\\/wordpress.ft.unicamp.br\\\/bernardotf\\\/pt\\\/projetos-de-pesquisa\\\/interesses\\\/\",\"url\":\"https:\\\/\\\/wordpress.ft.unicamp.br\\\/bernardotf\\\/pt\\\/projetos-de-pesquisa\\\/interesses\\\/\",\"name\":\"Interesses - Prof. Bernardo T. Freitas\",\"isPartOf\":{\"@id\":\"https:\\\/\\\/wordpress.ft.unicamp.br\\\/bernardotf\\\/#website\"},\"datePublished\":\"2017-08-29T12:01:02+00:00\",\"dateModified\":\"2017-08-29T12:02:59+00:00\",\"breadcrumb\":{\"@id\":\"https:\\\/\\\/wordpress.ft.unicamp.br\\\/bernardotf\\\/pt\\\/projetos-de-pesquisa\\\/interesses\\\/#breadcrumb\"},\"inLanguage\":\"en-US\",\"potentialAction\":[{\"@type\":\"ReadAction\",\"target\":[\"https:\\\/\\\/wordpress.ft.unicamp.br\\\/bernardotf\\\/pt\\\/projetos-de-pesquisa\\\/interesses\\\/\"]}]},{\"@type\":\"BreadcrumbList\",\"@id\":\"https:\\\/\\\/wordpress.ft.unicamp.br\\\/bernardotf\\\/pt\\\/projetos-de-pesquisa\\\/interesses\\\/#breadcrumb\",\"itemListElement\":[{\"@type\":\"ListItem\",\"position\":1,\"name\":\"Home\",\"item\":\"https:\\\/\\\/wordpress.ft.unicamp.br\\\/bernardotf\\\/pt\\\/home-2\\\/\"},{\"@type\":\"ListItem\",\"position\":2,\"name\":\"Projetos de pesquisa\",\"item\":\"https:\\\/\\\/wordpress.ft.unicamp.br\\\/bernardotf\\\/pt\\\/projetos-de-pesquisa\\\/\"},{\"@type\":\"ListItem\",\"position\":3,\"name\":\"Interesses\"}]},{\"@type\":\"WebSite\",\"@id\":\"https:\\\/\\\/wordpress.ft.unicamp.br\\\/bernardotf\\\/#website\",\"url\":\"https:\\\/\\\/wordpress.ft.unicamp.br\\\/bernardotf\\\/\",\"name\":\"Prof. Bernardo T. Freitas\",\"description\":\"\",\"potentialAction\":[{\"@type\":\"SearchAction\",\"target\":{\"@type\":\"EntryPoint\",\"urlTemplate\":\"https:\\\/\\\/wordpress.ft.unicamp.br\\\/bernardotf\\\/?s={search_term_string}\"},\"query-input\":{\"@type\":\"PropertyValueSpecification\",\"valueRequired\":true,\"valueName\":\"search_term_string\"}}],\"inLanguage\":\"en-US\"}]}<\/script>\n<!-- \/ Yoast SEO plugin. -->","yoast_head_json":{"title":"Interesses - Prof. Bernardo T. Freitas","robots":{"index":"index","follow":"follow","max-snippet":"max-snippet:-1","max-image-preview":"max-image-preview:large","max-video-preview":"max-video-preview:-1"},"canonical":"https:\/\/wordpress.ft.unicamp.br\/bernardotf\/pt\/projetos-de-pesquisa\/interesses\/","og_locale":"en_US","og_type":"article","og_title":"Interesses - Prof. Bernardo T. Freitas","og_description":"Tect\u00f4nica e sedimenta\u00e7\u00e3o Dep\u00f3sitos fluviais An\u00e1lise de bacias sedimentares An\u00e1logos de reservat\u00f3rios Neoproterozoico Cret\u00e1ceo Ne\u00f3geno Amaz\u00f4nia","og_url":"https:\/\/wordpress.ft.unicamp.br\/bernardotf\/pt\/projetos-de-pesquisa\/interesses\/","og_site_name":"Prof. Bernardo T. Freitas","article_modified_time":"2017-08-29T12:02:59+00:00","twitter_card":"summary_large_image","schema":{"@context":"https:\/\/schema.org","@graph":[{"@type":"WebPage","@id":"https:\/\/wordpress.ft.unicamp.br\/bernardotf\/pt\/projetos-de-pesquisa\/interesses\/","url":"https:\/\/wordpress.ft.unicamp.br\/bernardotf\/pt\/projetos-de-pesquisa\/interesses\/","name":"Interesses - Prof. Bernardo T. Freitas","isPartOf":{"@id":"https:\/\/wordpress.ft.unicamp.br\/bernardotf\/#website"},"datePublished":"2017-08-29T12:01:02+00:00","dateModified":"2017-08-29T12:02:59+00:00","breadcrumb":{"@id":"https:\/\/wordpress.ft.unicamp.br\/bernardotf\/pt\/projetos-de-pesquisa\/interesses\/#breadcrumb"},"inLanguage":"en-US","potentialAction":[{"@type":"ReadAction","target":["https:\/\/wordpress.ft.unicamp.br\/bernardotf\/pt\/projetos-de-pesquisa\/interesses\/"]}]},{"@type":"BreadcrumbList","@id":"https:\/\/wordpress.ft.unicamp.br\/bernardotf\/pt\/projetos-de-pesquisa\/interesses\/#breadcrumb","itemListElement":[{"@type":"ListItem","position":1,"name":"Home","item":"https:\/\/wordpress.ft.unicamp.br\/bernardotf\/pt\/home-2\/"},{"@type":"ListItem","position":2,"name":"Projetos de pesquisa","item":"https:\/\/wordpress.ft.unicamp.br\/bernardotf\/pt\/projetos-de-pesquisa\/"},{"@type":"ListItem","position":3,"name":"Interesses"}]},{"@type":"WebSite","@id":"https:\/\/wordpress.ft.unicamp.br\/bernardotf\/#website","url":"https:\/\/wordpress.ft.unicamp.br\/bernardotf\/","name":"Prof. Bernardo T. Freitas","description":"","potentialAction":[{"@type":"SearchAction","target":{"@type":"EntryPoint","urlTemplate":"https:\/\/wordpress.ft.unicamp.br\/bernardotf\/?s={search_term_string}"},"query-input":{"@type":"PropertyValueSpecification","valueRequired":true,"valueName":"search_term_string"}}],"inLanguage":"en-US"}]}},"_links":{"self":[{"href":"https:\/\/wordpress.ft.unicamp.br\/bernardotf\/wp-json\/wp\/v2\/pages\/218","targetHints":{"allow":["GET"]}}],"collection":[{"href":"https:\/\/wordpress.ft.unicamp.br\/bernardotf\/wp-json\/wp\/v2\/pages"}],"about":[{"href":"https:\/\/wordpress.ft.unicamp.br\/bernardotf\/wp-json\/wp\/v2\/types\/page"}],"author":[{"embeddable":true,"href":"https:\/\/wordpress.ft.unicamp.br\/bernardotf\/wp-json\/wp\/v2\/users\/22"}],"replies":[{"embeddable":true,"href":"https:\/\/wordpress.ft.unicamp.br\/bernardotf\/wp-json\/wp\/v2\/comments?post=218"}],"version-history":[{"count":3,"href":"https:\/\/wordpress.ft.unicamp.br\/bernardotf\/wp-json\/wp\/v2\/pages\/218\/revisions"}],"predecessor-version":[{"id":221,"href":"https:\/\/wordpress.ft.unicamp.br\/bernardotf\/wp-json\/wp\/v2\/pages\/218\/revisions\/221"}],"up":[{"embeddable":true,"href":"https:\/\/wordpress.ft.unicamp.br\/bernardotf\/wp-json\/wp\/v2\/pages\/104"}],"wp:attachment":[{"href":"https:\/\/wordpress.ft.unicamp.br\/bernardotf\/wp-json\/wp\/v2\/media?parent=218"}],"curies":[{"name":"wp","href":"https:\/\/api.w.org\/{rel}","templated":true}]}}