{"id":229,"date":"2017-08-29T12:09:18","date_gmt":"2017-08-29T12:09:18","guid":{"rendered":"http:\/\/wordpress.ft.unicamp.br\/bernardotf\/?page_id=229"},"modified":"2018-08-09T20:43:47","modified_gmt":"2018-08-09T20:43:47","slug":"vigentes","status":"publish","type":"page","link":"https:\/\/wordpress.ft.unicamp.br\/bernardotf\/pt\/projetos-de-pesquisa\/vigentes\/","title":{"rendered":"Vigentes"},"content":{"rendered":"<h1>Abordagens quantitativas de dep\u00f3sitos fluviais de grande porte: geologia de campo integrada a modelos 3D de afloramentos obtidos por fotogrametria. <a href=\"http:\/\/www.bv.fapesp.br\/pt\/auxilios\/95546\/abordagens-quantitativas-de-depositos-fluviais-de-grande-porte-geologia-de-campo-integrada-a-modelo\/\" target=\"_blank\" rel=\"noopener\">Processo FAPESP 2016\/19736-5<\/a><\/h1>\n<h1 class=\"bv_h1\">O Sistema Terra e a evolu\u00e7\u00e3o da vida durante o Neoproterozoico. <a href=\"http:\/\/www.bv.fapesp.br\/pt\/auxilios\/93926\/o-sistema-terra-e-a-evolucao-da-vida-durante-o-neoproterozoico\/\">Processo FAPESP 2016\/06114-6<\/a><\/h1>\n<h1>Caracteriza\u00e7\u00e3o das heterogeneidades e modelagem de an\u00e1logos de reservat\u00f3rios em dep\u00f3sitos fluviais e e\u00f3licos.\u00a0<a href=\"http:\/\/www.bv.fapesp.br\/pt\/auxilios\/93332\/caracterizacao-das-heterogeneidades-e-modelagem-de-analogos-de-reservatorios-em-depositos-fluviais-e\/\" target=\"_blank\" rel=\"noopener\">Processo FAPESP 2016\/03091-5<\/a><\/h1>\n<h1>Aplica\u00e7\u00e3o de modelos digitais de eleva\u00e7\u00e3o de alta resolu\u00e7\u00e3o na an\u00e1lise de alvos geol\u00f3gicos e geomorfol\u00f3gicos. <a href=\"http:\/\/www.bv.fapesp.br\/pt\/auxilios\/96792\/aplicacao-de-modelos-digitais-de-elevacao-de-alta-resolucao-na-analise-de-alvos-geologicos-e-geomorf\/\" target=\"_blank\" rel=\"noopener\">Processo FAPESP 2016\/06628-0<\/a><\/h1>\n<h1>Rela\u00e7\u00f5es entre Tect\u00f4nica e Sedimenta\u00e7\u00e3o em Bacias do Interior do Nordeste do Brasil. Processo Petrobras 2014\/00519-9<\/h1>\n<h1>Estrutura\u00e7\u00e3o e evolu\u00e7\u00e3o da biota amaz\u00f4nica e seu ambiente: uma abordagem integrativa. <a href=\"http:\/\/www.bv.fapesp.br\/pt\/auxilios\/55077\/estruturacao-e-evolucao-da-biota-amazonica-e-seu-ambiente-uma-abordagem-integrativa\/\" target=\"_blank\" rel=\"noopener\">Processo FAPESP 2012\/50260-6<\/a><\/h1>\n","protected":false},"excerpt":{"rendered":"<p>Abordagens quantitativas de dep\u00f3sitos fluviais de grande porte: geologia de campo integrada a modelos 3D de afloramentos obtidos por fotogrametria. Processo FAPESP 2016\/19736-5 O Sistema Terra e a evolu\u00e7\u00e3o da vida durante o Neoproterozoico. Processo FAPESP 2016\/06114-6 Caracteriza\u00e7\u00e3o das heterogeneidades &hellip; <a href=\"https:\/\/wordpress.ft.unicamp.br\/bernardotf\/pt\/projetos-de-pesquisa\/vigentes\/\">Continue reading <span class=\"meta-nav\">&rarr;<\/span><\/a><\/p>\n","protected":false},"author":22,"featured_media":0,"parent":104,"menu_order":0,"comment_status":"closed","ping_status":"closed","template":"","meta":{"footnotes":""},"class_list":["post-229","page","type-page","status-publish","hentry"],"yoast_head":"<!-- This site is optimized with the Yoast SEO plugin v27.5 - https:\/\/yoast.com\/product\/yoast-seo-wordpress\/ -->\n<title>Vigentes - Prof. Bernardo T. Freitas<\/title>\n<meta name=\"robots\" content=\"index, follow, max-snippet:-1, max-image-preview:large, max-video-preview:-1\" \/>\n<link rel=\"canonical\" href=\"https:\/\/wordpress.ft.unicamp.br\/bernardotf\/pt\/projetos-de-pesquisa\/vigentes\/\" \/>\n<meta property=\"og:locale\" content=\"en_US\" \/>\n<meta property=\"og:type\" content=\"article\" \/>\n<meta property=\"og:title\" content=\"Vigentes - Prof. Bernardo T. Freitas\" \/>\n<meta property=\"og:description\" content=\"Abordagens quantitativas de dep\u00f3sitos fluviais de grande porte: geologia de campo integrada a modelos 3D de afloramentos obtidos por fotogrametria. Processo FAPESP 2016\/19736-5 O Sistema Terra e a evolu\u00e7\u00e3o da vida durante o Neoproterozoico. Processo FAPESP 2016\/06114-6 Caracteriza\u00e7\u00e3o das heterogeneidades &hellip; Continue reading &rarr;\" \/>\n<meta property=\"og:url\" content=\"https:\/\/wordpress.ft.unicamp.br\/bernardotf\/pt\/projetos-de-pesquisa\/vigentes\/\" \/>\n<meta property=\"og:site_name\" content=\"Prof. Bernardo T. Freitas\" \/>\n<meta property=\"article:modified_time\" content=\"2018-08-09T20:43:47+00:00\" \/>\n<meta name=\"twitter:card\" content=\"summary_large_image\" \/>\n<meta name=\"twitter:label1\" content=\"Est. reading time\" \/>\n\t<meta name=\"twitter:data1\" content=\"1 minute\" \/>\n<script type=\"application\/ld+json\" class=\"yoast-schema-graph\">{\"@context\":\"https:\\\/\\\/schema.org\",\"@graph\":[{\"@type\":\"WebPage\",\"@id\":\"https:\\\/\\\/wordpress.ft.unicamp.br\\\/bernardotf\\\/pt\\\/projetos-de-pesquisa\\\/vigentes\\\/\",\"url\":\"https:\\\/\\\/wordpress.ft.unicamp.br\\\/bernardotf\\\/pt\\\/projetos-de-pesquisa\\\/vigentes\\\/\",\"name\":\"Vigentes - Prof. Bernardo T. Freitas\",\"isPartOf\":{\"@id\":\"https:\\\/\\\/wordpress.ft.unicamp.br\\\/bernardotf\\\/#website\"},\"datePublished\":\"2017-08-29T12:09:18+00:00\",\"dateModified\":\"2018-08-09T20:43:47+00:00\",\"breadcrumb\":{\"@id\":\"https:\\\/\\\/wordpress.ft.unicamp.br\\\/bernardotf\\\/pt\\\/projetos-de-pesquisa\\\/vigentes\\\/#breadcrumb\"},\"inLanguage\":\"en-US\",\"potentialAction\":[{\"@type\":\"ReadAction\",\"target\":[\"https:\\\/\\\/wordpress.ft.unicamp.br\\\/bernardotf\\\/pt\\\/projetos-de-pesquisa\\\/vigentes\\\/\"]}]},{\"@type\":\"BreadcrumbList\",\"@id\":\"https:\\\/\\\/wordpress.ft.unicamp.br\\\/bernardotf\\\/pt\\\/projetos-de-pesquisa\\\/vigentes\\\/#breadcrumb\",\"itemListElement\":[{\"@type\":\"ListItem\",\"position\":1,\"name\":\"Home\",\"item\":\"https:\\\/\\\/wordpress.ft.unicamp.br\\\/bernardotf\\\/pt\\\/home-2\\\/\"},{\"@type\":\"ListItem\",\"position\":2,\"name\":\"Projetos de pesquisa\",\"item\":\"https:\\\/\\\/wordpress.ft.unicamp.br\\\/bernardotf\\\/pt\\\/projetos-de-pesquisa\\\/\"},{\"@type\":\"ListItem\",\"position\":3,\"name\":\"Vigentes\"}]},{\"@type\":\"WebSite\",\"@id\":\"https:\\\/\\\/wordpress.ft.unicamp.br\\\/bernardotf\\\/#website\",\"url\":\"https:\\\/\\\/wordpress.ft.unicamp.br\\\/bernardotf\\\/\",\"name\":\"Prof. Bernardo T. Freitas\",\"description\":\"\",\"potentialAction\":[{\"@type\":\"SearchAction\",\"target\":{\"@type\":\"EntryPoint\",\"urlTemplate\":\"https:\\\/\\\/wordpress.ft.unicamp.br\\\/bernardotf\\\/?s={search_term_string}\"},\"query-input\":{\"@type\":\"PropertyValueSpecification\",\"valueRequired\":true,\"valueName\":\"search_term_string\"}}],\"inLanguage\":\"en-US\"}]}<\/script>\n<!-- \/ Yoast SEO plugin. -->","yoast_head_json":{"title":"Vigentes - Prof. Bernardo T. Freitas","robots":{"index":"index","follow":"follow","max-snippet":"max-snippet:-1","max-image-preview":"max-image-preview:large","max-video-preview":"max-video-preview:-1"},"canonical":"https:\/\/wordpress.ft.unicamp.br\/bernardotf\/pt\/projetos-de-pesquisa\/vigentes\/","og_locale":"en_US","og_type":"article","og_title":"Vigentes - Prof. Bernardo T. Freitas","og_description":"Abordagens quantitativas de dep\u00f3sitos fluviais de grande porte: geologia de campo integrada a modelos 3D de afloramentos obtidos por fotogrametria. Processo FAPESP 2016\/19736-5 O Sistema Terra e a evolu\u00e7\u00e3o da vida durante o Neoproterozoico. Processo FAPESP 2016\/06114-6 Caracteriza\u00e7\u00e3o das heterogeneidades &hellip; Continue reading &rarr;","og_url":"https:\/\/wordpress.ft.unicamp.br\/bernardotf\/pt\/projetos-de-pesquisa\/vigentes\/","og_site_name":"Prof. Bernardo T. Freitas","article_modified_time":"2018-08-09T20:43:47+00:00","twitter_card":"summary_large_image","twitter_misc":{"Est. reading time":"1 minute"},"schema":{"@context":"https:\/\/schema.org","@graph":[{"@type":"WebPage","@id":"https:\/\/wordpress.ft.unicamp.br\/bernardotf\/pt\/projetos-de-pesquisa\/vigentes\/","url":"https:\/\/wordpress.ft.unicamp.br\/bernardotf\/pt\/projetos-de-pesquisa\/vigentes\/","name":"Vigentes - Prof. Bernardo T. Freitas","isPartOf":{"@id":"https:\/\/wordpress.ft.unicamp.br\/bernardotf\/#website"},"datePublished":"2017-08-29T12:09:18+00:00","dateModified":"2018-08-09T20:43:47+00:00","breadcrumb":{"@id":"https:\/\/wordpress.ft.unicamp.br\/bernardotf\/pt\/projetos-de-pesquisa\/vigentes\/#breadcrumb"},"inLanguage":"en-US","potentialAction":[{"@type":"ReadAction","target":["https:\/\/wordpress.ft.unicamp.br\/bernardotf\/pt\/projetos-de-pesquisa\/vigentes\/"]}]},{"@type":"BreadcrumbList","@id":"https:\/\/wordpress.ft.unicamp.br\/bernardotf\/pt\/projetos-de-pesquisa\/vigentes\/#breadcrumb","itemListElement":[{"@type":"ListItem","position":1,"name":"Home","item":"https:\/\/wordpress.ft.unicamp.br\/bernardotf\/pt\/home-2\/"},{"@type":"ListItem","position":2,"name":"Projetos de pesquisa","item":"https:\/\/wordpress.ft.unicamp.br\/bernardotf\/pt\/projetos-de-pesquisa\/"},{"@type":"ListItem","position":3,"name":"Vigentes"}]},{"@type":"WebSite","@id":"https:\/\/wordpress.ft.unicamp.br\/bernardotf\/#website","url":"https:\/\/wordpress.ft.unicamp.br\/bernardotf\/","name":"Prof. Bernardo T. Freitas","description":"","potentialAction":[{"@type":"SearchAction","target":{"@type":"EntryPoint","urlTemplate":"https:\/\/wordpress.ft.unicamp.br\/bernardotf\/?s={search_term_string}"},"query-input":{"@type":"PropertyValueSpecification","valueRequired":true,"valueName":"search_term_string"}}],"inLanguage":"en-US"}]}},"_links":{"self":[{"href":"https:\/\/wordpress.ft.unicamp.br\/bernardotf\/wp-json\/wp\/v2\/pages\/229","targetHints":{"allow":["GET"]}}],"collection":[{"href":"https:\/\/wordpress.ft.unicamp.br\/bernardotf\/wp-json\/wp\/v2\/pages"}],"about":[{"href":"https:\/\/wordpress.ft.unicamp.br\/bernardotf\/wp-json\/wp\/v2\/types\/page"}],"author":[{"embeddable":true,"href":"https:\/\/wordpress.ft.unicamp.br\/bernardotf\/wp-json\/wp\/v2\/users\/22"}],"replies":[{"embeddable":true,"href":"https:\/\/wordpress.ft.unicamp.br\/bernardotf\/wp-json\/wp\/v2\/comments?post=229"}],"version-history":[{"count":4,"href":"https:\/\/wordpress.ft.unicamp.br\/bernardotf\/wp-json\/wp\/v2\/pages\/229\/revisions"}],"predecessor-version":[{"id":333,"href":"https:\/\/wordpress.ft.unicamp.br\/bernardotf\/wp-json\/wp\/v2\/pages\/229\/revisions\/333"}],"up":[{"embeddable":true,"href":"https:\/\/wordpress.ft.unicamp.br\/bernardotf\/wp-json\/wp\/v2\/pages\/104"}],"wp:attachment":[{"href":"https:\/\/wordpress.ft.unicamp.br\/bernardotf\/wp-json\/wp\/v2\/media?parent=229"}],"curies":[{"name":"wp","href":"https:\/\/api.w.org\/{rel}","templated":true}]}}