{"id":24,"date":"2017-08-09T15:36:03","date_gmt":"2017-08-09T15:36:03","guid":{"rendered":"http:\/\/wordpress.ft.unicamp.br\/bernardotf\/?page_id=24"},"modified":"2018-08-09T20:32:42","modified_gmt":"2018-08-09T20:32:42","slug":"l-geo-2","status":"publish","type":"page","link":"https:\/\/wordpress.ft.unicamp.br\/bernardotf\/pt\/l-geo-2\/","title":{"rendered":"L-GEO"},"content":{"rendered":"<p><iframe title=\"Novo Laborat\u00f3rio de Geologia (FT-UNICAMP)\" width=\"584\" height=\"329\" src=\"https:\/\/www.youtube.com\/embed\/rUNfTFBdIYA?feature=oembed\" frameborder=\"0\" allow=\"accelerometer; autoplay; clipboard-write; encrypted-media; gyroscope; picture-in-picture; web-share\" referrerpolicy=\"strict-origin-when-cross-origin\" allowfullscreen><\/iframe><\/p>\n<p>O Laborat\u00f3rio de Geologia da Faculdade de Tecnologia da UNICAMP tem como enfoque a constru\u00e7\u00e3o de modelos 3D por fotogrametria voltados a aplica\u00e7\u00f5es geol\u00f3gicas e ambientais.<\/p>\n<p>Para isso, o L-GEO conta com VANT&#8217;s e esta\u00e7\u00f5es de processamento de alto desempenho.<\/p>\n<p><a href=\"http:\/\/wordpress.ft.unicamp.br\/bernardotf\/pt\/projetos-de-pesquisa\/vigentes\/\">Projetos de pesquisa em andamento<\/a> abordam estudos de an\u00e1logos de reservat\u00f3rio, din\u00e2mica de sistemas deposicionais fluviais ativos, an\u00e1lise de bacias sedimentares e rela\u00e7\u00f5es entre tect\u00f4nica e sedimenta\u00e7\u00e3o.<\/p>\n<p>&nbsp;<\/p>\n","protected":false},"excerpt":{"rendered":"<p>O Laborat\u00f3rio de Geologia da Faculdade de Tecnologia da UNICAMP tem como enfoque a constru\u00e7\u00e3o de modelos 3D por fotogrametria voltados a aplica\u00e7\u00f5es geol\u00f3gicas e ambientais. Para isso, o L-GEO conta com VANT&#8217;s e esta\u00e7\u00f5es de processamento de alto desempenho. &hellip; <a href=\"https:\/\/wordpress.ft.unicamp.br\/bernardotf\/pt\/l-geo-2\/\">Continue reading <span class=\"meta-nav\">&rarr;<\/span><\/a><\/p>\n","protected":false},"author":22,"featured_media":0,"parent":0,"menu_order":0,"comment_status":"closed","ping_status":"closed","template":"","meta":{"footnotes":""},"class_list":["post-24","page","type-page","status-publish","hentry"],"yoast_head":"<!-- This site is optimized with the Yoast SEO plugin v27.3 - https:\/\/yoast.com\/product\/yoast-seo-wordpress\/ -->\n<title>L-GEO - Prof. Bernardo T. Freitas<\/title>\n<meta name=\"robots\" content=\"index, follow, max-snippet:-1, max-image-preview:large, max-video-preview:-1\" \/>\n<link rel=\"canonical\" href=\"https:\/\/wordpress.ft.unicamp.br\/bernardotf\/pt\/l-geo-2\/\" \/>\n<meta property=\"og:locale\" content=\"en_US\" \/>\n<meta property=\"og:type\" content=\"article\" \/>\n<meta property=\"og:title\" content=\"L-GEO - Prof. Bernardo T. Freitas\" \/>\n<meta property=\"og:description\" content=\"O Laborat\u00f3rio de Geologia da Faculdade de Tecnologia da UNICAMP tem como enfoque a constru\u00e7\u00e3o de modelos 3D por fotogrametria voltados a aplica\u00e7\u00f5es geol\u00f3gicas e ambientais. Para isso, o L-GEO conta com VANT&#8217;s e esta\u00e7\u00f5es de processamento de alto desempenho. &hellip; Continue reading &rarr;\" \/>\n<meta property=\"og:url\" content=\"https:\/\/wordpress.ft.unicamp.br\/bernardotf\/pt\/l-geo-2\/\" \/>\n<meta property=\"og:site_name\" content=\"Prof. Bernardo T. Freitas\" \/>\n<meta property=\"article:modified_time\" content=\"2018-08-09T20:32:42+00:00\" \/>\n<meta name=\"twitter:card\" content=\"summary_large_image\" \/>\n<script type=\"application\/ld+json\" class=\"yoast-schema-graph\">{\"@context\":\"https:\\\/\\\/schema.org\",\"@graph\":[{\"@type\":\"WebPage\",\"@id\":\"https:\\\/\\\/wordpress.ft.unicamp.br\\\/bernardotf\\\/pt\\\/l-geo-2\\\/\",\"url\":\"https:\\\/\\\/wordpress.ft.unicamp.br\\\/bernardotf\\\/pt\\\/l-geo-2\\\/\",\"name\":\"L-GEO - Prof. Bernardo T. Freitas\",\"isPartOf\":{\"@id\":\"https:\\\/\\\/wordpress.ft.unicamp.br\\\/bernardotf\\\/#website\"},\"datePublished\":\"2017-08-09T15:36:03+00:00\",\"dateModified\":\"2018-08-09T20:32:42+00:00\",\"breadcrumb\":{\"@id\":\"https:\\\/\\\/wordpress.ft.unicamp.br\\\/bernardotf\\\/pt\\\/l-geo-2\\\/#breadcrumb\"},\"inLanguage\":\"en-US\",\"potentialAction\":[{\"@type\":\"ReadAction\",\"target\":[\"https:\\\/\\\/wordpress.ft.unicamp.br\\\/bernardotf\\\/pt\\\/l-geo-2\\\/\"]}]},{\"@type\":\"BreadcrumbList\",\"@id\":\"https:\\\/\\\/wordpress.ft.unicamp.br\\\/bernardotf\\\/pt\\\/l-geo-2\\\/#breadcrumb\",\"itemListElement\":[{\"@type\":\"ListItem\",\"position\":1,\"name\":\"Home\",\"item\":\"https:\\\/\\\/wordpress.ft.unicamp.br\\\/bernardotf\\\/pt\\\/home-2\\\/\"},{\"@type\":\"ListItem\",\"position\":2,\"name\":\"L-GEO\"}]},{\"@type\":\"WebSite\",\"@id\":\"https:\\\/\\\/wordpress.ft.unicamp.br\\\/bernardotf\\\/#website\",\"url\":\"https:\\\/\\\/wordpress.ft.unicamp.br\\\/bernardotf\\\/\",\"name\":\"Prof. Bernardo T. Freitas\",\"description\":\"\",\"potentialAction\":[{\"@type\":\"SearchAction\",\"target\":{\"@type\":\"EntryPoint\",\"urlTemplate\":\"https:\\\/\\\/wordpress.ft.unicamp.br\\\/bernardotf\\\/?s={search_term_string}\"},\"query-input\":{\"@type\":\"PropertyValueSpecification\",\"valueRequired\":true,\"valueName\":\"search_term_string\"}}],\"inLanguage\":\"en-US\"}]}<\/script>\n<!-- \/ Yoast SEO plugin. -->","yoast_head_json":{"title":"L-GEO - Prof. Bernardo T. Freitas","robots":{"index":"index","follow":"follow","max-snippet":"max-snippet:-1","max-image-preview":"max-image-preview:large","max-video-preview":"max-video-preview:-1"},"canonical":"https:\/\/wordpress.ft.unicamp.br\/bernardotf\/pt\/l-geo-2\/","og_locale":"en_US","og_type":"article","og_title":"L-GEO - Prof. Bernardo T. Freitas","og_description":"O Laborat\u00f3rio de Geologia da Faculdade de Tecnologia da UNICAMP tem como enfoque a constru\u00e7\u00e3o de modelos 3D por fotogrametria voltados a aplica\u00e7\u00f5es geol\u00f3gicas e ambientais. Para isso, o L-GEO conta com VANT&#8217;s e esta\u00e7\u00f5es de processamento de alto desempenho. &hellip; Continue reading &rarr;","og_url":"https:\/\/wordpress.ft.unicamp.br\/bernardotf\/pt\/l-geo-2\/","og_site_name":"Prof. Bernardo T. Freitas","article_modified_time":"2018-08-09T20:32:42+00:00","twitter_card":"summary_large_image","schema":{"@context":"https:\/\/schema.org","@graph":[{"@type":"WebPage","@id":"https:\/\/wordpress.ft.unicamp.br\/bernardotf\/pt\/l-geo-2\/","url":"https:\/\/wordpress.ft.unicamp.br\/bernardotf\/pt\/l-geo-2\/","name":"L-GEO - Prof. Bernardo T. Freitas","isPartOf":{"@id":"https:\/\/wordpress.ft.unicamp.br\/bernardotf\/#website"},"datePublished":"2017-08-09T15:36:03+00:00","dateModified":"2018-08-09T20:32:42+00:00","breadcrumb":{"@id":"https:\/\/wordpress.ft.unicamp.br\/bernardotf\/pt\/l-geo-2\/#breadcrumb"},"inLanguage":"en-US","potentialAction":[{"@type":"ReadAction","target":["https:\/\/wordpress.ft.unicamp.br\/bernardotf\/pt\/l-geo-2\/"]}]},{"@type":"BreadcrumbList","@id":"https:\/\/wordpress.ft.unicamp.br\/bernardotf\/pt\/l-geo-2\/#breadcrumb","itemListElement":[{"@type":"ListItem","position":1,"name":"Home","item":"https:\/\/wordpress.ft.unicamp.br\/bernardotf\/pt\/home-2\/"},{"@type":"ListItem","position":2,"name":"L-GEO"}]},{"@type":"WebSite","@id":"https:\/\/wordpress.ft.unicamp.br\/bernardotf\/#website","url":"https:\/\/wordpress.ft.unicamp.br\/bernardotf\/","name":"Prof. Bernardo T. Freitas","description":"","potentialAction":[{"@type":"SearchAction","target":{"@type":"EntryPoint","urlTemplate":"https:\/\/wordpress.ft.unicamp.br\/bernardotf\/?s={search_term_string}"},"query-input":{"@type":"PropertyValueSpecification","valueRequired":true,"valueName":"search_term_string"}}],"inLanguage":"en-US"}]}},"_links":{"self":[{"href":"https:\/\/wordpress.ft.unicamp.br\/bernardotf\/wp-json\/wp\/v2\/pages\/24","targetHints":{"allow":["GET"]}}],"collection":[{"href":"https:\/\/wordpress.ft.unicamp.br\/bernardotf\/wp-json\/wp\/v2\/pages"}],"about":[{"href":"https:\/\/wordpress.ft.unicamp.br\/bernardotf\/wp-json\/wp\/v2\/types\/page"}],"author":[{"embeddable":true,"href":"https:\/\/wordpress.ft.unicamp.br\/bernardotf\/wp-json\/wp\/v2\/users\/22"}],"replies":[{"embeddable":true,"href":"https:\/\/wordpress.ft.unicamp.br\/bernardotf\/wp-json\/wp\/v2\/comments?post=24"}],"version-history":[{"count":12,"href":"https:\/\/wordpress.ft.unicamp.br\/bernardotf\/wp-json\/wp\/v2\/pages\/24\/revisions"}],"predecessor-version":[{"id":327,"href":"https:\/\/wordpress.ft.unicamp.br\/bernardotf\/wp-json\/wp\/v2\/pages\/24\/revisions\/327"}],"wp:attachment":[{"href":"https:\/\/wordpress.ft.unicamp.br\/bernardotf\/wp-json\/wp\/v2\/media?parent=24"}],"curies":[{"name":"wp","href":"https:\/\/api.w.org\/{rel}","templated":true}]}}