{"id":358,"date":"2018-08-10T22:40:32","date_gmt":"2018-08-10T22:40:32","guid":{"rendered":"http:\/\/wordpress.ft.unicamp.br\/bernardotf\/?page_id=358"},"modified":"2018-08-10T23:21:29","modified_gmt":"2018-08-10T23:21:29","slug":"pos-graduacao","status":"publish","type":"page","link":"https:\/\/wordpress.ft.unicamp.br\/bernardotf\/pt\/cursos\/pos-graduacao\/","title":{"rendered":"P\u00f3s-gradua\u00e7\u00e3o"},"content":{"rendered":"<p>FT054 Pesquisa Cient\u00edfica: Concep\u00e7\u00e3o, Desenvolvimento e Publica\u00e7\u00e3o<\/p>\n<p>FT076 Polui\u00e7\u00e3o Atmosf\u00e9rica, Clima e Tecnologia<\/p>\n","protected":false},"excerpt":{"rendered":"<p>FT054 Pesquisa Cient\u00edfica: Concep\u00e7\u00e3o, Desenvolvimento e Publica\u00e7\u00e3o FT076 Polui\u00e7\u00e3o Atmosf\u00e9rica, Clima e Tecnologia<\/p>\n","protected":false},"author":22,"featured_media":0,"parent":108,"menu_order":0,"comment_status":"closed","ping_status":"closed","template":"","meta":{"footnotes":""},"class_list":["post-358","page","type-page","status-publish","hentry"],"yoast_head":"<!-- This site is optimized with the Yoast SEO plugin v27.5 - https:\/\/yoast.com\/product\/yoast-seo-wordpress\/ -->\n<title>P\u00f3s-gradua\u00e7\u00e3o - Prof. Bernardo T. Freitas<\/title>\n<meta name=\"robots\" content=\"index, follow, max-snippet:-1, max-image-preview:large, max-video-preview:-1\" \/>\n<link rel=\"canonical\" href=\"https:\/\/wordpress.ft.unicamp.br\/bernardotf\/pt\/cursos\/pos-graduacao\/\" \/>\n<meta property=\"og:locale\" content=\"en_US\" \/>\n<meta property=\"og:type\" content=\"article\" \/>\n<meta property=\"og:title\" content=\"P\u00f3s-gradua\u00e7\u00e3o - Prof. Bernardo T. Freitas\" \/>\n<meta property=\"og:description\" content=\"FT054 Pesquisa Cient\u00edfica: Concep\u00e7\u00e3o, Desenvolvimento e Publica\u00e7\u00e3o FT076 Polui\u00e7\u00e3o Atmosf\u00e9rica, Clima e Tecnologia\" \/>\n<meta property=\"og:url\" content=\"https:\/\/wordpress.ft.unicamp.br\/bernardotf\/pt\/cursos\/pos-graduacao\/\" \/>\n<meta property=\"og:site_name\" content=\"Prof. Bernardo T. Freitas\" \/>\n<meta property=\"article:modified_time\" content=\"2018-08-10T23:21:29+00:00\" \/>\n<meta name=\"twitter:card\" content=\"summary_large_image\" \/>\n<script type=\"application\/ld+json\" class=\"yoast-schema-graph\">{\"@context\":\"https:\\\/\\\/schema.org\",\"@graph\":[{\"@type\":\"WebPage\",\"@id\":\"https:\\\/\\\/wordpress.ft.unicamp.br\\\/bernardotf\\\/pt\\\/cursos\\\/pos-graduacao\\\/\",\"url\":\"https:\\\/\\\/wordpress.ft.unicamp.br\\\/bernardotf\\\/pt\\\/cursos\\\/pos-graduacao\\\/\",\"name\":\"P\u00f3s-gradua\u00e7\u00e3o - Prof. Bernardo T. Freitas\",\"isPartOf\":{\"@id\":\"https:\\\/\\\/wordpress.ft.unicamp.br\\\/bernardotf\\\/#website\"},\"datePublished\":\"2018-08-10T22:40:32+00:00\",\"dateModified\":\"2018-08-10T23:21:29+00:00\",\"breadcrumb\":{\"@id\":\"https:\\\/\\\/wordpress.ft.unicamp.br\\\/bernardotf\\\/pt\\\/cursos\\\/pos-graduacao\\\/#breadcrumb\"},\"inLanguage\":\"en-US\",\"potentialAction\":[{\"@type\":\"ReadAction\",\"target\":[\"https:\\\/\\\/wordpress.ft.unicamp.br\\\/bernardotf\\\/pt\\\/cursos\\\/pos-graduacao\\\/\"]}]},{\"@type\":\"BreadcrumbList\",\"@id\":\"https:\\\/\\\/wordpress.ft.unicamp.br\\\/bernardotf\\\/pt\\\/cursos\\\/pos-graduacao\\\/#breadcrumb\",\"itemListElement\":[{\"@type\":\"ListItem\",\"position\":1,\"name\":\"Home\",\"item\":\"https:\\\/\\\/wordpress.ft.unicamp.br\\\/bernardotf\\\/pt\\\/home-2\\\/\"},{\"@type\":\"ListItem\",\"position\":2,\"name\":\"Cursos\",\"item\":\"https:\\\/\\\/wordpress.ft.unicamp.br\\\/bernardotf\\\/pt\\\/cursos\\\/\"},{\"@type\":\"ListItem\",\"position\":3,\"name\":\"P\u00f3s-gradua\u00e7\u00e3o\"}]},{\"@type\":\"WebSite\",\"@id\":\"https:\\\/\\\/wordpress.ft.unicamp.br\\\/bernardotf\\\/#website\",\"url\":\"https:\\\/\\\/wordpress.ft.unicamp.br\\\/bernardotf\\\/\",\"name\":\"Prof. Bernardo T. Freitas\",\"description\":\"\",\"potentialAction\":[{\"@type\":\"SearchAction\",\"target\":{\"@type\":\"EntryPoint\",\"urlTemplate\":\"https:\\\/\\\/wordpress.ft.unicamp.br\\\/bernardotf\\\/?s={search_term_string}\"},\"query-input\":{\"@type\":\"PropertyValueSpecification\",\"valueRequired\":true,\"valueName\":\"search_term_string\"}}],\"inLanguage\":\"en-US\"}]}<\/script>\n<!-- \/ Yoast SEO plugin. -->","yoast_head_json":{"title":"P\u00f3s-gradua\u00e7\u00e3o - Prof. Bernardo T. Freitas","robots":{"index":"index","follow":"follow","max-snippet":"max-snippet:-1","max-image-preview":"max-image-preview:large","max-video-preview":"max-video-preview:-1"},"canonical":"https:\/\/wordpress.ft.unicamp.br\/bernardotf\/pt\/cursos\/pos-graduacao\/","og_locale":"en_US","og_type":"article","og_title":"P\u00f3s-gradua\u00e7\u00e3o - Prof. Bernardo T. Freitas","og_description":"FT054 Pesquisa Cient\u00edfica: Concep\u00e7\u00e3o, Desenvolvimento e Publica\u00e7\u00e3o FT076 Polui\u00e7\u00e3o Atmosf\u00e9rica, Clima e Tecnologia","og_url":"https:\/\/wordpress.ft.unicamp.br\/bernardotf\/pt\/cursos\/pos-graduacao\/","og_site_name":"Prof. Bernardo T. Freitas","article_modified_time":"2018-08-10T23:21:29+00:00","twitter_card":"summary_large_image","schema":{"@context":"https:\/\/schema.org","@graph":[{"@type":"WebPage","@id":"https:\/\/wordpress.ft.unicamp.br\/bernardotf\/pt\/cursos\/pos-graduacao\/","url":"https:\/\/wordpress.ft.unicamp.br\/bernardotf\/pt\/cursos\/pos-graduacao\/","name":"P\u00f3s-gradua\u00e7\u00e3o - Prof. Bernardo T. Freitas","isPartOf":{"@id":"https:\/\/wordpress.ft.unicamp.br\/bernardotf\/#website"},"datePublished":"2018-08-10T22:40:32+00:00","dateModified":"2018-08-10T23:21:29+00:00","breadcrumb":{"@id":"https:\/\/wordpress.ft.unicamp.br\/bernardotf\/pt\/cursos\/pos-graduacao\/#breadcrumb"},"inLanguage":"en-US","potentialAction":[{"@type":"ReadAction","target":["https:\/\/wordpress.ft.unicamp.br\/bernardotf\/pt\/cursos\/pos-graduacao\/"]}]},{"@type":"BreadcrumbList","@id":"https:\/\/wordpress.ft.unicamp.br\/bernardotf\/pt\/cursos\/pos-graduacao\/#breadcrumb","itemListElement":[{"@type":"ListItem","position":1,"name":"Home","item":"https:\/\/wordpress.ft.unicamp.br\/bernardotf\/pt\/home-2\/"},{"@type":"ListItem","position":2,"name":"Cursos","item":"https:\/\/wordpress.ft.unicamp.br\/bernardotf\/pt\/cursos\/"},{"@type":"ListItem","position":3,"name":"P\u00f3s-gradua\u00e7\u00e3o"}]},{"@type":"WebSite","@id":"https:\/\/wordpress.ft.unicamp.br\/bernardotf\/#website","url":"https:\/\/wordpress.ft.unicamp.br\/bernardotf\/","name":"Prof. Bernardo T. Freitas","description":"","potentialAction":[{"@type":"SearchAction","target":{"@type":"EntryPoint","urlTemplate":"https:\/\/wordpress.ft.unicamp.br\/bernardotf\/?s={search_term_string}"},"query-input":{"@type":"PropertyValueSpecification","valueRequired":true,"valueName":"search_term_string"}}],"inLanguage":"en-US"}]}},"_links":{"self":[{"href":"https:\/\/wordpress.ft.unicamp.br\/bernardotf\/wp-json\/wp\/v2\/pages\/358","targetHints":{"allow":["GET"]}}],"collection":[{"href":"https:\/\/wordpress.ft.unicamp.br\/bernardotf\/wp-json\/wp\/v2\/pages"}],"about":[{"href":"https:\/\/wordpress.ft.unicamp.br\/bernardotf\/wp-json\/wp\/v2\/types\/page"}],"author":[{"embeddable":true,"href":"https:\/\/wordpress.ft.unicamp.br\/bernardotf\/wp-json\/wp\/v2\/users\/22"}],"replies":[{"embeddable":true,"href":"https:\/\/wordpress.ft.unicamp.br\/bernardotf\/wp-json\/wp\/v2\/comments?post=358"}],"version-history":[{"count":4,"href":"https:\/\/wordpress.ft.unicamp.br\/bernardotf\/wp-json\/wp\/v2\/pages\/358\/revisions"}],"predecessor-version":[{"id":376,"href":"https:\/\/wordpress.ft.unicamp.br\/bernardotf\/wp-json\/wp\/v2\/pages\/358\/revisions\/376"}],"up":[{"embeddable":true,"href":"https:\/\/wordpress.ft.unicamp.br\/bernardotf\/wp-json\/wp\/v2\/pages\/108"}],"wp:attachment":[{"href":"https:\/\/wordpress.ft.unicamp.br\/bernardotf\/wp-json\/wp\/v2\/media?parent=358"}],"curies":[{"name":"wp","href":"https:\/\/api.w.org\/{rel}","templated":true}]}}