{"id":99,"date":"2017-08-16T22:28:23","date_gmt":"2017-08-16T22:28:23","guid":{"rendered":"http:\/\/wordpress.ft.unicamp.br\/bernardotf\/?page_id=99"},"modified":"2018-08-09T20:55:17","modified_gmt":"2018-08-09T20:55:17","slug":"publicacoes","status":"publish","type":"page","link":"https:\/\/wordpress.ft.unicamp.br\/bernardotf\/pt\/publicacoes\/","title":{"rendered":"Publica\u00e7\u00f5es"},"content":{"rendered":"<p>GALEAZZI, C.P,\u00a0ALMEIDA, R.P.,\u00a0MAZOCA, C.E.M., BEST, J.L.,\u00a0<b>FREITAS, B.T.<\/b>,\u00a0 IANNIRUBERTO, M., Cisneros, J., TAMURA, L.N., 2018. The significance of superimposed dunes in the Amazon River: Implications for how large rivers are identified in the rock record. Sedimentology, <span class=\"current-selection\">doi:<\/span> <span class=\"current-selection\">10.1111\/sed.12471<\/span>.<\/p>\n<p><b>FREITAS,<\/b> <strong>B.T.<\/strong>,\u00a0ALMEIDA, R.P., CARRERA, S.C., FIGUEIREDO, F.T., TURRA, B.B.,\u00a0VAREJ\u00c3O, F.G.,\u00a0ASSINE, M.L., 2017. Aptian sedimentation in the Rec\u00f4ncavo-Tucano-Jatob\u00e1 Rift System and its tectonic and paleogeographic significance. Journal of South American Earth Sciences, 80, 460-481.<\/p>\n<p>WARREN, L.V., QUAGLIO, F., SIM\u00d5ES, M.G., GAUCHER, C., RICCOMINI, C., POIR\u00c9, D.G., <strong>FREITAS, B.T.<\/strong>, BOGGIANI, P.C., SIAL, A.N., 2017. Cloudina &#8211; Corumbella &#8211; Namacalathus association from the Itapucumi Group, Paraguay: Increasing ecosystem complexity and tiering at the end of the Ediacaran. Precambrian Research, 298, 79-87.<\/p>\n<p>FREI, R., D\u00d8SSING, L.N., GAUCHER, C., BOGGIANI, P.C., FREI, K.M., BECH \u00c1RTING, T., CROWE, S.A., <strong>FREITAS, B.T.<\/strong>, 2017. Extensive oxidative weathering in the aftermath of a late Neoproterozoic glaciation &#8211; Evidence from trace element and chromium isotope records in the Urucum district (Jacadigo Group) and Puga iron formations (Mato Grosso do Sul, Brazil). Gondwana Research, 49, 1-20.<\/p>\n<p>ALMEIDA, R.P., GALEAZZI, C.P., <strong>FREITAS, B.T., <\/strong>JANIKIAN, L., IANNIRUBERTO, M., Marconato, A., 2016. Large barchanoid dunes in the Amazon River and the rock record: Implications for interpreting large river systems. Earth and Planetary Science Letters, 454, 92-102.<\/p>\n<p>VAREJ\u00c3O, F.G., WARREN, L.V., PERINOTTO, J.A.J., NEUMANN, V.H., <strong>FREITAS, B.T,<\/strong> ALMEIDA, R.P., ASSINE, M.L., 2016. Upper Aptian mixed carbonate-siliciclastic sequences from Tucano Basin, Northeastern Brazil: Implications for paleogeographic reconstructions following Gondwana break-up. Cretaceous Research, 67, 44-58.<\/p>\n<p>ALMEIDA, R.P., MARCONATO, A., <strong>FREITAS, B.T<\/strong>., TURRA, B.B., 2016. The ancestors of meandering rivers. Geology, doi: 10.1130\/G37534.1.<\/p>\n<p>ALMEIDA, R.P., <strong>FREITAS, B.T<\/strong>., TURRA, B.B., FIGUEIREDO, F.T., MARCONATO, A., JANIKIAN, L., 2016. Reconstructing fluvial bar surfaces from compound cross-strata and the interpretation of bar accretion direction in large river deposits. Sedimentology, 63 (3), 609-628, doi: 10.1111\/sed.12230.<\/p>\n<p>FIGUEIREDO, F.T., ALMEIDA, R.P., <strong>FREITAS, B.T<\/strong>., MARCONATO, A., CARRERA, S., TURRA, B.B., 2016. Tectonic activation, source area stratigraphy and provenance changes in a rift basin: the Early Cretaceous Tucano Basin (NE-Brazil). Basin Research, 28 (4), 433-445, doi: 10.1111\/bre.12115.<\/p>\n<p>WARREN, L.V., QUAGLIO, F., SIM\u00d5ES, M.G., <strong>FREITAS, B.T.<\/strong>, ASSINE, M.L., RICCOMINI, C., 2014. Underneath the Pantanal wetland: a deep-time history on Gondwana assembling, climatic changes, and the dawn of metazoans. In: Bergier, I.; Assine, M.L.. (Org.). The Handbook of Environmental Chemistry. 101 ed.: Springer Berlin Heidelberg, v. 37, p. 1-21.<\/p>\n<p>WARREN, L.V., SIMOES, M.G., FAIRCHILD, T.R., RICCOMINI, C., GAUCHER, C., ANELLI, L.E., <strong>FREITAS, B.T.,<\/strong> BOGGIANI, P.C., QUAGLIO, F., 2013. Origin and impact of the oldest metazoan bioclastic sediments. Geology, 41, 507-510.<\/p>\n<p><strong>FREITAS, B.T.<\/strong>, WARREN, L.V., BOGGIANI, P.C., ALMEIDA, R.P., PIACENTINI, T., 2011. Tectono-sedimentary evolution of the Neoproterozoic BIF-bearing Jacadigo Group, SW-Brazil. Sedimentary Geology, 238, 48-70.<\/p>\n<p>PIACENTINI, T., BOGGIANI, P.C.,\u00a0YAMAMOTO, J.K.,\u00a0<b>FREITAS, B.T.,<\/b>\u00a0CAMPANHA, G.A.C., 2007. Forma\u00e7\u00e3o ferr\u00edfera associada \u00e0 sedimenta\u00e7\u00e3o glaciog\u00eanica da Forma\u00e7\u00e3o Puga (Marinoano) na Serra da Bodoquena, MS. Revista Brasileira de Geoci\u00eancias, 37, 530-541.<\/p>\n","protected":false},"excerpt":{"rendered":"<p>GALEAZZI, C.P,\u00a0ALMEIDA, R.P.,\u00a0MAZOCA, C.E.M., BEST, J.L.,\u00a0FREITAS, B.T.,\u00a0 IANNIRUBERTO, M., Cisneros, J., TAMURA, L.N., 2018. The significance of superimposed dunes in the Amazon River: Implications for how large rivers are identified in the rock record. Sedimentology, doi: 10.1111\/sed.12471. FREITAS, B.T.,\u00a0ALMEIDA, R.P., &hellip; <a href=\"https:\/\/wordpress.ft.unicamp.br\/bernardotf\/pt\/publicacoes\/\">Continue reading <span class=\"meta-nav\">&rarr;<\/span><\/a><\/p>\n","protected":false},"author":22,"featured_media":0,"parent":0,"menu_order":0,"comment_status":"closed","ping_status":"closed","template":"","meta":{"footnotes":""},"class_list":["post-99","page","type-page","status-publish","hentry"],"yoast_head":"<!-- This site is optimized with the Yoast SEO plugin v27.3 - https:\/\/yoast.com\/product\/yoast-seo-wordpress\/ -->\n<title>Publica\u00e7\u00f5es - Prof. Bernardo T. Freitas<\/title>\n<meta name=\"robots\" content=\"index, follow, max-snippet:-1, max-image-preview:large, max-video-preview:-1\" \/>\n<link rel=\"canonical\" href=\"https:\/\/wordpress.ft.unicamp.br\/bernardotf\/pt\/publicacoes\/\" \/>\n<meta property=\"og:locale\" content=\"en_US\" \/>\n<meta property=\"og:type\" content=\"article\" \/>\n<meta property=\"og:title\" content=\"Publica\u00e7\u00f5es - Prof. Bernardo T. Freitas\" \/>\n<meta property=\"og:description\" content=\"GALEAZZI, C.P,\u00a0ALMEIDA, R.P.,\u00a0MAZOCA, C.E.M., BEST, J.L.,\u00a0FREITAS, B.T.,\u00a0 IANNIRUBERTO, M., Cisneros, J., TAMURA, L.N., 2018. The significance of superimposed dunes in the Amazon River: Implications for how large rivers are identified in the rock record. Sedimentology, doi: 10.1111\/sed.12471. FREITAS, B.T.,\u00a0ALMEIDA, R.P., &hellip; Continue reading &rarr;\" \/>\n<meta property=\"og:url\" content=\"https:\/\/wordpress.ft.unicamp.br\/bernardotf\/pt\/publicacoes\/\" \/>\n<meta property=\"og:site_name\" content=\"Prof. Bernardo T. Freitas\" \/>\n<meta property=\"article:modified_time\" content=\"2018-08-09T20:55:17+00:00\" \/>\n<meta name=\"twitter:card\" content=\"summary_large_image\" \/>\n<meta name=\"twitter:label1\" content=\"Est. reading time\" \/>\n\t<meta name=\"twitter:data1\" content=\"3 minutes\" \/>\n<script type=\"application\/ld+json\" class=\"yoast-schema-graph\">{\"@context\":\"https:\\\/\\\/schema.org\",\"@graph\":[{\"@type\":\"WebPage\",\"@id\":\"https:\\\/\\\/wordpress.ft.unicamp.br\\\/bernardotf\\\/pt\\\/publicacoes\\\/\",\"url\":\"https:\\\/\\\/wordpress.ft.unicamp.br\\\/bernardotf\\\/pt\\\/publicacoes\\\/\",\"name\":\"Publica\u00e7\u00f5es - Prof. Bernardo T. Freitas\",\"isPartOf\":{\"@id\":\"https:\\\/\\\/wordpress.ft.unicamp.br\\\/bernardotf\\\/#website\"},\"datePublished\":\"2017-08-16T22:28:23+00:00\",\"dateModified\":\"2018-08-09T20:55:17+00:00\",\"breadcrumb\":{\"@id\":\"https:\\\/\\\/wordpress.ft.unicamp.br\\\/bernardotf\\\/pt\\\/publicacoes\\\/#breadcrumb\"},\"inLanguage\":\"en-US\",\"potentialAction\":[{\"@type\":\"ReadAction\",\"target\":[\"https:\\\/\\\/wordpress.ft.unicamp.br\\\/bernardotf\\\/pt\\\/publicacoes\\\/\"]}]},{\"@type\":\"BreadcrumbList\",\"@id\":\"https:\\\/\\\/wordpress.ft.unicamp.br\\\/bernardotf\\\/pt\\\/publicacoes\\\/#breadcrumb\",\"itemListElement\":[{\"@type\":\"ListItem\",\"position\":1,\"name\":\"Home\",\"item\":\"https:\\\/\\\/wordpress.ft.unicamp.br\\\/bernardotf\\\/pt\\\/home-2\\\/\"},{\"@type\":\"ListItem\",\"position\":2,\"name\":\"Publica\u00e7\u00f5es\"}]},{\"@type\":\"WebSite\",\"@id\":\"https:\\\/\\\/wordpress.ft.unicamp.br\\\/bernardotf\\\/#website\",\"url\":\"https:\\\/\\\/wordpress.ft.unicamp.br\\\/bernardotf\\\/\",\"name\":\"Prof. Bernardo T. Freitas\",\"description\":\"\",\"potentialAction\":[{\"@type\":\"SearchAction\",\"target\":{\"@type\":\"EntryPoint\",\"urlTemplate\":\"https:\\\/\\\/wordpress.ft.unicamp.br\\\/bernardotf\\\/?s={search_term_string}\"},\"query-input\":{\"@type\":\"PropertyValueSpecification\",\"valueRequired\":true,\"valueName\":\"search_term_string\"}}],\"inLanguage\":\"en-US\"}]}<\/script>\n<!-- \/ Yoast SEO plugin. -->","yoast_head_json":{"title":"Publica\u00e7\u00f5es - Prof. Bernardo T. Freitas","robots":{"index":"index","follow":"follow","max-snippet":"max-snippet:-1","max-image-preview":"max-image-preview:large","max-video-preview":"max-video-preview:-1"},"canonical":"https:\/\/wordpress.ft.unicamp.br\/bernardotf\/pt\/publicacoes\/","og_locale":"en_US","og_type":"article","og_title":"Publica\u00e7\u00f5es - Prof. Bernardo T. Freitas","og_description":"GALEAZZI, C.P,\u00a0ALMEIDA, R.P.,\u00a0MAZOCA, C.E.M., BEST, J.L.,\u00a0FREITAS, B.T.,\u00a0 IANNIRUBERTO, M., Cisneros, J., TAMURA, L.N., 2018. The significance of superimposed dunes in the Amazon River: Implications for how large rivers are identified in the rock record. Sedimentology, doi: 10.1111\/sed.12471. FREITAS, B.T.,\u00a0ALMEIDA, R.P., &hellip; Continue reading &rarr;","og_url":"https:\/\/wordpress.ft.unicamp.br\/bernardotf\/pt\/publicacoes\/","og_site_name":"Prof. Bernardo T. Freitas","article_modified_time":"2018-08-09T20:55:17+00:00","twitter_card":"summary_large_image","twitter_misc":{"Est. reading time":"3 minutes"},"schema":{"@context":"https:\/\/schema.org","@graph":[{"@type":"WebPage","@id":"https:\/\/wordpress.ft.unicamp.br\/bernardotf\/pt\/publicacoes\/","url":"https:\/\/wordpress.ft.unicamp.br\/bernardotf\/pt\/publicacoes\/","name":"Publica\u00e7\u00f5es - Prof. Bernardo T. Freitas","isPartOf":{"@id":"https:\/\/wordpress.ft.unicamp.br\/bernardotf\/#website"},"datePublished":"2017-08-16T22:28:23+00:00","dateModified":"2018-08-09T20:55:17+00:00","breadcrumb":{"@id":"https:\/\/wordpress.ft.unicamp.br\/bernardotf\/pt\/publicacoes\/#breadcrumb"},"inLanguage":"en-US","potentialAction":[{"@type":"ReadAction","target":["https:\/\/wordpress.ft.unicamp.br\/bernardotf\/pt\/publicacoes\/"]}]},{"@type":"BreadcrumbList","@id":"https:\/\/wordpress.ft.unicamp.br\/bernardotf\/pt\/publicacoes\/#breadcrumb","itemListElement":[{"@type":"ListItem","position":1,"name":"Home","item":"https:\/\/wordpress.ft.unicamp.br\/bernardotf\/pt\/home-2\/"},{"@type":"ListItem","position":2,"name":"Publica\u00e7\u00f5es"}]},{"@type":"WebSite","@id":"https:\/\/wordpress.ft.unicamp.br\/bernardotf\/#website","url":"https:\/\/wordpress.ft.unicamp.br\/bernardotf\/","name":"Prof. Bernardo T. Freitas","description":"","potentialAction":[{"@type":"SearchAction","target":{"@type":"EntryPoint","urlTemplate":"https:\/\/wordpress.ft.unicamp.br\/bernardotf\/?s={search_term_string}"},"query-input":{"@type":"PropertyValueSpecification","valueRequired":true,"valueName":"search_term_string"}}],"inLanguage":"en-US"}]}},"_links":{"self":[{"href":"https:\/\/wordpress.ft.unicamp.br\/bernardotf\/wp-json\/wp\/v2\/pages\/99","targetHints":{"allow":["GET"]}}],"collection":[{"href":"https:\/\/wordpress.ft.unicamp.br\/bernardotf\/wp-json\/wp\/v2\/pages"}],"about":[{"href":"https:\/\/wordpress.ft.unicamp.br\/bernardotf\/wp-json\/wp\/v2\/types\/page"}],"author":[{"embeddable":true,"href":"https:\/\/wordpress.ft.unicamp.br\/bernardotf\/wp-json\/wp\/v2\/users\/22"}],"replies":[{"embeddable":true,"href":"https:\/\/wordpress.ft.unicamp.br\/bernardotf\/wp-json\/wp\/v2\/comments?post=99"}],"version-history":[{"count":4,"href":"https:\/\/wordpress.ft.unicamp.br\/bernardotf\/wp-json\/wp\/v2\/pages\/99\/revisions"}],"predecessor-version":[{"id":336,"href":"https:\/\/wordpress.ft.unicamp.br\/bernardotf\/wp-json\/wp\/v2\/pages\/99\/revisions\/336"}],"wp:attachment":[{"href":"https:\/\/wordpress.ft.unicamp.br\/bernardotf\/wp-json\/wp\/v2\/media?parent=99"}],"curies":[{"name":"wp","href":"https:\/\/api.w.org\/{rel}","templated":true}]}}