{"id":68,"date":"2021-03-04T10:37:38","date_gmt":"2021-03-04T13:37:38","guid":{"rendered":"http:\/\/wordpress.ft.unicamp.br\/calourada\/?page_id=68"},"modified":"2023-02-16T08:09:27","modified_gmt":"2023-02-16T11:09:27","slug":"biblioteca","status":"publish","type":"page","link":"https:\/\/wordpress.ft.unicamp.br\/calourada\/biblioteca\/","title":{"rendered":"Biblioteca"},"content":{"rendered":"\t\t<div data-elementor-type=\"wp-page\" data-elementor-id=\"68\" class=\"elementor elementor-68\">\n\t\t\t\t\t\t<section class=\"elementor-section elementor-top-section elementor-element elementor-element-781498a elementor-section-boxed elementor-section-height-default elementor-section-height-default\" data-id=\"781498a\" data-element_type=\"section\" data-e-type=\"section\">\n\t\t\t\t\t\t<div class=\"elementor-container elementor-column-gap-default\">\n\t\t\t\t\t<div class=\"elementor-column elementor-col-100 elementor-top-column elementor-element elementor-element-43ecb634\" data-id=\"43ecb634\" data-element_type=\"column\" data-e-type=\"column\">\n\t\t\t<div class=\"elementor-widget-wrap elementor-element-populated\">\n\t\t\t\t\t\t<div class=\"elementor-element elementor-element-7e22739a elementor-widget elementor-widget-text-editor\" data-id=\"7e22739a\" data-element_type=\"widget\" data-e-type=\"widget\" data-widget_type=\"text-editor.default\">\n\t\t\t\t<div class=\"elementor-widget-container\">\n\t\t\t\t\t\t\t\t\t<p><\/p>\n\n\n\t\n\t\n\t\n\t\n\n<p style=\"line-height: 100%; margin-bottom: 0cm\">\n<font face=\"Calibri, sans-serif\"><font style=\"font-size: 16pt\" size=\"4\"><b>SBU\n\u2013 SISTEMA DE BIBLIOTECAS DA UNICAMP<\/b><\/font><\/font><\/p>\n<p style=\"line-height: 100%; margin-bottom: 0cm\"><br>\n\n<\/p>\n<p style=\"line-height: 100%; margin-bottom: 0cm\"><font face=\"Calibri, sans-serif\">O\nSBU atualmente \u00e9 composto pelo \u00d3rg\u00e3o Colegiado, Coordenadoria e 29\nbibliotecas, sendo uma central, uma de \u00e1rea e as demais alocadas nas\nUnidades de Ensino e Pesquisa, Centros e N\u00facleos.<\/font><\/p>\n<p style=\"line-height: 100%; margin-bottom: 0cm\"><br>\n\n<\/p>\n<p style=\"line-height: 100%; margin-bottom: 0cm\"><font face=\"Calibri, sans-serif\">Tem\ncomo neg\u00f3cio a informa\u00e7\u00e3o cient\u00edfica, tecnol\u00f3gica, hist\u00f3rica e\ncultural, e como miss\u00e3o prover informa\u00e7\u00e3o, por meio de produtos e\nservi\u00e7os de excel\u00eancia, para as atividades de ensino, pesquisa e\nextens\u00e3o, garantindo um ambiente de respeito \u00e0 diversidade e \u00e0\nsocializa\u00e7\u00e3o.<\/font><\/p>\n<p style=\"line-height: 100%; margin-bottom: 0cm\"><br>\n\n<\/p>\n<p style=\"line-height: 100%; margin-bottom: 0cm\"><font face=\"Calibri, sans-serif\">Em\nacervo impresso total, o SBU possui mais de 1 milh\u00e3o de exemplares,\ndentre outras milhares de fontes eletr\u00f4nicas assinadas e dispon\u00edveis\npara a comunidade Unicamp.<\/font><\/p>\n<p style=\"line-height: 100%; margin-bottom: 0cm\"><br>\n\n<\/p>\n<p style=\"line-height: 100%; margin-bottom: 0cm\"><br>\n\n<\/p>\n<p style=\"line-height: 100%; margin-bottom: 0cm\"><font face=\"Calibri, sans-serif\"><font style=\"font-size: 16pt\" size=\"4\"><b>BIBLIOTECA\nUNIFICADA FT\/CTL<\/b><\/font><\/font><\/p>\n<p style=\"line-height: 100%; margin-bottom: 0cm\"><br>\n\n<\/p>\n<p style=\"font-weight: normal; line-height: 100%; margin-bottom: 0cm\">\n<font face=\"Calibri, sans-serif\"><font style=\"font-size: 12pt\" size=\"3\">A\nBiblioteca Unificada FT\/CTL foi constitu\u00edda em 1991, com a jun\u00e7\u00e3o\ndas Bibliotecas do CESET (atual FT), inaugurada em 1989, e do COTIL,\ninaugurada em 1969.<\/font><\/font><\/p>\n<p style=\"font-weight: normal; line-height: 100%; margin-bottom: 0cm\">\n<br>\n\n<\/p>\n<p style=\"font-weight: normal; line-height: 100%; margin-bottom: 0cm\">\n<font face=\"Calibri, sans-serif\"><font style=\"font-size: 12pt\" size=\"3\">Contamos\ncom uma \u00e1rea de 335m\u00b2, contendo 3 salas de estudo em grupo, acervo\ne sal\u00e3o geral de estudos e 5 computadores para utiliza\u00e7\u00e3o dos\nusu\u00e1rios. Funciona de segunda \u00e0 sexta das 08h00 \u00e0s 22h30.<\/font><\/font><\/p>\n<p style=\"font-weight: normal; line-height: 100%; margin-bottom: 0cm\">\n<br>\n\n<\/p>\n<p style=\"font-weight: normal; line-height: 100%; margin-bottom: 0cm\">\n<font face=\"Calibri, sans-serif\"><font style=\"font-size: 12pt\" size=\"3\">Hoje,\nnosso acervo conta com pouco mais de 22mil exemplares impressos.<\/font><\/font><\/p>\n<p style=\"font-weight: normal; line-height: 100%; margin-bottom: 0cm\">\n<br>\n\n<\/p>\n<p style=\"font-weight: normal; line-height: 100%; margin-bottom: 0cm\">\n<font face=\"Calibri, sans-serif\"><font style=\"font-size: 12pt\" size=\"3\">Entre\nos servi\u00e7os oferecidos est\u00e3o: <\/font><\/font>\n<\/p>\n<ul><li><p style=\"line-height: 100%; margin-bottom: 0cm\"><font face=\"Calibri, sans-serif\"><font style=\"font-size: 12pt\" size=\"3\"><span style=\"font-weight: normal\">Empr\u00e9stimo\n\tdomiciliar: cada categoria de usu\u00e1rio pode retirar determinado\n\tn\u00famero de livros por um per\u00edodo, sendo que o atraso acarreta em\n\tsuspens\u00e3o de novos empr\u00e9stimos por determinado per\u00edodo (mai<\/span><\/font><\/font><font face=\"Calibri, sans-serif\"><font style=\"font-size: 12pt\" size=\"3\"><span style=\"font-weight: normal\">s<\/span><\/font><\/font><font face=\"Calibri, sans-serif\"><font style=\"font-size: 12pt\" size=\"3\"><span style=\"font-weight: normal\">\n\tdetalhes no regulamento de circula\u00e7\u00e3o, <\/span><\/font><\/font><font face=\"Calibri, sans-serif\"><font style=\"font-size: 12pt\" size=\"3\"><span style=\"font-weight: normal\">link\n\tabaixo<\/span><\/font><\/font><font face=\"Calibri, sans-serif\"><font style=\"font-size: 12pt\" size=\"3\"><span style=\"font-weight: normal\">);<\/span><\/font><\/font><\/p>\n\t<\/li><li><p style=\"font-weight: normal; line-height: 100%; margin-bottom: 0cm\">\n\t<font face=\"Calibri, sans-serif\"><font style=\"font-size: 12pt\" size=\"3\">Empr\u00e9stimo\n\tde chaves para guarda-volumes: devem ser devolvidas no mesmo dia at\u00e9\n\t22h30;<\/font><\/font><\/p>\n\t<\/li><li><p style=\"font-weight: normal; line-height: 100%; margin-bottom: 0cm\">\n\t<font face=\"Calibri, sans-serif\"><font style=\"font-size: 12pt\" size=\"3\">Empr\u00e9stimo\n\tEntre Bibliotecas (EEB): \u00e9 poss\u00edvel solicitar o envio de materiais\n\tde qualquer biblioteca da Unicamp;<\/font><\/font><\/p>\n\t<\/li><li><p style=\"font-weight: normal; line-height: 100%; margin-bottom: 0cm\">\n\t<font face=\"Calibri, sans-serif\"><font style=\"font-size: 12pt\" size=\"3\">Empr\u00e9stimo\n\te Devolu\u00e7\u00e3o Unificados: todos os usu\u00e1rios podem emprestar e\n\tdevolver em qualquer biblioteca da Unicamp;<\/font><\/font><\/p>\n\t<\/li><li><p style=\"line-height: 100%; margin-bottom: 0cm\"><font face=\"Calibri, sans-serif\"><font style=\"font-size: 12pt\" size=\"3\"><span style=\"font-weight: normal\">Renova\u00e7\u00e3o\n\t<\/span><\/font><\/font><font face=\"Calibri, sans-serif\"><font style=\"font-size: 12pt\" size=\"3\"><span style=\"font-weight: normal\">e\n\treserva <\/span><\/font><\/font><font face=\"Calibri, sans-serif\"><font style=\"font-size: 12pt\" size=\"3\"><span style=\"font-weight: normal\">online:\n\t<\/span><\/font><\/font><font face=\"Calibri, sans-serif\"><font style=\"font-size: 12pt\" size=\"3\"><span style=\"font-weight: normal\">servi\u00e7os\n\tque possibilitam renovar empr\u00e9stimos pela internet ou aplicativo e\n\tefetuar reserva de materiais que estejam emprestados.<\/span><\/font><\/font><\/p>\n\t<p style=\"font-weight: normal; line-height: 100%; margin-bottom: 0cm\">\n\t<\/p>\n<\/li><\/ul>\n<p style=\"line-height: 100%; margin-bottom: 0cm\"><font face=\"Calibri, sans-serif\"><font style=\"font-size: 12pt\" size=\"3\"><span style=\"font-weight: normal\">Regulamento\nde Circula\u00e7\u00e3o de Materiais Bibliogr\u00e1ficos do SBU:\n<a href=\"http:\/\/www.sbu.unicamp.br\/cadbib-nfs\/b32\/Regulamento%20de%20circulacao%20SBU.pdf\">http:\/\/www.sbu.unicamp.br\/cadbib-nfs\/b32\/Regulamento%20de%20circulacao%20SBU.pdf<\/a><\/span><\/font><\/font><\/p>\n<p style=\"font-weight: normal; line-height: 100%; margin-bottom: 0cm\">\n<br>\n\n<\/p>\n<p style=\"font-weight: normal; line-height: 100%; margin-bottom: 0cm\">\n<font face=\"Calibri, sans-serif\"><font style=\"font-size: 12pt\" size=\"3\">Algumas\nde nossas regras:<\/font><\/font><\/p>\n<ul><li><p style=\"line-height: 100%; margin-bottom: 0cm\"><font face=\"Calibri, sans-serif\"><font style=\"font-size: 12pt\" size=\"3\"><span style=\"font-weight: normal\">Os\n\tcomputadores s\u00e3o de utiliza\u00e7\u00e3o livre, mas a prioridade \u00e9 o uso\n\tpara fins acad\u00eamicos;<\/span><\/font><\/font><\/p>\n\t<\/li><li><p style=\"font-weight: normal; line-height: 100%; margin-bottom: 0cm\">\n\t<font face=\"Calibri, sans-serif\"><font style=\"font-size: 12pt\" size=\"3\">N\u00e3o\n\t\u00e9 permitida a entrada com mochilas e bolsas;<\/font><\/font><\/p>\n\t<\/li><li><p style=\"font-weight: normal; line-height: 100%; margin-bottom: 0cm\">\n\t<font face=\"Calibri, sans-serif\"><font style=\"font-size: 12pt\" size=\"3\">N\u00e3o\n\t\u00e9 permitido o consumo de alimentos no interior da biblioteca;<\/font><\/font><\/p>\n\t<\/li><li><p style=\"font-weight: normal; line-height: 100%; margin-bottom: 0cm\">\n\t<font face=\"Calibri, sans-serif\"><font style=\"font-size: 12pt\" size=\"3\">N\u00e3o\n\t\u00e9 permitido barulho em excesso.<\/font><\/font><\/p>\n<\/li><\/ul>\n<p style=\"font-weight: normal; line-height: 100%; margin-bottom: 0cm\">\n<br>\n\n<\/p>\n<p style=\"font-weight: normal; line-height: 100%; margin-bottom: 0cm\">\n<br>\n\n<\/p>\n<p style=\"font-weight: normal; line-height: 100%; margin-bottom: 0cm\">\n<font face=\"Calibri, sans-serif\"><font style=\"font-size: 12pt\" size=\"3\">Cat\u00e1logo\nAcervus (consulta a todo o acervo das bibliotecas da Unicamp):<\/font><\/font><\/p>\n<p style=\"line-height: 100%; margin-bottom: 0cm\"><a href=\"http:\/\/acervus.unicamp.br\/\"><font face=\"Calibri, sans-serif\"><font style=\"font-size: 12pt\" size=\"3\"><span style=\"font-weight: normal\">http:\/\/acervus.unicamp.br<\/span><\/font><\/font><\/a><\/p>\n<p style=\"font-weight: normal; line-height: 100%; margin-bottom: 0cm\">\n<br>\n\n<\/p>\n<p style=\"font-weight: normal; line-height: 100%; margin-bottom: 0cm\">\n<font face=\"Calibri, sans-serif\"><font style=\"font-size: 12pt\" size=\"3\">Portal\ndo SBU: <\/font><\/font>\n<\/p>\n<p style=\"line-height: 100%; margin-bottom: 0cm\"><a href=\"http:\/\/www.sbu.unicamp.br\/\"><font face=\"Calibri, sans-serif\"><font style=\"font-size: 12pt\" size=\"3\"><span style=\"font-weight: normal\">http:\/\/www.sbu.unicamp.br<\/span><\/font><\/font><\/a><\/p>\n<p style=\"font-weight: normal; line-height: 100%; margin-bottom: 0cm\">\n<br>\n\n<\/p>\n<p style=\"font-weight: normal; line-height: 100%; margin-bottom: 0cm\">\n<font face=\"Calibri, sans-serif\"><font style=\"font-size: 12pt\" size=\"3\">Reposit\u00f3rio\nda Produ\u00e7\u00e3o Cient\u00edfica e Intelectual da Unicamp:<\/font><\/font><\/p>\n<p style=\"line-height: 100%; margin-bottom: 0cm\"><a href=\"http:\/\/repositorio.unicamp.br\/\"><font face=\"Calibri, sans-serif\"><font style=\"font-size: 12pt\" size=\"3\"><span style=\"font-weight: normal\">http:\/\/repositorio.unicamp.br<\/span><\/font><\/font><\/a><\/p>\n<p style=\"font-weight: normal; line-height: 100%; margin-bottom: 0cm\">\n<br>\n\n<\/p>\n<p style=\"line-height: 100%; margin-bottom: 0cm\"><font face=\"Calibri, sans-serif\"><font style=\"font-size: 12pt\" size=\"3\"><span style=\"font-weight: normal\">P\u00e1gina\n<\/span><\/font><\/font><font face=\"Calibri, sans-serif\"><font style=\"font-size: 12pt\" size=\"3\"><span style=\"font-weight: normal\">da\nBiblioteca Unificada FT\/CTL <\/span><\/font><\/font><font face=\"Calibri, sans-serif\"><font style=\"font-size: 12pt\" size=\"3\"><span style=\"font-weight: normal\">no\nsite da FT:<\/span><\/font><\/font><\/p>\n<p style=\"line-height: 100%; margin-bottom: 0cm\"><font face=\"Calibri, sans-serif\"><font style=\"font-size: 12pt\" size=\"3\"><span style=\"font-weight: normal\"><a href=\"https:\/\/www.ft.unicamp.br\/pt-br\/biblioteca\">http:\/\/www.ft.unicamp.br\/pt-br\/biblioteca<\/a>\n<\/span><\/font><\/font>\n<\/p>\n<p style=\"font-weight: normal; line-height: 100%; margin-bottom: 0cm\">\n<br>\n\n<\/p>\n<p style=\"font-weight: normal; line-height: 100%; margin-bottom: 0cm\">\n<font face=\"Calibri, sans-serif\"><font style=\"font-size: 12pt\" size=\"3\">Biblioteca\nUnificada FT\/CTL no Facebook e Instagram:<\/font><\/font><\/p>\n<p style=\"line-height: 100%; margin-bottom: 0cm\"><a href=\"http:\/\/facebook.com\/bibliotecaftunicamp\"><font face=\"Calibri, sans-serif\"><font style=\"font-size: 12pt\" size=\"3\"><span style=\"font-weight: normal\">http:\/\/<\/span><\/font><\/font><\/a><a href=\"http:\/\/facebook.com\/bibliotecaftunicamp\"><font face=\"Calibri, sans-serif\"><font style=\"font-size: 12pt\" size=\"3\"><span style=\"font-weight: normal\">fac<\/span><\/font><\/font><\/a><a href=\"http:\/\/facebook.com\/bibliotecaftunicamp\"><font face=\"Calibri, sans-serif\"><font style=\"font-size: 12pt\" size=\"3\"><span style=\"font-weight: normal\">ebook.com\/bibliotecaftunicamp<\/span><\/font><\/font><\/a><\/p>\n<p style=\"line-height: 100%; margin-bottom: 0cm\"><a href=\"http:\/\/www.instagram.com\/bibliotecaftctl\/\"><font face=\"Calibri, sans-serif\"><font style=\"font-size: 12pt\" size=\"3\"><span style=\"font-weight: normal\">http:\/\/instagram.com\/bibliotecaftctl\/<\/span><\/font><\/font><\/a><\/p>\n<p style=\"line-height: 100%; margin-bottom: 0cm\"><br>\n\n<\/p>\n<p style=\"font-weight: normal; line-height: 100%; margin-bottom: 0cm\">\n<font face=\"Calibri, sans-serif\"><font style=\"font-size: 12pt\" size=\"3\">SBU\nno Facebook e Instagram:<\/font><\/font><\/p>\n<p style=\"font-weight: normal; line-height: 100%; margin-bottom: 0cm\">\n<font face=\"Calibri, sans-serif\"><font style=\"font-size: 12pt\" size=\"3\"><a href=\"http:\/\/facebook.com\/sbunicamp\">http:\/\/facebook.com\/sbunicamp<\/a><\/font><\/font><\/p>\n<p style=\"font-weight: normal; line-height: 100%; margin-bottom: 0cm\">\n<font face=\"Calibri, sans-serif\"><font style=\"font-size: 12pt\" size=\"3\"><a href=\"https:\/\/www.instagram.com\/sbunicamp\/\">http:\/\/instagram.com\/sbunicamp\/<\/a><\/font><\/font><\/p>\n\n<style type=\"text\/css\">p { line-height: 115%; margin-bottom: 0.25cm; background: transparent }a:visited { color: #800000; so-language: zxx; text-decoration: underline }a:link { color: #000080; so-language: zxx; text-decoration: underline }<\/style><style type=\"text\/css\">p { line-height: 115%; margin-bottom: 0.25cm; background: transparent }a:visited { color: #800000; so-language: zxx; text-decoration: underline }a:link { color: #000080; so-language: zxx; text-decoration: underline }<\/style>\n<p><\/p>\t\t\t\t\t\t\t\t<\/div>\n\t\t\t\t<\/div>\n\t\t\t\t\t<\/div>\n\t\t<\/div>\n\t\t\t\t\t<\/div>\n\t\t<\/section>\n\t\t\t\t<\/div>\n\t\t","protected":false},"excerpt":{"rendered":"<p>SBU \u2013 SISTEMA DE BIBLIOTECAS DA UNICAMP O SBU atualmente \u00e9 composto pelo \u00d3rg\u00e3o Colegiado, Coordenadoria e 29 bibliotecas, sendo uma central, uma de \u00e1rea e as demais alocadas nas Unidades de Ensino e Pesquisa, Centros e N\u00facleos. Tem como neg\u00f3cio a informa\u00e7\u00e3o cient\u00edfica, tecnol\u00f3gica, hist\u00f3rica e cultural, e como miss\u00e3o prover informa\u00e7\u00e3o, por meio [&hellip;]<\/p>\n","protected":false},"author":2,"featured_media":0,"parent":0,"menu_order":0,"comment_status":"closed","ping_status":"closed","template":"","meta":{"footnotes":""},"class_list":["post-68","page","type-page","status-publish","hentry"],"yoast_head":"<!-- This site is optimized with the Yoast SEO plugin v27.5 - https:\/\/yoast.com\/product\/yoast-seo-wordpress\/ -->\n<title>Biblioteca - Calourada 2023<\/title>\n<meta name=\"robots\" content=\"index, follow, max-snippet:-1, max-image-preview:large, max-video-preview:-1\" \/>\n<link rel=\"canonical\" href=\"https:\/\/wordpress.ft.unicamp.br\/calourada\/biblioteca\/\" \/>\n<meta property=\"og:locale\" content=\"pt_BR\" \/>\n<meta property=\"og:type\" content=\"article\" \/>\n<meta property=\"og:title\" content=\"Biblioteca - Calourada 2023\" \/>\n<meta property=\"og:description\" content=\"SBU \u2013 SISTEMA DE BIBLIOTECAS DA UNICAMP O SBU atualmente \u00e9 composto pelo \u00d3rg\u00e3o Colegiado, Coordenadoria e 29 bibliotecas, sendo uma central, uma de \u00e1rea e as demais alocadas nas Unidades de Ensino e Pesquisa, Centros e N\u00facleos. Tem como neg\u00f3cio a informa\u00e7\u00e3o cient\u00edfica, tecnol\u00f3gica, hist\u00f3rica e cultural, e como miss\u00e3o prover informa\u00e7\u00e3o, por meio [&hellip;]\" \/>\n<meta property=\"og:url\" content=\"https:\/\/wordpress.ft.unicamp.br\/calourada\/biblioteca\/\" \/>\n<meta property=\"og:site_name\" content=\"Calourada 2023\" \/>\n<meta property=\"article:modified_time\" content=\"2023-02-16T11:09:27+00:00\" \/>\n<meta name=\"twitter:card\" content=\"summary_large_image\" \/>\n<meta name=\"twitter:label1\" content=\"Est. tempo de leitura\" \/>\n\t<meta name=\"twitter:data1\" content=\"3 minutos\" \/>\n<script type=\"application\/ld+json\" class=\"yoast-schema-graph\">{\"@context\":\"https:\\\/\\\/schema.org\",\"@graph\":[{\"@type\":\"WebPage\",\"@id\":\"https:\\\/\\\/wordpress.ft.unicamp.br\\\/calourada\\\/biblioteca\\\/\",\"url\":\"https:\\\/\\\/wordpress.ft.unicamp.br\\\/calourada\\\/biblioteca\\\/\",\"name\":\"Biblioteca - Calourada 2023\",\"isPartOf\":{\"@id\":\"https:\\\/\\\/wordpress.ft.unicamp.br\\\/calourada\\\/#website\"},\"datePublished\":\"2021-03-04T13:37:38+00:00\",\"dateModified\":\"2023-02-16T11:09:27+00:00\",\"breadcrumb\":{\"@id\":\"https:\\\/\\\/wordpress.ft.unicamp.br\\\/calourada\\\/biblioteca\\\/#breadcrumb\"},\"inLanguage\":\"pt-BR\",\"potentialAction\":[{\"@type\":\"ReadAction\",\"target\":[\"https:\\\/\\\/wordpress.ft.unicamp.br\\\/calourada\\\/biblioteca\\\/\"]}]},{\"@type\":\"BreadcrumbList\",\"@id\":\"https:\\\/\\\/wordpress.ft.unicamp.br\\\/calourada\\\/biblioteca\\\/#breadcrumb\",\"itemListElement\":[{\"@type\":\"ListItem\",\"position\":1,\"name\":\"Home\",\"item\":\"https:\\\/\\\/wordpress.ft.unicamp.br\\\/calourada\\\/\"},{\"@type\":\"ListItem\",\"position\":2,\"name\":\"Biblioteca\"}]},{\"@type\":\"WebSite\",\"@id\":\"https:\\\/\\\/wordpress.ft.unicamp.br\\\/calourada\\\/#website\",\"url\":\"https:\\\/\\\/wordpress.ft.unicamp.br\\\/calourada\\\/\",\"name\":\"Calourada 2023\",\"description\":\"\",\"potentialAction\":[{\"@type\":\"SearchAction\",\"target\":{\"@type\":\"EntryPoint\",\"urlTemplate\":\"https:\\\/\\\/wordpress.ft.unicamp.br\\\/calourada\\\/?s={search_term_string}\"},\"query-input\":{\"@type\":\"PropertyValueSpecification\",\"valueRequired\":true,\"valueName\":\"search_term_string\"}}],\"inLanguage\":\"pt-BR\"}]}<\/script>\n<!-- \/ Yoast SEO plugin. -->","yoast_head_json":{"title":"Biblioteca - Calourada 2023","robots":{"index":"index","follow":"follow","max-snippet":"max-snippet:-1","max-image-preview":"max-image-preview:large","max-video-preview":"max-video-preview:-1"},"canonical":"https:\/\/wordpress.ft.unicamp.br\/calourada\/biblioteca\/","og_locale":"pt_BR","og_type":"article","og_title":"Biblioteca - Calourada 2023","og_description":"SBU \u2013 SISTEMA DE BIBLIOTECAS DA UNICAMP O SBU atualmente \u00e9 composto pelo \u00d3rg\u00e3o Colegiado, Coordenadoria e 29 bibliotecas, sendo uma central, uma de \u00e1rea e as demais alocadas nas Unidades de Ensino e Pesquisa, Centros e N\u00facleos. Tem como neg\u00f3cio a informa\u00e7\u00e3o cient\u00edfica, tecnol\u00f3gica, hist\u00f3rica e cultural, e como miss\u00e3o prover informa\u00e7\u00e3o, por meio [&hellip;]","og_url":"https:\/\/wordpress.ft.unicamp.br\/calourada\/biblioteca\/","og_site_name":"Calourada 2023","article_modified_time":"2023-02-16T11:09:27+00:00","twitter_card":"summary_large_image","twitter_misc":{"Est. tempo de leitura":"3 minutos"},"schema":{"@context":"https:\/\/schema.org","@graph":[{"@type":"WebPage","@id":"https:\/\/wordpress.ft.unicamp.br\/calourada\/biblioteca\/","url":"https:\/\/wordpress.ft.unicamp.br\/calourada\/biblioteca\/","name":"Biblioteca - Calourada 2023","isPartOf":{"@id":"https:\/\/wordpress.ft.unicamp.br\/calourada\/#website"},"datePublished":"2021-03-04T13:37:38+00:00","dateModified":"2023-02-16T11:09:27+00:00","breadcrumb":{"@id":"https:\/\/wordpress.ft.unicamp.br\/calourada\/biblioteca\/#breadcrumb"},"inLanguage":"pt-BR","potentialAction":[{"@type":"ReadAction","target":["https:\/\/wordpress.ft.unicamp.br\/calourada\/biblioteca\/"]}]},{"@type":"BreadcrumbList","@id":"https:\/\/wordpress.ft.unicamp.br\/calourada\/biblioteca\/#breadcrumb","itemListElement":[{"@type":"ListItem","position":1,"name":"Home","item":"https:\/\/wordpress.ft.unicamp.br\/calourada\/"},{"@type":"ListItem","position":2,"name":"Biblioteca"}]},{"@type":"WebSite","@id":"https:\/\/wordpress.ft.unicamp.br\/calourada\/#website","url":"https:\/\/wordpress.ft.unicamp.br\/calourada\/","name":"Calourada 2023","description":"","potentialAction":[{"@type":"SearchAction","target":{"@type":"EntryPoint","urlTemplate":"https:\/\/wordpress.ft.unicamp.br\/calourada\/?s={search_term_string}"},"query-input":{"@type":"PropertyValueSpecification","valueRequired":true,"valueName":"search_term_string"}}],"inLanguage":"pt-BR"}]}},"_links":{"self":[{"href":"https:\/\/wordpress.ft.unicamp.br\/calourada\/wp-json\/wp\/v2\/pages\/68","targetHints":{"allow":["GET"]}}],"collection":[{"href":"https:\/\/wordpress.ft.unicamp.br\/calourada\/wp-json\/wp\/v2\/pages"}],"about":[{"href":"https:\/\/wordpress.ft.unicamp.br\/calourada\/wp-json\/wp\/v2\/types\/page"}],"author":[{"embeddable":true,"href":"https:\/\/wordpress.ft.unicamp.br\/calourada\/wp-json\/wp\/v2\/users\/2"}],"replies":[{"embeddable":true,"href":"https:\/\/wordpress.ft.unicamp.br\/calourada\/wp-json\/wp\/v2\/comments?post=68"}],"version-history":[{"count":8,"href":"https:\/\/wordpress.ft.unicamp.br\/calourada\/wp-json\/wp\/v2\/pages\/68\/revisions"}],"predecessor-version":[{"id":662,"href":"https:\/\/wordpress.ft.unicamp.br\/calourada\/wp-json\/wp\/v2\/pages\/68\/revisions\/662"}],"wp:attachment":[{"href":"https:\/\/wordpress.ft.unicamp.br\/calourada\/wp-json\/wp\/v2\/media?parent=68"}],"curies":[{"name":"wp","href":"https:\/\/api.w.org\/{rel}","templated":true}]}}