{"id":80,"date":"2021-03-04T10:41:32","date_gmt":"2021-03-04T13:41:32","guid":{"rendered":"http:\/\/wordpress.ft.unicamp.br\/calourada\/?page_id=80"},"modified":"2023-02-07T10:50:50","modified_gmt":"2023-02-07T13:50:50","slug":"sae","status":"publish","type":"page","link":"https:\/\/wordpress.ft.unicamp.br\/calourada\/sae\/","title":{"rendered":"SAE"},"content":{"rendered":"\t\t<div data-elementor-type=\"wp-page\" data-elementor-id=\"80\" class=\"elementor elementor-80\">\n\t\t\t\t\t\t<section class=\"elementor-section elementor-top-section elementor-element elementor-element-3115a3bd elementor-section-boxed elementor-section-height-default elementor-section-height-default\" data-id=\"3115a3bd\" data-element_type=\"section\" data-e-type=\"section\">\n\t\t\t\t\t\t<div class=\"elementor-container elementor-column-gap-default\">\n\t\t\t\t\t<div class=\"elementor-column elementor-col-100 elementor-top-column elementor-element elementor-element-4e48dbbf\" data-id=\"4e48dbbf\" data-element_type=\"column\" data-e-type=\"column\">\n\t\t\t<div class=\"elementor-widget-wrap elementor-element-populated\">\n\t\t\t\t\t\t<div class=\"elementor-element elementor-element-2f59a454 elementor-widget elementor-widget-text-editor\" data-id=\"2f59a454\" data-element_type=\"widget\" data-e-type=\"widget\" data-widget_type=\"text-editor.default\">\n\t\t\t\t<div class=\"elementor-widget-container\">\n\t\t\t\t\t\t\t\t\t<p><\/p>\n<p>O Servi\u00e7o de Apoio ao Estudante (SAE) \u00e9 o principal \u00f3rg\u00e3o de apoio e assist\u00eancia estudantil na Unicamp. Seus programas visam garantir a perman\u00eancia estudantil a partir de diferentes programas. O SAE tamb\u00e9m oferece atendimentos individuais e coletivos, como palestras, oficinas e cursos.<\/p>\n<p><\/p>\n<p><\/p>\n<p>O atendimento aos estudantes \u00e9 realizado em tr\u00eas \u00e1reas: \u00c1rea Social, com atividades desenvolvidas pela equipe de servi\u00e7o social; \u00c1rea acad\u00eamica, englobando atividades da orienta\u00e7\u00e3o educacional, orienta\u00e7\u00e3o jur\u00eddica e est\u00e1gios; e A\u00e7\u00f5es culturais.<\/p>\n<p><\/p>\n<p><\/p>\n<p>SERVI\u00c7O SOCIAL<br>O Servi\u00e7o Social do SAE \u00e9 composto por uma equipe de assistentes sociais que atende alunos com diferentes perfis socioecon\u00f4micos. Atua diretamente nos processos seletivos de calouros e veteranos, que envolvem recep\u00e7\u00e3o e orienta\u00e7\u00e3o social, confer\u00eancia de documenta\u00e7\u00e3o, entrevistas individuais, realiza\u00e7\u00e3o de visitas domiciliares, an\u00e1lise socioecon\u00f4mico do aluno, ou intervem em qualquer situa\u00e7\u00e3o que possa dificultar a sua adapta\u00e7\u00e3o na universidade, tamb\u00e9m \u00e9 realizado o acompanhamento social com o objetivo de diminuir a evas\u00e3o escolar.<\/p>\n<p><\/p>\n<p><\/p>\n<p>Tamb\u00e9m, atrav\u00e9s do Servi\u00e7o Social, o aluno \u00e9 acolhido em situa\u00e7\u00f5es emergenciais de sua vida com a Bolsa Emerg\u00eancia, independente de Processo Seletivo, ap\u00f3s entrevista. O Servi\u00e7o Social disp\u00f5e de Postos de Atendimento na Faculdade de Ci\u00eancias Aplicadas (FCA) e na Faculdade de Tecnologia (FT) em Limeira e na Faculdade de Odontologia de Piracicaba (FOP)\u00ad.<\/p>\n<p><\/p>\n<p><\/p>\n<p>Para ser atendido em Limeira, na Faculdade de Tecnologia pela assistente&nbsp;social Patricia Cilene Gilberti, voc\u00ea deve entrar em contato pelo e-mail:&nbsp;<span><a href=\"mailto:postosae@unicamp.br\">postosae@unicamp.br<\/a>.<\/span> No assunto informe a sua Unidade de&nbsp;ensino (FT) e no corpo de e-mail, seu nome, RA, curso e demanda.<\/p>\n<p><\/p>\n<p><\/p>\n<p><\/p>\n<p><strong><br>PERMAN\u00caNCIA ESTUDANTIL<\/strong><br>O SAE (Servi\u00e7o de Apoio ao Estudante) \u00e9 o \u00f3rg\u00e3o da UNICAMP respons\u00e1vel por dar apoio e assist\u00eancia aos estudantes que apresentem<br>dificuldades financeiras para garantir sua perman\u00eancia na universidade.<br>Site:&nbsp;&nbsp;<a href=\"https:\/\/www.sae.unicamp.br\/\">https:\/\/www.sae.unicamp.br\/<\/a><\/p>\n<p><\/p>\n<p><\/p>\n<p><strong>BOLSAS:<\/strong><br>As Bolsas-Aux\u00edlio s\u00e3o destinadas aos estudantes de gradua\u00e7\u00e3o e p\u00f3s-gradua\u00e7\u00e3o da Unicamp que apresentem e comprovem dificuldades financeiras para garantir sua perman\u00eancia na universidade. Esse aux\u00edlio visa a evitar a evas\u00e3o, especialmente daqueles que precisam de um suporte financeiro e que, por conta das atividades acad\u00eamicas, possuem hor\u00e1rios limitados.<\/p>\n<p><\/p>\n<p><\/p>\n<p><strong>BOLSA AUX\u00cdLIO-SOCIAL (BAS):<\/strong><br>A bolsa aux\u00edlio social \u00e9 destinada a alunos de gradua\u00e7\u00e3o, o crit\u00e9rio para a concess\u00e3o da bolsa \u00e9 socioecon\u00f4mico, por meio de participa\u00e7\u00e3o no Processo Seletivo Anual, os alunos contemplados ter\u00e3o seus nomes divulgados em lista onde se segue a renda per capita da fam\u00edlia como \u00cdndice para classifica\u00e7\u00e3o. Esta bolsa oferece al\u00e9m do valor financeiro, acesso gratuito ao restaurante universit\u00e1rio. Necess\u00e1rio cumprir 10h\/sem.<\/p>\n<p><\/p>\n<p><\/p>\n<p><strong>BOLSA ALIMENTA\u00c7\u00c3O E TRANSPORTE (BAT):<\/strong><br>Destinada a alunos da gradua\u00e7\u00e3o e p\u00f3s-gradua\u00e7\u00e3o, independentemente de seu ano de ingresso. O crit\u00e9rio para a concess\u00e3o da bolsa \u00e9 socioecon\u00f4mico, os alunos s\u00e3o contemplados de acordo com a urg\u00eancia da situa\u00e7\u00e3o financeira de seu grupo familiar. A avalia\u00e7\u00e3o social e a sele\u00e7\u00e3o dos contemplados \u00e9 feita pelo Servi\u00e7o Social do SAE, mediante apresenta\u00e7\u00e3o da documenta\u00e7\u00e3o e entrevista com uma assistente social.<\/p>\n<p><\/p>\n<p><\/p>\n<p><strong>BOLSA EMERG\u00caNCIA:<\/strong><br>Esta bolsa atende alunos que passam por dificuldades econ\u00f4micas emergenciais, e a partir da an\u00e1lise da assistente social, o valor recebido pode ser entre 400 a 850 reais, apenas uma vez ao ano, Aten\u00e7\u00e3o! ingresso na universidade n\u00e3o \u00e9 entendido como uma emerg\u00eancia.&nbsp;Principais causas: Doen\u00e7a, Morte ou desemprego<\/p>\n<p><\/p>\n<p><\/p>\n<p><strong>BOLSA AUX\u00cdLIO MORADIA (BAM):<\/strong><br>Destinada aos alunos dos campi de Limeira (FT \u2013 Faculdade de Tecnologia e FCA \u2013 Faculdade de Ci\u00eancias Aplicadas) e Piracicaba (FOP \u2013 Faculdade de Odontologia de Piracicaba) para aux\u00edlio Moradia.<\/p>\n<p><\/p>\n<p><\/p>\n<p><strong>BOLSA AUX\u00cdLIO INSTALA\u00c7\u00c3O:<\/strong><br>Destinada ao aluno ingressante que encontra dificuldades financeiras no in\u00edcio da gradua\u00e7\u00e3o. Funciona como um subs\u00eddio b\u00e1sico para as primeiras despesas do calouro. Para receber tal benef\u00edcio, o aluno precisa participar do processo seletivo e, obrigatoriamente, ter sido deferido para a Bolsa-aux\u00edlio Social (BAS).<\/p>\n<p><\/p>\n<p><\/p>\n<p><strong>BENEF\u00cdCIO DE ISEN\u00c7\u00c3O DA TAXA DE ALIMENTA\u00c7\u00c3O:<\/strong><br>O benef\u00edcio de isen\u00e7\u00e3o da taxa de alimenta\u00e7\u00e3o nos Restaurantes Universit\u00e1rios, integra o rol de pol\u00edticas de perman\u00eancia estudantil da universidade, e \u00e9 destinado a auxiliar os (as) estudantes de Gradua\u00e7\u00e3o e P\u00f3s-Gradua\u00e7\u00e3o que possuam renda per capita familiar bruta de at\u00e9 1,5 sal\u00e1rio m\u00ednimo.<\/p>\n<p><\/p>\n<p><\/p>\n<p><strong>SAPPE (Servi\u00e7o de Assist\u00eancia Psicol\u00f3gica e Psiqui\u00e1trica ao<\/strong><br><strong>Estudante)<\/strong><br>\u00c9 um \u00f3rg\u00e3o da Universidade, que tem por objetivo prestar assist\u00eancia psicol\u00f3gica e psiqui\u00e1trica aos alunos regulares (de gradua\u00e7\u00e3o e de p\u00f3s-gradua\u00e7\u00e3o) da UNICAMP. Os atendimentos s\u00e3o realizados em Campinas, Piracicaba (FOP) e Limeira (FCA e FT). O atendimento psicol\u00f3gico \u00e9 em psicoterapia breve de base psicanal\u00edtica, voltado principalmente para situa\u00e7\u00f5es de crise pelas&nbsp;quais os alunos estejam passando, visando contribuir para seu desenvolvimento ps\u00edquico e relacional.<\/p>\n<p><\/p>\n<p><\/p>\n<p>O atendimento psiqui\u00e1trico (realizado em Campinas) constitui-se de avalia\u00e7\u00e3o e seguimento cl\u00ednico de quadros que necessitem de acompanhamento medicamento e avalia\u00e7\u00f5es m\u00e9dicas.<br>Para ser atendido no SAPPE de Limeira (FCA\/FT), voc\u00ea dever\u00e1<br>enviar um e-mail para: <a href=\"mailto:sappeass@unicamp.br\">sappeass@unicamp.br<\/a> ou por mensagem de texto no WhatsApp (19) 9 9372-4506 indicando se deseja tratamento psicol\u00f3gico ou psiqui\u00e1trico.<br>Para saber mais, acesse: <a href=\"https:\/\/www.prg.unicamp.br\/?page_id=443\">http:\/\/www.sappe.prg.unicamp.br\/<\/a><\/p>\n<p><\/p>\n<p><\/p>\n<p><strong>ORIENTA\u00c7\u00c3O EDUCACIONAL<br><\/strong>A Orienta\u00e7\u00e3o Educacional visa assessorar o estudante no que diz respeito a sua vida acad\u00eamica. Oferece palestras e oficinas sobre temas relevantes \u00e0 forma\u00e7\u00e3o e viv\u00eancia do estudante universit\u00e1rio na educa\u00e7\u00e3o superior, como por exemplo: autorregula\u00e7\u00e3o da aprendizagem, motiva\u00e7\u00e3o, transi\u00e7\u00e3o para o ensino superior, gerenciamento pessoal de tempo, estrat\u00e9gias de aprendizagem, desenvolvimento de carreira, dentre outros.<\/p>\n<p><\/p>\n<p><\/p>\n<p>As atividades s\u00e3o oferecidas no hor\u00e1rio de almo\u00e7o, com dura\u00e7\u00e3o de 1h30min (12h30 \u00e0s 14h), e ocorrem v\u00e1rias vezes por semestre. A inscri\u00e7\u00e3o se d\u00e1 pelo site do SAE <a href=\"https:\/\/www.sae.unicamp.br\/portal\/pt\/eventos\/inscreva-se\">https:\/\/www.sae.unicamp.br\/portal\/pt\/eventos\/inscreva-se<\/a><\/p>\n<p><\/p>\n<p><\/p>\n<p>Os estudantes que desejarem agendar orienta\u00e7\u00e3o individual podem enviar e-mail para orientadora educacional do SAE na FT: <a href=\"mailto:mpolato@unicamp.br\">mpolato@unicamp.br<\/a><\/p>\n<p><\/p>\t\t\t\t\t\t\t\t<\/div>\n\t\t\t\t<\/div>\n\t\t\t\t\t<\/div>\n\t\t<\/div>\n\t\t\t\t\t<\/div>\n\t\t<\/section>\n\t\t\t\t<\/div>\n\t\t","protected":false},"excerpt":{"rendered":"<p>O Servi\u00e7o de Apoio ao Estudante (SAE) \u00e9 o principal \u00f3rg\u00e3o de apoio e assist\u00eancia estudantil na Unicamp. Seus programas visam garantir a perman\u00eancia estudantil a partir de diferentes programas. O SAE tamb\u00e9m oferece atendimentos individuais e coletivos, como palestras, oficinas e cursos. O atendimento aos estudantes \u00e9 realizado em tr\u00eas \u00e1reas: \u00c1rea Social, com [&hellip;]<\/p>\n","protected":false},"author":2,"featured_media":0,"parent":0,"menu_order":0,"comment_status":"closed","ping_status":"closed","template":"","meta":{"footnotes":""},"class_list":["post-80","page","type-page","status-publish","hentry"],"yoast_head":"<!-- This site is optimized with the Yoast SEO plugin v27.3 - https:\/\/yoast.com\/product\/yoast-seo-wordpress\/ -->\n<title>SAE - Calourada 2023<\/title>\n<meta name=\"robots\" content=\"index, follow, max-snippet:-1, max-image-preview:large, max-video-preview:-1\" \/>\n<link rel=\"canonical\" href=\"https:\/\/wordpress.ft.unicamp.br\/calourada\/sae\/\" \/>\n<meta property=\"og:locale\" content=\"pt_BR\" \/>\n<meta property=\"og:type\" content=\"article\" \/>\n<meta property=\"og:title\" content=\"SAE - Calourada 2023\" \/>\n<meta property=\"og:description\" content=\"O Servi\u00e7o de Apoio ao Estudante (SAE) \u00e9 o principal \u00f3rg\u00e3o de apoio e assist\u00eancia estudantil na Unicamp. Seus programas visam garantir a perman\u00eancia estudantil a partir de diferentes programas. O SAE tamb\u00e9m oferece atendimentos individuais e coletivos, como palestras, oficinas e cursos. O atendimento aos estudantes \u00e9 realizado em tr\u00eas \u00e1reas: \u00c1rea Social, com [&hellip;]\" \/>\n<meta property=\"og:url\" content=\"https:\/\/wordpress.ft.unicamp.br\/calourada\/sae\/\" \/>\n<meta property=\"og:site_name\" content=\"Calourada 2023\" \/>\n<meta property=\"article:modified_time\" content=\"2023-02-07T13:50:50+00:00\" \/>\n<meta name=\"twitter:card\" content=\"summary_large_image\" \/>\n<meta name=\"twitter:label1\" content=\"Est. tempo de leitura\" \/>\n\t<meta name=\"twitter:data1\" content=\"5 minutos\" \/>\n<script type=\"application\/ld+json\" class=\"yoast-schema-graph\">{\"@context\":\"https:\\\/\\\/schema.org\",\"@graph\":[{\"@type\":\"WebPage\",\"@id\":\"https:\\\/\\\/wordpress.ft.unicamp.br\\\/calourada\\\/sae\\\/\",\"url\":\"https:\\\/\\\/wordpress.ft.unicamp.br\\\/calourada\\\/sae\\\/\",\"name\":\"SAE - Calourada 2023\",\"isPartOf\":{\"@id\":\"https:\\\/\\\/wordpress.ft.unicamp.br\\\/calourada\\\/#website\"},\"datePublished\":\"2021-03-04T13:41:32+00:00\",\"dateModified\":\"2023-02-07T13:50:50+00:00\",\"breadcrumb\":{\"@id\":\"https:\\\/\\\/wordpress.ft.unicamp.br\\\/calourada\\\/sae\\\/#breadcrumb\"},\"inLanguage\":\"pt-BR\",\"potentialAction\":[{\"@type\":\"ReadAction\",\"target\":[\"https:\\\/\\\/wordpress.ft.unicamp.br\\\/calourada\\\/sae\\\/\"]}]},{\"@type\":\"BreadcrumbList\",\"@id\":\"https:\\\/\\\/wordpress.ft.unicamp.br\\\/calourada\\\/sae\\\/#breadcrumb\",\"itemListElement\":[{\"@type\":\"ListItem\",\"position\":1,\"name\":\"Home\",\"item\":\"https:\\\/\\\/wordpress.ft.unicamp.br\\\/calourada\\\/\"},{\"@type\":\"ListItem\",\"position\":2,\"name\":\"SAE\"}]},{\"@type\":\"WebSite\",\"@id\":\"https:\\\/\\\/wordpress.ft.unicamp.br\\\/calourada\\\/#website\",\"url\":\"https:\\\/\\\/wordpress.ft.unicamp.br\\\/calourada\\\/\",\"name\":\"Calourada 2023\",\"description\":\"\",\"potentialAction\":[{\"@type\":\"SearchAction\",\"target\":{\"@type\":\"EntryPoint\",\"urlTemplate\":\"https:\\\/\\\/wordpress.ft.unicamp.br\\\/calourada\\\/?s={search_term_string}\"},\"query-input\":{\"@type\":\"PropertyValueSpecification\",\"valueRequired\":true,\"valueName\":\"search_term_string\"}}],\"inLanguage\":\"pt-BR\"}]}<\/script>\n<!-- \/ Yoast SEO plugin. -->","yoast_head_json":{"title":"SAE - Calourada 2023","robots":{"index":"index","follow":"follow","max-snippet":"max-snippet:-1","max-image-preview":"max-image-preview:large","max-video-preview":"max-video-preview:-1"},"canonical":"https:\/\/wordpress.ft.unicamp.br\/calourada\/sae\/","og_locale":"pt_BR","og_type":"article","og_title":"SAE - Calourada 2023","og_description":"O Servi\u00e7o de Apoio ao Estudante (SAE) \u00e9 o principal \u00f3rg\u00e3o de apoio e assist\u00eancia estudantil na Unicamp. Seus programas visam garantir a perman\u00eancia estudantil a partir de diferentes programas. O SAE tamb\u00e9m oferece atendimentos individuais e coletivos, como palestras, oficinas e cursos. O atendimento aos estudantes \u00e9 realizado em tr\u00eas \u00e1reas: \u00c1rea Social, com [&hellip;]","og_url":"https:\/\/wordpress.ft.unicamp.br\/calourada\/sae\/","og_site_name":"Calourada 2023","article_modified_time":"2023-02-07T13:50:50+00:00","twitter_card":"summary_large_image","twitter_misc":{"Est. tempo de leitura":"5 minutos"},"schema":{"@context":"https:\/\/schema.org","@graph":[{"@type":"WebPage","@id":"https:\/\/wordpress.ft.unicamp.br\/calourada\/sae\/","url":"https:\/\/wordpress.ft.unicamp.br\/calourada\/sae\/","name":"SAE - Calourada 2023","isPartOf":{"@id":"https:\/\/wordpress.ft.unicamp.br\/calourada\/#website"},"datePublished":"2021-03-04T13:41:32+00:00","dateModified":"2023-02-07T13:50:50+00:00","breadcrumb":{"@id":"https:\/\/wordpress.ft.unicamp.br\/calourada\/sae\/#breadcrumb"},"inLanguage":"pt-BR","potentialAction":[{"@type":"ReadAction","target":["https:\/\/wordpress.ft.unicamp.br\/calourada\/sae\/"]}]},{"@type":"BreadcrumbList","@id":"https:\/\/wordpress.ft.unicamp.br\/calourada\/sae\/#breadcrumb","itemListElement":[{"@type":"ListItem","position":1,"name":"Home","item":"https:\/\/wordpress.ft.unicamp.br\/calourada\/"},{"@type":"ListItem","position":2,"name":"SAE"}]},{"@type":"WebSite","@id":"https:\/\/wordpress.ft.unicamp.br\/calourada\/#website","url":"https:\/\/wordpress.ft.unicamp.br\/calourada\/","name":"Calourada 2023","description":"","potentialAction":[{"@type":"SearchAction","target":{"@type":"EntryPoint","urlTemplate":"https:\/\/wordpress.ft.unicamp.br\/calourada\/?s={search_term_string}"},"query-input":{"@type":"PropertyValueSpecification","valueRequired":true,"valueName":"search_term_string"}}],"inLanguage":"pt-BR"}]}},"_links":{"self":[{"href":"https:\/\/wordpress.ft.unicamp.br\/calourada\/wp-json\/wp\/v2\/pages\/80","targetHints":{"allow":["GET"]}}],"collection":[{"href":"https:\/\/wordpress.ft.unicamp.br\/calourada\/wp-json\/wp\/v2\/pages"}],"about":[{"href":"https:\/\/wordpress.ft.unicamp.br\/calourada\/wp-json\/wp\/v2\/types\/page"}],"author":[{"embeddable":true,"href":"https:\/\/wordpress.ft.unicamp.br\/calourada\/wp-json\/wp\/v2\/users\/2"}],"replies":[{"embeddable":true,"href":"https:\/\/wordpress.ft.unicamp.br\/calourada\/wp-json\/wp\/v2\/comments?post=80"}],"version-history":[{"count":29,"href":"https:\/\/wordpress.ft.unicamp.br\/calourada\/wp-json\/wp\/v2\/pages\/80\/revisions"}],"predecessor-version":[{"id":591,"href":"https:\/\/wordpress.ft.unicamp.br\/calourada\/wp-json\/wp\/v2\/pages\/80\/revisions\/591"}],"wp:attachment":[{"href":"https:\/\/wordpress.ft.unicamp.br\/calourada\/wp-json\/wp\/v2\/media?parent=80"}],"curies":[{"name":"wp","href":"https:\/\/api.w.org\/{rel}","templated":true}]}}