{"id":127,"date":"2015-12-18T17:54:01","date_gmt":"2015-12-18T17:54:01","guid":{"rendered":"http:\/\/www.ft.unicamp.br\/cat\/?page_id=127"},"modified":"2015-12-18T17:54:01","modified_gmt":"2015-12-18T17:54:01","slug":"reuniao-1442015","status":"publish","type":"page","link":"https:\/\/wordpress.ft.unicamp.br\/cat\/atas\/reuniao-1442015\/","title":{"rendered":"Reuni\u00e3o &#8211; 14\/4\/2015"},"content":{"rendered":"<p><span style=\"font-family: Times New Roman,serif\"><span style=\"font-size: medium\"><span style=\"color: #141823\"><span style=\"font-family: Arial,serif\">A primeira pauta discutida foi levantada ap\u00f3s uma reclama\u00e7\u00e3o de um aluno, pois o mesmo n\u00e3o pode utilizar o Laborat\u00f3rio de inform\u00e1tica no final de semana. O motivo do desconforto foi que a sala estava sendo utilizada para um projeto de extens\u00e3o e posteriormente o professor trancou a Lp01 impossibilitando a entrada com o cart\u00e3o magn\u00e9tico. Tendo em vista este problema, sugeriu-se a libera\u00e7\u00e3o da Lp01 somente para os alunos,<\/span><\/span><span style=\"color: #141823\"><span style=\"font-family: Arial,serif\">reservando outras salas ou laborat\u00f3rios para projetos que ocorrem nos finais de semana. Fazendo assim um of\u00edcio para a planta f\u00edsica pedindo que a Lp01 seja usada somente por alunos.<\/span><\/span><span style=\"color: #141823\"><span style=\"font-family: Arial,serif\"><br \/>\n<\/span><\/span><span style=\"color: #141823\"><span style=\"font-family: Arial,serif\">A segunda pauta foi o fechamento da biblioteca na hora do almo\u00e7o e o motivo de n\u00e3o estar abrindo aos s\u00e1bados. Pois \u00e9 um local de grande import\u00e2ncia para os alunos e pelo menos os respons\u00e1veis pela biblioteca deveriam divulgar os hor\u00e1rios de funcionamento. Averiguaremos e daremos not\u00edcia posterior via facebook.<\/span><\/span><span style=\"color: #141823\"><span style=\"font-family: Arial,serif\"><br \/>\n<\/span><\/span><span style=\"color: #141823\"><span style=\"font-family: Arial,serif\">A terceira pauta foi abordada devido \u00e0 falta de comida no restaurante universit\u00e1rio, pois houveram v\u00e1rias ocorr\u00eancias de acabar a comida e n\u00e3o ter a reposi\u00e7\u00e3o para os alunos que iriam comer posteriormente. E um problema maior foi a falta por aproximadamente uma semana da prote\u00edna de soja, dificultando o almo\u00e7o dos alunos vegetarianos.<\/span><\/span><span style=\"color: #141823\"><span style=\"font-family: Arial,serif\"><br \/>\n<\/span><\/span><span style=\"color: #141823\"><span style=\"font-family: Arial,serif\">A quarta pauta foi sobre a festa do CAT (don`t stop the pop), devido \u00e0 grande procura. Foi discutida a possibilidade da festa ocorrer em um lugar maior (H1 ou o bem bolado), tendo seguran\u00e7as contratados pelo Centro Acad\u00eamico. Sendo que o pre\u00e7o vai ser o mesmo para estudantes e n\u00e3o estudantes, por\u00e9m ser\u00e1 divido em lotes, tendo como auxilio a venda de ingressos pela internet.<\/span><\/span><span style=\"color: #141823\"><span style=\"font-family: Arial,serif\">\u00a0<\/span><\/span><span style=\"color: #141823\"><span style=\"font-family: Arial,serif\"><br \/>\n<\/span><\/span><span style=\"color: #141823\"><span style=\"font-family: Arial,serif\">A quinta pauta foi sobre a reuni\u00e3o do CAT com a diretora Lu\u00edsa sobre a avalia\u00e7\u00e3o de curso, na qual foi feita uma portaria criando uma comiss\u00e3o do Programa de Gradua\u00e7\u00e3o da Faculdade de Tecnologia sendo os membros os coordenadores associados de todos os cursos, a Sue Ellen Vanessa Pinheiro e a Izabela Pereira da Cruz. Ap\u00f3s a reuni\u00e3o com a Lu\u00edsa foi feita uma reuni\u00e3o com a Elaine, que prop\u00f4s uma palestra com um especialista em avalia\u00e7\u00f5es, mostrando assim uma alternativa. E assim implantar um m\u00e9todo eficaz para ser utilizado no segundo semestre desse ano.<\/span><\/span><span style=\"color: #141823\"><span style=\"font-family: Arial,serif\"><br \/>\n<\/span><\/span><span style=\"color: #141823\"><span style=\"font-family: Arial,serif\">E por fim foi falado sobre a palestra do consumo consciente, onde o palestrante precisar\u00e1 somente da passagem de avi\u00e3o. Sendo que a palestra est\u00e1 prevista para o final de maio.<\/span><\/span><\/span><\/span><\/p>\n","protected":false},"excerpt":{"rendered":"<p>A primeira pauta discutida foi levantada ap\u00f3s uma reclama\u00e7\u00e3o de um aluno, pois o mesmo n\u00e3o pode utilizar o Laborat\u00f3rio de inform\u00e1tica no final de semana. O motivo do desconforto foi que a sala estava sendo utilizada para um projeto &hellip; <a href=\"https:\/\/wordpress.ft.unicamp.br\/cat\/atas\/reuniao-1442015\/\">Continue lendo <span class=\"meta-nav\">&rarr;<\/span><\/a><\/p>\n","protected":false},"author":8,"featured_media":0,"parent":112,"menu_order":0,"comment_status":"closed","ping_status":"closed","template":"","meta":{"footnotes":""},"class_list":["post-127","page","type-page","status-publish","hentry"],"yoast_head":"<!-- This site is optimized with the Yoast SEO plugin v27.3 - https:\/\/yoast.com\/product\/yoast-seo-wordpress\/ -->\n<title>Reuni\u00e3o - 14\/4\/2015 - Centro Acad\u00eamico de Tecnologia<\/title>\n<meta name=\"robots\" content=\"index, follow, max-snippet:-1, max-image-preview:large, max-video-preview:-1\" \/>\n<link rel=\"canonical\" href=\"https:\/\/wordpress.ft.unicamp.br\/cat\/atas\/reuniao-1442015\/\" \/>\n<meta property=\"og:locale\" content=\"pt_BR\" \/>\n<meta property=\"og:type\" content=\"article\" \/>\n<meta property=\"og:title\" content=\"Reuni\u00e3o - 14\/4\/2015 - Centro Acad\u00eamico de Tecnologia\" \/>\n<meta property=\"og:description\" content=\"A primeira pauta discutida foi levantada ap\u00f3s uma reclama\u00e7\u00e3o de um aluno, pois o mesmo n\u00e3o pode utilizar o Laborat\u00f3rio de inform\u00e1tica no final de semana. O motivo do desconforto foi que a sala estava sendo utilizada para um projeto &hellip; Continue lendo &rarr;\" \/>\n<meta property=\"og:url\" content=\"https:\/\/wordpress.ft.unicamp.br\/cat\/atas\/reuniao-1442015\/\" \/>\n<meta property=\"og:site_name\" content=\"Centro Acad\u00eamico de Tecnologia\" \/>\n<meta name=\"twitter:card\" content=\"summary_large_image\" \/>\n<meta name=\"twitter:label1\" content=\"Est. tempo de leitura\" \/>\n\t<meta name=\"twitter:data1\" content=\"2 minutos\" \/>\n<script type=\"application\/ld+json\" class=\"yoast-schema-graph\">{\"@context\":\"https:\\\/\\\/schema.org\",\"@graph\":[{\"@type\":\"WebPage\",\"@id\":\"https:\\\/\\\/wordpress.ft.unicamp.br\\\/cat\\\/atas\\\/reuniao-1442015\\\/\",\"url\":\"https:\\\/\\\/wordpress.ft.unicamp.br\\\/cat\\\/atas\\\/reuniao-1442015\\\/\",\"name\":\"Reuni\u00e3o - 14\\\/4\\\/2015 - Centro Acad\u00eamico de Tecnologia\",\"isPartOf\":{\"@id\":\"https:\\\/\\\/wordpress.ft.unicamp.br\\\/cat\\\/#website\"},\"datePublished\":\"2015-12-18T17:54:01+00:00\",\"breadcrumb\":{\"@id\":\"https:\\\/\\\/wordpress.ft.unicamp.br\\\/cat\\\/atas\\\/reuniao-1442015\\\/#breadcrumb\"},\"inLanguage\":\"pt-BR\",\"potentialAction\":[{\"@type\":\"ReadAction\",\"target\":[\"https:\\\/\\\/wordpress.ft.unicamp.br\\\/cat\\\/atas\\\/reuniao-1442015\\\/\"]}]},{\"@type\":\"BreadcrumbList\",\"@id\":\"https:\\\/\\\/wordpress.ft.unicamp.br\\\/cat\\\/atas\\\/reuniao-1442015\\\/#breadcrumb\",\"itemListElement\":[{\"@type\":\"ListItem\",\"position\":1,\"name\":\"Home\",\"item\":\"https:\\\/\\\/wordpress.ft.unicamp.br\\\/cat\\\/\"},{\"@type\":\"ListItem\",\"position\":2,\"name\":\"Atas\",\"item\":\"https:\\\/\\\/wordpress.ft.unicamp.br\\\/cat\\\/?page_id=112\"},{\"@type\":\"ListItem\",\"position\":3,\"name\":\"Reuni\u00e3o &#8211; 14\\\/4\\\/2015\"}]},{\"@type\":\"WebSite\",\"@id\":\"https:\\\/\\\/wordpress.ft.unicamp.br\\\/cat\\\/#website\",\"url\":\"https:\\\/\\\/wordpress.ft.unicamp.br\\\/cat\\\/\",\"name\":\"Centro Acad\u00eamico de Tecnologia\",\"description\":\"&quot;Erros s\u00e3o, no final das contas, fundamentos da verdade. Se um homem n\u00e3o sabe o que uma coisa \u00e9, j\u00e1 \u00e9 um avan\u00e7o do conhecimento saber o que ela n\u00e3o \u00e9.&quot; Carl Jung\",\"potentialAction\":[{\"@type\":\"SearchAction\",\"target\":{\"@type\":\"EntryPoint\",\"urlTemplate\":\"https:\\\/\\\/wordpress.ft.unicamp.br\\\/cat\\\/?s={search_term_string}\"},\"query-input\":{\"@type\":\"PropertyValueSpecification\",\"valueRequired\":true,\"valueName\":\"search_term_string\"}}],\"inLanguage\":\"pt-BR\"}]}<\/script>\n<!-- \/ Yoast SEO plugin. -->","yoast_head_json":{"title":"Reuni\u00e3o - 14\/4\/2015 - Centro Acad\u00eamico de Tecnologia","robots":{"index":"index","follow":"follow","max-snippet":"max-snippet:-1","max-image-preview":"max-image-preview:large","max-video-preview":"max-video-preview:-1"},"canonical":"https:\/\/wordpress.ft.unicamp.br\/cat\/atas\/reuniao-1442015\/","og_locale":"pt_BR","og_type":"article","og_title":"Reuni\u00e3o - 14\/4\/2015 - Centro Acad\u00eamico de Tecnologia","og_description":"A primeira pauta discutida foi levantada ap\u00f3s uma reclama\u00e7\u00e3o de um aluno, pois o mesmo n\u00e3o pode utilizar o Laborat\u00f3rio de inform\u00e1tica no final de semana. O motivo do desconforto foi que a sala estava sendo utilizada para um projeto &hellip; Continue lendo &rarr;","og_url":"https:\/\/wordpress.ft.unicamp.br\/cat\/atas\/reuniao-1442015\/","og_site_name":"Centro Acad\u00eamico de Tecnologia","twitter_card":"summary_large_image","twitter_misc":{"Est. tempo de leitura":"2 minutos"},"schema":{"@context":"https:\/\/schema.org","@graph":[{"@type":"WebPage","@id":"https:\/\/wordpress.ft.unicamp.br\/cat\/atas\/reuniao-1442015\/","url":"https:\/\/wordpress.ft.unicamp.br\/cat\/atas\/reuniao-1442015\/","name":"Reuni\u00e3o - 14\/4\/2015 - Centro Acad\u00eamico de Tecnologia","isPartOf":{"@id":"https:\/\/wordpress.ft.unicamp.br\/cat\/#website"},"datePublished":"2015-12-18T17:54:01+00:00","breadcrumb":{"@id":"https:\/\/wordpress.ft.unicamp.br\/cat\/atas\/reuniao-1442015\/#breadcrumb"},"inLanguage":"pt-BR","potentialAction":[{"@type":"ReadAction","target":["https:\/\/wordpress.ft.unicamp.br\/cat\/atas\/reuniao-1442015\/"]}]},{"@type":"BreadcrumbList","@id":"https:\/\/wordpress.ft.unicamp.br\/cat\/atas\/reuniao-1442015\/#breadcrumb","itemListElement":[{"@type":"ListItem","position":1,"name":"Home","item":"https:\/\/wordpress.ft.unicamp.br\/cat\/"},{"@type":"ListItem","position":2,"name":"Atas","item":"https:\/\/wordpress.ft.unicamp.br\/cat\/?page_id=112"},{"@type":"ListItem","position":3,"name":"Reuni\u00e3o &#8211; 14\/4\/2015"}]},{"@type":"WebSite","@id":"https:\/\/wordpress.ft.unicamp.br\/cat\/#website","url":"https:\/\/wordpress.ft.unicamp.br\/cat\/","name":"Centro Acad\u00eamico de Tecnologia","description":"&quot;Erros s\u00e3o, no final das contas, fundamentos da verdade. Se um homem n\u00e3o sabe o que uma coisa \u00e9, j\u00e1 \u00e9 um avan\u00e7o do conhecimento saber o que ela n\u00e3o \u00e9.&quot; Carl Jung","potentialAction":[{"@type":"SearchAction","target":{"@type":"EntryPoint","urlTemplate":"https:\/\/wordpress.ft.unicamp.br\/cat\/?s={search_term_string}"},"query-input":{"@type":"PropertyValueSpecification","valueRequired":true,"valueName":"search_term_string"}}],"inLanguage":"pt-BR"}]}},"_links":{"self":[{"href":"https:\/\/wordpress.ft.unicamp.br\/cat\/wp-json\/wp\/v2\/pages\/127","targetHints":{"allow":["GET"]}}],"collection":[{"href":"https:\/\/wordpress.ft.unicamp.br\/cat\/wp-json\/wp\/v2\/pages"}],"about":[{"href":"https:\/\/wordpress.ft.unicamp.br\/cat\/wp-json\/wp\/v2\/types\/page"}],"author":[{"embeddable":true,"href":"https:\/\/wordpress.ft.unicamp.br\/cat\/wp-json\/wp\/v2\/users\/8"}],"replies":[{"embeddable":true,"href":"https:\/\/wordpress.ft.unicamp.br\/cat\/wp-json\/wp\/v2\/comments?post=127"}],"version-history":[{"count":0,"href":"https:\/\/wordpress.ft.unicamp.br\/cat\/wp-json\/wp\/v2\/pages\/127\/revisions"}],"up":[{"embeddable":true,"href":"https:\/\/wordpress.ft.unicamp.br\/cat\/wp-json\/wp\/v2\/pages\/112"}],"wp:attachment":[{"href":"https:\/\/wordpress.ft.unicamp.br\/cat\/wp-json\/wp\/v2\/media?parent=127"}],"curies":[{"name":"wp","href":"https:\/\/api.w.org\/{rel}","templated":true}]}}