{"id":135,"date":"2015-12-18T19:28:45","date_gmt":"2015-12-18T19:28:45","guid":{"rendered":"http:\/\/www.ft.unicamp.br\/cat\/?page_id=135"},"modified":"2015-12-18T19:28:45","modified_gmt":"2015-12-18T19:28:45","slug":"videoteca","status":"publish","type":"page","link":"https:\/\/wordpress.ft.unicamp.br\/cat\/videoteca\/","title":{"rendered":"Videoteca"},"content":{"rendered":"<p>https:\/\/www.youtube.com\/watch?v=dvv85bE_7HY<\/p>\n<p>https:\/\/www.youtube.com\/watch?v=EvP2Qy4ZEzA<\/p>\n<p><iframe title=\"Dominguinhos Canta e Conta Gonzaga - Filme\" width=\"584\" height=\"329\" src=\"https:\/\/www.youtube.com\/embed\/gKVavm_QiZ4?feature=oembed\" frameborder=\"0\" allow=\"accelerometer; autoplay; clipboard-write; encrypted-media; gyroscope; picture-in-picture; web-share\" referrerpolicy=\"strict-origin-when-cross-origin\" allowfullscreen><\/iframe><\/p>\n<p>https:\/\/www.youtube.com\/watch?v=049U7TjOjSA<\/p>\n","protected":false},"excerpt":{"rendered":"<p>https:\/\/www.youtube.com\/watch?v=dvv85bE_7HY https:\/\/www.youtube.com\/watch?v=EvP2Qy4ZEzA https:\/\/www.youtube.com\/watch?v=049U7TjOjSA<\/p>\n","protected":false},"author":8,"featured_media":0,"parent":0,"menu_order":0,"comment_status":"closed","ping_status":"closed","template":"","meta":{"footnotes":""},"class_list":["post-135","page","type-page","status-publish","hentry"],"yoast_head":"<!-- This site is optimized with the Yoast SEO plugin v27.5 - https:\/\/yoast.com\/product\/yoast-seo-wordpress\/ -->\n<title>Videoteca - Centro Acad\u00eamico de Tecnologia<\/title>\n<meta name=\"robots\" content=\"index, follow, max-snippet:-1, max-image-preview:large, max-video-preview:-1\" \/>\n<link rel=\"canonical\" href=\"https:\/\/wordpress.ft.unicamp.br\/cat\/videoteca\/\" \/>\n<meta property=\"og:locale\" content=\"pt_BR\" \/>\n<meta property=\"og:type\" content=\"article\" \/>\n<meta property=\"og:title\" content=\"Videoteca - Centro Acad\u00eamico de Tecnologia\" \/>\n<meta property=\"og:description\" content=\"https:\/\/www.youtube.com\/watch?v=dvv85bE_7HY https:\/\/www.youtube.com\/watch?v=EvP2Qy4ZEzA https:\/\/www.youtube.com\/watch?v=049U7TjOjSA\" \/>\n<meta property=\"og:url\" content=\"https:\/\/wordpress.ft.unicamp.br\/cat\/videoteca\/\" \/>\n<meta property=\"og:site_name\" content=\"Centro Acad\u00eamico de Tecnologia\" \/>\n<meta name=\"twitter:card\" content=\"summary_large_image\" \/>\n<script type=\"application\/ld+json\" class=\"yoast-schema-graph\">{\"@context\":\"https:\\\/\\\/schema.org\",\"@graph\":[{\"@type\":\"WebPage\",\"@id\":\"https:\\\/\\\/wordpress.ft.unicamp.br\\\/cat\\\/videoteca\\\/\",\"url\":\"https:\\\/\\\/wordpress.ft.unicamp.br\\\/cat\\\/videoteca\\\/\",\"name\":\"Videoteca - Centro Acad\u00eamico de Tecnologia\",\"isPartOf\":{\"@id\":\"https:\\\/\\\/wordpress.ft.unicamp.br\\\/cat\\\/#website\"},\"datePublished\":\"2015-12-18T19:28:45+00:00\",\"breadcrumb\":{\"@id\":\"https:\\\/\\\/wordpress.ft.unicamp.br\\\/cat\\\/videoteca\\\/#breadcrumb\"},\"inLanguage\":\"pt-BR\",\"potentialAction\":[{\"@type\":\"ReadAction\",\"target\":[\"https:\\\/\\\/wordpress.ft.unicamp.br\\\/cat\\\/videoteca\\\/\"]}]},{\"@type\":\"BreadcrumbList\",\"@id\":\"https:\\\/\\\/wordpress.ft.unicamp.br\\\/cat\\\/videoteca\\\/#breadcrumb\",\"itemListElement\":[{\"@type\":\"ListItem\",\"position\":1,\"name\":\"Home\",\"item\":\"https:\\\/\\\/wordpress.ft.unicamp.br\\\/cat\\\/\"},{\"@type\":\"ListItem\",\"position\":2,\"name\":\"Videoteca\"}]},{\"@type\":\"WebSite\",\"@id\":\"https:\\\/\\\/wordpress.ft.unicamp.br\\\/cat\\\/#website\",\"url\":\"https:\\\/\\\/wordpress.ft.unicamp.br\\\/cat\\\/\",\"name\":\"Centro Acad\u00eamico de Tecnologia\",\"description\":\"&quot;Erros s\u00e3o, no final das contas, fundamentos da verdade. Se um homem n\u00e3o sabe o que uma coisa \u00e9, j\u00e1 \u00e9 um avan\u00e7o do conhecimento saber o que ela n\u00e3o \u00e9.&quot; Carl Jung\",\"potentialAction\":[{\"@type\":\"SearchAction\",\"target\":{\"@type\":\"EntryPoint\",\"urlTemplate\":\"https:\\\/\\\/wordpress.ft.unicamp.br\\\/cat\\\/?s={search_term_string}\"},\"query-input\":{\"@type\":\"PropertyValueSpecification\",\"valueRequired\":true,\"valueName\":\"search_term_string\"}}],\"inLanguage\":\"pt-BR\"}]}<\/script>\n<!-- \/ Yoast SEO plugin. -->","yoast_head_json":{"title":"Videoteca - Centro Acad\u00eamico de Tecnologia","robots":{"index":"index","follow":"follow","max-snippet":"max-snippet:-1","max-image-preview":"max-image-preview:large","max-video-preview":"max-video-preview:-1"},"canonical":"https:\/\/wordpress.ft.unicamp.br\/cat\/videoteca\/","og_locale":"pt_BR","og_type":"article","og_title":"Videoteca - Centro Acad\u00eamico de Tecnologia","og_description":"https:\/\/www.youtube.com\/watch?v=dvv85bE_7HY https:\/\/www.youtube.com\/watch?v=EvP2Qy4ZEzA https:\/\/www.youtube.com\/watch?v=049U7TjOjSA","og_url":"https:\/\/wordpress.ft.unicamp.br\/cat\/videoteca\/","og_site_name":"Centro Acad\u00eamico de Tecnologia","twitter_card":"summary_large_image","schema":{"@context":"https:\/\/schema.org","@graph":[{"@type":"WebPage","@id":"https:\/\/wordpress.ft.unicamp.br\/cat\/videoteca\/","url":"https:\/\/wordpress.ft.unicamp.br\/cat\/videoteca\/","name":"Videoteca - Centro Acad\u00eamico de Tecnologia","isPartOf":{"@id":"https:\/\/wordpress.ft.unicamp.br\/cat\/#website"},"datePublished":"2015-12-18T19:28:45+00:00","breadcrumb":{"@id":"https:\/\/wordpress.ft.unicamp.br\/cat\/videoteca\/#breadcrumb"},"inLanguage":"pt-BR","potentialAction":[{"@type":"ReadAction","target":["https:\/\/wordpress.ft.unicamp.br\/cat\/videoteca\/"]}]},{"@type":"BreadcrumbList","@id":"https:\/\/wordpress.ft.unicamp.br\/cat\/videoteca\/#breadcrumb","itemListElement":[{"@type":"ListItem","position":1,"name":"Home","item":"https:\/\/wordpress.ft.unicamp.br\/cat\/"},{"@type":"ListItem","position":2,"name":"Videoteca"}]},{"@type":"WebSite","@id":"https:\/\/wordpress.ft.unicamp.br\/cat\/#website","url":"https:\/\/wordpress.ft.unicamp.br\/cat\/","name":"Centro Acad\u00eamico de Tecnologia","description":"&quot;Erros s\u00e3o, no final das contas, fundamentos da verdade. Se um homem n\u00e3o sabe o que uma coisa \u00e9, j\u00e1 \u00e9 um avan\u00e7o do conhecimento saber o que ela n\u00e3o \u00e9.&quot; Carl Jung","potentialAction":[{"@type":"SearchAction","target":{"@type":"EntryPoint","urlTemplate":"https:\/\/wordpress.ft.unicamp.br\/cat\/?s={search_term_string}"},"query-input":{"@type":"PropertyValueSpecification","valueRequired":true,"valueName":"search_term_string"}}],"inLanguage":"pt-BR"}]}},"_links":{"self":[{"href":"https:\/\/wordpress.ft.unicamp.br\/cat\/wp-json\/wp\/v2\/pages\/135","targetHints":{"allow":["GET"]}}],"collection":[{"href":"https:\/\/wordpress.ft.unicamp.br\/cat\/wp-json\/wp\/v2\/pages"}],"about":[{"href":"https:\/\/wordpress.ft.unicamp.br\/cat\/wp-json\/wp\/v2\/types\/page"}],"author":[{"embeddable":true,"href":"https:\/\/wordpress.ft.unicamp.br\/cat\/wp-json\/wp\/v2\/users\/8"}],"replies":[{"embeddable":true,"href":"https:\/\/wordpress.ft.unicamp.br\/cat\/wp-json\/wp\/v2\/comments?post=135"}],"version-history":[{"count":0,"href":"https:\/\/wordpress.ft.unicamp.br\/cat\/wp-json\/wp\/v2\/pages\/135\/revisions"}],"wp:attachment":[{"href":"https:\/\/wordpress.ft.unicamp.br\/cat\/wp-json\/wp\/v2\/media?parent=135"}],"curies":[{"name":"wp","href":"https:\/\/api.w.org\/{rel}","templated":true}]}}