{"id":94,"date":"2015-12-11T21:24:54","date_gmt":"2015-12-11T21:24:54","guid":{"rendered":"http:\/\/www.ft.unicamp.br\/cat\/?page_id=2"},"modified":"2021-03-18T23:01:05","modified_gmt":"2021-03-18T23:01:05","slug":"sobre","status":"publish","type":"page","link":"https:\/\/wordpress.ft.unicamp.br\/cat\/sobre\/","title":{"rendered":"Sobre"},"content":{"rendered":"<p><strong>Quem somos n\u00f3s?<\/strong><\/p>\n<p>Somos o Centro Acad\u00eamico da Faculdade de Tecnologia da Unicamp (Facebook: Centro Acad\u00eamico de Tecnologia ) , situada em Limeira &#8211; SP.<\/p>\n<p><strong>O que \u00e9 e o que faz o Centro Acad\u00eamico?<\/strong><\/p>\n<p>Centro Acad\u00eamico \u00e9 o org\u00e3o de uma determinada faculdade ou instituto que faz a media\u00e7\u00e3o dos alunos com a dire\u00e7\u00e3o, secretarias, setores administrativo, de R.H., etc. \u00c9 fun\u00e7\u00e3o do C.A. fazer o poss\u00edvel para melhorar a vida acad\u00eamica, cultural e\/ou social dos alunos segundo a proposta da chapa. Al\u00e9m do C.A. as faculdades ou institutos possuem os Representantes Discentes para auxiliar nesse processo.<\/p>\n<p><strong>O que \u00e9 e o que faz o Representante Discente?<\/strong><\/p>\n<p>Representante Discente \u00e9 o nome dado ao aluno escolhido por seus pares ( outros alunos ) para represent\u00e1-los nas reuni\u00f5es da Congrega\u00e7\u00e3o da F.T. A Congrega\u00e7\u00e3o \u00e9 um \u00f3rg\u00e3o deliberativo ( aquilo que s\u00f3 \u00e9 decidido mediante discuss\u00e3o ) da F.T. que se constitui de membros\u00a0 do Corpo Docente, Corpo Discente e do Corpo de Servidores T\u00e9cnicos e Administrativos. Enfim, o R.D. ser\u00e1 a voz dos alunos nas decis\u00f5es internas da F.T. , com uma enorme responsabilidade.<\/p>\n<p><strong>Porque \u00e9 importante que o Representante Discente fa\u00e7a parte do C.A.T. ?<\/strong><\/p>\n<p>Tendo em vista a import\u00e2ncia do R.D. na faculdade e a dificuldade em unificar os interesses dos alunos, o C.A.T. teve a proposta de aproximar o R.D. de si para garantir que tanto os direitos dos alunos\u00a0 quanto suas decis\u00f5es \u00e0 respeito do que deve ser feito dentro do campus ser\u00e3o realizados. Al\u00e9m de ser muito dif\u00edcil que um aluno consiga, sozinho, ouvir toda a comunidade e se organizar para debater todas essas informa\u00e7\u00f5es num \u00f3rg\u00e3o de extrema disputa pol\u00edtica. Essa uni\u00e3o \u00e9 tamb\u00e9m uma forma de garantir que o R.D. n\u00e3o satisfa\u00e7a apenas os seus interesses e esque\u00e7a de ouvir seus pares, como j\u00e1 aconteceu na hist\u00f3ria da F.T.<\/p>\n\n\n<figure class=\"wp-block-image size-large\"><img fetchpriority=\"high\" decoding=\"async\" width=\"685\" height=\"685\" src=\"https:\/\/wordpress.ft.unicamp.br\/cat\/wp-content\/uploads\/sites\/7\/2021\/03\/10933753_718848348229035_3107148169829959634_n.jpg\" alt=\"\" class=\"wp-image-206\" srcset=\"https:\/\/wordpress.ft.unicamp.br\/cat\/wp-content\/uploads\/sites\/7\/2021\/03\/10933753_718848348229035_3107148169829959634_n.jpg 685w, https:\/\/wordpress.ft.unicamp.br\/cat\/wp-content\/uploads\/sites\/7\/2021\/03\/10933753_718848348229035_3107148169829959634_n-300x300.jpg 300w, https:\/\/wordpress.ft.unicamp.br\/cat\/wp-content\/uploads\/sites\/7\/2021\/03\/10933753_718848348229035_3107148169829959634_n-150x150.jpg 150w\" sizes=\"(max-width: 685px) 100vw, 685px\" \/><\/figure>\n","protected":false},"excerpt":{"rendered":"<p>Quem somos n\u00f3s? Somos o Centro Acad\u00eamico da Faculdade de Tecnologia da Unicamp (Facebook: Centro Acad\u00eamico de Tecnologia ) , situada em Limeira &#8211; SP. O que \u00e9 e o que faz o Centro Acad\u00eamico? Centro Acad\u00eamico \u00e9 o org\u00e3o &hellip; <a href=\"https:\/\/wordpress.ft.unicamp.br\/cat\/sobre\/\">Continue lendo <span class=\"meta-nav\">&rarr;<\/span><\/a><\/p>\n","protected":false},"author":1,"featured_media":0,"parent":0,"menu_order":0,"comment_status":"closed","ping_status":"open","template":"","meta":{"footnotes":""},"class_list":["post-94","page","type-page","status-publish","hentry"],"yoast_head":"<!-- This site is optimized with the Yoast SEO plugin v27.2 - https:\/\/yoast.com\/product\/yoast-seo-wordpress\/ -->\n<title>Sobre - Centro Acad\u00eamico de Tecnologia<\/title>\n<meta name=\"robots\" content=\"index, follow, max-snippet:-1, max-image-preview:large, max-video-preview:-1\" \/>\n<link rel=\"canonical\" href=\"https:\/\/wordpress.ft.unicamp.br\/cat\/sobre\/\" \/>\n<meta property=\"og:locale\" content=\"pt_BR\" \/>\n<meta property=\"og:type\" content=\"article\" \/>\n<meta property=\"og:title\" content=\"Sobre - Centro Acad\u00eamico de Tecnologia\" \/>\n<meta property=\"og:description\" content=\"Quem somos n\u00f3s? Somos o Centro Acad\u00eamico da Faculdade de Tecnologia da Unicamp (Facebook: Centro Acad\u00eamico de Tecnologia ) , situada em Limeira &#8211; SP. O que \u00e9 e o que faz o Centro Acad\u00eamico? Centro Acad\u00eamico \u00e9 o org\u00e3o &hellip; Continue lendo &rarr;\" \/>\n<meta property=\"og:url\" content=\"https:\/\/wordpress.ft.unicamp.br\/cat\/sobre\/\" \/>\n<meta property=\"og:site_name\" content=\"Centro Acad\u00eamico de Tecnologia\" \/>\n<meta property=\"article:modified_time\" content=\"2021-03-18T23:01:05+00:00\" \/>\n<meta property=\"og:image\" content=\"https:\/\/wordpress.ft.unicamp.br\/cat\/wp-content\/uploads\/sites\/7\/2021\/03\/10933753_718848348229035_3107148169829959634_n.jpg\" \/>\n<meta name=\"twitter:card\" content=\"summary_large_image\" \/>\n<meta name=\"twitter:label1\" content=\"Est. tempo de leitura\" \/>\n\t<meta name=\"twitter:data1\" content=\"2 minutos\" \/>\n<script type=\"application\/ld+json\" class=\"yoast-schema-graph\">{\"@context\":\"https:\/\/schema.org\",\"@graph\":[{\"@type\":\"WebPage\",\"@id\":\"https:\/\/wordpress.ft.unicamp.br\/cat\/sobre\/\",\"url\":\"https:\/\/wordpress.ft.unicamp.br\/cat\/sobre\/\",\"name\":\"Sobre - Centro Acad\u00eamico de Tecnologia\",\"isPartOf\":{\"@id\":\"https:\/\/wordpress.ft.unicamp.br\/cat\/#website\"},\"primaryImageOfPage\":{\"@id\":\"https:\/\/wordpress.ft.unicamp.br\/cat\/sobre\/#primaryimage\"},\"image\":{\"@id\":\"https:\/\/wordpress.ft.unicamp.br\/cat\/sobre\/#primaryimage\"},\"thumbnailUrl\":\"https:\/\/wordpress.ft.unicamp.br\/cat\/wp-content\/uploads\/sites\/7\/2021\/03\/10933753_718848348229035_3107148169829959634_n.jpg\",\"datePublished\":\"2015-12-11T21:24:54+00:00\",\"dateModified\":\"2021-03-18T23:01:05+00:00\",\"breadcrumb\":{\"@id\":\"https:\/\/wordpress.ft.unicamp.br\/cat\/sobre\/#breadcrumb\"},\"inLanguage\":\"pt-BR\",\"potentialAction\":[{\"@type\":\"ReadAction\",\"target\":[\"https:\/\/wordpress.ft.unicamp.br\/cat\/sobre\/\"]}]},{\"@type\":\"ImageObject\",\"inLanguage\":\"pt-BR\",\"@id\":\"https:\/\/wordpress.ft.unicamp.br\/cat\/sobre\/#primaryimage\",\"url\":\"https:\/\/wordpress.ft.unicamp.br\/cat\/wp-content\/uploads\/sites\/7\/2021\/03\/10933753_718848348229035_3107148169829959634_n.jpg\",\"contentUrl\":\"https:\/\/wordpress.ft.unicamp.br\/cat\/wp-content\/uploads\/sites\/7\/2021\/03\/10933753_718848348229035_3107148169829959634_n.jpg\",\"width\":685,\"height\":685},{\"@type\":\"BreadcrumbList\",\"@id\":\"https:\/\/wordpress.ft.unicamp.br\/cat\/sobre\/#breadcrumb\",\"itemListElement\":[{\"@type\":\"ListItem\",\"position\":1,\"name\":\"Home\",\"item\":\"https:\/\/wordpress.ft.unicamp.br\/cat\/\"},{\"@type\":\"ListItem\",\"position\":2,\"name\":\"Sobre\"}]},{\"@type\":\"WebSite\",\"@id\":\"https:\/\/wordpress.ft.unicamp.br\/cat\/#website\",\"url\":\"https:\/\/wordpress.ft.unicamp.br\/cat\/\",\"name\":\"Centro Acad\u00eamico de Tecnologia\",\"description\":\"&quot;Erros s\u00e3o, no final das contas, fundamentos da verdade. Se um homem n\u00e3o sabe o que uma coisa \u00e9, j\u00e1 \u00e9 um avan\u00e7o do conhecimento saber o que ela n\u00e3o \u00e9.&quot; Carl Jung\",\"potentialAction\":[{\"@type\":\"SearchAction\",\"target\":{\"@type\":\"EntryPoint\",\"urlTemplate\":\"https:\/\/wordpress.ft.unicamp.br\/cat\/?s={search_term_string}\"},\"query-input\":{\"@type\":\"PropertyValueSpecification\",\"valueRequired\":true,\"valueName\":\"search_term_string\"}}],\"inLanguage\":\"pt-BR\"}]}<\/script>\n<!-- \/ Yoast SEO plugin. -->","yoast_head_json":{"title":"Sobre - Centro Acad\u00eamico de Tecnologia","robots":{"index":"index","follow":"follow","max-snippet":"max-snippet:-1","max-image-preview":"max-image-preview:large","max-video-preview":"max-video-preview:-1"},"canonical":"https:\/\/wordpress.ft.unicamp.br\/cat\/sobre\/","og_locale":"pt_BR","og_type":"article","og_title":"Sobre - Centro Acad\u00eamico de Tecnologia","og_description":"Quem somos n\u00f3s? Somos o Centro Acad\u00eamico da Faculdade de Tecnologia da Unicamp (Facebook: Centro Acad\u00eamico de Tecnologia ) , situada em Limeira &#8211; SP. O que \u00e9 e o que faz o Centro Acad\u00eamico? Centro Acad\u00eamico \u00e9 o org\u00e3o &hellip; Continue lendo &rarr;","og_url":"https:\/\/wordpress.ft.unicamp.br\/cat\/sobre\/","og_site_name":"Centro Acad\u00eamico de Tecnologia","article_modified_time":"2021-03-18T23:01:05+00:00","og_image":[{"url":"https:\/\/wordpress.ft.unicamp.br\/cat\/wp-content\/uploads\/sites\/7\/2021\/03\/10933753_718848348229035_3107148169829959634_n.jpg","type":"","width":"","height":""}],"twitter_card":"summary_large_image","twitter_misc":{"Est. tempo de leitura":"2 minutos"},"schema":{"@context":"https:\/\/schema.org","@graph":[{"@type":"WebPage","@id":"https:\/\/wordpress.ft.unicamp.br\/cat\/sobre\/","url":"https:\/\/wordpress.ft.unicamp.br\/cat\/sobre\/","name":"Sobre - Centro Acad\u00eamico de Tecnologia","isPartOf":{"@id":"https:\/\/wordpress.ft.unicamp.br\/cat\/#website"},"primaryImageOfPage":{"@id":"https:\/\/wordpress.ft.unicamp.br\/cat\/sobre\/#primaryimage"},"image":{"@id":"https:\/\/wordpress.ft.unicamp.br\/cat\/sobre\/#primaryimage"},"thumbnailUrl":"https:\/\/wordpress.ft.unicamp.br\/cat\/wp-content\/uploads\/sites\/7\/2021\/03\/10933753_718848348229035_3107148169829959634_n.jpg","datePublished":"2015-12-11T21:24:54+00:00","dateModified":"2021-03-18T23:01:05+00:00","breadcrumb":{"@id":"https:\/\/wordpress.ft.unicamp.br\/cat\/sobre\/#breadcrumb"},"inLanguage":"pt-BR","potentialAction":[{"@type":"ReadAction","target":["https:\/\/wordpress.ft.unicamp.br\/cat\/sobre\/"]}]},{"@type":"ImageObject","inLanguage":"pt-BR","@id":"https:\/\/wordpress.ft.unicamp.br\/cat\/sobre\/#primaryimage","url":"https:\/\/wordpress.ft.unicamp.br\/cat\/wp-content\/uploads\/sites\/7\/2021\/03\/10933753_718848348229035_3107148169829959634_n.jpg","contentUrl":"https:\/\/wordpress.ft.unicamp.br\/cat\/wp-content\/uploads\/sites\/7\/2021\/03\/10933753_718848348229035_3107148169829959634_n.jpg","width":685,"height":685},{"@type":"BreadcrumbList","@id":"https:\/\/wordpress.ft.unicamp.br\/cat\/sobre\/#breadcrumb","itemListElement":[{"@type":"ListItem","position":1,"name":"Home","item":"https:\/\/wordpress.ft.unicamp.br\/cat\/"},{"@type":"ListItem","position":2,"name":"Sobre"}]},{"@type":"WebSite","@id":"https:\/\/wordpress.ft.unicamp.br\/cat\/#website","url":"https:\/\/wordpress.ft.unicamp.br\/cat\/","name":"Centro Acad\u00eamico de Tecnologia","description":"&quot;Erros s\u00e3o, no final das contas, fundamentos da verdade. Se um homem n\u00e3o sabe o que uma coisa \u00e9, j\u00e1 \u00e9 um avan\u00e7o do conhecimento saber o que ela n\u00e3o \u00e9.&quot; Carl Jung","potentialAction":[{"@type":"SearchAction","target":{"@type":"EntryPoint","urlTemplate":"https:\/\/wordpress.ft.unicamp.br\/cat\/?s={search_term_string}"},"query-input":{"@type":"PropertyValueSpecification","valueRequired":true,"valueName":"search_term_string"}}],"inLanguage":"pt-BR"}]}},"_links":{"self":[{"href":"https:\/\/wordpress.ft.unicamp.br\/cat\/wp-json\/wp\/v2\/pages\/94","targetHints":{"allow":["GET"]}}],"collection":[{"href":"https:\/\/wordpress.ft.unicamp.br\/cat\/wp-json\/wp\/v2\/pages"}],"about":[{"href":"https:\/\/wordpress.ft.unicamp.br\/cat\/wp-json\/wp\/v2\/types\/page"}],"author":[{"embeddable":true,"href":"https:\/\/wordpress.ft.unicamp.br\/cat\/wp-json\/wp\/v2\/users\/1"}],"replies":[{"embeddable":true,"href":"https:\/\/wordpress.ft.unicamp.br\/cat\/wp-json\/wp\/v2\/comments?post=94"}],"version-history":[{"count":2,"href":"https:\/\/wordpress.ft.unicamp.br\/cat\/wp-json\/wp\/v2\/pages\/94\/revisions"}],"predecessor-version":[{"id":207,"href":"https:\/\/wordpress.ft.unicamp.br\/cat\/wp-json\/wp\/v2\/pages\/94\/revisions\/207"}],"wp:attachment":[{"href":"https:\/\/wordpress.ft.unicamp.br\/cat\/wp-json\/wp\/v2\/media?parent=94"}],"curies":[{"name":"wp","href":"https:\/\/api.w.org\/{rel}","templated":true}]}}