{"id":131,"date":"2018-09-04T22:24:05","date_gmt":"2018-09-04T22:24:05","guid":{"rendered":"http:\/\/wordpress.ft.unicamp.br\/ceiot\/?page_id=131"},"modified":"2018-09-05T18:46:50","modified_gmt":"2018-09-05T18:46:50","slug":"patrocinadores","status":"publish","type":"page","link":"https:\/\/wordpress.ft.unicamp.br\/ceiot\/patrocinadores\/","title":{"rendered":"Patrocinadores"},"content":{"rendered":"<div align=\"center\">\n<img decoding=\"async\" src=\"http:\/\/wordpress.ft.unicamp.br\/ceiot\/wp-content\/uploads\/sites\/50\/2018\/09\/Transdata.png\" alt=\"Transdata\" \/>\n<\/div>\n<p>A Transdata, \u00e9 uma das maiores empresas do Brasil no desenvolvimento de solu\u00e7\u00f5es integradas em ITS (Intelligent Transport Systems) dedicadas \u00e0 mobilidade e reconhecida por sua tecnologia e experi\u00eancia na bilhetagem eletr\u00f4nica em mais de 360 cidades. S\u00e3o 25 anos de experi\u00eancia com mais de 600 projetos e atendendo 30 milh\u00f5es de usu\u00e1rios\/dia. Constru\u00edmos solu\u00e7\u00f5es inovadoras que atendem n\u00e3o apenas os sistemas de transporte de \u00f4nibus, mas todo o ecossistema da mobilidade urbana e humana, levando praticidade, seguran\u00e7a e qualidade de vida a todos.<\/p>\n<p>Visite o site da empresa em:\u00a0<a href=\"https:\/\/www.itstransdata.com\" target=\"_blank\" rel=\"noopener\">https:\/\/www.itstransdata.com<\/a><br \/>\n<img decoding=\"async\" src=\"http:\/\/wordpress.ft.unicamp.br\/ceiot\/wp-content\/uploads\/sites\/50\/2018\/09\/Dados_Transdata.png\" alt=\"Transdata\" \/><\/p>\n","protected":false},"excerpt":{"rendered":"<p>A Transdata, \u00e9 uma das maiores empresas do Brasil no desenvolvimento de solu\u00e7\u00f5es integradas em ITS (Intelligent Transport Systems) dedicadas \u00e0 mobilidade e reconhecida por sua tecnologia e experi\u00eancia na bilhetagem eletr\u00f4nica em mais de 360 cidades. S\u00e3o 25 anos &hellip; <a href=\"https:\/\/wordpress.ft.unicamp.br\/ceiot\/patrocinadores\/\">Continue lendo <span class=\"meta-nav\">&rarr;<\/span><\/a><\/p>\n","protected":false},"author":1,"featured_media":0,"parent":0,"menu_order":0,"comment_status":"closed","ping_status":"closed","template":"","meta":{"footnotes":""},"class_list":["post-131","page","type-page","status-publish","hentry"],"yoast_head":"<!-- This site is optimized with the Yoast SEO plugin v27.5 - https:\/\/yoast.com\/product\/yoast-seo-wordpress\/ -->\n<title>Patrocinadores - F\u00f3rum Sustentabilidade e Automa\u00e7\u00e3o: Desafios Tecnol\u00f3gicos da Constru\u00e7\u00e3o de Edif\u00edcios Inteligentes<\/title>\n<meta name=\"robots\" content=\"index, follow, max-snippet:-1, max-image-preview:large, max-video-preview:-1\" \/>\n<link rel=\"canonical\" href=\"https:\/\/wordpress.ft.unicamp.br\/ceiot\/patrocinadores\/\" \/>\n<meta property=\"og:locale\" content=\"pt_BR\" \/>\n<meta property=\"og:type\" content=\"article\" \/>\n<meta property=\"og:title\" content=\"Patrocinadores - F\u00f3rum Sustentabilidade e Automa\u00e7\u00e3o: Desafios Tecnol\u00f3gicos da Constru\u00e7\u00e3o de Edif\u00edcios Inteligentes\" \/>\n<meta property=\"og:description\" content=\"A Transdata, \u00e9 uma das maiores empresas do Brasil no desenvolvimento de solu\u00e7\u00f5es integradas em ITS (Intelligent Transport Systems) dedicadas \u00e0 mobilidade e reconhecida por sua tecnologia e experi\u00eancia na bilhetagem eletr\u00f4nica em mais de 360 cidades. S\u00e3o 25 anos &hellip; Continue lendo &rarr;\" \/>\n<meta property=\"og:url\" content=\"https:\/\/wordpress.ft.unicamp.br\/ceiot\/patrocinadores\/\" \/>\n<meta property=\"og:site_name\" content=\"F\u00f3rum Sustentabilidade e Automa\u00e7\u00e3o: Desafios Tecnol\u00f3gicos da Constru\u00e7\u00e3o de Edif\u00edcios Inteligentes\" \/>\n<meta property=\"article:modified_time\" content=\"2018-09-05T18:46:50+00:00\" \/>\n<meta property=\"og:image\" content=\"http:\/\/wordpress.ft.unicamp.br\/ceiot\/wp-content\/uploads\/sites\/50\/2018\/09\/Transdata.png\" \/>\n<meta name=\"twitter:card\" content=\"summary_large_image\" \/>\n<meta name=\"twitter:label1\" content=\"Est. tempo de leitura\" \/>\n\t<meta name=\"twitter:data1\" content=\"1 minuto\" \/>\n<script type=\"application\/ld+json\" class=\"yoast-schema-graph\">{\"@context\":\"https:\\\/\\\/schema.org\",\"@graph\":[{\"@type\":\"WebPage\",\"@id\":\"https:\\\/\\\/wordpress.ft.unicamp.br\\\/ceiot\\\/patrocinadores\\\/\",\"url\":\"https:\\\/\\\/wordpress.ft.unicamp.br\\\/ceiot\\\/patrocinadores\\\/\",\"name\":\"Patrocinadores - F\u00f3rum Sustentabilidade e Automa\u00e7\u00e3o: Desafios Tecnol\u00f3gicos da Constru\u00e7\u00e3o de Edif\u00edcios Inteligentes\",\"isPartOf\":{\"@id\":\"https:\\\/\\\/wordpress.ft.unicamp.br\\\/ceiot\\\/#website\"},\"primaryImageOfPage\":{\"@id\":\"https:\\\/\\\/wordpress.ft.unicamp.br\\\/ceiot\\\/patrocinadores\\\/#primaryimage\"},\"image\":{\"@id\":\"https:\\\/\\\/wordpress.ft.unicamp.br\\\/ceiot\\\/patrocinadores\\\/#primaryimage\"},\"thumbnailUrl\":\"http:\\\/\\\/wordpress.ft.unicamp.br\\\/ceiot\\\/wp-content\\\/uploads\\\/sites\\\/50\\\/2018\\\/09\\\/Transdata.png\",\"datePublished\":\"2018-09-04T22:24:05+00:00\",\"dateModified\":\"2018-09-05T18:46:50+00:00\",\"breadcrumb\":{\"@id\":\"https:\\\/\\\/wordpress.ft.unicamp.br\\\/ceiot\\\/patrocinadores\\\/#breadcrumb\"},\"inLanguage\":\"pt-BR\",\"potentialAction\":[{\"@type\":\"ReadAction\",\"target\":[\"https:\\\/\\\/wordpress.ft.unicamp.br\\\/ceiot\\\/patrocinadores\\\/\"]}]},{\"@type\":\"ImageObject\",\"inLanguage\":\"pt-BR\",\"@id\":\"https:\\\/\\\/wordpress.ft.unicamp.br\\\/ceiot\\\/patrocinadores\\\/#primaryimage\",\"url\":\"https:\\\/\\\/wordpress.ft.unicamp.br\\\/ceiot\\\/wp-content\\\/uploads\\\/sites\\\/50\\\/2018\\\/09\\\/Transdata.png\",\"contentUrl\":\"https:\\\/\\\/wordpress.ft.unicamp.br\\\/ceiot\\\/wp-content\\\/uploads\\\/sites\\\/50\\\/2018\\\/09\\\/Transdata.png\",\"width\":295,\"height\":108},{\"@type\":\"BreadcrumbList\",\"@id\":\"https:\\\/\\\/wordpress.ft.unicamp.br\\\/ceiot\\\/patrocinadores\\\/#breadcrumb\",\"itemListElement\":[{\"@type\":\"ListItem\",\"position\":1,\"name\":\"Home\",\"item\":\"https:\\\/\\\/wordpress.ft.unicamp.br\\\/ceiot\\\/\"},{\"@type\":\"ListItem\",\"position\":2,\"name\":\"Patrocinadores\"}]},{\"@type\":\"WebSite\",\"@id\":\"https:\\\/\\\/wordpress.ft.unicamp.br\\\/ceiot\\\/#website\",\"url\":\"https:\\\/\\\/wordpress.ft.unicamp.br\\\/ceiot\\\/\",\"name\":\"F\u00f3rum Sustentabilidade e Automa\u00e7\u00e3o: Desafios Tecnol\u00f3gicos da Constru\u00e7\u00e3o de Edif\u00edcios Inteligentes\",\"description\":\"\",\"potentialAction\":[{\"@type\":\"SearchAction\",\"target\":{\"@type\":\"EntryPoint\",\"urlTemplate\":\"https:\\\/\\\/wordpress.ft.unicamp.br\\\/ceiot\\\/?s={search_term_string}\"},\"query-input\":{\"@type\":\"PropertyValueSpecification\",\"valueRequired\":true,\"valueName\":\"search_term_string\"}}],\"inLanguage\":\"pt-BR\"}]}<\/script>\n<!-- \/ Yoast SEO plugin. -->","yoast_head_json":{"title":"Patrocinadores - F\u00f3rum Sustentabilidade e Automa\u00e7\u00e3o: Desafios Tecnol\u00f3gicos da Constru\u00e7\u00e3o de Edif\u00edcios Inteligentes","robots":{"index":"index","follow":"follow","max-snippet":"max-snippet:-1","max-image-preview":"max-image-preview:large","max-video-preview":"max-video-preview:-1"},"canonical":"https:\/\/wordpress.ft.unicamp.br\/ceiot\/patrocinadores\/","og_locale":"pt_BR","og_type":"article","og_title":"Patrocinadores - F\u00f3rum Sustentabilidade e Automa\u00e7\u00e3o: Desafios Tecnol\u00f3gicos da Constru\u00e7\u00e3o de Edif\u00edcios Inteligentes","og_description":"A Transdata, \u00e9 uma das maiores empresas do Brasil no desenvolvimento de solu\u00e7\u00f5es integradas em ITS (Intelligent Transport Systems) dedicadas \u00e0 mobilidade e reconhecida por sua tecnologia e experi\u00eancia na bilhetagem eletr\u00f4nica em mais de 360 cidades. S\u00e3o 25 anos &hellip; Continue lendo &rarr;","og_url":"https:\/\/wordpress.ft.unicamp.br\/ceiot\/patrocinadores\/","og_site_name":"F\u00f3rum Sustentabilidade e Automa\u00e7\u00e3o: Desafios Tecnol\u00f3gicos da Constru\u00e7\u00e3o de Edif\u00edcios Inteligentes","article_modified_time":"2018-09-05T18:46:50+00:00","og_image":[{"url":"http:\/\/wordpress.ft.unicamp.br\/ceiot\/wp-content\/uploads\/sites\/50\/2018\/09\/Transdata.png","type":"","width":"","height":""}],"twitter_card":"summary_large_image","twitter_misc":{"Est. tempo de leitura":"1 minuto"},"schema":{"@context":"https:\/\/schema.org","@graph":[{"@type":"WebPage","@id":"https:\/\/wordpress.ft.unicamp.br\/ceiot\/patrocinadores\/","url":"https:\/\/wordpress.ft.unicamp.br\/ceiot\/patrocinadores\/","name":"Patrocinadores - F\u00f3rum Sustentabilidade e Automa\u00e7\u00e3o: Desafios Tecnol\u00f3gicos da Constru\u00e7\u00e3o de Edif\u00edcios Inteligentes","isPartOf":{"@id":"https:\/\/wordpress.ft.unicamp.br\/ceiot\/#website"},"primaryImageOfPage":{"@id":"https:\/\/wordpress.ft.unicamp.br\/ceiot\/patrocinadores\/#primaryimage"},"image":{"@id":"https:\/\/wordpress.ft.unicamp.br\/ceiot\/patrocinadores\/#primaryimage"},"thumbnailUrl":"http:\/\/wordpress.ft.unicamp.br\/ceiot\/wp-content\/uploads\/sites\/50\/2018\/09\/Transdata.png","datePublished":"2018-09-04T22:24:05+00:00","dateModified":"2018-09-05T18:46:50+00:00","breadcrumb":{"@id":"https:\/\/wordpress.ft.unicamp.br\/ceiot\/patrocinadores\/#breadcrumb"},"inLanguage":"pt-BR","potentialAction":[{"@type":"ReadAction","target":["https:\/\/wordpress.ft.unicamp.br\/ceiot\/patrocinadores\/"]}]},{"@type":"ImageObject","inLanguage":"pt-BR","@id":"https:\/\/wordpress.ft.unicamp.br\/ceiot\/patrocinadores\/#primaryimage","url":"https:\/\/wordpress.ft.unicamp.br\/ceiot\/wp-content\/uploads\/sites\/50\/2018\/09\/Transdata.png","contentUrl":"https:\/\/wordpress.ft.unicamp.br\/ceiot\/wp-content\/uploads\/sites\/50\/2018\/09\/Transdata.png","width":295,"height":108},{"@type":"BreadcrumbList","@id":"https:\/\/wordpress.ft.unicamp.br\/ceiot\/patrocinadores\/#breadcrumb","itemListElement":[{"@type":"ListItem","position":1,"name":"Home","item":"https:\/\/wordpress.ft.unicamp.br\/ceiot\/"},{"@type":"ListItem","position":2,"name":"Patrocinadores"}]},{"@type":"WebSite","@id":"https:\/\/wordpress.ft.unicamp.br\/ceiot\/#website","url":"https:\/\/wordpress.ft.unicamp.br\/ceiot\/","name":"F\u00f3rum Sustentabilidade e Automa\u00e7\u00e3o: Desafios Tecnol\u00f3gicos da Constru\u00e7\u00e3o de Edif\u00edcios Inteligentes","description":"","potentialAction":[{"@type":"SearchAction","target":{"@type":"EntryPoint","urlTemplate":"https:\/\/wordpress.ft.unicamp.br\/ceiot\/?s={search_term_string}"},"query-input":{"@type":"PropertyValueSpecification","valueRequired":true,"valueName":"search_term_string"}}],"inLanguage":"pt-BR"}]}},"_links":{"self":[{"href":"https:\/\/wordpress.ft.unicamp.br\/ceiot\/wp-json\/wp\/v2\/pages\/131","targetHints":{"allow":["GET"]}}],"collection":[{"href":"https:\/\/wordpress.ft.unicamp.br\/ceiot\/wp-json\/wp\/v2\/pages"}],"about":[{"href":"https:\/\/wordpress.ft.unicamp.br\/ceiot\/wp-json\/wp\/v2\/types\/page"}],"author":[{"embeddable":true,"href":"https:\/\/wordpress.ft.unicamp.br\/ceiot\/wp-json\/wp\/v2\/users\/1"}],"replies":[{"embeddable":true,"href":"https:\/\/wordpress.ft.unicamp.br\/ceiot\/wp-json\/wp\/v2\/comments?post=131"}],"version-history":[{"count":9,"href":"https:\/\/wordpress.ft.unicamp.br\/ceiot\/wp-json\/wp\/v2\/pages\/131\/revisions"}],"predecessor-version":[{"id":144,"href":"https:\/\/wordpress.ft.unicamp.br\/ceiot\/wp-json\/wp\/v2\/pages\/131\/revisions\/144"}],"wp:attachment":[{"href":"https:\/\/wordpress.ft.unicamp.br\/ceiot\/wp-json\/wp\/v2\/media?parent=131"}],"curies":[{"name":"wp","href":"https:\/\/api.w.org\/{rel}","templated":true}]}}