{"id":17,"date":"2018-08-13T23:00:06","date_gmt":"2018-08-13T23:00:06","guid":{"rendered":"http:\/\/wordpress.ft.unicamp.br\/ceiot\/?page_id=17"},"modified":"2018-09-17T18:15:10","modified_gmt":"2018-09-17T18:15:10","slug":"palestrantes","status":"publish","type":"page","link":"https:\/\/wordpress.ft.unicamp.br\/ceiot\/palestrantes\/","title":{"rendered":"Palestrantes"},"content":{"rendered":"<p><strong>Alexandre Bueno: <\/strong>Empres\u00e1rio com mais de 15 anos de experi\u00eancia no desenvolvimento de produtos e estrat\u00e9gias de mercado, auxiliando na defini\u00e7\u00e3o, an\u00e1lise e cumprimento de metas, capta\u00e7\u00e3o de recursos e desenvolvimento de equipes. S\u00f3cio-fundador da Fibo, empresa pioneira em IoT no Brasil e respons\u00e1vel pelo evento IoT Experience, considerado um dos mais relevantes da Am\u00e9rica Latina a respeito do tema internet das coisas. Um dos idealizadores do IoT Academy &#8211; associa\u00e7\u00e3o que tem o objetivo de estreitar os la\u00e7os entre clientes e empresas de tecnologias de modo a acelerar o processo de valida\u00e7\u00e3o e ado\u00e7\u00e3o de IoT que efetivamente agreguem valor ao cliente.<\/p>\n<p><strong>Alexandre Junqueira: <\/strong>Alexandre \u00e9 o guru de tecnologia da Yellow Ventures e CEO da KONKER. Ele \u00e9 co-fundador da Inmetrics, empresa de tecnologia brasileira que em 15 anos de hist\u00f3ria saiu da incubadora da Unicamp para se tornar a l\u00edder em otimiza\u00e7\u00e3o de TI da Am\u00e9rica Latina. Na Inmetrics, Junqueira exerceu diversas posi\u00e7\u00f5es executivas senior, incluindo CTO e l\u00edder respons\u00e1vel pelas opera\u00e7\u00f5es no Chile e na Col\u00f4mbia. Ele j\u00e1 liderou trabalhos de tecnologia para diversas empresas de grande porte em v\u00e1rias ind\u00fastrias: financeira, pagamentos, seguro, telecom, varejo, manufatura e transporte. Mais recentemente, Alexandre est\u00e1 envolvido com novas linhas de neg\u00f3cio em mercados transformadores, como fintech, e-health e IoT. Junqueira \u00e9 formado em Ci\u00eancia da Computa\u00e7\u00e3o pela Unicamp. Atualmente lidera a KONKER, que \u00e9 uma empresa focada no desenvolvimento do ecossistema para cria\u00e7\u00e3o de solu\u00e7\u00f5es de IoT e de uma plataforma open-source para acelerar e viabilizar a cria\u00e7\u00e3o dessas solu\u00e7\u00f5es.<\/p>\n<p><strong>Felipe Faria:<\/strong> Diretor Executivo do Green Building Council Brasil (GBC Brasil) e Presidente do Comit\u00ea Regional das Am\u00e9ricas do World Green Building Council. Advogado com especializa\u00e7\u00e3o em Direito da Economia e da Empresa pela Funda\u00e7\u00e3o Get\u00falio Vargas, h\u00e1\u00a010 no Green Building Council Brasil, \u00e9 o respons\u00e1vel por dirigir e executar as atividades da Organiza\u00e7\u00e3o que compreendem as \u00e1reas de capacita\u00e7\u00e3o profissional, dissemina\u00e7\u00e3o da informa\u00e7\u00e3o, rela\u00e7\u00e3o governamental e promo\u00e7\u00e3o de certifica\u00e7\u00f5es para edifica\u00e7\u00f5es verdes. Felipe tamb\u00e9m atuou por 4 anos no LEED Steering Committee do USGBC, \u00f3rg\u00e3o deliberativo e consultivo respons\u00e1vel por manter o LEED como ferramenta l\u00edder no mundo, participando do desenvolvimento da sua atual vers\u00e3o (LEED v4) e da cria\u00e7\u00e3o do sistema internacional de benchmark em edifica\u00e7\u00f5es, plataforma ARC. Atualmente, Felipe faz parte do Conselho de Diretores do World Green Building Council, organiza\u00e7\u00e3o supranacional que coordena e estimula o desenvolvimento de 80 Conselhos localizados em diferentes pa\u00edses.<\/p>\n<p><strong>Franco Ferraz:<\/strong>\u00a0Arquiteto e urbanista formado pela PUC Campinas em 89, correspons\u00e1vel pelo escrit\u00f3rio de arquitetura FF&amp;LG h\u00e1 29 anos, atuando em todos os tipos de projetos de arquitetura e CEO da empresa ARQTUS concept voltada a reunir todos os elementos de arquitetura, tecnologia, urbanismo e sustentabilidade para a melhoria da vida humana atrav\u00e9s dos projetos.<\/p>\n<p><strong>Manuel Carlos Reis Martins:\u00a0<\/strong>Coordenador Executivo &#8211; Projetos AQUA, PBE-Edifica e EPD Brasil na Funda\u00e7\u00e3o Vanzolini e membro do Laborat\u00f3rio de Cidades, Tecnologia e Urbanismo \u2013 CONECTICIDADE, da Engenharia de Produ\u00e7\u00e3o da Escola Polit\u00e9cnica da USP. Engenheiro Civil pela Escola Polit\u00e9cnica &#8211; USP e Ph.D. pelo Imperial College \u2013 London University.\u00a0Especializa\u00e7\u00e3o: AQUA-HQE e Gest\u00e3o de Empresas &#8211; Brasil, Fran\u00e7a e Jap\u00e3o.\u00a0Foi: Diretor da Engenharia Civil e Coordenador da Qualidade do IPT, Diretor de Certifica\u00e7\u00e3o da ABNT, Presidente do Instituto Paulista da Qualidade, Coordenador de Certifica\u00e7\u00e3o de Sistemas de Gest\u00e3o da Funda\u00e7\u00e3o Vanzolini e Professor de Sistemas de Gest\u00e3o Integrada \u2013 p\u00f3s-gradua\u00e7\u00e3o na Faculdades S\u00e3o Luiz-SP, Faculdades S\u00e3o Francisco-Campinas, FIA\/FEA-USP e IEE\/USP.<\/p>\n<p><strong>Maria Luiza Salom\u00e9: <\/strong>Engenheira Civil formada pela Pontif\u00edcia Universidade Cat\u00f3lica de Campinas (PUC-Camp), Auditora da \u00e1rea de Certifica\u00e7\u00e3o da Funda\u00e7\u00e3o Vanzolini e membro do n\u00facleo de pesquisas em Smart Cities (Iniciativa Funda\u00e7\u00e3o Vanzolini e Polit\u00e9cnica da USP). Especialista em certifica\u00e7\u00e3o ambiental AQUA-HQE.<\/p>\n","protected":false},"excerpt":{"rendered":"<p>Alexandre Bueno: Empres\u00e1rio com mais de 15 anos de experi\u00eancia no desenvolvimento de produtos e estrat\u00e9gias de mercado, auxiliando na defini\u00e7\u00e3o, an\u00e1lise e cumprimento de metas, capta\u00e7\u00e3o de recursos e desenvolvimento de equipes. S\u00f3cio-fundador da Fibo, empresa pioneira em IoT &hellip; <a href=\"https:\/\/wordpress.ft.unicamp.br\/ceiot\/palestrantes\/\">Continue lendo <span class=\"meta-nav\">&rarr;<\/span><\/a><\/p>\n","protected":false},"author":1,"featured_media":0,"parent":0,"menu_order":0,"comment_status":"closed","ping_status":"closed","template":"","meta":{"footnotes":""},"class_list":["post-17","page","type-page","status-publish","hentry"],"yoast_head":"<!-- This site is optimized with the Yoast SEO plugin v27.5 - https:\/\/yoast.com\/product\/yoast-seo-wordpress\/ -->\n<title>Palestrantes - F\u00f3rum Sustentabilidade e Automa\u00e7\u00e3o: Desafios Tecnol\u00f3gicos da Constru\u00e7\u00e3o de Edif\u00edcios Inteligentes<\/title>\n<meta name=\"robots\" content=\"index, follow, max-snippet:-1, max-image-preview:large, max-video-preview:-1\" \/>\n<link rel=\"canonical\" href=\"https:\/\/wordpress.ft.unicamp.br\/ceiot\/palestrantes\/\" \/>\n<meta property=\"og:locale\" content=\"pt_BR\" \/>\n<meta property=\"og:type\" content=\"article\" \/>\n<meta property=\"og:title\" content=\"Palestrantes - F\u00f3rum Sustentabilidade e Automa\u00e7\u00e3o: Desafios Tecnol\u00f3gicos da Constru\u00e7\u00e3o de Edif\u00edcios Inteligentes\" \/>\n<meta property=\"og:description\" content=\"Alexandre Bueno: Empres\u00e1rio com mais de 15 anos de experi\u00eancia no desenvolvimento de produtos e estrat\u00e9gias de mercado, auxiliando na defini\u00e7\u00e3o, an\u00e1lise e cumprimento de metas, capta\u00e7\u00e3o de recursos e desenvolvimento de equipes. S\u00f3cio-fundador da Fibo, empresa pioneira em IoT &hellip; Continue lendo &rarr;\" \/>\n<meta property=\"og:url\" content=\"https:\/\/wordpress.ft.unicamp.br\/ceiot\/palestrantes\/\" \/>\n<meta property=\"og:site_name\" content=\"F\u00f3rum Sustentabilidade e Automa\u00e7\u00e3o: Desafios Tecnol\u00f3gicos da Constru\u00e7\u00e3o de Edif\u00edcios Inteligentes\" \/>\n<meta property=\"article:modified_time\" content=\"2018-09-17T18:15:10+00:00\" \/>\n<meta name=\"twitter:card\" content=\"summary_large_image\" \/>\n<meta name=\"twitter:label1\" content=\"Est. tempo de leitura\" \/>\n\t<meta name=\"twitter:data1\" content=\"3 minutos\" \/>\n<script type=\"application\/ld+json\" class=\"yoast-schema-graph\">{\"@context\":\"https:\\\/\\\/schema.org\",\"@graph\":[{\"@type\":\"WebPage\",\"@id\":\"https:\\\/\\\/wordpress.ft.unicamp.br\\\/ceiot\\\/palestrantes\\\/\",\"url\":\"https:\\\/\\\/wordpress.ft.unicamp.br\\\/ceiot\\\/palestrantes\\\/\",\"name\":\"Palestrantes - F\u00f3rum Sustentabilidade e Automa\u00e7\u00e3o: Desafios Tecnol\u00f3gicos da Constru\u00e7\u00e3o de Edif\u00edcios Inteligentes\",\"isPartOf\":{\"@id\":\"https:\\\/\\\/wordpress.ft.unicamp.br\\\/ceiot\\\/#website\"},\"datePublished\":\"2018-08-13T23:00:06+00:00\",\"dateModified\":\"2018-09-17T18:15:10+00:00\",\"breadcrumb\":{\"@id\":\"https:\\\/\\\/wordpress.ft.unicamp.br\\\/ceiot\\\/palestrantes\\\/#breadcrumb\"},\"inLanguage\":\"pt-BR\",\"potentialAction\":[{\"@type\":\"ReadAction\",\"target\":[\"https:\\\/\\\/wordpress.ft.unicamp.br\\\/ceiot\\\/palestrantes\\\/\"]}]},{\"@type\":\"BreadcrumbList\",\"@id\":\"https:\\\/\\\/wordpress.ft.unicamp.br\\\/ceiot\\\/palestrantes\\\/#breadcrumb\",\"itemListElement\":[{\"@type\":\"ListItem\",\"position\":1,\"name\":\"Home\",\"item\":\"https:\\\/\\\/wordpress.ft.unicamp.br\\\/ceiot\\\/\"},{\"@type\":\"ListItem\",\"position\":2,\"name\":\"Palestrantes\"}]},{\"@type\":\"WebSite\",\"@id\":\"https:\\\/\\\/wordpress.ft.unicamp.br\\\/ceiot\\\/#website\",\"url\":\"https:\\\/\\\/wordpress.ft.unicamp.br\\\/ceiot\\\/\",\"name\":\"F\u00f3rum Sustentabilidade e Automa\u00e7\u00e3o: Desafios Tecnol\u00f3gicos da Constru\u00e7\u00e3o de Edif\u00edcios Inteligentes\",\"description\":\"\",\"potentialAction\":[{\"@type\":\"SearchAction\",\"target\":{\"@type\":\"EntryPoint\",\"urlTemplate\":\"https:\\\/\\\/wordpress.ft.unicamp.br\\\/ceiot\\\/?s={search_term_string}\"},\"query-input\":{\"@type\":\"PropertyValueSpecification\",\"valueRequired\":true,\"valueName\":\"search_term_string\"}}],\"inLanguage\":\"pt-BR\"}]}<\/script>\n<!-- \/ Yoast SEO plugin. -->","yoast_head_json":{"title":"Palestrantes - F\u00f3rum Sustentabilidade e Automa\u00e7\u00e3o: Desafios Tecnol\u00f3gicos da Constru\u00e7\u00e3o de Edif\u00edcios Inteligentes","robots":{"index":"index","follow":"follow","max-snippet":"max-snippet:-1","max-image-preview":"max-image-preview:large","max-video-preview":"max-video-preview:-1"},"canonical":"https:\/\/wordpress.ft.unicamp.br\/ceiot\/palestrantes\/","og_locale":"pt_BR","og_type":"article","og_title":"Palestrantes - F\u00f3rum Sustentabilidade e Automa\u00e7\u00e3o: Desafios Tecnol\u00f3gicos da Constru\u00e7\u00e3o de Edif\u00edcios Inteligentes","og_description":"Alexandre Bueno: Empres\u00e1rio com mais de 15 anos de experi\u00eancia no desenvolvimento de produtos e estrat\u00e9gias de mercado, auxiliando na defini\u00e7\u00e3o, an\u00e1lise e cumprimento de metas, capta\u00e7\u00e3o de recursos e desenvolvimento de equipes. S\u00f3cio-fundador da Fibo, empresa pioneira em IoT &hellip; Continue lendo &rarr;","og_url":"https:\/\/wordpress.ft.unicamp.br\/ceiot\/palestrantes\/","og_site_name":"F\u00f3rum Sustentabilidade e Automa\u00e7\u00e3o: Desafios Tecnol\u00f3gicos da Constru\u00e7\u00e3o de Edif\u00edcios Inteligentes","article_modified_time":"2018-09-17T18:15:10+00:00","twitter_card":"summary_large_image","twitter_misc":{"Est. tempo de leitura":"3 minutos"},"schema":{"@context":"https:\/\/schema.org","@graph":[{"@type":"WebPage","@id":"https:\/\/wordpress.ft.unicamp.br\/ceiot\/palestrantes\/","url":"https:\/\/wordpress.ft.unicamp.br\/ceiot\/palestrantes\/","name":"Palestrantes - F\u00f3rum Sustentabilidade e Automa\u00e7\u00e3o: Desafios Tecnol\u00f3gicos da Constru\u00e7\u00e3o de Edif\u00edcios Inteligentes","isPartOf":{"@id":"https:\/\/wordpress.ft.unicamp.br\/ceiot\/#website"},"datePublished":"2018-08-13T23:00:06+00:00","dateModified":"2018-09-17T18:15:10+00:00","breadcrumb":{"@id":"https:\/\/wordpress.ft.unicamp.br\/ceiot\/palestrantes\/#breadcrumb"},"inLanguage":"pt-BR","potentialAction":[{"@type":"ReadAction","target":["https:\/\/wordpress.ft.unicamp.br\/ceiot\/palestrantes\/"]}]},{"@type":"BreadcrumbList","@id":"https:\/\/wordpress.ft.unicamp.br\/ceiot\/palestrantes\/#breadcrumb","itemListElement":[{"@type":"ListItem","position":1,"name":"Home","item":"https:\/\/wordpress.ft.unicamp.br\/ceiot\/"},{"@type":"ListItem","position":2,"name":"Palestrantes"}]},{"@type":"WebSite","@id":"https:\/\/wordpress.ft.unicamp.br\/ceiot\/#website","url":"https:\/\/wordpress.ft.unicamp.br\/ceiot\/","name":"F\u00f3rum Sustentabilidade e Automa\u00e7\u00e3o: Desafios Tecnol\u00f3gicos da Constru\u00e7\u00e3o de Edif\u00edcios Inteligentes","description":"","potentialAction":[{"@type":"SearchAction","target":{"@type":"EntryPoint","urlTemplate":"https:\/\/wordpress.ft.unicamp.br\/ceiot\/?s={search_term_string}"},"query-input":{"@type":"PropertyValueSpecification","valueRequired":true,"valueName":"search_term_string"}}],"inLanguage":"pt-BR"}]}},"_links":{"self":[{"href":"https:\/\/wordpress.ft.unicamp.br\/ceiot\/wp-json\/wp\/v2\/pages\/17","targetHints":{"allow":["GET"]}}],"collection":[{"href":"https:\/\/wordpress.ft.unicamp.br\/ceiot\/wp-json\/wp\/v2\/pages"}],"about":[{"href":"https:\/\/wordpress.ft.unicamp.br\/ceiot\/wp-json\/wp\/v2\/types\/page"}],"author":[{"embeddable":true,"href":"https:\/\/wordpress.ft.unicamp.br\/ceiot\/wp-json\/wp\/v2\/users\/1"}],"replies":[{"embeddable":true,"href":"https:\/\/wordpress.ft.unicamp.br\/ceiot\/wp-json\/wp\/v2\/comments?post=17"}],"version-history":[{"count":5,"href":"https:\/\/wordpress.ft.unicamp.br\/ceiot\/wp-json\/wp\/v2\/pages\/17\/revisions"}],"predecessor-version":[{"id":151,"href":"https:\/\/wordpress.ft.unicamp.br\/ceiot\/wp-json\/wp\/v2\/pages\/17\/revisions\/151"}],"wp:attachment":[{"href":"https:\/\/wordpress.ft.unicamp.br\/ceiot\/wp-json\/wp\/v2\/media?parent=17"}],"curies":[{"name":"wp","href":"https:\/\/api.w.org\/{rel}","templated":true}]}}