{"id":2,"date":"2018-08-13T19:23:20","date_gmt":"2018-08-13T19:23:20","guid":{"rendered":"http:\/\/wordpress.ft.unicamp.br\/ceiot\/?page_id=2"},"modified":"2018-08-13T23:17:04","modified_gmt":"2018-08-13T23:17:04","slug":"sobre-o-tema","status":"publish","type":"page","link":"https:\/\/wordpress.ft.unicamp.br\/ceiot\/","title":{"rendered":"Sobre o tema"},"content":{"rendered":"<p>No ano de 2015 atrav\u00e9s da C\u00fapula da ONU foram definidos dezessete Objetivos comuns para o Desenvolvimento Sustent\u00e1vel (ODS), dentre os quais est\u00e3o em destaque quest\u00f5es como o desenvolvimento de infraestruturas resilientes, promover a industrializa\u00e7\u00e3o sustent\u00e1vel e fomentar a inova\u00e7\u00e3o. De acordo com essa \u00f3tica, o desenvolvimento de constru\u00e7\u00f5es e cidades sustent\u00e1veis e inteligentes s\u00e3o temas atuais de grande relev\u00e2ncia, n\u00e3o apenas do ponto de vista acad\u00eamico, mas tamb\u00e9m do ponto de vista de mercado e de pol\u00edticas p\u00fablicas.<\/p>\n<p>As metodologias para certifica\u00e7\u00e3o ambiental de edifica\u00e7\u00f5es evolu\u00edram rapidamente da d\u00e9cada de 90 aos dias atuais, tendo como foco o desenvolvimento de constru\u00e7\u00f5es sustent\u00e1veis, embasadas nos preceitos de sustentabilidade econ\u00f4mica, ambiental e social.<\/p>\n<p>Hoje o Brasil \u00e9 o 4\u00ba pa\u00eds em um ranking de 167 em rela\u00e7\u00e3o ao maior n\u00famero de edifica\u00e7\u00f5es que buscam a certifica\u00e7\u00e3o LEED. S\u00e3o mais de 1300 projetos registrados no Brasil e mais de 500 certificados. Recentemente, o GBC Brasil tamb\u00e9m lan\u00e7ou uma nova certifica\u00e7\u00e3o no mercado, o GBC ZERO ENERGY que reconhece edifica\u00e7\u00f5es autossuficientes em energia na opera\u00e7\u00e3o frente um alto plano de efici\u00eancia energ\u00e9tica, excelente opera\u00e7\u00e3o e gera\u00e7\u00e3o de energia renov\u00e1vel &#8220;on site&#8221; e &#8220;off site&#8221;. A iniciativa est\u00e1 alinhada com os compromissos dos GBCs durante o COP Paris.<\/p>\n<p>O surgimento do processo AQUA no Brasil se d\u00e1 em 2008, e a cria\u00e7\u00e3o da Rede Internacional de certifica\u00e7\u00e3o HQE em 2013 visando a unifica\u00e7\u00e3o de crit\u00e9rios e indicadores em n\u00edvel mundial, criando uma identidade de marca \u00fanica global. No Brasil a funda\u00e7\u00e3o Vanzolini j\u00e1 emitiu (entre 2009 a 2016) certifica\u00e7\u00f5es AQUA-HQE para 255 empreendimentos, 427edif\u00edcios (215 residenciais e 176 n\u00e3o residenciais), 88 casas, 8 bairros e 1 porto.<\/p>\n<p>O tema geral do F\u00f3rum e os temas escolhidos para as palestras tem a preocupa\u00e7\u00e3o de integrar conceitos e conhecimentos das grandes \u00e1reas de conhecimento dos cursos de gradua\u00e7\u00e3o e do programa de p\u00f3s-gradua\u00e7\u00e3o desenvolvidos na Faculdade de Tecnologia: Constru\u00e7\u00e3o de Edif\u00edcios, Ambiental, Telecomunica\u00e7\u00f5es e Inform\u00e1tica. O F\u00f3rum trar\u00e1 a possibilidade de divulgar conhecimentos tecnol\u00f3gicos de ponta e provocar o debate interdisciplinar entre os temas abordados atrav\u00e9s de olhares diversos e complementares de especialistas das diversas \u00e1reas envolvidas.<\/p>\n","protected":false},"excerpt":{"rendered":"<p>No ano de 2015 atrav\u00e9s da C\u00fapula da ONU foram definidos dezessete Objetivos comuns para o Desenvolvimento Sustent\u00e1vel (ODS), dentre os quais est\u00e3o em destaque quest\u00f5es como o desenvolvimento de infraestruturas resilientes, promover a industrializa\u00e7\u00e3o sustent\u00e1vel e fomentar a inova\u00e7\u00e3o. &hellip; <a href=\"https:\/\/wordpress.ft.unicamp.br\/ceiot\/\">Continue lendo <span class=\"meta-nav\">&rarr;<\/span><\/a><\/p>\n","protected":false},"author":14,"featured_media":0,"parent":0,"menu_order":0,"comment_status":"closed","ping_status":"open","template":"","meta":{"footnotes":""},"class_list":["post-2","page","type-page","status-publish","hentry"],"yoast_head":"<!-- This site is optimized with the Yoast SEO plugin v27.5 - https:\/\/yoast.com\/product\/yoast-seo-wordpress\/ -->\n<title>Sobre o tema - F\u00f3rum Sustentabilidade e Automa\u00e7\u00e3o: Desafios Tecnol\u00f3gicos da Constru\u00e7\u00e3o de Edif\u00edcios Inteligentes<\/title>\n<meta name=\"robots\" content=\"index, follow, max-snippet:-1, max-image-preview:large, max-video-preview:-1\" \/>\n<link rel=\"canonical\" href=\"https:\/\/wordpress.ft.unicamp.br\/ceiot\/\" \/>\n<meta property=\"og:locale\" content=\"pt_BR\" \/>\n<meta property=\"og:type\" content=\"article\" \/>\n<meta property=\"og:title\" content=\"Sobre o tema - F\u00f3rum Sustentabilidade e Automa\u00e7\u00e3o: Desafios Tecnol\u00f3gicos da Constru\u00e7\u00e3o de Edif\u00edcios Inteligentes\" \/>\n<meta property=\"og:description\" content=\"No ano de 2015 atrav\u00e9s da C\u00fapula da ONU foram definidos dezessete Objetivos comuns para o Desenvolvimento Sustent\u00e1vel (ODS), dentre os quais est\u00e3o em destaque quest\u00f5es como o desenvolvimento de infraestruturas resilientes, promover a industrializa\u00e7\u00e3o sustent\u00e1vel e fomentar a inova\u00e7\u00e3o. &hellip; Continue lendo &rarr;\" \/>\n<meta property=\"og:url\" content=\"https:\/\/wordpress.ft.unicamp.br\/ceiot\/\" \/>\n<meta property=\"og:site_name\" content=\"F\u00f3rum Sustentabilidade e Automa\u00e7\u00e3o: Desafios Tecnol\u00f3gicos da Constru\u00e7\u00e3o de Edif\u00edcios Inteligentes\" \/>\n<meta property=\"article:modified_time\" content=\"2018-08-13T23:17:04+00:00\" \/>\n<meta name=\"twitter:card\" content=\"summary_large_image\" \/>\n<meta name=\"twitter:label1\" content=\"Est. tempo de leitura\" \/>\n\t<meta name=\"twitter:data1\" content=\"2 minutos\" \/>\n<script type=\"application\/ld+json\" class=\"yoast-schema-graph\">{\"@context\":\"https:\\\/\\\/schema.org\",\"@graph\":[{\"@type\":\"WebPage\",\"@id\":\"https:\\\/\\\/wordpress.ft.unicamp.br\\\/ceiot\\\/\",\"url\":\"https:\\\/\\\/wordpress.ft.unicamp.br\\\/ceiot\\\/\",\"name\":\"Sobre o tema - F\u00f3rum Sustentabilidade e Automa\u00e7\u00e3o: Desafios Tecnol\u00f3gicos da Constru\u00e7\u00e3o de Edif\u00edcios Inteligentes\",\"isPartOf\":{\"@id\":\"https:\\\/\\\/wordpress.ft.unicamp.br\\\/ceiot\\\/#website\"},\"datePublished\":\"2018-08-13T19:23:20+00:00\",\"dateModified\":\"2018-08-13T23:17:04+00:00\",\"breadcrumb\":{\"@id\":\"https:\\\/\\\/wordpress.ft.unicamp.br\\\/ceiot\\\/#breadcrumb\"},\"inLanguage\":\"pt-BR\",\"potentialAction\":[{\"@type\":\"ReadAction\",\"target\":[\"https:\\\/\\\/wordpress.ft.unicamp.br\\\/ceiot\\\/\"]}]},{\"@type\":\"BreadcrumbList\",\"@id\":\"https:\\\/\\\/wordpress.ft.unicamp.br\\\/ceiot\\\/#breadcrumb\",\"itemListElement\":[{\"@type\":\"ListItem\",\"position\":1,\"name\":\"Home\",\"item\":\"https:\\\/\\\/wordpress.ft.unicamp.br\\\/ceiot\\\/\"},{\"@type\":\"ListItem\",\"position\":2,\"name\":\"Sobre o tema\"}]},{\"@type\":\"WebSite\",\"@id\":\"https:\\\/\\\/wordpress.ft.unicamp.br\\\/ceiot\\\/#website\",\"url\":\"https:\\\/\\\/wordpress.ft.unicamp.br\\\/ceiot\\\/\",\"name\":\"F\u00f3rum Sustentabilidade e Automa\u00e7\u00e3o: Desafios Tecnol\u00f3gicos da Constru\u00e7\u00e3o de Edif\u00edcios Inteligentes\",\"description\":\"\",\"potentialAction\":[{\"@type\":\"SearchAction\",\"target\":{\"@type\":\"EntryPoint\",\"urlTemplate\":\"https:\\\/\\\/wordpress.ft.unicamp.br\\\/ceiot\\\/?s={search_term_string}\"},\"query-input\":{\"@type\":\"PropertyValueSpecification\",\"valueRequired\":true,\"valueName\":\"search_term_string\"}}],\"inLanguage\":\"pt-BR\"}]}<\/script>\n<!-- \/ Yoast SEO plugin. -->","yoast_head_json":{"title":"Sobre o tema - F\u00f3rum Sustentabilidade e Automa\u00e7\u00e3o: Desafios Tecnol\u00f3gicos da Constru\u00e7\u00e3o de Edif\u00edcios Inteligentes","robots":{"index":"index","follow":"follow","max-snippet":"max-snippet:-1","max-image-preview":"max-image-preview:large","max-video-preview":"max-video-preview:-1"},"canonical":"https:\/\/wordpress.ft.unicamp.br\/ceiot\/","og_locale":"pt_BR","og_type":"article","og_title":"Sobre o tema - F\u00f3rum Sustentabilidade e Automa\u00e7\u00e3o: Desafios Tecnol\u00f3gicos da Constru\u00e7\u00e3o de Edif\u00edcios Inteligentes","og_description":"No ano de 2015 atrav\u00e9s da C\u00fapula da ONU foram definidos dezessete Objetivos comuns para o Desenvolvimento Sustent\u00e1vel (ODS), dentre os quais est\u00e3o em destaque quest\u00f5es como o desenvolvimento de infraestruturas resilientes, promover a industrializa\u00e7\u00e3o sustent\u00e1vel e fomentar a inova\u00e7\u00e3o. &hellip; Continue lendo &rarr;","og_url":"https:\/\/wordpress.ft.unicamp.br\/ceiot\/","og_site_name":"F\u00f3rum Sustentabilidade e Automa\u00e7\u00e3o: Desafios Tecnol\u00f3gicos da Constru\u00e7\u00e3o de Edif\u00edcios Inteligentes","article_modified_time":"2018-08-13T23:17:04+00:00","twitter_card":"summary_large_image","twitter_misc":{"Est. tempo de leitura":"2 minutos"},"schema":{"@context":"https:\/\/schema.org","@graph":[{"@type":"WebPage","@id":"https:\/\/wordpress.ft.unicamp.br\/ceiot\/","url":"https:\/\/wordpress.ft.unicamp.br\/ceiot\/","name":"Sobre o tema - F\u00f3rum Sustentabilidade e Automa\u00e7\u00e3o: Desafios Tecnol\u00f3gicos da Constru\u00e7\u00e3o de Edif\u00edcios Inteligentes","isPartOf":{"@id":"https:\/\/wordpress.ft.unicamp.br\/ceiot\/#website"},"datePublished":"2018-08-13T19:23:20+00:00","dateModified":"2018-08-13T23:17:04+00:00","breadcrumb":{"@id":"https:\/\/wordpress.ft.unicamp.br\/ceiot\/#breadcrumb"},"inLanguage":"pt-BR","potentialAction":[{"@type":"ReadAction","target":["https:\/\/wordpress.ft.unicamp.br\/ceiot\/"]}]},{"@type":"BreadcrumbList","@id":"https:\/\/wordpress.ft.unicamp.br\/ceiot\/#breadcrumb","itemListElement":[{"@type":"ListItem","position":1,"name":"Home","item":"https:\/\/wordpress.ft.unicamp.br\/ceiot\/"},{"@type":"ListItem","position":2,"name":"Sobre o tema"}]},{"@type":"WebSite","@id":"https:\/\/wordpress.ft.unicamp.br\/ceiot\/#website","url":"https:\/\/wordpress.ft.unicamp.br\/ceiot\/","name":"F\u00f3rum Sustentabilidade e Automa\u00e7\u00e3o: Desafios Tecnol\u00f3gicos da Constru\u00e7\u00e3o de Edif\u00edcios Inteligentes","description":"","potentialAction":[{"@type":"SearchAction","target":{"@type":"EntryPoint","urlTemplate":"https:\/\/wordpress.ft.unicamp.br\/ceiot\/?s={search_term_string}"},"query-input":{"@type":"PropertyValueSpecification","valueRequired":true,"valueName":"search_term_string"}}],"inLanguage":"pt-BR"}]}},"_links":{"self":[{"href":"https:\/\/wordpress.ft.unicamp.br\/ceiot\/wp-json\/wp\/v2\/pages\/2","targetHints":{"allow":["GET"]}}],"collection":[{"href":"https:\/\/wordpress.ft.unicamp.br\/ceiot\/wp-json\/wp\/v2\/pages"}],"about":[{"href":"https:\/\/wordpress.ft.unicamp.br\/ceiot\/wp-json\/wp\/v2\/types\/page"}],"author":[{"embeddable":true,"href":"https:\/\/wordpress.ft.unicamp.br\/ceiot\/wp-json\/wp\/v2\/users\/14"}],"replies":[{"embeddable":true,"href":"https:\/\/wordpress.ft.unicamp.br\/ceiot\/wp-json\/wp\/v2\/comments?post=2"}],"version-history":[{"count":1,"href":"https:\/\/wordpress.ft.unicamp.br\/ceiot\/wp-json\/wp\/v2\/pages\/2\/revisions"}],"predecessor-version":[{"id":8,"href":"https:\/\/wordpress.ft.unicamp.br\/ceiot\/wp-json\/wp\/v2\/pages\/2\/revisions\/8"}],"wp:attachment":[{"href":"https:\/\/wordpress.ft.unicamp.br\/ceiot\/wp-json\/wp\/v2\/media?parent=2"}],"curies":[{"name":"wp","href":"https:\/\/api.w.org\/{rel}","templated":true}]}}