{"id":33,"date":"2018-08-13T23:31:15","date_gmt":"2018-08-13T23:31:15","guid":{"rendered":"http:\/\/wordpress.ft.unicamp.br\/ceiot\/?page_id=33"},"modified":"2018-08-21T20:13:59","modified_gmt":"2018-08-21T20:13:59","slug":"inscricao","status":"publish","type":"page","link":"https:\/\/wordpress.ft.unicamp.br\/ceiot\/inscricao\/","title":{"rendered":"Inscri\u00e7\u00e3o"},"content":{"rendered":"<p><a href=\"https:\/\/sistemas2.ft.unicamp.br\/ceiot\/inscricao.php\" target=\"_blank\" rel=\"noopener\">Clique aqui para fazer a sua inscri\u00e7\u00e3o<\/a><\/p>\n","protected":false},"excerpt":{"rendered":"<p>Clique aqui para fazer a sua inscri\u00e7\u00e3o<\/p>\n","protected":false},"author":1,"featured_media":0,"parent":0,"menu_order":0,"comment_status":"closed","ping_status":"closed","template":"","meta":{"footnotes":""},"class_list":["post-33","page","type-page","status-publish","hentry"],"yoast_head":"<!-- This site is optimized with the Yoast SEO plugin v27.5 - https:\/\/yoast.com\/product\/yoast-seo-wordpress\/ -->\n<title>Inscri\u00e7\u00e3o - F\u00f3rum Sustentabilidade e Automa\u00e7\u00e3o: Desafios Tecnol\u00f3gicos da Constru\u00e7\u00e3o de Edif\u00edcios Inteligentes<\/title>\n<meta name=\"robots\" content=\"index, follow, max-snippet:-1, max-image-preview:large, max-video-preview:-1\" \/>\n<link rel=\"canonical\" href=\"https:\/\/wordpress.ft.unicamp.br\/ceiot\/inscricao\/\" \/>\n<meta property=\"og:locale\" content=\"pt_BR\" \/>\n<meta property=\"og:type\" content=\"article\" \/>\n<meta property=\"og:title\" content=\"Inscri\u00e7\u00e3o - F\u00f3rum Sustentabilidade e Automa\u00e7\u00e3o: Desafios Tecnol\u00f3gicos da Constru\u00e7\u00e3o de Edif\u00edcios Inteligentes\" \/>\n<meta property=\"og:description\" content=\"Clique aqui para fazer a sua inscri\u00e7\u00e3o\" \/>\n<meta property=\"og:url\" content=\"https:\/\/wordpress.ft.unicamp.br\/ceiot\/inscricao\/\" \/>\n<meta property=\"og:site_name\" content=\"F\u00f3rum Sustentabilidade e Automa\u00e7\u00e3o: Desafios Tecnol\u00f3gicos da Constru\u00e7\u00e3o de Edif\u00edcios Inteligentes\" \/>\n<meta property=\"article:modified_time\" content=\"2018-08-21T20:13:59+00:00\" \/>\n<meta name=\"twitter:card\" content=\"summary_large_image\" \/>\n<script type=\"application\/ld+json\" class=\"yoast-schema-graph\">{\"@context\":\"https:\\\/\\\/schema.org\",\"@graph\":[{\"@type\":\"WebPage\",\"@id\":\"https:\\\/\\\/wordpress.ft.unicamp.br\\\/ceiot\\\/inscricao\\\/\",\"url\":\"https:\\\/\\\/wordpress.ft.unicamp.br\\\/ceiot\\\/inscricao\\\/\",\"name\":\"Inscri\u00e7\u00e3o - F\u00f3rum Sustentabilidade e Automa\u00e7\u00e3o: Desafios Tecnol\u00f3gicos da Constru\u00e7\u00e3o de Edif\u00edcios Inteligentes\",\"isPartOf\":{\"@id\":\"https:\\\/\\\/wordpress.ft.unicamp.br\\\/ceiot\\\/#website\"},\"datePublished\":\"2018-08-13T23:31:15+00:00\",\"dateModified\":\"2018-08-21T20:13:59+00:00\",\"breadcrumb\":{\"@id\":\"https:\\\/\\\/wordpress.ft.unicamp.br\\\/ceiot\\\/inscricao\\\/#breadcrumb\"},\"inLanguage\":\"pt-BR\",\"potentialAction\":[{\"@type\":\"ReadAction\",\"target\":[\"https:\\\/\\\/wordpress.ft.unicamp.br\\\/ceiot\\\/inscricao\\\/\"]}]},{\"@type\":\"BreadcrumbList\",\"@id\":\"https:\\\/\\\/wordpress.ft.unicamp.br\\\/ceiot\\\/inscricao\\\/#breadcrumb\",\"itemListElement\":[{\"@type\":\"ListItem\",\"position\":1,\"name\":\"Home\",\"item\":\"https:\\\/\\\/wordpress.ft.unicamp.br\\\/ceiot\\\/\"},{\"@type\":\"ListItem\",\"position\":2,\"name\":\"Inscri\u00e7\u00e3o\"}]},{\"@type\":\"WebSite\",\"@id\":\"https:\\\/\\\/wordpress.ft.unicamp.br\\\/ceiot\\\/#website\",\"url\":\"https:\\\/\\\/wordpress.ft.unicamp.br\\\/ceiot\\\/\",\"name\":\"F\u00f3rum Sustentabilidade e Automa\u00e7\u00e3o: Desafios Tecnol\u00f3gicos da Constru\u00e7\u00e3o de Edif\u00edcios Inteligentes\",\"description\":\"\",\"potentialAction\":[{\"@type\":\"SearchAction\",\"target\":{\"@type\":\"EntryPoint\",\"urlTemplate\":\"https:\\\/\\\/wordpress.ft.unicamp.br\\\/ceiot\\\/?s={search_term_string}\"},\"query-input\":{\"@type\":\"PropertyValueSpecification\",\"valueRequired\":true,\"valueName\":\"search_term_string\"}}],\"inLanguage\":\"pt-BR\"}]}<\/script>\n<!-- \/ Yoast SEO plugin. -->","yoast_head_json":{"title":"Inscri\u00e7\u00e3o - F\u00f3rum Sustentabilidade e Automa\u00e7\u00e3o: Desafios Tecnol\u00f3gicos da Constru\u00e7\u00e3o de Edif\u00edcios Inteligentes","robots":{"index":"index","follow":"follow","max-snippet":"max-snippet:-1","max-image-preview":"max-image-preview:large","max-video-preview":"max-video-preview:-1"},"canonical":"https:\/\/wordpress.ft.unicamp.br\/ceiot\/inscricao\/","og_locale":"pt_BR","og_type":"article","og_title":"Inscri\u00e7\u00e3o - F\u00f3rum Sustentabilidade e Automa\u00e7\u00e3o: Desafios Tecnol\u00f3gicos da Constru\u00e7\u00e3o de Edif\u00edcios Inteligentes","og_description":"Clique aqui para fazer a sua inscri\u00e7\u00e3o","og_url":"https:\/\/wordpress.ft.unicamp.br\/ceiot\/inscricao\/","og_site_name":"F\u00f3rum Sustentabilidade e Automa\u00e7\u00e3o: Desafios Tecnol\u00f3gicos da Constru\u00e7\u00e3o de Edif\u00edcios Inteligentes","article_modified_time":"2018-08-21T20:13:59+00:00","twitter_card":"summary_large_image","schema":{"@context":"https:\/\/schema.org","@graph":[{"@type":"WebPage","@id":"https:\/\/wordpress.ft.unicamp.br\/ceiot\/inscricao\/","url":"https:\/\/wordpress.ft.unicamp.br\/ceiot\/inscricao\/","name":"Inscri\u00e7\u00e3o - F\u00f3rum Sustentabilidade e Automa\u00e7\u00e3o: Desafios Tecnol\u00f3gicos da Constru\u00e7\u00e3o de Edif\u00edcios Inteligentes","isPartOf":{"@id":"https:\/\/wordpress.ft.unicamp.br\/ceiot\/#website"},"datePublished":"2018-08-13T23:31:15+00:00","dateModified":"2018-08-21T20:13:59+00:00","breadcrumb":{"@id":"https:\/\/wordpress.ft.unicamp.br\/ceiot\/inscricao\/#breadcrumb"},"inLanguage":"pt-BR","potentialAction":[{"@type":"ReadAction","target":["https:\/\/wordpress.ft.unicamp.br\/ceiot\/inscricao\/"]}]},{"@type":"BreadcrumbList","@id":"https:\/\/wordpress.ft.unicamp.br\/ceiot\/inscricao\/#breadcrumb","itemListElement":[{"@type":"ListItem","position":1,"name":"Home","item":"https:\/\/wordpress.ft.unicamp.br\/ceiot\/"},{"@type":"ListItem","position":2,"name":"Inscri\u00e7\u00e3o"}]},{"@type":"WebSite","@id":"https:\/\/wordpress.ft.unicamp.br\/ceiot\/#website","url":"https:\/\/wordpress.ft.unicamp.br\/ceiot\/","name":"F\u00f3rum Sustentabilidade e Automa\u00e7\u00e3o: Desafios Tecnol\u00f3gicos da Constru\u00e7\u00e3o de Edif\u00edcios Inteligentes","description":"","potentialAction":[{"@type":"SearchAction","target":{"@type":"EntryPoint","urlTemplate":"https:\/\/wordpress.ft.unicamp.br\/ceiot\/?s={search_term_string}"},"query-input":{"@type":"PropertyValueSpecification","valueRequired":true,"valueName":"search_term_string"}}],"inLanguage":"pt-BR"}]}},"_links":{"self":[{"href":"https:\/\/wordpress.ft.unicamp.br\/ceiot\/wp-json\/wp\/v2\/pages\/33","targetHints":{"allow":["GET"]}}],"collection":[{"href":"https:\/\/wordpress.ft.unicamp.br\/ceiot\/wp-json\/wp\/v2\/pages"}],"about":[{"href":"https:\/\/wordpress.ft.unicamp.br\/ceiot\/wp-json\/wp\/v2\/types\/page"}],"author":[{"embeddable":true,"href":"https:\/\/wordpress.ft.unicamp.br\/ceiot\/wp-json\/wp\/v2\/users\/1"}],"replies":[{"embeddable":true,"href":"https:\/\/wordpress.ft.unicamp.br\/ceiot\/wp-json\/wp\/v2\/comments?post=33"}],"version-history":[{"count":2,"href":"https:\/\/wordpress.ft.unicamp.br\/ceiot\/wp-json\/wp\/v2\/pages\/33\/revisions"}],"predecessor-version":[{"id":86,"href":"https:\/\/wordpress.ft.unicamp.br\/ceiot\/wp-json\/wp\/v2\/pages\/33\/revisions\/86"}],"wp:attachment":[{"href":"https:\/\/wordpress.ft.unicamp.br\/ceiot\/wp-json\/wp\/v2\/media?parent=33"}],"curies":[{"name":"wp","href":"https:\/\/api.w.org\/{rel}","templated":true}]}}