{"id":9,"date":"2018-08-13T20:57:26","date_gmt":"2018-08-13T20:57:26","guid":{"rendered":"http:\/\/wordpress.ft.unicamp.br\/ceiot\/?page_id=9"},"modified":"2018-09-17T18:17:27","modified_gmt":"2018-09-17T18:17:27","slug":"programacao","status":"publish","type":"page","link":"https:\/\/wordpress.ft.unicamp.br\/ceiot\/programacao\/","title":{"rendered":"Programa\u00e7\u00e3o"},"content":{"rendered":"<p><strong>Manh\u00e3<\/strong><\/p>\n<p>08:00 \u2013 Credenciamento.<\/p>\n<p>08:30 \u2013 Abertura Oficial do Evento: Organizadores e Integrantes da Mesa<\/p>\n<p>09:00 \u2013 Palestra: Processos de Certifica\u00e7\u00e3o de Alta Qualidade Ambiental AQUA-HQE: do projeto \u00e0 execu\u00e7\u00e3o e gest\u00e3o de obras. Palestrante: Maria Luiza Salom\u00e9 (Auditora da Funda\u00e7\u00e3o Vanzolini) e Manuel Carlos Reis Martins (Coordenador Executivo da Funda\u00e7\u00e3o Vanzolini).<\/p>\n<p>10:00 \u2013 \u00a0Coffee Break<\/p>\n<p>10:20 \u2013 Palestra: Desafios dos Edif\u00edcios Verdes: Processo de Certifica\u00e7\u00e3o LEED (Leadership in Energy and Environmental Design). Palestrante: Felipe Faria (CEO da Green Building Council Brasil).<\/p>\n<p>11:20 \u2013 Mesa de Debate: Desafios e Oportunidades das Constru\u00e7\u00f5es Sustent\u00e1veis. Debatedores: Maria Luiza Salom\u00e9, Felipe Faria, Prof. Dr. Felippe Benavente Canteras, Prof. Dr. Vitor Eduardo Molina J\u00fanior e Prof. Dr. Rafael Costa Freiria.<\/p>\n<p>12:00 \u2013 14:00 &#8211; Almo\u00e7o<\/p>\n<p><strong>Tarde<\/strong><\/p>\n<p>14:00 \u2013 Palestra: A sustentabilidade da intelig\u00eancia. Palestrante: Alexandre Bueno (CEO da Fibo) e Franco Ferraz (CEO da ARQTUS).<\/p>\n<p>15:00 \u2013 Palestra: Conectividade de sensores em edif\u00edcios inteligentes. Palestrante: Alexandre Junqueira (CEO da KONKER).<\/p>\n<p>16:00 \u2013 Coffe Break<\/p>\n<p>16:20 \u2013 Mesa de Debate: Automa\u00e7\u00e3o e inova\u00e7\u00f5es tecnol\u00f3gicas em Edif\u00edcios Inteligentes: Tend\u00eancias de mercado e op\u00e7\u00f5es de atua\u00e7\u00e3o. Debatedores: Alexandre Bueno, Alexandre Junqueira, Franco Ferraz e Prof<sup>a<\/sup>. Dr<sup>a<\/sup>. Tal\u00eda Sim\u00f5es dos Santos.<\/p>\n<p>19:00 \u2013 Apresenta\u00e7\u00e3o Cultural do Coro da Osli e abertura da IX da Semana Tecnologia em Foco.<\/p>\n","protected":false},"excerpt":{"rendered":"<p>Manh\u00e3 08:00 \u2013 Credenciamento. 08:30 \u2013 Abertura Oficial do Evento: Organizadores e Integrantes da Mesa 09:00 \u2013 Palestra: Processos de Certifica\u00e7\u00e3o de Alta Qualidade Ambiental AQUA-HQE: do projeto \u00e0 execu\u00e7\u00e3o e gest\u00e3o de obras. Palestrante: Maria Luiza Salom\u00e9 (Auditora da &hellip; <a href=\"https:\/\/wordpress.ft.unicamp.br\/ceiot\/programacao\/\">Continue lendo <span class=\"meta-nav\">&rarr;<\/span><\/a><\/p>\n","protected":false},"author":1,"featured_media":0,"parent":0,"menu_order":0,"comment_status":"closed","ping_status":"closed","template":"","meta":{"footnotes":""},"class_list":["post-9","page","type-page","status-publish","hentry"],"yoast_head":"<!-- This site is optimized with the Yoast SEO plugin v27.5 - https:\/\/yoast.com\/product\/yoast-seo-wordpress\/ -->\n<title>Programa\u00e7\u00e3o - F\u00f3rum Sustentabilidade e Automa\u00e7\u00e3o: Desafios Tecnol\u00f3gicos da Constru\u00e7\u00e3o de Edif\u00edcios Inteligentes<\/title>\n<meta name=\"robots\" content=\"index, follow, max-snippet:-1, max-image-preview:large, max-video-preview:-1\" \/>\n<link rel=\"canonical\" href=\"https:\/\/wordpress.ft.unicamp.br\/ceiot\/programacao\/\" \/>\n<meta property=\"og:locale\" content=\"pt_BR\" \/>\n<meta property=\"og:type\" content=\"article\" \/>\n<meta property=\"og:title\" content=\"Programa\u00e7\u00e3o - F\u00f3rum Sustentabilidade e Automa\u00e7\u00e3o: Desafios Tecnol\u00f3gicos da Constru\u00e7\u00e3o de Edif\u00edcios Inteligentes\" \/>\n<meta property=\"og:description\" content=\"Manh\u00e3 08:00 \u2013 Credenciamento. 08:30 \u2013 Abertura Oficial do Evento: Organizadores e Integrantes da Mesa 09:00 \u2013 Palestra: Processos de Certifica\u00e7\u00e3o de Alta Qualidade Ambiental AQUA-HQE: do projeto \u00e0 execu\u00e7\u00e3o e gest\u00e3o de obras. Palestrante: Maria Luiza Salom\u00e9 (Auditora da &hellip; Continue lendo &rarr;\" \/>\n<meta property=\"og:url\" content=\"https:\/\/wordpress.ft.unicamp.br\/ceiot\/programacao\/\" \/>\n<meta property=\"og:site_name\" content=\"F\u00f3rum Sustentabilidade e Automa\u00e7\u00e3o: Desafios Tecnol\u00f3gicos da Constru\u00e7\u00e3o de Edif\u00edcios Inteligentes\" \/>\n<meta property=\"article:modified_time\" content=\"2018-09-17T18:17:27+00:00\" \/>\n<meta name=\"twitter:card\" content=\"summary_large_image\" \/>\n<meta name=\"twitter:label1\" content=\"Est. tempo de leitura\" \/>\n\t<meta name=\"twitter:data1\" content=\"1 minuto\" \/>\n<script type=\"application\/ld+json\" class=\"yoast-schema-graph\">{\"@context\":\"https:\\\/\\\/schema.org\",\"@graph\":[{\"@type\":\"WebPage\",\"@id\":\"https:\\\/\\\/wordpress.ft.unicamp.br\\\/ceiot\\\/programacao\\\/\",\"url\":\"https:\\\/\\\/wordpress.ft.unicamp.br\\\/ceiot\\\/programacao\\\/\",\"name\":\"Programa\u00e7\u00e3o - F\u00f3rum Sustentabilidade e Automa\u00e7\u00e3o: Desafios Tecnol\u00f3gicos da Constru\u00e7\u00e3o de Edif\u00edcios Inteligentes\",\"isPartOf\":{\"@id\":\"https:\\\/\\\/wordpress.ft.unicamp.br\\\/ceiot\\\/#website\"},\"datePublished\":\"2018-08-13T20:57:26+00:00\",\"dateModified\":\"2018-09-17T18:17:27+00:00\",\"breadcrumb\":{\"@id\":\"https:\\\/\\\/wordpress.ft.unicamp.br\\\/ceiot\\\/programacao\\\/#breadcrumb\"},\"inLanguage\":\"pt-BR\",\"potentialAction\":[{\"@type\":\"ReadAction\",\"target\":[\"https:\\\/\\\/wordpress.ft.unicamp.br\\\/ceiot\\\/programacao\\\/\"]}]},{\"@type\":\"BreadcrumbList\",\"@id\":\"https:\\\/\\\/wordpress.ft.unicamp.br\\\/ceiot\\\/programacao\\\/#breadcrumb\",\"itemListElement\":[{\"@type\":\"ListItem\",\"position\":1,\"name\":\"Home\",\"item\":\"https:\\\/\\\/wordpress.ft.unicamp.br\\\/ceiot\\\/\"},{\"@type\":\"ListItem\",\"position\":2,\"name\":\"Programa\u00e7\u00e3o\"}]},{\"@type\":\"WebSite\",\"@id\":\"https:\\\/\\\/wordpress.ft.unicamp.br\\\/ceiot\\\/#website\",\"url\":\"https:\\\/\\\/wordpress.ft.unicamp.br\\\/ceiot\\\/\",\"name\":\"F\u00f3rum Sustentabilidade e Automa\u00e7\u00e3o: Desafios Tecnol\u00f3gicos da Constru\u00e7\u00e3o de Edif\u00edcios Inteligentes\",\"description\":\"\",\"potentialAction\":[{\"@type\":\"SearchAction\",\"target\":{\"@type\":\"EntryPoint\",\"urlTemplate\":\"https:\\\/\\\/wordpress.ft.unicamp.br\\\/ceiot\\\/?s={search_term_string}\"},\"query-input\":{\"@type\":\"PropertyValueSpecification\",\"valueRequired\":true,\"valueName\":\"search_term_string\"}}],\"inLanguage\":\"pt-BR\"}]}<\/script>\n<!-- \/ Yoast SEO plugin. -->","yoast_head_json":{"title":"Programa\u00e7\u00e3o - F\u00f3rum Sustentabilidade e Automa\u00e7\u00e3o: Desafios Tecnol\u00f3gicos da Constru\u00e7\u00e3o de Edif\u00edcios Inteligentes","robots":{"index":"index","follow":"follow","max-snippet":"max-snippet:-1","max-image-preview":"max-image-preview:large","max-video-preview":"max-video-preview:-1"},"canonical":"https:\/\/wordpress.ft.unicamp.br\/ceiot\/programacao\/","og_locale":"pt_BR","og_type":"article","og_title":"Programa\u00e7\u00e3o - F\u00f3rum Sustentabilidade e Automa\u00e7\u00e3o: Desafios Tecnol\u00f3gicos da Constru\u00e7\u00e3o de Edif\u00edcios Inteligentes","og_description":"Manh\u00e3 08:00 \u2013 Credenciamento. 08:30 \u2013 Abertura Oficial do Evento: Organizadores e Integrantes da Mesa 09:00 \u2013 Palestra: Processos de Certifica\u00e7\u00e3o de Alta Qualidade Ambiental AQUA-HQE: do projeto \u00e0 execu\u00e7\u00e3o e gest\u00e3o de obras. Palestrante: Maria Luiza Salom\u00e9 (Auditora da &hellip; Continue lendo &rarr;","og_url":"https:\/\/wordpress.ft.unicamp.br\/ceiot\/programacao\/","og_site_name":"F\u00f3rum Sustentabilidade e Automa\u00e7\u00e3o: Desafios Tecnol\u00f3gicos da Constru\u00e7\u00e3o de Edif\u00edcios Inteligentes","article_modified_time":"2018-09-17T18:17:27+00:00","twitter_card":"summary_large_image","twitter_misc":{"Est. tempo de leitura":"1 minuto"},"schema":{"@context":"https:\/\/schema.org","@graph":[{"@type":"WebPage","@id":"https:\/\/wordpress.ft.unicamp.br\/ceiot\/programacao\/","url":"https:\/\/wordpress.ft.unicamp.br\/ceiot\/programacao\/","name":"Programa\u00e7\u00e3o - F\u00f3rum Sustentabilidade e Automa\u00e7\u00e3o: Desafios Tecnol\u00f3gicos da Constru\u00e7\u00e3o de Edif\u00edcios Inteligentes","isPartOf":{"@id":"https:\/\/wordpress.ft.unicamp.br\/ceiot\/#website"},"datePublished":"2018-08-13T20:57:26+00:00","dateModified":"2018-09-17T18:17:27+00:00","breadcrumb":{"@id":"https:\/\/wordpress.ft.unicamp.br\/ceiot\/programacao\/#breadcrumb"},"inLanguage":"pt-BR","potentialAction":[{"@type":"ReadAction","target":["https:\/\/wordpress.ft.unicamp.br\/ceiot\/programacao\/"]}]},{"@type":"BreadcrumbList","@id":"https:\/\/wordpress.ft.unicamp.br\/ceiot\/programacao\/#breadcrumb","itemListElement":[{"@type":"ListItem","position":1,"name":"Home","item":"https:\/\/wordpress.ft.unicamp.br\/ceiot\/"},{"@type":"ListItem","position":2,"name":"Programa\u00e7\u00e3o"}]},{"@type":"WebSite","@id":"https:\/\/wordpress.ft.unicamp.br\/ceiot\/#website","url":"https:\/\/wordpress.ft.unicamp.br\/ceiot\/","name":"F\u00f3rum Sustentabilidade e Automa\u00e7\u00e3o: Desafios Tecnol\u00f3gicos da Constru\u00e7\u00e3o de Edif\u00edcios Inteligentes","description":"","potentialAction":[{"@type":"SearchAction","target":{"@type":"EntryPoint","urlTemplate":"https:\/\/wordpress.ft.unicamp.br\/ceiot\/?s={search_term_string}"},"query-input":{"@type":"PropertyValueSpecification","valueRequired":true,"valueName":"search_term_string"}}],"inLanguage":"pt-BR"}]}},"_links":{"self":[{"href":"https:\/\/wordpress.ft.unicamp.br\/ceiot\/wp-json\/wp\/v2\/pages\/9","targetHints":{"allow":["GET"]}}],"collection":[{"href":"https:\/\/wordpress.ft.unicamp.br\/ceiot\/wp-json\/wp\/v2\/pages"}],"about":[{"href":"https:\/\/wordpress.ft.unicamp.br\/ceiot\/wp-json\/wp\/v2\/types\/page"}],"author":[{"embeddable":true,"href":"https:\/\/wordpress.ft.unicamp.br\/ceiot\/wp-json\/wp\/v2\/users\/1"}],"replies":[{"embeddable":true,"href":"https:\/\/wordpress.ft.unicamp.br\/ceiot\/wp-json\/wp\/v2\/comments?post=9"}],"version-history":[{"count":7,"href":"https:\/\/wordpress.ft.unicamp.br\/ceiot\/wp-json\/wp\/v2\/pages\/9\/revisions"}],"predecessor-version":[{"id":152,"href":"https:\/\/wordpress.ft.unicamp.br\/ceiot\/wp-json\/wp\/v2\/pages\/9\/revisions\/152"}],"wp:attachment":[{"href":"https:\/\/wordpress.ft.unicamp.br\/ceiot\/wp-json\/wp\/v2\/media?parent=9"}],"curies":[{"name":"wp","href":"https:\/\/api.w.org\/{rel}","templated":true}]}}