{"id":6,"date":"2020-05-06T14:59:17","date_gmt":"2020-05-06T14:59:17","guid":{"rendered":"http:\/\/wordpress.ft.unicamp.br\/celmar\/?page_id=6"},"modified":"2021-02-22T02:59:36","modified_gmt":"2021-02-22T02:59:36","slug":"disciplinas","status":"publish","type":"page","link":"https:\/\/wordpress.ft.unicamp.br\/celmar\/disciplinas\/","title":{"rendered":"Courses (Disciplinas)"},"content":{"rendered":"\n<p>(In Portuguese only)<\/p>\n\n\n\n<ul class=\"wp-block-list\"><li><strong>Gradua\u00e7\u00e3o:<\/strong> <ul><li>SI803 &#8211; Visualiza\u00e7\u00e3o de Informa\u00e7\u00e3o<\/li><li>SI200 &#8211; Algoritmos e Programa\u00e7\u00e3o de Computadores II<\/li><li>ST562 &#8211; Estrutura de Arquivos<\/li><li>TT106 &#8211; Organiza\u00e7\u00e3o e Arquitetura de Computadores<\/li><li>SI404 &#8211; Introdu\u00e7\u00e3o a Interfaces Humano-Computador<\/li><\/ul><\/li><li><strong>P\u00f3s-Gradua\u00e7\u00e3o:<\/strong><ul><li>FT045 &#8211; T\u00f3picos em Tecnologia para Informa\u00e7\u00e3o II &#8211; Visualiza\u00e7\u00e3o de Informa\u00e7\u00e3o<\/li><\/ul><\/li><li><strong>Especializa\u00e7\u00e3o:<\/strong><ul><li>CET612 &#8211; Visualiza\u00e7\u00e3o de Informa\u00e7\u00f5es &#8211; Curso de Especializa\u00e7\u00e3o em Bancos de Dados (FT\/Unicamp)<\/li><li>INF0614 &#8211; Visualizando Dados (Visualiza\u00e7\u00e3o de Informa\u00e7\u00e3o) &#8211; Curso de Minera\u00e7\u00e3o de Dados Complexos (IC\/Unicamp)<\/li><\/ul><\/li><\/ul>\n","protected":false},"excerpt":{"rendered":"<p>(In Portuguese only) Gradua\u00e7\u00e3o: SI803 &#8211; Visualiza\u00e7\u00e3o de Informa\u00e7\u00e3o SI200 &#8211; Algoritmos e Programa\u00e7\u00e3o de Computadores II ST562 &#8211; Estrutura de Arquivos TT106 &#8211; Organiza\u00e7\u00e3o e Arquitetura de Computadores SI404 &#8211; Introdu\u00e7\u00e3o a Interfaces Humano-Computador P\u00f3s-Gradua\u00e7\u00e3o: FT045 &#8211; T\u00f3picos em Tecnologia para Informa\u00e7\u00e3o II &#8211; Visualiza\u00e7\u00e3o de Informa\u00e7\u00e3o Especializa\u00e7\u00e3o: CET612 &#8211; Visualiza\u00e7\u00e3o de Informa\u00e7\u00f5es &#8211; &hellip; <\/p>\n<p class=\"link-more\"><a href=\"https:\/\/wordpress.ft.unicamp.br\/celmar\/disciplinas\/\" class=\"more-link\">Continue lendo<span class=\"screen-reader-text\"> &#8220;Courses (Disciplinas)&#8221;<\/span><\/a><\/p>\n","protected":false},"author":1,"featured_media":0,"parent":0,"menu_order":0,"comment_status":"closed","ping_status":"closed","template":"","meta":{"footnotes":""},"class_list":["post-6","page","type-page","status-publish","hentry"],"yoast_head":"<!-- This site is optimized with the Yoast SEO plugin v27.5 - https:\/\/yoast.com\/product\/yoast-seo-wordpress\/ -->\n<title>Courses (Disciplinas) - Prof. Dr. Celmar Guimar\u00e3es da Silva<\/title>\n<meta name=\"robots\" content=\"index, follow, max-snippet:-1, max-image-preview:large, max-video-preview:-1\" \/>\n<link rel=\"canonical\" href=\"https:\/\/wordpress.ft.unicamp.br\/celmar\/disciplinas\/\" \/>\n<meta property=\"og:locale\" content=\"pt_BR\" \/>\n<meta property=\"og:type\" content=\"article\" \/>\n<meta property=\"og:title\" content=\"Courses (Disciplinas) - Prof. Dr. Celmar Guimar\u00e3es da Silva\" \/>\n<meta property=\"og:description\" content=\"(In Portuguese only) Gradua\u00e7\u00e3o: SI803 &#8211; Visualiza\u00e7\u00e3o de Informa\u00e7\u00e3o SI200 &#8211; Algoritmos e Programa\u00e7\u00e3o de Computadores II ST562 &#8211; Estrutura de Arquivos TT106 &#8211; Organiza\u00e7\u00e3o e Arquitetura de Computadores SI404 &#8211; Introdu\u00e7\u00e3o a Interfaces Humano-Computador P\u00f3s-Gradua\u00e7\u00e3o: FT045 &#8211; T\u00f3picos em Tecnologia para Informa\u00e7\u00e3o II &#8211; Visualiza\u00e7\u00e3o de Informa\u00e7\u00e3o Especializa\u00e7\u00e3o: CET612 &#8211; Visualiza\u00e7\u00e3o de Informa\u00e7\u00f5es &#8211; &hellip; Continue lendo &quot;Courses (Disciplinas)&quot;\" \/>\n<meta property=\"og:url\" content=\"https:\/\/wordpress.ft.unicamp.br\/celmar\/disciplinas\/\" \/>\n<meta property=\"og:site_name\" content=\"Prof. Dr. Celmar Guimar\u00e3es da Silva\" \/>\n<meta property=\"article:modified_time\" content=\"2021-02-22T02:59:36+00:00\" \/>\n<meta name=\"twitter:card\" content=\"summary_large_image\" \/>\n<meta name=\"twitter:label1\" content=\"Est. tempo de leitura\" \/>\n\t<meta name=\"twitter:data1\" content=\"1 minuto\" \/>\n<script type=\"application\/ld+json\" class=\"yoast-schema-graph\">{\"@context\":\"https:\\\/\\\/schema.org\",\"@graph\":[{\"@type\":\"WebPage\",\"@id\":\"https:\\\/\\\/wordpress.ft.unicamp.br\\\/celmar\\\/disciplinas\\\/\",\"url\":\"https:\\\/\\\/wordpress.ft.unicamp.br\\\/celmar\\\/disciplinas\\\/\",\"name\":\"Courses (Disciplinas) - Prof. Dr. Celmar Guimar\u00e3es da Silva\",\"isPartOf\":{\"@id\":\"https:\\\/\\\/wordpress.ft.unicamp.br\\\/celmar\\\/#website\"},\"datePublished\":\"2020-05-06T14:59:17+00:00\",\"dateModified\":\"2021-02-22T02:59:36+00:00\",\"breadcrumb\":{\"@id\":\"https:\\\/\\\/wordpress.ft.unicamp.br\\\/celmar\\\/disciplinas\\\/#breadcrumb\"},\"inLanguage\":\"pt-BR\",\"potentialAction\":[{\"@type\":\"ReadAction\",\"target\":[\"https:\\\/\\\/wordpress.ft.unicamp.br\\\/celmar\\\/disciplinas\\\/\"]}]},{\"@type\":\"BreadcrumbList\",\"@id\":\"https:\\\/\\\/wordpress.ft.unicamp.br\\\/celmar\\\/disciplinas\\\/#breadcrumb\",\"itemListElement\":[{\"@type\":\"ListItem\",\"position\":1,\"name\":\"Home\",\"item\":\"https:\\\/\\\/wordpress.ft.unicamp.br\\\/celmar\\\/\"},{\"@type\":\"ListItem\",\"position\":2,\"name\":\"Courses (Disciplinas)\"}]},{\"@type\":\"WebSite\",\"@id\":\"https:\\\/\\\/wordpress.ft.unicamp.br\\\/celmar\\\/#website\",\"url\":\"https:\\\/\\\/wordpress.ft.unicamp.br\\\/celmar\\\/\",\"name\":\"Prof. Dr. Celmar Guimar\u00e3es da Silva\",\"description\":\"\",\"potentialAction\":[{\"@type\":\"SearchAction\",\"target\":{\"@type\":\"EntryPoint\",\"urlTemplate\":\"https:\\\/\\\/wordpress.ft.unicamp.br\\\/celmar\\\/?s={search_term_string}\"},\"query-input\":{\"@type\":\"PropertyValueSpecification\",\"valueRequired\":true,\"valueName\":\"search_term_string\"}}],\"inLanguage\":\"pt-BR\"}]}<\/script>\n<!-- \/ Yoast SEO plugin. -->","yoast_head_json":{"title":"Courses (Disciplinas) - Prof. Dr. Celmar Guimar\u00e3es da Silva","robots":{"index":"index","follow":"follow","max-snippet":"max-snippet:-1","max-image-preview":"max-image-preview:large","max-video-preview":"max-video-preview:-1"},"canonical":"https:\/\/wordpress.ft.unicamp.br\/celmar\/disciplinas\/","og_locale":"pt_BR","og_type":"article","og_title":"Courses (Disciplinas) - Prof. Dr. Celmar Guimar\u00e3es da Silva","og_description":"(In Portuguese only) Gradua\u00e7\u00e3o: SI803 &#8211; Visualiza\u00e7\u00e3o de Informa\u00e7\u00e3o SI200 &#8211; Algoritmos e Programa\u00e7\u00e3o de Computadores II ST562 &#8211; Estrutura de Arquivos TT106 &#8211; Organiza\u00e7\u00e3o e Arquitetura de Computadores SI404 &#8211; Introdu\u00e7\u00e3o a Interfaces Humano-Computador P\u00f3s-Gradua\u00e7\u00e3o: FT045 &#8211; T\u00f3picos em Tecnologia para Informa\u00e7\u00e3o II &#8211; Visualiza\u00e7\u00e3o de Informa\u00e7\u00e3o Especializa\u00e7\u00e3o: CET612 &#8211; Visualiza\u00e7\u00e3o de Informa\u00e7\u00f5es &#8211; &hellip; Continue lendo \"Courses (Disciplinas)\"","og_url":"https:\/\/wordpress.ft.unicamp.br\/celmar\/disciplinas\/","og_site_name":"Prof. Dr. Celmar Guimar\u00e3es da Silva","article_modified_time":"2021-02-22T02:59:36+00:00","twitter_card":"summary_large_image","twitter_misc":{"Est. tempo de leitura":"1 minuto"},"schema":{"@context":"https:\/\/schema.org","@graph":[{"@type":"WebPage","@id":"https:\/\/wordpress.ft.unicamp.br\/celmar\/disciplinas\/","url":"https:\/\/wordpress.ft.unicamp.br\/celmar\/disciplinas\/","name":"Courses (Disciplinas) - Prof. Dr. Celmar Guimar\u00e3es da Silva","isPartOf":{"@id":"https:\/\/wordpress.ft.unicamp.br\/celmar\/#website"},"datePublished":"2020-05-06T14:59:17+00:00","dateModified":"2021-02-22T02:59:36+00:00","breadcrumb":{"@id":"https:\/\/wordpress.ft.unicamp.br\/celmar\/disciplinas\/#breadcrumb"},"inLanguage":"pt-BR","potentialAction":[{"@type":"ReadAction","target":["https:\/\/wordpress.ft.unicamp.br\/celmar\/disciplinas\/"]}]},{"@type":"BreadcrumbList","@id":"https:\/\/wordpress.ft.unicamp.br\/celmar\/disciplinas\/#breadcrumb","itemListElement":[{"@type":"ListItem","position":1,"name":"Home","item":"https:\/\/wordpress.ft.unicamp.br\/celmar\/"},{"@type":"ListItem","position":2,"name":"Courses (Disciplinas)"}]},{"@type":"WebSite","@id":"https:\/\/wordpress.ft.unicamp.br\/celmar\/#website","url":"https:\/\/wordpress.ft.unicamp.br\/celmar\/","name":"Prof. Dr. Celmar Guimar\u00e3es da Silva","description":"","potentialAction":[{"@type":"SearchAction","target":{"@type":"EntryPoint","urlTemplate":"https:\/\/wordpress.ft.unicamp.br\/celmar\/?s={search_term_string}"},"query-input":{"@type":"PropertyValueSpecification","valueRequired":true,"valueName":"search_term_string"}}],"inLanguage":"pt-BR"}]}},"_links":{"self":[{"href":"https:\/\/wordpress.ft.unicamp.br\/celmar\/wp-json\/wp\/v2\/pages\/6","targetHints":{"allow":["GET"]}}],"collection":[{"href":"https:\/\/wordpress.ft.unicamp.br\/celmar\/wp-json\/wp\/v2\/pages"}],"about":[{"href":"https:\/\/wordpress.ft.unicamp.br\/celmar\/wp-json\/wp\/v2\/types\/page"}],"author":[{"embeddable":true,"href":"https:\/\/wordpress.ft.unicamp.br\/celmar\/wp-json\/wp\/v2\/users\/1"}],"replies":[{"embeddable":true,"href":"https:\/\/wordpress.ft.unicamp.br\/celmar\/wp-json\/wp\/v2\/comments?post=6"}],"version-history":[{"count":4,"href":"https:\/\/wordpress.ft.unicamp.br\/celmar\/wp-json\/wp\/v2\/pages\/6\/revisions"}],"predecessor-version":[{"id":36,"href":"https:\/\/wordpress.ft.unicamp.br\/celmar\/wp-json\/wp\/v2\/pages\/6\/revisions\/36"}],"wp:attachment":[{"href":"https:\/\/wordpress.ft.unicamp.br\/celmar\/wp-json\/wp\/v2\/media?parent=6"}],"curies":[{"name":"wp","href":"https:\/\/api.w.org\/{rel}","templated":true}]}}