{"id":14,"date":"2018-08-03T14:07:36","date_gmt":"2018-08-03T14:07:36","guid":{"rendered":"http:\/\/wordpress.ft.unicamp.br\/comunicacaocientifica\/?page_id=14"},"modified":"2018-08-16T12:22:41","modified_gmt":"2018-08-16T12:22:41","slug":"inscricao","status":"publish","type":"page","link":"https:\/\/wordpress.ft.unicamp.br\/comunicacaocientifica\/inscricao\/","title":{"rendered":"Inscri\u00e7\u00e3o"},"content":{"rendered":"<p>A inscri\u00e7\u00e3o deve ser feita por meio do formul\u00e1rio a seguir:<\/p>\n<p><a href=\"https:\/\/goo.gl\/forms\/RzSPrc9LWDCUiVDs1\">https:\/\/goo.gl\/forms\/RzSPrc9LWDCUiVDs1<\/a><\/p>\n<p><span style=\"color: #000000\">O aceite da inscri\u00e7\u00e3o depender\u00e1 da aprova\u00e7\u00e3o em teste de ingl\u00eas e na disponibilidade de vagas. Como crit\u00e9rio de desempate, daremos prefer\u00eancia para o professores mais novos de forma\u00e7\u00e3o, obedecendo a condi\u00e7\u00e3o da garantia da diversidade.<\/span><\/p>\n<hr \/>\n<p><span style=\"color: #333399\"><strong>Teste de Ingl\u00eas:<\/strong><\/span><\/p>\n<p>Os participantes dever\u00e3o demonstrar\u00a0<strong>padr\u00e3o\u00a0<\/strong><strong>n\u00edvel B1 <\/strong>(intermedi\u00e1rio) de profici\u00eancia na l\u00edngua inglesa\u00a0<span class=\"s1\">de acordo com o Quadro Comum Europeu de Refer\u00eancia<\/span>, ou seja, deve ser capaz de:<\/p>\n<p>-entender os pontos principais sobre assuntos do dia a dia como trabalho, escola e lazer.<\/p>\n<p>-lidar com situa\u00e7\u00f5es cotidianas no pa\u00eds onde a l\u00edngua \u00e9 falada (viagem de turismo).<\/p>\n<p>-produzir textos simples sobre \u00e1reas familiares e de interesse.<\/p>\n<p>-descrever experi\u00eancias, eventos, sonhos, desejos e ambi\u00e7\u00f5es.-<\/p>\n<p>-opinar de maneira limitada sobre planos e discuss\u00f5es.<\/p>\n<p><span class=\"s2\">Os participantes que n\u00e3o demonstrarem este n\u00edvel n\u00e3o ser\u00e3o eleg\u00edveis a participar do curso. O <em>British Council<\/em> far\u00e1 um pequeno teste de nivelamento\u00a0online (<\/span><span class=\"s3\"><i>Oxford Online Placement Test<\/i>)\u00a0<\/span><span class=\"s2\">para assegurar que todos os participantes possuem esse n\u00edvel. Maiores informa\u00e7\u00f5es sobre o teste podem ser obtidas <a href=\"https:\/\/www.oxfordenglishtesting.com\/defaultmrarticle.aspx?id=3074\"><strong>aqui<\/strong><\/a>. <\/span><\/p>\n<p><span class=\"s2\">Aqueles que j\u00e1 possuem exame de ingl\u00eas B1 ou acima ou apresentarem\u00a0<\/span>um certificado de profici\u00eancia,\u00a0<span class=\"s2\">n\u00e3o precisar\u00e3o fazer o teste.\u00a0 Detalhes sobre o teste ser\u00e3o divulgados em breve.<\/span><\/p>\n<p>&nbsp;<\/p>\n<p>&nbsp;<\/p>\n<p>&nbsp;<\/p>\n","protected":false},"excerpt":{"rendered":"<p>A inscri\u00e7\u00e3o deve ser feita por meio do formul\u00e1rio a seguir: https:\/\/goo.gl\/forms\/RzSPrc9LWDCUiVDs1 O aceite da inscri\u00e7\u00e3o depender\u00e1 da aprova\u00e7\u00e3o em teste de ingl\u00eas e na disponibilidade de vagas. Como crit\u00e9rio <a class=\"more-link\" href=\"https:\/\/wordpress.ft.unicamp.br\/comunicacaocientifica\/inscricao\/\">Continue Reading &rarr;<\/a><\/p>\n","protected":false},"author":15,"featured_media":0,"parent":0,"menu_order":0,"comment_status":"closed","ping_status":"closed","template":"","meta":{"footnotes":""},"class_list":["post-14","page","type-page","status-publish","hentry"],"yoast_head":"<!-- This site is optimized with the Yoast SEO plugin v27.5 - https:\/\/yoast.com\/product\/yoast-seo-wordpress\/ -->\n<title>Inscri\u00e7\u00e3o - Curso de Comunica\u00e7\u00e3o Cient\u00edfica<\/title>\n<meta name=\"robots\" content=\"index, follow, max-snippet:-1, max-image-preview:large, max-video-preview:-1\" \/>\n<link rel=\"canonical\" href=\"https:\/\/wordpress.ft.unicamp.br\/comunicacaocientifica\/inscricao\/\" \/>\n<meta property=\"og:locale\" content=\"pt_BR\" \/>\n<meta property=\"og:type\" content=\"article\" \/>\n<meta property=\"og:title\" content=\"Inscri\u00e7\u00e3o - Curso de Comunica\u00e7\u00e3o Cient\u00edfica\" \/>\n<meta property=\"og:description\" content=\"A inscri\u00e7\u00e3o deve ser feita por meio do formul\u00e1rio a seguir: https:\/\/goo.gl\/forms\/RzSPrc9LWDCUiVDs1 O aceite da inscri\u00e7\u00e3o depender\u00e1 da aprova\u00e7\u00e3o em teste de ingl\u00eas e na disponibilidade de vagas. Como crit\u00e9rio Continue Reading &rarr;\" \/>\n<meta property=\"og:url\" content=\"https:\/\/wordpress.ft.unicamp.br\/comunicacaocientifica\/inscricao\/\" \/>\n<meta property=\"og:site_name\" content=\"Curso de Comunica\u00e7\u00e3o Cient\u00edfica\" \/>\n<meta property=\"article:modified_time\" content=\"2018-08-16T12:22:41+00:00\" \/>\n<meta name=\"twitter:card\" content=\"summary_large_image\" \/>\n<meta name=\"twitter:label1\" content=\"Est. tempo de leitura\" \/>\n\t<meta name=\"twitter:data1\" content=\"1 minuto\" \/>\n<script type=\"application\/ld+json\" class=\"yoast-schema-graph\">{\"@context\":\"https:\\\/\\\/schema.org\",\"@graph\":[{\"@type\":\"WebPage\",\"@id\":\"https:\\\/\\\/wordpress.ft.unicamp.br\\\/comunicacaocientifica\\\/inscricao\\\/\",\"url\":\"https:\\\/\\\/wordpress.ft.unicamp.br\\\/comunicacaocientifica\\\/inscricao\\\/\",\"name\":\"Inscri\u00e7\u00e3o - Curso de Comunica\u00e7\u00e3o Cient\u00edfica\",\"isPartOf\":{\"@id\":\"https:\\\/\\\/wordpress.ft.unicamp.br\\\/comunicacaocientifica\\\/#website\"},\"datePublished\":\"2018-08-03T14:07:36+00:00\",\"dateModified\":\"2018-08-16T12:22:41+00:00\",\"breadcrumb\":{\"@id\":\"https:\\\/\\\/wordpress.ft.unicamp.br\\\/comunicacaocientifica\\\/inscricao\\\/#breadcrumb\"},\"inLanguage\":\"pt-BR\",\"potentialAction\":[{\"@type\":\"ReadAction\",\"target\":[\"https:\\\/\\\/wordpress.ft.unicamp.br\\\/comunicacaocientifica\\\/inscricao\\\/\"]}]},{\"@type\":\"BreadcrumbList\",\"@id\":\"https:\\\/\\\/wordpress.ft.unicamp.br\\\/comunicacaocientifica\\\/inscricao\\\/#breadcrumb\",\"itemListElement\":[{\"@type\":\"ListItem\",\"position\":1,\"name\":\"Home\",\"item\":\"https:\\\/\\\/wordpress.ft.unicamp.br\\\/comunicacaocientifica\\\/\"},{\"@type\":\"ListItem\",\"position\":2,\"name\":\"Inscri\u00e7\u00e3o\"}]},{\"@type\":\"WebSite\",\"@id\":\"https:\\\/\\\/wordpress.ft.unicamp.br\\\/comunicacaocientifica\\\/#website\",\"url\":\"https:\\\/\\\/wordpress.ft.unicamp.br\\\/comunicacaocientifica\\\/\",\"name\":\"Curso de Comunica\u00e7\u00e3o Cient\u00edfica\",\"description\":\"Faculdade de Tecnologia\\\/UNICAMP - Limeira-SP\",\"publisher\":{\"@id\":\"https:\\\/\\\/wordpress.ft.unicamp.br\\\/comunicacaocientifica\\\/#organization\"},\"potentialAction\":[{\"@type\":\"SearchAction\",\"target\":{\"@type\":\"EntryPoint\",\"urlTemplate\":\"https:\\\/\\\/wordpress.ft.unicamp.br\\\/comunicacaocientifica\\\/?s={search_term_string}\"},\"query-input\":{\"@type\":\"PropertyValueSpecification\",\"valueRequired\":true,\"valueName\":\"search_term_string\"}}],\"inLanguage\":\"pt-BR\"},{\"@type\":\"Organization\",\"@id\":\"https:\\\/\\\/wordpress.ft.unicamp.br\\\/comunicacaocientifica\\\/#organization\",\"name\":\"Curso de Comunica\u00e7\u00e3o Cient\u00edfica\",\"url\":\"https:\\\/\\\/wordpress.ft.unicamp.br\\\/comunicacaocientifica\\\/\",\"logo\":{\"@type\":\"ImageObject\",\"inLanguage\":\"pt-BR\",\"@id\":\"https:\\\/\\\/wordpress.ft.unicamp.br\\\/comunicacaocientifica\\\/#\\\/schema\\\/logo\\\/image\\\/\",\"url\":\"https:\\\/\\\/wordpress.ft.unicamp.br\\\/comunicacaocientifica\\\/wp-content\\\/uploads\\\/sites\\\/47\\\/2018\\\/08\\\/cropped-logo-site.png\",\"contentUrl\":\"https:\\\/\\\/wordpress.ft.unicamp.br\\\/comunicacaocientifica\\\/wp-content\\\/uploads\\\/sites\\\/47\\\/2018\\\/08\\\/cropped-logo-site.png\",\"width\":2815,\"height\":675,\"caption\":\"Curso de Comunica\u00e7\u00e3o Cient\u00edfica\"},\"image\":{\"@id\":\"https:\\\/\\\/wordpress.ft.unicamp.br\\\/comunicacaocientifica\\\/#\\\/schema\\\/logo\\\/image\\\/\"}}]}<\/script>\n<!-- \/ Yoast SEO plugin. -->","yoast_head_json":{"title":"Inscri\u00e7\u00e3o - Curso de Comunica\u00e7\u00e3o Cient\u00edfica","robots":{"index":"index","follow":"follow","max-snippet":"max-snippet:-1","max-image-preview":"max-image-preview:large","max-video-preview":"max-video-preview:-1"},"canonical":"https:\/\/wordpress.ft.unicamp.br\/comunicacaocientifica\/inscricao\/","og_locale":"pt_BR","og_type":"article","og_title":"Inscri\u00e7\u00e3o - Curso de Comunica\u00e7\u00e3o Cient\u00edfica","og_description":"A inscri\u00e7\u00e3o deve ser feita por meio do formul\u00e1rio a seguir: https:\/\/goo.gl\/forms\/RzSPrc9LWDCUiVDs1 O aceite da inscri\u00e7\u00e3o depender\u00e1 da aprova\u00e7\u00e3o em teste de ingl\u00eas e na disponibilidade de vagas. Como crit\u00e9rio Continue Reading &rarr;","og_url":"https:\/\/wordpress.ft.unicamp.br\/comunicacaocientifica\/inscricao\/","og_site_name":"Curso de Comunica\u00e7\u00e3o Cient\u00edfica","article_modified_time":"2018-08-16T12:22:41+00:00","twitter_card":"summary_large_image","twitter_misc":{"Est. tempo de leitura":"1 minuto"},"schema":{"@context":"https:\/\/schema.org","@graph":[{"@type":"WebPage","@id":"https:\/\/wordpress.ft.unicamp.br\/comunicacaocientifica\/inscricao\/","url":"https:\/\/wordpress.ft.unicamp.br\/comunicacaocientifica\/inscricao\/","name":"Inscri\u00e7\u00e3o - Curso de Comunica\u00e7\u00e3o Cient\u00edfica","isPartOf":{"@id":"https:\/\/wordpress.ft.unicamp.br\/comunicacaocientifica\/#website"},"datePublished":"2018-08-03T14:07:36+00:00","dateModified":"2018-08-16T12:22:41+00:00","breadcrumb":{"@id":"https:\/\/wordpress.ft.unicamp.br\/comunicacaocientifica\/inscricao\/#breadcrumb"},"inLanguage":"pt-BR","potentialAction":[{"@type":"ReadAction","target":["https:\/\/wordpress.ft.unicamp.br\/comunicacaocientifica\/inscricao\/"]}]},{"@type":"BreadcrumbList","@id":"https:\/\/wordpress.ft.unicamp.br\/comunicacaocientifica\/inscricao\/#breadcrumb","itemListElement":[{"@type":"ListItem","position":1,"name":"Home","item":"https:\/\/wordpress.ft.unicamp.br\/comunicacaocientifica\/"},{"@type":"ListItem","position":2,"name":"Inscri\u00e7\u00e3o"}]},{"@type":"WebSite","@id":"https:\/\/wordpress.ft.unicamp.br\/comunicacaocientifica\/#website","url":"https:\/\/wordpress.ft.unicamp.br\/comunicacaocientifica\/","name":"Curso de Comunica\u00e7\u00e3o Cient\u00edfica","description":"Faculdade de Tecnologia\/UNICAMP - Limeira-SP","publisher":{"@id":"https:\/\/wordpress.ft.unicamp.br\/comunicacaocientifica\/#organization"},"potentialAction":[{"@type":"SearchAction","target":{"@type":"EntryPoint","urlTemplate":"https:\/\/wordpress.ft.unicamp.br\/comunicacaocientifica\/?s={search_term_string}"},"query-input":{"@type":"PropertyValueSpecification","valueRequired":true,"valueName":"search_term_string"}}],"inLanguage":"pt-BR"},{"@type":"Organization","@id":"https:\/\/wordpress.ft.unicamp.br\/comunicacaocientifica\/#organization","name":"Curso de Comunica\u00e7\u00e3o Cient\u00edfica","url":"https:\/\/wordpress.ft.unicamp.br\/comunicacaocientifica\/","logo":{"@type":"ImageObject","inLanguage":"pt-BR","@id":"https:\/\/wordpress.ft.unicamp.br\/comunicacaocientifica\/#\/schema\/logo\/image\/","url":"https:\/\/wordpress.ft.unicamp.br\/comunicacaocientifica\/wp-content\/uploads\/sites\/47\/2018\/08\/cropped-logo-site.png","contentUrl":"https:\/\/wordpress.ft.unicamp.br\/comunicacaocientifica\/wp-content\/uploads\/sites\/47\/2018\/08\/cropped-logo-site.png","width":2815,"height":675,"caption":"Curso de Comunica\u00e7\u00e3o Cient\u00edfica"},"image":{"@id":"https:\/\/wordpress.ft.unicamp.br\/comunicacaocientifica\/#\/schema\/logo\/image\/"}}]}},"_links":{"self":[{"href":"https:\/\/wordpress.ft.unicamp.br\/comunicacaocientifica\/wp-json\/wp\/v2\/pages\/14","targetHints":{"allow":["GET"]}}],"collection":[{"href":"https:\/\/wordpress.ft.unicamp.br\/comunicacaocientifica\/wp-json\/wp\/v2\/pages"}],"about":[{"href":"https:\/\/wordpress.ft.unicamp.br\/comunicacaocientifica\/wp-json\/wp\/v2\/types\/page"}],"author":[{"embeddable":true,"href":"https:\/\/wordpress.ft.unicamp.br\/comunicacaocientifica\/wp-json\/wp\/v2\/users\/15"}],"replies":[{"embeddable":true,"href":"https:\/\/wordpress.ft.unicamp.br\/comunicacaocientifica\/wp-json\/wp\/v2\/comments?post=14"}],"version-history":[{"count":10,"href":"https:\/\/wordpress.ft.unicamp.br\/comunicacaocientifica\/wp-json\/wp\/v2\/pages\/14\/revisions"}],"predecessor-version":[{"id":92,"href":"https:\/\/wordpress.ft.unicamp.br\/comunicacaocientifica\/wp-json\/wp\/v2\/pages\/14\/revisions\/92"}],"wp:attachment":[{"href":"https:\/\/wordpress.ft.unicamp.br\/comunicacaocientifica\/wp-json\/wp\/v2\/media?parent=14"}],"curies":[{"name":"wp","href":"https:\/\/api.w.org\/{rel}","templated":true}]}}