{"id":16,"date":"2018-08-03T14:09:33","date_gmt":"2018-08-03T14:09:33","guid":{"rendered":"http:\/\/wordpress.ft.unicamp.br\/comunicacaocientifica\/?page_id=16"},"modified":"2018-08-16T13:36:11","modified_gmt":"2018-08-16T13:36:11","slug":"programacao","status":"publish","type":"page","link":"https:\/\/wordpress.ft.unicamp.br\/comunicacaocientifica\/programacao\/","title":{"rendered":"Programa\u00e7\u00e3o"},"content":{"rendered":"<table style=\"width: 100%\">\n<tbody>\n<tr>\n<td><\/td>\n<td>\n<h1>13\/02 (Quarta-feira)<\/h1>\n<\/td>\n<td><\/td>\n<\/tr>\n<tr>\n<td>9:00-10:30<\/td>\n<td><strong><span style=\"color: #000000\">Know your audience<\/span><\/strong><\/td>\n<td><\/td>\n<\/tr>\n<tr>\n<td>10:30-10:45<\/td>\n<td>Coffee break<\/td>\n<td><\/td>\n<\/tr>\n<tr>\n<td>10:45-12:30<\/td>\n<td><strong><span style=\"color: #000000\">Know your audience<\/span><\/strong><\/td>\n<td><\/td>\n<\/tr>\n<tr>\n<td><strong>12:30-13:30<\/strong><\/td>\n<td>Lunch<\/td>\n<td><\/td>\n<\/tr>\n<tr>\n<td>13:30-14:30<\/td>\n<td>\u00a0<span style=\"color: #0000ff\"><strong>Presenting with Impact<\/strong><\/span><\/td>\n<td><\/td>\n<\/tr>\n<tr>\n<td>14:30-14:45<\/td>\n<td>Coffee break<\/td>\n<td><\/td>\n<\/tr>\n<tr>\n<td>14:45-17:00<\/td>\n<td><span style=\"color: #0000ff\"><strong>Presenting with Impact<\/strong><\/span><\/td>\n<td><\/td>\n<\/tr>\n<tr>\n<td><\/td>\n<td>\n<h1>14\/02 (Quinta-feira)<\/h1>\n<\/td>\n<td><\/td>\n<\/tr>\n<tr>\n<td>9:00-10:30<\/td>\n<td><span style=\"color: #993300\"><strong>Academic Writing<\/strong><\/span><\/td>\n<td><\/td>\n<\/tr>\n<tr>\n<td>10:30-10:45<\/td>\n<td>Coffee break<\/td>\n<td><\/td>\n<\/tr>\n<tr>\n<td>10:45-12:30<\/td>\n<td><span style=\"color: #993300\"><strong>Academic Writing<\/strong><\/span><\/td>\n<td><\/td>\n<\/tr>\n<tr>\n<td><strong>12:30-13:30<\/strong><\/td>\n<td>Lunch<\/td>\n<td><\/td>\n<\/tr>\n<tr>\n<td>13:30-14:30<\/td>\n<td>\u00a0<span style=\"color: #993300\"><strong>Academic Writing<\/strong><\/span><\/td>\n<td><\/td>\n<\/tr>\n<tr>\n<td>14:30-14:45<\/td>\n<td>Coffee break<\/td>\n<td><\/td>\n<\/tr>\n<tr>\n<td>14:45-17:00<\/td>\n<td><span style=\"color: #993300\"><strong>Academic Writing<\/strong><\/span><\/td>\n<td><\/td>\n<\/tr>\n<tr>\n<td><\/td>\n<td>\n<h1>15\/02 (Sexta-feira)<\/h1>\n<\/td>\n<td><\/td>\n<\/tr>\n<tr>\n<td>9:00-10:30<\/td>\n<td><span style=\"color: #339966\"><strong>Persuasive Proposals<\/strong><\/span><\/td>\n<td><\/td>\n<\/tr>\n<tr>\n<td>10:30-10:45<\/td>\n<td>Coffee break<\/td>\n<td><\/td>\n<\/tr>\n<tr>\n<td>10:45-12:30<\/td>\n<td><span style=\"color: #339966\"><strong>Persuasive Proposals<\/strong><\/span><\/td>\n<td><\/td>\n<\/tr>\n<tr>\n<td><strong>12:30-13:30<\/strong><\/td>\n<td>Lunch<\/td>\n<td><\/td>\n<\/tr>\n<tr>\n<td>13:30-14:30<\/td>\n<td><span style=\"color: #339966\"><strong>Persuasive Proposals<\/strong><\/span><\/td>\n<td><\/td>\n<\/tr>\n<tr>\n<td>14:30-14:45<\/td>\n<td>Coffee break<\/td>\n<td><\/td>\n<\/tr>\n<tr>\n<td>14:45-17:00<\/td>\n<td><span style=\"color: #339966\"><strong>Persuasive Proposals<\/strong><\/span><\/td>\n<td><\/td>\n<\/tr>\n<tr>\n<td><\/td>\n<td><\/td>\n<td><\/td>\n<\/tr>\n<\/tbody>\n<\/table>\n<p>&nbsp;<\/p>\n","protected":false},"excerpt":{"rendered":"<p>13\/02 (Quarta-feira) 9:00-10:30 Know your audience 10:30-10:45 Coffee break 10:45-12:30 Know your audience 12:30-13:30 Lunch 13:30-14:30 \u00a0Presenting with Impact 14:30-14:45 Coffee break 14:45-17:00 Presenting with Impact 14\/02 (Quinta-feira) 9:00-10:30 Academic <a class=\"more-link\" href=\"https:\/\/wordpress.ft.unicamp.br\/comunicacaocientifica\/programacao\/\">Continue Reading &rarr;<\/a><\/p>\n","protected":false},"author":15,"featured_media":0,"parent":0,"menu_order":0,"comment_status":"closed","ping_status":"closed","template":"","meta":{"footnotes":""},"class_list":["post-16","page","type-page","status-publish","hentry"],"yoast_head":"<!-- This site is optimized with the Yoast SEO plugin v27.5 - https:\/\/yoast.com\/product\/yoast-seo-wordpress\/ -->\n<title>Programa\u00e7\u00e3o - Curso de Comunica\u00e7\u00e3o Cient\u00edfica<\/title>\n<meta name=\"robots\" content=\"index, follow, max-snippet:-1, max-image-preview:large, max-video-preview:-1\" \/>\n<link rel=\"canonical\" href=\"https:\/\/wordpress.ft.unicamp.br\/comunicacaocientifica\/programacao\/\" \/>\n<meta property=\"og:locale\" content=\"pt_BR\" \/>\n<meta property=\"og:type\" content=\"article\" \/>\n<meta property=\"og:title\" content=\"Programa\u00e7\u00e3o - Curso de Comunica\u00e7\u00e3o Cient\u00edfica\" \/>\n<meta property=\"og:description\" content=\"13\/02 (Quarta-feira) 9:00-10:30 Know your audience 10:30-10:45 Coffee break 10:45-12:30 Know your audience 12:30-13:30 Lunch 13:30-14:30 \u00a0Presenting with Impact 14:30-14:45 Coffee break 14:45-17:00 Presenting with Impact 14\/02 (Quinta-feira) 9:00-10:30 Academic Continue Reading &rarr;\" \/>\n<meta property=\"og:url\" content=\"https:\/\/wordpress.ft.unicamp.br\/comunicacaocientifica\/programacao\/\" \/>\n<meta property=\"og:site_name\" content=\"Curso de Comunica\u00e7\u00e3o Cient\u00edfica\" \/>\n<meta property=\"article:modified_time\" content=\"2018-08-16T13:36:11+00:00\" \/>\n<meta name=\"twitter:card\" content=\"summary_large_image\" \/>\n<script type=\"application\/ld+json\" class=\"yoast-schema-graph\">{\"@context\":\"https:\\\/\\\/schema.org\",\"@graph\":[{\"@type\":\"WebPage\",\"@id\":\"https:\\\/\\\/wordpress.ft.unicamp.br\\\/comunicacaocientifica\\\/programacao\\\/\",\"url\":\"https:\\\/\\\/wordpress.ft.unicamp.br\\\/comunicacaocientifica\\\/programacao\\\/\",\"name\":\"Programa\u00e7\u00e3o - Curso de Comunica\u00e7\u00e3o Cient\u00edfica\",\"isPartOf\":{\"@id\":\"https:\\\/\\\/wordpress.ft.unicamp.br\\\/comunicacaocientifica\\\/#website\"},\"datePublished\":\"2018-08-03T14:09:33+00:00\",\"dateModified\":\"2018-08-16T13:36:11+00:00\",\"breadcrumb\":{\"@id\":\"https:\\\/\\\/wordpress.ft.unicamp.br\\\/comunicacaocientifica\\\/programacao\\\/#breadcrumb\"},\"inLanguage\":\"pt-BR\",\"potentialAction\":[{\"@type\":\"ReadAction\",\"target\":[\"https:\\\/\\\/wordpress.ft.unicamp.br\\\/comunicacaocientifica\\\/programacao\\\/\"]}]},{\"@type\":\"BreadcrumbList\",\"@id\":\"https:\\\/\\\/wordpress.ft.unicamp.br\\\/comunicacaocientifica\\\/programacao\\\/#breadcrumb\",\"itemListElement\":[{\"@type\":\"ListItem\",\"position\":1,\"name\":\"Home\",\"item\":\"https:\\\/\\\/wordpress.ft.unicamp.br\\\/comunicacaocientifica\\\/\"},{\"@type\":\"ListItem\",\"position\":2,\"name\":\"Programa\u00e7\u00e3o\"}]},{\"@type\":\"WebSite\",\"@id\":\"https:\\\/\\\/wordpress.ft.unicamp.br\\\/comunicacaocientifica\\\/#website\",\"url\":\"https:\\\/\\\/wordpress.ft.unicamp.br\\\/comunicacaocientifica\\\/\",\"name\":\"Curso de Comunica\u00e7\u00e3o Cient\u00edfica\",\"description\":\"Faculdade de Tecnologia\\\/UNICAMP - Limeira-SP\",\"publisher\":{\"@id\":\"https:\\\/\\\/wordpress.ft.unicamp.br\\\/comunicacaocientifica\\\/#organization\"},\"potentialAction\":[{\"@type\":\"SearchAction\",\"target\":{\"@type\":\"EntryPoint\",\"urlTemplate\":\"https:\\\/\\\/wordpress.ft.unicamp.br\\\/comunicacaocientifica\\\/?s={search_term_string}\"},\"query-input\":{\"@type\":\"PropertyValueSpecification\",\"valueRequired\":true,\"valueName\":\"search_term_string\"}}],\"inLanguage\":\"pt-BR\"},{\"@type\":\"Organization\",\"@id\":\"https:\\\/\\\/wordpress.ft.unicamp.br\\\/comunicacaocientifica\\\/#organization\",\"name\":\"Curso de Comunica\u00e7\u00e3o Cient\u00edfica\",\"url\":\"https:\\\/\\\/wordpress.ft.unicamp.br\\\/comunicacaocientifica\\\/\",\"logo\":{\"@type\":\"ImageObject\",\"inLanguage\":\"pt-BR\",\"@id\":\"https:\\\/\\\/wordpress.ft.unicamp.br\\\/comunicacaocientifica\\\/#\\\/schema\\\/logo\\\/image\\\/\",\"url\":\"https:\\\/\\\/wordpress.ft.unicamp.br\\\/comunicacaocientifica\\\/wp-content\\\/uploads\\\/sites\\\/47\\\/2018\\\/08\\\/cropped-logo-site.png\",\"contentUrl\":\"https:\\\/\\\/wordpress.ft.unicamp.br\\\/comunicacaocientifica\\\/wp-content\\\/uploads\\\/sites\\\/47\\\/2018\\\/08\\\/cropped-logo-site.png\",\"width\":2815,\"height\":675,\"caption\":\"Curso de Comunica\u00e7\u00e3o Cient\u00edfica\"},\"image\":{\"@id\":\"https:\\\/\\\/wordpress.ft.unicamp.br\\\/comunicacaocientifica\\\/#\\\/schema\\\/logo\\\/image\\\/\"}}]}<\/script>\n<!-- \/ Yoast SEO plugin. -->","yoast_head_json":{"title":"Programa\u00e7\u00e3o - Curso de Comunica\u00e7\u00e3o Cient\u00edfica","robots":{"index":"index","follow":"follow","max-snippet":"max-snippet:-1","max-image-preview":"max-image-preview:large","max-video-preview":"max-video-preview:-1"},"canonical":"https:\/\/wordpress.ft.unicamp.br\/comunicacaocientifica\/programacao\/","og_locale":"pt_BR","og_type":"article","og_title":"Programa\u00e7\u00e3o - Curso de Comunica\u00e7\u00e3o Cient\u00edfica","og_description":"13\/02 (Quarta-feira) 9:00-10:30 Know your audience 10:30-10:45 Coffee break 10:45-12:30 Know your audience 12:30-13:30 Lunch 13:30-14:30 \u00a0Presenting with Impact 14:30-14:45 Coffee break 14:45-17:00 Presenting with Impact 14\/02 (Quinta-feira) 9:00-10:30 Academic Continue Reading &rarr;","og_url":"https:\/\/wordpress.ft.unicamp.br\/comunicacaocientifica\/programacao\/","og_site_name":"Curso de Comunica\u00e7\u00e3o Cient\u00edfica","article_modified_time":"2018-08-16T13:36:11+00:00","twitter_card":"summary_large_image","schema":{"@context":"https:\/\/schema.org","@graph":[{"@type":"WebPage","@id":"https:\/\/wordpress.ft.unicamp.br\/comunicacaocientifica\/programacao\/","url":"https:\/\/wordpress.ft.unicamp.br\/comunicacaocientifica\/programacao\/","name":"Programa\u00e7\u00e3o - Curso de Comunica\u00e7\u00e3o Cient\u00edfica","isPartOf":{"@id":"https:\/\/wordpress.ft.unicamp.br\/comunicacaocientifica\/#website"},"datePublished":"2018-08-03T14:09:33+00:00","dateModified":"2018-08-16T13:36:11+00:00","breadcrumb":{"@id":"https:\/\/wordpress.ft.unicamp.br\/comunicacaocientifica\/programacao\/#breadcrumb"},"inLanguage":"pt-BR","potentialAction":[{"@type":"ReadAction","target":["https:\/\/wordpress.ft.unicamp.br\/comunicacaocientifica\/programacao\/"]}]},{"@type":"BreadcrumbList","@id":"https:\/\/wordpress.ft.unicamp.br\/comunicacaocientifica\/programacao\/#breadcrumb","itemListElement":[{"@type":"ListItem","position":1,"name":"Home","item":"https:\/\/wordpress.ft.unicamp.br\/comunicacaocientifica\/"},{"@type":"ListItem","position":2,"name":"Programa\u00e7\u00e3o"}]},{"@type":"WebSite","@id":"https:\/\/wordpress.ft.unicamp.br\/comunicacaocientifica\/#website","url":"https:\/\/wordpress.ft.unicamp.br\/comunicacaocientifica\/","name":"Curso de Comunica\u00e7\u00e3o Cient\u00edfica","description":"Faculdade de Tecnologia\/UNICAMP - Limeira-SP","publisher":{"@id":"https:\/\/wordpress.ft.unicamp.br\/comunicacaocientifica\/#organization"},"potentialAction":[{"@type":"SearchAction","target":{"@type":"EntryPoint","urlTemplate":"https:\/\/wordpress.ft.unicamp.br\/comunicacaocientifica\/?s={search_term_string}"},"query-input":{"@type":"PropertyValueSpecification","valueRequired":true,"valueName":"search_term_string"}}],"inLanguage":"pt-BR"},{"@type":"Organization","@id":"https:\/\/wordpress.ft.unicamp.br\/comunicacaocientifica\/#organization","name":"Curso de Comunica\u00e7\u00e3o Cient\u00edfica","url":"https:\/\/wordpress.ft.unicamp.br\/comunicacaocientifica\/","logo":{"@type":"ImageObject","inLanguage":"pt-BR","@id":"https:\/\/wordpress.ft.unicamp.br\/comunicacaocientifica\/#\/schema\/logo\/image\/","url":"https:\/\/wordpress.ft.unicamp.br\/comunicacaocientifica\/wp-content\/uploads\/sites\/47\/2018\/08\/cropped-logo-site.png","contentUrl":"https:\/\/wordpress.ft.unicamp.br\/comunicacaocientifica\/wp-content\/uploads\/sites\/47\/2018\/08\/cropped-logo-site.png","width":2815,"height":675,"caption":"Curso de Comunica\u00e7\u00e3o Cient\u00edfica"},"image":{"@id":"https:\/\/wordpress.ft.unicamp.br\/comunicacaocientifica\/#\/schema\/logo\/image\/"}}]}},"_links":{"self":[{"href":"https:\/\/wordpress.ft.unicamp.br\/comunicacaocientifica\/wp-json\/wp\/v2\/pages\/16","targetHints":{"allow":["GET"]}}],"collection":[{"href":"https:\/\/wordpress.ft.unicamp.br\/comunicacaocientifica\/wp-json\/wp\/v2\/pages"}],"about":[{"href":"https:\/\/wordpress.ft.unicamp.br\/comunicacaocientifica\/wp-json\/wp\/v2\/types\/page"}],"author":[{"embeddable":true,"href":"https:\/\/wordpress.ft.unicamp.br\/comunicacaocientifica\/wp-json\/wp\/v2\/users\/15"}],"replies":[{"embeddable":true,"href":"https:\/\/wordpress.ft.unicamp.br\/comunicacaocientifica\/wp-json\/wp\/v2\/comments?post=16"}],"version-history":[{"count":19,"href":"https:\/\/wordpress.ft.unicamp.br\/comunicacaocientifica\/wp-json\/wp\/v2\/pages\/16\/revisions"}],"predecessor-version":[{"id":96,"href":"https:\/\/wordpress.ft.unicamp.br\/comunicacaocientifica\/wp-json\/wp\/v2\/pages\/16\/revisions\/96"}],"wp:attachment":[{"href":"https:\/\/wordpress.ft.unicamp.br\/comunicacaocientifica\/wp-json\/wp\/v2\/media?parent=16"}],"curies":[{"name":"wp","href":"https:\/\/api.w.org\/{rel}","templated":true}]}}