{"id":18,"date":"2018-08-03T14:10:13","date_gmt":"2018-08-03T14:10:13","guid":{"rendered":"http:\/\/wordpress.ft.unicamp.br\/comunicacaocientifica\/?page_id=18"},"modified":"2018-08-06T15:51:40","modified_gmt":"2018-08-06T15:51:40","slug":"organizacao-e-contato","status":"publish","type":"page","link":"https:\/\/wordpress.ft.unicamp.br\/comunicacaocientifica\/organizacao-e-contato\/","title":{"rendered":"Organiza\u00e7\u00e3o"},"content":{"rendered":"<p><a href=\"https:\/\/wordpress.ft.unicamp.br\/vitor\/\"><strong>Prof. Vitor Rafael Coluci<\/strong><\/a> &#8211; Faculdade de Tecnologia (vitor@ft.unicamp.br,\u00a0(19) 2113 3416)<\/p>\n<p>Marcelo Raimundo da Silva &#8211;\u00a0<a href=\"https:\/\/www.prp.unicamp.br\/pt-br\/espaco-da-escrita\">Espa\u00e7o da Escrita<\/a> (marcelo.silva@reitoria.unicamp.br, (19) 3521 6649)<\/p>\n<hr \/>\n<p><strong>Apoio<\/strong><\/p>\n<ul>\n<li>Pr\u00f3-Reitoria de Pesquisa &#8211; UNICAMP<\/li>\n<li>Faculdade de Tecnologia &#8211; UNICAMP<\/li>\n<\/ul>\n","protected":false},"excerpt":{"rendered":"<p>Prof. Vitor Rafael Coluci &#8211; Faculdade de Tecnologia (vitor@ft.unicamp.br,\u00a0(19) 2113 3416) Marcelo Raimundo da Silva &#8211;\u00a0Espa\u00e7o da Escrita (marcelo.silva@reitoria.unicamp.br, (19) 3521 6649) Apoio Pr\u00f3-Reitoria de Pesquisa &#8211; UNICAMP Faculdade de <a class=\"more-link\" href=\"https:\/\/wordpress.ft.unicamp.br\/comunicacaocientifica\/organizacao-e-contato\/\">Continue Reading &rarr;<\/a><\/p>\n","protected":false},"author":15,"featured_media":0,"parent":0,"menu_order":0,"comment_status":"closed","ping_status":"closed","template":"","meta":{"footnotes":""},"class_list":["post-18","page","type-page","status-publish","hentry"],"yoast_head":"<!-- This site is optimized with the Yoast SEO plugin v27.5 - https:\/\/yoast.com\/product\/yoast-seo-wordpress\/ -->\n<title>Organiza\u00e7\u00e3o - Curso de Comunica\u00e7\u00e3o Cient\u00edfica<\/title>\n<meta name=\"robots\" content=\"index, follow, max-snippet:-1, max-image-preview:large, max-video-preview:-1\" \/>\n<link rel=\"canonical\" href=\"https:\/\/wordpress.ft.unicamp.br\/comunicacaocientifica\/organizacao-e-contato\/\" \/>\n<meta property=\"og:locale\" content=\"pt_BR\" \/>\n<meta property=\"og:type\" content=\"article\" \/>\n<meta property=\"og:title\" content=\"Organiza\u00e7\u00e3o - Curso de Comunica\u00e7\u00e3o Cient\u00edfica\" \/>\n<meta property=\"og:description\" content=\"Prof. Vitor Rafael Coluci &#8211; Faculdade de Tecnologia (vitor@ft.unicamp.br,\u00a0(19) 2113 3416) Marcelo Raimundo da Silva &#8211;\u00a0Espa\u00e7o da Escrita (marcelo.silva@reitoria.unicamp.br, (19) 3521 6649) Apoio Pr\u00f3-Reitoria de Pesquisa &#8211; UNICAMP Faculdade de Continue Reading &rarr;\" \/>\n<meta property=\"og:url\" content=\"https:\/\/wordpress.ft.unicamp.br\/comunicacaocientifica\/organizacao-e-contato\/\" \/>\n<meta property=\"og:site_name\" content=\"Curso de Comunica\u00e7\u00e3o Cient\u00edfica\" \/>\n<meta property=\"article:modified_time\" content=\"2018-08-06T15:51:40+00:00\" \/>\n<meta name=\"twitter:card\" content=\"summary_large_image\" \/>\n<script type=\"application\/ld+json\" class=\"yoast-schema-graph\">{\"@context\":\"https:\\\/\\\/schema.org\",\"@graph\":[{\"@type\":\"WebPage\",\"@id\":\"https:\\\/\\\/wordpress.ft.unicamp.br\\\/comunicacaocientifica\\\/organizacao-e-contato\\\/\",\"url\":\"https:\\\/\\\/wordpress.ft.unicamp.br\\\/comunicacaocientifica\\\/organizacao-e-contato\\\/\",\"name\":\"Organiza\u00e7\u00e3o - Curso de Comunica\u00e7\u00e3o Cient\u00edfica\",\"isPartOf\":{\"@id\":\"https:\\\/\\\/wordpress.ft.unicamp.br\\\/comunicacaocientifica\\\/#website\"},\"datePublished\":\"2018-08-03T14:10:13+00:00\",\"dateModified\":\"2018-08-06T15:51:40+00:00\",\"breadcrumb\":{\"@id\":\"https:\\\/\\\/wordpress.ft.unicamp.br\\\/comunicacaocientifica\\\/organizacao-e-contato\\\/#breadcrumb\"},\"inLanguage\":\"pt-BR\",\"potentialAction\":[{\"@type\":\"ReadAction\",\"target\":[\"https:\\\/\\\/wordpress.ft.unicamp.br\\\/comunicacaocientifica\\\/organizacao-e-contato\\\/\"]}]},{\"@type\":\"BreadcrumbList\",\"@id\":\"https:\\\/\\\/wordpress.ft.unicamp.br\\\/comunicacaocientifica\\\/organizacao-e-contato\\\/#breadcrumb\",\"itemListElement\":[{\"@type\":\"ListItem\",\"position\":1,\"name\":\"Home\",\"item\":\"https:\\\/\\\/wordpress.ft.unicamp.br\\\/comunicacaocientifica\\\/\"},{\"@type\":\"ListItem\",\"position\":2,\"name\":\"Organiza\u00e7\u00e3o\"}]},{\"@type\":\"WebSite\",\"@id\":\"https:\\\/\\\/wordpress.ft.unicamp.br\\\/comunicacaocientifica\\\/#website\",\"url\":\"https:\\\/\\\/wordpress.ft.unicamp.br\\\/comunicacaocientifica\\\/\",\"name\":\"Curso de Comunica\u00e7\u00e3o Cient\u00edfica\",\"description\":\"Faculdade de Tecnologia\\\/UNICAMP - Limeira-SP\",\"publisher\":{\"@id\":\"https:\\\/\\\/wordpress.ft.unicamp.br\\\/comunicacaocientifica\\\/#organization\"},\"potentialAction\":[{\"@type\":\"SearchAction\",\"target\":{\"@type\":\"EntryPoint\",\"urlTemplate\":\"https:\\\/\\\/wordpress.ft.unicamp.br\\\/comunicacaocientifica\\\/?s={search_term_string}\"},\"query-input\":{\"@type\":\"PropertyValueSpecification\",\"valueRequired\":true,\"valueName\":\"search_term_string\"}}],\"inLanguage\":\"pt-BR\"},{\"@type\":\"Organization\",\"@id\":\"https:\\\/\\\/wordpress.ft.unicamp.br\\\/comunicacaocientifica\\\/#organization\",\"name\":\"Curso de Comunica\u00e7\u00e3o Cient\u00edfica\",\"url\":\"https:\\\/\\\/wordpress.ft.unicamp.br\\\/comunicacaocientifica\\\/\",\"logo\":{\"@type\":\"ImageObject\",\"inLanguage\":\"pt-BR\",\"@id\":\"https:\\\/\\\/wordpress.ft.unicamp.br\\\/comunicacaocientifica\\\/#\\\/schema\\\/logo\\\/image\\\/\",\"url\":\"https:\\\/\\\/wordpress.ft.unicamp.br\\\/comunicacaocientifica\\\/wp-content\\\/uploads\\\/sites\\\/47\\\/2018\\\/08\\\/cropped-logo-site.png\",\"contentUrl\":\"https:\\\/\\\/wordpress.ft.unicamp.br\\\/comunicacaocientifica\\\/wp-content\\\/uploads\\\/sites\\\/47\\\/2018\\\/08\\\/cropped-logo-site.png\",\"width\":2815,\"height\":675,\"caption\":\"Curso de Comunica\u00e7\u00e3o Cient\u00edfica\"},\"image\":{\"@id\":\"https:\\\/\\\/wordpress.ft.unicamp.br\\\/comunicacaocientifica\\\/#\\\/schema\\\/logo\\\/image\\\/\"}}]}<\/script>\n<!-- \/ Yoast SEO plugin. -->","yoast_head_json":{"title":"Organiza\u00e7\u00e3o - Curso de Comunica\u00e7\u00e3o Cient\u00edfica","robots":{"index":"index","follow":"follow","max-snippet":"max-snippet:-1","max-image-preview":"max-image-preview:large","max-video-preview":"max-video-preview:-1"},"canonical":"https:\/\/wordpress.ft.unicamp.br\/comunicacaocientifica\/organizacao-e-contato\/","og_locale":"pt_BR","og_type":"article","og_title":"Organiza\u00e7\u00e3o - Curso de Comunica\u00e7\u00e3o Cient\u00edfica","og_description":"Prof. Vitor Rafael Coluci &#8211; Faculdade de Tecnologia (vitor@ft.unicamp.br,\u00a0(19) 2113 3416) Marcelo Raimundo da Silva &#8211;\u00a0Espa\u00e7o da Escrita (marcelo.silva@reitoria.unicamp.br, (19) 3521 6649) Apoio Pr\u00f3-Reitoria de Pesquisa &#8211; UNICAMP Faculdade de Continue Reading &rarr;","og_url":"https:\/\/wordpress.ft.unicamp.br\/comunicacaocientifica\/organizacao-e-contato\/","og_site_name":"Curso de Comunica\u00e7\u00e3o Cient\u00edfica","article_modified_time":"2018-08-06T15:51:40+00:00","twitter_card":"summary_large_image","schema":{"@context":"https:\/\/schema.org","@graph":[{"@type":"WebPage","@id":"https:\/\/wordpress.ft.unicamp.br\/comunicacaocientifica\/organizacao-e-contato\/","url":"https:\/\/wordpress.ft.unicamp.br\/comunicacaocientifica\/organizacao-e-contato\/","name":"Organiza\u00e7\u00e3o - Curso de Comunica\u00e7\u00e3o Cient\u00edfica","isPartOf":{"@id":"https:\/\/wordpress.ft.unicamp.br\/comunicacaocientifica\/#website"},"datePublished":"2018-08-03T14:10:13+00:00","dateModified":"2018-08-06T15:51:40+00:00","breadcrumb":{"@id":"https:\/\/wordpress.ft.unicamp.br\/comunicacaocientifica\/organizacao-e-contato\/#breadcrumb"},"inLanguage":"pt-BR","potentialAction":[{"@type":"ReadAction","target":["https:\/\/wordpress.ft.unicamp.br\/comunicacaocientifica\/organizacao-e-contato\/"]}]},{"@type":"BreadcrumbList","@id":"https:\/\/wordpress.ft.unicamp.br\/comunicacaocientifica\/organizacao-e-contato\/#breadcrumb","itemListElement":[{"@type":"ListItem","position":1,"name":"Home","item":"https:\/\/wordpress.ft.unicamp.br\/comunicacaocientifica\/"},{"@type":"ListItem","position":2,"name":"Organiza\u00e7\u00e3o"}]},{"@type":"WebSite","@id":"https:\/\/wordpress.ft.unicamp.br\/comunicacaocientifica\/#website","url":"https:\/\/wordpress.ft.unicamp.br\/comunicacaocientifica\/","name":"Curso de Comunica\u00e7\u00e3o Cient\u00edfica","description":"Faculdade de Tecnologia\/UNICAMP - Limeira-SP","publisher":{"@id":"https:\/\/wordpress.ft.unicamp.br\/comunicacaocientifica\/#organization"},"potentialAction":[{"@type":"SearchAction","target":{"@type":"EntryPoint","urlTemplate":"https:\/\/wordpress.ft.unicamp.br\/comunicacaocientifica\/?s={search_term_string}"},"query-input":{"@type":"PropertyValueSpecification","valueRequired":true,"valueName":"search_term_string"}}],"inLanguage":"pt-BR"},{"@type":"Organization","@id":"https:\/\/wordpress.ft.unicamp.br\/comunicacaocientifica\/#organization","name":"Curso de Comunica\u00e7\u00e3o Cient\u00edfica","url":"https:\/\/wordpress.ft.unicamp.br\/comunicacaocientifica\/","logo":{"@type":"ImageObject","inLanguage":"pt-BR","@id":"https:\/\/wordpress.ft.unicamp.br\/comunicacaocientifica\/#\/schema\/logo\/image\/","url":"https:\/\/wordpress.ft.unicamp.br\/comunicacaocientifica\/wp-content\/uploads\/sites\/47\/2018\/08\/cropped-logo-site.png","contentUrl":"https:\/\/wordpress.ft.unicamp.br\/comunicacaocientifica\/wp-content\/uploads\/sites\/47\/2018\/08\/cropped-logo-site.png","width":2815,"height":675,"caption":"Curso de Comunica\u00e7\u00e3o Cient\u00edfica"},"image":{"@id":"https:\/\/wordpress.ft.unicamp.br\/comunicacaocientifica\/#\/schema\/logo\/image\/"}}]}},"_links":{"self":[{"href":"https:\/\/wordpress.ft.unicamp.br\/comunicacaocientifica\/wp-json\/wp\/v2\/pages\/18","targetHints":{"allow":["GET"]}}],"collection":[{"href":"https:\/\/wordpress.ft.unicamp.br\/comunicacaocientifica\/wp-json\/wp\/v2\/pages"}],"about":[{"href":"https:\/\/wordpress.ft.unicamp.br\/comunicacaocientifica\/wp-json\/wp\/v2\/types\/page"}],"author":[{"embeddable":true,"href":"https:\/\/wordpress.ft.unicamp.br\/comunicacaocientifica\/wp-json\/wp\/v2\/users\/15"}],"replies":[{"embeddable":true,"href":"https:\/\/wordpress.ft.unicamp.br\/comunicacaocientifica\/wp-json\/wp\/v2\/comments?post=18"}],"version-history":[{"count":7,"href":"https:\/\/wordpress.ft.unicamp.br\/comunicacaocientifica\/wp-json\/wp\/v2\/pages\/18\/revisions"}],"predecessor-version":[{"id":63,"href":"https:\/\/wordpress.ft.unicamp.br\/comunicacaocientifica\/wp-json\/wp\/v2\/pages\/18\/revisions\/63"}],"wp:attachment":[{"href":"https:\/\/wordpress.ft.unicamp.br\/comunicacaocientifica\/wp-json\/wp\/v2\/media?parent=18"}],"curies":[{"name":"wp","href":"https:\/\/api.w.org\/{rel}","templated":true}]}}