{"id":2,"date":"2018-08-02T12:41:17","date_gmt":"2018-08-02T12:41:17","guid":{"rendered":"http:\/\/wordpress.ft.unicamp.br\/comunicacaocientifica\/?page_id=2"},"modified":"2018-08-16T12:24:59","modified_gmt":"2018-08-16T12:24:59","slug":"sample-page","status":"publish","type":"page","link":"https:\/\/wordpress.ft.unicamp.br\/comunicacaocientifica\/","title":{"rendered":"In\u00edcio"},"content":{"rendered":"<p>O Curso de Comunica\u00e7\u00e3o Cient\u00edfica ser\u00e1 realizado na Faculdade de Tecnologia\/Campus I UNICAMP em Limeira nos dias <strong>13, 14 e 15 de Fevereiro de 2019<\/strong>.<\/p>\n<p>O Curso \u00e9 destinado a professores\u00a0da <strong>Faculdade de Tecnologia, Faculdade de Ci\u00eancias Aplicadas e Faculdade de Odontologia<\/strong>. Os professores devem estar em <em>in\u00edcio de carreira, <\/em>ou seja, com at\u00e9 <strong>10 anos<\/strong> de conclus\u00e3o do doutorado.<\/p>\n<p>Oferecido pelo <em>British Council<\/em>\u00a0dentro do Programa <strong>Researcher Connect<\/strong> (veja um v\u00eddeo do programa <a href=\"https:\/\/www.youtube.com\/watch?v=g-DYfL6ZNa8\">aqui<\/a>), o curso\u00a0<span class=\"s1\">consiste em uma s\u00e9rie de pequenos m\u00f3dulos interativos para pesquisadores de qualquer forma\u00e7\u00e3o acad\u00eamica. Seu foco \u00e9 desenvolver excelentes habilidades em comunica\u00e7\u00e3o para que sejam utilizadas em contextos internacionais e multiculturais,\u00a0<\/span>elabora\u00e7\u00e3o de artigos e projetos cient\u00edficos e apresenta\u00e7\u00e3o de trabalhos cient\u00edficos.<\/p>\n<h6>O Curso ser\u00e1 oferecido em<span style=\"color: #0000ff\">\u00a0<strong>INGL\u00caS<\/strong><\/span>\u00a0e ser\u00e3o oferecidas <span style=\"color: #ff0000\"><strong>25 vagas<\/strong><\/span>.<\/h6>\n<p>&nbsp;<\/p>\n<p><span class=\"s2\">Dado que alguns campos de pesquisa s\u00e3o dominados por um g\u00eanero espec\u00edfico, \u00e9 requisito do curso que seja mantido o equil\u00edbrio de g\u00eanero de modo a promover a diversidade e a assegurar que nenhum participante seja exclu\u00eddo de participar dos cursos por motivos \u00e9tnicos, de g\u00eanero, cren\u00e7a religiosa, orienta\u00e7\u00e3o sexual ou defici\u00eancia.\u00a0<\/span><\/p>\n<p>O Curso contar\u00e1 com os seguintes <strong>m\u00f3dulos<\/strong>:<\/p>\n<p>1) <strong>Know your audience<\/strong><\/p>\n<p>2) <strong>Academic Writing<\/strong><\/p>\n<p>3) <strong>Persuasive Proposals<\/strong><\/p>\n<p>4) <strong>Presenting with Impact<\/strong><\/p>\n<p>O conte\u00fado dos m\u00f3dulos s\u00e3o:<\/p>\n<p><strong><span style=\"color: #000000\">1) Know your audience:<\/span><\/strong><\/p>\n<p><strong><span style=\"color: #000000\">Most researchers have experienced giving what we feel is a brilliant, uplifting presentation, of writing an in-depth and perceptive paper or an abstract that ticks all the boxes, essentially believing we have communicated well. Yet, to our surprise, we then find that the audience was unresponsive, the editorial board rejected the paper, or the abstract failed to generate views. Our communication failed in some way to achieve what we wanted. Know Your Audience provides participants with the insights, understanding and tactics to avoid such situations, and to communicate effectively whatever the situation or context. The module also examines writing skills and looks at how to adapt writing styles to suit a variety of audiences.<\/span><\/strong><\/p>\n<hr \/>\n<p><span style=\"color: #0000ff\"><strong>2) Presenting with Impact:\u00a0<\/strong><\/span><\/p>\n<p><span style=\"color: #0000ff\"><strong>Presenting with Impact focuses on the skills, confidence and know-how to present at international conferences. Participants work on creating and giving clear, effective and audience-focused presentations about aspects of their research. As with all Researcher Connect modules, Presenting with Impact is highly experiential, with participants developing, delivering and critiquing a brief presentation through a series of practical activities.<\/strong><\/span><\/p>\n<hr \/>\n<p><span style=\"color: #993300\"><strong>3) Academic Writing:\u00a0<\/strong><\/span><\/p>\n<p><span style=\"color: #993300\"><strong>Academic Writing explores principles and techniques for adapting researchers\u2019 academic writing to become excellent publication material. The course also looks to support the development of tactics and a strategic approach to international publishing in multiple formats. It contains know-how on getting through and understanding the publishing process and the author\u2019s role in this. The module also includes a self-critiquing process that will run in parallel to the activities and conclude with a self and peer-developed analysis with \u2018next steps\u2019 to work on.<\/strong><\/span><\/p>\n<hr \/>\n<p><span style=\"color: #339966\"><strong>4) Persuasive Proposals:\u00a0<\/strong><\/span><\/p>\n<p><span style=\"color: #339966\"><strong>It is becoming increasingly necessary in the professional research environment for researchers, even at a fairly early- career stage, to seek external funding from sponsors, grant agencies or governments. Researchers may also seek support in the form of resources or partnerships and access a myriad of other services from industry, the wider research community and other bodies. Persuasive Proposals will enable researchers to write proposals that are clear, concise, and that better consider and meet the expectations of the funding bodies.\u00a0<\/strong><\/span><\/p>\n<hr \/>\n<p>Mais detalhes sobre esses m\u00f3dulos podem ser vistos\u00a0<a href=\"https:\/\/www.britishcouncil.org\/sites\/default\/files\/researcher_connect_prospectus.pdf\">aqui<\/a>.<\/p>\n<hr \/>\n<p class=\"p3\">\n","protected":false},"excerpt":{"rendered":"<p>O Curso de Comunica\u00e7\u00e3o Cient\u00edfica ser\u00e1 realizado na Faculdade de Tecnologia\/Campus I UNICAMP em Limeira nos dias 13, 14 e 15 de Fevereiro de 2019. O Curso \u00e9 destinado a <a class=\"more-link\" href=\"https:\/\/wordpress.ft.unicamp.br\/comunicacaocientifica\/\">Continue Reading &rarr;<\/a><\/p>\n","protected":false},"author":15,"featured_media":0,"parent":0,"menu_order":0,"comment_status":"closed","ping_status":"open","template":"","meta":{"footnotes":""},"class_list":["post-2","page","type-page","status-publish","hentry"],"yoast_head":"<!-- This site is optimized with the Yoast SEO plugin v27.5 - https:\/\/yoast.com\/product\/yoast-seo-wordpress\/ -->\n<title>In\u00edcio - Curso de Comunica\u00e7\u00e3o Cient\u00edfica<\/title>\n<meta name=\"robots\" content=\"index, follow, max-snippet:-1, max-image-preview:large, max-video-preview:-1\" \/>\n<link rel=\"canonical\" href=\"https:\/\/wordpress.ft.unicamp.br\/comunicacaocientifica\/\" \/>\n<meta property=\"og:locale\" content=\"pt_BR\" \/>\n<meta property=\"og:type\" content=\"article\" \/>\n<meta property=\"og:title\" content=\"In\u00edcio - Curso de Comunica\u00e7\u00e3o Cient\u00edfica\" \/>\n<meta property=\"og:description\" content=\"O Curso de Comunica\u00e7\u00e3o Cient\u00edfica ser\u00e1 realizado na Faculdade de Tecnologia\/Campus I UNICAMP em Limeira nos dias 13, 14 e 15 de Fevereiro de 2019. O Curso \u00e9 destinado a Continue Reading &rarr;\" \/>\n<meta property=\"og:url\" content=\"https:\/\/wordpress.ft.unicamp.br\/comunicacaocientifica\/\" \/>\n<meta property=\"og:site_name\" content=\"Curso de Comunica\u00e7\u00e3o Cient\u00edfica\" \/>\n<meta property=\"article:modified_time\" content=\"2018-08-16T12:24:59+00:00\" \/>\n<meta name=\"twitter:card\" content=\"summary_large_image\" \/>\n<meta name=\"twitter:label1\" content=\"Est. tempo de leitura\" \/>\n\t<meta name=\"twitter:data1\" content=\"3 minutos\" \/>\n<script type=\"application\/ld+json\" class=\"yoast-schema-graph\">{\"@context\":\"https:\\\/\\\/schema.org\",\"@graph\":[{\"@type\":\"WebPage\",\"@id\":\"https:\\\/\\\/wordpress.ft.unicamp.br\\\/comunicacaocientifica\\\/\",\"url\":\"https:\\\/\\\/wordpress.ft.unicamp.br\\\/comunicacaocientifica\\\/\",\"name\":\"In\u00edcio - Curso de Comunica\u00e7\u00e3o Cient\u00edfica\",\"isPartOf\":{\"@id\":\"https:\\\/\\\/wordpress.ft.unicamp.br\\\/comunicacaocientifica\\\/#website\"},\"datePublished\":\"2018-08-02T12:41:17+00:00\",\"dateModified\":\"2018-08-16T12:24:59+00:00\",\"breadcrumb\":{\"@id\":\"https:\\\/\\\/wordpress.ft.unicamp.br\\\/comunicacaocientifica\\\/#breadcrumb\"},\"inLanguage\":\"pt-BR\",\"potentialAction\":[{\"@type\":\"ReadAction\",\"target\":[\"https:\\\/\\\/wordpress.ft.unicamp.br\\\/comunicacaocientifica\\\/\"]}]},{\"@type\":\"BreadcrumbList\",\"@id\":\"https:\\\/\\\/wordpress.ft.unicamp.br\\\/comunicacaocientifica\\\/#breadcrumb\",\"itemListElement\":[{\"@type\":\"ListItem\",\"position\":1,\"name\":\"Home\",\"item\":\"https:\\\/\\\/wordpress.ft.unicamp.br\\\/comunicacaocientifica\\\/\"},{\"@type\":\"ListItem\",\"position\":2,\"name\":\"In\u00edcio\"}]},{\"@type\":\"WebSite\",\"@id\":\"https:\\\/\\\/wordpress.ft.unicamp.br\\\/comunicacaocientifica\\\/#website\",\"url\":\"https:\\\/\\\/wordpress.ft.unicamp.br\\\/comunicacaocientifica\\\/\",\"name\":\"Curso de Comunica\u00e7\u00e3o Cient\u00edfica\",\"description\":\"Faculdade de Tecnologia\\\/UNICAMP - Limeira-SP\",\"publisher\":{\"@id\":\"https:\\\/\\\/wordpress.ft.unicamp.br\\\/comunicacaocientifica\\\/#organization\"},\"potentialAction\":[{\"@type\":\"SearchAction\",\"target\":{\"@type\":\"EntryPoint\",\"urlTemplate\":\"https:\\\/\\\/wordpress.ft.unicamp.br\\\/comunicacaocientifica\\\/?s={search_term_string}\"},\"query-input\":{\"@type\":\"PropertyValueSpecification\",\"valueRequired\":true,\"valueName\":\"search_term_string\"}}],\"inLanguage\":\"pt-BR\"},{\"@type\":\"Organization\",\"@id\":\"https:\\\/\\\/wordpress.ft.unicamp.br\\\/comunicacaocientifica\\\/#organization\",\"name\":\"Curso de Comunica\u00e7\u00e3o Cient\u00edfica\",\"url\":\"https:\\\/\\\/wordpress.ft.unicamp.br\\\/comunicacaocientifica\\\/\",\"logo\":{\"@type\":\"ImageObject\",\"inLanguage\":\"pt-BR\",\"@id\":\"https:\\\/\\\/wordpress.ft.unicamp.br\\\/comunicacaocientifica\\\/#\\\/schema\\\/logo\\\/image\\\/\",\"url\":\"https:\\\/\\\/wordpress.ft.unicamp.br\\\/comunicacaocientifica\\\/wp-content\\\/uploads\\\/sites\\\/47\\\/2018\\\/08\\\/cropped-logo-site.png\",\"contentUrl\":\"https:\\\/\\\/wordpress.ft.unicamp.br\\\/comunicacaocientifica\\\/wp-content\\\/uploads\\\/sites\\\/47\\\/2018\\\/08\\\/cropped-logo-site.png\",\"width\":2815,\"height\":675,\"caption\":\"Curso de Comunica\u00e7\u00e3o Cient\u00edfica\"},\"image\":{\"@id\":\"https:\\\/\\\/wordpress.ft.unicamp.br\\\/comunicacaocientifica\\\/#\\\/schema\\\/logo\\\/image\\\/\"}}]}<\/script>\n<!-- \/ Yoast SEO plugin. -->","yoast_head_json":{"title":"In\u00edcio - Curso de Comunica\u00e7\u00e3o Cient\u00edfica","robots":{"index":"index","follow":"follow","max-snippet":"max-snippet:-1","max-image-preview":"max-image-preview:large","max-video-preview":"max-video-preview:-1"},"canonical":"https:\/\/wordpress.ft.unicamp.br\/comunicacaocientifica\/","og_locale":"pt_BR","og_type":"article","og_title":"In\u00edcio - Curso de Comunica\u00e7\u00e3o Cient\u00edfica","og_description":"O Curso de Comunica\u00e7\u00e3o Cient\u00edfica ser\u00e1 realizado na Faculdade de Tecnologia\/Campus I UNICAMP em Limeira nos dias 13, 14 e 15 de Fevereiro de 2019. O Curso \u00e9 destinado a Continue Reading &rarr;","og_url":"https:\/\/wordpress.ft.unicamp.br\/comunicacaocientifica\/","og_site_name":"Curso de Comunica\u00e7\u00e3o Cient\u00edfica","article_modified_time":"2018-08-16T12:24:59+00:00","twitter_card":"summary_large_image","twitter_misc":{"Est. tempo de leitura":"3 minutos"},"schema":{"@context":"https:\/\/schema.org","@graph":[{"@type":"WebPage","@id":"https:\/\/wordpress.ft.unicamp.br\/comunicacaocientifica\/","url":"https:\/\/wordpress.ft.unicamp.br\/comunicacaocientifica\/","name":"In\u00edcio - Curso de Comunica\u00e7\u00e3o Cient\u00edfica","isPartOf":{"@id":"https:\/\/wordpress.ft.unicamp.br\/comunicacaocientifica\/#website"},"datePublished":"2018-08-02T12:41:17+00:00","dateModified":"2018-08-16T12:24:59+00:00","breadcrumb":{"@id":"https:\/\/wordpress.ft.unicamp.br\/comunicacaocientifica\/#breadcrumb"},"inLanguage":"pt-BR","potentialAction":[{"@type":"ReadAction","target":["https:\/\/wordpress.ft.unicamp.br\/comunicacaocientifica\/"]}]},{"@type":"BreadcrumbList","@id":"https:\/\/wordpress.ft.unicamp.br\/comunicacaocientifica\/#breadcrumb","itemListElement":[{"@type":"ListItem","position":1,"name":"Home","item":"https:\/\/wordpress.ft.unicamp.br\/comunicacaocientifica\/"},{"@type":"ListItem","position":2,"name":"In\u00edcio"}]},{"@type":"WebSite","@id":"https:\/\/wordpress.ft.unicamp.br\/comunicacaocientifica\/#website","url":"https:\/\/wordpress.ft.unicamp.br\/comunicacaocientifica\/","name":"Curso de Comunica\u00e7\u00e3o Cient\u00edfica","description":"Faculdade de Tecnologia\/UNICAMP - Limeira-SP","publisher":{"@id":"https:\/\/wordpress.ft.unicamp.br\/comunicacaocientifica\/#organization"},"potentialAction":[{"@type":"SearchAction","target":{"@type":"EntryPoint","urlTemplate":"https:\/\/wordpress.ft.unicamp.br\/comunicacaocientifica\/?s={search_term_string}"},"query-input":{"@type":"PropertyValueSpecification","valueRequired":true,"valueName":"search_term_string"}}],"inLanguage":"pt-BR"},{"@type":"Organization","@id":"https:\/\/wordpress.ft.unicamp.br\/comunicacaocientifica\/#organization","name":"Curso de Comunica\u00e7\u00e3o Cient\u00edfica","url":"https:\/\/wordpress.ft.unicamp.br\/comunicacaocientifica\/","logo":{"@type":"ImageObject","inLanguage":"pt-BR","@id":"https:\/\/wordpress.ft.unicamp.br\/comunicacaocientifica\/#\/schema\/logo\/image\/","url":"https:\/\/wordpress.ft.unicamp.br\/comunicacaocientifica\/wp-content\/uploads\/sites\/47\/2018\/08\/cropped-logo-site.png","contentUrl":"https:\/\/wordpress.ft.unicamp.br\/comunicacaocientifica\/wp-content\/uploads\/sites\/47\/2018\/08\/cropped-logo-site.png","width":2815,"height":675,"caption":"Curso de Comunica\u00e7\u00e3o Cient\u00edfica"},"image":{"@id":"https:\/\/wordpress.ft.unicamp.br\/comunicacaocientifica\/#\/schema\/logo\/image\/"}}]}},"_links":{"self":[{"href":"https:\/\/wordpress.ft.unicamp.br\/comunicacaocientifica\/wp-json\/wp\/v2\/pages\/2","targetHints":{"allow":["GET"]}}],"collection":[{"href":"https:\/\/wordpress.ft.unicamp.br\/comunicacaocientifica\/wp-json\/wp\/v2\/pages"}],"about":[{"href":"https:\/\/wordpress.ft.unicamp.br\/comunicacaocientifica\/wp-json\/wp\/v2\/types\/page"}],"author":[{"embeddable":true,"href":"https:\/\/wordpress.ft.unicamp.br\/comunicacaocientifica\/wp-json\/wp\/v2\/users\/15"}],"replies":[{"embeddable":true,"href":"https:\/\/wordpress.ft.unicamp.br\/comunicacaocientifica\/wp-json\/wp\/v2\/comments?post=2"}],"version-history":[{"count":22,"href":"https:\/\/wordpress.ft.unicamp.br\/comunicacaocientifica\/wp-json\/wp\/v2\/pages\/2\/revisions"}],"predecessor-version":[{"id":94,"href":"https:\/\/wordpress.ft.unicamp.br\/comunicacaocientifica\/wp-json\/wp\/v2\/pages\/2\/revisions\/94"}],"wp:attachment":[{"href":"https:\/\/wordpress.ft.unicamp.br\/comunicacaocientifica\/wp-json\/wp\/v2\/media?parent=2"}],"curies":[{"name":"wp","href":"https:\/\/api.w.org\/{rel}","templated":true}]}}