{"id":98,"date":"2019-02-05T12:19:26","date_gmt":"2019-02-05T12:19:26","guid":{"rendered":"http:\/\/wordpress.ft.unicamp.br\/comunicacaocientifica\/?page_id=98"},"modified":"2019-02-05T14:48:38","modified_gmt":"2019-02-05T14:48:38","slug":"instrutora","status":"publish","type":"page","link":"https:\/\/wordpress.ft.unicamp.br\/comunicacaocientifica\/instrutora\/","title":{"rendered":"Instrutora"},"content":{"rendered":"\n<h2 class=\"wp-block-heading\">Dr. Stella Mascarenhas-Keyes<\/h2>\n\n\n\n<div class=\"wp-block-image\"><figure class=\"alignleft is-resized\"><img fetchpriority=\"high\" decoding=\"async\" src=\"http:\/\/wordpress.ft.unicamp.br\/comunicacaocientifica\/wp-content\/uploads\/sites\/47\/2019\/02\/stella-709x1024.jpg\" alt=\"\" class=\"wp-image-104\" width=\"218\" height=\"315\" srcset=\"https:\/\/wordpress.ft.unicamp.br\/comunicacaocientifica\/wp-content\/uploads\/sites\/47\/2019\/02\/stella-709x1024.jpg 709w, https:\/\/wordpress.ft.unicamp.br\/comunicacaocientifica\/wp-content\/uploads\/sites\/47\/2019\/02\/stella-208x300.jpg 208w, https:\/\/wordpress.ft.unicamp.br\/comunicacaocientifica\/wp-content\/uploads\/sites\/47\/2019\/02\/stella-768x1109.jpg 768w\" sizes=\"(max-width: 218px) 100vw, 218px\" \/><\/figure><\/div>\n\n\n\n<p>Stella\nholds a Ph.D in Social Anthropology, an M.A. in Higher and\nProfessional Education, and a B.Sc in Psychology. She holds\ncertificates in Training and Development; Leadership and Management;\nand Public Speaking.<\/p>\n\n\n\n<p>She\nworks as a freelance consultant undertaking UK and overseas research,\nmonitoring and evaluation; advising universities on increasing the\nimpact of research on academic and non-academic audiences; training\ncivil servants to use evidence in policy development and delivery;\nand teaching in UK and overseas universities.  She is a trainer for\nthe British Council Research Connect programme and has delivered\nworkshops in Egypt, China and Brazil.<\/p>\n\n\n\n<p>She\nhas undertaken research on international migration from India which\ninvolved fieldwork in India, UK, Portugal, Dubai and Brazil. She has\ncarried out a range of policy focused social research projects,\nincluding a study of British universities to inform social\nanthropology curricula and pedagogy, and of universities in UK and\nChina to inform the development of knowledge-based international\nentrepreneurship, globalisation and innovation policies.&nbsp; She\nwas the external evaluator for a large European Commission science\neducation project involving eleven countries. She is currently\nevaluating another European Commission project on migrant\nentrepreneurship which is being delivered in several countries. &nbsp;&nbsp;<\/p>\n\n\n\n<p>She\nhas published a book and several academic papers as well as presented\npapers at national and international academic conferences. She has\nwritten reports and briefings on social research for Ministers,\npolicy officials and professional bodies, and given presentations at\nseveral non-academic conferences.<\/p>\n\n\n\n<p>She\nworked for sixteen years as a senior social researcher and policy\nadviser in several British Government departments. Prior to joining\nthe civil service, she worked as a university lecturer at the School\nof Oriental and African Studies, London University and also as a\nconsultant in training, educational development and social research.\nShe has run several three to five day training events for doctoral,\nearly and mid-career researchers and university lecturers on research\nmethods, writing research proposals, undertaking evidence-based\npolicy development and implementation, communicating research\nfindings to academic and non-academic audiences, and working in\nnational and international teams.&nbsp; She has mainly worked in the\nUK, but also undertaken overseas assignments.<\/p>\n\n\n\n<p>Dr\nMascarenhas-Keyes is of Indian origin, and was born and brought up in\nKenya, where she taught in a secondary school for two years. She has\nfour children. She is keen to use her extensive multi-faceted\nprofessional experience and expertise to assist the capacity building\nof researchers and academics in the international HE sector.<\/p>\n\n\n\n<p><\/p>\n","protected":false},"excerpt":{"rendered":"<p>Dr. Stella Mascarenhas-Keyes Stella holds a Ph.D in Social Anthropology, an M.A. in Higher and Professional Education, and a B.Sc in Psychology. She holds certificates in Training and Development; Leadership <a class=\"more-link\" href=\"https:\/\/wordpress.ft.unicamp.br\/comunicacaocientifica\/instrutora\/\">Continue Reading &rarr;<\/a><\/p>\n","protected":false},"author":15,"featured_media":0,"parent":0,"menu_order":0,"comment_status":"closed","ping_status":"closed","template":"","meta":{"footnotes":""},"class_list":["post-98","page","type-page","status-publish","hentry"],"yoast_head":"<!-- This site is optimized with the Yoast SEO plugin v27.5 - https:\/\/yoast.com\/product\/yoast-seo-wordpress\/ -->\n<title>Instrutora - Curso de Comunica\u00e7\u00e3o Cient\u00edfica<\/title>\n<meta name=\"robots\" content=\"index, follow, max-snippet:-1, max-image-preview:large, max-video-preview:-1\" \/>\n<link rel=\"canonical\" href=\"https:\/\/wordpress.ft.unicamp.br\/comunicacaocientifica\/instrutora\/\" \/>\n<meta property=\"og:locale\" content=\"pt_BR\" \/>\n<meta property=\"og:type\" content=\"article\" \/>\n<meta property=\"og:title\" content=\"Instrutora - Curso de Comunica\u00e7\u00e3o Cient\u00edfica\" \/>\n<meta property=\"og:description\" content=\"Dr. Stella Mascarenhas-Keyes Stella holds a Ph.D in Social Anthropology, an M.A. in Higher and Professional Education, and a B.Sc in Psychology. She holds certificates in Training and Development; Leadership Continue Reading &rarr;\" \/>\n<meta property=\"og:url\" content=\"https:\/\/wordpress.ft.unicamp.br\/comunicacaocientifica\/instrutora\/\" \/>\n<meta property=\"og:site_name\" content=\"Curso de Comunica\u00e7\u00e3o Cient\u00edfica\" \/>\n<meta property=\"article:modified_time\" content=\"2019-02-05T14:48:38+00:00\" \/>\n<meta property=\"og:image\" content=\"http:\/\/wordpress.ft.unicamp.br\/comunicacaocientifica\/wp-content\/uploads\/sites\/47\/2019\/02\/stella-709x1024.jpg\" \/>\n<meta name=\"twitter:card\" content=\"summary_large_image\" \/>\n<meta name=\"twitter:label1\" content=\"Est. tempo de leitura\" \/>\n\t<meta name=\"twitter:data1\" content=\"2 minutos\" \/>\n<script type=\"application\/ld+json\" class=\"yoast-schema-graph\">{\"@context\":\"https:\\\/\\\/schema.org\",\"@graph\":[{\"@type\":\"WebPage\",\"@id\":\"https:\\\/\\\/wordpress.ft.unicamp.br\\\/comunicacaocientifica\\\/instrutora\\\/\",\"url\":\"https:\\\/\\\/wordpress.ft.unicamp.br\\\/comunicacaocientifica\\\/instrutora\\\/\",\"name\":\"Instrutora - Curso de Comunica\u00e7\u00e3o Cient\u00edfica\",\"isPartOf\":{\"@id\":\"https:\\\/\\\/wordpress.ft.unicamp.br\\\/comunicacaocientifica\\\/#website\"},\"primaryImageOfPage\":{\"@id\":\"https:\\\/\\\/wordpress.ft.unicamp.br\\\/comunicacaocientifica\\\/instrutora\\\/#primaryimage\"},\"image\":{\"@id\":\"https:\\\/\\\/wordpress.ft.unicamp.br\\\/comunicacaocientifica\\\/instrutora\\\/#primaryimage\"},\"thumbnailUrl\":\"http:\\\/\\\/wordpress.ft.unicamp.br\\\/comunicacaocientifica\\\/wp-content\\\/uploads\\\/sites\\\/47\\\/2019\\\/02\\\/stella-709x1024.jpg\",\"datePublished\":\"2019-02-05T12:19:26+00:00\",\"dateModified\":\"2019-02-05T14:48:38+00:00\",\"breadcrumb\":{\"@id\":\"https:\\\/\\\/wordpress.ft.unicamp.br\\\/comunicacaocientifica\\\/instrutora\\\/#breadcrumb\"},\"inLanguage\":\"pt-BR\",\"potentialAction\":[{\"@type\":\"ReadAction\",\"target\":[\"https:\\\/\\\/wordpress.ft.unicamp.br\\\/comunicacaocientifica\\\/instrutora\\\/\"]}]},{\"@type\":\"ImageObject\",\"inLanguage\":\"pt-BR\",\"@id\":\"https:\\\/\\\/wordpress.ft.unicamp.br\\\/comunicacaocientifica\\\/instrutora\\\/#primaryimage\",\"url\":\"https:\\\/\\\/wordpress.ft.unicamp.br\\\/comunicacaocientifica\\\/wp-content\\\/uploads\\\/sites\\\/47\\\/2019\\\/02\\\/stella.jpg\",\"contentUrl\":\"https:\\\/\\\/wordpress.ft.unicamp.br\\\/comunicacaocientifica\\\/wp-content\\\/uploads\\\/sites\\\/47\\\/2019\\\/02\\\/stella.jpg\",\"width\":2113,\"height\":3050},{\"@type\":\"BreadcrumbList\",\"@id\":\"https:\\\/\\\/wordpress.ft.unicamp.br\\\/comunicacaocientifica\\\/instrutora\\\/#breadcrumb\",\"itemListElement\":[{\"@type\":\"ListItem\",\"position\":1,\"name\":\"Home\",\"item\":\"https:\\\/\\\/wordpress.ft.unicamp.br\\\/comunicacaocientifica\\\/\"},{\"@type\":\"ListItem\",\"position\":2,\"name\":\"Instrutora\"}]},{\"@type\":\"WebSite\",\"@id\":\"https:\\\/\\\/wordpress.ft.unicamp.br\\\/comunicacaocientifica\\\/#website\",\"url\":\"https:\\\/\\\/wordpress.ft.unicamp.br\\\/comunicacaocientifica\\\/\",\"name\":\"Curso de Comunica\u00e7\u00e3o Cient\u00edfica\",\"description\":\"Faculdade de Tecnologia\\\/UNICAMP - Limeira-SP\",\"publisher\":{\"@id\":\"https:\\\/\\\/wordpress.ft.unicamp.br\\\/comunicacaocientifica\\\/#organization\"},\"potentialAction\":[{\"@type\":\"SearchAction\",\"target\":{\"@type\":\"EntryPoint\",\"urlTemplate\":\"https:\\\/\\\/wordpress.ft.unicamp.br\\\/comunicacaocientifica\\\/?s={search_term_string}\"},\"query-input\":{\"@type\":\"PropertyValueSpecification\",\"valueRequired\":true,\"valueName\":\"search_term_string\"}}],\"inLanguage\":\"pt-BR\"},{\"@type\":\"Organization\",\"@id\":\"https:\\\/\\\/wordpress.ft.unicamp.br\\\/comunicacaocientifica\\\/#organization\",\"name\":\"Curso de Comunica\u00e7\u00e3o Cient\u00edfica\",\"url\":\"https:\\\/\\\/wordpress.ft.unicamp.br\\\/comunicacaocientifica\\\/\",\"logo\":{\"@type\":\"ImageObject\",\"inLanguage\":\"pt-BR\",\"@id\":\"https:\\\/\\\/wordpress.ft.unicamp.br\\\/comunicacaocientifica\\\/#\\\/schema\\\/logo\\\/image\\\/\",\"url\":\"https:\\\/\\\/wordpress.ft.unicamp.br\\\/comunicacaocientifica\\\/wp-content\\\/uploads\\\/sites\\\/47\\\/2018\\\/08\\\/cropped-logo-site.png\",\"contentUrl\":\"https:\\\/\\\/wordpress.ft.unicamp.br\\\/comunicacaocientifica\\\/wp-content\\\/uploads\\\/sites\\\/47\\\/2018\\\/08\\\/cropped-logo-site.png\",\"width\":2815,\"height\":675,\"caption\":\"Curso de Comunica\u00e7\u00e3o Cient\u00edfica\"},\"image\":{\"@id\":\"https:\\\/\\\/wordpress.ft.unicamp.br\\\/comunicacaocientifica\\\/#\\\/schema\\\/logo\\\/image\\\/\"}}]}<\/script>\n<!-- \/ Yoast SEO plugin. -->","yoast_head_json":{"title":"Instrutora - Curso de Comunica\u00e7\u00e3o Cient\u00edfica","robots":{"index":"index","follow":"follow","max-snippet":"max-snippet:-1","max-image-preview":"max-image-preview:large","max-video-preview":"max-video-preview:-1"},"canonical":"https:\/\/wordpress.ft.unicamp.br\/comunicacaocientifica\/instrutora\/","og_locale":"pt_BR","og_type":"article","og_title":"Instrutora - Curso de Comunica\u00e7\u00e3o Cient\u00edfica","og_description":"Dr. Stella Mascarenhas-Keyes Stella holds a Ph.D in Social Anthropology, an M.A. in Higher and Professional Education, and a B.Sc in Psychology. She holds certificates in Training and Development; Leadership Continue Reading &rarr;","og_url":"https:\/\/wordpress.ft.unicamp.br\/comunicacaocientifica\/instrutora\/","og_site_name":"Curso de Comunica\u00e7\u00e3o Cient\u00edfica","article_modified_time":"2019-02-05T14:48:38+00:00","og_image":[{"url":"http:\/\/wordpress.ft.unicamp.br\/comunicacaocientifica\/wp-content\/uploads\/sites\/47\/2019\/02\/stella-709x1024.jpg","type":"","width":"","height":""}],"twitter_card":"summary_large_image","twitter_misc":{"Est. tempo de leitura":"2 minutos"},"schema":{"@context":"https:\/\/schema.org","@graph":[{"@type":"WebPage","@id":"https:\/\/wordpress.ft.unicamp.br\/comunicacaocientifica\/instrutora\/","url":"https:\/\/wordpress.ft.unicamp.br\/comunicacaocientifica\/instrutora\/","name":"Instrutora - Curso de Comunica\u00e7\u00e3o Cient\u00edfica","isPartOf":{"@id":"https:\/\/wordpress.ft.unicamp.br\/comunicacaocientifica\/#website"},"primaryImageOfPage":{"@id":"https:\/\/wordpress.ft.unicamp.br\/comunicacaocientifica\/instrutora\/#primaryimage"},"image":{"@id":"https:\/\/wordpress.ft.unicamp.br\/comunicacaocientifica\/instrutora\/#primaryimage"},"thumbnailUrl":"http:\/\/wordpress.ft.unicamp.br\/comunicacaocientifica\/wp-content\/uploads\/sites\/47\/2019\/02\/stella-709x1024.jpg","datePublished":"2019-02-05T12:19:26+00:00","dateModified":"2019-02-05T14:48:38+00:00","breadcrumb":{"@id":"https:\/\/wordpress.ft.unicamp.br\/comunicacaocientifica\/instrutora\/#breadcrumb"},"inLanguage":"pt-BR","potentialAction":[{"@type":"ReadAction","target":["https:\/\/wordpress.ft.unicamp.br\/comunicacaocientifica\/instrutora\/"]}]},{"@type":"ImageObject","inLanguage":"pt-BR","@id":"https:\/\/wordpress.ft.unicamp.br\/comunicacaocientifica\/instrutora\/#primaryimage","url":"https:\/\/wordpress.ft.unicamp.br\/comunicacaocientifica\/wp-content\/uploads\/sites\/47\/2019\/02\/stella.jpg","contentUrl":"https:\/\/wordpress.ft.unicamp.br\/comunicacaocientifica\/wp-content\/uploads\/sites\/47\/2019\/02\/stella.jpg","width":2113,"height":3050},{"@type":"BreadcrumbList","@id":"https:\/\/wordpress.ft.unicamp.br\/comunicacaocientifica\/instrutora\/#breadcrumb","itemListElement":[{"@type":"ListItem","position":1,"name":"Home","item":"https:\/\/wordpress.ft.unicamp.br\/comunicacaocientifica\/"},{"@type":"ListItem","position":2,"name":"Instrutora"}]},{"@type":"WebSite","@id":"https:\/\/wordpress.ft.unicamp.br\/comunicacaocientifica\/#website","url":"https:\/\/wordpress.ft.unicamp.br\/comunicacaocientifica\/","name":"Curso de Comunica\u00e7\u00e3o Cient\u00edfica","description":"Faculdade de Tecnologia\/UNICAMP - Limeira-SP","publisher":{"@id":"https:\/\/wordpress.ft.unicamp.br\/comunicacaocientifica\/#organization"},"potentialAction":[{"@type":"SearchAction","target":{"@type":"EntryPoint","urlTemplate":"https:\/\/wordpress.ft.unicamp.br\/comunicacaocientifica\/?s={search_term_string}"},"query-input":{"@type":"PropertyValueSpecification","valueRequired":true,"valueName":"search_term_string"}}],"inLanguage":"pt-BR"},{"@type":"Organization","@id":"https:\/\/wordpress.ft.unicamp.br\/comunicacaocientifica\/#organization","name":"Curso de Comunica\u00e7\u00e3o Cient\u00edfica","url":"https:\/\/wordpress.ft.unicamp.br\/comunicacaocientifica\/","logo":{"@type":"ImageObject","inLanguage":"pt-BR","@id":"https:\/\/wordpress.ft.unicamp.br\/comunicacaocientifica\/#\/schema\/logo\/image\/","url":"https:\/\/wordpress.ft.unicamp.br\/comunicacaocientifica\/wp-content\/uploads\/sites\/47\/2018\/08\/cropped-logo-site.png","contentUrl":"https:\/\/wordpress.ft.unicamp.br\/comunicacaocientifica\/wp-content\/uploads\/sites\/47\/2018\/08\/cropped-logo-site.png","width":2815,"height":675,"caption":"Curso de Comunica\u00e7\u00e3o Cient\u00edfica"},"image":{"@id":"https:\/\/wordpress.ft.unicamp.br\/comunicacaocientifica\/#\/schema\/logo\/image\/"}}]}},"_links":{"self":[{"href":"https:\/\/wordpress.ft.unicamp.br\/comunicacaocientifica\/wp-json\/wp\/v2\/pages\/98","targetHints":{"allow":["GET"]}}],"collection":[{"href":"https:\/\/wordpress.ft.unicamp.br\/comunicacaocientifica\/wp-json\/wp\/v2\/pages"}],"about":[{"href":"https:\/\/wordpress.ft.unicamp.br\/comunicacaocientifica\/wp-json\/wp\/v2\/types\/page"}],"author":[{"embeddable":true,"href":"https:\/\/wordpress.ft.unicamp.br\/comunicacaocientifica\/wp-json\/wp\/v2\/users\/15"}],"replies":[{"embeddable":true,"href":"https:\/\/wordpress.ft.unicamp.br\/comunicacaocientifica\/wp-json\/wp\/v2\/comments?post=98"}],"version-history":[{"count":4,"href":"https:\/\/wordpress.ft.unicamp.br\/comunicacaocientifica\/wp-json\/wp\/v2\/pages\/98\/revisions"}],"predecessor-version":[{"id":112,"href":"https:\/\/wordpress.ft.unicamp.br\/comunicacaocientifica\/wp-json\/wp\/v2\/pages\/98\/revisions\/112"}],"wp:attachment":[{"href":"https:\/\/wordpress.ft.unicamp.br\/comunicacaocientifica\/wp-json\/wp\/v2\/media?parent=98"}],"curies":[{"name":"wp","href":"https:\/\/api.w.org\/{rel}","templated":true}]}}