{"id":2,"date":"2023-08-02T22:40:32","date_gmt":"2023-08-02T22:40:32","guid":{"rendered":"https:\/\/wordpress.ft.unicamp.br\/copen\/?page_id=2"},"modified":"2023-08-02T22:40:32","modified_gmt":"2023-08-02T22:40:32","slug":"copen","status":"publish","type":"page","link":"https:\/\/wordpress.ft.unicamp.br\/copen\/","title":{"rendered":"Copen"},"content":{"rendered":"\n<p><strong>UNIVERSIDADE ESTADUAL DE CAMPINAS<\/strong><\/p>\n\n\n\n<p><\/p>\n\n\n\n<p class=\"has-text-align-left\"><p><\/p><\/p>\n\n\n\n<div class=\"wp-block-media-text alignwide is-stacked-on-mobile\" style=\"grid-template-columns:20% auto\"><figure class=\"wp-block-media-text__media\"><img fetchpriority=\"high\" decoding=\"async\" width=\"1024\" height=\"1024\" src=\"https:\/\/wordpress.ft.unicamp.br\/copen\/wp-content\/uploads\/sites\/77\/2023\/07\/ddc1ce20-c6ef-419d-8c0b-ee2b474cf19d.jpg\" alt=\"\" class=\"wp-image-31 size-full\" srcset=\"https:\/\/wordpress.ft.unicamp.br\/copen\/wp-content\/uploads\/sites\/77\/2023\/07\/ddc1ce20-c6ef-419d-8c0b-ee2b474cf19d.jpg 1024w, https:\/\/wordpress.ft.unicamp.br\/copen\/wp-content\/uploads\/sites\/77\/2023\/07\/ddc1ce20-c6ef-419d-8c0b-ee2b474cf19d-300x300.jpg 300w, https:\/\/wordpress.ft.unicamp.br\/copen\/wp-content\/uploads\/sites\/77\/2023\/07\/ddc1ce20-c6ef-419d-8c0b-ee2b474cf19d-150x150.jpg 150w, https:\/\/wordpress.ft.unicamp.br\/copen\/wp-content\/uploads\/sites\/77\/2023\/07\/ddc1ce20-c6ef-419d-8c0b-ee2b474cf19d-768x768.jpg 768w\" sizes=\"(max-width: 1024px) 100vw, 1024px\" \/><\/figure><div class=\"wp-block-media-text__content\">\n<p><strong>Visualiza\u00e7\u00e3o e anal\u00edtica visual aplicadas \u00e0 an\u00e1lise de dados de processos relacionados a explora\u00e7\u00e3o de petr\u00f3leo e obten\u00e7\u00e3o de energia<\/strong><\/p>\n\n\n\n<p>Visualiza\u00e7\u00e3o e anal\u00edtica visual (<em>visual analytics<\/em>) s\u00e3o ferramentas poderosas para explorar grandes conjuntos de dados de forma gr\u00e1fica e interativa, permitindo identificar padr\u00f5es, tend\u00eancias, rela\u00e7\u00f5es e discrep\u00e2ncias. Nesta \u00e1rea, o foco de atua\u00e7\u00e3o do grupo \u00e9 prover visualiza\u00e7\u00f5es que possibilitem aos especialistas de petr\u00f3leo melhor interpretar resultados obtidos em cada etapa de processos de explora\u00e7\u00e3o de petr\u00f3leo e obten\u00e7\u00e3o de energia, colaborando para reduzir os custos desses processos.<\/p>\n\n\n\n<p><a href=\"https:\/\/www.ft.unicamp.br\/pt-br\/pessoas\/docentes\/celmar\" target=\"_blank\" rel=\"noreferrer noopener\">Prof. Dr. Celmar Guimar\u00e3es da Silva<\/a><\/p>\n<\/div><\/div>\n\n\n\n<blockquote class=\"is-layout-flow wp-block-quote-is-layout-flow\">\n\n<p><\/p>\n\n<\/blockquote>\n\n\n\n<hr \/>\n\n\n\n<blockquote class=\"is-layout-flow wp-block-quote-is-layout-flow\">\n\n<p><\/p>\n\n<\/blockquote>\n\n\n\n<div class=\"wp-block-media-text alignwide has-media-on-the-right is-stacked-on-mobile\" style=\"grid-template-columns:auto 22%\"><div class=\"wp-block-media-text__content\">\n<p><strong>M\u00e9todos de otimiza\u00e7\u00e3o na engenharia de petr\u00f3leo e gerenciamento de reservat\u00f3rios<\/strong><\/p>\n\n\n\n<p>M\u00e9todos de otimiza\u00e7\u00e3o s\u00e3o essenciais na ind\u00fastria de petr\u00f3leo para maximizar a efici\u00eancia, reduzir custos e minimizar impactos ambientais. Eles ajudam a determinar a produ\u00e7\u00e3o ideal de petr\u00f3leo e a estrat\u00e9gia de explora\u00e7\u00e3o, incluindo o n\u00famero e a posi\u00e7\u00e3o ideal de po\u00e7os. Nesta \u00e1rea, o foco de atua\u00e7\u00e3o do grupo se d\u00e1 no desenvolvimento e adapta\u00e7\u00e3o de algoritmos de otimiza\u00e7\u00e3o voltados para problemas relacionados \u00e0 engenharia de reservat\u00f3rios. <\/p>\n\n\n\n<p><a href=\"https:\/\/www.ft.unicamp.br\/pt-br\/pessoas\/docentes\/guilherme\" target=\"_blank\" rel=\"noreferrer noopener\">Prof. Dr. Guilhereme Palermo Coelho<\/a><\/p>\n\n\n\n<p><a href=\"https:\/\/www.ft.unicamp.br\/pt-br\/pessoas\/docentes\/meira\" target=\"_blank\" rel=\"noreferrer noopener\">Prof. Dr. Luis Augusto Angelotti Meira<\/a><\/p>\n\n\n\n<hr \/>\n\n\n\n<p><\/p>\n<\/div><figure class=\"wp-block-media-text__media\"><img decoding=\"async\" width=\"1024\" height=\"1024\" src=\"http:\/\/wordpress.ft.unicamp.br\/copen\/wp-content\/uploads\/sites\/77\/2023\/07\/d8168887-ecf7-43c7-9083-14db703dc9e3.jpg\" alt=\"\" class=\"wp-image-27 size-full\" srcset=\"https:\/\/wordpress.ft.unicamp.br\/copen\/wp-content\/uploads\/sites\/77\/2023\/07\/d8168887-ecf7-43c7-9083-14db703dc9e3.jpg 1024w, https:\/\/wordpress.ft.unicamp.br\/copen\/wp-content\/uploads\/sites\/77\/2023\/07\/d8168887-ecf7-43c7-9083-14db703dc9e3-300x300.jpg 300w, https:\/\/wordpress.ft.unicamp.br\/copen\/wp-content\/uploads\/sites\/77\/2023\/07\/d8168887-ecf7-43c7-9083-14db703dc9e3-150x150.jpg 150w, https:\/\/wordpress.ft.unicamp.br\/copen\/wp-content\/uploads\/sites\/77\/2023\/07\/d8168887-ecf7-43c7-9083-14db703dc9e3-768x768.jpg 768w\" sizes=\"(max-width: 1024px) 100vw, 1024px\" \/><\/figure><\/div>\n\n\n\n<div class=\"wp-block-media-text alignwide is-stacked-on-mobile\" style=\"grid-template-columns:22% auto\"><figure class=\"wp-block-media-text__media\"><img decoding=\"async\" width=\"1024\" height=\"1024\" src=\"https:\/\/wordpress.ft.unicamp.br\/copen\/wp-content\/uploads\/sites\/77\/2023\/07\/433fbc5a-e5fe-420f-9606-cdab4d18b3cb.jpg\" alt=\"\" class=\"wp-image-30 size-full\" srcset=\"https:\/\/wordpress.ft.unicamp.br\/copen\/wp-content\/uploads\/sites\/77\/2023\/07\/433fbc5a-e5fe-420f-9606-cdab4d18b3cb.jpg 1024w, https:\/\/wordpress.ft.unicamp.br\/copen\/wp-content\/uploads\/sites\/77\/2023\/07\/433fbc5a-e5fe-420f-9606-cdab4d18b3cb-300x300.jpg 300w, https:\/\/wordpress.ft.unicamp.br\/copen\/wp-content\/uploads\/sites\/77\/2023\/07\/433fbc5a-e5fe-420f-9606-cdab4d18b3cb-150x150.jpg 150w, https:\/\/wordpress.ft.unicamp.br\/copen\/wp-content\/uploads\/sites\/77\/2023\/07\/433fbc5a-e5fe-420f-9606-cdab4d18b3cb-768x768.jpg 768w\" sizes=\"(max-width: 1024px) 100vw, 1024px\" \/><\/figure><div class=\"wp-block-media-text__content\">\n<p><strong>T\u00e9cnicas de minera\u00e7\u00e3o de dados aplicadas \u00e0 explora\u00e7\u00e3o, gerenciamento e produ\u00e7\u00e3o de petr\u00f3leo<\/strong><\/p>\n\n\n\n<p>T\u00e9cnicas de minera\u00e7\u00e3o de dados e aprendizado de m\u00e1quina s\u00e3o usadas na ind\u00fastria do petr\u00f3leo para analisar informa\u00e7\u00f5es de produ\u00e7\u00e3o, sensoriamento e an\u00e1lises de po\u00e7os. Esses m\u00e9todos permitem prever a produ\u00e7\u00e3o futura do reservat\u00f3rio, auxiliando engenheiros a tomar decis\u00f5es informadas, identificar problemas e maximizar o rendimento do reservat\u00f3rio.<\/p>\n\n\n\n<p><\/p>\n\n\n\n<p><a href=\"https:\/\/www.ft.unicamp.br\/pt-br\/pessoas\/docentes\/bertini\" target=\"_blank\" rel=\"noreferrer noopener\">Prof. Dr. Jo\u00e3o Roberto Bertini Junior<\/a><\/p>\n<\/div><\/div>\n\n\n\n<p><\/p>\n\n\n\n<p><\/p>\n\n\n\n<hr class=\"wp-block-separator has-alpha-channel-opacity\" \/>\n\n\n\n<p><strong>Copen &#8211; COmputa\u00e7\u00e3o aplicada a Petr\u00f3leo e Energia<\/strong><br>copen at ft.unicamp.br<\/p>\n\n\n\n<p><strong>Faculdade de Tecnologia<br>Universidade Estadual de Campinas<\/strong><br>R. Paschoal Marmo, 1888 &#8211; Jd. Nova It\u00e1lia<br>CEP:13484-332 &#8211; Limeira, SP<\/p>\n\n\n\n<p><\/p>\n","protected":false},"excerpt":{"rendered":"<p>UNIVERSIDADE ESTADUAL DE CAMPINAS Visualiza\u00e7\u00e3o e anal\u00edtica visual aplicadas \u00e0 an\u00e1lise de dados de processos relacionados a explora\u00e7\u00e3o de petr\u00f3leo e obten\u00e7\u00e3o de energia Visualiza\u00e7\u00e3o e anal\u00edtica visual (visual analytics) <a class=\"more-link\" href=\"https:\/\/wordpress.ft.unicamp.br\/copen\/\">Continue Reading &rarr;<\/a><\/p>\n","protected":false},"author":52,"featured_media":44,"parent":0,"menu_order":0,"comment_status":"closed","ping_status":"closed","template":"","meta":{"footnotes":""},"class_list":["post-2","page","type-page","status-publish","has-post-thumbnail","hentry"],"yoast_head":"<!-- This site is optimized with the Yoast SEO plugin v27.3 - https:\/\/yoast.com\/product\/yoast-seo-wordpress\/ -->\n<title>Copen - Copen<\/title>\n<meta name=\"description\" content=\"A pesquisa na ind\u00fastria do petr\u00f3leo utiliza t\u00e9cnicas de otimiza\u00e7\u00e3o, minera\u00e7\u00e3o de dados e visualiza\u00e7\u00e3o para melhorar a efici\u00eancia, reduzir custos e minimizar impactos ambientais.\" \/>\n<meta name=\"robots\" content=\"index, follow, max-snippet:-1, max-image-preview:large, max-video-preview:-1\" \/>\n<link rel=\"canonical\" href=\"https:\/\/wordpress.ft.unicamp.br\/copen\/\" \/>\n<meta property=\"og:locale\" content=\"pt_BR\" \/>\n<meta property=\"og:type\" content=\"article\" \/>\n<meta property=\"og:title\" content=\"Copen - Copen\" \/>\n<meta property=\"og:description\" content=\"A pesquisa na ind\u00fastria do petr\u00f3leo utiliza t\u00e9cnicas de otimiza\u00e7\u00e3o, minera\u00e7\u00e3o de dados e visualiza\u00e7\u00e3o para melhorar a efici\u00eancia, reduzir custos e minimizar impactos ambientais.\" \/>\n<meta property=\"og:url\" content=\"https:\/\/wordpress.ft.unicamp.br\/copen\/\" \/>\n<meta property=\"og:site_name\" content=\"Copen\" \/>\n<meta property=\"og:image\" content=\"http:\/\/wordpress.ft.unicamp.br\/copen\/wp-content\/uploads\/sites\/77\/2023\/07\/teste-1-e1690829327465.jpg\" \/>\n\t<meta property=\"og:image:width\" content=\"1920\" \/>\n\t<meta property=\"og:image:height\" content=\"849\" \/>\n\t<meta property=\"og:image:type\" content=\"image\/jpeg\" \/>\n<meta name=\"twitter:card\" content=\"summary_large_image\" \/>\n<meta name=\"twitter:label1\" content=\"Est. tempo de leitura\" \/>\n\t<meta name=\"twitter:data1\" content=\"3 minutos\" \/>\n<script type=\"application\/ld+json\" class=\"yoast-schema-graph\">{\"@context\":\"https:\\\/\\\/schema.org\",\"@graph\":[{\"@type\":\"WebPage\",\"@id\":\"https:\\\/\\\/wordpress.ft.unicamp.br\\\/copen\\\/\",\"url\":\"https:\\\/\\\/wordpress.ft.unicamp.br\\\/copen\\\/\",\"name\":\"Copen - Copen\",\"isPartOf\":{\"@id\":\"https:\\\/\\\/wordpress.ft.unicamp.br\\\/copen\\\/#website\"},\"primaryImageOfPage\":{\"@id\":\"https:\\\/\\\/wordpress.ft.unicamp.br\\\/copen\\\/#primaryimage\"},\"image\":{\"@id\":\"https:\\\/\\\/wordpress.ft.unicamp.br\\\/copen\\\/#primaryimage\"},\"thumbnailUrl\":\"https:\\\/\\\/wordpress.ft.unicamp.br\\\/copen\\\/wp-content\\\/uploads\\\/sites\\\/77\\\/2023\\\/07\\\/teste-1-e1690829327465.jpg\",\"datePublished\":\"2023-08-02T22:40:32+00:00\",\"description\":\"A pesquisa na ind\u00fastria do petr\u00f3leo utiliza t\u00e9cnicas de otimiza\u00e7\u00e3o, minera\u00e7\u00e3o de dados e visualiza\u00e7\u00e3o para melhorar a efici\u00eancia, reduzir custos e minimizar impactos ambientais.\",\"breadcrumb\":{\"@id\":\"https:\\\/\\\/wordpress.ft.unicamp.br\\\/copen\\\/#breadcrumb\"},\"inLanguage\":\"pt-BR\",\"potentialAction\":[{\"@type\":\"ReadAction\",\"target\":[\"https:\\\/\\\/wordpress.ft.unicamp.br\\\/copen\\\/\"]}]},{\"@type\":\"ImageObject\",\"inLanguage\":\"pt-BR\",\"@id\":\"https:\\\/\\\/wordpress.ft.unicamp.br\\\/copen\\\/#primaryimage\",\"url\":\"https:\\\/\\\/wordpress.ft.unicamp.br\\\/copen\\\/wp-content\\\/uploads\\\/sites\\\/77\\\/2023\\\/07\\\/teste-1-e1690829327465.jpg\",\"contentUrl\":\"https:\\\/\\\/wordpress.ft.unicamp.br\\\/copen\\\/wp-content\\\/uploads\\\/sites\\\/77\\\/2023\\\/07\\\/teste-1-e1690829327465.jpg\",\"width\":1920,\"height\":849},{\"@type\":\"BreadcrumbList\",\"@id\":\"https:\\\/\\\/wordpress.ft.unicamp.br\\\/copen\\\/#breadcrumb\",\"itemListElement\":[{\"@type\":\"ListItem\",\"position\":1,\"name\":\"Home\",\"item\":\"https:\\\/\\\/wordpress.ft.unicamp.br\\\/copen\\\/\"},{\"@type\":\"ListItem\",\"position\":2,\"name\":\"Copen\"}]},{\"@type\":\"WebSite\",\"@id\":\"https:\\\/\\\/wordpress.ft.unicamp.br\\\/copen\\\/#website\",\"url\":\"https:\\\/\\\/wordpress.ft.unicamp.br\\\/copen\\\/\",\"name\":\"Copen\",\"description\":\"\",\"potentialAction\":[{\"@type\":\"SearchAction\",\"target\":{\"@type\":\"EntryPoint\",\"urlTemplate\":\"https:\\\/\\\/wordpress.ft.unicamp.br\\\/copen\\\/?s={search_term_string}\"},\"query-input\":{\"@type\":\"PropertyValueSpecification\",\"valueRequired\":true,\"valueName\":\"search_term_string\"}}],\"inLanguage\":\"pt-BR\"}]}<\/script>\n<!-- \/ Yoast SEO plugin. -->","yoast_head_json":{"title":"Copen - Copen","description":"A pesquisa na ind\u00fastria do petr\u00f3leo utiliza t\u00e9cnicas de otimiza\u00e7\u00e3o, minera\u00e7\u00e3o de dados e visualiza\u00e7\u00e3o para melhorar a efici\u00eancia, reduzir custos e minimizar impactos ambientais.","robots":{"index":"index","follow":"follow","max-snippet":"max-snippet:-1","max-image-preview":"max-image-preview:large","max-video-preview":"max-video-preview:-1"},"canonical":"https:\/\/wordpress.ft.unicamp.br\/copen\/","og_locale":"pt_BR","og_type":"article","og_title":"Copen - Copen","og_description":"A pesquisa na ind\u00fastria do petr\u00f3leo utiliza t\u00e9cnicas de otimiza\u00e7\u00e3o, minera\u00e7\u00e3o de dados e visualiza\u00e7\u00e3o para melhorar a efici\u00eancia, reduzir custos e minimizar impactos ambientais.","og_url":"https:\/\/wordpress.ft.unicamp.br\/copen\/","og_site_name":"Copen","og_image":[{"width":1920,"height":849,"url":"http:\/\/wordpress.ft.unicamp.br\/copen\/wp-content\/uploads\/sites\/77\/2023\/07\/teste-1-e1690829327465.jpg","type":"image\/jpeg"}],"twitter_card":"summary_large_image","twitter_misc":{"Est. tempo de leitura":"3 minutos"},"schema":{"@context":"https:\/\/schema.org","@graph":[{"@type":"WebPage","@id":"https:\/\/wordpress.ft.unicamp.br\/copen\/","url":"https:\/\/wordpress.ft.unicamp.br\/copen\/","name":"Copen - Copen","isPartOf":{"@id":"https:\/\/wordpress.ft.unicamp.br\/copen\/#website"},"primaryImageOfPage":{"@id":"https:\/\/wordpress.ft.unicamp.br\/copen\/#primaryimage"},"image":{"@id":"https:\/\/wordpress.ft.unicamp.br\/copen\/#primaryimage"},"thumbnailUrl":"https:\/\/wordpress.ft.unicamp.br\/copen\/wp-content\/uploads\/sites\/77\/2023\/07\/teste-1-e1690829327465.jpg","datePublished":"2023-08-02T22:40:32+00:00","description":"A pesquisa na ind\u00fastria do petr\u00f3leo utiliza t\u00e9cnicas de otimiza\u00e7\u00e3o, minera\u00e7\u00e3o de dados e visualiza\u00e7\u00e3o para melhorar a efici\u00eancia, reduzir custos e minimizar impactos ambientais.","breadcrumb":{"@id":"https:\/\/wordpress.ft.unicamp.br\/copen\/#breadcrumb"},"inLanguage":"pt-BR","potentialAction":[{"@type":"ReadAction","target":["https:\/\/wordpress.ft.unicamp.br\/copen\/"]}]},{"@type":"ImageObject","inLanguage":"pt-BR","@id":"https:\/\/wordpress.ft.unicamp.br\/copen\/#primaryimage","url":"https:\/\/wordpress.ft.unicamp.br\/copen\/wp-content\/uploads\/sites\/77\/2023\/07\/teste-1-e1690829327465.jpg","contentUrl":"https:\/\/wordpress.ft.unicamp.br\/copen\/wp-content\/uploads\/sites\/77\/2023\/07\/teste-1-e1690829327465.jpg","width":1920,"height":849},{"@type":"BreadcrumbList","@id":"https:\/\/wordpress.ft.unicamp.br\/copen\/#breadcrumb","itemListElement":[{"@type":"ListItem","position":1,"name":"Home","item":"https:\/\/wordpress.ft.unicamp.br\/copen\/"},{"@type":"ListItem","position":2,"name":"Copen"}]},{"@type":"WebSite","@id":"https:\/\/wordpress.ft.unicamp.br\/copen\/#website","url":"https:\/\/wordpress.ft.unicamp.br\/copen\/","name":"Copen","description":"","potentialAction":[{"@type":"SearchAction","target":{"@type":"EntryPoint","urlTemplate":"https:\/\/wordpress.ft.unicamp.br\/copen\/?s={search_term_string}"},"query-input":{"@type":"PropertyValueSpecification","valueRequired":true,"valueName":"search_term_string"}}],"inLanguage":"pt-BR"}]}},"_links":{"self":[{"href":"https:\/\/wordpress.ft.unicamp.br\/copen\/wp-json\/wp\/v2\/pages\/2","targetHints":{"allow":["GET"]}}],"collection":[{"href":"https:\/\/wordpress.ft.unicamp.br\/copen\/wp-json\/wp\/v2\/pages"}],"about":[{"href":"https:\/\/wordpress.ft.unicamp.br\/copen\/wp-json\/wp\/v2\/types\/page"}],"author":[{"embeddable":true,"href":"https:\/\/wordpress.ft.unicamp.br\/copen\/wp-json\/wp\/v2\/users\/52"}],"replies":[{"embeddable":true,"href":"https:\/\/wordpress.ft.unicamp.br\/copen\/wp-json\/wp\/v2\/comments?post=2"}],"version-history":[{"count":26,"href":"https:\/\/wordpress.ft.unicamp.br\/copen\/wp-json\/wp\/v2\/pages\/2\/revisions"}],"predecessor-version":[{"id":91,"href":"https:\/\/wordpress.ft.unicamp.br\/copen\/wp-json\/wp\/v2\/pages\/2\/revisions\/91"}],"wp:featuredmedia":[{"embeddable":true,"href":"https:\/\/wordpress.ft.unicamp.br\/copen\/wp-json\/wp\/v2\/media\/44"}],"wp:attachment":[{"href":"https:\/\/wordpress.ft.unicamp.br\/copen\/wp-json\/wp\/v2\/media?parent=2"}],"curies":[{"name":"wp","href":"https:\/\/api.w.org\/{rel}","templated":true}]}}