{"id":129,"date":"2018-08-23T15:34:37","date_gmt":"2018-08-23T15:34:37","guid":{"rendered":"http:\/\/pessoas.unifal-mg.edu.br\/diegorodrigues\/?page_id=129"},"modified":"2023-01-02T17:49:49","modified_gmt":"2023-01-02T17:49:49","slug":"bem-vindo","status":"publish","type":"page","link":"https:\/\/wordpress.ft.unicamp.br\/diegorodrigues\/","title":{"rendered":"Bem-vindo!"},"content":{"rendered":"<p><img fetchpriority=\"high\" decoding=\"async\" class=\"alignnone size-large wp-image-911\" src=\"http:\/\/wordpress.ft.unicamp.br\/diegorodrigues\/wp-content\/uploads\/sites\/57\/2022\/10\/Diego2-e1666352443752-1024x618.png\" alt=\"\" width=\"700\" height=\"422\" srcset=\"https:\/\/wordpress.ft.unicamp.br\/diegorodrigues\/wp-content\/uploads\/sites\/57\/2022\/10\/Diego2-e1666352443752-1024x618.png 1024w, https:\/\/wordpress.ft.unicamp.br\/diegorodrigues\/wp-content\/uploads\/sites\/57\/2022\/10\/Diego2-e1666352443752-300x181.png 300w, https:\/\/wordpress.ft.unicamp.br\/diegorodrigues\/wp-content\/uploads\/sites\/57\/2022\/10\/Diego2-e1666352443752-768x464.png 768w, https:\/\/wordpress.ft.unicamp.br\/diegorodrigues\/wp-content\/uploads\/sites\/57\/2022\/10\/Diego2-e1666352443752-1536x928.png 1536w, https:\/\/wordpress.ft.unicamp.br\/diegorodrigues\/wp-content\/uploads\/sites\/57\/2022\/10\/Diego2-e1666352443752-2048x1237.png 2048w\" sizes=\"(max-width: 700px) 100vw, 700px\" \/><\/p>\n<p>__________________________________________________________________________________________________________________<br \/>Sou Professor Doutor MS-3.2 na <a href=\"https:\/\/www.ft.unicamp.br\/\">Faculdade de Tecnologia<\/a> da <a href=\"https:\/\/www.unicamp.br\/unicamp\/\">Universidade Estadual de Campinas<\/a>.<\/p>\n<p>Minha forma\u00e7\u00e3o: Bacharelado e Licenciatura em F\u00edsica pelo IGCE-UNESP (2008), <a href=\"http:\/\/doi.org\/10.5540\/001.2011.0058.01\">Mestrado em Biometria pelo IBB-UNESP (2011)<\/a> e <a href=\"https:\/\/teses.usp.br\/teses\/disponiveis\/55\/55134\/tde-04042016-114915\/pt-br.php\">Doutorado em Ci\u00eancias de Computa\u00e7\u00e3o e Matem\u00e1tica Computacional pelo ICMC-USP (2015)<\/a>. Tamb\u00e9m realizei p\u00f3s-doutorado junto ao Programa de P\u00f3s-Gradua\u00e7\u00e3o em Biometria no IBB-UNESP (2016-2018).<\/p>\n<p>Desenvolvo pesquisa interdisciplinar em modelagem matem\u00e1tica e computacional de fen\u00f4menos f\u00edsicos e biol\u00f3gicos.<\/p>\n<p>Acesse os links caso tenha interesse em saber mais sobre minhas <a href=\"https:\/\/wordpress.ft.unicamp.br\/diegorodrigues\/pesquisa\">pesquisas<\/a>, <a href=\"https:\/\/wordpress.ft.unicamp.br\/diegorodrigues\/orientacoes\">orienta\u00e7\u00f5es<\/a>, ou <a href=\"https:\/\/wordpress.ft.unicamp.br\/diegorodrigues\/ensino\">ensino<\/a>.<br \/>__________________________________________________________________________________________________________________<br \/>Contato:<u><br \/><\/u>Universidade Estadual de Campinas, Faculdade de Tecnologia<br class=\"clear\" \/>Rua Paschoal Marmo, 1888, Jd. Nova It\u00e1lia, 13484-332 \u2013 Limeira, SP \u2013 Brasil.<br \/><img decoding=\"async\" class=\"alignnone  wp-image-643\" src=\"http:\/\/wordpress.ft.unicamp.br\/diegorodrigues\/wp-content\/uploads\/sites\/57\/2019\/11\/b-300x32.png\" alt=\"\" width=\"187\" height=\"20\" srcset=\"https:\/\/wordpress.ft.unicamp.br\/diegorodrigues\/wp-content\/uploads\/sites\/57\/2019\/11\/b-300x32.png 300w, https:\/\/wordpress.ft.unicamp.br\/diegorodrigues\/wp-content\/uploads\/sites\/57\/2019\/11\/b-768x82.png 768w, https:\/\/wordpress.ft.unicamp.br\/diegorodrigues\/wp-content\/uploads\/sites\/57\/2019\/11\/b-1024x110.png 1024w, https:\/\/wordpress.ft.unicamp.br\/diegorodrigues\/wp-content\/uploads\/sites\/57\/2019\/11\/b.png 1214w\" sizes=\"(max-width: 187px) 100vw, 187px\" \/>__________________________________________________________________________________________________________________<br \/>ORCID: <a style=\"vertical-align: top\" href=\"https:\/\/orcid.org\/0000-0002-0016-1715\" target=\"orcid.widget\" rel=\"me noopener noreferrer\"><img decoding=\"async\" style=\"width: 1em;margin-right: .5em\" src=\"https:\/\/orcid.org\/sites\/default\/files\/images\/orcid_16x16.png\" alt=\"ORCID iD icon\" \/>https:\/\/orcid.org\/0000-0002-0016-1715<\/a><\/p>\n\n\n<p><\/p>\n","protected":false},"excerpt":{"rendered":"<p>__________________________________________________________________________________________________________________Sou Professor Doutor MS-3.2 na Faculdade de Tecnologia da Universidade Estadual de Campinas. Minha forma\u00e7\u00e3o: Bacharelado e Licenciatura em F\u00edsica pelo IGCE-UNESP (2008), Mestrado em Biometria pelo IBB-UNESP (2011) e Doutorado em Ci\u00eancias de Computa\u00e7\u00e3o e Matem\u00e1tica Computacional pelo ICMC-USP&hellip; <\/p>\n","protected":false},"author":51,"featured_media":0,"parent":0,"menu_order":0,"comment_status":"closed","ping_status":"closed","template":"","meta":{"footnotes":""},"class_list":["post-129","page","type-page","status-publish","hentry"],"yoast_head":"<!-- This site is optimized with the Yoast SEO plugin v27.3 - https:\/\/yoast.com\/product\/yoast-seo-wordpress\/ -->\n<title>Bem-vindo! - Prof. Dr. Diego Samuel Rodrigues<\/title>\n<meta name=\"robots\" content=\"index, follow, max-snippet:-1, max-image-preview:large, max-video-preview:-1\" \/>\n<link rel=\"canonical\" href=\"https:\/\/wordpress.ft.unicamp.br\/diegorodrigues\/\" \/>\n<meta property=\"og:locale\" content=\"pt_BR\" \/>\n<meta property=\"og:type\" content=\"article\" \/>\n<meta property=\"og:title\" content=\"Bem-vindo! - Prof. Dr. Diego Samuel Rodrigues\" \/>\n<meta property=\"og:description\" content=\"__________________________________________________________________________________________________________________Sou Professor Doutor MS-3.2 na Faculdade de Tecnologia da Universidade Estadual de Campinas. Minha forma\u00e7\u00e3o: Bacharelado e Licenciatura em F\u00edsica pelo IGCE-UNESP (2008), Mestrado em Biometria pelo IBB-UNESP (2011) e Doutorado em Ci\u00eancias de Computa\u00e7\u00e3o e Matem\u00e1tica Computacional pelo ICMC-USP&hellip;\" \/>\n<meta property=\"og:url\" content=\"https:\/\/wordpress.ft.unicamp.br\/diegorodrigues\/\" \/>\n<meta property=\"og:site_name\" content=\"Prof. Dr. Diego Samuel Rodrigues\" \/>\n<meta property=\"article:modified_time\" content=\"2023-01-02T17:49:49+00:00\" \/>\n<meta property=\"og:image\" content=\"http:\/\/wordpress.ft.unicamp.br\/diegorodrigues\/wp-content\/uploads\/sites\/57\/2022\/10\/Diego2-e1666352443752-1024x618.png\" \/>\n<meta name=\"twitter:card\" content=\"summary_large_image\" \/>\n<meta name=\"twitter:label1\" content=\"Est. tempo de leitura\" \/>\n\t<meta name=\"twitter:data1\" content=\"2 minutos\" \/>\n<script type=\"application\/ld+json\" class=\"yoast-schema-graph\">{\"@context\":\"https:\\\/\\\/schema.org\",\"@graph\":[{\"@type\":\"WebPage\",\"@id\":\"https:\\\/\\\/wordpress.ft.unicamp.br\\\/diegorodrigues\\\/\",\"url\":\"https:\\\/\\\/wordpress.ft.unicamp.br\\\/diegorodrigues\\\/\",\"name\":\"Bem-vindo! - Prof. Dr. Diego Samuel Rodrigues\",\"isPartOf\":{\"@id\":\"https:\\\/\\\/wordpress.ft.unicamp.br\\\/diegorodrigues\\\/#website\"},\"primaryImageOfPage\":{\"@id\":\"https:\\\/\\\/wordpress.ft.unicamp.br\\\/diegorodrigues\\\/#primaryimage\"},\"image\":{\"@id\":\"https:\\\/\\\/wordpress.ft.unicamp.br\\\/diegorodrigues\\\/#primaryimage\"},\"thumbnailUrl\":\"http:\\\/\\\/wordpress.ft.unicamp.br\\\/diegorodrigues\\\/wp-content\\\/uploads\\\/sites\\\/57\\\/2022\\\/10\\\/Diego2-e1666352443752-1024x618.png\",\"datePublished\":\"2018-08-23T15:34:37+00:00\",\"dateModified\":\"2023-01-02T17:49:49+00:00\",\"breadcrumb\":{\"@id\":\"https:\\\/\\\/wordpress.ft.unicamp.br\\\/diegorodrigues\\\/#breadcrumb\"},\"inLanguage\":\"pt-BR\",\"potentialAction\":[{\"@type\":\"ReadAction\",\"target\":[\"https:\\\/\\\/wordpress.ft.unicamp.br\\\/diegorodrigues\\\/\"]}]},{\"@type\":\"ImageObject\",\"inLanguage\":\"pt-BR\",\"@id\":\"https:\\\/\\\/wordpress.ft.unicamp.br\\\/diegorodrigues\\\/#primaryimage\",\"url\":\"http:\\\/\\\/wordpress.ft.unicamp.br\\\/diegorodrigues\\\/wp-content\\\/uploads\\\/sites\\\/57\\\/2022\\\/10\\\/Diego2-e1666352443752-1024x618.png\",\"contentUrl\":\"http:\\\/\\\/wordpress.ft.unicamp.br\\\/diegorodrigues\\\/wp-content\\\/uploads\\\/sites\\\/57\\\/2022\\\/10\\\/Diego2-e1666352443752-1024x618.png\"},{\"@type\":\"BreadcrumbList\",\"@id\":\"https:\\\/\\\/wordpress.ft.unicamp.br\\\/diegorodrigues\\\/#breadcrumb\",\"itemListElement\":[{\"@type\":\"ListItem\",\"position\":1,\"name\":\"Home\",\"item\":\"https:\\\/\\\/wordpress.ft.unicamp.br\\\/diegorodrigues\\\/\"},{\"@type\":\"ListItem\",\"position\":2,\"name\":\"Bem-vindo!\"}]},{\"@type\":\"WebSite\",\"@id\":\"https:\\\/\\\/wordpress.ft.unicamp.br\\\/diegorodrigues\\\/#website\",\"url\":\"https:\\\/\\\/wordpress.ft.unicamp.br\\\/diegorodrigues\\\/\",\"name\":\"Prof. Dr. Diego Samuel Rodrigues\",\"description\":\"Interesse de Pesquisa: Modelagem Matem\u00e1tica e Computacional de Fen\u00f4menos F\u00edsicos e Biol\u00f3gicos\",\"potentialAction\":[{\"@type\":\"SearchAction\",\"target\":{\"@type\":\"EntryPoint\",\"urlTemplate\":\"https:\\\/\\\/wordpress.ft.unicamp.br\\\/diegorodrigues\\\/?s={search_term_string}\"},\"query-input\":{\"@type\":\"PropertyValueSpecification\",\"valueRequired\":true,\"valueName\":\"search_term_string\"}}],\"inLanguage\":\"pt-BR\"}]}<\/script>\n<!-- \/ Yoast SEO plugin. -->","yoast_head_json":{"title":"Bem-vindo! - Prof. Dr. Diego Samuel Rodrigues","robots":{"index":"index","follow":"follow","max-snippet":"max-snippet:-1","max-image-preview":"max-image-preview:large","max-video-preview":"max-video-preview:-1"},"canonical":"https:\/\/wordpress.ft.unicamp.br\/diegorodrigues\/","og_locale":"pt_BR","og_type":"article","og_title":"Bem-vindo! - Prof. Dr. Diego Samuel Rodrigues","og_description":"__________________________________________________________________________________________________________________Sou Professor Doutor MS-3.2 na Faculdade de Tecnologia da Universidade Estadual de Campinas. Minha forma\u00e7\u00e3o: Bacharelado e Licenciatura em F\u00edsica pelo IGCE-UNESP (2008), Mestrado em Biometria pelo IBB-UNESP (2011) e Doutorado em Ci\u00eancias de Computa\u00e7\u00e3o e Matem\u00e1tica Computacional pelo ICMC-USP&hellip;","og_url":"https:\/\/wordpress.ft.unicamp.br\/diegorodrigues\/","og_site_name":"Prof. Dr. Diego Samuel Rodrigues","article_modified_time":"2023-01-02T17:49:49+00:00","og_image":[{"url":"http:\/\/wordpress.ft.unicamp.br\/diegorodrigues\/wp-content\/uploads\/sites\/57\/2022\/10\/Diego2-e1666352443752-1024x618.png","type":"","width":"","height":""}],"twitter_card":"summary_large_image","twitter_misc":{"Est. tempo de leitura":"2 minutos"},"schema":{"@context":"https:\/\/schema.org","@graph":[{"@type":"WebPage","@id":"https:\/\/wordpress.ft.unicamp.br\/diegorodrigues\/","url":"https:\/\/wordpress.ft.unicamp.br\/diegorodrigues\/","name":"Bem-vindo! - Prof. Dr. Diego Samuel Rodrigues","isPartOf":{"@id":"https:\/\/wordpress.ft.unicamp.br\/diegorodrigues\/#website"},"primaryImageOfPage":{"@id":"https:\/\/wordpress.ft.unicamp.br\/diegorodrigues\/#primaryimage"},"image":{"@id":"https:\/\/wordpress.ft.unicamp.br\/diegorodrigues\/#primaryimage"},"thumbnailUrl":"http:\/\/wordpress.ft.unicamp.br\/diegorodrigues\/wp-content\/uploads\/sites\/57\/2022\/10\/Diego2-e1666352443752-1024x618.png","datePublished":"2018-08-23T15:34:37+00:00","dateModified":"2023-01-02T17:49:49+00:00","breadcrumb":{"@id":"https:\/\/wordpress.ft.unicamp.br\/diegorodrigues\/#breadcrumb"},"inLanguage":"pt-BR","potentialAction":[{"@type":"ReadAction","target":["https:\/\/wordpress.ft.unicamp.br\/diegorodrigues\/"]}]},{"@type":"ImageObject","inLanguage":"pt-BR","@id":"https:\/\/wordpress.ft.unicamp.br\/diegorodrigues\/#primaryimage","url":"http:\/\/wordpress.ft.unicamp.br\/diegorodrigues\/wp-content\/uploads\/sites\/57\/2022\/10\/Diego2-e1666352443752-1024x618.png","contentUrl":"http:\/\/wordpress.ft.unicamp.br\/diegorodrigues\/wp-content\/uploads\/sites\/57\/2022\/10\/Diego2-e1666352443752-1024x618.png"},{"@type":"BreadcrumbList","@id":"https:\/\/wordpress.ft.unicamp.br\/diegorodrigues\/#breadcrumb","itemListElement":[{"@type":"ListItem","position":1,"name":"Home","item":"https:\/\/wordpress.ft.unicamp.br\/diegorodrigues\/"},{"@type":"ListItem","position":2,"name":"Bem-vindo!"}]},{"@type":"WebSite","@id":"https:\/\/wordpress.ft.unicamp.br\/diegorodrigues\/#website","url":"https:\/\/wordpress.ft.unicamp.br\/diegorodrigues\/","name":"Prof. Dr. Diego Samuel Rodrigues","description":"Interesse de Pesquisa: Modelagem Matem\u00e1tica e Computacional de Fen\u00f4menos F\u00edsicos e Biol\u00f3gicos","potentialAction":[{"@type":"SearchAction","target":{"@type":"EntryPoint","urlTemplate":"https:\/\/wordpress.ft.unicamp.br\/diegorodrigues\/?s={search_term_string}"},"query-input":{"@type":"PropertyValueSpecification","valueRequired":true,"valueName":"search_term_string"}}],"inLanguage":"pt-BR"}]}},"_links":{"self":[{"href":"https:\/\/wordpress.ft.unicamp.br\/diegorodrigues\/wp-json\/wp\/v2\/pages\/129","targetHints":{"allow":["GET"]}}],"collection":[{"href":"https:\/\/wordpress.ft.unicamp.br\/diegorodrigues\/wp-json\/wp\/v2\/pages"}],"about":[{"href":"https:\/\/wordpress.ft.unicamp.br\/diegorodrigues\/wp-json\/wp\/v2\/types\/page"}],"author":[{"embeddable":true,"href":"https:\/\/wordpress.ft.unicamp.br\/diegorodrigues\/wp-json\/wp\/v2\/users\/51"}],"replies":[{"embeddable":true,"href":"https:\/\/wordpress.ft.unicamp.br\/diegorodrigues\/wp-json\/wp\/v2\/comments?post=129"}],"version-history":[{"count":27,"href":"https:\/\/wordpress.ft.unicamp.br\/diegorodrigues\/wp-json\/wp\/v2\/pages\/129\/revisions"}],"predecessor-version":[{"id":922,"href":"https:\/\/wordpress.ft.unicamp.br\/diegorodrigues\/wp-json\/wp\/v2\/pages\/129\/revisions\/922"}],"wp:attachment":[{"href":"https:\/\/wordpress.ft.unicamp.br\/diegorodrigues\/wp-json\/wp\/v2\/media?parent=129"}],"curies":[{"name":"wp","href":"https:\/\/api.w.org\/{rel}","templated":true}]}}