{"id":135,"date":"2018-08-23T15:42:40","date_gmt":"2018-08-23T15:42:40","guid":{"rendered":"http:\/\/pessoas.unifal-mg.edu.br\/diegorodrigues\/?page_id=135"},"modified":"2023-10-15T20:45:04","modified_gmt":"2023-10-15T20:45:04","slug":"oportunidades","status":"publish","type":"page","link":"https:\/\/wordpress.ft.unicamp.br\/diegorodrigues\/oportunidades\/","title":{"rendered":"Oportunidades"},"content":{"rendered":"\n<p><\/p>\n\n\n<p align=\"justify\">Estou sempre disposto e aberto a possibilidade de orientar estudantes de inicia\u00e7\u00e3o cient\u00edfica, p\u00f3s-gradua\u00e7\u00e3o e p\u00f3s-doutorado. Atualmente estou credenciado no <a href=\"https:\/\/www.ft.unicamp.br\/pt-br\/posgraduacao\/docentes\">Programa de P\u00f3s-Gradua\u00e7\u00e3o em Tecnologia da FT-UNICAMP<\/a> e no <a href=\"https:\/\/ime.unicamp.br\/pos-graduacao\/matematica-aplicada\/corpo-docente-programa-matematica-aplicada\">Programa de P\u00f3s-Gradua\u00e7\u00e3o em Matem\u00e1tica Aplicada do IMECC-UNICAMP<\/a>. Discentes da UNICAMP com interesse em atuar no <a href=\"https:\/\/www.prg.unicamp.br\/?page_id=695\">Programa de Apoio Did\u00e1tico (PAD)<\/a> ou no <a href=\"http:\/\/www3.prpg.gr.unicamp.br\/sites\/site1\/index.php\/inicio-2\/\">Programa de Est\u00e1gio Docente (PED)<\/a> da UNICAMP tamb\u00e9m s\u00e3o muito bem-vindos. Se estiver interessado(a), sinta-se \u00e0 vontade para contatar-me. Para saber mais, veja tamb\u00e9m: <a href=\"https:\/\/wordpress.ft.unicamp.br\/diegorodrigues\/pesquisa\/\">Pesquisa,<\/a> <a href=\"https:\/\/wordpress.ft.unicamp.br\/diegorodrigues\/orientacoes\/\">Orienta\u00e7\u00f5es<\/a> e <a href=\"https:\/\/wordpress.ft.unicamp.br\/diegorodrigues\/ensino\/\">Ensino<\/a>.<\/p>\n<ul>\n<li class=\"western\">Editais para Sele\u00e7\u00e3o Discente &#8211; PAD e PED &#8211; 1S\/2024. Em breve.<br \/><br \/><\/li>\n<li><b>1 (Uma) Vaga de Bolsista de P\u00f3s-Doutorado na FT-UNICAMP \u2013 A\u00e7\u00e3o Afirmativa \u2013 Pretos, Pardos, Ind\u00edgenas<br \/><br \/><\/b>\n<div dir=\"auto\">Oportunidade de\u00a0<b>bolsa de p\u00f3s-doutorado na FT-UNICAMP, em\u00a0vaga de a\u00e7\u00e3o afirmativa, destinada exclusivamente para candidato preto, pardo ou ind\u00edgena<\/b>. <span style=\"font-size: revert;color: initial\">A bolsa tem valor bruto mensal de R$11.258,54 (ou, com o desconto do imposto de renda, R$9.047,40), dura\u00e7\u00e3o de 12 meses, renov\u00e1vel por mais 12 meses, com in\u00edcio previsto para janeiro de 2024. Inscri\u00e7\u00f5es abertas de 9 a 30 de outubro de 2023. O processo de sele\u00e7\u00e3o est\u00e1 aberto a candidatos brasileiros e estrangeiros com vistos de perman\u00eancia no Brasil, com doutorado conclu\u00eddo a menos de 10\u00a0(dez) anos. O p\u00f3s-doutorado demanda dedica\u00e7\u00e3o em tempo integral, sendo destinada a candidatos que n\u00e3o\u00a0possuam quaisquer v\u00ednculos empregat\u00edcios nem bolsas de ag\u00eancias de fomento estatais ou privadas.<\/span>\n<p>Al\u00e9m das atividades de pesquisa, dever\u00e3o ser exercidas ao menos 8 (oito) horas de atividades did\u00e1ticas semanais na gradua\u00e7\u00e3o. Em sua maioria, a lista de poss\u00edveis disciplinas a serem propostas no plano de atividades did\u00e1ticas s\u00e3o de F\u00edsica B\u00e1sica e C\u00e1lculo. O desenvolvimento e realiza\u00e7\u00e3o em dedica\u00e7\u00e3o integral do p\u00f3s-doutorado dever\u00e1 abranger um projeto de pesquisa na \u00e1rea de Engenharia de Ambiental, cujas possibilidades podem incluir Matem\u00e1tica Aplicada, Modelagem Matem\u00e1tica e Modelagem Computacional.<\/p>\n<p><b>Link para o edital:\u00a0<\/b><a href=\"https:\/\/bit.ly\/pppd2024\" target=\"_blank\" rel=\"noopener\" data-saferedirecturl=\"https:\/\/www.google.com\/url?q=https:\/\/bit.ly\/pppd2024&amp;source=gmail&amp;ust=1697485752926000&amp;usg=AOvVaw1lnplD6gkbBqv22ZqdDuTI\">https:\/\/bit.ly\/pppd2024<\/a><br \/><br \/><img decoding=\"async\" src=\"https:\/\/mail.google.com\/mail\/u\/0?ui=2&amp;ik=f208dacf4f&amp;attid=0.1&amp;permmsgid=msg-a:r8629030794308861361&amp;th=18b35102bfc98e54&amp;view=fimg&amp;fur=ip&amp;sz=s0-l75-ft&amp;attbid=ANGjdJ_a1hZW87O0VSowETqxzTvhlQ8IjOEmeIIhS6uvT2qg-Qwn9MIRelfpaGmBpRKcMH9DJ0YDkVx3PyvI5BUtr83Y90Ml172KOMYFzfaR0rJFwWwFJ7vKQ8tf8nw&amp;disp=emb&amp;realattid=ii_lnrxijsc0\" alt=\"image.png\" \/><\/p>\n<p>\u00a0<\/p>\n<\/div>\n<\/li>\n<li><b>2 (Duas) Vagas para Bolsistas de P\u00f3s-Doutorado junto \u00e0 FT-UNICAMP em Engenharia de Transportes<br \/><br \/><\/b>\n<div dir=\"auto\">A bolsa tem valor bruto mensal de R$11.258,54 (R$9.047,40, com o desconto do imposto de renda), dura\u00e7\u00e3o de 12 meses, renov\u00e1vel por mais 12 meses, com in\u00edcio previsto para janeiro de 2024. Inscri\u00e7\u00f5es abertas de 9 a 30 de outubro de 2023. O processo seletivo est\u00e1 aberto a candidatos brasileiros e estrangeiros com vistos de perman\u00eancia no Brasil, com doutorado conclu\u00eddo a menos de 10\u00a0(dez) anos, e que n\u00e3o possuam quaisquer v\u00ednculos empregat\u00edcios nem bolsas de ag\u00eancias de fomento estatais ou privadas.<br \/>Al\u00e9m das atividades de pesquisa, dever\u00e3o ser exercidas ao menos 8 (oito) horas de atividades did\u00e1ticas semanais na gradua\u00e7\u00e3o, e em parte das disciplinas elencadas no edital.\u00a0O desenvolvimento e realiza\u00e7\u00e3o em dedica\u00e7\u00e3o integral do projeto de p\u00f3s-doutorado dever\u00e1 abranger projeto de pesquisa em Engenharia de Transportes.<\/div>\n<div dir=\"auto\">\u00a0<\/div>\n<div dir=\"auto\"><b>Link para o edital:<\/b>\u00a0<a href=\"https:\/\/bit.ly\/PosDocTransportesFT2024\" target=\"_blank\" rel=\"noopener\" data-saferedirecturl=\"https:\/\/www.google.com\/url?q=https:\/\/bit.ly\/PosDocTransportesFT2024&amp;source=gmail&amp;ust=1697488143202000&amp;usg=AOvVaw3t25Adkk3rr90XcB904Zfi\">https:\/\/bit.ly\/PosDocTransportesFT2024<\/a><br \/><br \/>\n<p><img decoding=\"async\" src=\"https:\/\/ci4.googleusercontent.com\/proxy\/sFbmFeZF1sTA5EP7K3B3OyLB0v6kSr156BnivItEZxLu1ziMbGO3rnxxjOfWB90iS5EWI88-JVkpOnH5ZaQuA_5OBIkIgLD8vz9X33ycAMwO=s0-d-e1-ft#http:\/\/201.73.1.103:23380\/mailing\/Anpet\/13-10-23-vagas\/img.jpg\" \/><\/p>\n<\/div>\n<\/li>\n<\/ul>\n<p><!--more--><\/p>","protected":false},"excerpt":{"rendered":"<p>Estou sempre disposto e aberto a possibilidade de orientar estudantes de inicia\u00e7\u00e3o cient\u00edfica, p\u00f3s-gradua\u00e7\u00e3o e p\u00f3s-doutorado. Atualmente estou credenciado no Programa de P\u00f3s-Gradua\u00e7\u00e3o em Tecnologia da FT-UNICAMP e no Programa de P\u00f3s-Gradua\u00e7\u00e3o em Matem\u00e1tica Aplicada do IMECC-UNICAMP. Discentes da UNICAMP&hellip; <\/p>\n","protected":false},"author":51,"featured_media":0,"parent":0,"menu_order":0,"comment_status":"closed","ping_status":"closed","template":"","meta":{"footnotes":""},"class_list":["post-135","page","type-page","status-publish","hentry"],"yoast_head":"<!-- This site is optimized with the Yoast SEO plugin v27.5 - https:\/\/yoast.com\/product\/yoast-seo-wordpress\/ -->\n<title>Oportunidades - Prof. Dr. Diego Samuel Rodrigues<\/title>\n<meta name=\"robots\" content=\"index, follow, max-snippet:-1, max-image-preview:large, max-video-preview:-1\" \/>\n<link rel=\"canonical\" href=\"https:\/\/wordpress.ft.unicamp.br\/diegorodrigues\/oportunidades\/\" \/>\n<meta property=\"og:locale\" content=\"pt_BR\" \/>\n<meta property=\"og:type\" content=\"article\" \/>\n<meta property=\"og:title\" content=\"Oportunidades - Prof. Dr. Diego Samuel Rodrigues\" \/>\n<meta property=\"og:description\" content=\"Estou sempre disposto e aberto a possibilidade de orientar estudantes de inicia\u00e7\u00e3o cient\u00edfica, p\u00f3s-gradua\u00e7\u00e3o e p\u00f3s-doutorado. Atualmente estou credenciado no Programa de P\u00f3s-Gradua\u00e7\u00e3o em Tecnologia da FT-UNICAMP e no Programa de P\u00f3s-Gradua\u00e7\u00e3o em Matem\u00e1tica Aplicada do IMECC-UNICAMP. Discentes da UNICAMP&hellip;\" \/>\n<meta property=\"og:url\" content=\"https:\/\/wordpress.ft.unicamp.br\/diegorodrigues\/oportunidades\/\" \/>\n<meta property=\"og:site_name\" content=\"Prof. Dr. Diego Samuel Rodrigues\" \/>\n<meta property=\"article:modified_time\" content=\"2023-10-15T20:45:04+00:00\" \/>\n<meta property=\"og:image\" content=\"https:\/\/mail.google.com\/mail\/u\/0?ui=2&amp;ik=f208dacf4f&amp;attid=0.1&amp;permmsgid=msg-a:r8629030794308861361&amp;th=18b35102bfc98e54&amp;view=fimg&amp;fur=ip&amp;sz=s0-l75-ft&amp;attbid=ANGjdJ_a1hZW87O0VSowETqxzTvhlQ8IjOEmeIIhS6uvT2qg-Qwn9MIRelfpaGmBpRKcMH9DJ0YDkVx3PyvI5BUtr83Y90Ml172KOMYFzfaR0rJFwWwFJ7vKQ8tf8nw&amp;disp=emb&amp;realattid=ii_lnrxijsc0\" \/>\n<meta name=\"twitter:card\" content=\"summary_large_image\" \/>\n<meta name=\"twitter:label1\" content=\"Est. tempo de leitura\" \/>\n\t<meta name=\"twitter:data1\" content=\"3 minutos\" \/>\n<script type=\"application\/ld+json\" class=\"yoast-schema-graph\">{\"@context\":\"https:\\\/\\\/schema.org\",\"@graph\":[{\"@type\":\"WebPage\",\"@id\":\"https:\\\/\\\/wordpress.ft.unicamp.br\\\/diegorodrigues\\\/oportunidades\\\/\",\"url\":\"https:\\\/\\\/wordpress.ft.unicamp.br\\\/diegorodrigues\\\/oportunidades\\\/\",\"name\":\"Oportunidades - Prof. Dr. Diego Samuel Rodrigues\",\"isPartOf\":{\"@id\":\"https:\\\/\\\/wordpress.ft.unicamp.br\\\/diegorodrigues\\\/#website\"},\"primaryImageOfPage\":{\"@id\":\"https:\\\/\\\/wordpress.ft.unicamp.br\\\/diegorodrigues\\\/oportunidades\\\/#primaryimage\"},\"image\":{\"@id\":\"https:\\\/\\\/wordpress.ft.unicamp.br\\\/diegorodrigues\\\/oportunidades\\\/#primaryimage\"},\"thumbnailUrl\":\"https:\\\/\\\/mail.google.com\\\/mail\\\/u\\\/0?ui=2&amp;ik=f208dacf4f&amp;attid=0.1&amp;permmsgid=msg-a:r8629030794308861361&amp;th=18b35102bfc98e54&amp;view=fimg&amp;fur=ip&amp;sz=s0-l75-ft&amp;attbid=ANGjdJ_a1hZW87O0VSowETqxzTvhlQ8IjOEmeIIhS6uvT2qg-Qwn9MIRelfpaGmBpRKcMH9DJ0YDkVx3PyvI5BUtr83Y90Ml172KOMYFzfaR0rJFwWwFJ7vKQ8tf8nw&amp;disp=emb&amp;realattid=ii_lnrxijsc0\",\"datePublished\":\"2018-08-23T15:42:40+00:00\",\"dateModified\":\"2023-10-15T20:45:04+00:00\",\"breadcrumb\":{\"@id\":\"https:\\\/\\\/wordpress.ft.unicamp.br\\\/diegorodrigues\\\/oportunidades\\\/#breadcrumb\"},\"inLanguage\":\"pt-BR\",\"potentialAction\":[{\"@type\":\"ReadAction\",\"target\":[\"https:\\\/\\\/wordpress.ft.unicamp.br\\\/diegorodrigues\\\/oportunidades\\\/\"]}]},{\"@type\":\"ImageObject\",\"inLanguage\":\"pt-BR\",\"@id\":\"https:\\\/\\\/wordpress.ft.unicamp.br\\\/diegorodrigues\\\/oportunidades\\\/#primaryimage\",\"url\":\"https:\\\/\\\/mail.google.com\\\/mail\\\/u\\\/0?ui=2&amp;ik=f208dacf4f&amp;attid=0.1&amp;permmsgid=msg-a:r8629030794308861361&amp;th=18b35102bfc98e54&amp;view=fimg&amp;fur=ip&amp;sz=s0-l75-ft&amp;attbid=ANGjdJ_a1hZW87O0VSowETqxzTvhlQ8IjOEmeIIhS6uvT2qg-Qwn9MIRelfpaGmBpRKcMH9DJ0YDkVx3PyvI5BUtr83Y90Ml172KOMYFzfaR0rJFwWwFJ7vKQ8tf8nw&amp;disp=emb&amp;realattid=ii_lnrxijsc0\",\"contentUrl\":\"https:\\\/\\\/mail.google.com\\\/mail\\\/u\\\/0?ui=2&amp;ik=f208dacf4f&amp;attid=0.1&amp;permmsgid=msg-a:r8629030794308861361&amp;th=18b35102bfc98e54&amp;view=fimg&amp;fur=ip&amp;sz=s0-l75-ft&amp;attbid=ANGjdJ_a1hZW87O0VSowETqxzTvhlQ8IjOEmeIIhS6uvT2qg-Qwn9MIRelfpaGmBpRKcMH9DJ0YDkVx3PyvI5BUtr83Y90Ml172KOMYFzfaR0rJFwWwFJ7vKQ8tf8nw&amp;disp=emb&amp;realattid=ii_lnrxijsc0\"},{\"@type\":\"BreadcrumbList\",\"@id\":\"https:\\\/\\\/wordpress.ft.unicamp.br\\\/diegorodrigues\\\/oportunidades\\\/#breadcrumb\",\"itemListElement\":[{\"@type\":\"ListItem\",\"position\":1,\"name\":\"Home\",\"item\":\"https:\\\/\\\/wordpress.ft.unicamp.br\\\/diegorodrigues\\\/\"},{\"@type\":\"ListItem\",\"position\":2,\"name\":\"Oportunidades\"}]},{\"@type\":\"WebSite\",\"@id\":\"https:\\\/\\\/wordpress.ft.unicamp.br\\\/diegorodrigues\\\/#website\",\"url\":\"https:\\\/\\\/wordpress.ft.unicamp.br\\\/diegorodrigues\\\/\",\"name\":\"Prof. Dr. Diego Samuel Rodrigues\",\"description\":\"Interesse de Pesquisa: Modelagem Matem\u00e1tica e Computacional de Fen\u00f4menos F\u00edsicos e Biol\u00f3gicos\",\"potentialAction\":[{\"@type\":\"SearchAction\",\"target\":{\"@type\":\"EntryPoint\",\"urlTemplate\":\"https:\\\/\\\/wordpress.ft.unicamp.br\\\/diegorodrigues\\\/?s={search_term_string}\"},\"query-input\":{\"@type\":\"PropertyValueSpecification\",\"valueRequired\":true,\"valueName\":\"search_term_string\"}}],\"inLanguage\":\"pt-BR\"}]}<\/script>\n<!-- \/ Yoast SEO plugin. -->","yoast_head_json":{"title":"Oportunidades - Prof. Dr. Diego Samuel Rodrigues","robots":{"index":"index","follow":"follow","max-snippet":"max-snippet:-1","max-image-preview":"max-image-preview:large","max-video-preview":"max-video-preview:-1"},"canonical":"https:\/\/wordpress.ft.unicamp.br\/diegorodrigues\/oportunidades\/","og_locale":"pt_BR","og_type":"article","og_title":"Oportunidades - Prof. Dr. Diego Samuel Rodrigues","og_description":"Estou sempre disposto e aberto a possibilidade de orientar estudantes de inicia\u00e7\u00e3o cient\u00edfica, p\u00f3s-gradua\u00e7\u00e3o e p\u00f3s-doutorado. Atualmente estou credenciado no Programa de P\u00f3s-Gradua\u00e7\u00e3o em Tecnologia da FT-UNICAMP e no Programa de P\u00f3s-Gradua\u00e7\u00e3o em Matem\u00e1tica Aplicada do IMECC-UNICAMP. Discentes da UNICAMP&hellip;","og_url":"https:\/\/wordpress.ft.unicamp.br\/diegorodrigues\/oportunidades\/","og_site_name":"Prof. Dr. Diego Samuel Rodrigues","article_modified_time":"2023-10-15T20:45:04+00:00","og_image":[{"url":"https:\/\/mail.google.com\/mail\/u\/0?ui=2&amp;ik=f208dacf4f&amp;attid=0.1&amp;permmsgid=msg-a:r8629030794308861361&amp;th=18b35102bfc98e54&amp;view=fimg&amp;fur=ip&amp;sz=s0-l75-ft&amp;attbid=ANGjdJ_a1hZW87O0VSowETqxzTvhlQ8IjOEmeIIhS6uvT2qg-Qwn9MIRelfpaGmBpRKcMH9DJ0YDkVx3PyvI5BUtr83Y90Ml172KOMYFzfaR0rJFwWwFJ7vKQ8tf8nw&amp;disp=emb&amp;realattid=ii_lnrxijsc0","type":"","width":"","height":""}],"twitter_card":"summary_large_image","twitter_misc":{"Est. tempo de leitura":"3 minutos"},"schema":{"@context":"https:\/\/schema.org","@graph":[{"@type":"WebPage","@id":"https:\/\/wordpress.ft.unicamp.br\/diegorodrigues\/oportunidades\/","url":"https:\/\/wordpress.ft.unicamp.br\/diegorodrigues\/oportunidades\/","name":"Oportunidades - Prof. Dr. Diego Samuel Rodrigues","isPartOf":{"@id":"https:\/\/wordpress.ft.unicamp.br\/diegorodrigues\/#website"},"primaryImageOfPage":{"@id":"https:\/\/wordpress.ft.unicamp.br\/diegorodrigues\/oportunidades\/#primaryimage"},"image":{"@id":"https:\/\/wordpress.ft.unicamp.br\/diegorodrigues\/oportunidades\/#primaryimage"},"thumbnailUrl":"https:\/\/mail.google.com\/mail\/u\/0?ui=2&amp;ik=f208dacf4f&amp;attid=0.1&amp;permmsgid=msg-a:r8629030794308861361&amp;th=18b35102bfc98e54&amp;view=fimg&amp;fur=ip&amp;sz=s0-l75-ft&amp;attbid=ANGjdJ_a1hZW87O0VSowETqxzTvhlQ8IjOEmeIIhS6uvT2qg-Qwn9MIRelfpaGmBpRKcMH9DJ0YDkVx3PyvI5BUtr83Y90Ml172KOMYFzfaR0rJFwWwFJ7vKQ8tf8nw&amp;disp=emb&amp;realattid=ii_lnrxijsc0","datePublished":"2018-08-23T15:42:40+00:00","dateModified":"2023-10-15T20:45:04+00:00","breadcrumb":{"@id":"https:\/\/wordpress.ft.unicamp.br\/diegorodrigues\/oportunidades\/#breadcrumb"},"inLanguage":"pt-BR","potentialAction":[{"@type":"ReadAction","target":["https:\/\/wordpress.ft.unicamp.br\/diegorodrigues\/oportunidades\/"]}]},{"@type":"ImageObject","inLanguage":"pt-BR","@id":"https:\/\/wordpress.ft.unicamp.br\/diegorodrigues\/oportunidades\/#primaryimage","url":"https:\/\/mail.google.com\/mail\/u\/0?ui=2&amp;ik=f208dacf4f&amp;attid=0.1&amp;permmsgid=msg-a:r8629030794308861361&amp;th=18b35102bfc98e54&amp;view=fimg&amp;fur=ip&amp;sz=s0-l75-ft&amp;attbid=ANGjdJ_a1hZW87O0VSowETqxzTvhlQ8IjOEmeIIhS6uvT2qg-Qwn9MIRelfpaGmBpRKcMH9DJ0YDkVx3PyvI5BUtr83Y90Ml172KOMYFzfaR0rJFwWwFJ7vKQ8tf8nw&amp;disp=emb&amp;realattid=ii_lnrxijsc0","contentUrl":"https:\/\/mail.google.com\/mail\/u\/0?ui=2&amp;ik=f208dacf4f&amp;attid=0.1&amp;permmsgid=msg-a:r8629030794308861361&amp;th=18b35102bfc98e54&amp;view=fimg&amp;fur=ip&amp;sz=s0-l75-ft&amp;attbid=ANGjdJ_a1hZW87O0VSowETqxzTvhlQ8IjOEmeIIhS6uvT2qg-Qwn9MIRelfpaGmBpRKcMH9DJ0YDkVx3PyvI5BUtr83Y90Ml172KOMYFzfaR0rJFwWwFJ7vKQ8tf8nw&amp;disp=emb&amp;realattid=ii_lnrxijsc0"},{"@type":"BreadcrumbList","@id":"https:\/\/wordpress.ft.unicamp.br\/diegorodrigues\/oportunidades\/#breadcrumb","itemListElement":[{"@type":"ListItem","position":1,"name":"Home","item":"https:\/\/wordpress.ft.unicamp.br\/diegorodrigues\/"},{"@type":"ListItem","position":2,"name":"Oportunidades"}]},{"@type":"WebSite","@id":"https:\/\/wordpress.ft.unicamp.br\/diegorodrigues\/#website","url":"https:\/\/wordpress.ft.unicamp.br\/diegorodrigues\/","name":"Prof. Dr. Diego Samuel Rodrigues","description":"Interesse de Pesquisa: Modelagem Matem\u00e1tica e Computacional de Fen\u00f4menos F\u00edsicos e Biol\u00f3gicos","potentialAction":[{"@type":"SearchAction","target":{"@type":"EntryPoint","urlTemplate":"https:\/\/wordpress.ft.unicamp.br\/diegorodrigues\/?s={search_term_string}"},"query-input":{"@type":"PropertyValueSpecification","valueRequired":true,"valueName":"search_term_string"}}],"inLanguage":"pt-BR"}]}},"_links":{"self":[{"href":"https:\/\/wordpress.ft.unicamp.br\/diegorodrigues\/wp-json\/wp\/v2\/pages\/135","targetHints":{"allow":["GET"]}}],"collection":[{"href":"https:\/\/wordpress.ft.unicamp.br\/diegorodrigues\/wp-json\/wp\/v2\/pages"}],"about":[{"href":"https:\/\/wordpress.ft.unicamp.br\/diegorodrigues\/wp-json\/wp\/v2\/types\/page"}],"author":[{"embeddable":true,"href":"https:\/\/wordpress.ft.unicamp.br\/diegorodrigues\/wp-json\/wp\/v2\/users\/51"}],"replies":[{"embeddable":true,"href":"https:\/\/wordpress.ft.unicamp.br\/diegorodrigues\/wp-json\/wp\/v2\/comments?post=135"}],"version-history":[{"count":71,"href":"https:\/\/wordpress.ft.unicamp.br\/diegorodrigues\/wp-json\/wp\/v2\/pages\/135\/revisions"}],"predecessor-version":[{"id":944,"href":"https:\/\/wordpress.ft.unicamp.br\/diegorodrigues\/wp-json\/wp\/v2\/pages\/135\/revisions\/944"}],"wp:attachment":[{"href":"https:\/\/wordpress.ft.unicamp.br\/diegorodrigues\/wp-json\/wp\/v2\/media?parent=135"}],"curies":[{"name":"wp","href":"https:\/\/api.w.org\/{rel}","templated":true}]}}