{"id":66,"date":"2018-08-23T12:51:34","date_gmt":"2018-08-23T12:51:34","guid":{"rendered":"http:\/\/pessoas.unifal-mg.edu.br\/diegorodrigues\/?page_id=66"},"modified":"2023-01-02T17:48:21","modified_gmt":"2023-01-02T17:48:21","slug":"pesquisa","status":"publish","type":"page","link":"https:\/\/wordpress.ft.unicamp.br\/diegorodrigues\/pesquisa\/","title":{"rendered":"Pesquisa"},"content":{"rendered":"<p style=\"text-align: left\">Desenvolvo pesquisa interdisciplinar em modelagem matem\u00e1tica e computacional de fen\u00f4menos f\u00edsicos e biol\u00f3gicos. Meus interesses de pesquisa mais atuais s\u00e3o a <a href=\"https:\/\/bv.fapesp.br\/pt\/auxilios\/107021\/modelagem-computacional-de-perfis-farmacocineticos-estimacao-parametrica-bayesiana-e-redes-neurais\/\">modelagem computacional de perfis farmacocin\u00e9ticos de nanopart\u00edculas magn\u00e9ticas<\/a>, estima\u00e7\u00e3o de par\u00e2metros de equa\u00e7\u00f5es diferenciais ordin\u00e1rias, e modelagem de tr\u00e1fego de ve\u00edculos em rodovias via equa\u00e7\u00f5es diferenciais parciais. Outros t\u00f3picos de meu interesse cient\u00edfico s\u00e3o a <a href=\"http:\/\/doi.org\/10.11606\/T.55.2016.tde-04042016-114915\">modelagem de fen\u00f4menos mec\u00e2nicos de interfaces lip\u00eddicas<\/a> e a <a href=\"https:\/\/youtu.be\/BtSiKVXV-CY?list=PL4VgVcH7tFEeDX3owAitM83ErWdxj2dIu&amp;t=23\">modelagem computacional de escoamentos de rejeitos de barragens<\/a>.<\/p>\n<p>Recentemente, tamb\u00e9m comecei a trabalhar com impress\u00e3o 3D sob a perspectiva da educa\u00e7\u00e3o <em>maker<\/em> e com o desenvolvimento de <a href=\"https:\/\/doi.org\/10.1590\/1806-9126-RBEF-2021-0422\">experimentos de f\u00edsica para smartphones<\/a>, inclusive como membro da comunidade SmartPhysicsLab (<a href=\"https:\/\/www.smartphysicslab.org\">https:\/\/www.smartphysicslab.org<\/a>).<\/p>\n<p style=\"text-align: left\">Para saber mais sobre meus projetos de pesquisa e publica\u00e7\u00f5es, por favor acesse meu <a href=\"http:\/\/lattes.cnpq.br\/5182777454304807\">Curr\u00edculo Lattes.<\/a><\/p>\n","protected":false},"excerpt":{"rendered":"<p>Desenvolvo pesquisa interdisciplinar em modelagem matem\u00e1tica e computacional de fen\u00f4menos f\u00edsicos e biol\u00f3gicos. Meus interesses de pesquisa mais atuais s\u00e3o a modelagem computacional de perfis farmacocin\u00e9ticos de nanopart\u00edculas magn\u00e9ticas, estima\u00e7\u00e3o de par\u00e2metros de equa\u00e7\u00f5es diferenciais ordin\u00e1rias, e modelagem de tr\u00e1fego&hellip; <\/p>\n","protected":false},"author":51,"featured_media":0,"parent":0,"menu_order":0,"comment_status":"closed","ping_status":"closed","template":"","meta":{"footnotes":""},"class_list":["post-66","page","type-page","status-publish","hentry"],"yoast_head":"<!-- This site is optimized with the Yoast SEO plugin v27.5 - https:\/\/yoast.com\/product\/yoast-seo-wordpress\/ -->\n<title>Pesquisa - Prof. Dr. Diego Samuel Rodrigues<\/title>\n<meta name=\"robots\" content=\"index, follow, max-snippet:-1, max-image-preview:large, max-video-preview:-1\" \/>\n<link rel=\"canonical\" href=\"https:\/\/wordpress.ft.unicamp.br\/diegorodrigues\/pesquisa\/\" \/>\n<meta property=\"og:locale\" content=\"pt_BR\" \/>\n<meta property=\"og:type\" content=\"article\" \/>\n<meta property=\"og:title\" content=\"Pesquisa - Prof. Dr. Diego Samuel Rodrigues\" \/>\n<meta property=\"og:description\" content=\"Desenvolvo pesquisa interdisciplinar em modelagem matem\u00e1tica e computacional de fen\u00f4menos f\u00edsicos e biol\u00f3gicos. Meus interesses de pesquisa mais atuais s\u00e3o a modelagem computacional de perfis farmacocin\u00e9ticos de nanopart\u00edculas magn\u00e9ticas, estima\u00e7\u00e3o de par\u00e2metros de equa\u00e7\u00f5es diferenciais ordin\u00e1rias, e modelagem de tr\u00e1fego&hellip;\" \/>\n<meta property=\"og:url\" content=\"https:\/\/wordpress.ft.unicamp.br\/diegorodrigues\/pesquisa\/\" \/>\n<meta property=\"og:site_name\" content=\"Prof. Dr. Diego Samuel Rodrigues\" \/>\n<meta property=\"article:modified_time\" content=\"2023-01-02T17:48:21+00:00\" \/>\n<meta name=\"twitter:card\" content=\"summary_large_image\" \/>\n<meta name=\"twitter:label1\" content=\"Est. tempo de leitura\" \/>\n\t<meta name=\"twitter:data1\" content=\"1 minuto\" \/>\n<script type=\"application\/ld+json\" class=\"yoast-schema-graph\">{\"@context\":\"https:\\\/\\\/schema.org\",\"@graph\":[{\"@type\":\"WebPage\",\"@id\":\"https:\\\/\\\/wordpress.ft.unicamp.br\\\/diegorodrigues\\\/pesquisa\\\/\",\"url\":\"https:\\\/\\\/wordpress.ft.unicamp.br\\\/diegorodrigues\\\/pesquisa\\\/\",\"name\":\"Pesquisa - Prof. Dr. Diego Samuel Rodrigues\",\"isPartOf\":{\"@id\":\"https:\\\/\\\/wordpress.ft.unicamp.br\\\/diegorodrigues\\\/#website\"},\"datePublished\":\"2018-08-23T12:51:34+00:00\",\"dateModified\":\"2023-01-02T17:48:21+00:00\",\"breadcrumb\":{\"@id\":\"https:\\\/\\\/wordpress.ft.unicamp.br\\\/diegorodrigues\\\/pesquisa\\\/#breadcrumb\"},\"inLanguage\":\"pt-BR\",\"potentialAction\":[{\"@type\":\"ReadAction\",\"target\":[\"https:\\\/\\\/wordpress.ft.unicamp.br\\\/diegorodrigues\\\/pesquisa\\\/\"]}]},{\"@type\":\"BreadcrumbList\",\"@id\":\"https:\\\/\\\/wordpress.ft.unicamp.br\\\/diegorodrigues\\\/pesquisa\\\/#breadcrumb\",\"itemListElement\":[{\"@type\":\"ListItem\",\"position\":1,\"name\":\"Home\",\"item\":\"https:\\\/\\\/wordpress.ft.unicamp.br\\\/diegorodrigues\\\/\"},{\"@type\":\"ListItem\",\"position\":2,\"name\":\"Pesquisa\"}]},{\"@type\":\"WebSite\",\"@id\":\"https:\\\/\\\/wordpress.ft.unicamp.br\\\/diegorodrigues\\\/#website\",\"url\":\"https:\\\/\\\/wordpress.ft.unicamp.br\\\/diegorodrigues\\\/\",\"name\":\"Prof. Dr. Diego Samuel Rodrigues\",\"description\":\"Interesse de Pesquisa: Modelagem Matem\u00e1tica e Computacional de Fen\u00f4menos F\u00edsicos e Biol\u00f3gicos\",\"potentialAction\":[{\"@type\":\"SearchAction\",\"target\":{\"@type\":\"EntryPoint\",\"urlTemplate\":\"https:\\\/\\\/wordpress.ft.unicamp.br\\\/diegorodrigues\\\/?s={search_term_string}\"},\"query-input\":{\"@type\":\"PropertyValueSpecification\",\"valueRequired\":true,\"valueName\":\"search_term_string\"}}],\"inLanguage\":\"pt-BR\"}]}<\/script>\n<!-- \/ Yoast SEO plugin. -->","yoast_head_json":{"title":"Pesquisa - Prof. Dr. Diego Samuel Rodrigues","robots":{"index":"index","follow":"follow","max-snippet":"max-snippet:-1","max-image-preview":"max-image-preview:large","max-video-preview":"max-video-preview:-1"},"canonical":"https:\/\/wordpress.ft.unicamp.br\/diegorodrigues\/pesquisa\/","og_locale":"pt_BR","og_type":"article","og_title":"Pesquisa - Prof. Dr. Diego Samuel Rodrigues","og_description":"Desenvolvo pesquisa interdisciplinar em modelagem matem\u00e1tica e computacional de fen\u00f4menos f\u00edsicos e biol\u00f3gicos. Meus interesses de pesquisa mais atuais s\u00e3o a modelagem computacional de perfis farmacocin\u00e9ticos de nanopart\u00edculas magn\u00e9ticas, estima\u00e7\u00e3o de par\u00e2metros de equa\u00e7\u00f5es diferenciais ordin\u00e1rias, e modelagem de tr\u00e1fego&hellip;","og_url":"https:\/\/wordpress.ft.unicamp.br\/diegorodrigues\/pesquisa\/","og_site_name":"Prof. Dr. Diego Samuel Rodrigues","article_modified_time":"2023-01-02T17:48:21+00:00","twitter_card":"summary_large_image","twitter_misc":{"Est. tempo de leitura":"1 minuto"},"schema":{"@context":"https:\/\/schema.org","@graph":[{"@type":"WebPage","@id":"https:\/\/wordpress.ft.unicamp.br\/diegorodrigues\/pesquisa\/","url":"https:\/\/wordpress.ft.unicamp.br\/diegorodrigues\/pesquisa\/","name":"Pesquisa - Prof. Dr. Diego Samuel Rodrigues","isPartOf":{"@id":"https:\/\/wordpress.ft.unicamp.br\/diegorodrigues\/#website"},"datePublished":"2018-08-23T12:51:34+00:00","dateModified":"2023-01-02T17:48:21+00:00","breadcrumb":{"@id":"https:\/\/wordpress.ft.unicamp.br\/diegorodrigues\/pesquisa\/#breadcrumb"},"inLanguage":"pt-BR","potentialAction":[{"@type":"ReadAction","target":["https:\/\/wordpress.ft.unicamp.br\/diegorodrigues\/pesquisa\/"]}]},{"@type":"BreadcrumbList","@id":"https:\/\/wordpress.ft.unicamp.br\/diegorodrigues\/pesquisa\/#breadcrumb","itemListElement":[{"@type":"ListItem","position":1,"name":"Home","item":"https:\/\/wordpress.ft.unicamp.br\/diegorodrigues\/"},{"@type":"ListItem","position":2,"name":"Pesquisa"}]},{"@type":"WebSite","@id":"https:\/\/wordpress.ft.unicamp.br\/diegorodrigues\/#website","url":"https:\/\/wordpress.ft.unicamp.br\/diegorodrigues\/","name":"Prof. Dr. Diego Samuel Rodrigues","description":"Interesse de Pesquisa: Modelagem Matem\u00e1tica e Computacional de Fen\u00f4menos F\u00edsicos e Biol\u00f3gicos","potentialAction":[{"@type":"SearchAction","target":{"@type":"EntryPoint","urlTemplate":"https:\/\/wordpress.ft.unicamp.br\/diegorodrigues\/?s={search_term_string}"},"query-input":{"@type":"PropertyValueSpecification","valueRequired":true,"valueName":"search_term_string"}}],"inLanguage":"pt-BR"}]}},"_links":{"self":[{"href":"https:\/\/wordpress.ft.unicamp.br\/diegorodrigues\/wp-json\/wp\/v2\/pages\/66","targetHints":{"allow":["GET"]}}],"collection":[{"href":"https:\/\/wordpress.ft.unicamp.br\/diegorodrigues\/wp-json\/wp\/v2\/pages"}],"about":[{"href":"https:\/\/wordpress.ft.unicamp.br\/diegorodrigues\/wp-json\/wp\/v2\/types\/page"}],"author":[{"embeddable":true,"href":"https:\/\/wordpress.ft.unicamp.br\/diegorodrigues\/wp-json\/wp\/v2\/users\/51"}],"replies":[{"embeddable":true,"href":"https:\/\/wordpress.ft.unicamp.br\/diegorodrigues\/wp-json\/wp\/v2\/comments?post=66"}],"version-history":[{"count":28,"href":"https:\/\/wordpress.ft.unicamp.br\/diegorodrigues\/wp-json\/wp\/v2\/pages\/66\/revisions"}],"predecessor-version":[{"id":920,"href":"https:\/\/wordpress.ft.unicamp.br\/diegorodrigues\/wp-json\/wp\/v2\/pages\/66\/revisions\/920"}],"wp:attachment":[{"href":"https:\/\/wordpress.ft.unicamp.br\/diegorodrigues\/wp-json\/wp\/v2\/media?parent=66"}],"curies":[{"name":"wp","href":"https:\/\/api.w.org\/{rel}","templated":true}]}}