{"id":71,"date":"2018-08-23T14:11:00","date_gmt":"2018-08-23T14:11:00","guid":{"rendered":"http:\/\/pessoas.unifal-mg.edu.br\/diegorodrigues\/?page_id=71"},"modified":"2023-04-13T13:48:36","modified_gmt":"2023-04-13T13:48:36","slug":"orientacoes","status":"publish","type":"page","link":"https:\/\/wordpress.ft.unicamp.br\/diegorodrigues\/orientacoes\/","title":{"rendered":"Orienta\u00e7\u00f5es"},"content":{"rendered":"\n<p>Atualmente estou credenciado para orienta\u00e7\u00f5es no <a href=\"https:\/\/www.ft.unicamp.br\/pt-br\/posgraduacao\/docentes\">Programa de P\u00f3s-Gradua\u00e7\u00e3o em Tecnologia da FT-UNICAMP<\/a> e no <a href=\"https:\/\/ime.unicamp.br\/pos-graduacao\/matematica-aplicada\/corpo-docente-programa-matematica-aplicada\">Programa de P\u00f3s-Gradua\u00e7\u00e3o em Matem\u00e1tica Aplicada do IMECC-UNICAMP<\/a>.<br>Tamb\u00e9m coorientei estudantes de Mestrado e Doutorado do Programa de P\u00f3s-Gradua\u00e7\u00e3o em Biometria do IBB-UNESP. <br>Estou sempre aberto e disposto a possibilidades de orienta\u00e7\u00e3o de estudantes de inicia\u00e7\u00e3o cient\u00edfica, p\u00f3s-gradua\u00e7\u00e3o e p\u00f3s-doutorado. Se estiver interessado(a), sinta-se \u00e0 vontade para contactar-me.<\/p>\n\n\n\n<ul class=\"wp-block-list\">\n<li><strong>Inicia\u00e7\u00e3o Cient\u00edfica<\/strong>\n<ul class=\"wp-block-list\">\n<li><a href=\"http:\/\/lattes.cnpq.br\/0053035255591401\">Biatriz Felipe de Siqueira<\/a>, <a href=\"http:\/\/lattes.cnpq.br\/9501276949732082\">Helo\u00edsa Isabel Bernardi<\/a> e <a href=\"http:\/\/lattes.cnpq.br\/4197351539847493\">Vict\u00f3ria Pedron<\/a><br>T\u00edtulo do Projeto: <em>MatematicAr: Relacionando Mobilidade Urbana e Polui\u00e7\u00e3o do Ar<\/em>.<br>Vig\u00eancia: 01\/09\/2021\u201331\/08\/2022. PIBIC Ensino M\u00e9dio, FAEPEX\/PRP-UNICAMP. Orientador.<\/li>\n\n\n\n<li><a href=\"http:\/\/lattes.cnpq.br\/6365646067422629\">Celso Guitler<\/a><br>T\u00edtulo do Projeto: <em>Din\u00e2mica do Movimento de Ve\u00edculos Movidos a Vento na Dire\u00e7\u00e3o do Vento: Fundamentos e Aplica\u00e7\u00f5es<\/em>.<br>Vig\u00eancia: 03\/2022\u201302\/2023. Bolsa de Estudos FAEPEX\/PRP-UNICAMP.<\/li>\n\n\n\n<li><a href=\"http:\/\/lattes.cnpq.br\/9527256851781482\" target=\"_blank\" rel=\"noreferrer noopener\">Fernanda Valim Pereira<\/a><br> T\u00edtulo do Projeto:&nbsp;<em>Estudo e Desenvolvimento de Modelos Matem\u00e1ticos de C\u00e2ncer e Imunoterapia<\/em>.<br> Vig\u00eancia: 04\/2018\u201311\/2018. PROPe\/UNESP. Orientador. <\/li>\n\n\n\n<li><a href=\"http:\/\/lattes.cnpq.br\/2589230927023370\">Isabella Matiacci Camargo<\/a><br>T\u00edtulo do Projetos: <em>Modelagem Macrosc\u00f3pica de Tr\u00e1fego de Ve\u00edculos em Rodovias via Equa\u00e7\u00f5es Diferenciais Parciais \/ Modelagem Macrosc\u00f3pica de Fluxo de Tr\u00e1fego Veicular: Diagramas Fundamentais.<\/em><br>Vig\u00eancias: 01\/09\/2021\u201331\/08\/2020 e 01\/09\/2022\u201331\/08\/2023. PIBIC\/CNPq. Orientador.<\/li>\n\n\n\n<li><a href=\"http:\/\/lattes.cnpq.br\/9950307909165151\">Jacqueline Kelm Concei\u00e7\u00e3o<\/a><br>T\u00edtulo do Projeto: <em>Desenvolvimento de um Modelo Matem\u00e1tico do Ciclo de Oz\u00f4nio Destinado \u00e0 Descri\u00e7\u00e3o de Dados Din\u00e2micos de Monitoramento de Qualidade do Ar.<\/em><br>Vig\u00eancia: 01\/09\/2020\u201331\/08\/2021 e 01\/09\/2021\u201331\/08\/2022. PIBIC\/CNPq. Orientador.<\/li>\n\n\n\n<li><a href=\"http:\/\/lattes.cnpq.br\/8951090616261866\">Laura Alencar Rodrigues<\/a><br>T\u00edtulo do Projeto: <em>Modelagem Matem\u00e1tica de Sistemas Ambientais em Resili\u00eancia Ecol\u00f3gica e Eutrofiza\u00e7\u00e3o de Lagos.<\/em><br>Vig\u00eancia: 01\/09\/2022\u201331\/08\/2023. PIBIC\/CNPq. Orientador.<\/li>\n\n\n\n<li> <a href=\"http:\/\/lattes.cnpq.br\/9356804344849559\">Lucas Marques Fagundes Silva<\/a><br> T\u00edtulo do Projeto: <a href=\"https:\/\/www.unifal-mg.edu.br\/fisica\/2019-tcc-apresentados\/\"><em>Modelagem Farmacocin\u00e9tica da Biodistribui\u00e7\u00e3o de Nanopart\u00edculas Magn\u00e9ticas via Equa\u00e7\u00f5es Diferenciais Ordin\u00e1rias<\/em><\/a>.<br> Vig\u00eancia: 12\/2018-11\/2019. PIVIC\/UNIFAL-MG. Orientador.<\/li>\n\n\n\n<li><a href=\"https:\/\/bv.fapesp.br\/pt\/pesquisador\/705380\/piero-ruzzi-ramalho\/\">Piero Ruzzi Ramalho<\/a><br>T\u00edtulo do Projeto: Modelagem de Problemas de Ci\u00eancia B\u00e1sica ou Engenharia via Equa\u00e7\u00f5es Diferenciais. <br>Vig\u00eancia: 03\/2023-02\/2024. Bolsa Aux\u00edlio Estudo e Forma\u00e7\u00e3o (BAEF), SAE-UNICAMP. Orientador.<\/li>\n<\/ul>\n\n\n\n<ul class=\"wp-block-list\">\n<li><a href=\"http:\/\/lattes.cnpq.br\/3964566881933658\">Thiago da Silva Ferreira Alves<\/a><br>T\u00edtulo do Projeto: <em>Modelagem Computacional do Ciclo do Oz\u00f4nio Aplicada ao Monitoramento da Qualidade do Ar.<\/em><br>Vig\u00eancias: 01\/09\/2021\u201331\/08\/2022 e 01\/09\/2022\u201331\/08\/2023. Programa DOW &#8220;CRIE&#8221;, Charities Aid Foundation America, Inc. e PRP\/UNICAMP. Orientador.<\/li>\n\n\n\n<li> <a href=\"http:\/\/lattes.cnpq.br\/0974024973358629\" target=\"_blank\" rel=\"noreferrer noopener\">Vanessa Ulisses Amorim da Silva<\/a><br> T\u00edtulo do Projeto: <em><a href=\"http:\/\/www.bv.fapesp.br\/pt\/bolsas\/165781\/modelagem-matematica-dos-efeitos-biologicos-da-radiacao-ionizante-em-celulas-cancerosas-in-vitro\/\" target=\"_blank\" rel=\"noreferrer noopener\">Modelagem Matem\u00e1tica dos Efeitos Biol\u00f3gicos da Radia\u00e7\u00e3o Ionizante em C\u00e9lulas Cancerosas In Vitro<\/a>.<br> <\/em>Vig\u00eancia: 08\/2016\u201307\/2017 e 10\/2017\u201309\/2018. FAPESP. Orientador.  <\/li>\n<\/ul>\n<\/li>\n\n\n\n<li><strong>Trabalho de Conclus\u00e3o de Curso<\/strong>\n<ul class=\"wp-block-list\">\n<li> <a href=\"http:\/\/lattes.cnpq.br\/0974024973358629\" target=\"_blank\" rel=\"noreferrer noopener\">Vanessa Ulisses Amorim da Silva<\/a><br> T\u00edtulo da Monografia: <em>Modelagem Matem\u00e1tica dos Efeitos Biol\u00f3gicos da Radia\u00e7\u00e3o Ionizante em C\u00e9lulas Cancerosas In Vitro<\/em>.<br>Vig\u00eancia: 03\/2018\u201311\/2018. <a href=\"https:\/\/www.ibb.unesp.br\/#!\/ensino\/graduacao\/curso\/fisica-medica\/\">IBB\/UNESP<\/a> (F\u00edsica M\u00e9dica). Orientador.   <\/li>\n<\/ul>\n<\/li>\n\n\n\n<li><strong>Mestrado<\/strong>\n<ul class=\"wp-block-list\">\n<li><a href=\"http:\/\/lattes.cnpq.br\/8984424346122926\">Andr\u00e9 Luiz dos Santos<\/a><br>T\u00edtulo da Disserta\u00e7\u00e3o: <em>Escoamentos Hidr\u00e1ulicos em Canais: Modelagem e Simula\u00e7\u00e3o.<\/em><br>Vig\u00eancia: 07\/2021\u2013Atual. Bolsa de Estudos FAEPEX\/PRP-UNICAMP. <a href=\"https:\/\/ime.unicamp.br\/pos-graduacao\/matematica-aplicada\">P\u00f3s-Gradua\u00e7\u00e3o em Matem\u00e1tica Aplicada<\/a>, UNICAMP. Orientador.<\/li>\n\n\n\n<li>Carlos Henrique Peixoto<br>T\u00edtulo da Disserta\u00e7\u00e3o: Desafio Maker: <em>Constru\u00e7\u00e3o de um Minive\u00edculo Movido \u00e0 Vento.<\/em><br>Vig\u00eancia: 08\/2022&#8211;Atual. <a href=\"https:\/\/www.ft.unicamp.br\/pt-br\/posgraduacao\">P\u00f3s-Gradua\u00e7\u00e3o em Tecnologia<\/a>, UNICAMP. Orientador.<\/li>\n\n\n\n<li><a href=\"http:\/\/lattes.cnpq.br\/5080403336432575\" target=\"_blank\" rel=\"noreferrer noopener\">Felipe de Almeida Camargo<\/a><br> T\u00edtulo da Disserta\u00e7\u00e3o: <em>Modelagem e Simula\u00e7\u00e3o Computacional da Infec\u00e7\u00e3o do V\u00edrus da Dengue em Lactentes<\/em>.<br> Vig\u00eancia: 02\/2018\u201302\/2019. Bolsa de Estudos CAPES. <a href=\"http:\/\/www.ibb.unesp.br\/pos-graduacao\/biometria\/\" target=\"_blank\" rel=\"noreferrer noopener\">P\u00f3s-Gradua\u00e7\u00e3o em Biometria<\/a>, UNESP. Coorientador.<\/li>\n\n\n\n<li><a href=\"http:\/\/lattes.cnpq.br\/9763110040296327\">Heitor da Hora Caraciolo Ferreira<\/a><br>T\u00edtulo da Disserta\u00e7\u00e3o: <em>Calibra\u00e7\u00e3o de Rela\u00e7\u00f5es Fundamentais de Tr\u00e1fego Veicular.<\/em><br>Vig\u00eancia: 07\/2021\u2013Atual. <a href=\"https:\/\/www.ft.unicamp.br\/pt-br\/posgraduacao\">P\u00f3s-Gradua\u00e7\u00e3o em Tecnologia<\/a>, UNICAMP. Orientador.<\/li>\n\n\n\n<li><a href=\"http:\/\/lattes.cnpq.br\/6369427588081214\">Janielly Matos Vieira<\/a><br>T\u00edtulo da Disserta\u00e7\u00e3o: <em>Abordagem de Imunoterapia via Modelagem Matem\u00e1tica<\/em>.<br> Vig\u00eancia: 06\/2019\u201302\/2019. Bolsa de Estudos CAPES. <a href=\"http:\/\/www.ibb.unesp.br\/pos-graduacao\/biometria\/\" target=\"_blank\" rel=\"noreferrer noopener\">P\u00f3s-Gradua\u00e7\u00e3o em Biometria<\/a>, UNESP. Coorientador.<\/li>\n\n\n\n<li><a href=\"http:\/\/lattes.cnpq.br\/6522972583385623\">Let\u00edcia Fernanda Alves<\/a><br>T\u00edtulo da Disserta\u00e7\u00e3o: <em>Identificabilidade e Estima\u00e7\u00e3o de Par\u00e2metros de Eq. Dif. Ordin\u00e1rias com Aplica\u00e7\u00f5es em Ci\u00eancias Biom\u00e9dicas.<\/em><br>Vig\u00eancia: 08\/2022&#8211;Atual. <a href=\"https:\/\/ime.unicamp.br\/pos-graduacao\/matematica-aplicada\">P\u00f3s-Gradua\u00e7\u00e3o em Matem\u00e1tica Aplicada<\/a>, UNICAMP. Orientador.<\/li>\n\n\n\n<li><a href=\"http:\/\/lattes.cnpq.br\/0403695894151339\">Maria In\u00eas da Silva<\/a><br>T\u00edtulo da Disserta\u00e7\u00e3o: <em>Modelagem de Escoamentos Hidr\u00e1ulicos \u00e0 Jusante de Barragens: Aplica\u00e7\u00f5es \u00e0 Barragem de Duas Pontes, SP<\/em>.<br>Vig\u00eancia: 03\/2020\u201303\/2022. Bolsa de Estudos CAPES. <a href=\"https:\/\/www.ft.unicamp.br\/pt-br\/posgraduacao\">P\u00f3s-Gradua\u00e7\u00e3o em Tecnologia<\/a>, UNICAMP. Orientador.<\/li>\n\n\n\n<li><a href=\"http:\/\/lattes.cnpq.br\/1096844715571998\">Jo\u00ebl Viltus<\/a><br>T\u00edtulo da Disserta\u00e7\u00e3o: <em>Modelagem de Escoamentos Hidr\u00e1ulicos em Barragens: Estudo de Caso na Barragem de Pedreira, SP.<\/em><br>Vig\u00eancia: 02\/2020\u2013Atual. Bolsa de Estudos CAPES. <a href=\"https:\/\/www.ft.unicamp.br\/pt-br\/posgraduacao\">P\u00f3s-Gradua\u00e7\u00e3o em Tecnologia<\/a>. UNICAMP. Coorientador.<\/li>\n\n\n\n<li> <a href=\"http:\/\/lattes.cnpq.br\/8826613076134539\">Thiago Mariotto de Oliveira<\/a><br> T\u00edtulo da Disserta\u00e7\u00e3o: <em>Modelagem Matem\u00e1tica de Dengue Hemorr\u00e1gica em Crian\u00e7as.<br><\/em>Vig\u00eancia: 10\/2017\u201302\/2019. Bolsa de Estudos CAPES. <a href=\"http:\/\/www.ibb.unesp.br\/pos-graduacao\/biometria\/\" target=\"_blank\" rel=\"noreferrer noopener\">P\u00f3s-Gradua\u00e7\u00e3o em Biometria<\/a>, UNESP. Coorientador.<\/li>\n\n\n\n<li><a href=\"http:\/\/lattes.cnpq.br\/7291948667716751\">Victor Augusto Vieira Pinto<\/a><br>T\u00edtulo da Disserta\u00e7\u00e3o: <em>Modelagem de Problemas de Engenharia via Equa\u00e7\u00f5es Diferenciais<\/em>.<br>Vig\u00eancia: 03\/2023\u2013Atual. Bolsa de Estudos CAPES. <a href=\"https:\/\/www.ft.unicamp.br\/pt-br\/posgraduacao\">P\u00f3s-Gradua\u00e7\u00e3o em Tecnologia<\/a>. UNICAMP. Orientador.<\/li>\n<\/ul>\n<\/li>\n\n\n\n<li><strong>Doutorado<\/strong>\n<ul class=\"wp-block-list\">\n<li><a href=\"http:\/\/lattes.cnpq.br\/8822883675166260\" target=\"_blank\" rel=\"noreferrer noopener\">Edgard Louren\u00e7o J\u00fanior<\/a><br> T\u00edtulo da Tese: <em>Ferramentas Matem\u00e1ticas para a Modelagem do Crescimento Tumoral e Terapias<\/em>.<br> Vig\u00eancia: 08\/2019\u201308\/2022. <a href=\"http:\/\/www.ibb.unesp.br\/pos-graduacao\/biometria\/\" target=\"_blank\" rel=\"noreferrer noopener\">P\u00f3s-Gradua\u00e7\u00e3o em Biometria<\/a>, UNESP. Coorientador.  <\/li>\n<\/ul>\n<\/li>\n\n\n\n<li><strong>P\u00f3s-Doutorado<\/strong>\n<ul class=\"wp-block-list\">\n<li><a href=\"http:\/\/lattes.cnpq.br\/4903838255867392\">Erick Manuel Delgado Moya<\/a><br>Projeto de Pesquisa: <em>Din\u00e2mica Temporal do Ciclo do Oz\u00f4nio Troposf\u00e9rico: Modelagem e Simula\u00e7\u00e3o.<\/em><br>Vig\u00eancia: 03\/2023\u201302\/2025. Bolsa de Estudos do Programa de Desenvolvimento da P\u00f3s-Gradua\u00e7\u00e3o (PDPG), P\u00f3s-Doutorado Estrat\u00e9gico da CAPES. <a href=\"https:\/\/www.ft.unicamp.br\/pt-br\/posgraduacao\">P\u00f3s-Gradua\u00e7\u00e3o em Tecnologia<\/a>. FT-UNICAMP. Supervisor.<\/li>\n<\/ul>\n<\/li>\n\n\n\n<li><strong>Orienta\u00e7\u00f5es e Supervis\u00f5es de Outra Natureza<\/strong><ul><li><a href=\"http:\/\/lattes.cnpq.br\/1173564515043744\">Aglaer Nasia Cabral Leoc\u00e1dio<\/a><br>Est\u00e1gio Doc\u00eancia de P\u00f3s-Gradua\u00e7\u00e3o (Doutorado) com Bolsa de Estudos (PEB B). Disciplina: EB204 \u2013 Lab. de F\u00edsica II.<br>Vig\u00eancia: 03\/2020\u201307\/2020. <a href=\"https:\/\/www.ft.unicamp.br\/pt-br\/posgraduacao\">P\u00f3s-Gradua\u00e7\u00e3o em Tecnologia<\/a>. <a href=\"http:\/\/www3.prpg.gr.unicamp.br\/sites\/site1\/index.php\/inicio-2\/\">PED<\/a>, FT-UNICAMP. Supervisor.<\/li><\/ul><ul><li>Alexandre de Souza Amorim<br>Monitoria de Gradua\u00e7\u00e3o com Bolsa de Estudos (PAD). Disciplina: EB101 \u2013 C\u00e1lculo I.<br>Vig\u00eancia: 08\/2019&#8211;12\/2019. <a href=\"https:\/\/www.prg.unicamp.br\/?page_id=695\">PAD<\/a>, FT-UNICAMP. Supervisor. <\/li><li><a href=\"http:\/\/lattes.cnpq.br\/9220568701203441\" target=\"_blank\" rel=\"noreferrer noopener\">Alice Noronha de Oliveira<\/a><br>Est\u00e1gio Doc\u00eancia de P\u00f3s-Gradua\u00e7\u00e3o (Mestrado). Disciplina: Geometria Anal\u00edtica (Ci\u00eancia da Computa\u00e7\u00e3o).<br>Vig\u00eancia: 02\/2019\u201306\/2019. <a href=\"https:\/\/www.unifal-mg.edu.br\/ppgeab\/\" target=\"_blank\" rel=\"noreferrer noopener\">P\u00f3s-Gradua\u00e7\u00e3o em Estat\u00edstica Aplicada e Biometria<\/a>, ICEx-UNIFAL-MG. Supervisor. <\/li><li><a href=\"http:\/\/lattes.cnpq.br\/1415078778250342\">Francis Lorena Larreal Herrera<\/a><br>Est\u00e1gio Doc\u00eancia de P\u00f3s-Gradua\u00e7\u00e3o (Doutorado) com Bolsa de Estudos (PED B). Disciplina: EB201 \u2013 C\u00e1lculo II.<br>Vig\u00eancia: 09\/2020&#8211;01\/2021. <a href=\"https:\/\/www.ft.unicamp.br\/pt-br\/posgraduacao\">P\u00f3s-Gradua\u00e7\u00e3o em Tecnologia<\/a>. <a href=\"http:\/\/www3.prpg.gr.unicamp.br\/sites\/site1\/index.php\/inicio-2\/\">PED,<\/a> FT-UNICAMP. Supervisor.<\/li><li>Guilherme Silva Santana<br>Monitoria de Gradua\u00e7\u00e3o bom Bolsa de Estudos (PAD). Disciplina: EB103 \u2013 F\u00edsica Geral I.<br>Vig\u00eancia: 09\/2020&#8211;01\/2021. <a href=\"https:\/\/www.prg.unicamp.br\/?page_id=695\">PAD<\/a>, FT-UNICAMP. Supervisor.<\/li><li><a href=\"http:\/\/lattes.cnpq.br\/6375575815874809\">Gustavo Cazzeri Innocencio Figueiredo<\/a><br>Est\u00e1gio Doc\u00eancia de P\u00f3s-Gradua\u00e7\u00e3o (Doutorado) com Bolsa de Estudos (PEB B). Disciplina: EB201 \u2013 C\u00e1lculo II.<br>Vig\u00eancia: 08\/2021&#8211;12\/2021. <a href=\"https:\/\/www.ft.unicamp.br\/pt-br\/posgraduacao\">P\u00f3s-Gradua\u00e7\u00e3o em Tecnologia<\/a>. <a href=\"http:\/\/www3.prpg.gr.unicamp.br\/sites\/site1\/index.php\/inicio-2\/\">PED<\/a>, FT-UNICAMP. Supervisor.<\/li><li><a href=\"http:\/\/lattes.cnpq.br\/9950307909165151\">Jacqueline Kelm Concei\u00e7\u00e3o<\/a><br>Monitoria de Gradua\u00e7\u00e3o com Bolsa de Estudos (PAD). Disciplina: EB101 \u2013 C\u00e1lculo I.<br>Vig\u00eancia: 03\/2020&#8211;07\/2020. <a href=\"https:\/\/www.prg.unicamp.br\/?page_id=695\">PAD<\/a>, FT-UNICAMP. Supervisor.<\/li><li>Jos\u00e9 Juci\u00ea Pereira dos Santos J\u00fanior<br>Projeto de Apoio \u00e0 Doc\u00eancia: &#8220;Montagem de Experimentos e Elabora\u00e7\u00e3o de Roteiros de Experimentos de Laborat\u00f3rio de F\u00edsica&#8221;.<br>Vig\u00eancia: 03\/2020&#8211;Atual. Edital SAE N. 01\/2019-UNICAMP &#8211; <a href=\"https:\/\/www.sae.unicamp.br\/saewiki\/index.php\/BAS_-_Bolsa_Aux%C3%ADlio-Social\">BAS<\/a>.<\/li><li><a href=\"http:\/\/lattes.cnpq.br\/8951090616261866\">Laura Alencar Rodrigues<\/a><br>Monitoria de Gradua\u00e7\u00e3o com Bolsa de Estudos (PAD). Disciplina: EB103 \u2013 F\u00edsica Geral I.<br>Vig\u00eancia: 08\/2021&#8211;12\/2021. <a href=\"https:\/\/www.prg.unicamp.br\/?page_id=695\">PAD<\/a>, FT-UNICAMP. Supervisor. <\/li><\/ul>\n<ul class=\"wp-block-list\">\n<li><a href=\"http:\/\/lattes.cnpq.br\/2923170885179781\">Marcio Jose Teixeira<\/a><br>Est\u00e1gio Doc\u00eancia de P\u00f3s-Gradua\u00e7\u00e3o (Doutorado) com Bolsa de Estudos (PEB B). Disciplina: EB104 \u2013 Lab. de F\u00edsica I.<br>Vig\u00eancia: 08\/2019&#8211;12\/2019. <a href=\"https:\/\/www.ft.unicamp.br\/pt-br\/posgraduacao\">P\u00f3s-Gradua\u00e7\u00e3o em Tecnologia<\/a>. <a href=\"http:\/\/www3.prpg.gr.unicamp.br\/sites\/site1\/index.php\/inicio-2\/\">PED<\/a>, FT-UNICAMP. Supervisor.<\/li>\n\n\n\n<li>Ivan Francisco de Souza<br>Monitoria de Gradua\u00e7\u00e3o Volunt\u00e1ria. Disciplina: Geometria Anal\u00edtica (F\u00edsica).<br>Vig\u00eancia: 02\/2019&#8211;06\/2019. PROGRAD, ICEx-UNIFAL-MG. Supervisor.<\/li>\n\n\n\n<li><a href=\"http:\/\/lattes.cnpq.br\/8366388521295358\">Roger Mascarenhas<\/a><br>Projeto de Apoio \u00e0 Doc\u00eancia: &#8220;Elabora\u00e7\u00e3o de Bancos de Quest\u00f5es para Atividades de Aprendizagem Virtual de Matem\u00e1tica e F\u00edsica&#8221;.<br>Vig\u00eancia: 03\/2020&#8211;Atual. Edital SAE N. 01\/2019-UNICAMP &#8211; <a href=\"https:\/\/www.sae.unicamp.br\/saewiki\/index.php\/BAS_-_Bolsa_Aux%C3%ADlio-Social\">BAS<\/a>.<\/li>\n\n\n\n<li><a href=\"http:\/\/lattes.cnpq.br\/0272548486322414\">Shohreh Iraji<\/a><br>Est\u00e1gio Doc\u00eancia de P\u00f3s-Gradua\u00e7\u00e3o (Doutorado) com Bolsa de Estudos (PED B). Disciplinas: EB301 \u2013 C\u00e1lculo III e EB201 \u2013 C\u00e1lculo II.<br>Vig\u00eancias: 03\/2022&#8211;07\/2022 e 08\/2022&#8211;Atual. <a href=\"https:\/\/www.ft.unicamp.br\/pt-br\/posgraduacao\">P\u00f3s-Gradua\u00e7\u00e3o em Tecnologia<\/a>. <a href=\"http:\/\/www3.prpg.gr.unicamp.br\/sites\/site1\/index.php\/inicio-2\/\">PED<\/a>, FT-UNICAMP. Supervisor.<\/li>\n\n\n\n<li><a href=\"http:\/\/lattes.cnpq.br\/3964566881933658\">Thiago da Silva Ferreira Alves<\/a><br>Monitoria de Gradua\u00e7\u00e3o Volunt\u00e1ria. Disciplina: EB101 \u2013 C\u00e1lculo I.<br>Vig\u00eancia: 09\/2020&#8211;01\/2021. <a href=\"https:\/\/www.prg.unicamp.br\/?page_id=695\">PAD<\/a>, FT-UNICAMP. Supervisor.<\/li>\n\n\n\n<li><a href=\"http:\/\/lattes.cnpq.br\/4123114017267009\">Vitor Hugo da Costa Luz<\/a><br>Monitoria de Gradua\u00e7\u00e3o com Bolsa de Estudos. Disciplina: Geometria Anal\u00edtica (Ci\u00eancia da Computa\u00e7\u00e3o).<br>Vig\u00eancia: 02\/2019&#8211;06\/2019. PROGRAD, ICEx-UNIFAL-MG. Supervisor.<\/li>\n<\/ul>\n<\/li>\n<\/ul>\n\n\n\n<p><\/p>\n","protected":false},"excerpt":{"rendered":"<p>Atualmente estou credenciado para orienta\u00e7\u00f5es no Programa de P\u00f3s-Gradua\u00e7\u00e3o em Tecnologia da FT-UNICAMP e no Programa de P\u00f3s-Gradua\u00e7\u00e3o em Matem\u00e1tica Aplicada do IMECC-UNICAMP.Tamb\u00e9m coorientei estudantes de Mestrado e Doutorado do Programa de P\u00f3s-Gradua\u00e7\u00e3o em Biometria do IBB-UNESP. Estou sempre aberto&hellip; <\/p>\n","protected":false},"author":51,"featured_media":0,"parent":0,"menu_order":0,"comment_status":"closed","ping_status":"closed","template":"","meta":{"footnotes":""},"class_list":["post-71","page","type-page","status-publish","hentry"],"yoast_head":"<!-- This site is optimized with the Yoast SEO plugin v27.5 - https:\/\/yoast.com\/product\/yoast-seo-wordpress\/ -->\n<title>Orienta\u00e7\u00f5es - Prof. Dr. Diego Samuel Rodrigues<\/title>\n<meta name=\"robots\" content=\"index, follow, max-snippet:-1, max-image-preview:large, max-video-preview:-1\" \/>\n<link rel=\"canonical\" href=\"https:\/\/wordpress.ft.unicamp.br\/diegorodrigues\/orientacoes\/\" \/>\n<meta property=\"og:locale\" content=\"pt_BR\" \/>\n<meta property=\"og:type\" content=\"article\" \/>\n<meta property=\"og:title\" content=\"Orienta\u00e7\u00f5es - Prof. Dr. Diego Samuel Rodrigues\" \/>\n<meta property=\"og:description\" content=\"Atualmente estou credenciado para orienta\u00e7\u00f5es no Programa de P\u00f3s-Gradua\u00e7\u00e3o em Tecnologia da FT-UNICAMP e no Programa de P\u00f3s-Gradua\u00e7\u00e3o em Matem\u00e1tica Aplicada do IMECC-UNICAMP.Tamb\u00e9m coorientei estudantes de Mestrado e Doutorado do Programa de P\u00f3s-Gradua\u00e7\u00e3o em Biometria do IBB-UNESP. Estou sempre aberto&hellip;\" \/>\n<meta property=\"og:url\" content=\"https:\/\/wordpress.ft.unicamp.br\/diegorodrigues\/orientacoes\/\" \/>\n<meta property=\"og:site_name\" content=\"Prof. Dr. Diego Samuel Rodrigues\" \/>\n<meta property=\"article:modified_time\" content=\"2023-04-13T13:48:36+00:00\" \/>\n<meta name=\"twitter:card\" content=\"summary_large_image\" \/>\n<meta name=\"twitter:label1\" content=\"Est. tempo de leitura\" \/>\n\t<meta name=\"twitter:data1\" content=\"6 minutos\" \/>\n<script type=\"application\/ld+json\" class=\"yoast-schema-graph\">{\"@context\":\"https:\\\/\\\/schema.org\",\"@graph\":[{\"@type\":\"WebPage\",\"@id\":\"https:\\\/\\\/wordpress.ft.unicamp.br\\\/diegorodrigues\\\/orientacoes\\\/\",\"url\":\"https:\\\/\\\/wordpress.ft.unicamp.br\\\/diegorodrigues\\\/orientacoes\\\/\",\"name\":\"Orienta\u00e7\u00f5es - Prof. Dr. Diego Samuel Rodrigues\",\"isPartOf\":{\"@id\":\"https:\\\/\\\/wordpress.ft.unicamp.br\\\/diegorodrigues\\\/#website\"},\"datePublished\":\"2018-08-23T14:11:00+00:00\",\"dateModified\":\"2023-04-13T13:48:36+00:00\",\"breadcrumb\":{\"@id\":\"https:\\\/\\\/wordpress.ft.unicamp.br\\\/diegorodrigues\\\/orientacoes\\\/#breadcrumb\"},\"inLanguage\":\"pt-BR\",\"potentialAction\":[{\"@type\":\"ReadAction\",\"target\":[\"https:\\\/\\\/wordpress.ft.unicamp.br\\\/diegorodrigues\\\/orientacoes\\\/\"]}]},{\"@type\":\"BreadcrumbList\",\"@id\":\"https:\\\/\\\/wordpress.ft.unicamp.br\\\/diegorodrigues\\\/orientacoes\\\/#breadcrumb\",\"itemListElement\":[{\"@type\":\"ListItem\",\"position\":1,\"name\":\"Home\",\"item\":\"https:\\\/\\\/wordpress.ft.unicamp.br\\\/diegorodrigues\\\/\"},{\"@type\":\"ListItem\",\"position\":2,\"name\":\"Orienta\u00e7\u00f5es\"}]},{\"@type\":\"WebSite\",\"@id\":\"https:\\\/\\\/wordpress.ft.unicamp.br\\\/diegorodrigues\\\/#website\",\"url\":\"https:\\\/\\\/wordpress.ft.unicamp.br\\\/diegorodrigues\\\/\",\"name\":\"Prof. Dr. Diego Samuel Rodrigues\",\"description\":\"Interesse de Pesquisa: Modelagem Matem\u00e1tica e Computacional de Fen\u00f4menos F\u00edsicos e Biol\u00f3gicos\",\"potentialAction\":[{\"@type\":\"SearchAction\",\"target\":{\"@type\":\"EntryPoint\",\"urlTemplate\":\"https:\\\/\\\/wordpress.ft.unicamp.br\\\/diegorodrigues\\\/?s={search_term_string}\"},\"query-input\":{\"@type\":\"PropertyValueSpecification\",\"valueRequired\":true,\"valueName\":\"search_term_string\"}}],\"inLanguage\":\"pt-BR\"}]}<\/script>\n<!-- \/ Yoast SEO plugin. -->","yoast_head_json":{"title":"Orienta\u00e7\u00f5es - Prof. Dr. Diego Samuel Rodrigues","robots":{"index":"index","follow":"follow","max-snippet":"max-snippet:-1","max-image-preview":"max-image-preview:large","max-video-preview":"max-video-preview:-1"},"canonical":"https:\/\/wordpress.ft.unicamp.br\/diegorodrigues\/orientacoes\/","og_locale":"pt_BR","og_type":"article","og_title":"Orienta\u00e7\u00f5es - Prof. Dr. Diego Samuel Rodrigues","og_description":"Atualmente estou credenciado para orienta\u00e7\u00f5es no Programa de P\u00f3s-Gradua\u00e7\u00e3o em Tecnologia da FT-UNICAMP e no Programa de P\u00f3s-Gradua\u00e7\u00e3o em Matem\u00e1tica Aplicada do IMECC-UNICAMP.Tamb\u00e9m coorientei estudantes de Mestrado e Doutorado do Programa de P\u00f3s-Gradua\u00e7\u00e3o em Biometria do IBB-UNESP. Estou sempre aberto&hellip;","og_url":"https:\/\/wordpress.ft.unicamp.br\/diegorodrigues\/orientacoes\/","og_site_name":"Prof. Dr. Diego Samuel Rodrigues","article_modified_time":"2023-04-13T13:48:36+00:00","twitter_card":"summary_large_image","twitter_misc":{"Est. tempo de leitura":"6 minutos"},"schema":{"@context":"https:\/\/schema.org","@graph":[{"@type":"WebPage","@id":"https:\/\/wordpress.ft.unicamp.br\/diegorodrigues\/orientacoes\/","url":"https:\/\/wordpress.ft.unicamp.br\/diegorodrigues\/orientacoes\/","name":"Orienta\u00e7\u00f5es - Prof. Dr. Diego Samuel Rodrigues","isPartOf":{"@id":"https:\/\/wordpress.ft.unicamp.br\/diegorodrigues\/#website"},"datePublished":"2018-08-23T14:11:00+00:00","dateModified":"2023-04-13T13:48:36+00:00","breadcrumb":{"@id":"https:\/\/wordpress.ft.unicamp.br\/diegorodrigues\/orientacoes\/#breadcrumb"},"inLanguage":"pt-BR","potentialAction":[{"@type":"ReadAction","target":["https:\/\/wordpress.ft.unicamp.br\/diegorodrigues\/orientacoes\/"]}]},{"@type":"BreadcrumbList","@id":"https:\/\/wordpress.ft.unicamp.br\/diegorodrigues\/orientacoes\/#breadcrumb","itemListElement":[{"@type":"ListItem","position":1,"name":"Home","item":"https:\/\/wordpress.ft.unicamp.br\/diegorodrigues\/"},{"@type":"ListItem","position":2,"name":"Orienta\u00e7\u00f5es"}]},{"@type":"WebSite","@id":"https:\/\/wordpress.ft.unicamp.br\/diegorodrigues\/#website","url":"https:\/\/wordpress.ft.unicamp.br\/diegorodrigues\/","name":"Prof. Dr. Diego Samuel Rodrigues","description":"Interesse de Pesquisa: Modelagem Matem\u00e1tica e Computacional de Fen\u00f4menos F\u00edsicos e Biol\u00f3gicos","potentialAction":[{"@type":"SearchAction","target":{"@type":"EntryPoint","urlTemplate":"https:\/\/wordpress.ft.unicamp.br\/diegorodrigues\/?s={search_term_string}"},"query-input":{"@type":"PropertyValueSpecification","valueRequired":true,"valueName":"search_term_string"}}],"inLanguage":"pt-BR"}]}},"_links":{"self":[{"href":"https:\/\/wordpress.ft.unicamp.br\/diegorodrigues\/wp-json\/wp\/v2\/pages\/71","targetHints":{"allow":["GET"]}}],"collection":[{"href":"https:\/\/wordpress.ft.unicamp.br\/diegorodrigues\/wp-json\/wp\/v2\/pages"}],"about":[{"href":"https:\/\/wordpress.ft.unicamp.br\/diegorodrigues\/wp-json\/wp\/v2\/types\/page"}],"author":[{"embeddable":true,"href":"https:\/\/wordpress.ft.unicamp.br\/diegorodrigues\/wp-json\/wp\/v2\/users\/51"}],"replies":[{"embeddable":true,"href":"https:\/\/wordpress.ft.unicamp.br\/diegorodrigues\/wp-json\/wp\/v2\/comments?post=71"}],"version-history":[{"count":106,"href":"https:\/\/wordpress.ft.unicamp.br\/diegorodrigues\/wp-json\/wp\/v2\/pages\/71\/revisions"}],"predecessor-version":[{"id":928,"href":"https:\/\/wordpress.ft.unicamp.br\/diegorodrigues\/wp-json\/wp\/v2\/pages\/71\/revisions\/928"}],"wp:attachment":[{"href":"https:\/\/wordpress.ft.unicamp.br\/diegorodrigues\/wp-json\/wp\/v2\/media?parent=71"}],"curies":[{"name":"wp","href":"https:\/\/api.w.org\/{rel}","templated":true}]}}