{"id":1164,"date":"2026-01-25T18:27:04","date_gmt":"2026-01-25T18:27:04","guid":{"rendered":"https:\/\/wordpress.ft.unicamp.br\/ecoedu\/?page_id=1164"},"modified":"2026-01-25T23:47:32","modified_gmt":"2026-01-25T23:47:32","slug":"identidade","status":"publish","type":"page","link":"https:\/\/wordpress.ft.unicamp.br\/ecoedu\/identidade\/","title":{"rendered":"Identidade"},"content":{"rendered":"<div class=\"wp-block-image is-resized\">\n<figure class=\"aligncenter size-full\"><img fetchpriority=\"high\" decoding=\"async\" width=\"2048\" height=\"2048\" src=\"https:\/\/wordpress.ft.unicamp.br\/ecoedu\/wp-content\/uploads\/sites\/28\/2026\/01\/Gemini_Generated_Image_f29zt0f29zt0f29z.png\" alt=\"\" class=\"wp-image-1168\" style=\"width:296px;height:auto\" srcset=\"https:\/\/wordpress.ft.unicamp.br\/ecoedu\/wp-content\/uploads\/sites\/28\/2026\/01\/Gemini_Generated_Image_f29zt0f29zt0f29z.png 2048w, https:\/\/wordpress.ft.unicamp.br\/ecoedu\/wp-content\/uploads\/sites\/28\/2026\/01\/Gemini_Generated_Image_f29zt0f29zt0f29z-300x300.png 300w, https:\/\/wordpress.ft.unicamp.br\/ecoedu\/wp-content\/uploads\/sites\/28\/2026\/01\/Gemini_Generated_Image_f29zt0f29zt0f29z-1024x1024.png 1024w, https:\/\/wordpress.ft.unicamp.br\/ecoedu\/wp-content\/uploads\/sites\/28\/2026\/01\/Gemini_Generated_Image_f29zt0f29zt0f29z-150x150.png 150w, https:\/\/wordpress.ft.unicamp.br\/ecoedu\/wp-content\/uploads\/sites\/28\/2026\/01\/Gemini_Generated_Image_f29zt0f29zt0f29z-768x768.png 768w, https:\/\/wordpress.ft.unicamp.br\/ecoedu\/wp-content\/uploads\/sites\/28\/2026\/01\/Gemini_Generated_Image_f29zt0f29zt0f29z-1536x1536.png 1536w, https:\/\/wordpress.ft.unicamp.br\/ecoedu\/wp-content\/uploads\/sites\/28\/2026\/01\/Gemini_Generated_Image_f29zt0f29zt0f29z-73x73.png 73w, https:\/\/wordpress.ft.unicamp.br\/ecoedu\/wp-content\/uploads\/sites\/28\/2026\/01\/Gemini_Generated_Image_f29zt0f29zt0f29z-174x174.png 174w, https:\/\/wordpress.ft.unicamp.br\/ecoedu\/wp-content\/uploads\/sites\/28\/2026\/01\/Gemini_Generated_Image_f29zt0f29zt0f29z-250x250.png 250w\" sizes=\"(max-width: 2048px) 100vw, 2048px\" \/><\/figure>\n<\/div>\n\n\n<p class=\"has-text-align-center\">O projeto \u201c<strong>Identidade<\/strong>\u201d tem como objetivo incentivar a inclus\u00e3o e o desenvolvimento por meio da Educa\u00e7\u00e3o Ambiental. A ideia por tr\u00e1s do projeto \u00e9 mostrar aos alunos que apesar de pertencerem a uma minoria, eles fazem parte de todas as quest\u00f5es ambientais e est\u00e3o sim, inseridos no mesmo ambiente que n\u00f3s ouvintes.<\/p>\n\n\n\n<p><\/p>\n","protected":false},"excerpt":{"rendered":"<p>O projeto \u201cIdentidade\u201d tem como objetivo incentivar a inclus\u00e3o e o desenvolvimento por meio da Educa\u00e7\u00e3o Ambiental. A ideia por tr\u00e1s do projeto \u00e9 mostrar aos alunos que apesar de pertencerem a uma minoria, eles fazem parte de todas as quest\u00f5es ambientais e est\u00e3o sim, inseridos no mesmo ambiente que n\u00f3s ouvintes.<\/p>\n","protected":false},"author":17,"featured_media":0,"parent":0,"menu_order":0,"comment_status":"closed","ping_status":"closed","template":"","meta":{"footnotes":""},"class_list":["post-1164","page","type-page","status-publish","hentry"],"yoast_head":"<!-- This site is optimized with the Yoast SEO plugin v27.3 - https:\/\/yoast.com\/product\/yoast-seo-wordpress\/ -->\n<title>Identidade - Ecoedu Ambiental<\/title>\n<meta name=\"robots\" content=\"index, follow, max-snippet:-1, max-image-preview:large, max-video-preview:-1\" \/>\n<link rel=\"canonical\" href=\"https:\/\/wordpress.ft.unicamp.br\/ecoedu\/identidade\/\" \/>\n<meta property=\"og:locale\" content=\"pt_BR\" \/>\n<meta property=\"og:type\" content=\"article\" \/>\n<meta property=\"og:title\" content=\"Identidade - Ecoedu Ambiental\" \/>\n<meta property=\"og:description\" content=\"O projeto \u201cIdentidade\u201d tem como objetivo incentivar a inclus\u00e3o e o desenvolvimento por meio da Educa\u00e7\u00e3o Ambiental. A ideia por tr\u00e1s do projeto \u00e9 mostrar aos alunos que apesar de pertencerem a uma minoria, eles fazem parte de todas as quest\u00f5es ambientais e est\u00e3o sim, inseridos no mesmo ambiente que n\u00f3s ouvintes.\" \/>\n<meta property=\"og:url\" content=\"https:\/\/wordpress.ft.unicamp.br\/ecoedu\/identidade\/\" \/>\n<meta property=\"og:site_name\" content=\"Ecoedu Ambiental\" \/>\n<meta property=\"article:modified_time\" content=\"2026-01-25T23:47:32+00:00\" \/>\n<meta property=\"og:image\" content=\"https:\/\/wordpress.ft.unicamp.br\/ecoedu\/wp-content\/uploads\/sites\/28\/2026\/01\/Gemini_Generated_Image_f29zt0f29zt0f29z-1024x1024.png\" \/>\n\t<meta property=\"og:image:width\" content=\"1024\" \/>\n\t<meta property=\"og:image:height\" content=\"1024\" \/>\n\t<meta property=\"og:image:type\" content=\"image\/png\" \/>\n<meta name=\"twitter:card\" content=\"summary_large_image\" \/>\n<meta name=\"twitter:label1\" content=\"Est. tempo de leitura\" \/>\n\t<meta name=\"twitter:data1\" content=\"1 minuto\" \/>\n<script type=\"application\/ld+json\" class=\"yoast-schema-graph\">{\"@context\":\"https:\\\/\\\/schema.org\",\"@graph\":[{\"@type\":[\"Article\",\"SocialMediaPosting\"],\"@id\":\"https:\\\/\\\/wordpress.ft.unicamp.br\\\/ecoedu\\\/identidade\\\/#article\",\"isPartOf\":{\"@id\":\"https:\\\/\\\/wordpress.ft.unicamp.br\\\/ecoedu\\\/identidade\\\/\"},\"author\":{\"name\":\"ecoedu\",\"@id\":\"https:\\\/\\\/wordpress.ft.unicamp.br\\\/ecoedu\\\/#\\\/schema\\\/person\\\/2624c71240e8c21dde64940365492d41\"},\"headline\":\"Identidade\",\"datePublished\":\"2026-01-25T18:27:04+00:00\",\"dateModified\":\"2026-01-25T23:47:32+00:00\",\"mainEntityOfPage\":{\"@id\":\"https:\\\/\\\/wordpress.ft.unicamp.br\\\/ecoedu\\\/identidade\\\/\"},\"wordCount\":58,\"image\":{\"@id\":\"https:\\\/\\\/wordpress.ft.unicamp.br\\\/ecoedu\\\/identidade\\\/#primaryimage\"},\"thumbnailUrl\":\"https:\\\/\\\/wordpress.ft.unicamp.br\\\/ecoedu\\\/wp-content\\\/uploads\\\/sites\\\/28\\\/2026\\\/01\\\/Gemini_Generated_Image_f29zt0f29zt0f29z.png\",\"inLanguage\":\"pt-BR\"},{\"@type\":\"WebPage\",\"@id\":\"https:\\\/\\\/wordpress.ft.unicamp.br\\\/ecoedu\\\/identidade\\\/\",\"url\":\"https:\\\/\\\/wordpress.ft.unicamp.br\\\/ecoedu\\\/identidade\\\/\",\"name\":\"Identidade - Ecoedu Ambiental\",\"isPartOf\":{\"@id\":\"https:\\\/\\\/wordpress.ft.unicamp.br\\\/ecoedu\\\/#website\"},\"primaryImageOfPage\":{\"@id\":\"https:\\\/\\\/wordpress.ft.unicamp.br\\\/ecoedu\\\/identidade\\\/#primaryimage\"},\"image\":{\"@id\":\"https:\\\/\\\/wordpress.ft.unicamp.br\\\/ecoedu\\\/identidade\\\/#primaryimage\"},\"thumbnailUrl\":\"https:\\\/\\\/wordpress.ft.unicamp.br\\\/ecoedu\\\/wp-content\\\/uploads\\\/sites\\\/28\\\/2026\\\/01\\\/Gemini_Generated_Image_f29zt0f29zt0f29z.png\",\"datePublished\":\"2026-01-25T18:27:04+00:00\",\"dateModified\":\"2026-01-25T23:47:32+00:00\",\"breadcrumb\":{\"@id\":\"https:\\\/\\\/wordpress.ft.unicamp.br\\\/ecoedu\\\/identidade\\\/#breadcrumb\"},\"inLanguage\":\"pt-BR\",\"potentialAction\":[{\"@type\":\"ReadAction\",\"target\":[\"https:\\\/\\\/wordpress.ft.unicamp.br\\\/ecoedu\\\/identidade\\\/\"]}]},{\"@type\":\"ImageObject\",\"inLanguage\":\"pt-BR\",\"@id\":\"https:\\\/\\\/wordpress.ft.unicamp.br\\\/ecoedu\\\/identidade\\\/#primaryimage\",\"url\":\"https:\\\/\\\/wordpress.ft.unicamp.br\\\/ecoedu\\\/wp-content\\\/uploads\\\/sites\\\/28\\\/2026\\\/01\\\/Gemini_Generated_Image_f29zt0f29zt0f29z.png\",\"contentUrl\":\"https:\\\/\\\/wordpress.ft.unicamp.br\\\/ecoedu\\\/wp-content\\\/uploads\\\/sites\\\/28\\\/2026\\\/01\\\/Gemini_Generated_Image_f29zt0f29zt0f29z.png\",\"width\":2048,\"height\":2048},{\"@type\":\"BreadcrumbList\",\"@id\":\"https:\\\/\\\/wordpress.ft.unicamp.br\\\/ecoedu\\\/identidade\\\/#breadcrumb\",\"itemListElement\":[{\"@type\":\"ListItem\",\"position\":1,\"name\":\"Home\",\"item\":\"https:\\\/\\\/wordpress.ft.unicamp.br\\\/ecoedu\\\/\"},{\"@type\":\"ListItem\",\"position\":2,\"name\":\"Identidade\"}]},{\"@type\":\"WebSite\",\"@id\":\"https:\\\/\\\/wordpress.ft.unicamp.br\\\/ecoedu\\\/#website\",\"url\":\"https:\\\/\\\/wordpress.ft.unicamp.br\\\/ecoedu\\\/\",\"name\":\"Ecoedu Ambiental\",\"description\":\"\",\"potentialAction\":[{\"@type\":\"SearchAction\",\"target\":{\"@type\":\"EntryPoint\",\"urlTemplate\":\"https:\\\/\\\/wordpress.ft.unicamp.br\\\/ecoedu\\\/?s={search_term_string}\"},\"query-input\":{\"@type\":\"PropertyValueSpecification\",\"valueRequired\":true,\"valueName\":\"search_term_string\"}}],\"inLanguage\":\"pt-BR\"},{\"@type\":\"Person\",\"@id\":\"https:\\\/\\\/wordpress.ft.unicamp.br\\\/ecoedu\\\/#\\\/schema\\\/person\\\/2624c71240e8c21dde64940365492d41\",\"name\":\"ecoedu\",\"image\":{\"@type\":\"ImageObject\",\"inLanguage\":\"pt-BR\",\"@id\":\"https:\\\/\\\/secure.gravatar.com\\\/avatar\\\/9ea41f8feb513ab218f7f5b7c39683b40c218788e7b6af1e8168018c7e569547?s=96&d=mm&r=g\",\"url\":\"https:\\\/\\\/secure.gravatar.com\\\/avatar\\\/9ea41f8feb513ab218f7f5b7c39683b40c218788e7b6af1e8168018c7e569547?s=96&d=mm&r=g\",\"contentUrl\":\"https:\\\/\\\/secure.gravatar.com\\\/avatar\\\/9ea41f8feb513ab218f7f5b7c39683b40c218788e7b6af1e8168018c7e569547?s=96&d=mm&r=g\",\"caption\":\"ecoedu\"},\"url\":\"https:\\\/\\\/wordpress.ft.unicamp.br\\\/ecoedu\\\/author\\\/ecoedu\\\/\"}]}<\/script>\n<!-- \/ Yoast SEO plugin. -->","yoast_head_json":{"title":"Identidade - Ecoedu Ambiental","robots":{"index":"index","follow":"follow","max-snippet":"max-snippet:-1","max-image-preview":"max-image-preview:large","max-video-preview":"max-video-preview:-1"},"canonical":"https:\/\/wordpress.ft.unicamp.br\/ecoedu\/identidade\/","og_locale":"pt_BR","og_type":"article","og_title":"Identidade - Ecoedu Ambiental","og_description":"O projeto \u201cIdentidade\u201d tem como objetivo incentivar a inclus\u00e3o e o desenvolvimento por meio da Educa\u00e7\u00e3o Ambiental. A ideia por tr\u00e1s do projeto \u00e9 mostrar aos alunos que apesar de pertencerem a uma minoria, eles fazem parte de todas as quest\u00f5es ambientais e est\u00e3o sim, inseridos no mesmo ambiente que n\u00f3s ouvintes.","og_url":"https:\/\/wordpress.ft.unicamp.br\/ecoedu\/identidade\/","og_site_name":"Ecoedu Ambiental","article_modified_time":"2026-01-25T23:47:32+00:00","og_image":[{"width":1024,"height":1024,"url":"https:\/\/wordpress.ft.unicamp.br\/ecoedu\/wp-content\/uploads\/sites\/28\/2026\/01\/Gemini_Generated_Image_f29zt0f29zt0f29z-1024x1024.png","type":"image\/png"}],"twitter_card":"summary_large_image","twitter_misc":{"Est. tempo de leitura":"1 minuto"},"schema":{"@context":"https:\/\/schema.org","@graph":[{"@type":["Article","SocialMediaPosting"],"@id":"https:\/\/wordpress.ft.unicamp.br\/ecoedu\/identidade\/#article","isPartOf":{"@id":"https:\/\/wordpress.ft.unicamp.br\/ecoedu\/identidade\/"},"author":{"name":"ecoedu","@id":"https:\/\/wordpress.ft.unicamp.br\/ecoedu\/#\/schema\/person\/2624c71240e8c21dde64940365492d41"},"headline":"Identidade","datePublished":"2026-01-25T18:27:04+00:00","dateModified":"2026-01-25T23:47:32+00:00","mainEntityOfPage":{"@id":"https:\/\/wordpress.ft.unicamp.br\/ecoedu\/identidade\/"},"wordCount":58,"image":{"@id":"https:\/\/wordpress.ft.unicamp.br\/ecoedu\/identidade\/#primaryimage"},"thumbnailUrl":"https:\/\/wordpress.ft.unicamp.br\/ecoedu\/wp-content\/uploads\/sites\/28\/2026\/01\/Gemini_Generated_Image_f29zt0f29zt0f29z.png","inLanguage":"pt-BR"},{"@type":"WebPage","@id":"https:\/\/wordpress.ft.unicamp.br\/ecoedu\/identidade\/","url":"https:\/\/wordpress.ft.unicamp.br\/ecoedu\/identidade\/","name":"Identidade - Ecoedu Ambiental","isPartOf":{"@id":"https:\/\/wordpress.ft.unicamp.br\/ecoedu\/#website"},"primaryImageOfPage":{"@id":"https:\/\/wordpress.ft.unicamp.br\/ecoedu\/identidade\/#primaryimage"},"image":{"@id":"https:\/\/wordpress.ft.unicamp.br\/ecoedu\/identidade\/#primaryimage"},"thumbnailUrl":"https:\/\/wordpress.ft.unicamp.br\/ecoedu\/wp-content\/uploads\/sites\/28\/2026\/01\/Gemini_Generated_Image_f29zt0f29zt0f29z.png","datePublished":"2026-01-25T18:27:04+00:00","dateModified":"2026-01-25T23:47:32+00:00","breadcrumb":{"@id":"https:\/\/wordpress.ft.unicamp.br\/ecoedu\/identidade\/#breadcrumb"},"inLanguage":"pt-BR","potentialAction":[{"@type":"ReadAction","target":["https:\/\/wordpress.ft.unicamp.br\/ecoedu\/identidade\/"]}]},{"@type":"ImageObject","inLanguage":"pt-BR","@id":"https:\/\/wordpress.ft.unicamp.br\/ecoedu\/identidade\/#primaryimage","url":"https:\/\/wordpress.ft.unicamp.br\/ecoedu\/wp-content\/uploads\/sites\/28\/2026\/01\/Gemini_Generated_Image_f29zt0f29zt0f29z.png","contentUrl":"https:\/\/wordpress.ft.unicamp.br\/ecoedu\/wp-content\/uploads\/sites\/28\/2026\/01\/Gemini_Generated_Image_f29zt0f29zt0f29z.png","width":2048,"height":2048},{"@type":"BreadcrumbList","@id":"https:\/\/wordpress.ft.unicamp.br\/ecoedu\/identidade\/#breadcrumb","itemListElement":[{"@type":"ListItem","position":1,"name":"Home","item":"https:\/\/wordpress.ft.unicamp.br\/ecoedu\/"},{"@type":"ListItem","position":2,"name":"Identidade"}]},{"@type":"WebSite","@id":"https:\/\/wordpress.ft.unicamp.br\/ecoedu\/#website","url":"https:\/\/wordpress.ft.unicamp.br\/ecoedu\/","name":"Ecoedu Ambiental","description":"","potentialAction":[{"@type":"SearchAction","target":{"@type":"EntryPoint","urlTemplate":"https:\/\/wordpress.ft.unicamp.br\/ecoedu\/?s={search_term_string}"},"query-input":{"@type":"PropertyValueSpecification","valueRequired":true,"valueName":"search_term_string"}}],"inLanguage":"pt-BR"},{"@type":"Person","@id":"https:\/\/wordpress.ft.unicamp.br\/ecoedu\/#\/schema\/person\/2624c71240e8c21dde64940365492d41","name":"ecoedu","image":{"@type":"ImageObject","inLanguage":"pt-BR","@id":"https:\/\/secure.gravatar.com\/avatar\/9ea41f8feb513ab218f7f5b7c39683b40c218788e7b6af1e8168018c7e569547?s=96&d=mm&r=g","url":"https:\/\/secure.gravatar.com\/avatar\/9ea41f8feb513ab218f7f5b7c39683b40c218788e7b6af1e8168018c7e569547?s=96&d=mm&r=g","contentUrl":"https:\/\/secure.gravatar.com\/avatar\/9ea41f8feb513ab218f7f5b7c39683b40c218788e7b6af1e8168018c7e569547?s=96&d=mm&r=g","caption":"ecoedu"},"url":"https:\/\/wordpress.ft.unicamp.br\/ecoedu\/author\/ecoedu\/"}]}},"_links":{"self":[{"href":"https:\/\/wordpress.ft.unicamp.br\/ecoedu\/wp-json\/wp\/v2\/pages\/1164","targetHints":{"allow":["GET"]}}],"collection":[{"href":"https:\/\/wordpress.ft.unicamp.br\/ecoedu\/wp-json\/wp\/v2\/pages"}],"about":[{"href":"https:\/\/wordpress.ft.unicamp.br\/ecoedu\/wp-json\/wp\/v2\/types\/page"}],"author":[{"embeddable":true,"href":"https:\/\/wordpress.ft.unicamp.br\/ecoedu\/wp-json\/wp\/v2\/users\/17"}],"replies":[{"embeddable":true,"href":"https:\/\/wordpress.ft.unicamp.br\/ecoedu\/wp-json\/wp\/v2\/comments?post=1164"}],"version-history":[{"count":1,"href":"https:\/\/wordpress.ft.unicamp.br\/ecoedu\/wp-json\/wp\/v2\/pages\/1164\/revisions"}],"predecessor-version":[{"id":1170,"href":"https:\/\/wordpress.ft.unicamp.br\/ecoedu\/wp-json\/wp\/v2\/pages\/1164\/revisions\/1170"}],"wp:attachment":[{"href":"https:\/\/wordpress.ft.unicamp.br\/ecoedu\/wp-json\/wp\/v2\/media?parent=1164"}],"curies":[{"name":"wp","href":"https:\/\/api.w.org\/{rel}","templated":true}]}}