{"id":181,"date":"2019-05-01T21:05:08","date_gmt":"2019-05-01T21:05:08","guid":{"rendered":"http:\/\/wordpress.ft.unicamp.br\/ecoedu\/?page_id=181"},"modified":"2019-10-08T20:45:22","modified_gmt":"2019-10-08T20:45:22","slug":"vemser1","status":"publish","type":"page","link":"https:\/\/wordpress.ft.unicamp.br\/ecoedu\/vemser1\/","title":{"rendered":"VemSer"},"content":{"rendered":"\n<p>Projeto Sat\u00e9lite&nbsp;<strong>\u201cVem Ser\u201d<\/strong>&nbsp;\u2013 tem como objetivo atrav\u00e9s da educa\u00e7\u00e3o ambiental proporcionar condi\u00e7\u00f5es para o desenvolvimento pessoal e a inclus\u00e3o social da pessoa com necessidades educacionais especiais, com destaque a pessoa com s\u00edndrome de down. O projeto se desenvolve semanalmente atrav\u00e9s de aulas participativas e oficinas pensadas de acordo com as necessidades do p\u00fablico alvo, al\u00e9m de promover a integra\u00e7\u00e3o e inclus\u00e3o social por meio de atividades extras fora do \u00e2mbito da Universidade e atreladas ao cotidiano dos indiv\u00edduos.<\/p>\n\n\n\n<ul class=\"wp-block-gallery aligncenter columns-3 is-cropped wp-block-gallery-1 is-layout-flex wp-block-gallery-is-layout-flex\"><li class=\"blocks-gallery-item\"><figure><img fetchpriority=\"high\" decoding=\"async\" width=\"631\" height=\"473\" src=\"http:\/\/wordpress.ft.unicamp.br\/ecoedu\/wp-content\/uploads\/sites\/28\/2019\/09\/1.png\" alt=\"\" data-id=\"1003\" data-link=\"http:\/\/wordpress.ft.unicamp.br\/ecoedu\/vemser1\/1-2\/\" class=\"wp-image-1003\" srcset=\"https:\/\/wordpress.ft.unicamp.br\/ecoedu\/wp-content\/uploads\/sites\/28\/2019\/09\/1.png 631w, https:\/\/wordpress.ft.unicamp.br\/ecoedu\/wp-content\/uploads\/sites\/28\/2019\/09\/1-300x225.png 300w, https:\/\/wordpress.ft.unicamp.br\/ecoedu\/wp-content\/uploads\/sites\/28\/2019\/09\/1-285x214.png 285w\" sizes=\"(max-width: 631px) 100vw, 631px\" \/><\/figure><\/li><li class=\"blocks-gallery-item\"><figure><img decoding=\"async\" width=\"631\" height=\"473\" src=\"http:\/\/wordpress.ft.unicamp.br\/ecoedu\/wp-content\/uploads\/sites\/28\/2019\/09\/2.png\" alt=\"\" data-id=\"1004\" data-link=\"http:\/\/wordpress.ft.unicamp.br\/ecoedu\/vemser1\/2-2\/\" class=\"wp-image-1004\" srcset=\"https:\/\/wordpress.ft.unicamp.br\/ecoedu\/wp-content\/uploads\/sites\/28\/2019\/09\/2.png 631w, https:\/\/wordpress.ft.unicamp.br\/ecoedu\/wp-content\/uploads\/sites\/28\/2019\/09\/2-300x225.png 300w, https:\/\/wordpress.ft.unicamp.br\/ecoedu\/wp-content\/uploads\/sites\/28\/2019\/09\/2-285x214.png 285w\" sizes=\"(max-width: 631px) 100vw, 631px\" \/><\/figure><\/li><li class=\"blocks-gallery-item\"><figure><img decoding=\"async\" width=\"631\" height=\"473\" src=\"http:\/\/wordpress.ft.unicamp.br\/ecoedu\/wp-content\/uploads\/sites\/28\/2019\/09\/3.png\" alt=\"\" data-id=\"1005\" data-link=\"http:\/\/wordpress.ft.unicamp.br\/ecoedu\/vemser1\/3-2\/\" class=\"wp-image-1005\" srcset=\"https:\/\/wordpress.ft.unicamp.br\/ecoedu\/wp-content\/uploads\/sites\/28\/2019\/09\/3.png 631w, https:\/\/wordpress.ft.unicamp.br\/ecoedu\/wp-content\/uploads\/sites\/28\/2019\/09\/3-300x225.png 300w, https:\/\/wordpress.ft.unicamp.br\/ecoedu\/wp-content\/uploads\/sites\/28\/2019\/09\/3-285x214.png 285w\" sizes=\"(max-width: 631px) 100vw, 631px\" \/><\/figure><\/li><li class=\"blocks-gallery-item\"><figure><img loading=\"lazy\" decoding=\"async\" width=\"631\" height=\"473\" src=\"http:\/\/wordpress.ft.unicamp.br\/ecoedu\/wp-content\/uploads\/sites\/28\/2019\/09\/4.png\" alt=\"\" data-id=\"1006\" data-link=\"http:\/\/wordpress.ft.unicamp.br\/ecoedu\/vemser1\/4-2\/\" class=\"wp-image-1006\" srcset=\"https:\/\/wordpress.ft.unicamp.br\/ecoedu\/wp-content\/uploads\/sites\/28\/2019\/09\/4.png 631w, https:\/\/wordpress.ft.unicamp.br\/ecoedu\/wp-content\/uploads\/sites\/28\/2019\/09\/4-300x225.png 300w, https:\/\/wordpress.ft.unicamp.br\/ecoedu\/wp-content\/uploads\/sites\/28\/2019\/09\/4-285x214.png 285w\" sizes=\"(max-width: 631px) 100vw, 631px\" \/><\/figure><\/li><li class=\"blocks-gallery-item\"><figure><img loading=\"lazy\" decoding=\"async\" width=\"387\" height=\"197\" src=\"http:\/\/wordpress.ft.unicamp.br\/ecoedu\/wp-content\/uploads\/sites\/28\/2019\/09\/5.png\" alt=\"\" data-id=\"1009\" data-link=\"http:\/\/wordpress.ft.unicamp.br\/ecoedu\/vemser1\/5-2\/\" class=\"wp-image-1009\" srcset=\"https:\/\/wordpress.ft.unicamp.br\/ecoedu\/wp-content\/uploads\/sites\/28\/2019\/09\/5.png 387w, https:\/\/wordpress.ft.unicamp.br\/ecoedu\/wp-content\/uploads\/sites\/28\/2019\/09\/5-300x153.png 300w\" sizes=\"(max-width: 387px) 100vw, 387px\" \/><\/figure><\/li><li class=\"blocks-gallery-item\"><figure><img loading=\"lazy\" decoding=\"async\" width=\"386\" height=\"198\" src=\"http:\/\/wordpress.ft.unicamp.br\/ecoedu\/wp-content\/uploads\/sites\/28\/2019\/09\/6.png\" alt=\"\" data-id=\"1012\" data-link=\"http:\/\/wordpress.ft.unicamp.br\/ecoedu\/vemser1\/attachment\/6\/\" class=\"wp-image-1012\" srcset=\"https:\/\/wordpress.ft.unicamp.br\/ecoedu\/wp-content\/uploads\/sites\/28\/2019\/09\/6.png 386w, https:\/\/wordpress.ft.unicamp.br\/ecoedu\/wp-content\/uploads\/sites\/28\/2019\/09\/6-300x154.png 300w\" sizes=\"(max-width: 386px) 100vw, 386px\" \/><\/figure><\/li><li class=\"blocks-gallery-item\"><figure><img loading=\"lazy\" decoding=\"async\" width=\"388\" height=\"197\" src=\"http:\/\/wordpress.ft.unicamp.br\/ecoedu\/wp-content\/uploads\/sites\/28\/2019\/09\/7.png\" alt=\"\" data-id=\"1014\" data-link=\"http:\/\/wordpress.ft.unicamp.br\/ecoedu\/vemser1\/attachment\/7\/\" class=\"wp-image-1014\" srcset=\"https:\/\/wordpress.ft.unicamp.br\/ecoedu\/wp-content\/uploads\/sites\/28\/2019\/09\/7.png 388w, https:\/\/wordpress.ft.unicamp.br\/ecoedu\/wp-content\/uploads\/sites\/28\/2019\/09\/7-300x152.png 300w\" sizes=\"(max-width: 388px) 100vw, 388px\" \/><\/figure><\/li><li class=\"blocks-gallery-item\"><figure><img loading=\"lazy\" decoding=\"async\" width=\"1024\" height=\"768\" src=\"http:\/\/wordpress.ft.unicamp.br\/ecoedu\/wp-content\/uploads\/sites\/28\/2019\/10\/C\u00f3pia-de-IMG_9237-1024x768.jpg\" alt=\"\" data-id=\"1060\" data-link=\"http:\/\/wordpress.ft.unicamp.br\/ecoedu\/vemser1\/copia-de-img_9237\/\" class=\"wp-image-1060\" srcset=\"https:\/\/wordpress.ft.unicamp.br\/ecoedu\/wp-content\/uploads\/sites\/28\/2019\/10\/C\u00f3pia-de-IMG_9237-1024x768.jpg 1024w, https:\/\/wordpress.ft.unicamp.br\/ecoedu\/wp-content\/uploads\/sites\/28\/2019\/10\/C\u00f3pia-de-IMG_9237-300x225.jpg 300w, https:\/\/wordpress.ft.unicamp.br\/ecoedu\/wp-content\/uploads\/sites\/28\/2019\/10\/C\u00f3pia-de-IMG_9237-768x576.jpg 768w, https:\/\/wordpress.ft.unicamp.br\/ecoedu\/wp-content\/uploads\/sites\/28\/2019\/10\/C\u00f3pia-de-IMG_9237-285x214.jpg 285w\" sizes=\"(max-width: 1024px) 100vw, 1024px\" \/><\/figure><\/li><li class=\"blocks-gallery-item\"><figure><img loading=\"lazy\" decoding=\"async\" width=\"1024\" height=\"768\" src=\"http:\/\/wordpress.ft.unicamp.br\/ecoedu\/wp-content\/uploads\/sites\/28\/2019\/10\/IMG_7393-1024x768.jpg\" alt=\"\" data-id=\"1061\" data-link=\"http:\/\/wordpress.ft.unicamp.br\/ecoedu\/vemser1\/img_7393\/\" class=\"wp-image-1061\" srcset=\"https:\/\/wordpress.ft.unicamp.br\/ecoedu\/wp-content\/uploads\/sites\/28\/2019\/10\/IMG_7393-1024x768.jpg 1024w, https:\/\/wordpress.ft.unicamp.br\/ecoedu\/wp-content\/uploads\/sites\/28\/2019\/10\/IMG_7393-300x225.jpg 300w, https:\/\/wordpress.ft.unicamp.br\/ecoedu\/wp-content\/uploads\/sites\/28\/2019\/10\/IMG_7393-768x576.jpg 768w, https:\/\/wordpress.ft.unicamp.br\/ecoedu\/wp-content\/uploads\/sites\/28\/2019\/10\/IMG_7393-285x214.jpg 285w\" sizes=\"(max-width: 1024px) 100vw, 1024px\" \/><\/figure><\/li><li class=\"blocks-gallery-item\"><figure><img loading=\"lazy\" decoding=\"async\" width=\"1024\" height=\"768\" src=\"http:\/\/wordpress.ft.unicamp.br\/ecoedu\/wp-content\/uploads\/sites\/28\/2019\/10\/C\u00f3pia-de-IMG_3408-1024x768.jpg\" alt=\"\" data-id=\"1062\" data-link=\"http:\/\/wordpress.ft.unicamp.br\/ecoedu\/vemser1\/copia-de-img_3408\/\" class=\"wp-image-1062\" srcset=\"https:\/\/wordpress.ft.unicamp.br\/ecoedu\/wp-content\/uploads\/sites\/28\/2019\/10\/C\u00f3pia-de-IMG_3408-1024x768.jpg 1024w, https:\/\/wordpress.ft.unicamp.br\/ecoedu\/wp-content\/uploads\/sites\/28\/2019\/10\/C\u00f3pia-de-IMG_3408-300x225.jpg 300w, https:\/\/wordpress.ft.unicamp.br\/ecoedu\/wp-content\/uploads\/sites\/28\/2019\/10\/C\u00f3pia-de-IMG_3408-768x576.jpg 768w, https:\/\/wordpress.ft.unicamp.br\/ecoedu\/wp-content\/uploads\/sites\/28\/2019\/10\/C\u00f3pia-de-IMG_3408-285x214.jpg 285w\" sizes=\"(max-width: 1024px) 100vw, 1024px\" \/><\/figure><\/li><li class=\"blocks-gallery-item\"><figure><img loading=\"lazy\" decoding=\"async\" width=\"1024\" height=\"768\" src=\"http:\/\/wordpress.ft.unicamp.br\/ecoedu\/wp-content\/uploads\/sites\/28\/2019\/10\/C\u00f3pia-de-IMG_3413-1024x768.jpg\" alt=\"\" data-id=\"1063\" data-link=\"http:\/\/wordpress.ft.unicamp.br\/ecoedu\/vemser1\/copia-de-img_3413\/\" class=\"wp-image-1063\" srcset=\"https:\/\/wordpress.ft.unicamp.br\/ecoedu\/wp-content\/uploads\/sites\/28\/2019\/10\/C\u00f3pia-de-IMG_3413-1024x768.jpg 1024w, https:\/\/wordpress.ft.unicamp.br\/ecoedu\/wp-content\/uploads\/sites\/28\/2019\/10\/C\u00f3pia-de-IMG_3413-300x225.jpg 300w, https:\/\/wordpress.ft.unicamp.br\/ecoedu\/wp-content\/uploads\/sites\/28\/2019\/10\/C\u00f3pia-de-IMG_3413-768x576.jpg 768w, https:\/\/wordpress.ft.unicamp.br\/ecoedu\/wp-content\/uploads\/sites\/28\/2019\/10\/C\u00f3pia-de-IMG_3413-285x214.jpg 285w\" sizes=\"(max-width: 1024px) 100vw, 1024px\" \/><\/figure><\/li><li class=\"blocks-gallery-item\"><figure><img loading=\"lazy\" decoding=\"async\" width=\"1024\" height=\"768\" src=\"http:\/\/wordpress.ft.unicamp.br\/ecoedu\/wp-content\/uploads\/sites\/28\/2019\/10\/C\u00f3pia-de-IMG_6850-1024x768.jpg\" alt=\"\" data-id=\"1064\" data-link=\"http:\/\/wordpress.ft.unicamp.br\/ecoedu\/vemser1\/copia-de-img_6850\/\" class=\"wp-image-1064\" srcset=\"https:\/\/wordpress.ft.unicamp.br\/ecoedu\/wp-content\/uploads\/sites\/28\/2019\/10\/C\u00f3pia-de-IMG_6850-1024x768.jpg 1024w, https:\/\/wordpress.ft.unicamp.br\/ecoedu\/wp-content\/uploads\/sites\/28\/2019\/10\/C\u00f3pia-de-IMG_6850-300x225.jpg 300w, https:\/\/wordpress.ft.unicamp.br\/ecoedu\/wp-content\/uploads\/sites\/28\/2019\/10\/C\u00f3pia-de-IMG_6850-768x576.jpg 768w, https:\/\/wordpress.ft.unicamp.br\/ecoedu\/wp-content\/uploads\/sites\/28\/2019\/10\/C\u00f3pia-de-IMG_6850-285x214.jpg 285w\" sizes=\"(max-width: 1024px) 100vw, 1024px\" \/><\/figure><\/li><li class=\"blocks-gallery-item\"><figure><img loading=\"lazy\" decoding=\"async\" width=\"1024\" height=\"768\" src=\"http:\/\/wordpress.ft.unicamp.br\/ecoedu\/wp-content\/uploads\/sites\/28\/2019\/10\/C\u00f3pia-de-IMG_6851-1024x768.jpg\" alt=\"\" data-id=\"1065\" data-link=\"http:\/\/wordpress.ft.unicamp.br\/ecoedu\/vemser1\/copia-de-img_6851\/\" class=\"wp-image-1065\" srcset=\"https:\/\/wordpress.ft.unicamp.br\/ecoedu\/wp-content\/uploads\/sites\/28\/2019\/10\/C\u00f3pia-de-IMG_6851-1024x768.jpg 1024w, https:\/\/wordpress.ft.unicamp.br\/ecoedu\/wp-content\/uploads\/sites\/28\/2019\/10\/C\u00f3pia-de-IMG_6851-300x225.jpg 300w, https:\/\/wordpress.ft.unicamp.br\/ecoedu\/wp-content\/uploads\/sites\/28\/2019\/10\/C\u00f3pia-de-IMG_6851-768x576.jpg 768w, https:\/\/wordpress.ft.unicamp.br\/ecoedu\/wp-content\/uploads\/sites\/28\/2019\/10\/C\u00f3pia-de-IMG_6851-285x214.jpg 285w\" sizes=\"(max-width: 1024px) 100vw, 1024px\" \/><\/figure><\/li><li class=\"blocks-gallery-item\"><figure><img loading=\"lazy\" decoding=\"async\" width=\"1024\" height=\"768\" src=\"http:\/\/wordpress.ft.unicamp.br\/ecoedu\/wp-content\/uploads\/sites\/28\/2019\/10\/C\u00f3pia-de-IMG_6857-1024x768.jpg\" alt=\"\" data-id=\"1066\" data-link=\"http:\/\/wordpress.ft.unicamp.br\/ecoedu\/vemser1\/copia-de-img_6857\/\" class=\"wp-image-1066\" srcset=\"https:\/\/wordpress.ft.unicamp.br\/ecoedu\/wp-content\/uploads\/sites\/28\/2019\/10\/C\u00f3pia-de-IMG_6857-1024x768.jpg 1024w, https:\/\/wordpress.ft.unicamp.br\/ecoedu\/wp-content\/uploads\/sites\/28\/2019\/10\/C\u00f3pia-de-IMG_6857-300x225.jpg 300w, https:\/\/wordpress.ft.unicamp.br\/ecoedu\/wp-content\/uploads\/sites\/28\/2019\/10\/C\u00f3pia-de-IMG_6857-768x576.jpg 768w, https:\/\/wordpress.ft.unicamp.br\/ecoedu\/wp-content\/uploads\/sites\/28\/2019\/10\/C\u00f3pia-de-IMG_6857-285x214.jpg 285w\" sizes=\"(max-width: 1024px) 100vw, 1024px\" \/><\/figure><\/li><li class=\"blocks-gallery-item\"><figure><img loading=\"lazy\" decoding=\"async\" width=\"1024\" height=\"768\" src=\"http:\/\/wordpress.ft.unicamp.br\/ecoedu\/wp-content\/uploads\/sites\/28\/2019\/10\/C\u00f3pia-de-IMG_7306-1024x768.jpg\" alt=\"\" data-id=\"1067\" data-link=\"http:\/\/wordpress.ft.unicamp.br\/ecoedu\/vemser1\/copia-de-img_7306\/\" class=\"wp-image-1067\" srcset=\"https:\/\/wordpress.ft.unicamp.br\/ecoedu\/wp-content\/uploads\/sites\/28\/2019\/10\/C\u00f3pia-de-IMG_7306-1024x768.jpg 1024w, https:\/\/wordpress.ft.unicamp.br\/ecoedu\/wp-content\/uploads\/sites\/28\/2019\/10\/C\u00f3pia-de-IMG_7306-300x225.jpg 300w, https:\/\/wordpress.ft.unicamp.br\/ecoedu\/wp-content\/uploads\/sites\/28\/2019\/10\/C\u00f3pia-de-IMG_7306-768x576.jpg 768w, https:\/\/wordpress.ft.unicamp.br\/ecoedu\/wp-content\/uploads\/sites\/28\/2019\/10\/C\u00f3pia-de-IMG_7306-285x214.jpg 285w\" sizes=\"(max-width: 1024px) 100vw, 1024px\" \/><\/figure><\/li><li class=\"blocks-gallery-item\"><figure><img loading=\"lazy\" decoding=\"async\" width=\"1024\" height=\"768\" src=\"http:\/\/wordpress.ft.unicamp.br\/ecoedu\/wp-content\/uploads\/sites\/28\/2019\/10\/C\u00f3pia-de-IMG_7309-1024x768.jpg\" alt=\"\" data-id=\"1068\" data-link=\"http:\/\/wordpress.ft.unicamp.br\/ecoedu\/vemser1\/copia-de-img_7309\/\" class=\"wp-image-1068\" srcset=\"https:\/\/wordpress.ft.unicamp.br\/ecoedu\/wp-content\/uploads\/sites\/28\/2019\/10\/C\u00f3pia-de-IMG_7309-1024x768.jpg 1024w, https:\/\/wordpress.ft.unicamp.br\/ecoedu\/wp-content\/uploads\/sites\/28\/2019\/10\/C\u00f3pia-de-IMG_7309-300x225.jpg 300w, https:\/\/wordpress.ft.unicamp.br\/ecoedu\/wp-content\/uploads\/sites\/28\/2019\/10\/C\u00f3pia-de-IMG_7309-768x576.jpg 768w, https:\/\/wordpress.ft.unicamp.br\/ecoedu\/wp-content\/uploads\/sites\/28\/2019\/10\/C\u00f3pia-de-IMG_7309-285x214.jpg 285w\" sizes=\"(max-width: 1024px) 100vw, 1024px\" \/><\/figure><\/li><li class=\"blocks-gallery-item\"><figure><img loading=\"lazy\" decoding=\"async\" width=\"1024\" height=\"768\" src=\"http:\/\/wordpress.ft.unicamp.br\/ecoedu\/wp-content\/uploads\/sites\/28\/2019\/10\/C\u00f3pia-de-IMG_7394-1024x768.jpg\" alt=\"\" data-id=\"1069\" data-link=\"http:\/\/wordpress.ft.unicamp.br\/ecoedu\/vemser1\/copia-de-img_7394\/\" class=\"wp-image-1069\" srcset=\"https:\/\/wordpress.ft.unicamp.br\/ecoedu\/wp-content\/uploads\/sites\/28\/2019\/10\/C\u00f3pia-de-IMG_7394-1024x768.jpg 1024w, https:\/\/wordpress.ft.unicamp.br\/ecoedu\/wp-content\/uploads\/sites\/28\/2019\/10\/C\u00f3pia-de-IMG_7394-300x225.jpg 300w, https:\/\/wordpress.ft.unicamp.br\/ecoedu\/wp-content\/uploads\/sites\/28\/2019\/10\/C\u00f3pia-de-IMG_7394-768x576.jpg 768w, https:\/\/wordpress.ft.unicamp.br\/ecoedu\/wp-content\/uploads\/sites\/28\/2019\/10\/C\u00f3pia-de-IMG_7394-285x214.jpg 285w\" sizes=\"(max-width: 1024px) 100vw, 1024px\" \/><\/figure><\/li><\/ul>\n\n\n\n<p><\/p>\n","protected":false},"excerpt":{"rendered":"<p>Projeto Sat\u00e9lite&nbsp;\u201cVem Ser\u201d&nbsp;\u2013 tem como objetivo atrav\u00e9s da educa\u00e7\u00e3o ambiental proporcionar condi\u00e7\u00f5es para o desenvolvimento pessoal e a inclus\u00e3o social da pessoa com necessidades educacionais especiais, com destaque a pessoa com s\u00edndrome de down. O projeto se desenvolve semanalmente atrav\u00e9s de aulas participativas e oficinas pensadas de acordo com as necessidades do p\u00fablico alvo, al\u00e9m<a class=\"read-more\" href=\"https:\/\/wordpress.ft.unicamp.br\/ecoedu\/vemser1\/\"><br \/>-> Continue reading<span class=\"screen-reader-text\">  VemSer<\/span><\/a><\/p>\n","protected":false},"author":17,"featured_media":0,"parent":0,"menu_order":0,"comment_status":"open","ping_status":"closed","template":"template-fullwidth-no-title.php","meta":{"footnotes":""},"class_list":["post-181","page","type-page","status-publish","hentry"],"yoast_head":"<!-- This site is optimized with the Yoast SEO plugin v27.5 - https:\/\/yoast.com\/product\/yoast-seo-wordpress\/ -->\n<title>VemSer - Ecoedu Ambiental<\/title>\n<meta name=\"robots\" content=\"index, follow, max-snippet:-1, max-image-preview:large, max-video-preview:-1\" \/>\n<link rel=\"canonical\" href=\"https:\/\/wordpress.ft.unicamp.br\/ecoedu\/vemser1\/\" \/>\n<meta property=\"og:locale\" content=\"pt_BR\" \/>\n<meta property=\"og:type\" content=\"article\" \/>\n<meta property=\"og:title\" content=\"VemSer - Ecoedu Ambiental\" \/>\n<meta property=\"og:description\" content=\"Projeto Sat\u00e9lite&nbsp;\u201cVem Ser\u201d&nbsp;\u2013 tem como objetivo atrav\u00e9s da educa\u00e7\u00e3o ambiental proporcionar condi\u00e7\u00f5es para o desenvolvimento pessoal e a inclus\u00e3o social da pessoa com necessidades educacionais especiais, com destaque a pessoa com s\u00edndrome de down. O projeto se desenvolve semanalmente atrav\u00e9s de aulas participativas e oficinas pensadas de acordo com as necessidades do p\u00fablico alvo, al\u00e9m-&gt; Continue reading VemSer\" \/>\n<meta property=\"og:url\" content=\"https:\/\/wordpress.ft.unicamp.br\/ecoedu\/vemser1\/\" \/>\n<meta property=\"og:site_name\" content=\"Ecoedu Ambiental\" \/>\n<meta property=\"article:modified_time\" content=\"2019-10-08T20:45:22+00:00\" \/>\n<meta property=\"og:image\" content=\"http:\/\/wordpress.ft.unicamp.br\/ecoedu\/wp-content\/uploads\/sites\/28\/2019\/09\/1.png\" \/>\n<meta name=\"twitter:card\" content=\"summary_large_image\" \/>\n<script type=\"application\/ld+json\" class=\"yoast-schema-graph\">{\"@context\":\"https:\\\/\\\/schema.org\",\"@graph\":[{\"@type\":\"WebPage\",\"@id\":\"https:\\\/\\\/wordpress.ft.unicamp.br\\\/ecoedu\\\/vemser1\\\/\",\"url\":\"https:\\\/\\\/wordpress.ft.unicamp.br\\\/ecoedu\\\/vemser1\\\/\",\"name\":\"VemSer - Ecoedu Ambiental\",\"isPartOf\":{\"@id\":\"https:\\\/\\\/wordpress.ft.unicamp.br\\\/ecoedu\\\/#website\"},\"primaryImageOfPage\":{\"@id\":\"https:\\\/\\\/wordpress.ft.unicamp.br\\\/ecoedu\\\/vemser1\\\/#primaryimage\"},\"image\":{\"@id\":\"https:\\\/\\\/wordpress.ft.unicamp.br\\\/ecoedu\\\/vemser1\\\/#primaryimage\"},\"thumbnailUrl\":\"http:\\\/\\\/wordpress.ft.unicamp.br\\\/ecoedu\\\/wp-content\\\/uploads\\\/sites\\\/28\\\/2019\\\/09\\\/1.png\",\"datePublished\":\"2019-05-01T21:05:08+00:00\",\"dateModified\":\"2019-10-08T20:45:22+00:00\",\"breadcrumb\":{\"@id\":\"https:\\\/\\\/wordpress.ft.unicamp.br\\\/ecoedu\\\/vemser1\\\/#breadcrumb\"},\"inLanguage\":\"pt-BR\",\"potentialAction\":[{\"@type\":\"ReadAction\",\"target\":[\"https:\\\/\\\/wordpress.ft.unicamp.br\\\/ecoedu\\\/vemser1\\\/\"]}]},{\"@type\":\"ImageObject\",\"inLanguage\":\"pt-BR\",\"@id\":\"https:\\\/\\\/wordpress.ft.unicamp.br\\\/ecoedu\\\/vemser1\\\/#primaryimage\",\"url\":\"https:\\\/\\\/wordpress.ft.unicamp.br\\\/ecoedu\\\/wp-content\\\/uploads\\\/sites\\\/28\\\/2019\\\/09\\\/1.png\",\"contentUrl\":\"https:\\\/\\\/wordpress.ft.unicamp.br\\\/ecoedu\\\/wp-content\\\/uploads\\\/sites\\\/28\\\/2019\\\/09\\\/1.png\",\"width\":631,\"height\":473},{\"@type\":\"BreadcrumbList\",\"@id\":\"https:\\\/\\\/wordpress.ft.unicamp.br\\\/ecoedu\\\/vemser1\\\/#breadcrumb\",\"itemListElement\":[{\"@type\":\"ListItem\",\"position\":1,\"name\":\"Home\",\"item\":\"https:\\\/\\\/wordpress.ft.unicamp.br\\\/ecoedu\\\/\"},{\"@type\":\"ListItem\",\"position\":2,\"name\":\"VemSer\"}]},{\"@type\":\"WebSite\",\"@id\":\"https:\\\/\\\/wordpress.ft.unicamp.br\\\/ecoedu\\\/#website\",\"url\":\"https:\\\/\\\/wordpress.ft.unicamp.br\\\/ecoedu\\\/\",\"name\":\"Ecoedu Ambiental\",\"description\":\"\",\"potentialAction\":[{\"@type\":\"SearchAction\",\"target\":{\"@type\":\"EntryPoint\",\"urlTemplate\":\"https:\\\/\\\/wordpress.ft.unicamp.br\\\/ecoedu\\\/?s={search_term_string}\"},\"query-input\":{\"@type\":\"PropertyValueSpecification\",\"valueRequired\":true,\"valueName\":\"search_term_string\"}}],\"inLanguage\":\"pt-BR\"}]}<\/script>\n<!-- \/ Yoast SEO plugin. -->","yoast_head_json":{"title":"VemSer - Ecoedu Ambiental","robots":{"index":"index","follow":"follow","max-snippet":"max-snippet:-1","max-image-preview":"max-image-preview:large","max-video-preview":"max-video-preview:-1"},"canonical":"https:\/\/wordpress.ft.unicamp.br\/ecoedu\/vemser1\/","og_locale":"pt_BR","og_type":"article","og_title":"VemSer - Ecoedu Ambiental","og_description":"Projeto Sat\u00e9lite&nbsp;\u201cVem Ser\u201d&nbsp;\u2013 tem como objetivo atrav\u00e9s da educa\u00e7\u00e3o ambiental proporcionar condi\u00e7\u00f5es para o desenvolvimento pessoal e a inclus\u00e3o social da pessoa com necessidades educacionais especiais, com destaque a pessoa com s\u00edndrome de down. O projeto se desenvolve semanalmente atrav\u00e9s de aulas participativas e oficinas pensadas de acordo com as necessidades do p\u00fablico alvo, al\u00e9m-> Continue reading VemSer","og_url":"https:\/\/wordpress.ft.unicamp.br\/ecoedu\/vemser1\/","og_site_name":"Ecoedu Ambiental","article_modified_time":"2019-10-08T20:45:22+00:00","og_image":[{"url":"http:\/\/wordpress.ft.unicamp.br\/ecoedu\/wp-content\/uploads\/sites\/28\/2019\/09\/1.png","type":"","width":"","height":""}],"twitter_card":"summary_large_image","schema":{"@context":"https:\/\/schema.org","@graph":[{"@type":"WebPage","@id":"https:\/\/wordpress.ft.unicamp.br\/ecoedu\/vemser1\/","url":"https:\/\/wordpress.ft.unicamp.br\/ecoedu\/vemser1\/","name":"VemSer - Ecoedu Ambiental","isPartOf":{"@id":"https:\/\/wordpress.ft.unicamp.br\/ecoedu\/#website"},"primaryImageOfPage":{"@id":"https:\/\/wordpress.ft.unicamp.br\/ecoedu\/vemser1\/#primaryimage"},"image":{"@id":"https:\/\/wordpress.ft.unicamp.br\/ecoedu\/vemser1\/#primaryimage"},"thumbnailUrl":"http:\/\/wordpress.ft.unicamp.br\/ecoedu\/wp-content\/uploads\/sites\/28\/2019\/09\/1.png","datePublished":"2019-05-01T21:05:08+00:00","dateModified":"2019-10-08T20:45:22+00:00","breadcrumb":{"@id":"https:\/\/wordpress.ft.unicamp.br\/ecoedu\/vemser1\/#breadcrumb"},"inLanguage":"pt-BR","potentialAction":[{"@type":"ReadAction","target":["https:\/\/wordpress.ft.unicamp.br\/ecoedu\/vemser1\/"]}]},{"@type":"ImageObject","inLanguage":"pt-BR","@id":"https:\/\/wordpress.ft.unicamp.br\/ecoedu\/vemser1\/#primaryimage","url":"https:\/\/wordpress.ft.unicamp.br\/ecoedu\/wp-content\/uploads\/sites\/28\/2019\/09\/1.png","contentUrl":"https:\/\/wordpress.ft.unicamp.br\/ecoedu\/wp-content\/uploads\/sites\/28\/2019\/09\/1.png","width":631,"height":473},{"@type":"BreadcrumbList","@id":"https:\/\/wordpress.ft.unicamp.br\/ecoedu\/vemser1\/#breadcrumb","itemListElement":[{"@type":"ListItem","position":1,"name":"Home","item":"https:\/\/wordpress.ft.unicamp.br\/ecoedu\/"},{"@type":"ListItem","position":2,"name":"VemSer"}]},{"@type":"WebSite","@id":"https:\/\/wordpress.ft.unicamp.br\/ecoedu\/#website","url":"https:\/\/wordpress.ft.unicamp.br\/ecoedu\/","name":"Ecoedu Ambiental","description":"","potentialAction":[{"@type":"SearchAction","target":{"@type":"EntryPoint","urlTemplate":"https:\/\/wordpress.ft.unicamp.br\/ecoedu\/?s={search_term_string}"},"query-input":{"@type":"PropertyValueSpecification","valueRequired":true,"valueName":"search_term_string"}}],"inLanguage":"pt-BR"}]}},"_links":{"self":[{"href":"https:\/\/wordpress.ft.unicamp.br\/ecoedu\/wp-json\/wp\/v2\/pages\/181","targetHints":{"allow":["GET"]}}],"collection":[{"href":"https:\/\/wordpress.ft.unicamp.br\/ecoedu\/wp-json\/wp\/v2\/pages"}],"about":[{"href":"https:\/\/wordpress.ft.unicamp.br\/ecoedu\/wp-json\/wp\/v2\/types\/page"}],"author":[{"embeddable":true,"href":"https:\/\/wordpress.ft.unicamp.br\/ecoedu\/wp-json\/wp\/v2\/users\/17"}],"replies":[{"embeddable":true,"href":"https:\/\/wordpress.ft.unicamp.br\/ecoedu\/wp-json\/wp\/v2\/comments?post=181"}],"version-history":[{"count":7,"href":"https:\/\/wordpress.ft.unicamp.br\/ecoedu\/wp-json\/wp\/v2\/pages\/181\/revisions"}],"predecessor-version":[{"id":1071,"href":"https:\/\/wordpress.ft.unicamp.br\/ecoedu\/wp-json\/wp\/v2\/pages\/181\/revisions\/1071"}],"wp:attachment":[{"href":"https:\/\/wordpress.ft.unicamp.br\/ecoedu\/wp-json\/wp\/v2\/media?parent=181"}],"curies":[{"name":"wp","href":"https:\/\/api.w.org\/{rel}","templated":true}]}}