{"id":203,"date":"2019-05-01T21:54:30","date_gmt":"2019-05-01T21:54:30","guid":{"rendered":"http:\/\/wordpress.ft.unicamp.br\/ecoedu\/?page_id=203"},"modified":"2019-05-02T18:38:50","modified_gmt":"2019-05-02T18:38:50","slug":"carpe-diem","status":"publish","type":"page","link":"https:\/\/wordpress.ft.unicamp.br\/ecoedu\/carpe-diem\/","title":{"rendered":"Carpe Diem"},"content":{"rendered":"\n<p>Projeto Sat\u00e9lite&nbsp;<strong>\u201cCarpe Diem\u201d<\/strong>&nbsp;\u2013 tem como objetivo minimizar \u00e0 pr\u00e1tica da picha\u00e7\u00e3o e os danos causados ao meio ambiente de forma a utilizar a Educa\u00e7\u00e3o Ambiental e a Arte-Educa\u00e7\u00e3o como ferramentas para formar cidad\u00e3os protagonistas e conscientes do seu papel na sociedade, na tentativa de iniciar um movimento concreto de conscientiza\u00e7\u00e3o dos jovens reduzindo os muitos danos causados. Como resultado das interven\u00e7\u00f5es cont\u00ednuas promover a restaura\u00e7\u00e3o e\/ou inova\u00e7\u00e3o de ambientes da institui\u00e7\u00e3o a fim de causar reconhecimento da comunidade para com o meio.<\/p>\n\n\n\n<div class=\"wp-block-image\"><figure class=\"aligncenter\"><a href=\"https:\/\/wordpress.ft.unicamp.br\/ecoedu\/?attachment_id=204\" target=\"_blank\" rel=\"noreferrer noopener\"><img fetchpriority=\"high\" decoding=\"async\" width=\"285\" height=\"214\" src=\"https:\/\/wordpress.ft.unicamp.br\/ecoedu\/wp-content\/uploads\/sites\/28\/2019\/05\/17796532_114627419082845_2312328692942991464_n-285x214.jpg\" alt=\"\" class=\"wp-image-204\" \/><\/a><\/figure><\/div>\n","protected":false},"excerpt":{"rendered":"<p>Projeto Sat\u00e9lite&nbsp;\u201cCarpe Diem\u201d&nbsp;\u2013 tem como objetivo minimizar \u00e0 pr\u00e1tica da picha\u00e7\u00e3o e os danos causados ao meio ambiente de forma a utilizar a Educa\u00e7\u00e3o Ambiental e a Arte-Educa\u00e7\u00e3o como ferramentas para formar cidad\u00e3os protagonistas e conscientes do seu papel na sociedade, na tentativa de iniciar um movimento concreto de conscientiza\u00e7\u00e3o dos jovens reduzindo os muitos<a class=\"read-more\" href=\"https:\/\/wordpress.ft.unicamp.br\/ecoedu\/carpe-diem\/\"><br \/>-> Continue reading<span class=\"screen-reader-text\">  Carpe Diem<\/span><\/a><\/p>\n","protected":false},"author":17,"featured_media":0,"parent":0,"menu_order":0,"comment_status":"open","ping_status":"closed","template":"template-fullwidth-no-title.php","meta":{"footnotes":""},"class_list":["post-203","page","type-page","status-publish","hentry"],"yoast_head":"<!-- This site is optimized with the Yoast SEO plugin v27.5 - https:\/\/yoast.com\/product\/yoast-seo-wordpress\/ -->\n<title>Carpe Diem - Ecoedu Ambiental<\/title>\n<meta name=\"robots\" content=\"index, follow, max-snippet:-1, max-image-preview:large, max-video-preview:-1\" \/>\n<link rel=\"canonical\" href=\"https:\/\/wordpress.ft.unicamp.br\/ecoedu\/carpe-diem\/\" \/>\n<meta property=\"og:locale\" content=\"pt_BR\" \/>\n<meta property=\"og:type\" content=\"article\" \/>\n<meta property=\"og:title\" content=\"Carpe Diem - Ecoedu Ambiental\" \/>\n<meta property=\"og:description\" content=\"Projeto Sat\u00e9lite&nbsp;\u201cCarpe Diem\u201d&nbsp;\u2013 tem como objetivo minimizar \u00e0 pr\u00e1tica da picha\u00e7\u00e3o e os danos causados ao meio ambiente de forma a utilizar a Educa\u00e7\u00e3o Ambiental e a Arte-Educa\u00e7\u00e3o como ferramentas para formar cidad\u00e3os protagonistas e conscientes do seu papel na sociedade, na tentativa de iniciar um movimento concreto de conscientiza\u00e7\u00e3o dos jovens reduzindo os muitos-&gt; Continue reading Carpe Diem\" \/>\n<meta property=\"og:url\" content=\"https:\/\/wordpress.ft.unicamp.br\/ecoedu\/carpe-diem\/\" \/>\n<meta property=\"og:site_name\" content=\"Ecoedu Ambiental\" \/>\n<meta property=\"article:modified_time\" content=\"2019-05-02T18:38:50+00:00\" \/>\n<meta property=\"og:image\" content=\"https:\/\/wordpress.ft.unicamp.br\/ecoedu\/wp-content\/uploads\/sites\/28\/2019\/05\/17796532_114627419082845_2312328692942991464_n-285x214.jpg\" \/>\n<meta name=\"twitter:card\" content=\"summary_large_image\" \/>\n<script type=\"application\/ld+json\" class=\"yoast-schema-graph\">{\"@context\":\"https:\\\/\\\/schema.org\",\"@graph\":[{\"@type\":\"WebPage\",\"@id\":\"https:\\\/\\\/wordpress.ft.unicamp.br\\\/ecoedu\\\/carpe-diem\\\/\",\"url\":\"https:\\\/\\\/wordpress.ft.unicamp.br\\\/ecoedu\\\/carpe-diem\\\/\",\"name\":\"Carpe Diem - Ecoedu Ambiental\",\"isPartOf\":{\"@id\":\"https:\\\/\\\/wordpress.ft.unicamp.br\\\/ecoedu\\\/#website\"},\"primaryImageOfPage\":{\"@id\":\"https:\\\/\\\/wordpress.ft.unicamp.br\\\/ecoedu\\\/carpe-diem\\\/#primaryimage\"},\"image\":{\"@id\":\"https:\\\/\\\/wordpress.ft.unicamp.br\\\/ecoedu\\\/carpe-diem\\\/#primaryimage\"},\"thumbnailUrl\":\"https:\\\/\\\/wordpress.ft.unicamp.br\\\/ecoedu\\\/wp-content\\\/uploads\\\/sites\\\/28\\\/2019\\\/05\\\/17796532_114627419082845_2312328692942991464_n-285x214.jpg\",\"datePublished\":\"2019-05-01T21:54:30+00:00\",\"dateModified\":\"2019-05-02T18:38:50+00:00\",\"breadcrumb\":{\"@id\":\"https:\\\/\\\/wordpress.ft.unicamp.br\\\/ecoedu\\\/carpe-diem\\\/#breadcrumb\"},\"inLanguage\":\"pt-BR\",\"potentialAction\":[{\"@type\":\"ReadAction\",\"target\":[\"https:\\\/\\\/wordpress.ft.unicamp.br\\\/ecoedu\\\/carpe-diem\\\/\"]}]},{\"@type\":\"ImageObject\",\"inLanguage\":\"pt-BR\",\"@id\":\"https:\\\/\\\/wordpress.ft.unicamp.br\\\/ecoedu\\\/carpe-diem\\\/#primaryimage\",\"url\":\"https:\\\/\\\/wordpress.ft.unicamp.br\\\/ecoedu\\\/wp-content\\\/uploads\\\/sites\\\/28\\\/2019\\\/05\\\/17796532_114627419082845_2312328692942991464_n-285x214.jpg\",\"contentUrl\":\"https:\\\/\\\/wordpress.ft.unicamp.br\\\/ecoedu\\\/wp-content\\\/uploads\\\/sites\\\/28\\\/2019\\\/05\\\/17796532_114627419082845_2312328692942991464_n-285x214.jpg\"},{\"@type\":\"BreadcrumbList\",\"@id\":\"https:\\\/\\\/wordpress.ft.unicamp.br\\\/ecoedu\\\/carpe-diem\\\/#breadcrumb\",\"itemListElement\":[{\"@type\":\"ListItem\",\"position\":1,\"name\":\"Home\",\"item\":\"https:\\\/\\\/wordpress.ft.unicamp.br\\\/ecoedu\\\/\"},{\"@type\":\"ListItem\",\"position\":2,\"name\":\"Carpe Diem\"}]},{\"@type\":\"WebSite\",\"@id\":\"https:\\\/\\\/wordpress.ft.unicamp.br\\\/ecoedu\\\/#website\",\"url\":\"https:\\\/\\\/wordpress.ft.unicamp.br\\\/ecoedu\\\/\",\"name\":\"Ecoedu Ambiental\",\"description\":\"\",\"potentialAction\":[{\"@type\":\"SearchAction\",\"target\":{\"@type\":\"EntryPoint\",\"urlTemplate\":\"https:\\\/\\\/wordpress.ft.unicamp.br\\\/ecoedu\\\/?s={search_term_string}\"},\"query-input\":{\"@type\":\"PropertyValueSpecification\",\"valueRequired\":true,\"valueName\":\"search_term_string\"}}],\"inLanguage\":\"pt-BR\"}]}<\/script>\n<!-- \/ Yoast SEO plugin. -->","yoast_head_json":{"title":"Carpe Diem - Ecoedu Ambiental","robots":{"index":"index","follow":"follow","max-snippet":"max-snippet:-1","max-image-preview":"max-image-preview:large","max-video-preview":"max-video-preview:-1"},"canonical":"https:\/\/wordpress.ft.unicamp.br\/ecoedu\/carpe-diem\/","og_locale":"pt_BR","og_type":"article","og_title":"Carpe Diem - Ecoedu Ambiental","og_description":"Projeto Sat\u00e9lite&nbsp;\u201cCarpe Diem\u201d&nbsp;\u2013 tem como objetivo minimizar \u00e0 pr\u00e1tica da picha\u00e7\u00e3o e os danos causados ao meio ambiente de forma a utilizar a Educa\u00e7\u00e3o Ambiental e a Arte-Educa\u00e7\u00e3o como ferramentas para formar cidad\u00e3os protagonistas e conscientes do seu papel na sociedade, na tentativa de iniciar um movimento concreto de conscientiza\u00e7\u00e3o dos jovens reduzindo os muitos-> Continue reading Carpe Diem","og_url":"https:\/\/wordpress.ft.unicamp.br\/ecoedu\/carpe-diem\/","og_site_name":"Ecoedu Ambiental","article_modified_time":"2019-05-02T18:38:50+00:00","og_image":[{"url":"https:\/\/wordpress.ft.unicamp.br\/ecoedu\/wp-content\/uploads\/sites\/28\/2019\/05\/17796532_114627419082845_2312328692942991464_n-285x214.jpg","type":"","width":"","height":""}],"twitter_card":"summary_large_image","schema":{"@context":"https:\/\/schema.org","@graph":[{"@type":"WebPage","@id":"https:\/\/wordpress.ft.unicamp.br\/ecoedu\/carpe-diem\/","url":"https:\/\/wordpress.ft.unicamp.br\/ecoedu\/carpe-diem\/","name":"Carpe Diem - Ecoedu Ambiental","isPartOf":{"@id":"https:\/\/wordpress.ft.unicamp.br\/ecoedu\/#website"},"primaryImageOfPage":{"@id":"https:\/\/wordpress.ft.unicamp.br\/ecoedu\/carpe-diem\/#primaryimage"},"image":{"@id":"https:\/\/wordpress.ft.unicamp.br\/ecoedu\/carpe-diem\/#primaryimage"},"thumbnailUrl":"https:\/\/wordpress.ft.unicamp.br\/ecoedu\/wp-content\/uploads\/sites\/28\/2019\/05\/17796532_114627419082845_2312328692942991464_n-285x214.jpg","datePublished":"2019-05-01T21:54:30+00:00","dateModified":"2019-05-02T18:38:50+00:00","breadcrumb":{"@id":"https:\/\/wordpress.ft.unicamp.br\/ecoedu\/carpe-diem\/#breadcrumb"},"inLanguage":"pt-BR","potentialAction":[{"@type":"ReadAction","target":["https:\/\/wordpress.ft.unicamp.br\/ecoedu\/carpe-diem\/"]}]},{"@type":"ImageObject","inLanguage":"pt-BR","@id":"https:\/\/wordpress.ft.unicamp.br\/ecoedu\/carpe-diem\/#primaryimage","url":"https:\/\/wordpress.ft.unicamp.br\/ecoedu\/wp-content\/uploads\/sites\/28\/2019\/05\/17796532_114627419082845_2312328692942991464_n-285x214.jpg","contentUrl":"https:\/\/wordpress.ft.unicamp.br\/ecoedu\/wp-content\/uploads\/sites\/28\/2019\/05\/17796532_114627419082845_2312328692942991464_n-285x214.jpg"},{"@type":"BreadcrumbList","@id":"https:\/\/wordpress.ft.unicamp.br\/ecoedu\/carpe-diem\/#breadcrumb","itemListElement":[{"@type":"ListItem","position":1,"name":"Home","item":"https:\/\/wordpress.ft.unicamp.br\/ecoedu\/"},{"@type":"ListItem","position":2,"name":"Carpe Diem"}]},{"@type":"WebSite","@id":"https:\/\/wordpress.ft.unicamp.br\/ecoedu\/#website","url":"https:\/\/wordpress.ft.unicamp.br\/ecoedu\/","name":"Ecoedu Ambiental","description":"","potentialAction":[{"@type":"SearchAction","target":{"@type":"EntryPoint","urlTemplate":"https:\/\/wordpress.ft.unicamp.br\/ecoedu\/?s={search_term_string}"},"query-input":{"@type":"PropertyValueSpecification","valueRequired":true,"valueName":"search_term_string"}}],"inLanguage":"pt-BR"}]}},"_links":{"self":[{"href":"https:\/\/wordpress.ft.unicamp.br\/ecoedu\/wp-json\/wp\/v2\/pages\/203","targetHints":{"allow":["GET"]}}],"collection":[{"href":"https:\/\/wordpress.ft.unicamp.br\/ecoedu\/wp-json\/wp\/v2\/pages"}],"about":[{"href":"https:\/\/wordpress.ft.unicamp.br\/ecoedu\/wp-json\/wp\/v2\/types\/page"}],"author":[{"embeddable":true,"href":"https:\/\/wordpress.ft.unicamp.br\/ecoedu\/wp-json\/wp\/v2\/users\/17"}],"replies":[{"embeddable":true,"href":"https:\/\/wordpress.ft.unicamp.br\/ecoedu\/wp-json\/wp\/v2\/comments?post=203"}],"version-history":[{"count":2,"href":"https:\/\/wordpress.ft.unicamp.br\/ecoedu\/wp-json\/wp\/v2\/pages\/203\/revisions"}],"predecessor-version":[{"id":207,"href":"https:\/\/wordpress.ft.unicamp.br\/ecoedu\/wp-json\/wp\/v2\/pages\/203\/revisions\/207"}],"wp:attachment":[{"href":"https:\/\/wordpress.ft.unicamp.br\/ecoedu\/wp-json\/wp\/v2\/media?parent=203"}],"curies":[{"name":"wp","href":"https:\/\/api.w.org\/{rel}","templated":true}]}}