{"id":209,"date":"2019-05-01T21:56:40","date_gmt":"2019-05-01T21:56:40","guid":{"rendered":"http:\/\/wordpress.ft.unicamp.br\/ecoedu\/?page_id=209"},"modified":"2019-06-25T18:06:50","modified_gmt":"2019-06-25T18:06:50","slug":"acoes","status":"publish","type":"page","link":"https:\/\/wordpress.ft.unicamp.br\/ecoedu\/acoes\/","title":{"rendered":"A\u00e7\u00f5es"},"content":{"rendered":"\n<div class=\"wp-block-image\"><figure class=\"aligncenter is-resized\"><img fetchpriority=\"high\" decoding=\"async\" src=\"http:\/\/wordpress.ft.unicamp.br\/ecoedu\/wp-content\/uploads\/sites\/28\/2019\/06\/05cfac69-2d66-4193-92bc-9280949d42a1-2-1.jpg\" alt=\"\" class=\"wp-image-797\" width=\"378\" height=\"208\" \/><\/figure><\/div>\n\n\n\n<p style=\"text-align:center\">\n\n Projeto Sat\u00e9lite&nbsp;<strong>\u201cA\u00e7\u00f5es\u201d<\/strong>&#8211; tem como objetivo atender demandas pontuais vindas da cidade de limeira e regi\u00e3o, como por exemplo, recupera\u00e7\u00e3o de \u00e1reas em escolas, asilos, creches, entre outras. \u00c9 realizada uma intera\u00e7\u00e3o com as pessoas da comunidade a ser trabalhada e todos juntos realizam a a\u00e7\u00e3o esperada, que pode ser uma pintura de muro, uma limpeza do local, um acolhimento, entre outros. \n\n<\/p>\n\n\n\n<table class=\"wp-block-table aligncenter\"><tbody><tr><td><strong>Evento<\/strong><\/td><td><strong>Local<\/strong><\/td><td><strong>Data<\/strong><\/td><td><strong>Universidade<\/strong><\/td><\/tr><tr><td>&#8220;Calourada\n  &#8211; Atividade de arte educa\u00e7\u00e3o, pintura em escola&#8221;, Calourada &#8211;\n  Atividade de arte educa\u00e7\u00e3o, pintura em escola&nbsp;<\/td><td>Escola municipal de Limeira &#8211;\n  Limeira &#8211; BRASIL&nbsp;<\/td><td>01\/02 \/2018 a 28\/02 \/2018&nbsp;<\/td><td>UNICAMP&nbsp;<\/td><\/tr><tr><td>&#8220;Calourada\n  &#8211; Atividade de arte educa\u00e7\u00e3o, pintura em escola&#8221;, 4 Calourada &#8211;\n  Atividade de arte educa\u00e7\u00e3o, pintura em escola&nbsp;<\/td><td>Escola municipal de Limeira &#8211;\n  Limeira &#8211; BRASIL&nbsp;<\/td><td>01\/02 \/2017 a 28\/02 \/2017&nbsp;<\/td><td>UNICAMP&nbsp;<\/td><\/tr><tr><td>&#8220;Calourada\n  &#8211; Atividade de arte educa\u00e7\u00e3o, pintura em escola&#8221;, 3 Calourada &#8211;\n  Atividade de arte educa\u00e7\u00e3o, pintura em escola&nbsp;<\/td><td>Escola municipal de Limeira &#8211;\n  Limeira &#8211; BRASIL&nbsp;<\/td><td>01\/02 \/2016 a 28\/02 \/2016&nbsp;<\/td><td>UNICAMP&nbsp;<\/td><\/tr><tr><td>&#8220;Calourada\n  &#8211; Atividade de arte educa\u00e7\u00e3o, pintura em escola&#8221;, 2 Calourada &#8211;\n  Atividade de arte educa\u00e7\u00e3o, pintura em escola&nbsp;<\/td><td>Escola Estadual Limeira &#8211; Limeira\n  &#8211; BRASIL&nbsp;<\/td><td>01\/02 \/2015 a 28\/02 \/2015&nbsp;<\/td><td>UNICAMP&nbsp;<\/td><\/tr><tr><td>A\u00e7\u00e3o dia da Educa\u00e7\u00e3o \u2013 Exposi\u00e7\u00e3o de Arte-Educa\u00e7\u00e3o e Educa\u00e7\u00e3o Ambiental <\/td><td>Faculdade de Tecnologia &#8211; UNICAMP<\/td><td>01\/02 \/2015 a 28\/02 \/2016<\/td><td>UNICAMP<\/td><\/tr><tr><td>A\u00e7\u00e3o Semana do Meio Ambiente em parceria com a Prefeitura de Limeira<\/td><td>H\u00edpica &#8211; Limeira<\/td><td>04\/06\/2019 a 06\/06\/2019<\/td><td>UNICAMP<\/td><\/tr><tr><td>A\u00e7\u00e3o Arrecada\u00e7\u00e3o e doa\u00e7\u00e3o de material<br>para o Asilo Jo\u00e3o Kuhl Filho<\/td><td> Faculdade de Tecnologia &#8211; UNICAMP <\/td><td>maio, <br>junho e julho<\/td><td>UNICAMP<\/td><\/tr><tr><td>Festa Junina<\/td><td> Faculdade de Tecnologia &#8211; UNICAMP <\/td><td>27\/06\/2019<\/td><td>UNICAMP<\/td><\/tr><\/tbody><\/table>\n\n\n\n\n\n<p><\/p>\n","protected":false},"excerpt":{"rendered":"<p>Projeto Sat\u00e9lite&nbsp;\u201cA\u00e7\u00f5es\u201d&#8211; tem como objetivo atender demandas pontuais vindas da cidade de limeira e regi\u00e3o, como por exemplo, recupera\u00e7\u00e3o de \u00e1reas em escolas, asilos, creches, entre outras. \u00c9 realizada uma intera\u00e7\u00e3o com as pessoas da comunidade a ser trabalhada e todos juntos realizam a a\u00e7\u00e3o esperada, que pode ser uma pintura de muro, uma limpeza<a class=\"read-more\" href=\"https:\/\/wordpress.ft.unicamp.br\/ecoedu\/acoes\/\"><br \/>-> Continue reading<span class=\"screen-reader-text\">  A\u00e7\u00f5es<\/span><\/a><\/p>\n","protected":false},"author":17,"featured_media":0,"parent":0,"menu_order":0,"comment_status":"closed","ping_status":"closed","template":"template-fullwidth-no-title.php","meta":{"footnotes":""},"class_list":["post-209","page","type-page","status-publish","hentry"],"yoast_head":"<!-- This site is optimized with the Yoast SEO plugin v27.5 - https:\/\/yoast.com\/product\/yoast-seo-wordpress\/ -->\n<title>A\u00e7\u00f5es - Ecoedu Ambiental<\/title>\n<meta name=\"robots\" content=\"index, follow, max-snippet:-1, max-image-preview:large, max-video-preview:-1\" \/>\n<link rel=\"canonical\" href=\"https:\/\/wordpress.ft.unicamp.br\/ecoedu\/acoes\/\" \/>\n<meta property=\"og:locale\" content=\"pt_BR\" \/>\n<meta property=\"og:type\" content=\"article\" \/>\n<meta property=\"og:title\" content=\"A\u00e7\u00f5es - Ecoedu Ambiental\" \/>\n<meta property=\"og:description\" content=\"Projeto Sat\u00e9lite&nbsp;\u201cA\u00e7\u00f5es\u201d&#8211; tem como objetivo atender demandas pontuais vindas da cidade de limeira e regi\u00e3o, como por exemplo, recupera\u00e7\u00e3o de \u00e1reas em escolas, asilos, creches, entre outras. \u00c9 realizada uma intera\u00e7\u00e3o com as pessoas da comunidade a ser trabalhada e todos juntos realizam a a\u00e7\u00e3o esperada, que pode ser uma pintura de muro, uma limpeza-&gt; Continue reading A\u00e7\u00f5es\" \/>\n<meta property=\"og:url\" content=\"https:\/\/wordpress.ft.unicamp.br\/ecoedu\/acoes\/\" \/>\n<meta property=\"og:site_name\" content=\"Ecoedu Ambiental\" \/>\n<meta property=\"article:modified_time\" content=\"2019-06-25T18:06:50+00:00\" \/>\n<meta property=\"og:image\" content=\"http:\/\/wordpress.ft.unicamp.br\/ecoedu\/wp-content\/uploads\/sites\/28\/2019\/06\/05cfac69-2d66-4193-92bc-9280949d42a1-2-1.jpg\" \/>\n<meta name=\"twitter:card\" content=\"summary_large_image\" \/>\n<meta name=\"twitter:label1\" content=\"Est. tempo de leitura\" \/>\n\t<meta name=\"twitter:data1\" content=\"1 minuto\" \/>\n<script type=\"application\/ld+json\" class=\"yoast-schema-graph\">{\"@context\":\"https:\\\/\\\/schema.org\",\"@graph\":[{\"@type\":\"WebPage\",\"@id\":\"https:\\\/\\\/wordpress.ft.unicamp.br\\\/ecoedu\\\/acoes\\\/\",\"url\":\"https:\\\/\\\/wordpress.ft.unicamp.br\\\/ecoedu\\\/acoes\\\/\",\"name\":\"A\u00e7\u00f5es - Ecoedu Ambiental\",\"isPartOf\":{\"@id\":\"https:\\\/\\\/wordpress.ft.unicamp.br\\\/ecoedu\\\/#website\"},\"primaryImageOfPage\":{\"@id\":\"https:\\\/\\\/wordpress.ft.unicamp.br\\\/ecoedu\\\/acoes\\\/#primaryimage\"},\"image\":{\"@id\":\"https:\\\/\\\/wordpress.ft.unicamp.br\\\/ecoedu\\\/acoes\\\/#primaryimage\"},\"thumbnailUrl\":\"http:\\\/\\\/wordpress.ft.unicamp.br\\\/ecoedu\\\/wp-content\\\/uploads\\\/sites\\\/28\\\/2019\\\/06\\\/05cfac69-2d66-4193-92bc-9280949d42a1-2-1.jpg\",\"datePublished\":\"2019-05-01T21:56:40+00:00\",\"dateModified\":\"2019-06-25T18:06:50+00:00\",\"breadcrumb\":{\"@id\":\"https:\\\/\\\/wordpress.ft.unicamp.br\\\/ecoedu\\\/acoes\\\/#breadcrumb\"},\"inLanguage\":\"pt-BR\",\"potentialAction\":[{\"@type\":\"ReadAction\",\"target\":[\"https:\\\/\\\/wordpress.ft.unicamp.br\\\/ecoedu\\\/acoes\\\/\"]}]},{\"@type\":\"ImageObject\",\"inLanguage\":\"pt-BR\",\"@id\":\"https:\\\/\\\/wordpress.ft.unicamp.br\\\/ecoedu\\\/acoes\\\/#primaryimage\",\"url\":\"http:\\\/\\\/wordpress.ft.unicamp.br\\\/ecoedu\\\/wp-content\\\/uploads\\\/sites\\\/28\\\/2019\\\/06\\\/05cfac69-2d66-4193-92bc-9280949d42a1-2-1.jpg\",\"contentUrl\":\"http:\\\/\\\/wordpress.ft.unicamp.br\\\/ecoedu\\\/wp-content\\\/uploads\\\/sites\\\/28\\\/2019\\\/06\\\/05cfac69-2d66-4193-92bc-9280949d42a1-2-1.jpg\"},{\"@type\":\"BreadcrumbList\",\"@id\":\"https:\\\/\\\/wordpress.ft.unicamp.br\\\/ecoedu\\\/acoes\\\/#breadcrumb\",\"itemListElement\":[{\"@type\":\"ListItem\",\"position\":1,\"name\":\"Home\",\"item\":\"https:\\\/\\\/wordpress.ft.unicamp.br\\\/ecoedu\\\/\"},{\"@type\":\"ListItem\",\"position\":2,\"name\":\"A\u00e7\u00f5es\"}]},{\"@type\":\"WebSite\",\"@id\":\"https:\\\/\\\/wordpress.ft.unicamp.br\\\/ecoedu\\\/#website\",\"url\":\"https:\\\/\\\/wordpress.ft.unicamp.br\\\/ecoedu\\\/\",\"name\":\"Ecoedu Ambiental\",\"description\":\"\",\"potentialAction\":[{\"@type\":\"SearchAction\",\"target\":{\"@type\":\"EntryPoint\",\"urlTemplate\":\"https:\\\/\\\/wordpress.ft.unicamp.br\\\/ecoedu\\\/?s={search_term_string}\"},\"query-input\":{\"@type\":\"PropertyValueSpecification\",\"valueRequired\":true,\"valueName\":\"search_term_string\"}}],\"inLanguage\":\"pt-BR\"}]}<\/script>\n<!-- \/ Yoast SEO plugin. -->","yoast_head_json":{"title":"A\u00e7\u00f5es - Ecoedu Ambiental","robots":{"index":"index","follow":"follow","max-snippet":"max-snippet:-1","max-image-preview":"max-image-preview:large","max-video-preview":"max-video-preview:-1"},"canonical":"https:\/\/wordpress.ft.unicamp.br\/ecoedu\/acoes\/","og_locale":"pt_BR","og_type":"article","og_title":"A\u00e7\u00f5es - Ecoedu Ambiental","og_description":"Projeto Sat\u00e9lite&nbsp;\u201cA\u00e7\u00f5es\u201d&#8211; tem como objetivo atender demandas pontuais vindas da cidade de limeira e regi\u00e3o, como por exemplo, recupera\u00e7\u00e3o de \u00e1reas em escolas, asilos, creches, entre outras. \u00c9 realizada uma intera\u00e7\u00e3o com as pessoas da comunidade a ser trabalhada e todos juntos realizam a a\u00e7\u00e3o esperada, que pode ser uma pintura de muro, uma limpeza-> Continue reading A\u00e7\u00f5es","og_url":"https:\/\/wordpress.ft.unicamp.br\/ecoedu\/acoes\/","og_site_name":"Ecoedu Ambiental","article_modified_time":"2019-06-25T18:06:50+00:00","og_image":[{"url":"http:\/\/wordpress.ft.unicamp.br\/ecoedu\/wp-content\/uploads\/sites\/28\/2019\/06\/05cfac69-2d66-4193-92bc-9280949d42a1-2-1.jpg","type":"","width":"","height":""}],"twitter_card":"summary_large_image","twitter_misc":{"Est. tempo de leitura":"1 minuto"},"schema":{"@context":"https:\/\/schema.org","@graph":[{"@type":"WebPage","@id":"https:\/\/wordpress.ft.unicamp.br\/ecoedu\/acoes\/","url":"https:\/\/wordpress.ft.unicamp.br\/ecoedu\/acoes\/","name":"A\u00e7\u00f5es - Ecoedu Ambiental","isPartOf":{"@id":"https:\/\/wordpress.ft.unicamp.br\/ecoedu\/#website"},"primaryImageOfPage":{"@id":"https:\/\/wordpress.ft.unicamp.br\/ecoedu\/acoes\/#primaryimage"},"image":{"@id":"https:\/\/wordpress.ft.unicamp.br\/ecoedu\/acoes\/#primaryimage"},"thumbnailUrl":"http:\/\/wordpress.ft.unicamp.br\/ecoedu\/wp-content\/uploads\/sites\/28\/2019\/06\/05cfac69-2d66-4193-92bc-9280949d42a1-2-1.jpg","datePublished":"2019-05-01T21:56:40+00:00","dateModified":"2019-06-25T18:06:50+00:00","breadcrumb":{"@id":"https:\/\/wordpress.ft.unicamp.br\/ecoedu\/acoes\/#breadcrumb"},"inLanguage":"pt-BR","potentialAction":[{"@type":"ReadAction","target":["https:\/\/wordpress.ft.unicamp.br\/ecoedu\/acoes\/"]}]},{"@type":"ImageObject","inLanguage":"pt-BR","@id":"https:\/\/wordpress.ft.unicamp.br\/ecoedu\/acoes\/#primaryimage","url":"http:\/\/wordpress.ft.unicamp.br\/ecoedu\/wp-content\/uploads\/sites\/28\/2019\/06\/05cfac69-2d66-4193-92bc-9280949d42a1-2-1.jpg","contentUrl":"http:\/\/wordpress.ft.unicamp.br\/ecoedu\/wp-content\/uploads\/sites\/28\/2019\/06\/05cfac69-2d66-4193-92bc-9280949d42a1-2-1.jpg"},{"@type":"BreadcrumbList","@id":"https:\/\/wordpress.ft.unicamp.br\/ecoedu\/acoes\/#breadcrumb","itemListElement":[{"@type":"ListItem","position":1,"name":"Home","item":"https:\/\/wordpress.ft.unicamp.br\/ecoedu\/"},{"@type":"ListItem","position":2,"name":"A\u00e7\u00f5es"}]},{"@type":"WebSite","@id":"https:\/\/wordpress.ft.unicamp.br\/ecoedu\/#website","url":"https:\/\/wordpress.ft.unicamp.br\/ecoedu\/","name":"Ecoedu Ambiental","description":"","potentialAction":[{"@type":"SearchAction","target":{"@type":"EntryPoint","urlTemplate":"https:\/\/wordpress.ft.unicamp.br\/ecoedu\/?s={search_term_string}"},"query-input":{"@type":"PropertyValueSpecification","valueRequired":true,"valueName":"search_term_string"}}],"inLanguage":"pt-BR"}]}},"_links":{"self":[{"href":"https:\/\/wordpress.ft.unicamp.br\/ecoedu\/wp-json\/wp\/v2\/pages\/209","targetHints":{"allow":["GET"]}}],"collection":[{"href":"https:\/\/wordpress.ft.unicamp.br\/ecoedu\/wp-json\/wp\/v2\/pages"}],"about":[{"href":"https:\/\/wordpress.ft.unicamp.br\/ecoedu\/wp-json\/wp\/v2\/types\/page"}],"author":[{"embeddable":true,"href":"https:\/\/wordpress.ft.unicamp.br\/ecoedu\/wp-json\/wp\/v2\/users\/17"}],"replies":[{"embeddable":true,"href":"https:\/\/wordpress.ft.unicamp.br\/ecoedu\/wp-json\/wp\/v2\/comments?post=209"}],"version-history":[{"count":12,"href":"https:\/\/wordpress.ft.unicamp.br\/ecoedu\/wp-json\/wp\/v2\/pages\/209\/revisions"}],"predecessor-version":[{"id":1165,"href":"https:\/\/wordpress.ft.unicamp.br\/ecoedu\/wp-json\/wp\/v2\/pages\/209\/revisions\/1165"}],"wp:attachment":[{"href":"https:\/\/wordpress.ft.unicamp.br\/ecoedu\/wp-json\/wp\/v2\/media?parent=209"}],"curies":[{"name":"wp","href":"https:\/\/api.w.org\/{rel}","templated":true}]}}