{"id":229,"date":"2019-05-02T18:24:14","date_gmt":"2019-05-02T18:24:14","guid":{"rendered":"http:\/\/wordpress.ft.unicamp.br\/ecoedu\/?page_id=229"},"modified":"2019-06-04T23:55:50","modified_gmt":"2019-06-04T23:55:50","slug":"equipe-2019","status":"publish","type":"page","link":"https:\/\/wordpress.ft.unicamp.br\/ecoedu\/equipe-2019\/","title":{"rendered":"Equipe 2019"},"content":{"rendered":"\n<div class=\"wp-block-image\"><figure class=\"aligncenter is-resized\"><img fetchpriority=\"high\" decoding=\"async\" src=\"http:\/\/wordpress.ft.unicamp.br\/ecoedu\/wp-content\/uploads\/sites\/28\/2019\/04\/EQUIPE-2019-200X200.jpeg\" alt=\"\" class=\"wp-image-137\" width=\"268\" height=\"379\" \/><\/figure><\/div>\n\n\n\n<table class=\"wp-block-table aligncenter\"><tbody><tr><td><strong>                         NOME<\/strong><\/td><td><strong>           CURSO\/FORMA\u00c7\u00c3O<\/strong><\/td><\/tr><tr><td>ANA CARLA COSTA GONZAGA<\/td><td>Engenharia Ambiental<\/td><\/tr><tr><td>ANDREY FELIPE VEDOVELLO<\/td><td>Tecnologia de Controle Ambiental<\/td><\/tr><tr><td>AURIANE NAYARA<\/td><td>Engenharia de Telecomunica\u00e7\u00f5es<\/td><\/tr><tr><td>BEATRIZ LUA FORDELONE\n  LINHARES<\/td><td>Nutri\u00e7\u00e3o<\/td><\/tr><tr><td>CAROLINE BARBOSA DE FREITAS\n  PEREIRA<\/td><td>Engenharia Ambiental<\/td><\/tr><tr><td>C\u00c9SAR FERNANDES LUCHESI<\/td><td>Ci\u00eancias do Esporte<\/td><\/tr><tr><td>FORTUNATO DONE<\/td><td>Tecn\u00f3logo em Constru\u00e7\u00e3o de Edif\u00edcios<\/td><\/tr><tr><td>GABRIEL MEDEIROS GIANSANTI<\/td><td>Ci\u00eancias do Esporte<\/td><\/tr><tr><td>GABRIELA BISSONI<\/td><td>Nutri\u00e7\u00e3o<\/td><\/tr><tr><td>GABRIELA SARA MELO<\/td><td>Engenharia de Telecomunica\u00e7\u00f5es<\/td><\/tr><tr><td>GABRIELLE MARTINS DA CUNHA\n  SALGADO<\/td><td>Nutri\u00e7\u00e3o<\/td><\/tr><tr><td>GIOVANA VIEIRA ROMITA<\/td><td>Tecnologia em Saneamento Ambiental<\/td><\/tr><tr><td>GIOVANNA PORTASIO<\/td><td>Engenharia Ambiental<\/td><\/tr><tr><td>GIULIA ASSIS FRAN\u00c7A<\/td><td>Engenharia Ambiental<\/td><\/tr><tr><td>GIULIA BONFIGLIO GUERREIRO<\/td><td>Nutri\u00e7\u00e3o<\/td><\/tr><tr><td>GIULA ROCHA<\/td><td>Nutri\u00e7\u00e3o<\/td><\/tr><tr><td>GRAZIELLE WINGTER FRANCO<\/td><td>Nutri\u00e7\u00e3o<\/td><\/tr><tr><td>HADASSA LETICIA DE OLIVEIRA<\/td><td>Tecn\u00f3loga em Constru\u00e7\u00e3o de Edif\u00edcio<\/td><\/tr><tr><td>HELOISA PEREGRINI CERIAL<\/td><td>Engenharia de Telecomunica\u00e7oes<\/td><\/tr><tr><td>J\u00daLIA BONI SOARES<\/td><td>Tecnologia em Saneamento Ambiental<\/td><\/tr><tr><td>JULIANA GON\u00c7ALVES<\/td><td>Doutoranda<\/td><\/tr><tr><td>LUCAS ANDRADE LIMA<\/td><td>Nutri\u00e7\u00e3o<\/td><\/tr><tr><td>MARIA CAROLINA SIQUEIRA GOMES<\/td><td>Engenharia de Telecomunica\u00e7\u00f5es<\/td><\/tr><tr><td>MARIA CLARA MELLI BRASILEIRO<\/td><td>Engenharia Ambiental<\/td><\/tr><tr><td>MARIA EDUARDA DE OLIVEIRA\n  MALAQUIAS<\/td><td>Engenharia Ambiental<\/td><\/tr><tr><td>MARISA SEHADELHE<\/td><td>Engenharia Ambiental<\/td><\/tr><tr><td>MICHELLE CONCEI\u00c7\u00c3O DOS SANTOS<\/td><td>Engenharia Ambiental<\/td><\/tr><tr><td>NATH\u00c1LIA DE OLIVEIRA MAIA\n  SILVA<\/td><td>Engenharia Ambiental<\/td><\/tr><tr><td>PATRICIA SILVA DE OLIVEIRA<\/td><td>Engenharia Ambiental<\/td><\/tr><tr><td>PEDRO KAZUME FEITOSA<\/td><td>Ci\u00eancias do Esporte<\/td><\/tr><tr><td>RAFAELA PEREIRA DE SOUSA<\/td><td>Administra\u00e7\u00e3o<\/td><\/tr><tr><td>SARAH TAVARES NOGUEIRA CABRAL<\/td><td>Engenharia Ambiental<\/td><\/tr><tr><td>VANESSA DE OLIVEIRA<\/td><td>Tecnologia em Constru\u00e7\u00e3o de Edif\u00edcios<\/td><\/tr><\/tbody><\/table>\n","protected":false},"excerpt":{"rendered":"<p>NOME CURSO\/FORMA\u00c7\u00c3O ANA CARLA COSTA GONZAGA Engenharia Ambiental ANDREY FELIPE VEDOVELLO Tecnologia de Controle Ambiental AURIANE NAYARA Engenharia de Telecomunica\u00e7\u00f5es BEATRIZ LUA FORDELONE LINHARES Nutri\u00e7\u00e3o CAROLINE BARBOSA DE FREITAS PEREIRA Engenharia Ambiental C\u00c9SAR FERNANDES LUCHESI Ci\u00eancias do Esporte FORTUNATO DONE Tecn\u00f3logo em Constru\u00e7\u00e3o de Edif\u00edcios GABRIEL MEDEIROS GIANSANTI Ci\u00eancias do Esporte GABRIELA BISSONI Nutri\u00e7\u00e3o GABRIELA<a class=\"read-more\" href=\"https:\/\/wordpress.ft.unicamp.br\/ecoedu\/equipe-2019\/\"><br \/>-> Continue reading<span class=\"screen-reader-text\">  Equipe 2019<\/span><\/a><\/p>\n","protected":false},"author":17,"featured_media":0,"parent":0,"menu_order":0,"comment_status":"closed","ping_status":"closed","template":"template-fullwidth-no-title.php","meta":{"footnotes":""},"class_list":["post-229","page","type-page","status-publish","hentry"],"yoast_head":"<!-- This site is optimized with the Yoast SEO plugin v27.5 - https:\/\/yoast.com\/product\/yoast-seo-wordpress\/ -->\n<title>Equipe 2019 - Ecoedu Ambiental<\/title>\n<meta name=\"robots\" content=\"index, follow, max-snippet:-1, max-image-preview:large, max-video-preview:-1\" \/>\n<link rel=\"canonical\" href=\"https:\/\/wordpress.ft.unicamp.br\/ecoedu\/equipe-2019\/\" \/>\n<meta property=\"og:locale\" content=\"pt_BR\" \/>\n<meta property=\"og:type\" content=\"article\" \/>\n<meta property=\"og:title\" content=\"Equipe 2019 - Ecoedu Ambiental\" \/>\n<meta property=\"og:description\" content=\"NOME CURSO\/FORMA\u00c7\u00c3O ANA CARLA COSTA GONZAGA Engenharia Ambiental ANDREY FELIPE VEDOVELLO Tecnologia de Controle Ambiental AURIANE NAYARA Engenharia de Telecomunica\u00e7\u00f5es BEATRIZ LUA FORDELONE LINHARES Nutri\u00e7\u00e3o CAROLINE BARBOSA DE FREITAS PEREIRA Engenharia Ambiental C\u00c9SAR FERNANDES LUCHESI Ci\u00eancias do Esporte FORTUNATO DONE Tecn\u00f3logo em Constru\u00e7\u00e3o de Edif\u00edcios GABRIEL MEDEIROS GIANSANTI Ci\u00eancias do Esporte GABRIELA BISSONI Nutri\u00e7\u00e3o GABRIELA-&gt; Continue reading Equipe 2019\" \/>\n<meta property=\"og:url\" content=\"https:\/\/wordpress.ft.unicamp.br\/ecoedu\/equipe-2019\/\" \/>\n<meta property=\"og:site_name\" content=\"Ecoedu Ambiental\" \/>\n<meta property=\"article:modified_time\" content=\"2019-06-04T23:55:50+00:00\" \/>\n<meta property=\"og:image\" content=\"http:\/\/wordpress.ft.unicamp.br\/ecoedu\/wp-content\/uploads\/sites\/28\/2019\/04\/EQUIPE-2019-200X200.jpeg\" \/>\n<meta name=\"twitter:card\" content=\"summary_large_image\" \/>\n<meta name=\"twitter:label1\" content=\"Est. tempo de leitura\" \/>\n\t<meta name=\"twitter:data1\" content=\"1 minuto\" \/>\n<script type=\"application\/ld+json\" class=\"yoast-schema-graph\">{\"@context\":\"https:\\\/\\\/schema.org\",\"@graph\":[{\"@type\":\"WebPage\",\"@id\":\"https:\\\/\\\/wordpress.ft.unicamp.br\\\/ecoedu\\\/equipe-2019\\\/\",\"url\":\"https:\\\/\\\/wordpress.ft.unicamp.br\\\/ecoedu\\\/equipe-2019\\\/\",\"name\":\"Equipe 2019 - Ecoedu Ambiental\",\"isPartOf\":{\"@id\":\"https:\\\/\\\/wordpress.ft.unicamp.br\\\/ecoedu\\\/#website\"},\"primaryImageOfPage\":{\"@id\":\"https:\\\/\\\/wordpress.ft.unicamp.br\\\/ecoedu\\\/equipe-2019\\\/#primaryimage\"},\"image\":{\"@id\":\"https:\\\/\\\/wordpress.ft.unicamp.br\\\/ecoedu\\\/equipe-2019\\\/#primaryimage\"},\"thumbnailUrl\":\"http:\\\/\\\/wordpress.ft.unicamp.br\\\/ecoedu\\\/wp-content\\\/uploads\\\/sites\\\/28\\\/2019\\\/04\\\/EQUIPE-2019-200X200.jpeg\",\"datePublished\":\"2019-05-02T18:24:14+00:00\",\"dateModified\":\"2019-06-04T23:55:50+00:00\",\"breadcrumb\":{\"@id\":\"https:\\\/\\\/wordpress.ft.unicamp.br\\\/ecoedu\\\/equipe-2019\\\/#breadcrumb\"},\"inLanguage\":\"pt-BR\",\"potentialAction\":[{\"@type\":\"ReadAction\",\"target\":[\"https:\\\/\\\/wordpress.ft.unicamp.br\\\/ecoedu\\\/equipe-2019\\\/\"]}]},{\"@type\":\"ImageObject\",\"inLanguage\":\"pt-BR\",\"@id\":\"https:\\\/\\\/wordpress.ft.unicamp.br\\\/ecoedu\\\/equipe-2019\\\/#primaryimage\",\"url\":\"https:\\\/\\\/wordpress.ft.unicamp.br\\\/ecoedu\\\/wp-content\\\/uploads\\\/sites\\\/28\\\/2019\\\/04\\\/EQUIPE-2019-200X200.jpeg\",\"contentUrl\":\"https:\\\/\\\/wordpress.ft.unicamp.br\\\/ecoedu\\\/wp-content\\\/uploads\\\/sites\\\/28\\\/2019\\\/04\\\/EQUIPE-2019-200X200.jpeg\",\"width\":141,\"height\":200},{\"@type\":\"BreadcrumbList\",\"@id\":\"https:\\\/\\\/wordpress.ft.unicamp.br\\\/ecoedu\\\/equipe-2019\\\/#breadcrumb\",\"itemListElement\":[{\"@type\":\"ListItem\",\"position\":1,\"name\":\"Home\",\"item\":\"https:\\\/\\\/wordpress.ft.unicamp.br\\\/ecoedu\\\/\"},{\"@type\":\"ListItem\",\"position\":2,\"name\":\"Equipe 2019\"}]},{\"@type\":\"WebSite\",\"@id\":\"https:\\\/\\\/wordpress.ft.unicamp.br\\\/ecoedu\\\/#website\",\"url\":\"https:\\\/\\\/wordpress.ft.unicamp.br\\\/ecoedu\\\/\",\"name\":\"Ecoedu Ambiental\",\"description\":\"\",\"potentialAction\":[{\"@type\":\"SearchAction\",\"target\":{\"@type\":\"EntryPoint\",\"urlTemplate\":\"https:\\\/\\\/wordpress.ft.unicamp.br\\\/ecoedu\\\/?s={search_term_string}\"},\"query-input\":{\"@type\":\"PropertyValueSpecification\",\"valueRequired\":true,\"valueName\":\"search_term_string\"}}],\"inLanguage\":\"pt-BR\"}]}<\/script>\n<!-- \/ Yoast SEO plugin. -->","yoast_head_json":{"title":"Equipe 2019 - Ecoedu Ambiental","robots":{"index":"index","follow":"follow","max-snippet":"max-snippet:-1","max-image-preview":"max-image-preview:large","max-video-preview":"max-video-preview:-1"},"canonical":"https:\/\/wordpress.ft.unicamp.br\/ecoedu\/equipe-2019\/","og_locale":"pt_BR","og_type":"article","og_title":"Equipe 2019 - Ecoedu Ambiental","og_description":"NOME CURSO\/FORMA\u00c7\u00c3O ANA CARLA COSTA GONZAGA Engenharia Ambiental ANDREY FELIPE VEDOVELLO Tecnologia de Controle Ambiental AURIANE NAYARA Engenharia de Telecomunica\u00e7\u00f5es BEATRIZ LUA FORDELONE LINHARES Nutri\u00e7\u00e3o CAROLINE BARBOSA DE FREITAS PEREIRA Engenharia Ambiental C\u00c9SAR FERNANDES LUCHESI Ci\u00eancias do Esporte FORTUNATO DONE Tecn\u00f3logo em Constru\u00e7\u00e3o de Edif\u00edcios GABRIEL MEDEIROS GIANSANTI Ci\u00eancias do Esporte GABRIELA BISSONI Nutri\u00e7\u00e3o GABRIELA-> Continue reading Equipe 2019","og_url":"https:\/\/wordpress.ft.unicamp.br\/ecoedu\/equipe-2019\/","og_site_name":"Ecoedu Ambiental","article_modified_time":"2019-06-04T23:55:50+00:00","og_image":[{"url":"http:\/\/wordpress.ft.unicamp.br\/ecoedu\/wp-content\/uploads\/sites\/28\/2019\/04\/EQUIPE-2019-200X200.jpeg","type":"","width":"","height":""}],"twitter_card":"summary_large_image","twitter_misc":{"Est. tempo de leitura":"1 minuto"},"schema":{"@context":"https:\/\/schema.org","@graph":[{"@type":"WebPage","@id":"https:\/\/wordpress.ft.unicamp.br\/ecoedu\/equipe-2019\/","url":"https:\/\/wordpress.ft.unicamp.br\/ecoedu\/equipe-2019\/","name":"Equipe 2019 - Ecoedu Ambiental","isPartOf":{"@id":"https:\/\/wordpress.ft.unicamp.br\/ecoedu\/#website"},"primaryImageOfPage":{"@id":"https:\/\/wordpress.ft.unicamp.br\/ecoedu\/equipe-2019\/#primaryimage"},"image":{"@id":"https:\/\/wordpress.ft.unicamp.br\/ecoedu\/equipe-2019\/#primaryimage"},"thumbnailUrl":"http:\/\/wordpress.ft.unicamp.br\/ecoedu\/wp-content\/uploads\/sites\/28\/2019\/04\/EQUIPE-2019-200X200.jpeg","datePublished":"2019-05-02T18:24:14+00:00","dateModified":"2019-06-04T23:55:50+00:00","breadcrumb":{"@id":"https:\/\/wordpress.ft.unicamp.br\/ecoedu\/equipe-2019\/#breadcrumb"},"inLanguage":"pt-BR","potentialAction":[{"@type":"ReadAction","target":["https:\/\/wordpress.ft.unicamp.br\/ecoedu\/equipe-2019\/"]}]},{"@type":"ImageObject","inLanguage":"pt-BR","@id":"https:\/\/wordpress.ft.unicamp.br\/ecoedu\/equipe-2019\/#primaryimage","url":"https:\/\/wordpress.ft.unicamp.br\/ecoedu\/wp-content\/uploads\/sites\/28\/2019\/04\/EQUIPE-2019-200X200.jpeg","contentUrl":"https:\/\/wordpress.ft.unicamp.br\/ecoedu\/wp-content\/uploads\/sites\/28\/2019\/04\/EQUIPE-2019-200X200.jpeg","width":141,"height":200},{"@type":"BreadcrumbList","@id":"https:\/\/wordpress.ft.unicamp.br\/ecoedu\/equipe-2019\/#breadcrumb","itemListElement":[{"@type":"ListItem","position":1,"name":"Home","item":"https:\/\/wordpress.ft.unicamp.br\/ecoedu\/"},{"@type":"ListItem","position":2,"name":"Equipe 2019"}]},{"@type":"WebSite","@id":"https:\/\/wordpress.ft.unicamp.br\/ecoedu\/#website","url":"https:\/\/wordpress.ft.unicamp.br\/ecoedu\/","name":"Ecoedu Ambiental","description":"","potentialAction":[{"@type":"SearchAction","target":{"@type":"EntryPoint","urlTemplate":"https:\/\/wordpress.ft.unicamp.br\/ecoedu\/?s={search_term_string}"},"query-input":{"@type":"PropertyValueSpecification","valueRequired":true,"valueName":"search_term_string"}}],"inLanguage":"pt-BR"}]}},"_links":{"self":[{"href":"https:\/\/wordpress.ft.unicamp.br\/ecoedu\/wp-json\/wp\/v2\/pages\/229","targetHints":{"allow":["GET"]}}],"collection":[{"href":"https:\/\/wordpress.ft.unicamp.br\/ecoedu\/wp-json\/wp\/v2\/pages"}],"about":[{"href":"https:\/\/wordpress.ft.unicamp.br\/ecoedu\/wp-json\/wp\/v2\/types\/page"}],"author":[{"embeddable":true,"href":"https:\/\/wordpress.ft.unicamp.br\/ecoedu\/wp-json\/wp\/v2\/users\/17"}],"replies":[{"embeddable":true,"href":"https:\/\/wordpress.ft.unicamp.br\/ecoedu\/wp-json\/wp\/v2\/comments?post=229"}],"version-history":[{"count":6,"href":"https:\/\/wordpress.ft.unicamp.br\/ecoedu\/wp-json\/wp\/v2\/pages\/229\/revisions"}],"predecessor-version":[{"id":842,"href":"https:\/\/wordpress.ft.unicamp.br\/ecoedu\/wp-json\/wp\/v2\/pages\/229\/revisions\/842"}],"wp:attachment":[{"href":"https:\/\/wordpress.ft.unicamp.br\/ecoedu\/wp-json\/wp\/v2\/media?parent=229"}],"curies":[{"name":"wp","href":"https:\/\/api.w.org\/{rel}","templated":true}]}}