{"id":230,"date":"2019-05-02T18:24:14","date_gmt":"2019-05-02T18:24:14","guid":{"rendered":"http:\/\/wordpress.ft.unicamp.br\/ecoedu\/?page_id=230"},"modified":"2019-06-06T18:44:45","modified_gmt":"2019-06-06T18:44:45","slug":"equipe-2018","status":"publish","type":"page","link":"https:\/\/wordpress.ft.unicamp.br\/ecoedu\/equipe-2018\/","title":{"rendered":"Equipe 2018"},"content":{"rendered":"\n<div class=\"wp-block-image\"><figure class=\"aligncenter is-resized\"><img fetchpriority=\"high\" decoding=\"async\" src=\"https:\/\/wordpress.ft.unicamp.br\/ecoedu\/wp-content\/uploads\/sites\/28\/2019\/05\/eqp-2018-1.jpeg\" alt=\"\" class=\"wp-image-557\" width=\"326\" height=\"188\" srcset=\"https:\/\/wordpress.ft.unicamp.br\/ecoedu\/wp-content\/uploads\/sites\/28\/2019\/05\/eqp-2018-1.jpeg 687w, https:\/\/wordpress.ft.unicamp.br\/ecoedu\/wp-content\/uploads\/sites\/28\/2019\/05\/eqp-2018-1-300x174.jpeg 300w\" sizes=\"(max-width: 326px) 100vw, 326px\" \/><\/figure><\/div>\n\n\n\n<table class=\"wp-block-table aligncenter\"><tbody><tr><td><strong>NOME<\/strong><\/td><td><strong>CURSO\/FORMA\u00c7\u00c3O<\/strong><\/td><\/tr><tr><td>ANDREY FELIPE VEDOVELLO<\/td><td>Tecnologia de Controle Ambiental<\/td><\/tr><tr><td>AURIANE NAYARA<\/td><td>Engenharia de Telecomunica\u00e7\u00f5es<\/td><\/tr><tr><td>BEATRIZ LUA FORDELONE\n  LINHARES<\/td><td>Nutri\u00e7\u00e3o<\/td><\/tr><tr><td>BEATRIZ SAYURI KAWASHITA<\/td><td>Engenharia Ambiental<\/td><\/tr><tr><td>CAMILA BATISTA SANDRINI\n  ASSUGENI<\/td><td>Engenharia Ambiental<\/td><\/tr><tr><td>CAROLINE BARBOSA DE FREITAS\n  PEREIRA<\/td><td>Engenharia Ambiental<\/td><\/tr><tr><td>C\u00c9SAR FERNANDES LUCHESI<\/td><td>Ci\u00eancias do Esporte<\/td><\/tr><tr><td>ENRICO MOLISANI MOCHIUTTI<\/td><td>Engenharia Ambiental<\/td><\/tr><tr><td>FORTUNATO DONE<\/td><td>Tecnologia em Constru\u00e7\u00e3o de Edif\u00edcios<\/td><\/tr><tr><td>GABRIELA BISSONI<\/td><td>Nutri\u00e7\u00e3o<\/td><\/tr><tr><td>GABRIELLE MARTINS DA CUNHA\n  SALGADO<\/td><td>Nutri\u00e7\u00e3o<\/td><\/tr><tr><td>GIOVANA VIEIRA ROMITA<\/td><td>Tecnologia em Saneamento Ambiental<\/td><\/tr><tr><td>GIOVANNA PORTASIO<\/td><td>Engenharia Ambiental<\/td><\/tr><tr><td>GIULIA ASSIS FRAN\u00c7A<\/td><td>Engenharia Ambiental<\/td><\/tr><tr><td>HADASSA LETICIA DE OLIVEIRA<\/td><td>Tecnologia em Constru\u00e7\u00e3o de Edif\u00edcios<\/td><\/tr><tr><td>HELOISA PEREGRINE CERIAL<\/td><td>Engenharia de Telecomunica\u00e7\u00f5es<\/td><\/tr><tr><td>JORDI GIMBERNAU GIMENEZ<\/td><td>Engenharia Ambiental<\/td><\/tr><tr><td>J\u00daLIA BONI SOARES<\/td><td>Tecnologia em Saneamento Ambiental<\/td><\/tr><tr><td>JULIANA GON\u00c7ALVES<\/td><td>Artes<\/td><\/tr><tr><td>KATHLEEN S. MANHANI<\/td><td>Tecnologia de Controle Ambiental<\/td><\/tr><tr><td>KAYN\u00c3 MONTEIRO DOS SANTOS<\/td><td>Engenharia Ambiental<\/td><\/tr><tr><td>LUANA DA SILVA CASTRO<\/td><td>Engenharia Ambiental<\/td><\/tr><tr><td>LUCAS ANDRADE LIMA<\/td><td>Nutri\u00e7\u00e3o<\/td><\/tr><tr><td>LUIS CESAR SARTORELLI<\/td><td>Tecnologia de Controle Ambiental<\/td><\/tr><tr><td>MARIA CLARA MELLI BRASILEIRO<\/td><td>Engenharia Ambiental<\/td><\/tr><tr><td>MARIA GRACIA<\/td><td>Tecnologia de Controle Ambiental<\/td><\/tr><tr><td>NAT\u00c1LIA TEIXEIRA DE SOUZA<\/td><td>Engenharia Ambiental<\/td><\/tr><tr><td>NATH\u00c1LIA DE OLIVEIRA MAIA\n  SILVA<\/td><td>Engenharia Ambiental<\/td><\/tr><tr><td>THAIS TARDIM CASTALDELLI<\/td><td>Engenharia de Produ\u00e7\u00e3o<\/td><\/tr><tr><td>THAMRES ADRIANA DOS SANTOS<\/td><td>Engenharia Ambiental<\/td><\/tr><tr><td>VANESSA DE OLIVEIRA<\/td><td>Tecnologia em Constru\u00e7\u00e3o de Edif\u00edcios<\/td><\/tr><tr><td>YASMIN BOTHERN NG<\/td><td>Ci\u00eancias do Esporte<\/td><\/tr><\/tbody><\/table>\n","protected":false},"excerpt":{"rendered":"<p>NOME CURSO\/FORMA\u00c7\u00c3O ANDREY FELIPE VEDOVELLO Tecnologia de Controle Ambiental AURIANE NAYARA Engenharia de Telecomunica\u00e7\u00f5es BEATRIZ LUA FORDELONE LINHARES Nutri\u00e7\u00e3o BEATRIZ SAYURI KAWASHITA Engenharia Ambiental CAMILA BATISTA SANDRINI ASSUGENI Engenharia Ambiental CAROLINE BARBOSA DE FREITAS PEREIRA Engenharia Ambiental C\u00c9SAR FERNANDES LUCHESI Ci\u00eancias do Esporte ENRICO MOLISANI MOCHIUTTI Engenharia Ambiental FORTUNATO DONE Tecnologia em Constru\u00e7\u00e3o de Edif\u00edcios<a class=\"read-more\" href=\"https:\/\/wordpress.ft.unicamp.br\/ecoedu\/equipe-2018\/\"><br \/>-> Continue reading<span class=\"screen-reader-text\">  Equipe 2018<\/span><\/a><\/p>\n","protected":false},"author":17,"featured_media":0,"parent":0,"menu_order":0,"comment_status":"closed","ping_status":"closed","template":"template-fullwidth-no-title.php","meta":{"footnotes":""},"class_list":["post-230","page","type-page","status-publish","hentry"],"yoast_head":"<!-- This site is optimized with the Yoast SEO plugin v27.3 - https:\/\/yoast.com\/product\/yoast-seo-wordpress\/ -->\n<title>Equipe 2018 - Ecoedu Ambiental<\/title>\n<meta name=\"robots\" content=\"index, follow, max-snippet:-1, max-image-preview:large, max-video-preview:-1\" \/>\n<link rel=\"canonical\" href=\"https:\/\/wordpress.ft.unicamp.br\/ecoedu\/equipe-2018\/\" \/>\n<meta property=\"og:locale\" content=\"pt_BR\" \/>\n<meta property=\"og:type\" content=\"article\" \/>\n<meta property=\"og:title\" content=\"Equipe 2018 - Ecoedu Ambiental\" \/>\n<meta property=\"og:description\" content=\"NOME CURSO\/FORMA\u00c7\u00c3O ANDREY FELIPE VEDOVELLO Tecnologia de Controle Ambiental AURIANE NAYARA Engenharia de Telecomunica\u00e7\u00f5es BEATRIZ LUA FORDELONE LINHARES Nutri\u00e7\u00e3o BEATRIZ SAYURI KAWASHITA Engenharia Ambiental CAMILA BATISTA SANDRINI ASSUGENI Engenharia Ambiental CAROLINE BARBOSA DE FREITAS PEREIRA Engenharia Ambiental C\u00c9SAR FERNANDES LUCHESI Ci\u00eancias do Esporte ENRICO MOLISANI MOCHIUTTI Engenharia Ambiental FORTUNATO DONE Tecnologia em Constru\u00e7\u00e3o de Edif\u00edcios-&gt; Continue reading Equipe 2018\" \/>\n<meta property=\"og:url\" content=\"https:\/\/wordpress.ft.unicamp.br\/ecoedu\/equipe-2018\/\" \/>\n<meta property=\"og:site_name\" content=\"Ecoedu Ambiental\" \/>\n<meta property=\"article:modified_time\" content=\"2019-06-06T18:44:45+00:00\" \/>\n<meta property=\"og:image\" content=\"https:\/\/wordpress.ft.unicamp.br\/ecoedu\/wp-content\/uploads\/sites\/28\/2019\/05\/eqp-2018-1.jpeg\" \/>\n<meta name=\"twitter:card\" content=\"summary_large_image\" \/>\n<meta name=\"twitter:label1\" content=\"Est. tempo de leitura\" \/>\n\t<meta name=\"twitter:data1\" content=\"1 minuto\" \/>\n<script type=\"application\/ld+json\" class=\"yoast-schema-graph\">{\"@context\":\"https:\\\/\\\/schema.org\",\"@graph\":[{\"@type\":\"WebPage\",\"@id\":\"https:\\\/\\\/wordpress.ft.unicamp.br\\\/ecoedu\\\/equipe-2018\\\/\",\"url\":\"https:\\\/\\\/wordpress.ft.unicamp.br\\\/ecoedu\\\/equipe-2018\\\/\",\"name\":\"Equipe 2018 - Ecoedu Ambiental\",\"isPartOf\":{\"@id\":\"https:\\\/\\\/wordpress.ft.unicamp.br\\\/ecoedu\\\/#website\"},\"primaryImageOfPage\":{\"@id\":\"https:\\\/\\\/wordpress.ft.unicamp.br\\\/ecoedu\\\/equipe-2018\\\/#primaryimage\"},\"image\":{\"@id\":\"https:\\\/\\\/wordpress.ft.unicamp.br\\\/ecoedu\\\/equipe-2018\\\/#primaryimage\"},\"thumbnailUrl\":\"https:\\\/\\\/wordpress.ft.unicamp.br\\\/ecoedu\\\/wp-content\\\/uploads\\\/sites\\\/28\\\/2019\\\/05\\\/eqp-2018-1.jpeg\",\"datePublished\":\"2019-05-02T18:24:14+00:00\",\"dateModified\":\"2019-06-06T18:44:45+00:00\",\"breadcrumb\":{\"@id\":\"https:\\\/\\\/wordpress.ft.unicamp.br\\\/ecoedu\\\/equipe-2018\\\/#breadcrumb\"},\"inLanguage\":\"pt-BR\",\"potentialAction\":[{\"@type\":\"ReadAction\",\"target\":[\"https:\\\/\\\/wordpress.ft.unicamp.br\\\/ecoedu\\\/equipe-2018\\\/\"]}]},{\"@type\":\"ImageObject\",\"inLanguage\":\"pt-BR\",\"@id\":\"https:\\\/\\\/wordpress.ft.unicamp.br\\\/ecoedu\\\/equipe-2018\\\/#primaryimage\",\"url\":\"https:\\\/\\\/wordpress.ft.unicamp.br\\\/ecoedu\\\/wp-content\\\/uploads\\\/sites\\\/28\\\/2019\\\/05\\\/eqp-2018-1.jpeg\",\"contentUrl\":\"https:\\\/\\\/wordpress.ft.unicamp.br\\\/ecoedu\\\/wp-content\\\/uploads\\\/sites\\\/28\\\/2019\\\/05\\\/eqp-2018-1.jpeg\"},{\"@type\":\"BreadcrumbList\",\"@id\":\"https:\\\/\\\/wordpress.ft.unicamp.br\\\/ecoedu\\\/equipe-2018\\\/#breadcrumb\",\"itemListElement\":[{\"@type\":\"ListItem\",\"position\":1,\"name\":\"Home\",\"item\":\"https:\\\/\\\/wordpress.ft.unicamp.br\\\/ecoedu\\\/\"},{\"@type\":\"ListItem\",\"position\":2,\"name\":\"Equipe 2018\"}]},{\"@type\":\"WebSite\",\"@id\":\"https:\\\/\\\/wordpress.ft.unicamp.br\\\/ecoedu\\\/#website\",\"url\":\"https:\\\/\\\/wordpress.ft.unicamp.br\\\/ecoedu\\\/\",\"name\":\"Ecoedu Ambiental\",\"description\":\"\",\"potentialAction\":[{\"@type\":\"SearchAction\",\"target\":{\"@type\":\"EntryPoint\",\"urlTemplate\":\"https:\\\/\\\/wordpress.ft.unicamp.br\\\/ecoedu\\\/?s={search_term_string}\"},\"query-input\":{\"@type\":\"PropertyValueSpecification\",\"valueRequired\":true,\"valueName\":\"search_term_string\"}}],\"inLanguage\":\"pt-BR\"}]}<\/script>\n<!-- \/ Yoast SEO plugin. -->","yoast_head_json":{"title":"Equipe 2018 - Ecoedu Ambiental","robots":{"index":"index","follow":"follow","max-snippet":"max-snippet:-1","max-image-preview":"max-image-preview:large","max-video-preview":"max-video-preview:-1"},"canonical":"https:\/\/wordpress.ft.unicamp.br\/ecoedu\/equipe-2018\/","og_locale":"pt_BR","og_type":"article","og_title":"Equipe 2018 - Ecoedu Ambiental","og_description":"NOME CURSO\/FORMA\u00c7\u00c3O ANDREY FELIPE VEDOVELLO Tecnologia de Controle Ambiental AURIANE NAYARA Engenharia de Telecomunica\u00e7\u00f5es BEATRIZ LUA FORDELONE LINHARES Nutri\u00e7\u00e3o BEATRIZ SAYURI KAWASHITA Engenharia Ambiental CAMILA BATISTA SANDRINI ASSUGENI Engenharia Ambiental CAROLINE BARBOSA DE FREITAS PEREIRA Engenharia Ambiental C\u00c9SAR FERNANDES LUCHESI Ci\u00eancias do Esporte ENRICO MOLISANI MOCHIUTTI Engenharia Ambiental FORTUNATO DONE Tecnologia em Constru\u00e7\u00e3o de Edif\u00edcios-> Continue reading Equipe 2018","og_url":"https:\/\/wordpress.ft.unicamp.br\/ecoedu\/equipe-2018\/","og_site_name":"Ecoedu Ambiental","article_modified_time":"2019-06-06T18:44:45+00:00","og_image":[{"url":"https:\/\/wordpress.ft.unicamp.br\/ecoedu\/wp-content\/uploads\/sites\/28\/2019\/05\/eqp-2018-1.jpeg","type":"","width":"","height":""}],"twitter_card":"summary_large_image","twitter_misc":{"Est. tempo de leitura":"1 minuto"},"schema":{"@context":"https:\/\/schema.org","@graph":[{"@type":"WebPage","@id":"https:\/\/wordpress.ft.unicamp.br\/ecoedu\/equipe-2018\/","url":"https:\/\/wordpress.ft.unicamp.br\/ecoedu\/equipe-2018\/","name":"Equipe 2018 - Ecoedu Ambiental","isPartOf":{"@id":"https:\/\/wordpress.ft.unicamp.br\/ecoedu\/#website"},"primaryImageOfPage":{"@id":"https:\/\/wordpress.ft.unicamp.br\/ecoedu\/equipe-2018\/#primaryimage"},"image":{"@id":"https:\/\/wordpress.ft.unicamp.br\/ecoedu\/equipe-2018\/#primaryimage"},"thumbnailUrl":"https:\/\/wordpress.ft.unicamp.br\/ecoedu\/wp-content\/uploads\/sites\/28\/2019\/05\/eqp-2018-1.jpeg","datePublished":"2019-05-02T18:24:14+00:00","dateModified":"2019-06-06T18:44:45+00:00","breadcrumb":{"@id":"https:\/\/wordpress.ft.unicamp.br\/ecoedu\/equipe-2018\/#breadcrumb"},"inLanguage":"pt-BR","potentialAction":[{"@type":"ReadAction","target":["https:\/\/wordpress.ft.unicamp.br\/ecoedu\/equipe-2018\/"]}]},{"@type":"ImageObject","inLanguage":"pt-BR","@id":"https:\/\/wordpress.ft.unicamp.br\/ecoedu\/equipe-2018\/#primaryimage","url":"https:\/\/wordpress.ft.unicamp.br\/ecoedu\/wp-content\/uploads\/sites\/28\/2019\/05\/eqp-2018-1.jpeg","contentUrl":"https:\/\/wordpress.ft.unicamp.br\/ecoedu\/wp-content\/uploads\/sites\/28\/2019\/05\/eqp-2018-1.jpeg"},{"@type":"BreadcrumbList","@id":"https:\/\/wordpress.ft.unicamp.br\/ecoedu\/equipe-2018\/#breadcrumb","itemListElement":[{"@type":"ListItem","position":1,"name":"Home","item":"https:\/\/wordpress.ft.unicamp.br\/ecoedu\/"},{"@type":"ListItem","position":2,"name":"Equipe 2018"}]},{"@type":"WebSite","@id":"https:\/\/wordpress.ft.unicamp.br\/ecoedu\/#website","url":"https:\/\/wordpress.ft.unicamp.br\/ecoedu\/","name":"Ecoedu Ambiental","description":"","potentialAction":[{"@type":"SearchAction","target":{"@type":"EntryPoint","urlTemplate":"https:\/\/wordpress.ft.unicamp.br\/ecoedu\/?s={search_term_string}"},"query-input":{"@type":"PropertyValueSpecification","valueRequired":true,"valueName":"search_term_string"}}],"inLanguage":"pt-BR"}]}},"_links":{"self":[{"href":"https:\/\/wordpress.ft.unicamp.br\/ecoedu\/wp-json\/wp\/v2\/pages\/230","targetHints":{"allow":["GET"]}}],"collection":[{"href":"https:\/\/wordpress.ft.unicamp.br\/ecoedu\/wp-json\/wp\/v2\/pages"}],"about":[{"href":"https:\/\/wordpress.ft.unicamp.br\/ecoedu\/wp-json\/wp\/v2\/types\/page"}],"author":[{"embeddable":true,"href":"https:\/\/wordpress.ft.unicamp.br\/ecoedu\/wp-json\/wp\/v2\/users\/17"}],"replies":[{"embeddable":true,"href":"https:\/\/wordpress.ft.unicamp.br\/ecoedu\/wp-json\/wp\/v2\/comments?post=230"}],"version-history":[{"count":11,"href":"https:\/\/wordpress.ft.unicamp.br\/ecoedu\/wp-json\/wp\/v2\/pages\/230\/revisions"}],"predecessor-version":[{"id":864,"href":"https:\/\/wordpress.ft.unicamp.br\/ecoedu\/wp-json\/wp\/v2\/pages\/230\/revisions\/864"}],"wp:attachment":[{"href":"https:\/\/wordpress.ft.unicamp.br\/ecoedu\/wp-json\/wp\/v2\/media?parent=230"}],"curies":[{"name":"wp","href":"https:\/\/api.w.org\/{rel}","templated":true}]}}