{"id":231,"date":"2019-05-02T18:24:14","date_gmt":"2019-05-02T18:24:14","guid":{"rendered":"http:\/\/wordpress.ft.unicamp.br\/ecoedu\/?page_id=231"},"modified":"2019-08-30T13:59:23","modified_gmt":"2019-08-30T13:59:23","slug":"equipe-2017","status":"publish","type":"page","link":"https:\/\/wordpress.ft.unicamp.br\/ecoedu\/equipe-2017\/","title":{"rendered":"Equipe 2017"},"content":{"rendered":"\n<div class=\"wp-block-image\"><figure class=\"aligncenter is-resized\"><img fetchpriority=\"high\" decoding=\"async\" src=\"https:\/\/wordpress.ft.unicamp.br\/ecoedu\/wp-content\/uploads\/sites\/28\/2019\/05\/eqp-2017-150x150.png\" alt=\"\" class=\"wp-image-569\" width=\"293\" height=\"180\" srcset=\"https:\/\/wordpress.ft.unicamp.br\/ecoedu\/wp-content\/uploads\/sites\/28\/2019\/05\/eqp-2017-150x150.png 705w, https:\/\/wordpress.ft.unicamp.br\/ecoedu\/wp-content\/uploads\/sites\/28\/2019\/05\/eqp-2017-150x150-300x185.png 300w\" sizes=\"(max-width: 293px) 100vw, 293px\" \/><\/figure><\/div>\n\n\n\n<table class=\"wp-block-table aligncenter\"><tbody><tr><td><strong>NOME<\/strong><\/td><td><strong>CURSO\/FORMA\u00c7\u00c3O<\/strong><\/td><\/tr><tr><td>Andrey Felipe Vedovello<\/td><td>Curso Superior de Tecnologia em Saneamento Ambiental<\/td><\/tr><tr><td>Lu\u00eds C\u00e9sar Sartorelli<\/td><td>Administra\u00e7\u00e3o P\u00fablica<\/td><\/tr><tr><td>Fortunato Done<\/td><td>Curso Superior de Tecnologia em Constru\u00e7\u00e3o de Edif\u00edcios<\/td><\/tr><tr><td>Angelo Yung Te Lee<\/td><td>Curso Superior de Tecnologia em Saneamento Ambiental<\/td><\/tr><tr><td>Lucas Veloso Marinho<\/td><td>Engenharia Ambiental<\/td><\/tr><tr><td>Mariana Rizzo Mattiuzzo<\/td><td>Engenharia Ambiental<\/td><\/tr><tr><td>J\u00e9ssica Thalia Dos Santos\n  Alexandre<\/td><td>Engenharia Ambiental<\/td><\/tr><tr><td>Jeanlezy Barroso Sousa<\/td><td>Engenharia Ambiental<\/td><\/tr><tr><td>Nathalia De Oliveira Maia\n  Silva<\/td><td>Engenharia Ambiental<\/td><\/tr><tr><td>Luana Da Silva Castro<\/td><td>Engenharia Ambiental<\/td><\/tr><tr><td>Hadassa Leticia de Oliveira<\/td><td>Curso Superior de Tecnologia em Constru\u00e7\u00e3o de Edif\u00edcios<\/td><\/tr><\/tbody><\/table>\n","protected":false},"excerpt":{"rendered":"<p>NOME CURSO\/FORMA\u00c7\u00c3O Andrey Felipe Vedovello Curso Superior de Tecnologia em Saneamento Ambiental Lu\u00eds C\u00e9sar Sartorelli Administra\u00e7\u00e3o P\u00fablica Fortunato Done Curso Superior de Tecnologia em Constru\u00e7\u00e3o de Edif\u00edcios Angelo Yung Te Lee Curso Superior de Tecnologia em Saneamento Ambiental Lucas Veloso Marinho Engenharia Ambiental Mariana Rizzo Mattiuzzo Engenharia Ambiental J\u00e9ssica Thalia Dos Santos Alexandre Engenharia Ambiental<a class=\"read-more\" href=\"https:\/\/wordpress.ft.unicamp.br\/ecoedu\/equipe-2017\/\"><br \/>-> Continue reading<span class=\"screen-reader-text\">  Equipe 2017<\/span><\/a><\/p>\n","protected":false},"author":17,"featured_media":0,"parent":0,"menu_order":0,"comment_status":"closed","ping_status":"closed","template":"template-fullwidth-no-title.php","meta":{"footnotes":""},"class_list":["post-231","page","type-page","status-publish","hentry"],"yoast_head":"<!-- This site is optimized with the Yoast SEO plugin v27.3 - https:\/\/yoast.com\/product\/yoast-seo-wordpress\/ -->\n<title>Equipe 2017 - Ecoedu Ambiental<\/title>\n<meta name=\"robots\" content=\"index, follow, max-snippet:-1, max-image-preview:large, max-video-preview:-1\" \/>\n<link rel=\"canonical\" href=\"https:\/\/wordpress.ft.unicamp.br\/ecoedu\/equipe-2017\/\" \/>\n<meta property=\"og:locale\" content=\"pt_BR\" \/>\n<meta property=\"og:type\" content=\"article\" \/>\n<meta property=\"og:title\" content=\"Equipe 2017 - Ecoedu Ambiental\" \/>\n<meta property=\"og:description\" content=\"NOME CURSO\/FORMA\u00c7\u00c3O Andrey Felipe Vedovello Curso Superior de Tecnologia em Saneamento Ambiental Lu\u00eds C\u00e9sar Sartorelli Administra\u00e7\u00e3o P\u00fablica Fortunato Done Curso Superior de Tecnologia em Constru\u00e7\u00e3o de Edif\u00edcios Angelo Yung Te Lee Curso Superior de Tecnologia em Saneamento Ambiental Lucas Veloso Marinho Engenharia Ambiental Mariana Rizzo Mattiuzzo Engenharia Ambiental J\u00e9ssica Thalia Dos Santos Alexandre Engenharia Ambiental-&gt; Continue reading Equipe 2017\" \/>\n<meta property=\"og:url\" content=\"https:\/\/wordpress.ft.unicamp.br\/ecoedu\/equipe-2017\/\" \/>\n<meta property=\"og:site_name\" content=\"Ecoedu Ambiental\" \/>\n<meta property=\"article:modified_time\" content=\"2019-08-30T13:59:23+00:00\" \/>\n<meta property=\"og:image\" content=\"https:\/\/wordpress.ft.unicamp.br\/ecoedu\/wp-content\/uploads\/sites\/28\/2019\/05\/eqp-2017-150x150.png\" \/>\n<meta name=\"twitter:card\" content=\"summary_large_image\" \/>\n<script type=\"application\/ld+json\" class=\"yoast-schema-graph\">{\"@context\":\"https:\\\/\\\/schema.org\",\"@graph\":[{\"@type\":\"WebPage\",\"@id\":\"https:\\\/\\\/wordpress.ft.unicamp.br\\\/ecoedu\\\/equipe-2017\\\/\",\"url\":\"https:\\\/\\\/wordpress.ft.unicamp.br\\\/ecoedu\\\/equipe-2017\\\/\",\"name\":\"Equipe 2017 - Ecoedu Ambiental\",\"isPartOf\":{\"@id\":\"https:\\\/\\\/wordpress.ft.unicamp.br\\\/ecoedu\\\/#website\"},\"primaryImageOfPage\":{\"@id\":\"https:\\\/\\\/wordpress.ft.unicamp.br\\\/ecoedu\\\/equipe-2017\\\/#primaryimage\"},\"image\":{\"@id\":\"https:\\\/\\\/wordpress.ft.unicamp.br\\\/ecoedu\\\/equipe-2017\\\/#primaryimage\"},\"thumbnailUrl\":\"https:\\\/\\\/wordpress.ft.unicamp.br\\\/ecoedu\\\/wp-content\\\/uploads\\\/sites\\\/28\\\/2019\\\/05\\\/eqp-2017-150x150.png\",\"datePublished\":\"2019-05-02T18:24:14+00:00\",\"dateModified\":\"2019-08-30T13:59:23+00:00\",\"breadcrumb\":{\"@id\":\"https:\\\/\\\/wordpress.ft.unicamp.br\\\/ecoedu\\\/equipe-2017\\\/#breadcrumb\"},\"inLanguage\":\"pt-BR\",\"potentialAction\":[{\"@type\":\"ReadAction\",\"target\":[\"https:\\\/\\\/wordpress.ft.unicamp.br\\\/ecoedu\\\/equipe-2017\\\/\"]}]},{\"@type\":\"ImageObject\",\"inLanguage\":\"pt-BR\",\"@id\":\"https:\\\/\\\/wordpress.ft.unicamp.br\\\/ecoedu\\\/equipe-2017\\\/#primaryimage\",\"url\":\"https:\\\/\\\/wordpress.ft.unicamp.br\\\/ecoedu\\\/wp-content\\\/uploads\\\/sites\\\/28\\\/2019\\\/05\\\/eqp-2017-150x150.png\",\"contentUrl\":\"https:\\\/\\\/wordpress.ft.unicamp.br\\\/ecoedu\\\/wp-content\\\/uploads\\\/sites\\\/28\\\/2019\\\/05\\\/eqp-2017-150x150.png\"},{\"@type\":\"BreadcrumbList\",\"@id\":\"https:\\\/\\\/wordpress.ft.unicamp.br\\\/ecoedu\\\/equipe-2017\\\/#breadcrumb\",\"itemListElement\":[{\"@type\":\"ListItem\",\"position\":1,\"name\":\"Home\",\"item\":\"https:\\\/\\\/wordpress.ft.unicamp.br\\\/ecoedu\\\/\"},{\"@type\":\"ListItem\",\"position\":2,\"name\":\"Equipe 2017\"}]},{\"@type\":\"WebSite\",\"@id\":\"https:\\\/\\\/wordpress.ft.unicamp.br\\\/ecoedu\\\/#website\",\"url\":\"https:\\\/\\\/wordpress.ft.unicamp.br\\\/ecoedu\\\/\",\"name\":\"Ecoedu Ambiental\",\"description\":\"\",\"potentialAction\":[{\"@type\":\"SearchAction\",\"target\":{\"@type\":\"EntryPoint\",\"urlTemplate\":\"https:\\\/\\\/wordpress.ft.unicamp.br\\\/ecoedu\\\/?s={search_term_string}\"},\"query-input\":{\"@type\":\"PropertyValueSpecification\",\"valueRequired\":true,\"valueName\":\"search_term_string\"}}],\"inLanguage\":\"pt-BR\"}]}<\/script>\n<!-- \/ Yoast SEO plugin. -->","yoast_head_json":{"title":"Equipe 2017 - Ecoedu Ambiental","robots":{"index":"index","follow":"follow","max-snippet":"max-snippet:-1","max-image-preview":"max-image-preview:large","max-video-preview":"max-video-preview:-1"},"canonical":"https:\/\/wordpress.ft.unicamp.br\/ecoedu\/equipe-2017\/","og_locale":"pt_BR","og_type":"article","og_title":"Equipe 2017 - Ecoedu Ambiental","og_description":"NOME CURSO\/FORMA\u00c7\u00c3O Andrey Felipe Vedovello Curso Superior de Tecnologia em Saneamento Ambiental Lu\u00eds C\u00e9sar Sartorelli Administra\u00e7\u00e3o P\u00fablica Fortunato Done Curso Superior de Tecnologia em Constru\u00e7\u00e3o de Edif\u00edcios Angelo Yung Te Lee Curso Superior de Tecnologia em Saneamento Ambiental Lucas Veloso Marinho Engenharia Ambiental Mariana Rizzo Mattiuzzo Engenharia Ambiental J\u00e9ssica Thalia Dos Santos Alexandre Engenharia Ambiental-> Continue reading Equipe 2017","og_url":"https:\/\/wordpress.ft.unicamp.br\/ecoedu\/equipe-2017\/","og_site_name":"Ecoedu Ambiental","article_modified_time":"2019-08-30T13:59:23+00:00","og_image":[{"url":"https:\/\/wordpress.ft.unicamp.br\/ecoedu\/wp-content\/uploads\/sites\/28\/2019\/05\/eqp-2017-150x150.png","type":"","width":"","height":""}],"twitter_card":"summary_large_image","schema":{"@context":"https:\/\/schema.org","@graph":[{"@type":"WebPage","@id":"https:\/\/wordpress.ft.unicamp.br\/ecoedu\/equipe-2017\/","url":"https:\/\/wordpress.ft.unicamp.br\/ecoedu\/equipe-2017\/","name":"Equipe 2017 - Ecoedu Ambiental","isPartOf":{"@id":"https:\/\/wordpress.ft.unicamp.br\/ecoedu\/#website"},"primaryImageOfPage":{"@id":"https:\/\/wordpress.ft.unicamp.br\/ecoedu\/equipe-2017\/#primaryimage"},"image":{"@id":"https:\/\/wordpress.ft.unicamp.br\/ecoedu\/equipe-2017\/#primaryimage"},"thumbnailUrl":"https:\/\/wordpress.ft.unicamp.br\/ecoedu\/wp-content\/uploads\/sites\/28\/2019\/05\/eqp-2017-150x150.png","datePublished":"2019-05-02T18:24:14+00:00","dateModified":"2019-08-30T13:59:23+00:00","breadcrumb":{"@id":"https:\/\/wordpress.ft.unicamp.br\/ecoedu\/equipe-2017\/#breadcrumb"},"inLanguage":"pt-BR","potentialAction":[{"@type":"ReadAction","target":["https:\/\/wordpress.ft.unicamp.br\/ecoedu\/equipe-2017\/"]}]},{"@type":"ImageObject","inLanguage":"pt-BR","@id":"https:\/\/wordpress.ft.unicamp.br\/ecoedu\/equipe-2017\/#primaryimage","url":"https:\/\/wordpress.ft.unicamp.br\/ecoedu\/wp-content\/uploads\/sites\/28\/2019\/05\/eqp-2017-150x150.png","contentUrl":"https:\/\/wordpress.ft.unicamp.br\/ecoedu\/wp-content\/uploads\/sites\/28\/2019\/05\/eqp-2017-150x150.png"},{"@type":"BreadcrumbList","@id":"https:\/\/wordpress.ft.unicamp.br\/ecoedu\/equipe-2017\/#breadcrumb","itemListElement":[{"@type":"ListItem","position":1,"name":"Home","item":"https:\/\/wordpress.ft.unicamp.br\/ecoedu\/"},{"@type":"ListItem","position":2,"name":"Equipe 2017"}]},{"@type":"WebSite","@id":"https:\/\/wordpress.ft.unicamp.br\/ecoedu\/#website","url":"https:\/\/wordpress.ft.unicamp.br\/ecoedu\/","name":"Ecoedu Ambiental","description":"","potentialAction":[{"@type":"SearchAction","target":{"@type":"EntryPoint","urlTemplate":"https:\/\/wordpress.ft.unicamp.br\/ecoedu\/?s={search_term_string}"},"query-input":{"@type":"PropertyValueSpecification","valueRequired":true,"valueName":"search_term_string"}}],"inLanguage":"pt-BR"}]}},"_links":{"self":[{"href":"https:\/\/wordpress.ft.unicamp.br\/ecoedu\/wp-json\/wp\/v2\/pages\/231","targetHints":{"allow":["GET"]}}],"collection":[{"href":"https:\/\/wordpress.ft.unicamp.br\/ecoedu\/wp-json\/wp\/v2\/pages"}],"about":[{"href":"https:\/\/wordpress.ft.unicamp.br\/ecoedu\/wp-json\/wp\/v2\/types\/page"}],"author":[{"embeddable":true,"href":"https:\/\/wordpress.ft.unicamp.br\/ecoedu\/wp-json\/wp\/v2\/users\/17"}],"replies":[{"embeddable":true,"href":"https:\/\/wordpress.ft.unicamp.br\/ecoedu\/wp-json\/wp\/v2\/comments?post=231"}],"version-history":[{"count":4,"href":"https:\/\/wordpress.ft.unicamp.br\/ecoedu\/wp-json\/wp\/v2\/pages\/231\/revisions"}],"predecessor-version":[{"id":577,"href":"https:\/\/wordpress.ft.unicamp.br\/ecoedu\/wp-json\/wp\/v2\/pages\/231\/revisions\/577"}],"wp:attachment":[{"href":"https:\/\/wordpress.ft.unicamp.br\/ecoedu\/wp-json\/wp\/v2\/media?parent=231"}],"curies":[{"name":"wp","href":"https:\/\/api.w.org\/{rel}","templated":true}]}}