{"id":232,"date":"2019-05-02T18:24:14","date_gmt":"2019-05-02T18:24:14","guid":{"rendered":"http:\/\/wordpress.ft.unicamp.br\/ecoedu\/?page_id=232"},"modified":"2019-05-16T23:14:56","modified_gmt":"2019-05-16T23:14:56","slug":"equipe-2016","status":"publish","type":"page","link":"https:\/\/wordpress.ft.unicamp.br\/ecoedu\/equipe-2016\/","title":{"rendered":"Equipe 2016"},"content":{"rendered":"\n<div class=\"wp-block-image\"><figure class=\"aligncenter is-resized\"><img fetchpriority=\"high\" decoding=\"async\" src=\"https:\/\/wordpress.ft.unicamp.br\/ecoedu\/wp-content\/uploads\/sites\/28\/2019\/05\/WhatsApp-Image-2019-04-30-at-18.42.28-724x1024.jpeg\" alt=\"\" class=\"wp-image-582\" width=\"284\" height=\"178\" srcset=\"https:\/\/wordpress.ft.unicamp.br\/ecoedu\/wp-content\/uploads\/sites\/28\/2019\/05\/WhatsApp-Image-2019-04-30-at-18.42.28-724x1024.jpeg 701w, https:\/\/wordpress.ft.unicamp.br\/ecoedu\/wp-content\/uploads\/sites\/28\/2019\/05\/WhatsApp-Image-2019-04-30-at-18.42.28-724x1024-300x189.jpeg 300w\" sizes=\"(max-width: 284px) 100vw, 284px\" \/><\/figure><\/div>\n\n\n\n<table class=\"wp-block-table aligncenter\"><tbody><tr><td><strong>NOME<\/strong><\/td><td><strong>CURSO\/FORMA\u00c7\u00c3O<\/strong><\/td><\/tr><tr><td>Fortunato Done<\/td><td>Curso Superior de Tecnologia em Constru\u00e7\u00e3o de Edif\u00edcios<\/td><\/tr><tr><td>Caroline de Godoy Fonrrozo<\/td><td>Engenharia Ambiental<\/td><\/tr><tr><td>Jeanlezy Barroso Sousa<\/td><td>Engenharia Ambiental<\/td><\/tr><tr><td>Jeniffer da Silva Pereira<\/td><td>Nutri\u00e7\u00e3o<\/td><\/tr><tr><td>Katy Nara Micaela de Souza\n  Oliveira<\/td><td>Curso Superior de Tecnologia em Saneamento Ambiental<\/td><\/tr><tr><td>Hadassa Leticia de Oliveira<\/td><td>Curso Superior de Tecnologia em Constru\u00e7\u00e3o de Edif\u00edcios<\/td><\/tr><tr><td>Vanessa de Oliveira<\/td><td>Curso Superior de Tecnologia em Constru\u00e7\u00e3o de Edif\u00edcios<\/td><\/tr><tr><td>Lucas Veloso Marinho<\/td><td>Engenharia Ambiental<\/td><\/tr><tr><td>J\u00falia Boni Soares<\/td><td>Curso Superior de Tecnologia em Saneamento Ambiental<\/td><\/tr><tr><td>Amanda Candido Dos Santos<\/td><td>Curso Superior de Tecnologia em Constru\u00e7\u00e3o de Edif\u00edcios<\/td><\/tr><tr><td>Lu\u00eds C\u00e9sar Sartorelli<\/td><td>Administra\u00e7\u00e3o P\u00fablica<\/td><\/tr><tr><td>Caroline de Godoy Fonrrozo<\/td><td>Engenharia Ambiental<\/td><\/tr><\/tbody><\/table>\n","protected":false},"excerpt":{"rendered":"<p>NOME CURSO\/FORMA\u00c7\u00c3O Fortunato Done Curso Superior de Tecnologia em Constru\u00e7\u00e3o de Edif\u00edcios Caroline de Godoy Fonrrozo Engenharia Ambiental Jeanlezy Barroso Sousa Engenharia Ambiental Jeniffer da Silva Pereira Nutri\u00e7\u00e3o Katy Nara Micaela de Souza Oliveira Curso Superior de Tecnologia em Saneamento Ambiental Hadassa Leticia de Oliveira Curso Superior de Tecnologia em Constru\u00e7\u00e3o de Edif\u00edcios Vanessa de<a class=\"read-more\" href=\"https:\/\/wordpress.ft.unicamp.br\/ecoedu\/equipe-2016\/\"><br \/>-> Continue reading<span class=\"screen-reader-text\">  Equipe 2016<\/span><\/a><\/p>\n","protected":false},"author":17,"featured_media":0,"parent":0,"menu_order":0,"comment_status":"closed","ping_status":"closed","template":"template-fullwidth-no-title.php","meta":{"footnotes":""},"class_list":["post-232","page","type-page","status-publish","hentry"],"yoast_head":"<!-- This site is optimized with the Yoast SEO plugin v27.5 - https:\/\/yoast.com\/product\/yoast-seo-wordpress\/ -->\n<title>Equipe 2016 - Ecoedu Ambiental<\/title>\n<meta name=\"robots\" content=\"index, follow, max-snippet:-1, max-image-preview:large, max-video-preview:-1\" \/>\n<link rel=\"canonical\" href=\"https:\/\/wordpress.ft.unicamp.br\/ecoedu\/equipe-2016\/\" \/>\n<meta property=\"og:locale\" content=\"pt_BR\" \/>\n<meta property=\"og:type\" content=\"article\" \/>\n<meta property=\"og:title\" content=\"Equipe 2016 - Ecoedu Ambiental\" \/>\n<meta property=\"og:description\" content=\"NOME CURSO\/FORMA\u00c7\u00c3O Fortunato Done Curso Superior de Tecnologia em Constru\u00e7\u00e3o de Edif\u00edcios Caroline de Godoy Fonrrozo Engenharia Ambiental Jeanlezy Barroso Sousa Engenharia Ambiental Jeniffer da Silva Pereira Nutri\u00e7\u00e3o Katy Nara Micaela de Souza Oliveira Curso Superior de Tecnologia em Saneamento Ambiental Hadassa Leticia de Oliveira Curso Superior de Tecnologia em Constru\u00e7\u00e3o de Edif\u00edcios Vanessa de-&gt; Continue reading Equipe 2016\" \/>\n<meta property=\"og:url\" content=\"https:\/\/wordpress.ft.unicamp.br\/ecoedu\/equipe-2016\/\" \/>\n<meta property=\"og:site_name\" content=\"Ecoedu Ambiental\" \/>\n<meta property=\"article:modified_time\" content=\"2019-05-16T23:14:56+00:00\" \/>\n<meta property=\"og:image\" content=\"https:\/\/wordpress.ft.unicamp.br\/ecoedu\/wp-content\/uploads\/sites\/28\/2019\/05\/WhatsApp-Image-2019-04-30-at-18.42.28-724x1024.jpeg\" \/>\n<meta name=\"twitter:card\" content=\"summary_large_image\" \/>\n<script type=\"application\/ld+json\" class=\"yoast-schema-graph\">{\"@context\":\"https:\\\/\\\/schema.org\",\"@graph\":[{\"@type\":\"WebPage\",\"@id\":\"https:\\\/\\\/wordpress.ft.unicamp.br\\\/ecoedu\\\/equipe-2016\\\/\",\"url\":\"https:\\\/\\\/wordpress.ft.unicamp.br\\\/ecoedu\\\/equipe-2016\\\/\",\"name\":\"Equipe 2016 - Ecoedu Ambiental\",\"isPartOf\":{\"@id\":\"https:\\\/\\\/wordpress.ft.unicamp.br\\\/ecoedu\\\/#website\"},\"primaryImageOfPage\":{\"@id\":\"https:\\\/\\\/wordpress.ft.unicamp.br\\\/ecoedu\\\/equipe-2016\\\/#primaryimage\"},\"image\":{\"@id\":\"https:\\\/\\\/wordpress.ft.unicamp.br\\\/ecoedu\\\/equipe-2016\\\/#primaryimage\"},\"thumbnailUrl\":\"https:\\\/\\\/wordpress.ft.unicamp.br\\\/ecoedu\\\/wp-content\\\/uploads\\\/sites\\\/28\\\/2019\\\/05\\\/WhatsApp-Image-2019-04-30-at-18.42.28-724x1024.jpeg\",\"datePublished\":\"2019-05-02T18:24:14+00:00\",\"dateModified\":\"2019-05-16T23:14:56+00:00\",\"breadcrumb\":{\"@id\":\"https:\\\/\\\/wordpress.ft.unicamp.br\\\/ecoedu\\\/equipe-2016\\\/#breadcrumb\"},\"inLanguage\":\"pt-BR\",\"potentialAction\":[{\"@type\":\"ReadAction\",\"target\":[\"https:\\\/\\\/wordpress.ft.unicamp.br\\\/ecoedu\\\/equipe-2016\\\/\"]}]},{\"@type\":\"ImageObject\",\"inLanguage\":\"pt-BR\",\"@id\":\"https:\\\/\\\/wordpress.ft.unicamp.br\\\/ecoedu\\\/equipe-2016\\\/#primaryimage\",\"url\":\"https:\\\/\\\/wordpress.ft.unicamp.br\\\/ecoedu\\\/wp-content\\\/uploads\\\/sites\\\/28\\\/2019\\\/05\\\/WhatsApp-Image-2019-04-30-at-18.42.28-724x1024.jpeg\",\"contentUrl\":\"https:\\\/\\\/wordpress.ft.unicamp.br\\\/ecoedu\\\/wp-content\\\/uploads\\\/sites\\\/28\\\/2019\\\/05\\\/WhatsApp-Image-2019-04-30-at-18.42.28-724x1024.jpeg\"},{\"@type\":\"BreadcrumbList\",\"@id\":\"https:\\\/\\\/wordpress.ft.unicamp.br\\\/ecoedu\\\/equipe-2016\\\/#breadcrumb\",\"itemListElement\":[{\"@type\":\"ListItem\",\"position\":1,\"name\":\"Home\",\"item\":\"https:\\\/\\\/wordpress.ft.unicamp.br\\\/ecoedu\\\/\"},{\"@type\":\"ListItem\",\"position\":2,\"name\":\"Equipe 2016\"}]},{\"@type\":\"WebSite\",\"@id\":\"https:\\\/\\\/wordpress.ft.unicamp.br\\\/ecoedu\\\/#website\",\"url\":\"https:\\\/\\\/wordpress.ft.unicamp.br\\\/ecoedu\\\/\",\"name\":\"Ecoedu Ambiental\",\"description\":\"\",\"potentialAction\":[{\"@type\":\"SearchAction\",\"target\":{\"@type\":\"EntryPoint\",\"urlTemplate\":\"https:\\\/\\\/wordpress.ft.unicamp.br\\\/ecoedu\\\/?s={search_term_string}\"},\"query-input\":{\"@type\":\"PropertyValueSpecification\",\"valueRequired\":true,\"valueName\":\"search_term_string\"}}],\"inLanguage\":\"pt-BR\"}]}<\/script>\n<!-- \/ Yoast SEO plugin. -->","yoast_head_json":{"title":"Equipe 2016 - Ecoedu Ambiental","robots":{"index":"index","follow":"follow","max-snippet":"max-snippet:-1","max-image-preview":"max-image-preview:large","max-video-preview":"max-video-preview:-1"},"canonical":"https:\/\/wordpress.ft.unicamp.br\/ecoedu\/equipe-2016\/","og_locale":"pt_BR","og_type":"article","og_title":"Equipe 2016 - Ecoedu Ambiental","og_description":"NOME CURSO\/FORMA\u00c7\u00c3O Fortunato Done Curso Superior de Tecnologia em Constru\u00e7\u00e3o de Edif\u00edcios Caroline de Godoy Fonrrozo Engenharia Ambiental Jeanlezy Barroso Sousa Engenharia Ambiental Jeniffer da Silva Pereira Nutri\u00e7\u00e3o Katy Nara Micaela de Souza Oliveira Curso Superior de Tecnologia em Saneamento Ambiental Hadassa Leticia de Oliveira Curso Superior de Tecnologia em Constru\u00e7\u00e3o de Edif\u00edcios Vanessa de-> Continue reading Equipe 2016","og_url":"https:\/\/wordpress.ft.unicamp.br\/ecoedu\/equipe-2016\/","og_site_name":"Ecoedu Ambiental","article_modified_time":"2019-05-16T23:14:56+00:00","og_image":[{"url":"https:\/\/wordpress.ft.unicamp.br\/ecoedu\/wp-content\/uploads\/sites\/28\/2019\/05\/WhatsApp-Image-2019-04-30-at-18.42.28-724x1024.jpeg","type":"","width":"","height":""}],"twitter_card":"summary_large_image","schema":{"@context":"https:\/\/schema.org","@graph":[{"@type":"WebPage","@id":"https:\/\/wordpress.ft.unicamp.br\/ecoedu\/equipe-2016\/","url":"https:\/\/wordpress.ft.unicamp.br\/ecoedu\/equipe-2016\/","name":"Equipe 2016 - Ecoedu Ambiental","isPartOf":{"@id":"https:\/\/wordpress.ft.unicamp.br\/ecoedu\/#website"},"primaryImageOfPage":{"@id":"https:\/\/wordpress.ft.unicamp.br\/ecoedu\/equipe-2016\/#primaryimage"},"image":{"@id":"https:\/\/wordpress.ft.unicamp.br\/ecoedu\/equipe-2016\/#primaryimage"},"thumbnailUrl":"https:\/\/wordpress.ft.unicamp.br\/ecoedu\/wp-content\/uploads\/sites\/28\/2019\/05\/WhatsApp-Image-2019-04-30-at-18.42.28-724x1024.jpeg","datePublished":"2019-05-02T18:24:14+00:00","dateModified":"2019-05-16T23:14:56+00:00","breadcrumb":{"@id":"https:\/\/wordpress.ft.unicamp.br\/ecoedu\/equipe-2016\/#breadcrumb"},"inLanguage":"pt-BR","potentialAction":[{"@type":"ReadAction","target":["https:\/\/wordpress.ft.unicamp.br\/ecoedu\/equipe-2016\/"]}]},{"@type":"ImageObject","inLanguage":"pt-BR","@id":"https:\/\/wordpress.ft.unicamp.br\/ecoedu\/equipe-2016\/#primaryimage","url":"https:\/\/wordpress.ft.unicamp.br\/ecoedu\/wp-content\/uploads\/sites\/28\/2019\/05\/WhatsApp-Image-2019-04-30-at-18.42.28-724x1024.jpeg","contentUrl":"https:\/\/wordpress.ft.unicamp.br\/ecoedu\/wp-content\/uploads\/sites\/28\/2019\/05\/WhatsApp-Image-2019-04-30-at-18.42.28-724x1024.jpeg"},{"@type":"BreadcrumbList","@id":"https:\/\/wordpress.ft.unicamp.br\/ecoedu\/equipe-2016\/#breadcrumb","itemListElement":[{"@type":"ListItem","position":1,"name":"Home","item":"https:\/\/wordpress.ft.unicamp.br\/ecoedu\/"},{"@type":"ListItem","position":2,"name":"Equipe 2016"}]},{"@type":"WebSite","@id":"https:\/\/wordpress.ft.unicamp.br\/ecoedu\/#website","url":"https:\/\/wordpress.ft.unicamp.br\/ecoedu\/","name":"Ecoedu Ambiental","description":"","potentialAction":[{"@type":"SearchAction","target":{"@type":"EntryPoint","urlTemplate":"https:\/\/wordpress.ft.unicamp.br\/ecoedu\/?s={search_term_string}"},"query-input":{"@type":"PropertyValueSpecification","valueRequired":true,"valueName":"search_term_string"}}],"inLanguage":"pt-BR"}]}},"_links":{"self":[{"href":"https:\/\/wordpress.ft.unicamp.br\/ecoedu\/wp-json\/wp\/v2\/pages\/232","targetHints":{"allow":["GET"]}}],"collection":[{"href":"https:\/\/wordpress.ft.unicamp.br\/ecoedu\/wp-json\/wp\/v2\/pages"}],"about":[{"href":"https:\/\/wordpress.ft.unicamp.br\/ecoedu\/wp-json\/wp\/v2\/types\/page"}],"author":[{"embeddable":true,"href":"https:\/\/wordpress.ft.unicamp.br\/ecoedu\/wp-json\/wp\/v2\/users\/17"}],"replies":[{"embeddable":true,"href":"https:\/\/wordpress.ft.unicamp.br\/ecoedu\/wp-json\/wp\/v2\/comments?post=232"}],"version-history":[{"count":7,"href":"https:\/\/wordpress.ft.unicamp.br\/ecoedu\/wp-json\/wp\/v2\/pages\/232\/revisions"}],"predecessor-version":[{"id":610,"href":"https:\/\/wordpress.ft.unicamp.br\/ecoedu\/wp-json\/wp\/v2\/pages\/232\/revisions\/610"}],"wp:attachment":[{"href":"https:\/\/wordpress.ft.unicamp.br\/ecoedu\/wp-json\/wp\/v2\/media?parent=232"}],"curies":[{"name":"wp","href":"https:\/\/api.w.org\/{rel}","templated":true}]}}