{"id":322,"date":"2019-05-02T19:00:15","date_gmt":"2019-05-02T19:00:15","guid":{"rendered":"http:\/\/wordpress.ft.unicamp.br\/ecoedu\/?page_id=322"},"modified":"2019-06-06T18:21:42","modified_gmt":"2019-06-06T18:21:42","slug":"foruns","status":"publish","type":"page","link":"https:\/\/wordpress.ft.unicamp.br\/ecoedu\/foruns\/","title":{"rendered":"F\u00f3rum"},"content":{"rendered":"\n<table class=\"wp-block-table aligncenter\"><tbody><tr><td><strong>Evento<\/strong><\/td><td><strong>Local<\/strong><\/td><td><strong>Data<\/strong><\/td><td><strong>Universidade<\/strong><\/td><\/tr><tr><td>&#8220;F\u00f3rum   Permanente de Pol\u00edticas P\u00fablicas e Inclusivas e a S\u00edndrome de Down&#8221;,   <br>1 F\u00f3rum Permanente de Pol\u00edticas P\u00fablicas e Inclusivas e a S\u00edndrome de   Down\u00a0<\/td><td>Faculdade de\n  Tecnologia &#8211; Limeira &#8211; BRASIL&nbsp;<\/td><td>20\/03 \/2018 \u00a0<\/td><td>UNICAMP&nbsp;<\/td><\/tr><\/tbody><\/table>\n","protected":false},"excerpt":{"rendered":"<p>Evento Local Data Universidade &#8220;F\u00f3rum Permanente de Pol\u00edticas P\u00fablicas e Inclusivas e a S\u00edndrome de Down&#8221;, 1 F\u00f3rum Permanente de Pol\u00edticas P\u00fablicas e Inclusivas e a S\u00edndrome de Down\u00a0 Faculdade de Tecnologia &#8211; Limeira &#8211; BRASIL&nbsp; 20\/03 \/2018 \u00a0 UNICAMP&nbsp;<\/p>\n","protected":false},"author":17,"featured_media":0,"parent":0,"menu_order":0,"comment_status":"closed","ping_status":"closed","template":"template-fullwidth-no-title.php","meta":{"footnotes":""},"class_list":["post-322","page","type-page","status-publish","hentry"],"yoast_head":"<!-- This site is optimized with the Yoast SEO plugin v27.5 - https:\/\/yoast.com\/product\/yoast-seo-wordpress\/ -->\n<title>F\u00f3rum - Ecoedu Ambiental<\/title>\n<meta name=\"robots\" content=\"index, follow, max-snippet:-1, max-image-preview:large, max-video-preview:-1\" \/>\n<link rel=\"canonical\" href=\"https:\/\/wordpress.ft.unicamp.br\/ecoedu\/foruns\/\" \/>\n<meta property=\"og:locale\" content=\"pt_BR\" \/>\n<meta property=\"og:type\" content=\"article\" \/>\n<meta property=\"og:title\" content=\"F\u00f3rum - Ecoedu Ambiental\" \/>\n<meta property=\"og:description\" content=\"Evento Local Data Universidade &#8220;F\u00f3rum Permanente de Pol\u00edticas P\u00fablicas e Inclusivas e a S\u00edndrome de Down&#8221;, 1 F\u00f3rum Permanente de Pol\u00edticas P\u00fablicas e Inclusivas e a S\u00edndrome de Down\u00a0 Faculdade de Tecnologia &#8211; Limeira &#8211; BRASIL&nbsp; 20\/03 \/2018 \u00a0 UNICAMP&nbsp;\" \/>\n<meta property=\"og:url\" content=\"https:\/\/wordpress.ft.unicamp.br\/ecoedu\/foruns\/\" \/>\n<meta property=\"og:site_name\" content=\"Ecoedu Ambiental\" \/>\n<meta property=\"article:modified_time\" content=\"2019-06-06T18:21:42+00:00\" \/>\n<meta name=\"twitter:card\" content=\"summary_large_image\" \/>\n<script type=\"application\/ld+json\" class=\"yoast-schema-graph\">{\"@context\":\"https:\\\/\\\/schema.org\",\"@graph\":[{\"@type\":\"WebPage\",\"@id\":\"https:\\\/\\\/wordpress.ft.unicamp.br\\\/ecoedu\\\/foruns\\\/\",\"url\":\"https:\\\/\\\/wordpress.ft.unicamp.br\\\/ecoedu\\\/foruns\\\/\",\"name\":\"F\u00f3rum - Ecoedu Ambiental\",\"isPartOf\":{\"@id\":\"https:\\\/\\\/wordpress.ft.unicamp.br\\\/ecoedu\\\/#website\"},\"datePublished\":\"2019-05-02T19:00:15+00:00\",\"dateModified\":\"2019-06-06T18:21:42+00:00\",\"breadcrumb\":{\"@id\":\"https:\\\/\\\/wordpress.ft.unicamp.br\\\/ecoedu\\\/foruns\\\/#breadcrumb\"},\"inLanguage\":\"pt-BR\",\"potentialAction\":[{\"@type\":\"ReadAction\",\"target\":[\"https:\\\/\\\/wordpress.ft.unicamp.br\\\/ecoedu\\\/foruns\\\/\"]}]},{\"@type\":\"BreadcrumbList\",\"@id\":\"https:\\\/\\\/wordpress.ft.unicamp.br\\\/ecoedu\\\/foruns\\\/#breadcrumb\",\"itemListElement\":[{\"@type\":\"ListItem\",\"position\":1,\"name\":\"Home\",\"item\":\"https:\\\/\\\/wordpress.ft.unicamp.br\\\/ecoedu\\\/\"},{\"@type\":\"ListItem\",\"position\":2,\"name\":\"F\u00f3rum\"}]},{\"@type\":\"WebSite\",\"@id\":\"https:\\\/\\\/wordpress.ft.unicamp.br\\\/ecoedu\\\/#website\",\"url\":\"https:\\\/\\\/wordpress.ft.unicamp.br\\\/ecoedu\\\/\",\"name\":\"Ecoedu Ambiental\",\"description\":\"\",\"potentialAction\":[{\"@type\":\"SearchAction\",\"target\":{\"@type\":\"EntryPoint\",\"urlTemplate\":\"https:\\\/\\\/wordpress.ft.unicamp.br\\\/ecoedu\\\/?s={search_term_string}\"},\"query-input\":{\"@type\":\"PropertyValueSpecification\",\"valueRequired\":true,\"valueName\":\"search_term_string\"}}],\"inLanguage\":\"pt-BR\"}]}<\/script>\n<!-- \/ Yoast SEO plugin. -->","yoast_head_json":{"title":"F\u00f3rum - Ecoedu Ambiental","robots":{"index":"index","follow":"follow","max-snippet":"max-snippet:-1","max-image-preview":"max-image-preview:large","max-video-preview":"max-video-preview:-1"},"canonical":"https:\/\/wordpress.ft.unicamp.br\/ecoedu\/foruns\/","og_locale":"pt_BR","og_type":"article","og_title":"F\u00f3rum - Ecoedu Ambiental","og_description":"Evento Local Data Universidade &#8220;F\u00f3rum Permanente de Pol\u00edticas P\u00fablicas e Inclusivas e a S\u00edndrome de Down&#8221;, 1 F\u00f3rum Permanente de Pol\u00edticas P\u00fablicas e Inclusivas e a S\u00edndrome de Down\u00a0 Faculdade de Tecnologia &#8211; Limeira &#8211; BRASIL&nbsp; 20\/03 \/2018 \u00a0 UNICAMP&nbsp;","og_url":"https:\/\/wordpress.ft.unicamp.br\/ecoedu\/foruns\/","og_site_name":"Ecoedu Ambiental","article_modified_time":"2019-06-06T18:21:42+00:00","twitter_card":"summary_large_image","schema":{"@context":"https:\/\/schema.org","@graph":[{"@type":"WebPage","@id":"https:\/\/wordpress.ft.unicamp.br\/ecoedu\/foruns\/","url":"https:\/\/wordpress.ft.unicamp.br\/ecoedu\/foruns\/","name":"F\u00f3rum - Ecoedu Ambiental","isPartOf":{"@id":"https:\/\/wordpress.ft.unicamp.br\/ecoedu\/#website"},"datePublished":"2019-05-02T19:00:15+00:00","dateModified":"2019-06-06T18:21:42+00:00","breadcrumb":{"@id":"https:\/\/wordpress.ft.unicamp.br\/ecoedu\/foruns\/#breadcrumb"},"inLanguage":"pt-BR","potentialAction":[{"@type":"ReadAction","target":["https:\/\/wordpress.ft.unicamp.br\/ecoedu\/foruns\/"]}]},{"@type":"BreadcrumbList","@id":"https:\/\/wordpress.ft.unicamp.br\/ecoedu\/foruns\/#breadcrumb","itemListElement":[{"@type":"ListItem","position":1,"name":"Home","item":"https:\/\/wordpress.ft.unicamp.br\/ecoedu\/"},{"@type":"ListItem","position":2,"name":"F\u00f3rum"}]},{"@type":"WebSite","@id":"https:\/\/wordpress.ft.unicamp.br\/ecoedu\/#website","url":"https:\/\/wordpress.ft.unicamp.br\/ecoedu\/","name":"Ecoedu Ambiental","description":"","potentialAction":[{"@type":"SearchAction","target":{"@type":"EntryPoint","urlTemplate":"https:\/\/wordpress.ft.unicamp.br\/ecoedu\/?s={search_term_string}"},"query-input":{"@type":"PropertyValueSpecification","valueRequired":true,"valueName":"search_term_string"}}],"inLanguage":"pt-BR"}]}},"_links":{"self":[{"href":"https:\/\/wordpress.ft.unicamp.br\/ecoedu\/wp-json\/wp\/v2\/pages\/322","targetHints":{"allow":["GET"]}}],"collection":[{"href":"https:\/\/wordpress.ft.unicamp.br\/ecoedu\/wp-json\/wp\/v2\/pages"}],"about":[{"href":"https:\/\/wordpress.ft.unicamp.br\/ecoedu\/wp-json\/wp\/v2\/types\/page"}],"author":[{"embeddable":true,"href":"https:\/\/wordpress.ft.unicamp.br\/ecoedu\/wp-json\/wp\/v2\/users\/17"}],"replies":[{"embeddable":true,"href":"https:\/\/wordpress.ft.unicamp.br\/ecoedu\/wp-json\/wp\/v2\/comments?post=322"}],"version-history":[{"count":6,"href":"https:\/\/wordpress.ft.unicamp.br\/ecoedu\/wp-json\/wp\/v2\/pages\/322\/revisions"}],"predecessor-version":[{"id":853,"href":"https:\/\/wordpress.ft.unicamp.br\/ecoedu\/wp-json\/wp\/v2\/pages\/322\/revisions\/853"}],"wp:attachment":[{"href":"https:\/\/wordpress.ft.unicamp.br\/ecoedu\/wp-json\/wp\/v2\/media?parent=322"}],"curies":[{"name":"wp","href":"https:\/\/api.w.org\/{rel}","templated":true}]}}