{"id":325,"date":"2019-05-02T19:00:15","date_gmt":"2019-05-02T19:00:15","guid":{"rendered":"http:\/\/wordpress.ft.unicamp.br\/ecoedu\/?page_id=325"},"modified":"2019-06-06T18:18:30","modified_gmt":"2019-06-06T18:18:30","slug":"ics","status":"publish","type":"page","link":"https:\/\/wordpress.ft.unicamp.br\/ecoedu\/ics\/","title":{"rendered":"ICs"},"content":{"rendered":"\n<p style=\"text-align:center\" class=\"has-large-font-size\"><strong>Inicia\u00e7\u00e3o Cient\u00edfica <\/strong><\/p>\n\n\n\n<div class=\"wp-block-image\"><figure class=\"aligncenter\"><a href=\"https:\/\/wordpress.ft.unicamp.br\/ecoedu\/wp-content\/uploads\/sites\/28\/2019\/06\/IC.png\"><img fetchpriority=\"high\" decoding=\"async\" width=\"522\" height=\"1024\" src=\"http:\/\/wordpress.ft.unicamp.br\/ecoedu\/wp-content\/uploads\/sites\/28\/2019\/06\/IC-768x1502-1-522x1024.png\" alt=\"\" class=\"wp-image-847\" srcset=\"https:\/\/wordpress.ft.unicamp.br\/ecoedu\/wp-content\/uploads\/sites\/28\/2019\/06\/IC-768x1502-1-522x1024.png 522w, https:\/\/wordpress.ft.unicamp.br\/ecoedu\/wp-content\/uploads\/sites\/28\/2019\/06\/IC-768x1502-1-153x300.png 153w, https:\/\/wordpress.ft.unicamp.br\/ecoedu\/wp-content\/uploads\/sites\/28\/2019\/06\/IC-768x1502-1.png 764w\" sizes=\"(max-width: 522px) 100vw, 522px\" \/><\/a><\/figure><\/div>\n","protected":false},"excerpt":{"rendered":"<p>Inicia\u00e7\u00e3o Cient\u00edfica<\/p>\n","protected":false},"author":17,"featured_media":0,"parent":0,"menu_order":0,"comment_status":"closed","ping_status":"closed","template":"template-fullwidth-no-title.php","meta":{"footnotes":""},"class_list":["post-325","page","type-page","status-publish","hentry"],"yoast_head":"<!-- This site is optimized with the Yoast SEO plugin v27.3 - https:\/\/yoast.com\/product\/yoast-seo-wordpress\/ -->\n<title>ICs - Ecoedu Ambiental<\/title>\n<meta name=\"robots\" content=\"index, follow, max-snippet:-1, max-image-preview:large, max-video-preview:-1\" \/>\n<link rel=\"canonical\" href=\"https:\/\/wordpress.ft.unicamp.br\/ecoedu\/ics\/\" \/>\n<meta property=\"og:locale\" content=\"pt_BR\" \/>\n<meta property=\"og:type\" content=\"article\" \/>\n<meta property=\"og:title\" content=\"ICs - Ecoedu Ambiental\" \/>\n<meta property=\"og:description\" content=\"Inicia\u00e7\u00e3o Cient\u00edfica\" \/>\n<meta property=\"og:url\" content=\"https:\/\/wordpress.ft.unicamp.br\/ecoedu\/ics\/\" \/>\n<meta property=\"og:site_name\" content=\"Ecoedu Ambiental\" \/>\n<meta property=\"article:modified_time\" content=\"2019-06-06T18:18:30+00:00\" \/>\n<meta property=\"og:image\" content=\"http:\/\/wordpress.ft.unicamp.br\/ecoedu\/wp-content\/uploads\/sites\/28\/2019\/06\/IC-768x1502-1-522x1024.png\" \/>\n<meta name=\"twitter:card\" content=\"summary_large_image\" \/>\n<script type=\"application\/ld+json\" class=\"yoast-schema-graph\">{\"@context\":\"https:\\\/\\\/schema.org\",\"@graph\":[{\"@type\":\"WebPage\",\"@id\":\"https:\\\/\\\/wordpress.ft.unicamp.br\\\/ecoedu\\\/ics\\\/\",\"url\":\"https:\\\/\\\/wordpress.ft.unicamp.br\\\/ecoedu\\\/ics\\\/\",\"name\":\"ICs - Ecoedu Ambiental\",\"isPartOf\":{\"@id\":\"https:\\\/\\\/wordpress.ft.unicamp.br\\\/ecoedu\\\/#website\"},\"primaryImageOfPage\":{\"@id\":\"https:\\\/\\\/wordpress.ft.unicamp.br\\\/ecoedu\\\/ics\\\/#primaryimage\"},\"image\":{\"@id\":\"https:\\\/\\\/wordpress.ft.unicamp.br\\\/ecoedu\\\/ics\\\/#primaryimage\"},\"thumbnailUrl\":\"http:\\\/\\\/wordpress.ft.unicamp.br\\\/ecoedu\\\/wp-content\\\/uploads\\\/sites\\\/28\\\/2019\\\/06\\\/IC-768x1502-1-522x1024.png\",\"datePublished\":\"2019-05-02T19:00:15+00:00\",\"dateModified\":\"2019-06-06T18:18:30+00:00\",\"breadcrumb\":{\"@id\":\"https:\\\/\\\/wordpress.ft.unicamp.br\\\/ecoedu\\\/ics\\\/#breadcrumb\"},\"inLanguage\":\"pt-BR\",\"potentialAction\":[{\"@type\":\"ReadAction\",\"target\":[\"https:\\\/\\\/wordpress.ft.unicamp.br\\\/ecoedu\\\/ics\\\/\"]}]},{\"@type\":\"ImageObject\",\"inLanguage\":\"pt-BR\",\"@id\":\"https:\\\/\\\/wordpress.ft.unicamp.br\\\/ecoedu\\\/ics\\\/#primaryimage\",\"url\":\"https:\\\/\\\/wordpress.ft.unicamp.br\\\/ecoedu\\\/wp-content\\\/uploads\\\/sites\\\/28\\\/2019\\\/06\\\/IC-768x1502-1.png\",\"contentUrl\":\"https:\\\/\\\/wordpress.ft.unicamp.br\\\/ecoedu\\\/wp-content\\\/uploads\\\/sites\\\/28\\\/2019\\\/06\\\/IC-768x1502-1.png\",\"width\":764,\"height\":1500},{\"@type\":\"BreadcrumbList\",\"@id\":\"https:\\\/\\\/wordpress.ft.unicamp.br\\\/ecoedu\\\/ics\\\/#breadcrumb\",\"itemListElement\":[{\"@type\":\"ListItem\",\"position\":1,\"name\":\"Home\",\"item\":\"https:\\\/\\\/wordpress.ft.unicamp.br\\\/ecoedu\\\/\"},{\"@type\":\"ListItem\",\"position\":2,\"name\":\"ICs\"}]},{\"@type\":\"WebSite\",\"@id\":\"https:\\\/\\\/wordpress.ft.unicamp.br\\\/ecoedu\\\/#website\",\"url\":\"https:\\\/\\\/wordpress.ft.unicamp.br\\\/ecoedu\\\/\",\"name\":\"Ecoedu Ambiental\",\"description\":\"\",\"potentialAction\":[{\"@type\":\"SearchAction\",\"target\":{\"@type\":\"EntryPoint\",\"urlTemplate\":\"https:\\\/\\\/wordpress.ft.unicamp.br\\\/ecoedu\\\/?s={search_term_string}\"},\"query-input\":{\"@type\":\"PropertyValueSpecification\",\"valueRequired\":true,\"valueName\":\"search_term_string\"}}],\"inLanguage\":\"pt-BR\"}]}<\/script>\n<!-- \/ Yoast SEO plugin. -->","yoast_head_json":{"title":"ICs - Ecoedu Ambiental","robots":{"index":"index","follow":"follow","max-snippet":"max-snippet:-1","max-image-preview":"max-image-preview:large","max-video-preview":"max-video-preview:-1"},"canonical":"https:\/\/wordpress.ft.unicamp.br\/ecoedu\/ics\/","og_locale":"pt_BR","og_type":"article","og_title":"ICs - Ecoedu Ambiental","og_description":"Inicia\u00e7\u00e3o Cient\u00edfica","og_url":"https:\/\/wordpress.ft.unicamp.br\/ecoedu\/ics\/","og_site_name":"Ecoedu Ambiental","article_modified_time":"2019-06-06T18:18:30+00:00","og_image":[{"url":"http:\/\/wordpress.ft.unicamp.br\/ecoedu\/wp-content\/uploads\/sites\/28\/2019\/06\/IC-768x1502-1-522x1024.png","type":"","width":"","height":""}],"twitter_card":"summary_large_image","schema":{"@context":"https:\/\/schema.org","@graph":[{"@type":"WebPage","@id":"https:\/\/wordpress.ft.unicamp.br\/ecoedu\/ics\/","url":"https:\/\/wordpress.ft.unicamp.br\/ecoedu\/ics\/","name":"ICs - Ecoedu Ambiental","isPartOf":{"@id":"https:\/\/wordpress.ft.unicamp.br\/ecoedu\/#website"},"primaryImageOfPage":{"@id":"https:\/\/wordpress.ft.unicamp.br\/ecoedu\/ics\/#primaryimage"},"image":{"@id":"https:\/\/wordpress.ft.unicamp.br\/ecoedu\/ics\/#primaryimage"},"thumbnailUrl":"http:\/\/wordpress.ft.unicamp.br\/ecoedu\/wp-content\/uploads\/sites\/28\/2019\/06\/IC-768x1502-1-522x1024.png","datePublished":"2019-05-02T19:00:15+00:00","dateModified":"2019-06-06T18:18:30+00:00","breadcrumb":{"@id":"https:\/\/wordpress.ft.unicamp.br\/ecoedu\/ics\/#breadcrumb"},"inLanguage":"pt-BR","potentialAction":[{"@type":"ReadAction","target":["https:\/\/wordpress.ft.unicamp.br\/ecoedu\/ics\/"]}]},{"@type":"ImageObject","inLanguage":"pt-BR","@id":"https:\/\/wordpress.ft.unicamp.br\/ecoedu\/ics\/#primaryimage","url":"https:\/\/wordpress.ft.unicamp.br\/ecoedu\/wp-content\/uploads\/sites\/28\/2019\/06\/IC-768x1502-1.png","contentUrl":"https:\/\/wordpress.ft.unicamp.br\/ecoedu\/wp-content\/uploads\/sites\/28\/2019\/06\/IC-768x1502-1.png","width":764,"height":1500},{"@type":"BreadcrumbList","@id":"https:\/\/wordpress.ft.unicamp.br\/ecoedu\/ics\/#breadcrumb","itemListElement":[{"@type":"ListItem","position":1,"name":"Home","item":"https:\/\/wordpress.ft.unicamp.br\/ecoedu\/"},{"@type":"ListItem","position":2,"name":"ICs"}]},{"@type":"WebSite","@id":"https:\/\/wordpress.ft.unicamp.br\/ecoedu\/#website","url":"https:\/\/wordpress.ft.unicamp.br\/ecoedu\/","name":"Ecoedu Ambiental","description":"","potentialAction":[{"@type":"SearchAction","target":{"@type":"EntryPoint","urlTemplate":"https:\/\/wordpress.ft.unicamp.br\/ecoedu\/?s={search_term_string}"},"query-input":{"@type":"PropertyValueSpecification","valueRequired":true,"valueName":"search_term_string"}}],"inLanguage":"pt-BR"}]}},"_links":{"self":[{"href":"https:\/\/wordpress.ft.unicamp.br\/ecoedu\/wp-json\/wp\/v2\/pages\/325","targetHints":{"allow":["GET"]}}],"collection":[{"href":"https:\/\/wordpress.ft.unicamp.br\/ecoedu\/wp-json\/wp\/v2\/pages"}],"about":[{"href":"https:\/\/wordpress.ft.unicamp.br\/ecoedu\/wp-json\/wp\/v2\/types\/page"}],"author":[{"embeddable":true,"href":"https:\/\/wordpress.ft.unicamp.br\/ecoedu\/wp-json\/wp\/v2\/users\/17"}],"replies":[{"embeddable":true,"href":"https:\/\/wordpress.ft.unicamp.br\/ecoedu\/wp-json\/wp\/v2\/comments?post=325"}],"version-history":[{"count":6,"href":"https:\/\/wordpress.ft.unicamp.br\/ecoedu\/wp-json\/wp\/v2\/pages\/325\/revisions"}],"predecessor-version":[{"id":849,"href":"https:\/\/wordpress.ft.unicamp.br\/ecoedu\/wp-json\/wp\/v2\/pages\/325\/revisions\/849"}],"wp:attachment":[{"href":"https:\/\/wordpress.ft.unicamp.br\/ecoedu\/wp-json\/wp\/v2\/media?parent=325"}],"curies":[{"name":"wp","href":"https:\/\/api.w.org\/{rel}","templated":true}]}}