{"id":372,"date":"2019-05-02T19:33:21","date_gmt":"2019-05-02T19:33:21","guid":{"rendered":"http:\/\/wordpress.ft.unicamp.br\/ecoedu\/?page_id=372"},"modified":"2026-01-26T00:53:25","modified_gmt":"2026-01-26T00:53:25","slug":"ecoedu","status":"publish","type":"page","link":"https:\/\/wordpress.ft.unicamp.br\/ecoedu\/ecoedu\/","title":{"rendered":"Hist\u00f3ria"},"content":{"rendered":"\n<h1 class=\"wp-block-heading has-text-align-center\">Programa Ecoedu: Educa\u00e7\u00e3o que Transforma o Futuro!<\/h1>\n\n\n<div class=\"wp-block-image is-resized\">\n<figure class=\"aligncenter size-full\"><img fetchpriority=\"high\" decoding=\"async\" width=\"1024\" height=\"434\" src=\"https:\/\/wordpress.ft.unicamp.br\/ecoedu\/wp-content\/uploads\/sites\/28\/2026\/01\/Gemini_Generated_Image_36l5j36l5j36l5j3-1-1.png\" alt=\"\" class=\"wp-image-1220\" srcset=\"https:\/\/wordpress.ft.unicamp.br\/ecoedu\/wp-content\/uploads\/sites\/28\/2026\/01\/Gemini_Generated_Image_36l5j36l5j36l5j3-1-1.png 1024w, https:\/\/wordpress.ft.unicamp.br\/ecoedu\/wp-content\/uploads\/sites\/28\/2026\/01\/Gemini_Generated_Image_36l5j36l5j36l5j3-1-1-300x127.png 300w, https:\/\/wordpress.ft.unicamp.br\/ecoedu\/wp-content\/uploads\/sites\/28\/2026\/01\/Gemini_Generated_Image_36l5j36l5j36l5j3-1-1-768x326.png 768w\" sizes=\"(max-width: 1024px) 100vw, 1024px\" \/><\/figure>\n<\/div>\n\n\n<p class=\"has-text-align-center has-large-font-size\"><\/p>\n\n\n\n<h2 class=\"wp-block-heading has-text-align-center\">Onde estamos?<\/h2>\n\n\n\n<p class=\"has-text-align-center\">O <strong>Programa Ecoedu<\/strong> \u00e9 um centro de refer\u00eancia em <strong>Ensino, Pesquisa e Extens\u00e3o<\/strong>, localizado na <strong>Faculdade de Tecnologia da Unicamp (FT \u2013 Campus I)<\/strong>, no munic\u00edpio de Limeira, interior de S\u00e3o Paulo.<\/p>\n\n\n\n<h2 class=\"wp-block-heading has-text-align-center\">Nossa Hist\u00f3ria e Evolu\u00e7\u00e3o<\/h2>\n\n\n\n<p class=\"has-text-align-center\">Fundado em <strong>2006<\/strong>, o projeto nasceu como <em>Ecoedu Ambiental<\/em>, movido pela necessidade urgente de um trabalho de extens\u00e3o cont\u00ednuo junto aos grupos mais vulner\u00e1veis da sociedade. O que surgiu como uma alternativa inovadora de educa\u00e7\u00e3o e desenvolvimento integral para a comunidade local e o Campus da Unicamp, cresceu e amadureceu. Hoje, o <strong>Ecoedu<\/strong> deixou de ser apenas um projeto para se tornar um <strong>Programa consolidado<\/strong>, atendendo diversas demandas da cidade e regi\u00e3o atrav\u00e9s de seus m\u00faltiplos projetos ativos.<\/p>\n\n\n\n<h2 class=\"wp-block-heading has-text-align-center\">Nosso Prop\u00f3sito e Valores<\/h2>\n\n\n\n<p>Nossa miss\u00e3o vai al\u00e9m do ensino tradicional. Utilizamos a <strong>Educa\u00e7\u00e3o Ambiental<\/strong> como uma ferramenta estrat\u00e9gica para:<\/p>\n\n\n\n<ul class=\"wp-block-list\">\n<li><strong>Valorizar o ser humano<\/strong> em sua integralidade.<\/li>\n\n\n\n<li><strong>Promover o autoconhecimento e a autoestima<\/strong>, fortalecendo a identidade de cada indiv\u00edduo.<\/li>\n\n\n\n<li><strong>Desenvolver o senso cr\u00edtico<\/strong>, capacitando a comunidade para escolhas mais conscientes e respons\u00e1veis.<\/li>\n<\/ul>\n\n\n\n<blockquote class=\"wp-block-quote is-layout-flow wp-block-quote-is-layout-flow\">\n<p>&#8220;Acreditamos que o potencial de transforma\u00e7\u00e3o individual reside na capacidade de cada um descobrir-se como sujeito hist\u00f3rico e cr\u00edtico de sua pr\u00f3pria realidade.&#8221;<\/p>\n<\/blockquote>\n\n\n\n<ul class=\"wp-block-list\">\n<li><\/li>\n<\/ul>\n\n\n\n<p><\/p>\n","protected":false},"excerpt":{"rendered":"<p>Programa Ecoedu: Educa\u00e7\u00e3o que Transforma o Futuro! Onde estamos? O Programa Ecoedu \u00e9 um centro de refer\u00eancia em Ensino, Pesquisa e Extens\u00e3o, localizado na Faculdade de Tecnologia da Unicamp (FT \u2013 Campus I), no munic\u00edpio de Limeira, interior de S\u00e3o Paulo. Nossa Hist\u00f3ria e Evolu\u00e7\u00e3o Fundado em 2006, o projeto nasceu como Ecoedu Ambiental, movido<a class=\"read-more\" href=\"https:\/\/wordpress.ft.unicamp.br\/ecoedu\/ecoedu\/\"><br \/>-> Continue reading<span class=\"screen-reader-text\">  Hist\u00f3ria<\/span><\/a><\/p>\n","protected":false},"author":17,"featured_media":0,"parent":0,"menu_order":0,"comment_status":"closed","ping_status":"closed","template":"template-fullwidth-no-title.php","meta":{"footnotes":""},"class_list":["post-372","page","type-page","status-publish","hentry"],"yoast_head":"<!-- This site is optimized with the Yoast SEO plugin v27.3 - https:\/\/yoast.com\/product\/yoast-seo-wordpress\/ -->\n<title>Hist\u00f3ria - Ecoedu Ambiental<\/title>\n<meta name=\"robots\" content=\"index, follow, max-snippet:-1, max-image-preview:large, max-video-preview:-1\" \/>\n<link rel=\"canonical\" href=\"https:\/\/wordpress.ft.unicamp.br\/ecoedu\/ecoedu\/\" \/>\n<meta property=\"og:locale\" content=\"pt_BR\" \/>\n<meta property=\"og:type\" content=\"article\" \/>\n<meta property=\"og:title\" content=\"Hist\u00f3ria - Ecoedu Ambiental\" \/>\n<meta property=\"og:description\" content=\"Programa Ecoedu: Educa\u00e7\u00e3o que Transforma o Futuro! Onde estamos? O Programa Ecoedu \u00e9 um centro de refer\u00eancia em Ensino, Pesquisa e Extens\u00e3o, localizado na Faculdade de Tecnologia da Unicamp (FT \u2013 Campus I), no munic\u00edpio de Limeira, interior de S\u00e3o Paulo. Nossa Hist\u00f3ria e Evolu\u00e7\u00e3o Fundado em 2006, o projeto nasceu como Ecoedu Ambiental, movido-&gt; Continue reading Hist\u00f3ria\" \/>\n<meta property=\"og:url\" content=\"https:\/\/wordpress.ft.unicamp.br\/ecoedu\/ecoedu\/\" \/>\n<meta property=\"og:site_name\" content=\"Ecoedu Ambiental\" \/>\n<meta property=\"article:modified_time\" content=\"2026-01-26T00:53:25+00:00\" \/>\n<meta property=\"og:image\" content=\"https:\/\/wordpress.ft.unicamp.br\/ecoedu\/wp-content\/uploads\/sites\/28\/2026\/01\/Gemini_Generated_Image_36l5j36l5j36l5j3-1-1.png\" \/>\n\t<meta property=\"og:image:width\" content=\"1024\" \/>\n\t<meta property=\"og:image:height\" content=\"434\" \/>\n\t<meta property=\"og:image:type\" content=\"image\/png\" \/>\n<meta name=\"twitter:card\" content=\"summary_large_image\" \/>\n<meta name=\"twitter:label1\" content=\"Est. tempo de leitura\" \/>\n\t<meta name=\"twitter:data1\" content=\"2 minutos\" \/>\n<script type=\"application\/ld+json\" class=\"yoast-schema-graph\">{\"@context\":\"https:\\\/\\\/schema.org\",\"@graph\":[{\"@type\":\"WebPage\",\"@id\":\"https:\\\/\\\/wordpress.ft.unicamp.br\\\/ecoedu\\\/ecoedu\\\/\",\"url\":\"https:\\\/\\\/wordpress.ft.unicamp.br\\\/ecoedu\\\/ecoedu\\\/\",\"name\":\"Hist\u00f3ria - Ecoedu Ambiental\",\"isPartOf\":{\"@id\":\"https:\\\/\\\/wordpress.ft.unicamp.br\\\/ecoedu\\\/#website\"},\"primaryImageOfPage\":{\"@id\":\"https:\\\/\\\/wordpress.ft.unicamp.br\\\/ecoedu\\\/ecoedu\\\/#primaryimage\"},\"image\":{\"@id\":\"https:\\\/\\\/wordpress.ft.unicamp.br\\\/ecoedu\\\/ecoedu\\\/#primaryimage\"},\"thumbnailUrl\":\"https:\\\/\\\/wordpress.ft.unicamp.br\\\/ecoedu\\\/wp-content\\\/uploads\\\/sites\\\/28\\\/2026\\\/01\\\/Gemini_Generated_Image_36l5j36l5j36l5j3-1-1.png\",\"datePublished\":\"2019-05-02T19:33:21+00:00\",\"dateModified\":\"2026-01-26T00:53:25+00:00\",\"breadcrumb\":{\"@id\":\"https:\\\/\\\/wordpress.ft.unicamp.br\\\/ecoedu\\\/ecoedu\\\/#breadcrumb\"},\"inLanguage\":\"pt-BR\",\"potentialAction\":[{\"@type\":\"ReadAction\",\"target\":[\"https:\\\/\\\/wordpress.ft.unicamp.br\\\/ecoedu\\\/ecoedu\\\/\"]}]},{\"@type\":\"ImageObject\",\"inLanguage\":\"pt-BR\",\"@id\":\"https:\\\/\\\/wordpress.ft.unicamp.br\\\/ecoedu\\\/ecoedu\\\/#primaryimage\",\"url\":\"https:\\\/\\\/wordpress.ft.unicamp.br\\\/ecoedu\\\/wp-content\\\/uploads\\\/sites\\\/28\\\/2026\\\/01\\\/Gemini_Generated_Image_36l5j36l5j36l5j3-1-1.png\",\"contentUrl\":\"https:\\\/\\\/wordpress.ft.unicamp.br\\\/ecoedu\\\/wp-content\\\/uploads\\\/sites\\\/28\\\/2026\\\/01\\\/Gemini_Generated_Image_36l5j36l5j36l5j3-1-1.png\",\"width\":1024,\"height\":434},{\"@type\":\"BreadcrumbList\",\"@id\":\"https:\\\/\\\/wordpress.ft.unicamp.br\\\/ecoedu\\\/ecoedu\\\/#breadcrumb\",\"itemListElement\":[{\"@type\":\"ListItem\",\"position\":1,\"name\":\"Home\",\"item\":\"https:\\\/\\\/wordpress.ft.unicamp.br\\\/ecoedu\\\/\"},{\"@type\":\"ListItem\",\"position\":2,\"name\":\"Hist\u00f3ria\"}]},{\"@type\":\"WebSite\",\"@id\":\"https:\\\/\\\/wordpress.ft.unicamp.br\\\/ecoedu\\\/#website\",\"url\":\"https:\\\/\\\/wordpress.ft.unicamp.br\\\/ecoedu\\\/\",\"name\":\"Ecoedu Ambiental\",\"description\":\"\",\"potentialAction\":[{\"@type\":\"SearchAction\",\"target\":{\"@type\":\"EntryPoint\",\"urlTemplate\":\"https:\\\/\\\/wordpress.ft.unicamp.br\\\/ecoedu\\\/?s={search_term_string}\"},\"query-input\":{\"@type\":\"PropertyValueSpecification\",\"valueRequired\":true,\"valueName\":\"search_term_string\"}}],\"inLanguage\":\"pt-BR\"}]}<\/script>\n<!-- \/ Yoast SEO plugin. -->","yoast_head_json":{"title":"Hist\u00f3ria - Ecoedu Ambiental","robots":{"index":"index","follow":"follow","max-snippet":"max-snippet:-1","max-image-preview":"max-image-preview:large","max-video-preview":"max-video-preview:-1"},"canonical":"https:\/\/wordpress.ft.unicamp.br\/ecoedu\/ecoedu\/","og_locale":"pt_BR","og_type":"article","og_title":"Hist\u00f3ria - Ecoedu Ambiental","og_description":"Programa Ecoedu: Educa\u00e7\u00e3o que Transforma o Futuro! Onde estamos? O Programa Ecoedu \u00e9 um centro de refer\u00eancia em Ensino, Pesquisa e Extens\u00e3o, localizado na Faculdade de Tecnologia da Unicamp (FT \u2013 Campus I), no munic\u00edpio de Limeira, interior de S\u00e3o Paulo. Nossa Hist\u00f3ria e Evolu\u00e7\u00e3o Fundado em 2006, o projeto nasceu como Ecoedu Ambiental, movido-> Continue reading Hist\u00f3ria","og_url":"https:\/\/wordpress.ft.unicamp.br\/ecoedu\/ecoedu\/","og_site_name":"Ecoedu Ambiental","article_modified_time":"2026-01-26T00:53:25+00:00","og_image":[{"width":1024,"height":434,"url":"https:\/\/wordpress.ft.unicamp.br\/ecoedu\/wp-content\/uploads\/sites\/28\/2026\/01\/Gemini_Generated_Image_36l5j36l5j36l5j3-1-1.png","type":"image\/png"}],"twitter_card":"summary_large_image","twitter_misc":{"Est. tempo de leitura":"2 minutos"},"schema":{"@context":"https:\/\/schema.org","@graph":[{"@type":"WebPage","@id":"https:\/\/wordpress.ft.unicamp.br\/ecoedu\/ecoedu\/","url":"https:\/\/wordpress.ft.unicamp.br\/ecoedu\/ecoedu\/","name":"Hist\u00f3ria - Ecoedu Ambiental","isPartOf":{"@id":"https:\/\/wordpress.ft.unicamp.br\/ecoedu\/#website"},"primaryImageOfPage":{"@id":"https:\/\/wordpress.ft.unicamp.br\/ecoedu\/ecoedu\/#primaryimage"},"image":{"@id":"https:\/\/wordpress.ft.unicamp.br\/ecoedu\/ecoedu\/#primaryimage"},"thumbnailUrl":"https:\/\/wordpress.ft.unicamp.br\/ecoedu\/wp-content\/uploads\/sites\/28\/2026\/01\/Gemini_Generated_Image_36l5j36l5j36l5j3-1-1.png","datePublished":"2019-05-02T19:33:21+00:00","dateModified":"2026-01-26T00:53:25+00:00","breadcrumb":{"@id":"https:\/\/wordpress.ft.unicamp.br\/ecoedu\/ecoedu\/#breadcrumb"},"inLanguage":"pt-BR","potentialAction":[{"@type":"ReadAction","target":["https:\/\/wordpress.ft.unicamp.br\/ecoedu\/ecoedu\/"]}]},{"@type":"ImageObject","inLanguage":"pt-BR","@id":"https:\/\/wordpress.ft.unicamp.br\/ecoedu\/ecoedu\/#primaryimage","url":"https:\/\/wordpress.ft.unicamp.br\/ecoedu\/wp-content\/uploads\/sites\/28\/2026\/01\/Gemini_Generated_Image_36l5j36l5j36l5j3-1-1.png","contentUrl":"https:\/\/wordpress.ft.unicamp.br\/ecoedu\/wp-content\/uploads\/sites\/28\/2026\/01\/Gemini_Generated_Image_36l5j36l5j36l5j3-1-1.png","width":1024,"height":434},{"@type":"BreadcrumbList","@id":"https:\/\/wordpress.ft.unicamp.br\/ecoedu\/ecoedu\/#breadcrumb","itemListElement":[{"@type":"ListItem","position":1,"name":"Home","item":"https:\/\/wordpress.ft.unicamp.br\/ecoedu\/"},{"@type":"ListItem","position":2,"name":"Hist\u00f3ria"}]},{"@type":"WebSite","@id":"https:\/\/wordpress.ft.unicamp.br\/ecoedu\/#website","url":"https:\/\/wordpress.ft.unicamp.br\/ecoedu\/","name":"Ecoedu Ambiental","description":"","potentialAction":[{"@type":"SearchAction","target":{"@type":"EntryPoint","urlTemplate":"https:\/\/wordpress.ft.unicamp.br\/ecoedu\/?s={search_term_string}"},"query-input":{"@type":"PropertyValueSpecification","valueRequired":true,"valueName":"search_term_string"}}],"inLanguage":"pt-BR"}]}},"_links":{"self":[{"href":"https:\/\/wordpress.ft.unicamp.br\/ecoedu\/wp-json\/wp\/v2\/pages\/372","targetHints":{"allow":["GET"]}}],"collection":[{"href":"https:\/\/wordpress.ft.unicamp.br\/ecoedu\/wp-json\/wp\/v2\/pages"}],"about":[{"href":"https:\/\/wordpress.ft.unicamp.br\/ecoedu\/wp-json\/wp\/v2\/types\/page"}],"author":[{"embeddable":true,"href":"https:\/\/wordpress.ft.unicamp.br\/ecoedu\/wp-json\/wp\/v2\/users\/17"}],"replies":[{"embeddable":true,"href":"https:\/\/wordpress.ft.unicamp.br\/ecoedu\/wp-json\/wp\/v2\/comments?post=372"}],"version-history":[{"count":22,"href":"https:\/\/wordpress.ft.unicamp.br\/ecoedu\/wp-json\/wp\/v2\/pages\/372\/revisions"}],"predecessor-version":[{"id":1236,"href":"https:\/\/wordpress.ft.unicamp.br\/ecoedu\/wp-json\/wp\/v2\/pages\/372\/revisions\/1236"}],"wp:attachment":[{"href":"https:\/\/wordpress.ft.unicamp.br\/ecoedu\/wp-json\/wp\/v2\/media?parent=372"}],"curies":[{"name":"wp","href":"https:\/\/api.w.org\/{rel}","templated":true}]}}