{"id":506,"date":"2019-05-08T16:27:46","date_gmt":"2019-05-08T16:27:46","guid":{"rendered":"http:\/\/wordpress.ft.unicamp.br\/ecoedu\/?page_id=506"},"modified":"2019-06-04T23:54:17","modified_gmt":"2019-06-04T23:54:17","slug":"equipe-2013","status":"publish","type":"page","link":"https:\/\/wordpress.ft.unicamp.br\/ecoedu\/equipe-2013\/","title":{"rendered":"Equipe 2013"},"content":{"rendered":"\n<div class=\"wp-block-image\"><figure class=\"aligncenter is-resized\"><img fetchpriority=\"high\" decoding=\"async\" src=\"http:\/\/wordpress.ft.unicamp.br\/ecoedu\/wp-content\/uploads\/sites\/28\/2019\/05\/93dd3fbd-9f95-4105-9406-1a55d328dda7-2.jpg\" alt=\"\" class=\"wp-image-515\" width=\"313\" height=\"172\" \/><\/figure><\/div>\n\n\n\n<table class=\"wp-block-table aligncenter is-style-regular\"><tbody><tr><td> <strong>NOME<\/strong> <\/td><td> <strong>CURSO\/FORMA\u00c7\u00c3O<\/strong> <\/td><\/tr><tr><td>Andr\u00e9a Neves\n  dos Santos<\/td><td>Curso Superior de\n  Tecnologia em Saneamento Ambiental<\/td><\/tr><tr><td>Lucas\n  Silveira Batista<\/td><td>Curso Superior de\n  Tecnologia em Saneamento Ambiental<\/td><\/tr><tr><td>Mariane\n  Soares Souza<\/td><td>Superior Tecn.\n  An\u00e1lise e Desenv.Sistemas<\/td><\/tr><tr><td>Vanessa\n  Camargo Dias<\/td><td>Curso Superior de\n  Tecnologia em Saneamento Ambiental<\/td><\/tr><tr><td>Alana Cruz\n  Pereira<\/td><td>Superior Tec.\n  Sistemas Telecomunica\u00e7\u00f5es<\/td><\/tr><tr><td>Evellin\n  Carvalho Zaramelli<\/td><td>Curso Superior de\n  Tecnologia em Constru\u00e7\u00e3o de Edif\u00edcios<\/td><\/tr><tr><td>Taynan\n  Miranda Jensen<\/td><td>Curso Superior de\n  Tecnologia em Constru\u00e7\u00e3o de Edif\u00edcios<\/td><\/tr><tr><td>Lucas\n  Belchior de Mello Martins<\/td><td>Curso Superior de\n  Tecnologia em Constru\u00e7\u00e3o de Edif\u00edcios<\/td><\/tr><tr><td>Felipe Lima\n  Campos de Souza<\/td><td>Tecnologia<\/td><\/tr><\/tbody><\/table>\n\n\n\n<ul class=\"wp-block-list\"><li><\/li><\/ul>\n","protected":false},"excerpt":{"rendered":"<p>NOME CURSO\/FORMA\u00c7\u00c3O Andr\u00e9a Neves dos Santos Curso Superior de Tecnologia em Saneamento Ambiental Lucas Silveira Batista Curso Superior de Tecnologia em Saneamento Ambiental Mariane Soares Souza Superior Tecn. An\u00e1lise e Desenv.Sistemas Vanessa Camargo Dias Curso Superior de Tecnologia em Saneamento Ambiental Alana Cruz Pereira Superior Tec. Sistemas Telecomunica\u00e7\u00f5es Evellin Carvalho Zaramelli Curso Superior de Tecnologia<a class=\"read-more\" href=\"https:\/\/wordpress.ft.unicamp.br\/ecoedu\/equipe-2013\/\"><br \/>-> Continue reading<span class=\"screen-reader-text\">  Equipe 2013<\/span><\/a><\/p>\n","protected":false},"author":17,"featured_media":0,"parent":0,"menu_order":0,"comment_status":"closed","ping_status":"closed","template":"template-fullwidth-no-title.php","meta":{"footnotes":""},"class_list":["post-506","page","type-page","status-publish","hentry"],"yoast_head":"<!-- This site is optimized with the Yoast SEO plugin v27.3 - https:\/\/yoast.com\/product\/yoast-seo-wordpress\/ -->\n<title>Equipe 2013 - Ecoedu Ambiental<\/title>\n<meta name=\"robots\" content=\"index, follow, max-snippet:-1, max-image-preview:large, max-video-preview:-1\" \/>\n<link rel=\"canonical\" href=\"https:\/\/wordpress.ft.unicamp.br\/ecoedu\/equipe-2013\/\" \/>\n<meta property=\"og:locale\" content=\"pt_BR\" \/>\n<meta property=\"og:type\" content=\"article\" \/>\n<meta property=\"og:title\" content=\"Equipe 2013 - Ecoedu Ambiental\" \/>\n<meta property=\"og:description\" content=\"NOME CURSO\/FORMA\u00c7\u00c3O Andr\u00e9a Neves dos Santos Curso Superior de Tecnologia em Saneamento Ambiental Lucas Silveira Batista Curso Superior de Tecnologia em Saneamento Ambiental Mariane Soares Souza Superior Tecn. An\u00e1lise e Desenv.Sistemas Vanessa Camargo Dias Curso Superior de Tecnologia em Saneamento Ambiental Alana Cruz Pereira Superior Tec. Sistemas Telecomunica\u00e7\u00f5es Evellin Carvalho Zaramelli Curso Superior de Tecnologia-&gt; Continue reading Equipe 2013\" \/>\n<meta property=\"og:url\" content=\"https:\/\/wordpress.ft.unicamp.br\/ecoedu\/equipe-2013\/\" \/>\n<meta property=\"og:site_name\" content=\"Ecoedu Ambiental\" \/>\n<meta property=\"article:modified_time\" content=\"2019-06-04T23:54:17+00:00\" \/>\n<meta property=\"og:image\" content=\"http:\/\/wordpress.ft.unicamp.br\/ecoedu\/wp-content\/uploads\/sites\/28\/2019\/05\/93dd3fbd-9f95-4105-9406-1a55d328dda7-2.jpg\" \/>\n<meta name=\"twitter:card\" content=\"summary_large_image\" \/>\n<script type=\"application\/ld+json\" class=\"yoast-schema-graph\">{\"@context\":\"https:\\\/\\\/schema.org\",\"@graph\":[{\"@type\":\"WebPage\",\"@id\":\"https:\\\/\\\/wordpress.ft.unicamp.br\\\/ecoedu\\\/equipe-2013\\\/\",\"url\":\"https:\\\/\\\/wordpress.ft.unicamp.br\\\/ecoedu\\\/equipe-2013\\\/\",\"name\":\"Equipe 2013 - Ecoedu Ambiental\",\"isPartOf\":{\"@id\":\"https:\\\/\\\/wordpress.ft.unicamp.br\\\/ecoedu\\\/#website\"},\"primaryImageOfPage\":{\"@id\":\"https:\\\/\\\/wordpress.ft.unicamp.br\\\/ecoedu\\\/equipe-2013\\\/#primaryimage\"},\"image\":{\"@id\":\"https:\\\/\\\/wordpress.ft.unicamp.br\\\/ecoedu\\\/equipe-2013\\\/#primaryimage\"},\"thumbnailUrl\":\"http:\\\/\\\/wordpress.ft.unicamp.br\\\/ecoedu\\\/wp-content\\\/uploads\\\/sites\\\/28\\\/2019\\\/05\\\/93dd3fbd-9f95-4105-9406-1a55d328dda7-2.jpg\",\"datePublished\":\"2019-05-08T16:27:46+00:00\",\"dateModified\":\"2019-06-04T23:54:17+00:00\",\"breadcrumb\":{\"@id\":\"https:\\\/\\\/wordpress.ft.unicamp.br\\\/ecoedu\\\/equipe-2013\\\/#breadcrumb\"},\"inLanguage\":\"pt-BR\",\"potentialAction\":[{\"@type\":\"ReadAction\",\"target\":[\"https:\\\/\\\/wordpress.ft.unicamp.br\\\/ecoedu\\\/equipe-2013\\\/\"]}]},{\"@type\":\"ImageObject\",\"inLanguage\":\"pt-BR\",\"@id\":\"https:\\\/\\\/wordpress.ft.unicamp.br\\\/ecoedu\\\/equipe-2013\\\/#primaryimage\",\"url\":\"http:\\\/\\\/wordpress.ft.unicamp.br\\\/ecoedu\\\/wp-content\\\/uploads\\\/sites\\\/28\\\/2019\\\/05\\\/93dd3fbd-9f95-4105-9406-1a55d328dda7-2.jpg\",\"contentUrl\":\"http:\\\/\\\/wordpress.ft.unicamp.br\\\/ecoedu\\\/wp-content\\\/uploads\\\/sites\\\/28\\\/2019\\\/05\\\/93dd3fbd-9f95-4105-9406-1a55d328dda7-2.jpg\"},{\"@type\":\"BreadcrumbList\",\"@id\":\"https:\\\/\\\/wordpress.ft.unicamp.br\\\/ecoedu\\\/equipe-2013\\\/#breadcrumb\",\"itemListElement\":[{\"@type\":\"ListItem\",\"position\":1,\"name\":\"Home\",\"item\":\"https:\\\/\\\/wordpress.ft.unicamp.br\\\/ecoedu\\\/\"},{\"@type\":\"ListItem\",\"position\":2,\"name\":\"Equipe 2013\"}]},{\"@type\":\"WebSite\",\"@id\":\"https:\\\/\\\/wordpress.ft.unicamp.br\\\/ecoedu\\\/#website\",\"url\":\"https:\\\/\\\/wordpress.ft.unicamp.br\\\/ecoedu\\\/\",\"name\":\"Ecoedu Ambiental\",\"description\":\"\",\"potentialAction\":[{\"@type\":\"SearchAction\",\"target\":{\"@type\":\"EntryPoint\",\"urlTemplate\":\"https:\\\/\\\/wordpress.ft.unicamp.br\\\/ecoedu\\\/?s={search_term_string}\"},\"query-input\":{\"@type\":\"PropertyValueSpecification\",\"valueRequired\":true,\"valueName\":\"search_term_string\"}}],\"inLanguage\":\"pt-BR\"}]}<\/script>\n<!-- \/ Yoast SEO plugin. -->","yoast_head_json":{"title":"Equipe 2013 - Ecoedu Ambiental","robots":{"index":"index","follow":"follow","max-snippet":"max-snippet:-1","max-image-preview":"max-image-preview:large","max-video-preview":"max-video-preview:-1"},"canonical":"https:\/\/wordpress.ft.unicamp.br\/ecoedu\/equipe-2013\/","og_locale":"pt_BR","og_type":"article","og_title":"Equipe 2013 - Ecoedu Ambiental","og_description":"NOME CURSO\/FORMA\u00c7\u00c3O Andr\u00e9a Neves dos Santos Curso Superior de Tecnologia em Saneamento Ambiental Lucas Silveira Batista Curso Superior de Tecnologia em Saneamento Ambiental Mariane Soares Souza Superior Tecn. An\u00e1lise e Desenv.Sistemas Vanessa Camargo Dias Curso Superior de Tecnologia em Saneamento Ambiental Alana Cruz Pereira Superior Tec. Sistemas Telecomunica\u00e7\u00f5es Evellin Carvalho Zaramelli Curso Superior de Tecnologia-> Continue reading Equipe 2013","og_url":"https:\/\/wordpress.ft.unicamp.br\/ecoedu\/equipe-2013\/","og_site_name":"Ecoedu Ambiental","article_modified_time":"2019-06-04T23:54:17+00:00","og_image":[{"url":"http:\/\/wordpress.ft.unicamp.br\/ecoedu\/wp-content\/uploads\/sites\/28\/2019\/05\/93dd3fbd-9f95-4105-9406-1a55d328dda7-2.jpg","type":"","width":"","height":""}],"twitter_card":"summary_large_image","schema":{"@context":"https:\/\/schema.org","@graph":[{"@type":"WebPage","@id":"https:\/\/wordpress.ft.unicamp.br\/ecoedu\/equipe-2013\/","url":"https:\/\/wordpress.ft.unicamp.br\/ecoedu\/equipe-2013\/","name":"Equipe 2013 - Ecoedu Ambiental","isPartOf":{"@id":"https:\/\/wordpress.ft.unicamp.br\/ecoedu\/#website"},"primaryImageOfPage":{"@id":"https:\/\/wordpress.ft.unicamp.br\/ecoedu\/equipe-2013\/#primaryimage"},"image":{"@id":"https:\/\/wordpress.ft.unicamp.br\/ecoedu\/equipe-2013\/#primaryimage"},"thumbnailUrl":"http:\/\/wordpress.ft.unicamp.br\/ecoedu\/wp-content\/uploads\/sites\/28\/2019\/05\/93dd3fbd-9f95-4105-9406-1a55d328dda7-2.jpg","datePublished":"2019-05-08T16:27:46+00:00","dateModified":"2019-06-04T23:54:17+00:00","breadcrumb":{"@id":"https:\/\/wordpress.ft.unicamp.br\/ecoedu\/equipe-2013\/#breadcrumb"},"inLanguage":"pt-BR","potentialAction":[{"@type":"ReadAction","target":["https:\/\/wordpress.ft.unicamp.br\/ecoedu\/equipe-2013\/"]}]},{"@type":"ImageObject","inLanguage":"pt-BR","@id":"https:\/\/wordpress.ft.unicamp.br\/ecoedu\/equipe-2013\/#primaryimage","url":"http:\/\/wordpress.ft.unicamp.br\/ecoedu\/wp-content\/uploads\/sites\/28\/2019\/05\/93dd3fbd-9f95-4105-9406-1a55d328dda7-2.jpg","contentUrl":"http:\/\/wordpress.ft.unicamp.br\/ecoedu\/wp-content\/uploads\/sites\/28\/2019\/05\/93dd3fbd-9f95-4105-9406-1a55d328dda7-2.jpg"},{"@type":"BreadcrumbList","@id":"https:\/\/wordpress.ft.unicamp.br\/ecoedu\/equipe-2013\/#breadcrumb","itemListElement":[{"@type":"ListItem","position":1,"name":"Home","item":"https:\/\/wordpress.ft.unicamp.br\/ecoedu\/"},{"@type":"ListItem","position":2,"name":"Equipe 2013"}]},{"@type":"WebSite","@id":"https:\/\/wordpress.ft.unicamp.br\/ecoedu\/#website","url":"https:\/\/wordpress.ft.unicamp.br\/ecoedu\/","name":"Ecoedu Ambiental","description":"","potentialAction":[{"@type":"SearchAction","target":{"@type":"EntryPoint","urlTemplate":"https:\/\/wordpress.ft.unicamp.br\/ecoedu\/?s={search_term_string}"},"query-input":{"@type":"PropertyValueSpecification","valueRequired":true,"valueName":"search_term_string"}}],"inLanguage":"pt-BR"}]}},"_links":{"self":[{"href":"https:\/\/wordpress.ft.unicamp.br\/ecoedu\/wp-json\/wp\/v2\/pages\/506","targetHints":{"allow":["GET"]}}],"collection":[{"href":"https:\/\/wordpress.ft.unicamp.br\/ecoedu\/wp-json\/wp\/v2\/pages"}],"about":[{"href":"https:\/\/wordpress.ft.unicamp.br\/ecoedu\/wp-json\/wp\/v2\/types\/page"}],"author":[{"embeddable":true,"href":"https:\/\/wordpress.ft.unicamp.br\/ecoedu\/wp-json\/wp\/v2\/users\/17"}],"replies":[{"embeddable":true,"href":"https:\/\/wordpress.ft.unicamp.br\/ecoedu\/wp-json\/wp\/v2\/comments?post=506"}],"version-history":[{"count":11,"href":"https:\/\/wordpress.ft.unicamp.br\/ecoedu\/wp-json\/wp\/v2\/pages\/506\/revisions"}],"predecessor-version":[{"id":565,"href":"https:\/\/wordpress.ft.unicamp.br\/ecoedu\/wp-json\/wp\/v2\/pages\/506\/revisions\/565"}],"wp:attachment":[{"href":"https:\/\/wordpress.ft.unicamp.br\/ecoedu\/wp-json\/wp\/v2\/media?parent=506"}],"curies":[{"name":"wp","href":"https:\/\/api.w.org\/{rel}","templated":true}]}}