{"id":675,"date":"2019-06-03T18:21:04","date_gmt":"2019-06-03T18:21:04","guid":{"rendered":"http:\/\/wordpress.ft.unicamp.br\/ecoedu\/?page_id=675"},"modified":"2019-06-04T23:54:35","modified_gmt":"2019-06-04T23:54:35","slug":"equipe-2012","status":"publish","type":"page","link":"https:\/\/wordpress.ft.unicamp.br\/ecoedu\/equipe-2012\/","title":{"rendered":"Equipe 2012"},"content":{"rendered":"\n<div class=\"wp-block-image\"><figure class=\"aligncenter is-resized\"><img fetchpriority=\"high\" decoding=\"async\" src=\"https:\/\/wordpress.ft.unicamp.br\/ecoedu\/wp-content\/uploads\/sites\/28\/2019\/06\/Equipe-2012.png\" alt=\"\" class=\"wp-image-729\" width=\"411\" height=\"239\" \/><\/figure><\/div>\n\n\n\n<table class=\"wp-block-table aligncenter\"><tbody><tr><td><strong>NOME<\/strong><\/td><td><strong>CURSO\/FORMA\u00c7\u00c3O<\/strong><\/td><\/tr><tr><td>Ana Cl\u00e1udia\n  Paiva<\/td><td>Curso Superior de\n  Tecnologia em Constru\u00e7\u00e3o de Edif\u00edcios<\/td><\/tr><tr><td>Augusto C\u00e9sar\n  do Canto<\/td><td>Curso Superior de\n  Tecnologia em Constru\u00e7\u00e3o de Edif\u00edcios<\/td><\/tr><tr><td>Bruna Carla\n  Paladini<\/td><td>Curso Superior de\n  Tecnologia em Constru\u00e7\u00e3o de Edif\u00edcios<\/td><\/tr><tr><td>Nat\u00e1lia Rick<\/td><td>Curso Superior de\n  Tecnologia em Saneamento Ambiental<\/td><\/tr><\/tbody><\/table>\n","protected":false},"excerpt":{"rendered":"<p>NOME CURSO\/FORMA\u00c7\u00c3O Ana Cl\u00e1udia Paiva Curso Superior de Tecnologia em Constru\u00e7\u00e3o de Edif\u00edcios Augusto C\u00e9sar do Canto Curso Superior de Tecnologia em Constru\u00e7\u00e3o de Edif\u00edcios Bruna Carla Paladini Curso Superior de Tecnologia em Constru\u00e7\u00e3o de Edif\u00edcios Nat\u00e1lia Rick Curso Superior de Tecnologia em Saneamento Ambiental<\/p>\n","protected":false},"author":17,"featured_media":0,"parent":0,"menu_order":0,"comment_status":"closed","ping_status":"closed","template":"template-fullwidth-no-title.php","meta":{"footnotes":""},"class_list":["post-675","page","type-page","status-publish","hentry"],"yoast_head":"<!-- This site is optimized with the Yoast SEO plugin v27.3 - https:\/\/yoast.com\/product\/yoast-seo-wordpress\/ -->\n<title>Equipe 2012 - Ecoedu Ambiental<\/title>\n<meta name=\"robots\" content=\"index, follow, max-snippet:-1, max-image-preview:large, max-video-preview:-1\" \/>\n<link rel=\"canonical\" href=\"https:\/\/wordpress.ft.unicamp.br\/ecoedu\/equipe-2012\/\" \/>\n<meta property=\"og:locale\" content=\"pt_BR\" \/>\n<meta property=\"og:type\" content=\"article\" \/>\n<meta property=\"og:title\" content=\"Equipe 2012 - Ecoedu Ambiental\" \/>\n<meta property=\"og:description\" content=\"NOME CURSO\/FORMA\u00c7\u00c3O Ana Cl\u00e1udia Paiva Curso Superior de Tecnologia em Constru\u00e7\u00e3o de Edif\u00edcios Augusto C\u00e9sar do Canto Curso Superior de Tecnologia em Constru\u00e7\u00e3o de Edif\u00edcios Bruna Carla Paladini Curso Superior de Tecnologia em Constru\u00e7\u00e3o de Edif\u00edcios Nat\u00e1lia Rick Curso Superior de Tecnologia em Saneamento Ambiental\" \/>\n<meta property=\"og:url\" content=\"https:\/\/wordpress.ft.unicamp.br\/ecoedu\/equipe-2012\/\" \/>\n<meta property=\"og:site_name\" content=\"Ecoedu Ambiental\" \/>\n<meta property=\"article:modified_time\" content=\"2019-06-04T23:54:35+00:00\" \/>\n<meta property=\"og:image\" content=\"https:\/\/wordpress.ft.unicamp.br\/ecoedu\/wp-content\/uploads\/sites\/28\/2019\/06\/Equipe-2012.png\" \/>\n<meta name=\"twitter:card\" content=\"summary_large_image\" \/>\n<script type=\"application\/ld+json\" class=\"yoast-schema-graph\">{\"@context\":\"https:\\\/\\\/schema.org\",\"@graph\":[{\"@type\":\"WebPage\",\"@id\":\"https:\\\/\\\/wordpress.ft.unicamp.br\\\/ecoedu\\\/equipe-2012\\\/\",\"url\":\"https:\\\/\\\/wordpress.ft.unicamp.br\\\/ecoedu\\\/equipe-2012\\\/\",\"name\":\"Equipe 2012 - Ecoedu Ambiental\",\"isPartOf\":{\"@id\":\"https:\\\/\\\/wordpress.ft.unicamp.br\\\/ecoedu\\\/#website\"},\"primaryImageOfPage\":{\"@id\":\"https:\\\/\\\/wordpress.ft.unicamp.br\\\/ecoedu\\\/equipe-2012\\\/#primaryimage\"},\"image\":{\"@id\":\"https:\\\/\\\/wordpress.ft.unicamp.br\\\/ecoedu\\\/equipe-2012\\\/#primaryimage\"},\"thumbnailUrl\":\"https:\\\/\\\/wordpress.ft.unicamp.br\\\/ecoedu\\\/wp-content\\\/uploads\\\/sites\\\/28\\\/2019\\\/06\\\/Equipe-2012.png\",\"datePublished\":\"2019-06-03T18:21:04+00:00\",\"dateModified\":\"2019-06-04T23:54:35+00:00\",\"breadcrumb\":{\"@id\":\"https:\\\/\\\/wordpress.ft.unicamp.br\\\/ecoedu\\\/equipe-2012\\\/#breadcrumb\"},\"inLanguage\":\"pt-BR\",\"potentialAction\":[{\"@type\":\"ReadAction\",\"target\":[\"https:\\\/\\\/wordpress.ft.unicamp.br\\\/ecoedu\\\/equipe-2012\\\/\"]}]},{\"@type\":\"ImageObject\",\"inLanguage\":\"pt-BR\",\"@id\":\"https:\\\/\\\/wordpress.ft.unicamp.br\\\/ecoedu\\\/equipe-2012\\\/#primaryimage\",\"url\":\"https:\\\/\\\/wordpress.ft.unicamp.br\\\/ecoedu\\\/wp-content\\\/uploads\\\/sites\\\/28\\\/2019\\\/06\\\/Equipe-2012.png\",\"contentUrl\":\"https:\\\/\\\/wordpress.ft.unicamp.br\\\/ecoedu\\\/wp-content\\\/uploads\\\/sites\\\/28\\\/2019\\\/06\\\/Equipe-2012.png\"},{\"@type\":\"BreadcrumbList\",\"@id\":\"https:\\\/\\\/wordpress.ft.unicamp.br\\\/ecoedu\\\/equipe-2012\\\/#breadcrumb\",\"itemListElement\":[{\"@type\":\"ListItem\",\"position\":1,\"name\":\"Home\",\"item\":\"https:\\\/\\\/wordpress.ft.unicamp.br\\\/ecoedu\\\/\"},{\"@type\":\"ListItem\",\"position\":2,\"name\":\"Equipe 2012\"}]},{\"@type\":\"WebSite\",\"@id\":\"https:\\\/\\\/wordpress.ft.unicamp.br\\\/ecoedu\\\/#website\",\"url\":\"https:\\\/\\\/wordpress.ft.unicamp.br\\\/ecoedu\\\/\",\"name\":\"Ecoedu Ambiental\",\"description\":\"\",\"potentialAction\":[{\"@type\":\"SearchAction\",\"target\":{\"@type\":\"EntryPoint\",\"urlTemplate\":\"https:\\\/\\\/wordpress.ft.unicamp.br\\\/ecoedu\\\/?s={search_term_string}\"},\"query-input\":{\"@type\":\"PropertyValueSpecification\",\"valueRequired\":true,\"valueName\":\"search_term_string\"}}],\"inLanguage\":\"pt-BR\"}]}<\/script>\n<!-- \/ Yoast SEO plugin. -->","yoast_head_json":{"title":"Equipe 2012 - Ecoedu Ambiental","robots":{"index":"index","follow":"follow","max-snippet":"max-snippet:-1","max-image-preview":"max-image-preview:large","max-video-preview":"max-video-preview:-1"},"canonical":"https:\/\/wordpress.ft.unicamp.br\/ecoedu\/equipe-2012\/","og_locale":"pt_BR","og_type":"article","og_title":"Equipe 2012 - Ecoedu Ambiental","og_description":"NOME CURSO\/FORMA\u00c7\u00c3O Ana Cl\u00e1udia Paiva Curso Superior de Tecnologia em Constru\u00e7\u00e3o de Edif\u00edcios Augusto C\u00e9sar do Canto Curso Superior de Tecnologia em Constru\u00e7\u00e3o de Edif\u00edcios Bruna Carla Paladini Curso Superior de Tecnologia em Constru\u00e7\u00e3o de Edif\u00edcios Nat\u00e1lia Rick Curso Superior de Tecnologia em Saneamento Ambiental","og_url":"https:\/\/wordpress.ft.unicamp.br\/ecoedu\/equipe-2012\/","og_site_name":"Ecoedu Ambiental","article_modified_time":"2019-06-04T23:54:35+00:00","og_image":[{"url":"https:\/\/wordpress.ft.unicamp.br\/ecoedu\/wp-content\/uploads\/sites\/28\/2019\/06\/Equipe-2012.png","type":"","width":"","height":""}],"twitter_card":"summary_large_image","schema":{"@context":"https:\/\/schema.org","@graph":[{"@type":"WebPage","@id":"https:\/\/wordpress.ft.unicamp.br\/ecoedu\/equipe-2012\/","url":"https:\/\/wordpress.ft.unicamp.br\/ecoedu\/equipe-2012\/","name":"Equipe 2012 - Ecoedu Ambiental","isPartOf":{"@id":"https:\/\/wordpress.ft.unicamp.br\/ecoedu\/#website"},"primaryImageOfPage":{"@id":"https:\/\/wordpress.ft.unicamp.br\/ecoedu\/equipe-2012\/#primaryimage"},"image":{"@id":"https:\/\/wordpress.ft.unicamp.br\/ecoedu\/equipe-2012\/#primaryimage"},"thumbnailUrl":"https:\/\/wordpress.ft.unicamp.br\/ecoedu\/wp-content\/uploads\/sites\/28\/2019\/06\/Equipe-2012.png","datePublished":"2019-06-03T18:21:04+00:00","dateModified":"2019-06-04T23:54:35+00:00","breadcrumb":{"@id":"https:\/\/wordpress.ft.unicamp.br\/ecoedu\/equipe-2012\/#breadcrumb"},"inLanguage":"pt-BR","potentialAction":[{"@type":"ReadAction","target":["https:\/\/wordpress.ft.unicamp.br\/ecoedu\/equipe-2012\/"]}]},{"@type":"ImageObject","inLanguage":"pt-BR","@id":"https:\/\/wordpress.ft.unicamp.br\/ecoedu\/equipe-2012\/#primaryimage","url":"https:\/\/wordpress.ft.unicamp.br\/ecoedu\/wp-content\/uploads\/sites\/28\/2019\/06\/Equipe-2012.png","contentUrl":"https:\/\/wordpress.ft.unicamp.br\/ecoedu\/wp-content\/uploads\/sites\/28\/2019\/06\/Equipe-2012.png"},{"@type":"BreadcrumbList","@id":"https:\/\/wordpress.ft.unicamp.br\/ecoedu\/equipe-2012\/#breadcrumb","itemListElement":[{"@type":"ListItem","position":1,"name":"Home","item":"https:\/\/wordpress.ft.unicamp.br\/ecoedu\/"},{"@type":"ListItem","position":2,"name":"Equipe 2012"}]},{"@type":"WebSite","@id":"https:\/\/wordpress.ft.unicamp.br\/ecoedu\/#website","url":"https:\/\/wordpress.ft.unicamp.br\/ecoedu\/","name":"Ecoedu Ambiental","description":"","potentialAction":[{"@type":"SearchAction","target":{"@type":"EntryPoint","urlTemplate":"https:\/\/wordpress.ft.unicamp.br\/ecoedu\/?s={search_term_string}"},"query-input":{"@type":"PropertyValueSpecification","valueRequired":true,"valueName":"search_term_string"}}],"inLanguage":"pt-BR"}]}},"_links":{"self":[{"href":"https:\/\/wordpress.ft.unicamp.br\/ecoedu\/wp-json\/wp\/v2\/pages\/675","targetHints":{"allow":["GET"]}}],"collection":[{"href":"https:\/\/wordpress.ft.unicamp.br\/ecoedu\/wp-json\/wp\/v2\/pages"}],"about":[{"href":"https:\/\/wordpress.ft.unicamp.br\/ecoedu\/wp-json\/wp\/v2\/types\/page"}],"author":[{"embeddable":true,"href":"https:\/\/wordpress.ft.unicamp.br\/ecoedu\/wp-json\/wp\/v2\/users\/17"}],"replies":[{"embeddable":true,"href":"https:\/\/wordpress.ft.unicamp.br\/ecoedu\/wp-json\/wp\/v2\/comments?post=675"}],"version-history":[{"count":5,"href":"https:\/\/wordpress.ft.unicamp.br\/ecoedu\/wp-json\/wp\/v2\/pages\/675\/revisions"}],"predecessor-version":[{"id":841,"href":"https:\/\/wordpress.ft.unicamp.br\/ecoedu\/wp-json\/wp\/v2\/pages\/675\/revisions\/841"}],"wp:attachment":[{"href":"https:\/\/wordpress.ft.unicamp.br\/ecoedu\/wp-json\/wp\/v2\/media?parent=675"}],"curies":[{"name":"wp","href":"https:\/\/api.w.org\/{rel}","templated":true}]}}