{"id":687,"date":"2019-06-03T18:24:49","date_gmt":"2019-06-03T18:24:49","guid":{"rendered":"http:\/\/wordpress.ft.unicamp.br\/ecoedu\/?page_id=687"},"modified":"2019-06-06T18:44:35","modified_gmt":"2019-06-06T18:44:35","slug":"2009-2","status":"publish","type":"page","link":"https:\/\/wordpress.ft.unicamp.br\/ecoedu\/2009-2\/","title":{"rendered":"Equipe 2009"},"content":{"rendered":"\n<div class=\"wp-block-image\"><figure class=\"aligncenter is-resized\"><img fetchpriority=\"high\" decoding=\"async\" src=\"https:\/\/wordpress.ft.unicamp.br\/ecoedu\/wp-content\/uploads\/sites\/28\/2019\/06\/Equipe-2009-1.png\" alt=\"\" class=\"wp-image-719\" width=\"394\" height=\"222\" srcset=\"https:\/\/wordpress.ft.unicamp.br\/ecoedu\/wp-content\/uploads\/sites\/28\/2019\/06\/Equipe-2009-1.png 545w, https:\/\/wordpress.ft.unicamp.br\/ecoedu\/wp-content\/uploads\/sites\/28\/2019\/06\/Equipe-2009-1-300x169.png 300w\" sizes=\"(max-width: 394px) 100vw, 394px\" \/><\/figure><\/div>\n\n\n\n<table class=\"wp-block-table aligncenter\"><tbody><tr><td><strong>NOME<\/strong><\/td><td><strong>CURSO\/FORMA\u00c7\u00c3O<\/strong><\/td><\/tr><tr><td>D\u00e9bora\n  Kuhl&nbsp;<\/td><td>Curso Superior de\n  Tecnologia em Constru\u00e7\u00e3o de Edif\u00edcios<\/td><\/tr><tr><td>Jo\u00e3o Luiz da\n  Silva&nbsp;&nbsp;<\/td><td>Curso Superior de\n  Tecnologia em Constru\u00e7\u00e3o de Edif\u00edcios<\/td><\/tr><tr><td>Maico Bruneti\n  Teixeira&nbsp;<\/td><td>Curso Superior de\n  Tecnologia em Constru\u00e7\u00e3o de Edif\u00edcios<\/td><\/tr><tr><td>Marciela\n  Justino<\/td><td>Curso Superior de\n  Tecnologia em Constru\u00e7\u00e3o de Edif\u00edcios<\/td><\/tr><tr><td>Larissa\n  Calori Esteves<\/td><td>Curso Superior de\n  Tecnologia em Saneamento Ambiental<\/td><\/tr><tr><td>Marcos\n  Vin\u00edcius<\/td><td>Curso Superior de\n  Tecnologia em Constru\u00e7\u00e3o de Edif\u00edcios<\/td><\/tr><tr><td>Aline Teles\n  Cristalino&nbsp;<\/td><td>Curso Superior de\n  Tecnologia em Saneamento Ambiental<\/td><\/tr><tr><td>Joel Paulo\n  Bueno da Silva&nbsp;<\/td><td>Curso Superior de\n  Tecnologia em Saneamento Ambiental<\/td><\/tr><tr><td>Nat\u00e1lia Rick<\/td><td>Curso Superior de\n  Tecnologia em Saneamento Ambiental<\/td><\/tr><tr><td>Juliana de\n  Almeida<\/td><td>Curso Superior de\n  Tecnologia em Saneamento Ambiental<\/td><\/tr><tr><td>Fabr\u00edcio de\n  Moraes&nbsp;<\/td><td>Curso Superior de\n  Tecnologia em Constru\u00e7\u00e3o de Edif\u00edcios<\/td><\/tr><tr><td>Ellen<\/td><td> Curso Superior de   Tecnologia em Saneamento Ambiental <\/td><\/tr><\/tbody><\/table>\n","protected":false},"excerpt":{"rendered":"<p>NOME CURSO\/FORMA\u00c7\u00c3O D\u00e9bora Kuhl&nbsp; Curso Superior de Tecnologia em Constru\u00e7\u00e3o de Edif\u00edcios Jo\u00e3o Luiz da Silva&nbsp;&nbsp; Curso Superior de Tecnologia em Constru\u00e7\u00e3o de Edif\u00edcios Maico Bruneti Teixeira&nbsp; Curso Superior de Tecnologia em Constru\u00e7\u00e3o de Edif\u00edcios Marciela Justino Curso Superior de Tecnologia em Constru\u00e7\u00e3o de Edif\u00edcios Larissa Calori Esteves Curso Superior de Tecnologia em Saneamento Ambiental<a class=\"read-more\" href=\"https:\/\/wordpress.ft.unicamp.br\/ecoedu\/2009-2\/\"><br \/>-> Continue reading<span class=\"screen-reader-text\">  Equipe 2009<\/span><\/a><\/p>\n","protected":false},"author":17,"featured_media":0,"parent":0,"menu_order":0,"comment_status":"closed","ping_status":"closed","template":"template-fullwidth-no-title.php","meta":{"footnotes":""},"class_list":["post-687","page","type-page","status-publish","hentry"],"yoast_head":"<!-- This site is optimized with the Yoast SEO plugin v27.5 - https:\/\/yoast.com\/product\/yoast-seo-wordpress\/ -->\n<title>Equipe 2009 - Ecoedu Ambiental<\/title>\n<meta name=\"robots\" content=\"index, follow, max-snippet:-1, max-image-preview:large, max-video-preview:-1\" \/>\n<link rel=\"canonical\" href=\"https:\/\/wordpress.ft.unicamp.br\/ecoedu\/2009-2\/\" \/>\n<meta property=\"og:locale\" content=\"pt_BR\" \/>\n<meta property=\"og:type\" content=\"article\" \/>\n<meta property=\"og:title\" content=\"Equipe 2009 - Ecoedu Ambiental\" \/>\n<meta property=\"og:description\" content=\"NOME CURSO\/FORMA\u00c7\u00c3O D\u00e9bora Kuhl&nbsp; Curso Superior de Tecnologia em Constru\u00e7\u00e3o de Edif\u00edcios Jo\u00e3o Luiz da Silva&nbsp;&nbsp; Curso Superior de Tecnologia em Constru\u00e7\u00e3o de Edif\u00edcios Maico Bruneti Teixeira&nbsp; Curso Superior de Tecnologia em Constru\u00e7\u00e3o de Edif\u00edcios Marciela Justino Curso Superior de Tecnologia em Constru\u00e7\u00e3o de Edif\u00edcios Larissa Calori Esteves Curso Superior de Tecnologia em Saneamento Ambiental-&gt; Continue reading Equipe 2009\" \/>\n<meta property=\"og:url\" content=\"https:\/\/wordpress.ft.unicamp.br\/ecoedu\/2009-2\/\" \/>\n<meta property=\"og:site_name\" content=\"Ecoedu Ambiental\" \/>\n<meta property=\"article:modified_time\" content=\"2019-06-06T18:44:35+00:00\" \/>\n<meta property=\"og:image\" content=\"https:\/\/wordpress.ft.unicamp.br\/ecoedu\/wp-content\/uploads\/sites\/28\/2019\/06\/Equipe-2009-1.png\" \/>\n<meta name=\"twitter:card\" content=\"summary_large_image\" \/>\n<meta name=\"twitter:label1\" content=\"Est. tempo de leitura\" \/>\n\t<meta name=\"twitter:data1\" content=\"1 minuto\" \/>\n<script type=\"application\/ld+json\" class=\"yoast-schema-graph\">{\"@context\":\"https:\\\/\\\/schema.org\",\"@graph\":[{\"@type\":\"WebPage\",\"@id\":\"https:\\\/\\\/wordpress.ft.unicamp.br\\\/ecoedu\\\/2009-2\\\/\",\"url\":\"https:\\\/\\\/wordpress.ft.unicamp.br\\\/ecoedu\\\/2009-2\\\/\",\"name\":\"Equipe 2009 - Ecoedu Ambiental\",\"isPartOf\":{\"@id\":\"https:\\\/\\\/wordpress.ft.unicamp.br\\\/ecoedu\\\/#website\"},\"primaryImageOfPage\":{\"@id\":\"https:\\\/\\\/wordpress.ft.unicamp.br\\\/ecoedu\\\/2009-2\\\/#primaryimage\"},\"image\":{\"@id\":\"https:\\\/\\\/wordpress.ft.unicamp.br\\\/ecoedu\\\/2009-2\\\/#primaryimage\"},\"thumbnailUrl\":\"https:\\\/\\\/wordpress.ft.unicamp.br\\\/ecoedu\\\/wp-content\\\/uploads\\\/sites\\\/28\\\/2019\\\/06\\\/Equipe-2009-1.png\",\"datePublished\":\"2019-06-03T18:24:49+00:00\",\"dateModified\":\"2019-06-06T18:44:35+00:00\",\"breadcrumb\":{\"@id\":\"https:\\\/\\\/wordpress.ft.unicamp.br\\\/ecoedu\\\/2009-2\\\/#breadcrumb\"},\"inLanguage\":\"pt-BR\",\"potentialAction\":[{\"@type\":\"ReadAction\",\"target\":[\"https:\\\/\\\/wordpress.ft.unicamp.br\\\/ecoedu\\\/2009-2\\\/\"]}]},{\"@type\":\"ImageObject\",\"inLanguage\":\"pt-BR\",\"@id\":\"https:\\\/\\\/wordpress.ft.unicamp.br\\\/ecoedu\\\/2009-2\\\/#primaryimage\",\"url\":\"https:\\\/\\\/wordpress.ft.unicamp.br\\\/ecoedu\\\/wp-content\\\/uploads\\\/sites\\\/28\\\/2019\\\/06\\\/Equipe-2009-1.png\",\"contentUrl\":\"https:\\\/\\\/wordpress.ft.unicamp.br\\\/ecoedu\\\/wp-content\\\/uploads\\\/sites\\\/28\\\/2019\\\/06\\\/Equipe-2009-1.png\"},{\"@type\":\"BreadcrumbList\",\"@id\":\"https:\\\/\\\/wordpress.ft.unicamp.br\\\/ecoedu\\\/2009-2\\\/#breadcrumb\",\"itemListElement\":[{\"@type\":\"ListItem\",\"position\":1,\"name\":\"Home\",\"item\":\"https:\\\/\\\/wordpress.ft.unicamp.br\\\/ecoedu\\\/\"},{\"@type\":\"ListItem\",\"position\":2,\"name\":\"Equipe 2009\"}]},{\"@type\":\"WebSite\",\"@id\":\"https:\\\/\\\/wordpress.ft.unicamp.br\\\/ecoedu\\\/#website\",\"url\":\"https:\\\/\\\/wordpress.ft.unicamp.br\\\/ecoedu\\\/\",\"name\":\"Ecoedu Ambiental\",\"description\":\"\",\"potentialAction\":[{\"@type\":\"SearchAction\",\"target\":{\"@type\":\"EntryPoint\",\"urlTemplate\":\"https:\\\/\\\/wordpress.ft.unicamp.br\\\/ecoedu\\\/?s={search_term_string}\"},\"query-input\":{\"@type\":\"PropertyValueSpecification\",\"valueRequired\":true,\"valueName\":\"search_term_string\"}}],\"inLanguage\":\"pt-BR\"}]}<\/script>\n<!-- \/ Yoast SEO plugin. -->","yoast_head_json":{"title":"Equipe 2009 - Ecoedu Ambiental","robots":{"index":"index","follow":"follow","max-snippet":"max-snippet:-1","max-image-preview":"max-image-preview:large","max-video-preview":"max-video-preview:-1"},"canonical":"https:\/\/wordpress.ft.unicamp.br\/ecoedu\/2009-2\/","og_locale":"pt_BR","og_type":"article","og_title":"Equipe 2009 - Ecoedu Ambiental","og_description":"NOME CURSO\/FORMA\u00c7\u00c3O D\u00e9bora Kuhl&nbsp; Curso Superior de Tecnologia em Constru\u00e7\u00e3o de Edif\u00edcios Jo\u00e3o Luiz da Silva&nbsp;&nbsp; Curso Superior de Tecnologia em Constru\u00e7\u00e3o de Edif\u00edcios Maico Bruneti Teixeira&nbsp; Curso Superior de Tecnologia em Constru\u00e7\u00e3o de Edif\u00edcios Marciela Justino Curso Superior de Tecnologia em Constru\u00e7\u00e3o de Edif\u00edcios Larissa Calori Esteves Curso Superior de Tecnologia em Saneamento Ambiental-> Continue reading Equipe 2009","og_url":"https:\/\/wordpress.ft.unicamp.br\/ecoedu\/2009-2\/","og_site_name":"Ecoedu Ambiental","article_modified_time":"2019-06-06T18:44:35+00:00","og_image":[{"url":"https:\/\/wordpress.ft.unicamp.br\/ecoedu\/wp-content\/uploads\/sites\/28\/2019\/06\/Equipe-2009-1.png","type":"","width":"","height":""}],"twitter_card":"summary_large_image","twitter_misc":{"Est. tempo de leitura":"1 minuto"},"schema":{"@context":"https:\/\/schema.org","@graph":[{"@type":"WebPage","@id":"https:\/\/wordpress.ft.unicamp.br\/ecoedu\/2009-2\/","url":"https:\/\/wordpress.ft.unicamp.br\/ecoedu\/2009-2\/","name":"Equipe 2009 - Ecoedu Ambiental","isPartOf":{"@id":"https:\/\/wordpress.ft.unicamp.br\/ecoedu\/#website"},"primaryImageOfPage":{"@id":"https:\/\/wordpress.ft.unicamp.br\/ecoedu\/2009-2\/#primaryimage"},"image":{"@id":"https:\/\/wordpress.ft.unicamp.br\/ecoedu\/2009-2\/#primaryimage"},"thumbnailUrl":"https:\/\/wordpress.ft.unicamp.br\/ecoedu\/wp-content\/uploads\/sites\/28\/2019\/06\/Equipe-2009-1.png","datePublished":"2019-06-03T18:24:49+00:00","dateModified":"2019-06-06T18:44:35+00:00","breadcrumb":{"@id":"https:\/\/wordpress.ft.unicamp.br\/ecoedu\/2009-2\/#breadcrumb"},"inLanguage":"pt-BR","potentialAction":[{"@type":"ReadAction","target":["https:\/\/wordpress.ft.unicamp.br\/ecoedu\/2009-2\/"]}]},{"@type":"ImageObject","inLanguage":"pt-BR","@id":"https:\/\/wordpress.ft.unicamp.br\/ecoedu\/2009-2\/#primaryimage","url":"https:\/\/wordpress.ft.unicamp.br\/ecoedu\/wp-content\/uploads\/sites\/28\/2019\/06\/Equipe-2009-1.png","contentUrl":"https:\/\/wordpress.ft.unicamp.br\/ecoedu\/wp-content\/uploads\/sites\/28\/2019\/06\/Equipe-2009-1.png"},{"@type":"BreadcrumbList","@id":"https:\/\/wordpress.ft.unicamp.br\/ecoedu\/2009-2\/#breadcrumb","itemListElement":[{"@type":"ListItem","position":1,"name":"Home","item":"https:\/\/wordpress.ft.unicamp.br\/ecoedu\/"},{"@type":"ListItem","position":2,"name":"Equipe 2009"}]},{"@type":"WebSite","@id":"https:\/\/wordpress.ft.unicamp.br\/ecoedu\/#website","url":"https:\/\/wordpress.ft.unicamp.br\/ecoedu\/","name":"Ecoedu Ambiental","description":"","potentialAction":[{"@type":"SearchAction","target":{"@type":"EntryPoint","urlTemplate":"https:\/\/wordpress.ft.unicamp.br\/ecoedu\/?s={search_term_string}"},"query-input":{"@type":"PropertyValueSpecification","valueRequired":true,"valueName":"search_term_string"}}],"inLanguage":"pt-BR"}]}},"_links":{"self":[{"href":"https:\/\/wordpress.ft.unicamp.br\/ecoedu\/wp-json\/wp\/v2\/pages\/687","targetHints":{"allow":["GET"]}}],"collection":[{"href":"https:\/\/wordpress.ft.unicamp.br\/ecoedu\/wp-json\/wp\/v2\/pages"}],"about":[{"href":"https:\/\/wordpress.ft.unicamp.br\/ecoedu\/wp-json\/wp\/v2\/types\/page"}],"author":[{"embeddable":true,"href":"https:\/\/wordpress.ft.unicamp.br\/ecoedu\/wp-json\/wp\/v2\/users\/17"}],"replies":[{"embeddable":true,"href":"https:\/\/wordpress.ft.unicamp.br\/ecoedu\/wp-json\/wp\/v2\/comments?post=687"}],"version-history":[{"count":5,"href":"https:\/\/wordpress.ft.unicamp.br\/ecoedu\/wp-json\/wp\/v2\/pages\/687\/revisions"}],"predecessor-version":[{"id":859,"href":"https:\/\/wordpress.ft.unicamp.br\/ecoedu\/wp-json\/wp\/v2\/pages\/687\/revisions\/859"}],"wp:attachment":[{"href":"https:\/\/wordpress.ft.unicamp.br\/ecoedu\/wp-json\/wp\/v2\/media?parent=687"}],"curies":[{"name":"wp","href":"https:\/\/api.w.org\/{rel}","templated":true}]}}